{"id":2876,"date":"2025-11-25T11:20:59","date_gmt":"2025-11-25T10:20:59","guid":{"rendered":"https:\/\/web.umons.ac.be\/semf\/?page_id=2876"},"modified":"2025-11-25T11:27:36","modified_gmt":"2025-11-25T10:27:36","slug":"marie-geremie","status":"publish","type":"page","link":"https:\/\/web.umons.ac.be\/semf\/marie-geremie\/","title":{"rendered":"Marie GEREMIE"},"content":{"rendered":"<p><img loading=\"lazy\" decoding=\"async\" class=\"size-thumbnail wp-image-2877 alignleft\" src=\"https:\/\/web.umons.ac.be\/app\/uploads\/sites\/103\/2025\/11\/GeremieMarie-150x150.jpg\" alt=\"\" width=\"150\" height=\"150\" srcset=\"https:\/\/web.umons.ac.be\/app\/uploads\/sites\/103\/2025\/11\/GeremieMarie-150x150.jpg 150w, https:\/\/web.umons.ac.be\/app\/uploads\/sites\/103\/2025\/11\/GeremieMarie-80x80.jpg 80w, https:\/\/web.umons.ac.be\/app\/uploads\/sites\/103\/2025\/11\/GeremieMarie-400x400.jpg 400w, https:\/\/web.umons.ac.be\/app\/uploads\/sites\/103\/2025\/11\/GeremieMarie-200x200.jpg 200w\" sizes=\"auto, (max-width: 150px) 100vw, 150px\" \/>Marie G\u00e9r\u00e9mie est titulaire d\u2019un bachelier institutrice primaire, obtenu en 2022 \u00e0 la Haute \u00c9cole Louvain en Hainaut (HELHa) de Mons. En 2025, elle termine son Master en Sciences de l\u2019\u00c9ducation \u00e0 finalit\u00e9 sp\u00e9cialis\u00e9e en technologie de l\u2019\u00e9ducation \u00e0 l\u2019Universit\u00e9 de Mons.<\/p>\n<p>Son m\u00e9moire portait sur la conception et la mise en place d\u2019un Escape Game visant l\u2019apprentissage de la compensation en 5e primaire.<\/p>\n<p>Dans le cadre de son stage en Master 1, elle a contribu\u00e9 \u00e0 l\u2019actualisation de l\u2019\u00e9tude qualitative d\u00e9velopp\u00e9e dans la th\u00e8se de doctorat de Sandrine Lothaire et \u00e0 la cr\u00e9ation de capsules vid\u00e9o pour le cours de M\u00e9thodologie et techniques de l\u2019enqu\u00eate. Dans le cadre de son stage en Master 2, elle a collabor\u00e9 avec l\u2019ASBL \u00ab\u00a0LES CEDRES\u00a0\u00bb, le service d\u2019accueil et d\u2019accompagnement des \u00e9tudiants reconnus en situation de handicap avec des besoins sp\u00e9cifiques de l\u2019UMONS.<\/p>\n<p>Depuis novembre 2025, Marie G\u00e9r\u00e9mie est assistante temporaire temps plein \u00e0 l\u2019UMONS : \u00e0 l\u2019INAS d\u2019une part et dans l\u2019Ecole de Formation des Enseignants (EFE) d\u2019autre part.<\/p>\n<p>&nbsp;<\/p>\n","protected":false},"excerpt":{"rendered":"<p>Marie G\u00e9r\u00e9mie est titulaire d\u2019un bachelier institutrice primaire, obtenu en 2022 \u00e0 la Haute \u00c9cole Louvain en Hainaut (HELHa) de Mons. En 2025, elle termine son Master en Sciences de l\u2019\u00c9ducation \u00e0 finalit\u00e9 sp\u00e9cialis\u00e9e en technologie de l\u2019\u00e9ducation \u00e0 l\u2019Universit\u00e9 de Mons. Son m\u00e9moire portait sur la conception et la mise en place d\u2019un Escape [&hellip;]<\/p>\n","protected":false},"author":122,"featured_media":0,"parent":0,"menu_order":0,"comment_status":"closed","ping_status":"closed","template":"","meta":{"footnotes":""},"class_list":["post-2876","page","type-page","status-publish","hentry"],"yoast_head":"<!-- This site is optimized with the Yoast SEO plugin v27.2 - https:\/\/yoast.com\/product\/yoast-seo-wordpress\/ -->\n<title>Marie GEREMIE - Service \/ FPSE - Sciences de l&#039;Enseignement et de la Formation<\/title>\n<meta name=\"robots\" content=\"index, follow, max-snippet:-1, max-image-preview:large, max-video-preview:-1\" \/>\n<link rel=\"canonical\" href=\"https:\/\/web.umons.ac.be\/semf\/marie-geremie\/\" \/>\n<meta property=\"og:locale\" content=\"fr_FR\" \/>\n<meta property=\"og:type\" content=\"article\" \/>\n<meta property=\"og:title\" content=\"Marie GEREMIE - Service \/ FPSE - Sciences de l&#039;Enseignement et de la Formation\" \/>\n<meta property=\"og:description\" content=\"Marie G\u00e9r\u00e9mie est titulaire d\u2019un bachelier institutrice primaire, obtenu en 2022 \u00e0 la Haute \u00c9cole Louvain en Hainaut (HELHa) de Mons. En 2025, elle termine son Master en Sciences de l\u2019\u00c9ducation \u00e0 finalit\u00e9 sp\u00e9cialis\u00e9e en technologie de l\u2019\u00e9ducation \u00e0 l\u2019Universit\u00e9 de Mons. Son m\u00e9moire portait sur la conception et la mise en place d\u2019un Escape [&hellip;]\" \/>\n<meta property=\"og:url\" content=\"https:\/\/web.umons.ac.be\/semf\/marie-geremie\/\" \/>\n<meta property=\"og:site_name\" content=\"Service \/ FPSE - Sciences de l&#039;Enseignement et de la Formation\" \/>\n<meta property=\"article:modified_time\" content=\"2025-11-25T10:27:36+00:00\" \/>\n<meta property=\"og:image\" content=\"https:\/\/web.umons.ac.be\/app\/uploads\/sites\/103\/2025\/11\/GeremieMarie-scaled.jpg\" \/>\n\t<meta property=\"og:image:width\" content=\"1920\" \/>\n\t<meta property=\"og:image:height\" content=\"2560\" \/>\n\t<meta property=\"og:image:type\" content=\"image\/jpeg\" \/>\n<meta name=\"twitter:card\" content=\"summary_large_image\" \/>\n<meta name=\"twitter:label1\" content=\"Dur\u00e9e de lecture estim\u00e9e\" \/>\n\t<meta name=\"twitter:data1\" content=\"2 minutes\" \/>\n<script type=\"application\/ld+json\" class=\"yoast-schema-graph\">{\"@context\":\"https:\/\/schema.org\",\"@graph\":[{\"@type\":\"WebPage\",\"@id\":\"https:\/\/web.umons.ac.be\/semf\/marie-geremie\/\",\"url\":\"https:\/\/web.umons.ac.be\/semf\/marie-geremie\/\",\"name\":\"Marie GEREMIE - Service \/ FPSE - Sciences de l&#039;Enseignement et de la Formation\",\"isPartOf\":{\"@id\":\"https:\/\/web.umons.ac.be\/semf\/#website\"},\"primaryImageOfPage\":{\"@id\":\"https:\/\/web.umons.ac.be\/semf\/marie-geremie\/#primaryimage\"},\"image\":{\"@id\":\"https:\/\/web.umons.ac.be\/semf\/marie-geremie\/#primaryimage\"},\"thumbnailUrl\":\"https:\/\/web.umons.ac.be\/app\/uploads\/sites\/103\/2025\/11\/GeremieMarie-150x150.jpg\",\"datePublished\":\"2025-11-25T10:20:59+00:00\",\"dateModified\":\"2025-11-25T10:27:36+00:00\",\"breadcrumb\":{\"@id\":\"https:\/\/web.umons.ac.be\/semf\/marie-geremie\/#breadcrumb\"},\"inLanguage\":\"fr-FR\",\"potentialAction\":[{\"@type\":\"ReadAction\",\"target\":[\"https:\/\/web.umons.ac.be\/semf\/marie-geremie\/\"]}]},{\"@type\":\"ImageObject\",\"inLanguage\":\"fr-FR\",\"@id\":\"https:\/\/web.umons.ac.be\/semf\/marie-geremie\/#primaryimage\",\"url\":\"https:\/\/web.umons.ac.be\/app\/uploads\/sites\/103\/2025\/11\/GeremieMarie-150x150.jpg\",\"contentUrl\":\"https:\/\/web.umons.ac.be\/app\/uploads\/sites\/103\/2025\/11\/GeremieMarie-150x150.jpg\"},{\"@type\":\"BreadcrumbList\",\"@id\":\"https:\/\/web.umons.ac.be\/semf\/marie-geremie\/#breadcrumb\",\"itemListElement\":[{\"@type\":\"ListItem\",\"position\":1,\"name\":\"Home\",\"item\":\"https:\/\/web.umons.ac.be\/semf\/\"},{\"@type\":\"ListItem\",\"position\":2,\"name\":\"Marie GEREMIE\"}]},{\"@type\":\"WebSite\",\"@id\":\"https:\/\/web.umons.ac.be\/semf\/#website\",\"url\":\"https:\/\/web.umons.ac.be\/semf\/\",\"name\":\"Service \/ FPSE - M\u00e9thodologie et formation\",\"description\":\"\",\"publisher\":{\"@id\":\"https:\/\/web.umons.ac.be\/semf\/#organization\"},\"potentialAction\":[{\"@type\":\"SearchAction\",\"target\":{\"@type\":\"EntryPoint\",\"urlTemplate\":\"https:\/\/web.umons.ac.be\/semf\/?s={search_term_string}\"},\"query-input\":{\"@type\":\"PropertyValueSpecification\",\"valueRequired\":true,\"valueName\":\"search_term_string\"}}],\"inLanguage\":\"fr-FR\"},{\"@type\":\"Organization\",\"@id\":\"https:\/\/web.umons.ac.be\/semf\/#organization\",\"name\":\"Service \/ FPSE - M\u00e9thodologie et formation\",\"url\":\"https:\/\/web.umons.ac.be\/semf\/\",\"logo\":{\"@type\":\"ImageObject\",\"inLanguage\":\"fr-FR\",\"@id\":\"https:\/\/web.umons.ac.be\/semf\/#\/schema\/logo\/image\/\",\"url\":\"https:\/\/web.umons.ac.be\/app\/uploads\/sites\/103\/2021\/11\/LOGOP316_Benoit-VANSCHOEBEKE.svg\",\"contentUrl\":\"https:\/\/web.umons.ac.be\/app\/uploads\/sites\/103\/2021\/11\/LOGOP316_Benoit-VANSCHOEBEKE.svg\",\"width\":1,\"height\":1,\"caption\":\"Service \/ FPSE - M\u00e9thodologie et formation\"},\"image\":{\"@id\":\"https:\/\/web.umons.ac.be\/semf\/#\/schema\/logo\/image\/\"}}]}<\/script>\n<!-- \/ Yoast SEO plugin. -->","yoast_head_json":{"title":"Marie GEREMIE - Service \/ FPSE - Sciences de l&#039;Enseignement et de la Formation","robots":{"index":"index","follow":"follow","max-snippet":"max-snippet:-1","max-image-preview":"max-image-preview:large","max-video-preview":"max-video-preview:-1"},"canonical":"https:\/\/web.umons.ac.be\/semf\/marie-geremie\/","og_locale":"fr_FR","og_type":"article","og_title":"Marie GEREMIE - Service \/ FPSE - Sciences de l&#039;Enseignement et de la Formation","og_description":"Marie G\u00e9r\u00e9mie est titulaire d\u2019un bachelier institutrice primaire, obtenu en 2022 \u00e0 la Haute \u00c9cole Louvain en Hainaut (HELHa) de Mons. En 2025, elle termine son Master en Sciences de l\u2019\u00c9ducation \u00e0 finalit\u00e9 sp\u00e9cialis\u00e9e en technologie de l\u2019\u00e9ducation \u00e0 l\u2019Universit\u00e9 de Mons. Son m\u00e9moire portait sur la conception et la mise en place d\u2019un Escape [&hellip;]","og_url":"https:\/\/web.umons.ac.be\/semf\/marie-geremie\/","og_site_name":"Service \/ FPSE - Sciences de l&#039;Enseignement et de la Formation","article_modified_time":"2025-11-25T10:27:36+00:00","og_image":[{"width":1920,"height":2560,"url":"https:\/\/web.umons.ac.be\/app\/uploads\/sites\/103\/2025\/11\/GeremieMarie-scaled.jpg","type":"image\/jpeg"}],"twitter_card":"summary_large_image","twitter_misc":{"Dur\u00e9e de lecture estim\u00e9e":"2 minutes"},"schema":{"@context":"https:\/\/schema.org","@graph":[{"@type":"WebPage","@id":"https:\/\/web.umons.ac.be\/semf\/marie-geremie\/","url":"https:\/\/web.umons.ac.be\/semf\/marie-geremie\/","name":"Marie GEREMIE - Service \/ FPSE - Sciences de l&#039;Enseignement et de la Formation","isPartOf":{"@id":"https:\/\/web.umons.ac.be\/semf\/#website"},"primaryImageOfPage":{"@id":"https:\/\/web.umons.ac.be\/semf\/marie-geremie\/#primaryimage"},"image":{"@id":"https:\/\/web.umons.ac.be\/semf\/marie-geremie\/#primaryimage"},"thumbnailUrl":"https:\/\/web.umons.ac.be\/app\/uploads\/sites\/103\/2025\/11\/GeremieMarie-150x150.jpg","datePublished":"2025-11-25T10:20:59+00:00","dateModified":"2025-11-25T10:27:36+00:00","breadcrumb":{"@id":"https:\/\/web.umons.ac.be\/semf\/marie-geremie\/#breadcrumb"},"inLanguage":"fr-FR","potentialAction":[{"@type":"ReadAction","target":["https:\/\/web.umons.ac.be\/semf\/marie-geremie\/"]}]},{"@type":"ImageObject","inLanguage":"fr-FR","@id":"https:\/\/web.umons.ac.be\/semf\/marie-geremie\/#primaryimage","url":"https:\/\/web.umons.ac.be\/app\/uploads\/sites\/103\/2025\/11\/GeremieMarie-150x150.jpg","contentUrl":"https:\/\/web.umons.ac.be\/app\/uploads\/sites\/103\/2025\/11\/GeremieMarie-150x150.jpg"},{"@type":"BreadcrumbList","@id":"https:\/\/web.umons.ac.be\/semf\/marie-geremie\/#breadcrumb","itemListElement":[{"@type":"ListItem","position":1,"name":"Home","item":"https:\/\/web.umons.ac.be\/semf\/"},{"@type":"ListItem","position":2,"name":"Marie GEREMIE"}]},{"@type":"WebSite","@id":"https:\/\/web.umons.ac.be\/semf\/#website","url":"https:\/\/web.umons.ac.be\/semf\/","name":"Service \/ FPSE - M\u00e9thodologie et formation","description":"","publisher":{"@id":"https:\/\/web.umons.ac.be\/semf\/#organization"},"potentialAction":[{"@type":"SearchAction","target":{"@type":"EntryPoint","urlTemplate":"https:\/\/web.umons.ac.be\/semf\/?s={search_term_string}"},"query-input":{"@type":"PropertyValueSpecification","valueRequired":true,"valueName":"search_term_string"}}],"inLanguage":"fr-FR"},{"@type":"Organization","@id":"https:\/\/web.umons.ac.be\/semf\/#organization","name":"Service \/ FPSE - M\u00e9thodologie et formation","url":"https:\/\/web.umons.ac.be\/semf\/","logo":{"@type":"ImageObject","inLanguage":"fr-FR","@id":"https:\/\/web.umons.ac.be\/semf\/#\/schema\/logo\/image\/","url":"https:\/\/web.umons.ac.be\/app\/uploads\/sites\/103\/2021\/11\/LOGOP316_Benoit-VANSCHOEBEKE.svg","contentUrl":"https:\/\/web.umons.ac.be\/app\/uploads\/sites\/103\/2021\/11\/LOGOP316_Benoit-VANSCHOEBEKE.svg","width":1,"height":1,"caption":"Service \/ FPSE - M\u00e9thodologie et formation"},"image":{"@id":"https:\/\/web.umons.ac.be\/semf\/#\/schema\/logo\/image\/"}}]}},"lang":"fr","translations":{"fr":2876},"pll_sync_post":[],"_links":{"self":[{"href":"https:\/\/web.umons.ac.be\/semf\/wp-json\/wp\/v2\/pages\/2876","targetHints":{"allow":["GET"]}}],"collection":[{"href":"https:\/\/web.umons.ac.be\/semf\/wp-json\/wp\/v2\/pages"}],"about":[{"href":"https:\/\/web.umons.ac.be\/semf\/wp-json\/wp\/v2\/types\/page"}],"author":[{"embeddable":true,"href":"https:\/\/web.umons.ac.be\/semf\/wp-json\/wp\/v2\/users\/122"}],"replies":[{"embeddable":true,"href":"https:\/\/web.umons.ac.be\/semf\/wp-json\/wp\/v2\/comments?post=2876"}],"version-history":[{"count":3,"href":"https:\/\/web.umons.ac.be\/semf\/wp-json\/wp\/v2\/pages\/2876\/revisions"}],"predecessor-version":[{"id":2881,"href":"https:\/\/web.umons.ac.be\/semf\/wp-json\/wp\/v2\/pages\/2876\/revisions\/2881"}],"wp:attachment":[{"href":"https:\/\/web.umons.ac.be\/semf\/wp-json\/wp\/v2\/media?parent=2876"}],"curies":[{"name":"wp","href":"https:\/\/api.w.org\/{rel}","templated":true}]}}