{"id":3029,"date":"2026-01-26T14:58:17","date_gmt":"2026-01-26T13:58:17","guid":{"rendered":"https:\/\/web.umons.ac.be\/semf\/?page_id=3029"},"modified":"2026-01-26T14:58:17","modified_gmt":"2026-01-26T13:58:17","slug":"formation-initiale-et-continue-accompagnement-des-metiers-de-lenseignement","status":"publish","type":"page","link":"https:\/\/web.umons.ac.be\/semf\/formation-initiale-et-continue-accompagnement-des-metiers-de-lenseignement\/","title":{"rendered":"Formation initiale et continue \/ accompagnement des metiers de l&rsquo;enseignement"},"content":{"rendered":"<p>L\u2019INAS contribue, \u00e0 travers ses enseignements, \u00e0 la formation des enseignants, en particulier de l\u2019enseignement obligatoire et de l\u2019enseignement sup\u00e9rieur. Ces formations s\u2019appuient sur des recherches men\u00e9es au sein du service.<\/p>\n<p>Notre service contribue aussi \u00e0 la formation des cadres des syst\u00e8mes \u00e9ducatifs, tant en Belgique qu\u2019\u00e0 l\u2019\u00e9tranger. A c\u00f4t\u00e9 des directeurs et des inspecteurs, nos chercheurs ont aussi d\u00e9velopp\u00e9 des formations et des recherches relatives \u00e0 de nouveaux publics (Directeurs de zone, D\u00e9l\u00e9gu\u00e9s aux contrats d\u2019objectifs, Conseillers au soutien et \u00e0 l\u2019accompagnement\u2026).<\/p>\n<p>Notre \u00e9quipe intervient \u00e9galement dans la formation des formateurs d\u2019enseignants. Ces formations s\u2019appuient sur les recherches de ses membres dans ce domaine. Une attention particuli\u00e8re est notamment accord\u00e9e \u00e0 la formation des ma\u00eetres de stage et \u00e0 l\u2019accompagnement professionnel.<\/p>\n<ul>\n<li><a href=\"https:\/\/orbi.umons.ac.be\/reports?action=1&amp;field_1=subject&amp;value_1_authority=&amp;value_1=formation+des+enseignants&amp;conjunction_2=OR&amp;field_2=subject&amp;value_2_authority=&amp;value_2=formation+des+cadres&amp;conjunction_3=OR&amp;field_3=subject&amp;value_3_authority=&amp;value_3=formations+des+formateurs&amp;conjunction_4=OR&amp;field_4=subject&amp;value_4_authority=&amp;value_4=simulation+en+mati%C3%A8re+de+fomations&amp;conjunction_5=OR&amp;field_5=subject&amp;value_5_authority=&amp;value_5=observation&amp;conjunction_6=OR&amp;field_6=subject&amp;value_6_authority=&amp;value_6=analyse+reflexive&amp;conjunction_7=OR&amp;field_7=subject&amp;value_7_authority=&amp;value_7=directeur&amp;conjunction_8=OR&amp;field_8=subject&amp;value_8_authority=&amp;value_8=maitre+de+stage&amp;conjunction_9=OR&amp;field_9=subject&amp;value_9_authority=&amp;value_9=accompagnement&amp;conjunction_10=AND&amp;field_10=researchunit&amp;value_11111110_authority=ORG_1172&amp;value_10=P316+-+M%C3%A9thodologie+et+formation&amp;type=DSO%2FA01&amp;type=DSO%2FA02&amp;type=DSO%2FA03&amp;type=DSO%2FA04&amp;type=DSO%2FA05&amp;type=DSO%2FA99&amp;type=DSO%2FB01&amp;type=DSO%2FB02&amp;type=DSO%2FC01&amp;type=DSO%2FC02&amp;type=DSO%2FC03&amp;type=DSO%2FD01&amp;type=DSO%2FD02&amp;type=DSO%2FD03&amp;type=DSO%2FD04&amp;type=DSO%2FD05&amp;type=DSO%2FM01&amp;type=DSO%2FE01&amp;type=DSO%2FE02&amp;type=DSO%2FE03&amp;type=DSO%2FE99&amp;type=DSO%2FF01&amp;type=DSO%2FF02&amp;type=DSO%2FF03&amp;type=DSO%2FF04&amp;type=DSO%2FG01&amp;type=DSO%2FG99&amp;type=DSO%2FH01&amp;type=DSO%2FI01&amp;type=DSO%2FI02&amp;type=DSO%2FJ01&amp;type=DSO%2FJ02&amp;type=DSO%2FJ99&amp;type=DSO%2FK01&amp;type=DSO%2FK02&amp;type=DSO%2FK03&amp;type=DSO%2FK04&amp;type=DSO%2FL01&amp;type=DSO%2FL02&amp;type=DSO%2FL03&amp;type=DSO%2FL04&amp;type=DSO%2FL05&amp;type=DSO%2FL99&amp;classification=H04&amp;year_start=&amp;year_end=&amp;references=&amp;model=list&amp;format=apa&amp;abstract_length=&amp;sort_1=issued_dt%3Adesc&amp;sort_2=author_sort%3Aasc&amp;sort_3=title_sort%3Aasc&amp;output=html&amp;lang_report=fr&amp;title=Formation+initiale+et+continue+%2F+accompagnement+des+m%C3%A9tiers+de+l%27enseignement\" target=\"_blank\" rel=\"noopener\"><strong>Bibliographie<\/strong><\/a><\/li>\n<\/ul>\n<ul>\n<li><a href=\"https:\/\/youtube.com\/playlist?list=PLxXEiNYFnzZbuuhRepauuf75c8IPwaoTF&amp;si=5P1GgODyLhPp1RP6\" target=\"_blank\" rel=\"noopener\"><strong>C@f\u00e9s de l\u2019INAS:<\/strong><\/a><\/li>\n<li><a href=\"https:\/\/www.youtube.com\/playlist?list=PLxXEiNYFnzZYrUU7-hJRGmQVIxD8CAoeJ\" target=\"_blank\" rel=\"noopener\"><strong>Ressources vid\u00e9o et tutoriels<\/strong><\/a><\/li>\n<li><a href=\"https:\/\/open.spotify.com\/playlist\/1vPoB3gmNMkleJxg5hMmbN?si=ZyQX4_hNQ-mMeRftZRLBRw\" target=\"_blank\" rel=\"noopener\"><strong>Podcasts<\/strong><\/a><\/li>\n<li><strong>Liens utiles :\u00a0<\/strong>\n<ul>\n<li><a href=\"https:\/\/accompagnementprofessionnel.be\/\" target=\"_blank\" rel=\"noopener\">https:\/\/accompagnementprofessionnel.be<\/a><\/li>\n<\/ul>\n<\/li>\n<\/ul>\n","protected":false},"excerpt":{"rendered":"<p>L\u2019INAS contribue, \u00e0 travers ses enseignements, \u00e0 la formation des enseignants, en particulier de l\u2019enseignement obligatoire et de l\u2019enseignement sup\u00e9rieur. Ces formations s\u2019appuient sur des recherches men\u00e9es au sein du service. Notre service contribue aussi \u00e0 la formation des cadres des syst\u00e8mes \u00e9ducatifs, tant en Belgique qu\u2019\u00e0 l\u2019\u00e9tranger. A c\u00f4t\u00e9 des directeurs et des inspecteurs, [&hellip;]<\/p>\n","protected":false},"author":121,"featured_media":0,"parent":0,"menu_order":0,"comment_status":"closed","ping_status":"closed","template":"","meta":{"footnotes":""},"class_list":["post-3029","page","type-page","status-publish","hentry"],"yoast_head":"<!-- This site is optimized with the Yoast SEO plugin v27.2 - https:\/\/yoast.com\/product\/yoast-seo-wordpress\/ -->\n<title>Formation initiale et continue \/ accompagnement des metiers de l&#039;enseignement - Service \/ FPSE - Sciences de l&#039;Enseignement et de la Formation<\/title>\n<meta name=\"robots\" content=\"index, follow, max-snippet:-1, max-image-preview:large, max-video-preview:-1\" \/>\n<link rel=\"canonical\" href=\"https:\/\/web.umons.ac.be\/semf\/formation-initiale-et-continue-accompagnement-des-metiers-de-lenseignement\/\" \/>\n<meta property=\"og:locale\" content=\"fr_FR\" \/>\n<meta property=\"og:type\" content=\"article\" \/>\n<meta property=\"og:title\" content=\"Formation initiale et continue \/ accompagnement des metiers de l&#039;enseignement - Service \/ FPSE - Sciences de l&#039;Enseignement et de la Formation\" \/>\n<meta property=\"og:description\" content=\"L\u2019INAS contribue, \u00e0 travers ses enseignements, \u00e0 la formation des enseignants, en particulier de l\u2019enseignement obligatoire et de l\u2019enseignement sup\u00e9rieur. Ces formations s\u2019appuient sur des recherches men\u00e9es au sein du service. Notre service contribue aussi \u00e0 la formation des cadres des syst\u00e8mes \u00e9ducatifs, tant en Belgique qu\u2019\u00e0 l\u2019\u00e9tranger. A c\u00f4t\u00e9 des directeurs et des inspecteurs, [&hellip;]\" \/>\n<meta property=\"og:url\" content=\"https:\/\/web.umons.ac.be\/semf\/formation-initiale-et-continue-accompagnement-des-metiers-de-lenseignement\/\" \/>\n<meta property=\"og:site_name\" content=\"Service \/ FPSE - Sciences de l&#039;Enseignement et de la Formation\" \/>\n<meta name=\"twitter:card\" content=\"summary_large_image\" \/>\n<meta name=\"twitter:label1\" content=\"Dur\u00e9e de lecture estim\u00e9e\" \/>\n\t<meta name=\"twitter:data1\" content=\"1 minute\" \/>\n<script type=\"application\/ld+json\" class=\"yoast-schema-graph\">{\"@context\":\"https:\/\/schema.org\",\"@graph\":[{\"@type\":\"WebPage\",\"@id\":\"https:\/\/web.umons.ac.be\/semf\/formation-initiale-et-continue-accompagnement-des-metiers-de-lenseignement\/\",\"url\":\"https:\/\/web.umons.ac.be\/semf\/formation-initiale-et-continue-accompagnement-des-metiers-de-lenseignement\/\",\"name\":\"Formation initiale et continue \/ accompagnement des metiers de l'enseignement - Service \/ FPSE - Sciences de l&#039;Enseignement et de la Formation\",\"isPartOf\":{\"@id\":\"https:\/\/web.umons.ac.be\/semf\/#website\"},\"datePublished\":\"2026-01-26T13:58:17+00:00\",\"breadcrumb\":{\"@id\":\"https:\/\/web.umons.ac.be\/semf\/formation-initiale-et-continue-accompagnement-des-metiers-de-lenseignement\/#breadcrumb\"},\"inLanguage\":\"fr-FR\",\"potentialAction\":[{\"@type\":\"ReadAction\",\"target\":[\"https:\/\/web.umons.ac.be\/semf\/formation-initiale-et-continue-accompagnement-des-metiers-de-lenseignement\/\"]}]},{\"@type\":\"BreadcrumbList\",\"@id\":\"https:\/\/web.umons.ac.be\/semf\/formation-initiale-et-continue-accompagnement-des-metiers-de-lenseignement\/#breadcrumb\",\"itemListElement\":[{\"@type\":\"ListItem\",\"position\":1,\"name\":\"Home\",\"item\":\"https:\/\/web.umons.ac.be\/semf\/\"},{\"@type\":\"ListItem\",\"position\":2,\"name\":\"Formation initiale et continue \/ accompagnement des metiers de l&rsquo;enseignement\"}]},{\"@type\":\"WebSite\",\"@id\":\"https:\/\/web.umons.ac.be\/semf\/#website\",\"url\":\"https:\/\/web.umons.ac.be\/semf\/\",\"name\":\"Service \/ FPSE - M\u00e9thodologie et formation\",\"description\":\"\",\"publisher\":{\"@id\":\"https:\/\/web.umons.ac.be\/semf\/#organization\"},\"potentialAction\":[{\"@type\":\"SearchAction\",\"target\":{\"@type\":\"EntryPoint\",\"urlTemplate\":\"https:\/\/web.umons.ac.be\/semf\/?s={search_term_string}\"},\"query-input\":{\"@type\":\"PropertyValueSpecification\",\"valueRequired\":true,\"valueName\":\"search_term_string\"}}],\"inLanguage\":\"fr-FR\"},{\"@type\":\"Organization\",\"@id\":\"https:\/\/web.umons.ac.be\/semf\/#organization\",\"name\":\"Service \/ FPSE - M\u00e9thodologie et formation\",\"url\":\"https:\/\/web.umons.ac.be\/semf\/\",\"logo\":{\"@type\":\"ImageObject\",\"inLanguage\":\"fr-FR\",\"@id\":\"https:\/\/web.umons.ac.be\/semf\/#\/schema\/logo\/image\/\",\"url\":\"https:\/\/web.umons.ac.be\/app\/uploads\/sites\/103\/2021\/11\/LOGOP316_Benoit-VANSCHOEBEKE.svg\",\"contentUrl\":\"https:\/\/web.umons.ac.be\/app\/uploads\/sites\/103\/2021\/11\/LOGOP316_Benoit-VANSCHOEBEKE.svg\",\"width\":1,\"height\":1,\"caption\":\"Service \/ FPSE - M\u00e9thodologie et formation\"},\"image\":{\"@id\":\"https:\/\/web.umons.ac.be\/semf\/#\/schema\/logo\/image\/\"}}]}<\/script>\n<!-- \/ Yoast SEO plugin. -->","yoast_head_json":{"title":"Formation initiale et continue \/ accompagnement des metiers de l'enseignement - Service \/ FPSE - Sciences de l&#039;Enseignement et de la Formation","robots":{"index":"index","follow":"follow","max-snippet":"max-snippet:-1","max-image-preview":"max-image-preview:large","max-video-preview":"max-video-preview:-1"},"canonical":"https:\/\/web.umons.ac.be\/semf\/formation-initiale-et-continue-accompagnement-des-metiers-de-lenseignement\/","og_locale":"fr_FR","og_type":"article","og_title":"Formation initiale et continue \/ accompagnement des metiers de l'enseignement - Service \/ FPSE - Sciences de l&#039;Enseignement et de la Formation","og_description":"L\u2019INAS contribue, \u00e0 travers ses enseignements, \u00e0 la formation des enseignants, en particulier de l\u2019enseignement obligatoire et de l\u2019enseignement sup\u00e9rieur. Ces formations s\u2019appuient sur des recherches men\u00e9es au sein du service. Notre service contribue aussi \u00e0 la formation des cadres des syst\u00e8mes \u00e9ducatifs, tant en Belgique qu\u2019\u00e0 l\u2019\u00e9tranger. A c\u00f4t\u00e9 des directeurs et des inspecteurs, [&hellip;]","og_url":"https:\/\/web.umons.ac.be\/semf\/formation-initiale-et-continue-accompagnement-des-metiers-de-lenseignement\/","og_site_name":"Service \/ FPSE - Sciences de l&#039;Enseignement et de la Formation","twitter_card":"summary_large_image","twitter_misc":{"Dur\u00e9e de lecture estim\u00e9e":"1 minute"},"schema":{"@context":"https:\/\/schema.org","@graph":[{"@type":"WebPage","@id":"https:\/\/web.umons.ac.be\/semf\/formation-initiale-et-continue-accompagnement-des-metiers-de-lenseignement\/","url":"https:\/\/web.umons.ac.be\/semf\/formation-initiale-et-continue-accompagnement-des-metiers-de-lenseignement\/","name":"Formation initiale et continue \/ accompagnement des metiers de l'enseignement - Service \/ FPSE - Sciences de l&#039;Enseignement et de la Formation","isPartOf":{"@id":"https:\/\/web.umons.ac.be\/semf\/#website"},"datePublished":"2026-01-26T13:58:17+00:00","breadcrumb":{"@id":"https:\/\/web.umons.ac.be\/semf\/formation-initiale-et-continue-accompagnement-des-metiers-de-lenseignement\/#breadcrumb"},"inLanguage":"fr-FR","potentialAction":[{"@type":"ReadAction","target":["https:\/\/web.umons.ac.be\/semf\/formation-initiale-et-continue-accompagnement-des-metiers-de-lenseignement\/"]}]},{"@type":"BreadcrumbList","@id":"https:\/\/web.umons.ac.be\/semf\/formation-initiale-et-continue-accompagnement-des-metiers-de-lenseignement\/#breadcrumb","itemListElement":[{"@type":"ListItem","position":1,"name":"Home","item":"https:\/\/web.umons.ac.be\/semf\/"},{"@type":"ListItem","position":2,"name":"Formation initiale et continue \/ accompagnement des metiers de l&rsquo;enseignement"}]},{"@type":"WebSite","@id":"https:\/\/web.umons.ac.be\/semf\/#website","url":"https:\/\/web.umons.ac.be\/semf\/","name":"Service \/ FPSE - M\u00e9thodologie et formation","description":"","publisher":{"@id":"https:\/\/web.umons.ac.be\/semf\/#organization"},"potentialAction":[{"@type":"SearchAction","target":{"@type":"EntryPoint","urlTemplate":"https:\/\/web.umons.ac.be\/semf\/?s={search_term_string}"},"query-input":{"@type":"PropertyValueSpecification","valueRequired":true,"valueName":"search_term_string"}}],"inLanguage":"fr-FR"},{"@type":"Organization","@id":"https:\/\/web.umons.ac.be\/semf\/#organization","name":"Service \/ FPSE - M\u00e9thodologie et formation","url":"https:\/\/web.umons.ac.be\/semf\/","logo":{"@type":"ImageObject","inLanguage":"fr-FR","@id":"https:\/\/web.umons.ac.be\/semf\/#\/schema\/logo\/image\/","url":"https:\/\/web.umons.ac.be\/app\/uploads\/sites\/103\/2021\/11\/LOGOP316_Benoit-VANSCHOEBEKE.svg","contentUrl":"https:\/\/web.umons.ac.be\/app\/uploads\/sites\/103\/2021\/11\/LOGOP316_Benoit-VANSCHOEBEKE.svg","width":1,"height":1,"caption":"Service \/ FPSE - M\u00e9thodologie et formation"},"image":{"@id":"https:\/\/web.umons.ac.be\/semf\/#\/schema\/logo\/image\/"}}]}},"lang":"fr","translations":{"fr":3029},"pll_sync_post":[],"_links":{"self":[{"href":"https:\/\/web.umons.ac.be\/semf\/wp-json\/wp\/v2\/pages\/3029","targetHints":{"allow":["GET"]}}],"collection":[{"href":"https:\/\/web.umons.ac.be\/semf\/wp-json\/wp\/v2\/pages"}],"about":[{"href":"https:\/\/web.umons.ac.be\/semf\/wp-json\/wp\/v2\/types\/page"}],"author":[{"embeddable":true,"href":"https:\/\/web.umons.ac.be\/semf\/wp-json\/wp\/v2\/users\/121"}],"replies":[{"embeddable":true,"href":"https:\/\/web.umons.ac.be\/semf\/wp-json\/wp\/v2\/comments?post=3029"}],"version-history":[{"count":1,"href":"https:\/\/web.umons.ac.be\/semf\/wp-json\/wp\/v2\/pages\/3029\/revisions"}],"predecessor-version":[{"id":3030,"href":"https:\/\/web.umons.ac.be\/semf\/wp-json\/wp\/v2\/pages\/3029\/revisions\/3030"}],"wp:attachment":[{"href":"https:\/\/web.umons.ac.be\/semf\/wp-json\/wp\/v2\/media?parent=3029"}],"curies":[{"name":"wp","href":"https:\/\/api.w.org\/{rel}","templated":true}]}}