{"id":3077,"date":"2026-02-26T16:00:35","date_gmt":"2026-02-26T15:00:35","guid":{"rendered":"https:\/\/web.umons.ac.be\/semf\/?page_id=3077"},"modified":"2026-03-06T15:38:33","modified_gmt":"2026-03-06T14:38:33","slug":"equipements-et-infrastructures","status":"publish","type":"page","link":"https:\/\/web.umons.ac.be\/semf\/equipements-et-infrastructures\/","title":{"rendered":"Equipements et infrastructures"},"content":{"rendered":"<div data-olk-copy-source=\"MessageBody\">L\u2019Institut d\u2019Administration scolaire dispose d\u2019\u00e9quipements et d\u2019infrastructures sp\u00e9cifiques, destin\u00e9s \u00e0 l\u2019enseignement, la formation et la recherche qui y sont men\u00e9es, \u00e0 c\u00f4t\u00e9 des moyens g\u00e9n\u00e9raux disponibles au sein de l\u2019Universit\u00e9 de Mons et des bureaux des enseignants et des chercheurs.<\/div>\n<div><\/div>\n<div><\/div>\n<div>Ainsi, l\u2019INAS dispose de deux studios d\u2019enregistrement permettant la captation sonore ou vid\u00e9o d\u2019entretiens, de d\u00e9bats, de podcasts ou de cours, impliquant \u00e9ventuellement une diffusion en direct.<\/div>\n<div><\/div>\n<ul data-editing-info=\"{&quot;applyListStyleFromLevel&quot;:false,&quot;unorderedStyleType&quot;:2}\">\n<li>\n<div role=\"presentation\"><a href=\"https:\/\/web.umons.ac.be\/semf\/studio-cfe\/\">studio C@f\u00e9<\/a><\/div>\n<\/li>\n<li>\n<div role=\"presentation\"><a href=\"https:\/\/web.umons.ac.be\/semf\/studio-cfe\/\">studio podcast<\/a><\/div>\n<\/li>\n<\/ul>\n<div><\/div>\n<div>Une biblioth\u00e8que de travail, baptis\u00e9e <a href=\"https:\/\/web.umons.ac.be\/semf\/bibliotheque-pol-dupont\/\">biblioth\u00e8que Pol Dupont<\/a>, en hommage au fondateur de l\u2019Institut d\u2019administration scolaire en 1984. Celle-ci permet \u00e0 la fois de disposer d\u2019ouvrages de r\u00e9f\u00e9rence sp\u00e9cifiques, de l\u2019acc\u00e8s aux productions scientifiques du service et d\u2019un lieu de travail modulable, jusqu\u2019\u00e0 25 places.<\/div>\n<div><\/div>\n<div>Une salle informatique, baptis\u00e9e\u00a0\u00ab\u00a0<a href=\"https:\/\/web.umons.ac.be\/semf\/nord-sud\/\">labo\u00a0Nord-Sud<\/a>\u00a0\u00bb en r\u00e9f\u00e9rence \u00e0 la premi\u00e8re salle du service destin\u00e9e principalement \u00e0 offrir un acc\u00e8s aux outils informatiques et \u00e0 un lieu de travail confortable pour les doctorants aussi bien locaux que provenant des pays du sud, de mani\u00e8re \u00e0 favoriser les \u00e9changes, permet toujours cet acc\u00e8s, notamment \u00e0 des logiciels impliquant des licences couteuses.<\/div>\n<div><\/div>\n<div>Un <a href=\"https:\/\/web.umons.ac.be\/semf\/local-de-simulation\/\">labo de simulation<\/a>, pr\u00e9sentant les caract\u00e9ristiques d\u2019une classe \u00ab ordinaire \u00bb, mais \u00e9quip\u00e9e de moyens sophistiqu\u00e9s d\u2019enregistrement est aussi accessible (environ 25 places). Ce local est coupl\u00e9 \u00e0 une r\u00e9gie et \u00e0 un labo \u00ab r\u00e9flexivit\u00e9 \u00bbpermettant l\u2019analyse des pratiques (de classe), notamment par auto-confrontation.<\/div>\n<div><\/div>\n<div>Un labo permettant l\u2019analyse du suivi oculaire (labo \u00ab <a href=\"https:\/\/web.umons.ac.be\/semf\/labo-eye-tracking\/\">Eye-tracking<\/a>\u00a0\u00bb) est aussi disponible.<\/div>\n<div><\/div>\n<div>Une salle baptis\u00e9e \u00ab<a href=\"https:\/\/web.umons.ac.be\/semf\/bibliotheque-pol-dupont\/\">\u00a0remue-m\u00e9ninges<\/a>\u00a0\u00bb, local convivial et permettant des visioconf\u00e9rences ou des\u00a0r\u00e9unions en petit groupe (8-10 participants) compl\u00e8te les infrastructures.<\/div>\n","protected":false},"excerpt":{"rendered":"<p>L\u2019Institut d\u2019Administration scolaire dispose d\u2019\u00e9quipements et d\u2019infrastructures sp\u00e9cifiques, destin\u00e9s \u00e0 l\u2019enseignement, la formation et la recherche qui y sont men\u00e9es, \u00e0 c\u00f4t\u00e9 des moyens g\u00e9n\u00e9raux disponibles au sein de l\u2019Universit\u00e9 de Mons et des bureaux des enseignants et des chercheurs. Ainsi, l\u2019INAS dispose de deux studios d\u2019enregistrement permettant la captation sonore ou vid\u00e9o d\u2019entretiens, de [&hellip;]<\/p>\n","protected":false},"author":121,"featured_media":0,"parent":0,"menu_order":0,"comment_status":"closed","ping_status":"closed","template":"","meta":{"footnotes":""},"class_list":["post-3077","page","type-page","status-publish","hentry"],"yoast_head":"<!-- This site is optimized with the Yoast SEO plugin v27.2 - https:\/\/yoast.com\/product\/yoast-seo-wordpress\/ -->\n<title>Equipements et infrastructures - Service \/ FPSE - Sciences de l&#039;Enseignement et de la Formation<\/title>\n<meta name=\"robots\" content=\"index, follow, max-snippet:-1, max-image-preview:large, max-video-preview:-1\" \/>\n<link rel=\"canonical\" href=\"https:\/\/web.umons.ac.be\/semf\/equipements-et-infrastructures\/\" \/>\n<meta property=\"og:locale\" content=\"fr_FR\" \/>\n<meta property=\"og:type\" content=\"article\" \/>\n<meta property=\"og:title\" content=\"Equipements et infrastructures - Service \/ FPSE - Sciences de l&#039;Enseignement et de la Formation\" \/>\n<meta property=\"og:description\" content=\"L\u2019Institut d\u2019Administration scolaire dispose d\u2019\u00e9quipements et d\u2019infrastructures sp\u00e9cifiques, destin\u00e9s \u00e0 l\u2019enseignement, la formation et la recherche qui y sont men\u00e9es, \u00e0 c\u00f4t\u00e9 des moyens g\u00e9n\u00e9raux disponibles au sein de l\u2019Universit\u00e9 de Mons et des bureaux des enseignants et des chercheurs. Ainsi, l\u2019INAS dispose de deux studios d\u2019enregistrement permettant la captation sonore ou vid\u00e9o d\u2019entretiens, de [&hellip;]\" \/>\n<meta property=\"og:url\" content=\"https:\/\/web.umons.ac.be\/semf\/equipements-et-infrastructures\/\" \/>\n<meta property=\"og:site_name\" content=\"Service \/ FPSE - Sciences de l&#039;Enseignement et de la Formation\" \/>\n<meta property=\"article:modified_time\" content=\"2026-03-06T14:38:33+00:00\" \/>\n<meta name=\"twitter:card\" content=\"summary_large_image\" \/>\n<meta name=\"twitter:label1\" content=\"Dur\u00e9e de lecture estim\u00e9e\" \/>\n\t<meta name=\"twitter:data1\" content=\"2 minutes\" \/>\n<script type=\"application\/ld+json\" class=\"yoast-schema-graph\">{\"@context\":\"https:\/\/schema.org\",\"@graph\":[{\"@type\":\"WebPage\",\"@id\":\"https:\/\/web.umons.ac.be\/semf\/equipements-et-infrastructures\/\",\"url\":\"https:\/\/web.umons.ac.be\/semf\/equipements-et-infrastructures\/\",\"name\":\"Equipements et infrastructures - Service \/ FPSE - Sciences de l&#039;Enseignement et de la Formation\",\"isPartOf\":{\"@id\":\"https:\/\/web.umons.ac.be\/semf\/#website\"},\"datePublished\":\"2026-02-26T15:00:35+00:00\",\"dateModified\":\"2026-03-06T14:38:33+00:00\",\"breadcrumb\":{\"@id\":\"https:\/\/web.umons.ac.be\/semf\/equipements-et-infrastructures\/#breadcrumb\"},\"inLanguage\":\"fr-FR\",\"potentialAction\":[{\"@type\":\"ReadAction\",\"target\":[\"https:\/\/web.umons.ac.be\/semf\/equipements-et-infrastructures\/\"]}]},{\"@type\":\"BreadcrumbList\",\"@id\":\"https:\/\/web.umons.ac.be\/semf\/equipements-et-infrastructures\/#breadcrumb\",\"itemListElement\":[{\"@type\":\"ListItem\",\"position\":1,\"name\":\"Home\",\"item\":\"https:\/\/web.umons.ac.be\/semf\/\"},{\"@type\":\"ListItem\",\"position\":2,\"name\":\"Equipements et infrastructures\"}]},{\"@type\":\"WebSite\",\"@id\":\"https:\/\/web.umons.ac.be\/semf\/#website\",\"url\":\"https:\/\/web.umons.ac.be\/semf\/\",\"name\":\"Service \/ FPSE - M\u00e9thodologie et formation\",\"description\":\"\",\"publisher\":{\"@id\":\"https:\/\/web.umons.ac.be\/semf\/#organization\"},\"potentialAction\":[{\"@type\":\"SearchAction\",\"target\":{\"@type\":\"EntryPoint\",\"urlTemplate\":\"https:\/\/web.umons.ac.be\/semf\/?s={search_term_string}\"},\"query-input\":{\"@type\":\"PropertyValueSpecification\",\"valueRequired\":true,\"valueName\":\"search_term_string\"}}],\"inLanguage\":\"fr-FR\"},{\"@type\":\"Organization\",\"@id\":\"https:\/\/web.umons.ac.be\/semf\/#organization\",\"name\":\"Service \/ FPSE - M\u00e9thodologie et formation\",\"url\":\"https:\/\/web.umons.ac.be\/semf\/\",\"logo\":{\"@type\":\"ImageObject\",\"inLanguage\":\"fr-FR\",\"@id\":\"https:\/\/web.umons.ac.be\/semf\/#\/schema\/logo\/image\/\",\"url\":\"https:\/\/web.umons.ac.be\/app\/uploads\/sites\/103\/2021\/11\/LOGOP316_Benoit-VANSCHOEBEKE.svg\",\"contentUrl\":\"https:\/\/web.umons.ac.be\/app\/uploads\/sites\/103\/2021\/11\/LOGOP316_Benoit-VANSCHOEBEKE.svg\",\"width\":1,\"height\":1,\"caption\":\"Service \/ FPSE - M\u00e9thodologie et formation\"},\"image\":{\"@id\":\"https:\/\/web.umons.ac.be\/semf\/#\/schema\/logo\/image\/\"}}]}<\/script>\n<!-- \/ Yoast SEO plugin. -->","yoast_head_json":{"title":"Equipements et infrastructures - Service \/ FPSE - Sciences de l&#039;Enseignement et de la Formation","robots":{"index":"index","follow":"follow","max-snippet":"max-snippet:-1","max-image-preview":"max-image-preview:large","max-video-preview":"max-video-preview:-1"},"canonical":"https:\/\/web.umons.ac.be\/semf\/equipements-et-infrastructures\/","og_locale":"fr_FR","og_type":"article","og_title":"Equipements et infrastructures - Service \/ FPSE - Sciences de l&#039;Enseignement et de la Formation","og_description":"L\u2019Institut d\u2019Administration scolaire dispose d\u2019\u00e9quipements et d\u2019infrastructures sp\u00e9cifiques, destin\u00e9s \u00e0 l\u2019enseignement, la formation et la recherche qui y sont men\u00e9es, \u00e0 c\u00f4t\u00e9 des moyens g\u00e9n\u00e9raux disponibles au sein de l\u2019Universit\u00e9 de Mons et des bureaux des enseignants et des chercheurs. Ainsi, l\u2019INAS dispose de deux studios d\u2019enregistrement permettant la captation sonore ou vid\u00e9o d\u2019entretiens, de [&hellip;]","og_url":"https:\/\/web.umons.ac.be\/semf\/equipements-et-infrastructures\/","og_site_name":"Service \/ FPSE - Sciences de l&#039;Enseignement et de la Formation","article_modified_time":"2026-03-06T14:38:33+00:00","twitter_card":"summary_large_image","twitter_misc":{"Dur\u00e9e de lecture estim\u00e9e":"2 minutes"},"schema":{"@context":"https:\/\/schema.org","@graph":[{"@type":"WebPage","@id":"https:\/\/web.umons.ac.be\/semf\/equipements-et-infrastructures\/","url":"https:\/\/web.umons.ac.be\/semf\/equipements-et-infrastructures\/","name":"Equipements et infrastructures - Service \/ FPSE - Sciences de l&#039;Enseignement et de la Formation","isPartOf":{"@id":"https:\/\/web.umons.ac.be\/semf\/#website"},"datePublished":"2026-02-26T15:00:35+00:00","dateModified":"2026-03-06T14:38:33+00:00","breadcrumb":{"@id":"https:\/\/web.umons.ac.be\/semf\/equipements-et-infrastructures\/#breadcrumb"},"inLanguage":"fr-FR","potentialAction":[{"@type":"ReadAction","target":["https:\/\/web.umons.ac.be\/semf\/equipements-et-infrastructures\/"]}]},{"@type":"BreadcrumbList","@id":"https:\/\/web.umons.ac.be\/semf\/equipements-et-infrastructures\/#breadcrumb","itemListElement":[{"@type":"ListItem","position":1,"name":"Home","item":"https:\/\/web.umons.ac.be\/semf\/"},{"@type":"ListItem","position":2,"name":"Equipements et infrastructures"}]},{"@type":"WebSite","@id":"https:\/\/web.umons.ac.be\/semf\/#website","url":"https:\/\/web.umons.ac.be\/semf\/","name":"Service \/ FPSE - M\u00e9thodologie et formation","description":"","publisher":{"@id":"https:\/\/web.umons.ac.be\/semf\/#organization"},"potentialAction":[{"@type":"SearchAction","target":{"@type":"EntryPoint","urlTemplate":"https:\/\/web.umons.ac.be\/semf\/?s={search_term_string}"},"query-input":{"@type":"PropertyValueSpecification","valueRequired":true,"valueName":"search_term_string"}}],"inLanguage":"fr-FR"},{"@type":"Organization","@id":"https:\/\/web.umons.ac.be\/semf\/#organization","name":"Service \/ FPSE - M\u00e9thodologie et formation","url":"https:\/\/web.umons.ac.be\/semf\/","logo":{"@type":"ImageObject","inLanguage":"fr-FR","@id":"https:\/\/web.umons.ac.be\/semf\/#\/schema\/logo\/image\/","url":"https:\/\/web.umons.ac.be\/app\/uploads\/sites\/103\/2021\/11\/LOGOP316_Benoit-VANSCHOEBEKE.svg","contentUrl":"https:\/\/web.umons.ac.be\/app\/uploads\/sites\/103\/2021\/11\/LOGOP316_Benoit-VANSCHOEBEKE.svg","width":1,"height":1,"caption":"Service \/ FPSE - M\u00e9thodologie et formation"},"image":{"@id":"https:\/\/web.umons.ac.be\/semf\/#\/schema\/logo\/image\/"}}]}},"lang":"fr","translations":{"fr":3077},"pll_sync_post":[],"_links":{"self":[{"href":"https:\/\/web.umons.ac.be\/semf\/wp-json\/wp\/v2\/pages\/3077","targetHints":{"allow":["GET"]}}],"collection":[{"href":"https:\/\/web.umons.ac.be\/semf\/wp-json\/wp\/v2\/pages"}],"about":[{"href":"https:\/\/web.umons.ac.be\/semf\/wp-json\/wp\/v2\/types\/page"}],"author":[{"embeddable":true,"href":"https:\/\/web.umons.ac.be\/semf\/wp-json\/wp\/v2\/users\/121"}],"replies":[{"embeddable":true,"href":"https:\/\/web.umons.ac.be\/semf\/wp-json\/wp\/v2\/comments?post=3077"}],"version-history":[{"count":3,"href":"https:\/\/web.umons.ac.be\/semf\/wp-json\/wp\/v2\/pages\/3077\/revisions"}],"predecessor-version":[{"id":3175,"href":"https:\/\/web.umons.ac.be\/semf\/wp-json\/wp\/v2\/pages\/3077\/revisions\/3175"}],"wp:attachment":[{"href":"https:\/\/web.umons.ac.be\/semf\/wp-json\/wp\/v2\/media?parent=3077"}],"curies":[{"name":"wp","href":"https:\/\/api.w.org\/{rel}","templated":true}]}}