{"id":3095,"date":"2026-03-04T17:48:54","date_gmt":"2026-03-04T16:48:54","guid":{"rendered":"https:\/\/web.umons.ac.be\/semf\/?page_id=3095"},"modified":"2026-03-12T09:36:44","modified_gmt":"2026-03-12T08:36:44","slug":"nord-sud","status":"publish","type":"page","link":"https:\/\/web.umons.ac.be\/semf\/nord-sud\/","title":{"rendered":"Labo Nord-Sud"},"content":{"rendered":"<p><span data-olk-copy-source=\"MessageBody\">Ce labo comporte 8 postes de travail confortables permettant un travail individuel sur ordinateur. Cette salle est <\/span>destin\u00e9e principalement \u00e0 offrir un acc\u00e8s aux outils informatiques permettant <span style=\"font-family: 'Helvetica Neue', Helvetica, Arial, sans-serif; font-size: 14px; font-style: normal; font-variant-ligatures: normal; font-variant-caps: normal; font-weight: 400; caret-color: rgba(0, 0, 0, 0);\">l&rsquo;analyse de corpus textuels et vid\u00e9os ainsi qu&rsquo;\u00e0 effectuer des travaux statistiques. Il est aussi possible d&rsquo;y \u00e9diter les fichiers audiovisuels utilis\u00e9s dans les analyses de corpus. Enfin, ce local<span data-olk-copy-source=\"MessageBody\">\u00a0est aussi \u00e9quip\u00e9 d\u2019un large \u00e9cran mobile qui permet d\u2019y organiser des formations en petit groupe en pr\u00e9sentiel et en co-modal.<\/span><\/span><\/p>\n<p>Voici une liste non exhaustive des logiciels disponibles avec un lien vers le(s) tutoriel(s) ad-hoc lorsque celui-ci est disponible.<\/p>\n<div>Logiciel d&rsquo;analyse :<\/div>\n<ul data-editing-info=\"{&quot;applyListStyleFromLevel&quot;:true}\">\n<li>\n<div role=\"presentation\"><a href=\"https:\/\/noldus.com\/observer-xt-human\" target=\"_blank\" rel=\"noopener\">The Observer<\/a><\/div>\n<\/li>\n<li>\n<div role=\"presentation\"><a href=\"https:\/\/lumivero.com\/products\/nvivo\/\" target=\"_blank\" rel=\"noopener\">Nvivo<\/a> + <a href=\"https:\/\/view.genial.ly\/5e3859aa35ef460490fb59be\/guide-tutoriel-interactif\">Tutoriel<\/a> + <a href=\"https:\/\/www.youtube.com\/playlist?list=PL1q7dpy1LZwWK_dBY0FJcTyy7nUQGdY_l\">Vid\u00e9os<\/a><\/div>\n<\/li>\n<li>\n<div role=\"presentation\"><a href=\"https:\/\/provalisresearch.com\/fr\/produits\/logiciel-d-analyse-qualitative\/\" target=\"_blank\" rel=\"noopener\">QDA-Miner<\/a> + <a href=\"https:\/\/provalisresearch.com\/resources\/tutorials\/\" target=\"_blank\" rel=\"noopener\">Tutoriel<\/a><\/div>\n<\/li>\n<li>\n<div role=\"presentation\"><a href=\"https:\/\/www.tropes.fr\/\" target=\"_blank\" rel=\"noopener\">Tropes<\/a> + <a href=\"https:\/\/youtube.com\/playlist?list=PLxXEiNYFnzZbGXttkCt55ZqXmEmGz40tF&amp;si=SJNU9P3M0-_2qWF0\" target=\"_blank\" rel=\"noopener\">Tutoriel<\/a><\/div>\n<\/li>\n<\/ul>\n<div>Logiciel de statistiques :<\/div>\n<ul data-editing-info=\"{&quot;applyListStyleFromLevel&quot;:true}\">\n<li>\n<div role=\"presentation\"><a href=\"https:\/\/www.ibm.com\/fr-fr\/products\/spss\" target=\"_blank\" rel=\"noopener\">SPSS<\/a><\/div>\n<\/li>\n<li>\n<div role=\"presentation\"><a href=\"https:\/\/www.jamovi.org\/\" target=\"_blank\" rel=\"noopener\">Jamovi<\/a><\/div>\n<\/li>\n<li>\n<div role=\"presentation\"><a href=\"https:\/\/jasp-stats.org\/\" target=\"_blank\" rel=\"noopener\">Jasp<\/a><\/div>\n<\/li>\n<li>\n<div role=\"presentation\"><a href=\"https:\/\/www.r-project.org\/\" target=\"_blank\" rel=\"noopener\">Logiciel R<\/a><\/div>\n<\/li>\n<\/ul>\n<div>Logiciel Audio-visuel :<\/div>\n<ul data-editing-info=\"{&quot;applyListStyleFromLevel&quot;:true}\">\n<li>\n<div role=\"presentation\"><a href=\"https:\/\/www.audacityteam.org\/\" target=\"_blank\" rel=\"noopener\">Audacity<\/a><\/div>\n<\/li>\n<li>\n<div role=\"presentation\"><a href=\"https:\/\/www.videolan.org\/\" target=\"_blank\" rel=\"noopener\">VLC<\/a><\/div>\n<\/li>\n<li>\n<div role=\"presentation\"><a href=\"https:\/\/www.blackmagicdesign.com\/fr\/products\/davinciresolve\" target=\"_blank\" rel=\"noopener\">Da Vinci Resolve basic<\/a><\/div>\n<\/li>\n<\/ul>\n","protected":false},"excerpt":{"rendered":"<p>Ce labo comporte 8 postes de travail confortables permettant un travail individuel sur ordinateur. Cette salle est destin\u00e9e principalement \u00e0 offrir un acc\u00e8s aux outils informatiques permettant l&rsquo;analyse de corpus textuels et vid\u00e9os ainsi qu&rsquo;\u00e0 effectuer des travaux statistiques. Il est aussi possible d&rsquo;y \u00e9diter les fichiers audiovisuels utilis\u00e9s dans les analyses de corpus. Enfin, [&hellip;]<\/p>\n","protected":false},"author":121,"featured_media":0,"parent":0,"menu_order":0,"comment_status":"closed","ping_status":"closed","template":"","meta":{"footnotes":""},"class_list":["post-3095","page","type-page","status-publish","hentry"],"yoast_head":"<!-- This site is optimized with the Yoast SEO plugin v27.2 - https:\/\/yoast.com\/product\/yoast-seo-wordpress\/ -->\n<title>Labo Nord-Sud - Service \/ FPSE - Sciences de l&#039;Enseignement et de la Formation<\/title>\n<meta name=\"robots\" content=\"index, follow, max-snippet:-1, max-image-preview:large, max-video-preview:-1\" \/>\n<link rel=\"canonical\" href=\"https:\/\/web.umons.ac.be\/semf\/nord-sud\/\" \/>\n<meta property=\"og:locale\" content=\"fr_FR\" \/>\n<meta property=\"og:type\" content=\"article\" \/>\n<meta property=\"og:title\" content=\"Labo Nord-Sud - Service \/ FPSE - Sciences de l&#039;Enseignement et de la Formation\" \/>\n<meta property=\"og:description\" content=\"Ce labo comporte 8 postes de travail confortables permettant un travail individuel sur ordinateur. Cette salle est destin\u00e9e principalement \u00e0 offrir un acc\u00e8s aux outils informatiques permettant l&rsquo;analyse de corpus textuels et vid\u00e9os ainsi qu&rsquo;\u00e0 effectuer des travaux statistiques. Il est aussi possible d&rsquo;y \u00e9diter les fichiers audiovisuels utilis\u00e9s dans les analyses de corpus. Enfin, [&hellip;]\" \/>\n<meta property=\"og:url\" content=\"https:\/\/web.umons.ac.be\/semf\/nord-sud\/\" \/>\n<meta property=\"og:site_name\" content=\"Service \/ FPSE - Sciences de l&#039;Enseignement et de la Formation\" \/>\n<meta property=\"article:modified_time\" content=\"2026-03-12T08:36:44+00:00\" \/>\n<meta name=\"twitter:card\" content=\"summary_large_image\" \/>\n<meta name=\"twitter:label1\" content=\"Dur\u00e9e de lecture estim\u00e9e\" \/>\n\t<meta name=\"twitter:data1\" content=\"1 minute\" \/>\n<script type=\"application\/ld+json\" class=\"yoast-schema-graph\">{\"@context\":\"https:\/\/schema.org\",\"@graph\":[{\"@type\":\"WebPage\",\"@id\":\"https:\/\/web.umons.ac.be\/semf\/nord-sud\/\",\"url\":\"https:\/\/web.umons.ac.be\/semf\/nord-sud\/\",\"name\":\"Labo Nord-Sud - Service \/ FPSE - Sciences de l&#039;Enseignement et de la Formation\",\"isPartOf\":{\"@id\":\"https:\/\/web.umons.ac.be\/semf\/#website\"},\"datePublished\":\"2026-03-04T16:48:54+00:00\",\"dateModified\":\"2026-03-12T08:36:44+00:00\",\"breadcrumb\":{\"@id\":\"https:\/\/web.umons.ac.be\/semf\/nord-sud\/#breadcrumb\"},\"inLanguage\":\"fr-FR\",\"potentialAction\":[{\"@type\":\"ReadAction\",\"target\":[\"https:\/\/web.umons.ac.be\/semf\/nord-sud\/\"]}]},{\"@type\":\"BreadcrumbList\",\"@id\":\"https:\/\/web.umons.ac.be\/semf\/nord-sud\/#breadcrumb\",\"itemListElement\":[{\"@type\":\"ListItem\",\"position\":1,\"name\":\"Home\",\"item\":\"https:\/\/web.umons.ac.be\/semf\/\"},{\"@type\":\"ListItem\",\"position\":2,\"name\":\"Labo Nord-Sud\"}]},{\"@type\":\"WebSite\",\"@id\":\"https:\/\/web.umons.ac.be\/semf\/#website\",\"url\":\"https:\/\/web.umons.ac.be\/semf\/\",\"name\":\"Service \/ FPSE - M\u00e9thodologie et formation\",\"description\":\"\",\"publisher\":{\"@id\":\"https:\/\/web.umons.ac.be\/semf\/#organization\"},\"potentialAction\":[{\"@type\":\"SearchAction\",\"target\":{\"@type\":\"EntryPoint\",\"urlTemplate\":\"https:\/\/web.umons.ac.be\/semf\/?s={search_term_string}\"},\"query-input\":{\"@type\":\"PropertyValueSpecification\",\"valueRequired\":true,\"valueName\":\"search_term_string\"}}],\"inLanguage\":\"fr-FR\"},{\"@type\":\"Organization\",\"@id\":\"https:\/\/web.umons.ac.be\/semf\/#organization\",\"name\":\"Service \/ FPSE - M\u00e9thodologie et formation\",\"url\":\"https:\/\/web.umons.ac.be\/semf\/\",\"logo\":{\"@type\":\"ImageObject\",\"inLanguage\":\"fr-FR\",\"@id\":\"https:\/\/web.umons.ac.be\/semf\/#\/schema\/logo\/image\/\",\"url\":\"https:\/\/web.umons.ac.be\/app\/uploads\/sites\/103\/2021\/11\/LOGOP316_Benoit-VANSCHOEBEKE.svg\",\"contentUrl\":\"https:\/\/web.umons.ac.be\/app\/uploads\/sites\/103\/2021\/11\/LOGOP316_Benoit-VANSCHOEBEKE.svg\",\"width\":1,\"height\":1,\"caption\":\"Service \/ FPSE - M\u00e9thodologie et formation\"},\"image\":{\"@id\":\"https:\/\/web.umons.ac.be\/semf\/#\/schema\/logo\/image\/\"}}]}<\/script>\n<!-- \/ Yoast SEO plugin. -->","yoast_head_json":{"title":"Labo Nord-Sud - Service \/ FPSE - Sciences de l&#039;Enseignement et de la Formation","robots":{"index":"index","follow":"follow","max-snippet":"max-snippet:-1","max-image-preview":"max-image-preview:large","max-video-preview":"max-video-preview:-1"},"canonical":"https:\/\/web.umons.ac.be\/semf\/nord-sud\/","og_locale":"fr_FR","og_type":"article","og_title":"Labo Nord-Sud - Service \/ FPSE - Sciences de l&#039;Enseignement et de la Formation","og_description":"Ce labo comporte 8 postes de travail confortables permettant un travail individuel sur ordinateur. Cette salle est destin\u00e9e principalement \u00e0 offrir un acc\u00e8s aux outils informatiques permettant l&rsquo;analyse de corpus textuels et vid\u00e9os ainsi qu&rsquo;\u00e0 effectuer des travaux statistiques. Il est aussi possible d&rsquo;y \u00e9diter les fichiers audiovisuels utilis\u00e9s dans les analyses de corpus. Enfin, [&hellip;]","og_url":"https:\/\/web.umons.ac.be\/semf\/nord-sud\/","og_site_name":"Service \/ FPSE - Sciences de l&#039;Enseignement et de la Formation","article_modified_time":"2026-03-12T08:36:44+00:00","twitter_card":"summary_large_image","twitter_misc":{"Dur\u00e9e de lecture estim\u00e9e":"1 minute"},"schema":{"@context":"https:\/\/schema.org","@graph":[{"@type":"WebPage","@id":"https:\/\/web.umons.ac.be\/semf\/nord-sud\/","url":"https:\/\/web.umons.ac.be\/semf\/nord-sud\/","name":"Labo Nord-Sud - Service \/ FPSE - Sciences de l&#039;Enseignement et de la Formation","isPartOf":{"@id":"https:\/\/web.umons.ac.be\/semf\/#website"},"datePublished":"2026-03-04T16:48:54+00:00","dateModified":"2026-03-12T08:36:44+00:00","breadcrumb":{"@id":"https:\/\/web.umons.ac.be\/semf\/nord-sud\/#breadcrumb"},"inLanguage":"fr-FR","potentialAction":[{"@type":"ReadAction","target":["https:\/\/web.umons.ac.be\/semf\/nord-sud\/"]}]},{"@type":"BreadcrumbList","@id":"https:\/\/web.umons.ac.be\/semf\/nord-sud\/#breadcrumb","itemListElement":[{"@type":"ListItem","position":1,"name":"Home","item":"https:\/\/web.umons.ac.be\/semf\/"},{"@type":"ListItem","position":2,"name":"Labo Nord-Sud"}]},{"@type":"WebSite","@id":"https:\/\/web.umons.ac.be\/semf\/#website","url":"https:\/\/web.umons.ac.be\/semf\/","name":"Service \/ FPSE - M\u00e9thodologie et formation","description":"","publisher":{"@id":"https:\/\/web.umons.ac.be\/semf\/#organization"},"potentialAction":[{"@type":"SearchAction","target":{"@type":"EntryPoint","urlTemplate":"https:\/\/web.umons.ac.be\/semf\/?s={search_term_string}"},"query-input":{"@type":"PropertyValueSpecification","valueRequired":true,"valueName":"search_term_string"}}],"inLanguage":"fr-FR"},{"@type":"Organization","@id":"https:\/\/web.umons.ac.be\/semf\/#organization","name":"Service \/ FPSE - M\u00e9thodologie et formation","url":"https:\/\/web.umons.ac.be\/semf\/","logo":{"@type":"ImageObject","inLanguage":"fr-FR","@id":"https:\/\/web.umons.ac.be\/semf\/#\/schema\/logo\/image\/","url":"https:\/\/web.umons.ac.be\/app\/uploads\/sites\/103\/2021\/11\/LOGOP316_Benoit-VANSCHOEBEKE.svg","contentUrl":"https:\/\/web.umons.ac.be\/app\/uploads\/sites\/103\/2021\/11\/LOGOP316_Benoit-VANSCHOEBEKE.svg","width":1,"height":1,"caption":"Service \/ FPSE - M\u00e9thodologie et formation"},"image":{"@id":"https:\/\/web.umons.ac.be\/semf\/#\/schema\/logo\/image\/"}}]}},"lang":"fr","translations":{"fr":3095},"pll_sync_post":[],"_links":{"self":[{"href":"https:\/\/web.umons.ac.be\/semf\/wp-json\/wp\/v2\/pages\/3095","targetHints":{"allow":["GET"]}}],"collection":[{"href":"https:\/\/web.umons.ac.be\/semf\/wp-json\/wp\/v2\/pages"}],"about":[{"href":"https:\/\/web.umons.ac.be\/semf\/wp-json\/wp\/v2\/types\/page"}],"author":[{"embeddable":true,"href":"https:\/\/web.umons.ac.be\/semf\/wp-json\/wp\/v2\/users\/121"}],"replies":[{"embeddable":true,"href":"https:\/\/web.umons.ac.be\/semf\/wp-json\/wp\/v2\/comments?post=3095"}],"version-history":[{"count":3,"href":"https:\/\/web.umons.ac.be\/semf\/wp-json\/wp\/v2\/pages\/3095\/revisions"}],"predecessor-version":[{"id":3205,"href":"https:\/\/web.umons.ac.be\/semf\/wp-json\/wp\/v2\/pages\/3095\/revisions\/3205"}],"wp:attachment":[{"href":"https:\/\/web.umons.ac.be\/semf\/wp-json\/wp\/v2\/media?parent=3095"}],"curies":[{"name":"wp","href":"https:\/\/api.w.org\/{rel}","templated":true}]}}