{"id":3098,"date":"2026-03-04T17:54:01","date_gmt":"2026-03-04T16:54:01","guid":{"rendered":"https:\/\/web.umons.ac.be\/semf\/?page_id=3098"},"modified":"2026-03-10T16:20:33","modified_gmt":"2026-03-10T15:20:33","slug":"labo-eye-tracking","status":"publish","type":"page","link":"https:\/\/web.umons.ac.be\/semf\/labo-eye-tracking\/","title":{"rendered":"Labo Eye-Tracking"},"content":{"rendered":"<p>Le laboratoire d&rsquo;eye-tracking fixe est d\u00e9di\u00e9 \u00e0 l&rsquo;enregistrement et \u00e0 l&rsquo;analyse des mouvements oculaires. Il mesure en temps r\u00e9el les trajectoires du regard, les fixations et les saccades face \u00e0 un stimulus visuel pr\u00e9sent\u00e9 sur \u00e9cran. Ces donn\u00e9es permettent d&rsquo;identifier o\u00f9 le participant regarde, pendant combien de temps et dans quel ordre.<\/p>\n<p>Le dispositif comprend un syst\u00e8me de suivi oculaire fixe (Gazepoint 3HD) plac\u00e9 sous un \u00e9cran d&rsquo;ordinateur. Il int\u00e8gre un logiciel d&rsquo;enregistrement et d&rsquo;analyse des donn\u00e9es oculom\u00e9triques, ainsi qu&rsquo;un ordinateur d\u00e9di\u00e9 au traitement. Un dispositif de calibration assure la pr\u00e9cision des mesures pour chaque participant.<\/p>\n<p><img loading=\"lazy\" decoding=\"async\" class=\"wp-image-3168\" src=\"https:\/\/web.umons.ac.be\/app\/uploads\/sites\/103\/2026\/03\/eyetracking01--300x155.jpg\" alt=\"\" width=\"522\" height=\"270\" srcset=\"https:\/\/web.umons.ac.be\/app\/uploads\/sites\/103\/2026\/03\/eyetracking01--300x155.jpg 300w, https:\/\/web.umons.ac.be\/app\/uploads\/sites\/103\/2026\/03\/eyetracking01--768x397.jpg 768w, https:\/\/web.umons.ac.be\/app\/uploads\/sites\/103\/2026\/03\/eyetracking01--30x16.jpg 30w, https:\/\/web.umons.ac.be\/app\/uploads\/sites\/103\/2026\/03\/eyetracking01--60x31.jpg 60w, https:\/\/web.umons.ac.be\/app\/uploads\/sites\/103\/2026\/03\/eyetracking01--360x186.jpg 360w, https:\/\/web.umons.ac.be\/app\/uploads\/sites\/103\/2026\/03\/eyetracking01-.jpg 800w\" sizes=\"auto, (max-width: 522px) 100vw, 522px\" \/><\/p>\n<p><img loading=\"lazy\" decoding=\"async\" class=\"alignleft wp-image-3167\" src=\"https:\/\/web.umons.ac.be\/app\/uploads\/sites\/103\/2026\/03\/Capture-decran-2026-02-27-a-11.18.01-1-300x219.png\" alt=\"\" width=\"369\" height=\"270\" srcset=\"https:\/\/web.umons.ac.be\/app\/uploads\/sites\/103\/2026\/03\/Capture-decran-2026-02-27-a-11.18.01-1-300x219.png 300w, https:\/\/web.umons.ac.be\/app\/uploads\/sites\/103\/2026\/03\/Capture-decran-2026-02-27-a-11.18.01-1-30x22.png 30w, https:\/\/web.umons.ac.be\/app\/uploads\/sites\/103\/2026\/03\/Capture-decran-2026-02-27-a-11.18.01-1-60x44.png 60w, https:\/\/web.umons.ac.be\/app\/uploads\/sites\/103\/2026\/03\/Capture-decran-2026-02-27-a-11.18.01-1-360x263.png 360w, https:\/\/web.umons.ac.be\/app\/uploads\/sites\/103\/2026\/03\/Capture-decran-2026-02-27-a-11.18.01-1.png 708w\" sizes=\"auto, (max-width: 369px) 100vw, 369px\" \/><\/p>\n<p>&nbsp;<\/p>\n<p>&nbsp;<\/p>\n<p>&nbsp;<\/p>\n<p>&nbsp;<\/p>\n<p>&nbsp;<\/p>\n<p>&nbsp;<\/p>\n<p>&nbsp;<\/p>\n<p>&nbsp;<\/p>\n<p>&nbsp;<\/p>\n<p>Un syst\u00e8me d&rsquo;enregistrement audio compl\u00e8te le dispositif. Il permet de coupler les donn\u00e9es visuelles \u00e0 des verbalisations simultan\u00e9es.<br \/>\n<a href=\"https:\/\/youtube.com\/playlist?list=PLxXEiNYFnzZYfdJf-tgdeEMBOKRC720U0&amp;si=AEcmjBbh2-wr4m7_\" target=\"_blank\" rel=\"noopener\">Un tutoriel d\u00e9di\u00e9 \u00e0 l&rsquo;eyetracking ainsi qu&rsquo;au logiciel Gazepoint Analysis 3HD est disponible ici sous ce lien<\/a>.<\/p>\n","protected":false},"excerpt":{"rendered":"<p>Le laboratoire d&rsquo;eye-tracking fixe est d\u00e9di\u00e9 \u00e0 l&rsquo;enregistrement et \u00e0 l&rsquo;analyse des mouvements oculaires. Il mesure en temps r\u00e9el les trajectoires du regard, les fixations et les saccades face \u00e0 un stimulus visuel pr\u00e9sent\u00e9 sur \u00e9cran. Ces donn\u00e9es permettent d&rsquo;identifier o\u00f9 le participant regarde, pendant combien de temps et dans quel ordre. Le dispositif comprend [&hellip;]<\/p>\n","protected":false},"author":121,"featured_media":0,"parent":0,"menu_order":0,"comment_status":"closed","ping_status":"closed","template":"","meta":{"footnotes":""},"class_list":["post-3098","page","type-page","status-publish","hentry"],"yoast_head":"<!-- This site is optimized with the Yoast SEO plugin v27.2 - https:\/\/yoast.com\/product\/yoast-seo-wordpress\/ -->\n<title>Labo Eye-Tracking - Service \/ FPSE - Sciences de l&#039;Enseignement et de la Formation<\/title>\n<meta name=\"robots\" content=\"index, follow, max-snippet:-1, max-image-preview:large, max-video-preview:-1\" \/>\n<link rel=\"canonical\" href=\"https:\/\/web.umons.ac.be\/semf\/labo-eye-tracking\/\" \/>\n<meta property=\"og:locale\" content=\"fr_FR\" \/>\n<meta property=\"og:type\" content=\"article\" \/>\n<meta property=\"og:title\" content=\"Labo Eye-Tracking - Service \/ FPSE - Sciences de l&#039;Enseignement et de la Formation\" \/>\n<meta property=\"og:description\" content=\"Le laboratoire d&rsquo;eye-tracking fixe est d\u00e9di\u00e9 \u00e0 l&rsquo;enregistrement et \u00e0 l&rsquo;analyse des mouvements oculaires. Il mesure en temps r\u00e9el les trajectoires du regard, les fixations et les saccades face \u00e0 un stimulus visuel pr\u00e9sent\u00e9 sur \u00e9cran. Ces donn\u00e9es permettent d&rsquo;identifier o\u00f9 le participant regarde, pendant combien de temps et dans quel ordre. Le dispositif comprend [&hellip;]\" \/>\n<meta property=\"og:url\" content=\"https:\/\/web.umons.ac.be\/semf\/labo-eye-tracking\/\" \/>\n<meta property=\"og:site_name\" content=\"Service \/ FPSE - Sciences de l&#039;Enseignement et de la Formation\" \/>\n<meta property=\"article:modified_time\" content=\"2026-03-10T15:20:33+00:00\" \/>\n<meta property=\"og:image\" content=\"https:\/\/web.umons.ac.be\/app\/uploads\/sites\/103\/2026\/03\/eyetracking01-.jpg\" \/>\n\t<meta property=\"og:image:width\" content=\"800\" \/>\n\t<meta property=\"og:image:height\" content=\"414\" \/>\n\t<meta property=\"og:image:type\" content=\"image\/jpeg\" \/>\n<meta name=\"twitter:card\" content=\"summary_large_image\" \/>\n<meta name=\"twitter:label1\" content=\"Dur\u00e9e de lecture estim\u00e9e\" \/>\n\t<meta name=\"twitter:data1\" content=\"2 minutes\" \/>\n<script type=\"application\/ld+json\" class=\"yoast-schema-graph\">{\"@context\":\"https:\/\/schema.org\",\"@graph\":[{\"@type\":\"WebPage\",\"@id\":\"https:\/\/web.umons.ac.be\/semf\/labo-eye-tracking\/\",\"url\":\"https:\/\/web.umons.ac.be\/semf\/labo-eye-tracking\/\",\"name\":\"Labo Eye-Tracking - Service \/ FPSE - Sciences de l&#039;Enseignement et de la Formation\",\"isPartOf\":{\"@id\":\"https:\/\/web.umons.ac.be\/semf\/#website\"},\"primaryImageOfPage\":{\"@id\":\"https:\/\/web.umons.ac.be\/semf\/labo-eye-tracking\/#primaryimage\"},\"image\":{\"@id\":\"https:\/\/web.umons.ac.be\/semf\/labo-eye-tracking\/#primaryimage\"},\"thumbnailUrl\":\"https:\/\/web.umons.ac.be\/app\/uploads\/sites\/103\/2026\/03\/eyetracking01--300x155.jpg\",\"datePublished\":\"2026-03-04T16:54:01+00:00\",\"dateModified\":\"2026-03-10T15:20:33+00:00\",\"breadcrumb\":{\"@id\":\"https:\/\/web.umons.ac.be\/semf\/labo-eye-tracking\/#breadcrumb\"},\"inLanguage\":\"fr-FR\",\"potentialAction\":[{\"@type\":\"ReadAction\",\"target\":[\"https:\/\/web.umons.ac.be\/semf\/labo-eye-tracking\/\"]}]},{\"@type\":\"ImageObject\",\"inLanguage\":\"fr-FR\",\"@id\":\"https:\/\/web.umons.ac.be\/semf\/labo-eye-tracking\/#primaryimage\",\"url\":\"https:\/\/web.umons.ac.be\/app\/uploads\/sites\/103\/2026\/03\/eyetracking01--300x155.jpg\",\"contentUrl\":\"https:\/\/web.umons.ac.be\/app\/uploads\/sites\/103\/2026\/03\/eyetracking01--300x155.jpg\"},{\"@type\":\"BreadcrumbList\",\"@id\":\"https:\/\/web.umons.ac.be\/semf\/labo-eye-tracking\/#breadcrumb\",\"itemListElement\":[{\"@type\":\"ListItem\",\"position\":1,\"name\":\"Home\",\"item\":\"https:\/\/web.umons.ac.be\/semf\/\"},{\"@type\":\"ListItem\",\"position\":2,\"name\":\"Labo Eye-Tracking\"}]},{\"@type\":\"WebSite\",\"@id\":\"https:\/\/web.umons.ac.be\/semf\/#website\",\"url\":\"https:\/\/web.umons.ac.be\/semf\/\",\"name\":\"Service \/ FPSE - M\u00e9thodologie et formation\",\"description\":\"\",\"publisher\":{\"@id\":\"https:\/\/web.umons.ac.be\/semf\/#organization\"},\"potentialAction\":[{\"@type\":\"SearchAction\",\"target\":{\"@type\":\"EntryPoint\",\"urlTemplate\":\"https:\/\/web.umons.ac.be\/semf\/?s={search_term_string}\"},\"query-input\":{\"@type\":\"PropertyValueSpecification\",\"valueRequired\":true,\"valueName\":\"search_term_string\"}}],\"inLanguage\":\"fr-FR\"},{\"@type\":\"Organization\",\"@id\":\"https:\/\/web.umons.ac.be\/semf\/#organization\",\"name\":\"Service \/ FPSE - M\u00e9thodologie et formation\",\"url\":\"https:\/\/web.umons.ac.be\/semf\/\",\"logo\":{\"@type\":\"ImageObject\",\"inLanguage\":\"fr-FR\",\"@id\":\"https:\/\/web.umons.ac.be\/semf\/#\/schema\/logo\/image\/\",\"url\":\"https:\/\/web.umons.ac.be\/app\/uploads\/sites\/103\/2021\/11\/LOGOP316_Benoit-VANSCHOEBEKE.svg\",\"contentUrl\":\"https:\/\/web.umons.ac.be\/app\/uploads\/sites\/103\/2021\/11\/LOGOP316_Benoit-VANSCHOEBEKE.svg\",\"width\":1,\"height\":1,\"caption\":\"Service \/ FPSE - M\u00e9thodologie et formation\"},\"image\":{\"@id\":\"https:\/\/web.umons.ac.be\/semf\/#\/schema\/logo\/image\/\"}}]}<\/script>\n<!-- \/ Yoast SEO plugin. -->","yoast_head_json":{"title":"Labo Eye-Tracking - Service \/ FPSE - Sciences de l&#039;Enseignement et de la Formation","robots":{"index":"index","follow":"follow","max-snippet":"max-snippet:-1","max-image-preview":"max-image-preview:large","max-video-preview":"max-video-preview:-1"},"canonical":"https:\/\/web.umons.ac.be\/semf\/labo-eye-tracking\/","og_locale":"fr_FR","og_type":"article","og_title":"Labo Eye-Tracking - Service \/ FPSE - Sciences de l&#039;Enseignement et de la Formation","og_description":"Le laboratoire d&rsquo;eye-tracking fixe est d\u00e9di\u00e9 \u00e0 l&rsquo;enregistrement et \u00e0 l&rsquo;analyse des mouvements oculaires. Il mesure en temps r\u00e9el les trajectoires du regard, les fixations et les saccades face \u00e0 un stimulus visuel pr\u00e9sent\u00e9 sur \u00e9cran. Ces donn\u00e9es permettent d&rsquo;identifier o\u00f9 le participant regarde, pendant combien de temps et dans quel ordre. Le dispositif comprend [&hellip;]","og_url":"https:\/\/web.umons.ac.be\/semf\/labo-eye-tracking\/","og_site_name":"Service \/ FPSE - Sciences de l&#039;Enseignement et de la Formation","article_modified_time":"2026-03-10T15:20:33+00:00","og_image":[{"width":800,"height":414,"url":"https:\/\/web.umons.ac.be\/app\/uploads\/sites\/103\/2026\/03\/eyetracking01-.jpg","type":"image\/jpeg"}],"twitter_card":"summary_large_image","twitter_misc":{"Dur\u00e9e de lecture estim\u00e9e":"2 minutes"},"schema":{"@context":"https:\/\/schema.org","@graph":[{"@type":"WebPage","@id":"https:\/\/web.umons.ac.be\/semf\/labo-eye-tracking\/","url":"https:\/\/web.umons.ac.be\/semf\/labo-eye-tracking\/","name":"Labo Eye-Tracking - Service \/ FPSE - Sciences de l&#039;Enseignement et de la Formation","isPartOf":{"@id":"https:\/\/web.umons.ac.be\/semf\/#website"},"primaryImageOfPage":{"@id":"https:\/\/web.umons.ac.be\/semf\/labo-eye-tracking\/#primaryimage"},"image":{"@id":"https:\/\/web.umons.ac.be\/semf\/labo-eye-tracking\/#primaryimage"},"thumbnailUrl":"https:\/\/web.umons.ac.be\/app\/uploads\/sites\/103\/2026\/03\/eyetracking01--300x155.jpg","datePublished":"2026-03-04T16:54:01+00:00","dateModified":"2026-03-10T15:20:33+00:00","breadcrumb":{"@id":"https:\/\/web.umons.ac.be\/semf\/labo-eye-tracking\/#breadcrumb"},"inLanguage":"fr-FR","potentialAction":[{"@type":"ReadAction","target":["https:\/\/web.umons.ac.be\/semf\/labo-eye-tracking\/"]}]},{"@type":"ImageObject","inLanguage":"fr-FR","@id":"https:\/\/web.umons.ac.be\/semf\/labo-eye-tracking\/#primaryimage","url":"https:\/\/web.umons.ac.be\/app\/uploads\/sites\/103\/2026\/03\/eyetracking01--300x155.jpg","contentUrl":"https:\/\/web.umons.ac.be\/app\/uploads\/sites\/103\/2026\/03\/eyetracking01--300x155.jpg"},{"@type":"BreadcrumbList","@id":"https:\/\/web.umons.ac.be\/semf\/labo-eye-tracking\/#breadcrumb","itemListElement":[{"@type":"ListItem","position":1,"name":"Home","item":"https:\/\/web.umons.ac.be\/semf\/"},{"@type":"ListItem","position":2,"name":"Labo Eye-Tracking"}]},{"@type":"WebSite","@id":"https:\/\/web.umons.ac.be\/semf\/#website","url":"https:\/\/web.umons.ac.be\/semf\/","name":"Service \/ FPSE - M\u00e9thodologie et formation","description":"","publisher":{"@id":"https:\/\/web.umons.ac.be\/semf\/#organization"},"potentialAction":[{"@type":"SearchAction","target":{"@type":"EntryPoint","urlTemplate":"https:\/\/web.umons.ac.be\/semf\/?s={search_term_string}"},"query-input":{"@type":"PropertyValueSpecification","valueRequired":true,"valueName":"search_term_string"}}],"inLanguage":"fr-FR"},{"@type":"Organization","@id":"https:\/\/web.umons.ac.be\/semf\/#organization","name":"Service \/ FPSE - M\u00e9thodologie et formation","url":"https:\/\/web.umons.ac.be\/semf\/","logo":{"@type":"ImageObject","inLanguage":"fr-FR","@id":"https:\/\/web.umons.ac.be\/semf\/#\/schema\/logo\/image\/","url":"https:\/\/web.umons.ac.be\/app\/uploads\/sites\/103\/2021\/11\/LOGOP316_Benoit-VANSCHOEBEKE.svg","contentUrl":"https:\/\/web.umons.ac.be\/app\/uploads\/sites\/103\/2021\/11\/LOGOP316_Benoit-VANSCHOEBEKE.svg","width":1,"height":1,"caption":"Service \/ FPSE - M\u00e9thodologie et formation"},"image":{"@id":"https:\/\/web.umons.ac.be\/semf\/#\/schema\/logo\/image\/"}}]}},"lang":"fr","translations":{"fr":3098},"pll_sync_post":[],"_links":{"self":[{"href":"https:\/\/web.umons.ac.be\/semf\/wp-json\/wp\/v2\/pages\/3098","targetHints":{"allow":["GET"]}}],"collection":[{"href":"https:\/\/web.umons.ac.be\/semf\/wp-json\/wp\/v2\/pages"}],"about":[{"href":"https:\/\/web.umons.ac.be\/semf\/wp-json\/wp\/v2\/types\/page"}],"author":[{"embeddable":true,"href":"https:\/\/web.umons.ac.be\/semf\/wp-json\/wp\/v2\/users\/121"}],"replies":[{"embeddable":true,"href":"https:\/\/web.umons.ac.be\/semf\/wp-json\/wp\/v2\/comments?post=3098"}],"version-history":[{"count":3,"href":"https:\/\/web.umons.ac.be\/semf\/wp-json\/wp\/v2\/pages\/3098\/revisions"}],"predecessor-version":[{"id":3196,"href":"https:\/\/web.umons.ac.be\/semf\/wp-json\/wp\/v2\/pages\/3098\/revisions\/3196"}],"wp:attachment":[{"href":"https:\/\/web.umons.ac.be\/semf\/wp-json\/wp\/v2\/media?parent=3098"}],"curies":[{"name":"wp","href":"https:\/\/api.w.org\/{rel}","templated":true}]}}