{"id":3110,"date":"2026-03-05T12:02:19","date_gmt":"2026-03-05T11:02:19","guid":{"rendered":"https:\/\/web.umons.ac.be\/semf\/?page_id=3110"},"modified":"2026-03-10T15:05:24","modified_gmt":"2026-03-10T14:05:24","slug":"studio-cfe","status":"publish","type":"page","link":"https:\/\/web.umons.ac.be\/semf\/studio-cfe\/","title":{"rendered":"Studios d&rsquo;enregistrements"},"content":{"rendered":"<div class=\"x_ms-outlook-mobile-reference-message x_skipProofing\">\n<h2><strong>Studio C@f\u00e9s<\/strong><\/h2>\n<div>C&rsquo;est dans ce studio que sont notamment r\u00e9alis\u00e9s les <a href=\"https:\/\/youtube.com\/playlist?list=PLxXEiNYFnzZawpgM8Tel7EhLiWqu_vw2I&amp;si=WtU3wCN3YUZAAP92\" target=\"_blank\" rel=\"noopener\">C@f\u00e9s de l&rsquo;INAS<\/a> qui lui ont donn\u00e9 son nom.<\/div>\n<div><\/div>\n<p>Il permet d\u2019enregistrer, dans des conditions plus \u00ab cosy \u00bb, des entretiens et des interviews impliquant jusqu\u2019\u00e0 3 ou 4 personnes. Il est aussi possible d\u2019y d\u00e9ployer un fond vert pour r\u00e9aliser des incrustations vid\u00e9o.<\/p>\n<\/div>\n<div class=\"x_ms-outlook-mobile-reference-message x_skipProofing\">Il est \u00e9quip\u00e9 de plusieurs cam\u00e9ras PTZ command\u00e9es par une r\u00e9gie pour un enregistrement rapidement utilisable.<\/div>\n<div><img loading=\"lazy\" decoding=\"async\" class=\"alignleft wp-image-3135\" src=\"https:\/\/web.umons.ac.be\/app\/uploads\/sites\/103\/2026\/03\/studio-cafe-ok.jpg\" alt=\"\" width=\"420\" height=\"280\" srcset=\"https:\/\/web.umons.ac.be\/app\/uploads\/sites\/103\/2026\/03\/studio-cafe-ok.jpg 800w, https:\/\/web.umons.ac.be\/app\/uploads\/sites\/103\/2026\/03\/studio-cafe-ok-300x200.jpg 300w, https:\/\/web.umons.ac.be\/app\/uploads\/sites\/103\/2026\/03\/studio-cafe-ok-768x512.jpg 768w, https:\/\/web.umons.ac.be\/app\/uploads\/sites\/103\/2026\/03\/studio-cafe-ok-30x20.jpg 30w, https:\/\/web.umons.ac.be\/app\/uploads\/sites\/103\/2026\/03\/studio-cafe-ok-60x40.jpg 60w, https:\/\/web.umons.ac.be\/app\/uploads\/sites\/103\/2026\/03\/studio-cafe-ok-360x240.jpg 360w\" sizes=\"auto, (max-width: 420px) 100vw, 420px\" \/><img loading=\"lazy\" decoding=\"async\" class=\"alignleft wp-image-3134\" src=\"https:\/\/web.umons.ac.be\/app\/uploads\/sites\/103\/2026\/03\/studio-cafe-ok2-300x225.jpg\" alt=\"\" width=\"373\" height=\"280\" srcset=\"https:\/\/web.umons.ac.be\/app\/uploads\/sites\/103\/2026\/03\/studio-cafe-ok2-300x225.jpg 300w, https:\/\/web.umons.ac.be\/app\/uploads\/sites\/103\/2026\/03\/studio-cafe-ok2-768x576.jpg 768w, https:\/\/web.umons.ac.be\/app\/uploads\/sites\/103\/2026\/03\/studio-cafe-ok2-30x23.jpg 30w, https:\/\/web.umons.ac.be\/app\/uploads\/sites\/103\/2026\/03\/studio-cafe-ok2-60x45.jpg 60w, https:\/\/web.umons.ac.be\/app\/uploads\/sites\/103\/2026\/03\/studio-cafe-ok2-360x270.jpg 360w, https:\/\/web.umons.ac.be\/app\/uploads\/sites\/103\/2026\/03\/studio-cafe-ok2.jpg 800w\" sizes=\"auto, (max-width: 373px) 100vw, 373px\" \/><\/div>\n<div class=\"x_ms-outlook-mobile-reference-message x_skipProofing\">\n<h2><\/h2>\n<h2><\/h2>\n<h2><\/h2>\n<h2><\/h2>\n<h2><\/h2>\n<h2><\/h2>\n<h2 style=\"text-align: left;\"><strong>Studio Podc@st<\/strong><\/h2>\n<div style=\"text-align: left;\">Ce studio articul\u00e9 autour d\u2019une large table plac\u00e9e devant sept \u00e9crans vid\u00e9o, permet l\u2019enregistrement son et vid\u00e9o de d\u00e9bats, cours, podcasts\u2026 Il permet d\u2019accueillir sans difficult\u00e9s 5 ou 6 personnes. C\u2019est dans ce studio que sont notamment enregistr\u00e9s \u00ab <a href=\"https:\/\/open.spotify.com\/show\/3tmov3didUV7PhH0ZVdWV9\">Les podcasts des \u00e9tudiants de l\u2019INAS<\/a>\u00a0\u00bb que vous trouverez sur la plateforme Spotify.<\/div>\n<div style=\"text-align: left;\"><\/div>\n<p style=\"text-align: left;\">Le studio utilise, entre autres, le mat\u00e9riel RodeCaster Pro, RodeCaster Vid\u00e9o et Streamdeck afin de permettre une utilisation simple, rapide et surtout autonome pour toute personne souhaitant r\u00e9aliser un podcast ou un webinaire.<\/p>\n<\/div>\n<div><img loading=\"lazy\" decoding=\"async\" class=\"wp-image-3133 alignleft\" src=\"https:\/\/web.umons.ac.be\/app\/uploads\/sites\/103\/2026\/03\/studio-podcast-ok3-300x225.jpg\" alt=\"\" width=\"372\" height=\"279\" srcset=\"https:\/\/web.umons.ac.be\/app\/uploads\/sites\/103\/2026\/03\/studio-podcast-ok3-300x225.jpg 300w, https:\/\/web.umons.ac.be\/app\/uploads\/sites\/103\/2026\/03\/studio-podcast-ok3-768x576.jpg 768w, https:\/\/web.umons.ac.be\/app\/uploads\/sites\/103\/2026\/03\/studio-podcast-ok3-30x23.jpg 30w, https:\/\/web.umons.ac.be\/app\/uploads\/sites\/103\/2026\/03\/studio-podcast-ok3-60x45.jpg 60w, https:\/\/web.umons.ac.be\/app\/uploads\/sites\/103\/2026\/03\/studio-podcast-ok3-360x270.jpg 360w, https:\/\/web.umons.ac.be\/app\/uploads\/sites\/103\/2026\/03\/studio-podcast-ok3.jpg 800w\" sizes=\"auto, (max-width: 372px) 100vw, 372px\" \/><img loading=\"lazy\" decoding=\"async\" class=\"wp-image-3132 alignleft\" src=\"https:\/\/web.umons.ac.be\/app\/uploads\/sites\/103\/2026\/03\/studio-podcast-ok2-300x200.jpg\" alt=\"\" width=\"420\" height=\"280\" srcset=\"https:\/\/web.umons.ac.be\/app\/uploads\/sites\/103\/2026\/03\/studio-podcast-ok2-300x200.jpg 300w, https:\/\/web.umons.ac.be\/app\/uploads\/sites\/103\/2026\/03\/studio-podcast-ok2-768x512.jpg 768w, https:\/\/web.umons.ac.be\/app\/uploads\/sites\/103\/2026\/03\/studio-podcast-ok2-30x20.jpg 30w, https:\/\/web.umons.ac.be\/app\/uploads\/sites\/103\/2026\/03\/studio-podcast-ok2-60x40.jpg 60w, https:\/\/web.umons.ac.be\/app\/uploads\/sites\/103\/2026\/03\/studio-podcast-ok2-360x240.jpg 360w, https:\/\/web.umons.ac.be\/app\/uploads\/sites\/103\/2026\/03\/studio-podcast-ok2.jpg 800w\" sizes=\"auto, (max-width: 420px) 100vw, 420px\" \/><\/div>\n","protected":false},"excerpt":{"rendered":"<p>Studio C@f\u00e9s C&rsquo;est dans ce studio que sont notamment r\u00e9alis\u00e9s les C@f\u00e9s de l&rsquo;INAS qui lui ont donn\u00e9 son nom. Il permet d\u2019enregistrer, dans des conditions plus \u00ab cosy \u00bb, des entretiens et des interviews impliquant jusqu\u2019\u00e0 3 ou 4 personnes. Il est aussi possible d\u2019y d\u00e9ployer un fond vert pour r\u00e9aliser des incrustations vid\u00e9o. [&hellip;]<\/p>\n","protected":false},"author":121,"featured_media":0,"parent":0,"menu_order":0,"comment_status":"closed","ping_status":"closed","template":"","meta":{"footnotes":""},"class_list":["post-3110","page","type-page","status-publish","hentry"],"yoast_head":"<!-- This site is optimized with the Yoast SEO plugin v27.2 - https:\/\/yoast.com\/product\/yoast-seo-wordpress\/ -->\n<title>Studios d&#039;enregistrements - Service \/ FPSE - Sciences de l&#039;Enseignement et de la Formation<\/title>\n<meta name=\"robots\" content=\"index, follow, max-snippet:-1, max-image-preview:large, max-video-preview:-1\" \/>\n<link rel=\"canonical\" href=\"https:\/\/web.umons.ac.be\/semf\/studio-cfe\/\" \/>\n<meta property=\"og:locale\" content=\"fr_FR\" \/>\n<meta property=\"og:type\" content=\"article\" \/>\n<meta property=\"og:title\" content=\"Studios d&#039;enregistrements - Service \/ FPSE - Sciences de l&#039;Enseignement et de la Formation\" \/>\n<meta property=\"og:description\" content=\"Studio C@f\u00e9s C&rsquo;est dans ce studio que sont notamment r\u00e9alis\u00e9s les C@f\u00e9s de l&rsquo;INAS qui lui ont donn\u00e9 son nom. Il permet d\u2019enregistrer, dans des conditions plus \u00ab cosy \u00bb, des entretiens et des interviews impliquant jusqu\u2019\u00e0 3 ou 4 personnes. Il est aussi possible d\u2019y d\u00e9ployer un fond vert pour r\u00e9aliser des incrustations vid\u00e9o. [&hellip;]\" \/>\n<meta property=\"og:url\" content=\"https:\/\/web.umons.ac.be\/semf\/studio-cfe\/\" \/>\n<meta property=\"og:site_name\" content=\"Service \/ FPSE - Sciences de l&#039;Enseignement et de la Formation\" \/>\n<meta property=\"article:modified_time\" content=\"2026-03-10T14:05:24+00:00\" \/>\n<meta property=\"og:image\" content=\"https:\/\/web.umons.ac.be\/app\/uploads\/sites\/103\/2026\/03\/studio-cafe-ok.jpg\" \/>\n\t<meta property=\"og:image:width\" content=\"800\" \/>\n\t<meta property=\"og:image:height\" content=\"533\" \/>\n\t<meta property=\"og:image:type\" content=\"image\/jpeg\" \/>\n<meta name=\"twitter:card\" content=\"summary_large_image\" \/>\n<meta name=\"twitter:label1\" content=\"Dur\u00e9e de lecture estim\u00e9e\" \/>\n\t<meta name=\"twitter:data1\" content=\"2 minutes\" \/>\n<script type=\"application\/ld+json\" class=\"yoast-schema-graph\">{\"@context\":\"https:\/\/schema.org\",\"@graph\":[{\"@type\":\"WebPage\",\"@id\":\"https:\/\/web.umons.ac.be\/semf\/studio-cfe\/\",\"url\":\"https:\/\/web.umons.ac.be\/semf\/studio-cfe\/\",\"name\":\"Studios d'enregistrements - Service \/ FPSE - Sciences de l&#039;Enseignement et de la Formation\",\"isPartOf\":{\"@id\":\"https:\/\/web.umons.ac.be\/semf\/#website\"},\"primaryImageOfPage\":{\"@id\":\"https:\/\/web.umons.ac.be\/semf\/studio-cfe\/#primaryimage\"},\"image\":{\"@id\":\"https:\/\/web.umons.ac.be\/semf\/studio-cfe\/#primaryimage\"},\"thumbnailUrl\":\"https:\/\/web.umons.ac.be\/app\/uploads\/sites\/103\/2026\/03\/studio-cafe-ok.jpg\",\"datePublished\":\"2026-03-05T11:02:19+00:00\",\"dateModified\":\"2026-03-10T14:05:24+00:00\",\"breadcrumb\":{\"@id\":\"https:\/\/web.umons.ac.be\/semf\/studio-cfe\/#breadcrumb\"},\"inLanguage\":\"fr-FR\",\"potentialAction\":[{\"@type\":\"ReadAction\",\"target\":[\"https:\/\/web.umons.ac.be\/semf\/studio-cfe\/\"]}]},{\"@type\":\"ImageObject\",\"inLanguage\":\"fr-FR\",\"@id\":\"https:\/\/web.umons.ac.be\/semf\/studio-cfe\/#primaryimage\",\"url\":\"https:\/\/web.umons.ac.be\/app\/uploads\/sites\/103\/2026\/03\/studio-cafe-ok.jpg\",\"contentUrl\":\"https:\/\/web.umons.ac.be\/app\/uploads\/sites\/103\/2026\/03\/studio-cafe-ok.jpg\"},{\"@type\":\"BreadcrumbList\",\"@id\":\"https:\/\/web.umons.ac.be\/semf\/studio-cfe\/#breadcrumb\",\"itemListElement\":[{\"@type\":\"ListItem\",\"position\":1,\"name\":\"Home\",\"item\":\"https:\/\/web.umons.ac.be\/semf\/\"},{\"@type\":\"ListItem\",\"position\":2,\"name\":\"Studios d&rsquo;enregistrements\"}]},{\"@type\":\"WebSite\",\"@id\":\"https:\/\/web.umons.ac.be\/semf\/#website\",\"url\":\"https:\/\/web.umons.ac.be\/semf\/\",\"name\":\"Service \/ FPSE - M\u00e9thodologie et formation\",\"description\":\"\",\"publisher\":{\"@id\":\"https:\/\/web.umons.ac.be\/semf\/#organization\"},\"potentialAction\":[{\"@type\":\"SearchAction\",\"target\":{\"@type\":\"EntryPoint\",\"urlTemplate\":\"https:\/\/web.umons.ac.be\/semf\/?s={search_term_string}\"},\"query-input\":{\"@type\":\"PropertyValueSpecification\",\"valueRequired\":true,\"valueName\":\"search_term_string\"}}],\"inLanguage\":\"fr-FR\"},{\"@type\":\"Organization\",\"@id\":\"https:\/\/web.umons.ac.be\/semf\/#organization\",\"name\":\"Service \/ FPSE - M\u00e9thodologie et formation\",\"url\":\"https:\/\/web.umons.ac.be\/semf\/\",\"logo\":{\"@type\":\"ImageObject\",\"inLanguage\":\"fr-FR\",\"@id\":\"https:\/\/web.umons.ac.be\/semf\/#\/schema\/logo\/image\/\",\"url\":\"https:\/\/web.umons.ac.be\/app\/uploads\/sites\/103\/2021\/11\/LOGOP316_Benoit-VANSCHOEBEKE.svg\",\"contentUrl\":\"https:\/\/web.umons.ac.be\/app\/uploads\/sites\/103\/2021\/11\/LOGOP316_Benoit-VANSCHOEBEKE.svg\",\"width\":1,\"height\":1,\"caption\":\"Service \/ FPSE - M\u00e9thodologie et formation\"},\"image\":{\"@id\":\"https:\/\/web.umons.ac.be\/semf\/#\/schema\/logo\/image\/\"}}]}<\/script>\n<!-- \/ Yoast SEO plugin. -->","yoast_head_json":{"title":"Studios d'enregistrements - Service \/ FPSE - Sciences de l&#039;Enseignement et de la Formation","robots":{"index":"index","follow":"follow","max-snippet":"max-snippet:-1","max-image-preview":"max-image-preview:large","max-video-preview":"max-video-preview:-1"},"canonical":"https:\/\/web.umons.ac.be\/semf\/studio-cfe\/","og_locale":"fr_FR","og_type":"article","og_title":"Studios d'enregistrements - Service \/ FPSE - Sciences de l&#039;Enseignement et de la Formation","og_description":"Studio C@f\u00e9s C&rsquo;est dans ce studio que sont notamment r\u00e9alis\u00e9s les C@f\u00e9s de l&rsquo;INAS qui lui ont donn\u00e9 son nom. Il permet d\u2019enregistrer, dans des conditions plus \u00ab cosy \u00bb, des entretiens et des interviews impliquant jusqu\u2019\u00e0 3 ou 4 personnes. Il est aussi possible d\u2019y d\u00e9ployer un fond vert pour r\u00e9aliser des incrustations vid\u00e9o. [&hellip;]","og_url":"https:\/\/web.umons.ac.be\/semf\/studio-cfe\/","og_site_name":"Service \/ FPSE - Sciences de l&#039;Enseignement et de la Formation","article_modified_time":"2026-03-10T14:05:24+00:00","og_image":[{"width":800,"height":533,"url":"https:\/\/web.umons.ac.be\/app\/uploads\/sites\/103\/2026\/03\/studio-cafe-ok.jpg","type":"image\/jpeg"}],"twitter_card":"summary_large_image","twitter_misc":{"Dur\u00e9e de lecture estim\u00e9e":"2 minutes"},"schema":{"@context":"https:\/\/schema.org","@graph":[{"@type":"WebPage","@id":"https:\/\/web.umons.ac.be\/semf\/studio-cfe\/","url":"https:\/\/web.umons.ac.be\/semf\/studio-cfe\/","name":"Studios d'enregistrements - Service \/ FPSE - Sciences de l&#039;Enseignement et de la Formation","isPartOf":{"@id":"https:\/\/web.umons.ac.be\/semf\/#website"},"primaryImageOfPage":{"@id":"https:\/\/web.umons.ac.be\/semf\/studio-cfe\/#primaryimage"},"image":{"@id":"https:\/\/web.umons.ac.be\/semf\/studio-cfe\/#primaryimage"},"thumbnailUrl":"https:\/\/web.umons.ac.be\/app\/uploads\/sites\/103\/2026\/03\/studio-cafe-ok.jpg","datePublished":"2026-03-05T11:02:19+00:00","dateModified":"2026-03-10T14:05:24+00:00","breadcrumb":{"@id":"https:\/\/web.umons.ac.be\/semf\/studio-cfe\/#breadcrumb"},"inLanguage":"fr-FR","potentialAction":[{"@type":"ReadAction","target":["https:\/\/web.umons.ac.be\/semf\/studio-cfe\/"]}]},{"@type":"ImageObject","inLanguage":"fr-FR","@id":"https:\/\/web.umons.ac.be\/semf\/studio-cfe\/#primaryimage","url":"https:\/\/web.umons.ac.be\/app\/uploads\/sites\/103\/2026\/03\/studio-cafe-ok.jpg","contentUrl":"https:\/\/web.umons.ac.be\/app\/uploads\/sites\/103\/2026\/03\/studio-cafe-ok.jpg"},{"@type":"BreadcrumbList","@id":"https:\/\/web.umons.ac.be\/semf\/studio-cfe\/#breadcrumb","itemListElement":[{"@type":"ListItem","position":1,"name":"Home","item":"https:\/\/web.umons.ac.be\/semf\/"},{"@type":"ListItem","position":2,"name":"Studios d&rsquo;enregistrements"}]},{"@type":"WebSite","@id":"https:\/\/web.umons.ac.be\/semf\/#website","url":"https:\/\/web.umons.ac.be\/semf\/","name":"Service \/ FPSE - M\u00e9thodologie et formation","description":"","publisher":{"@id":"https:\/\/web.umons.ac.be\/semf\/#organization"},"potentialAction":[{"@type":"SearchAction","target":{"@type":"EntryPoint","urlTemplate":"https:\/\/web.umons.ac.be\/semf\/?s={search_term_string}"},"query-input":{"@type":"PropertyValueSpecification","valueRequired":true,"valueName":"search_term_string"}}],"inLanguage":"fr-FR"},{"@type":"Organization","@id":"https:\/\/web.umons.ac.be\/semf\/#organization","name":"Service \/ FPSE - M\u00e9thodologie et formation","url":"https:\/\/web.umons.ac.be\/semf\/","logo":{"@type":"ImageObject","inLanguage":"fr-FR","@id":"https:\/\/web.umons.ac.be\/semf\/#\/schema\/logo\/image\/","url":"https:\/\/web.umons.ac.be\/app\/uploads\/sites\/103\/2021\/11\/LOGOP316_Benoit-VANSCHOEBEKE.svg","contentUrl":"https:\/\/web.umons.ac.be\/app\/uploads\/sites\/103\/2021\/11\/LOGOP316_Benoit-VANSCHOEBEKE.svg","width":1,"height":1,"caption":"Service \/ FPSE - M\u00e9thodologie et formation"},"image":{"@id":"https:\/\/web.umons.ac.be\/semf\/#\/schema\/logo\/image\/"}}]}},"lang":"fr","translations":{"fr":3110},"pll_sync_post":[],"_links":{"self":[{"href":"https:\/\/web.umons.ac.be\/semf\/wp-json\/wp\/v2\/pages\/3110","targetHints":{"allow":["GET"]}}],"collection":[{"href":"https:\/\/web.umons.ac.be\/semf\/wp-json\/wp\/v2\/pages"}],"about":[{"href":"https:\/\/web.umons.ac.be\/semf\/wp-json\/wp\/v2\/types\/page"}],"author":[{"embeddable":true,"href":"https:\/\/web.umons.ac.be\/semf\/wp-json\/wp\/v2\/users\/121"}],"replies":[{"embeddable":true,"href":"https:\/\/web.umons.ac.be\/semf\/wp-json\/wp\/v2\/comments?post=3110"}],"version-history":[{"count":3,"href":"https:\/\/web.umons.ac.be\/semf\/wp-json\/wp\/v2\/pages\/3110\/revisions"}],"predecessor-version":[{"id":3192,"href":"https:\/\/web.umons.ac.be\/semf\/wp-json\/wp\/v2\/pages\/3110\/revisions\/3192"}],"wp:attachment":[{"href":"https:\/\/web.umons.ac.be\/semf\/wp-json\/wp\/v2\/media?parent=3110"}],"curies":[{"name":"wp","href":"https:\/\/api.w.org\/{rel}","templated":true}]}}