{"id":3121,"date":"2026-03-05T12:31:48","date_gmt":"2026-03-05T11:31:48","guid":{"rendered":"https:\/\/web.umons.ac.be\/semf\/?page_id=3121"},"modified":"2026-03-19T15:49:17","modified_gmt":"2026-03-19T14:49:17","slug":"bibliotheque-pol-dupont","status":"publish","type":"page","link":"https:\/\/web.umons.ac.be\/semf\/bibliotheque-pol-dupont\/","title":{"rendered":"Salles de r\u00e9unions"},"content":{"rendered":"<h2><strong>Biblioth\u00e8que Pol Dupont<\/strong><\/h2>\n<div><\/div>\n<p><span data-olk-copy-source=\"MessageBody\">Cette biblioth\u00e8que comprend des ouvrages de r\u00e9f\u00e9rences et productions scientifiques du service, ainsi que des documents et du mat\u00e9riel\u00a0<\/span>utilisables\u00a0aussi bien pour la recherche que l\u2019enseignement. Elle est \u00e9quip\u00e9e d\u2019un large \u00e9cran tactile et de moyens permettant d\u2019organiser des visio-conf\u00e9rences. Elle permet, gr\u00e2ce \u00e0 ses tables modulaires, de proposer des configurations tr\u00e8s vari\u00e9es permettant l\u2019accueil d\u2019une vingtaine de personnes, avec une tr\u00e8s jolie vue sur le parc et une lumi\u00e8re naturelle agr\u00e9able.<\/p>\n<div><\/div>\n<div><img loading=\"lazy\" decoding=\"async\" class=\"alignleft wp-image-3231 size-full\" src=\"https:\/\/web.umons.ac.be\/app\/uploads\/sites\/103\/2026\/03\/20260318_104012-1.jpg\" alt=\"\" width=\"420\" height=\"280\" srcset=\"https:\/\/web.umons.ac.be\/app\/uploads\/sites\/103\/2026\/03\/20260318_104012-1.jpg 420w, https:\/\/web.umons.ac.be\/app\/uploads\/sites\/103\/2026\/03\/20260318_104012-1-300x200.jpg 300w, https:\/\/web.umons.ac.be\/app\/uploads\/sites\/103\/2026\/03\/20260318_104012-1-30x20.jpg 30w, https:\/\/web.umons.ac.be\/app\/uploads\/sites\/103\/2026\/03\/20260318_104012-1-60x40.jpg 60w, https:\/\/web.umons.ac.be\/app\/uploads\/sites\/103\/2026\/03\/20260318_104012-1-360x240.jpg 360w\" sizes=\"auto, (max-width: 420px) 100vw, 420px\" \/><img loading=\"lazy\" decoding=\"async\" class=\"alignleft wp-image-3145\" src=\"https:\/\/web.umons.ac.be\/app\/uploads\/sites\/103\/2026\/03\/pol-dupont-ok2-1-300x200.jpg\" alt=\"\" width=\"420\" height=\"280\" srcset=\"https:\/\/web.umons.ac.be\/app\/uploads\/sites\/103\/2026\/03\/pol-dupont-ok2-1-300x200.jpg 300w, https:\/\/web.umons.ac.be\/app\/uploads\/sites\/103\/2026\/03\/pol-dupont-ok2-1-768x512.jpg 768w, https:\/\/web.umons.ac.be\/app\/uploads\/sites\/103\/2026\/03\/pol-dupont-ok2-1-30x20.jpg 30w, https:\/\/web.umons.ac.be\/app\/uploads\/sites\/103\/2026\/03\/pol-dupont-ok2-1-60x40.jpg 60w, https:\/\/web.umons.ac.be\/app\/uploads\/sites\/103\/2026\/03\/pol-dupont-ok2-1-360x240.jpg 360w, https:\/\/web.umons.ac.be\/app\/uploads\/sites\/103\/2026\/03\/pol-dupont-ok2-1.jpg 800w\" sizes=\"auto, (max-width: 420px) 100vw, 420px\" \/><\/div>\n<p>&nbsp;<\/p>\n<h2><\/h2>\n<h2><\/h2>\n<h2><\/h2>\n<h2><\/h2>\n<h2><\/h2>\n<h2><\/h2>\n<h2><strong>Le Remue-M\u00e9ninges<\/strong><\/h2>\n<div><span data-olk-copy-source=\"MessageBody\">Ce local convivial permet d<\/span>\u2019organiser des r\u00e9unions avec de faibles effectifs, aussi bien en pr\u00e9sentiel qu\u2019en visioconf\u00e9rence, en profitant de son grand \u00e9cran et de son \u00e9quipement.<\/div>\n<div><\/div>\n<div><img loading=\"lazy\" decoding=\"async\" class=\"aligncenter wp-image-3144\" src=\"https:\/\/web.umons.ac.be\/app\/uploads\/sites\/103\/2026\/03\/Remue-meninge-ok-1-300x200.jpg\" alt=\"\" width=\"405\" height=\"270\" srcset=\"https:\/\/web.umons.ac.be\/app\/uploads\/sites\/103\/2026\/03\/Remue-meninge-ok-1-300x200.jpg 300w, https:\/\/web.umons.ac.be\/app\/uploads\/sites\/103\/2026\/03\/Remue-meninge-ok-1-768x512.jpg 768w, https:\/\/web.umons.ac.be\/app\/uploads\/sites\/103\/2026\/03\/Remue-meninge-ok-1-30x20.jpg 30w, https:\/\/web.umons.ac.be\/app\/uploads\/sites\/103\/2026\/03\/Remue-meninge-ok-1-60x40.jpg 60w, https:\/\/web.umons.ac.be\/app\/uploads\/sites\/103\/2026\/03\/Remue-meninge-ok-1-360x240.jpg 360w, https:\/\/web.umons.ac.be\/app\/uploads\/sites\/103\/2026\/03\/Remue-meninge-ok-1.jpg 800w\" sizes=\"auto, (max-width: 405px) 100vw, 405px\" \/><\/div>\n","protected":false},"excerpt":{"rendered":"<p>Biblioth\u00e8que Pol Dupont Cette biblioth\u00e8que comprend des ouvrages de r\u00e9f\u00e9rences et productions scientifiques du service, ainsi que des documents et du mat\u00e9riel\u00a0utilisables\u00a0aussi bien pour la recherche que l\u2019enseignement. Elle est \u00e9quip\u00e9e d\u2019un large \u00e9cran tactile et de moyens permettant d\u2019organiser des visio-conf\u00e9rences. Elle permet, gr\u00e2ce \u00e0 ses tables modulaires, de proposer des configurations tr\u00e8s vari\u00e9es [&hellip;]<\/p>\n","protected":false},"author":121,"featured_media":0,"parent":0,"menu_order":0,"comment_status":"closed","ping_status":"closed","template":"","meta":{"footnotes":""},"class_list":["post-3121","page","type-page","status-publish","hentry"],"yoast_head":"<!-- This site is optimized with the Yoast SEO plugin v27.2 - https:\/\/yoast.com\/product\/yoast-seo-wordpress\/ -->\n<title>Salles de r\u00e9unions - Service \/ FPSE - Sciences de l&#039;Enseignement et de la Formation<\/title>\n<meta name=\"robots\" content=\"index, follow, max-snippet:-1, max-image-preview:large, max-video-preview:-1\" \/>\n<link rel=\"canonical\" href=\"https:\/\/web.umons.ac.be\/semf\/bibliotheque-pol-dupont\/\" \/>\n<meta property=\"og:locale\" content=\"fr_FR\" \/>\n<meta property=\"og:type\" content=\"article\" \/>\n<meta property=\"og:title\" content=\"Salles de r\u00e9unions - Service \/ FPSE - Sciences de l&#039;Enseignement et de la Formation\" \/>\n<meta property=\"og:description\" content=\"Biblioth\u00e8que Pol Dupont Cette biblioth\u00e8que comprend des ouvrages de r\u00e9f\u00e9rences et productions scientifiques du service, ainsi que des documents et du mat\u00e9riel\u00a0utilisables\u00a0aussi bien pour la recherche que l\u2019enseignement. Elle est \u00e9quip\u00e9e d\u2019un large \u00e9cran tactile et de moyens permettant d\u2019organiser des visio-conf\u00e9rences. Elle permet, gr\u00e2ce \u00e0 ses tables modulaires, de proposer des configurations tr\u00e8s vari\u00e9es [&hellip;]\" \/>\n<meta property=\"og:url\" content=\"https:\/\/web.umons.ac.be\/semf\/bibliotheque-pol-dupont\/\" \/>\n<meta property=\"og:site_name\" content=\"Service \/ FPSE - Sciences de l&#039;Enseignement et de la Formation\" \/>\n<meta property=\"article:modified_time\" content=\"2026-03-19T14:49:17+00:00\" \/>\n<meta property=\"og:image\" content=\"https:\/\/web.umons.ac.be\/app\/uploads\/sites\/103\/2026\/03\/20260318_104012-1.jpg\" \/>\n\t<meta property=\"og:image:width\" content=\"420\" \/>\n\t<meta property=\"og:image:height\" content=\"280\" \/>\n\t<meta property=\"og:image:type\" content=\"image\/jpeg\" \/>\n<meta name=\"twitter:card\" content=\"summary_large_image\" \/>\n<meta name=\"twitter:label1\" content=\"Dur\u00e9e de lecture estim\u00e9e\" \/>\n\t<meta name=\"twitter:data1\" content=\"2 minutes\" \/>\n<script type=\"application\/ld+json\" class=\"yoast-schema-graph\">{\"@context\":\"https:\/\/schema.org\",\"@graph\":[{\"@type\":\"WebPage\",\"@id\":\"https:\/\/web.umons.ac.be\/semf\/bibliotheque-pol-dupont\/\",\"url\":\"https:\/\/web.umons.ac.be\/semf\/bibliotheque-pol-dupont\/\",\"name\":\"Salles de r\u00e9unions - Service \/ FPSE - Sciences de l&#039;Enseignement et de la Formation\",\"isPartOf\":{\"@id\":\"https:\/\/web.umons.ac.be\/semf\/#website\"},\"primaryImageOfPage\":{\"@id\":\"https:\/\/web.umons.ac.be\/semf\/bibliotheque-pol-dupont\/#primaryimage\"},\"image\":{\"@id\":\"https:\/\/web.umons.ac.be\/semf\/bibliotheque-pol-dupont\/#primaryimage\"},\"thumbnailUrl\":\"https:\/\/web.umons.ac.be\/app\/uploads\/sites\/103\/2026\/03\/20260318_104012-1.jpg\",\"datePublished\":\"2026-03-05T11:31:48+00:00\",\"dateModified\":\"2026-03-19T14:49:17+00:00\",\"breadcrumb\":{\"@id\":\"https:\/\/web.umons.ac.be\/semf\/bibliotheque-pol-dupont\/#breadcrumb\"},\"inLanguage\":\"fr-FR\",\"potentialAction\":[{\"@type\":\"ReadAction\",\"target\":[\"https:\/\/web.umons.ac.be\/semf\/bibliotheque-pol-dupont\/\"]}]},{\"@type\":\"ImageObject\",\"inLanguage\":\"fr-FR\",\"@id\":\"https:\/\/web.umons.ac.be\/semf\/bibliotheque-pol-dupont\/#primaryimage\",\"url\":\"https:\/\/web.umons.ac.be\/app\/uploads\/sites\/103\/2026\/03\/20260318_104012-1.jpg\",\"contentUrl\":\"https:\/\/web.umons.ac.be\/app\/uploads\/sites\/103\/2026\/03\/20260318_104012-1.jpg\"},{\"@type\":\"BreadcrumbList\",\"@id\":\"https:\/\/web.umons.ac.be\/semf\/bibliotheque-pol-dupont\/#breadcrumb\",\"itemListElement\":[{\"@type\":\"ListItem\",\"position\":1,\"name\":\"Home\",\"item\":\"https:\/\/web.umons.ac.be\/semf\/\"},{\"@type\":\"ListItem\",\"position\":2,\"name\":\"Salles de r\u00e9unions\"}]},{\"@type\":\"WebSite\",\"@id\":\"https:\/\/web.umons.ac.be\/semf\/#website\",\"url\":\"https:\/\/web.umons.ac.be\/semf\/\",\"name\":\"Service \/ FPSE - M\u00e9thodologie et formation\",\"description\":\"\",\"publisher\":{\"@id\":\"https:\/\/web.umons.ac.be\/semf\/#organization\"},\"potentialAction\":[{\"@type\":\"SearchAction\",\"target\":{\"@type\":\"EntryPoint\",\"urlTemplate\":\"https:\/\/web.umons.ac.be\/semf\/?s={search_term_string}\"},\"query-input\":{\"@type\":\"PropertyValueSpecification\",\"valueRequired\":true,\"valueName\":\"search_term_string\"}}],\"inLanguage\":\"fr-FR\"},{\"@type\":\"Organization\",\"@id\":\"https:\/\/web.umons.ac.be\/semf\/#organization\",\"name\":\"Service \/ FPSE - M\u00e9thodologie et formation\",\"url\":\"https:\/\/web.umons.ac.be\/semf\/\",\"logo\":{\"@type\":\"ImageObject\",\"inLanguage\":\"fr-FR\",\"@id\":\"https:\/\/web.umons.ac.be\/semf\/#\/schema\/logo\/image\/\",\"url\":\"https:\/\/web.umons.ac.be\/app\/uploads\/sites\/103\/2021\/11\/LOGOP316_Benoit-VANSCHOEBEKE.svg\",\"contentUrl\":\"https:\/\/web.umons.ac.be\/app\/uploads\/sites\/103\/2021\/11\/LOGOP316_Benoit-VANSCHOEBEKE.svg\",\"width\":1,\"height\":1,\"caption\":\"Service \/ FPSE - M\u00e9thodologie et formation\"},\"image\":{\"@id\":\"https:\/\/web.umons.ac.be\/semf\/#\/schema\/logo\/image\/\"}}]}<\/script>\n<!-- \/ Yoast SEO plugin. -->","yoast_head_json":{"title":"Salles de r\u00e9unions - Service \/ FPSE - Sciences de l&#039;Enseignement et de la Formation","robots":{"index":"index","follow":"follow","max-snippet":"max-snippet:-1","max-image-preview":"max-image-preview:large","max-video-preview":"max-video-preview:-1"},"canonical":"https:\/\/web.umons.ac.be\/semf\/bibliotheque-pol-dupont\/","og_locale":"fr_FR","og_type":"article","og_title":"Salles de r\u00e9unions - Service \/ FPSE - Sciences de l&#039;Enseignement et de la Formation","og_description":"Biblioth\u00e8que Pol Dupont Cette biblioth\u00e8que comprend des ouvrages de r\u00e9f\u00e9rences et productions scientifiques du service, ainsi que des documents et du mat\u00e9riel\u00a0utilisables\u00a0aussi bien pour la recherche que l\u2019enseignement. Elle est \u00e9quip\u00e9e d\u2019un large \u00e9cran tactile et de moyens permettant d\u2019organiser des visio-conf\u00e9rences. Elle permet, gr\u00e2ce \u00e0 ses tables modulaires, de proposer des configurations tr\u00e8s vari\u00e9es [&hellip;]","og_url":"https:\/\/web.umons.ac.be\/semf\/bibliotheque-pol-dupont\/","og_site_name":"Service \/ FPSE - Sciences de l&#039;Enseignement et de la Formation","article_modified_time":"2026-03-19T14:49:17+00:00","og_image":[{"width":420,"height":280,"url":"https:\/\/web.umons.ac.be\/app\/uploads\/sites\/103\/2026\/03\/20260318_104012-1.jpg","type":"image\/jpeg"}],"twitter_card":"summary_large_image","twitter_misc":{"Dur\u00e9e de lecture estim\u00e9e":"2 minutes"},"schema":{"@context":"https:\/\/schema.org","@graph":[{"@type":"WebPage","@id":"https:\/\/web.umons.ac.be\/semf\/bibliotheque-pol-dupont\/","url":"https:\/\/web.umons.ac.be\/semf\/bibliotheque-pol-dupont\/","name":"Salles de r\u00e9unions - Service \/ FPSE - Sciences de l&#039;Enseignement et de la Formation","isPartOf":{"@id":"https:\/\/web.umons.ac.be\/semf\/#website"},"primaryImageOfPage":{"@id":"https:\/\/web.umons.ac.be\/semf\/bibliotheque-pol-dupont\/#primaryimage"},"image":{"@id":"https:\/\/web.umons.ac.be\/semf\/bibliotheque-pol-dupont\/#primaryimage"},"thumbnailUrl":"https:\/\/web.umons.ac.be\/app\/uploads\/sites\/103\/2026\/03\/20260318_104012-1.jpg","datePublished":"2026-03-05T11:31:48+00:00","dateModified":"2026-03-19T14:49:17+00:00","breadcrumb":{"@id":"https:\/\/web.umons.ac.be\/semf\/bibliotheque-pol-dupont\/#breadcrumb"},"inLanguage":"fr-FR","potentialAction":[{"@type":"ReadAction","target":["https:\/\/web.umons.ac.be\/semf\/bibliotheque-pol-dupont\/"]}]},{"@type":"ImageObject","inLanguage":"fr-FR","@id":"https:\/\/web.umons.ac.be\/semf\/bibliotheque-pol-dupont\/#primaryimage","url":"https:\/\/web.umons.ac.be\/app\/uploads\/sites\/103\/2026\/03\/20260318_104012-1.jpg","contentUrl":"https:\/\/web.umons.ac.be\/app\/uploads\/sites\/103\/2026\/03\/20260318_104012-1.jpg"},{"@type":"BreadcrumbList","@id":"https:\/\/web.umons.ac.be\/semf\/bibliotheque-pol-dupont\/#breadcrumb","itemListElement":[{"@type":"ListItem","position":1,"name":"Home","item":"https:\/\/web.umons.ac.be\/semf\/"},{"@type":"ListItem","position":2,"name":"Salles de r\u00e9unions"}]},{"@type":"WebSite","@id":"https:\/\/web.umons.ac.be\/semf\/#website","url":"https:\/\/web.umons.ac.be\/semf\/","name":"Service \/ FPSE - M\u00e9thodologie et formation","description":"","publisher":{"@id":"https:\/\/web.umons.ac.be\/semf\/#organization"},"potentialAction":[{"@type":"SearchAction","target":{"@type":"EntryPoint","urlTemplate":"https:\/\/web.umons.ac.be\/semf\/?s={search_term_string}"},"query-input":{"@type":"PropertyValueSpecification","valueRequired":true,"valueName":"search_term_string"}}],"inLanguage":"fr-FR"},{"@type":"Organization","@id":"https:\/\/web.umons.ac.be\/semf\/#organization","name":"Service \/ FPSE - M\u00e9thodologie et formation","url":"https:\/\/web.umons.ac.be\/semf\/","logo":{"@type":"ImageObject","inLanguage":"fr-FR","@id":"https:\/\/web.umons.ac.be\/semf\/#\/schema\/logo\/image\/","url":"https:\/\/web.umons.ac.be\/app\/uploads\/sites\/103\/2021\/11\/LOGOP316_Benoit-VANSCHOEBEKE.svg","contentUrl":"https:\/\/web.umons.ac.be\/app\/uploads\/sites\/103\/2021\/11\/LOGOP316_Benoit-VANSCHOEBEKE.svg","width":1,"height":1,"caption":"Service \/ FPSE - M\u00e9thodologie et formation"},"image":{"@id":"https:\/\/web.umons.ac.be\/semf\/#\/schema\/logo\/image\/"}}]}},"lang":"fr","translations":{"fr":3121},"pll_sync_post":[],"_links":{"self":[{"href":"https:\/\/web.umons.ac.be\/semf\/wp-json\/wp\/v2\/pages\/3121","targetHints":{"allow":["GET"]}}],"collection":[{"href":"https:\/\/web.umons.ac.be\/semf\/wp-json\/wp\/v2\/pages"}],"about":[{"href":"https:\/\/web.umons.ac.be\/semf\/wp-json\/wp\/v2\/types\/page"}],"author":[{"embeddable":true,"href":"https:\/\/web.umons.ac.be\/semf\/wp-json\/wp\/v2\/users\/121"}],"replies":[{"embeddable":true,"href":"https:\/\/web.umons.ac.be\/semf\/wp-json\/wp\/v2\/comments?post=3121"}],"version-history":[{"count":3,"href":"https:\/\/web.umons.ac.be\/semf\/wp-json\/wp\/v2\/pages\/3121\/revisions"}],"predecessor-version":[{"id":3232,"href":"https:\/\/web.umons.ac.be\/semf\/wp-json\/wp\/v2\/pages\/3121\/revisions\/3232"}],"wp:attachment":[{"href":"https:\/\/web.umons.ac.be\/semf\/wp-json\/wp\/v2\/media?parent=3121"}],"curies":[{"name":"wp","href":"https:\/\/api.w.org\/{rel}","templated":true}]}}