{"id":3124,"date":"2026-03-05T12:34:45","date_gmt":"2026-03-05T11:34:45","guid":{"rendered":"https:\/\/web.umons.ac.be\/semf\/?page_id=3124"},"modified":"2026-03-06T15:58:54","modified_gmt":"2026-03-06T14:58:54","slug":"local-de-simulation","status":"publish","type":"page","link":"https:\/\/web.umons.ac.be\/semf\/local-de-simulation\/","title":{"rendered":"Labos de simulation &#038; R\u00e9fl\u00e9xivit\u00e9"},"content":{"rendered":"<div><span data-olk-copy-source=\"MessageBody\">Ce local qui comporte 25 places permet de simuler des situations de classe. Il est \u00e9quip\u00e9 de quatre cam\u00e9ras situ\u00e9es \u00e0 chaque coin de la pi\u00e8ce et de micros situ\u00e9s au plafond afin de capter l&rsquo;enti\u00e8ret\u00e9 de la salle.<\/span><\/div>\n<div><\/div>\n<div>Il permet d\u2019enregistrer (ou de diffuser en direct) des situations simul\u00e9es qui peuvent \u00eatre analys\u00e9es en direct ou en diff\u00e9r\u00e9 gr\u00e2ce aux \u00e9quipements de sa r\u00e9gie et du labo \u00ab r\u00e9flexivit\u00e9 \u00bb. <span style=\"font-family: 'Helvetica Neue', Helvetica, Arial, sans-serif; font-size: 14px; font-style: normal; font-variant-ligatures: normal; font-variant-caps: normal; font-weight: 400; caret-color: rgba(0, 0, 0, 0);\">Le tout peut \u00eatre pilot\u00e9 par le logiciel VISO de la soci\u00e9t\u00e9 Noldus.<\/span><\/div>\n<div><\/div>\n<div><span data-olk-copy-source=\"MessageBody\">La r\u00e9gie est\u00a0<\/span>contigu\u00eb au local de simulation et en est s\u00e9par\u00e9e par une vitre. C\u2019est dans ce local que se trouve le mat\u00e9riel d\u2019enregistrement.<\/div>\n<div><\/div>\n<div><img loading=\"lazy\" decoding=\"async\" class=\"aligncenter wp-image-3176\" src=\"https:\/\/web.umons.ac.be\/app\/uploads\/sites\/103\/2026\/03\/salle-visio-regie-ok1-300x200.jpg\" alt=\"\" width=\"405\" height=\"270\" srcset=\"https:\/\/web.umons.ac.be\/app\/uploads\/sites\/103\/2026\/03\/salle-visio-regie-ok1-300x200.jpg 300w, https:\/\/web.umons.ac.be\/app\/uploads\/sites\/103\/2026\/03\/salle-visio-regie-ok1-768x512.jpg 768w, https:\/\/web.umons.ac.be\/app\/uploads\/sites\/103\/2026\/03\/salle-visio-regie-ok1-30x20.jpg 30w, https:\/\/web.umons.ac.be\/app\/uploads\/sites\/103\/2026\/03\/salle-visio-regie-ok1-60x40.jpg 60w, https:\/\/web.umons.ac.be\/app\/uploads\/sites\/103\/2026\/03\/salle-visio-regie-ok1-360x240.jpg 360w, https:\/\/web.umons.ac.be\/app\/uploads\/sites\/103\/2026\/03\/salle-visio-regie-ok1.jpg 800w\" sizes=\"auto, (max-width: 405px) 100vw, 405px\" \/><\/div>\n<div><\/div>\n<div>Le labo r\u00e9flexivit\u00e9 se situe dans nos locaux \u00e0 la place du Parc. Il permet de proc\u00e9der \u00e0 des r\u00e9troactions avec les futurs enseignants.<\/div>\n<div><\/div>\n<div><img loading=\"lazy\" decoding=\"async\" class=\"aligncenter wp-image-3178\" src=\"https:\/\/web.umons.ac.be\/app\/uploads\/sites\/103\/2026\/03\/Reflex-ok-300x200.jpg\" alt=\"\" width=\"405\" height=\"270\" srcset=\"https:\/\/web.umons.ac.be\/app\/uploads\/sites\/103\/2026\/03\/Reflex-ok-300x200.jpg 300w, https:\/\/web.umons.ac.be\/app\/uploads\/sites\/103\/2026\/03\/Reflex-ok-1024x683.jpg 1024w, https:\/\/web.umons.ac.be\/app\/uploads\/sites\/103\/2026\/03\/Reflex-ok-768x512.jpg 768w, https:\/\/web.umons.ac.be\/app\/uploads\/sites\/103\/2026\/03\/Reflex-ok-1536x1024.jpg 1536w, https:\/\/web.umons.ac.be\/app\/uploads\/sites\/103\/2026\/03\/Reflex-ok-2048x1365.jpg 2048w, https:\/\/web.umons.ac.be\/app\/uploads\/sites\/103\/2026\/03\/Reflex-ok-990x660.jpg 990w, https:\/\/web.umons.ac.be\/app\/uploads\/sites\/103\/2026\/03\/Reflex-ok-30x20.jpg 30w, https:\/\/web.umons.ac.be\/app\/uploads\/sites\/103\/2026\/03\/Reflex-ok-60x40.jpg 60w, https:\/\/web.umons.ac.be\/app\/uploads\/sites\/103\/2026\/03\/Reflex-ok-360x240.jpg 360w\" sizes=\"auto, (max-width: 405px) 100vw, 405px\" \/><\/div>\n","protected":false},"excerpt":{"rendered":"<p>Ce local qui comporte 25 places permet de simuler des situations de classe. Il est \u00e9quip\u00e9 de quatre cam\u00e9ras situ\u00e9es \u00e0 chaque coin de la pi\u00e8ce et de micros situ\u00e9s au plafond afin de capter l&rsquo;enti\u00e8ret\u00e9 de la salle. Il permet d\u2019enregistrer (ou de diffuser en direct) des situations simul\u00e9es qui peuvent \u00eatre analys\u00e9es en [&hellip;]<\/p>\n","protected":false},"author":121,"featured_media":0,"parent":0,"menu_order":0,"comment_status":"closed","ping_status":"closed","template":"","meta":{"footnotes":""},"class_list":["post-3124","page","type-page","status-publish","hentry"],"yoast_head":"<!-- This site is optimized with the Yoast SEO plugin v27.2 - https:\/\/yoast.com\/product\/yoast-seo-wordpress\/ -->\n<title>Labos de simulation &amp; R\u00e9fl\u00e9xivit\u00e9 - Service \/ FPSE - Sciences de l&#039;Enseignement et de la Formation<\/title>\n<meta name=\"robots\" content=\"index, follow, max-snippet:-1, max-image-preview:large, max-video-preview:-1\" \/>\n<link rel=\"canonical\" href=\"https:\/\/web.umons.ac.be\/semf\/local-de-simulation\/\" \/>\n<meta property=\"og:locale\" content=\"fr_FR\" \/>\n<meta property=\"og:type\" content=\"article\" \/>\n<meta property=\"og:title\" content=\"Labos de simulation &amp; R\u00e9fl\u00e9xivit\u00e9 - Service \/ FPSE - Sciences de l&#039;Enseignement et de la Formation\" \/>\n<meta property=\"og:description\" content=\"Ce local qui comporte 25 places permet de simuler des situations de classe. Il est \u00e9quip\u00e9 de quatre cam\u00e9ras situ\u00e9es \u00e0 chaque coin de la pi\u00e8ce et de micros situ\u00e9s au plafond afin de capter l&rsquo;enti\u00e8ret\u00e9 de la salle. Il permet d\u2019enregistrer (ou de diffuser en direct) des situations simul\u00e9es qui peuvent \u00eatre analys\u00e9es en [&hellip;]\" \/>\n<meta property=\"og:url\" content=\"https:\/\/web.umons.ac.be\/semf\/local-de-simulation\/\" \/>\n<meta property=\"og:site_name\" content=\"Service \/ FPSE - Sciences de l&#039;Enseignement et de la Formation\" \/>\n<meta property=\"article:modified_time\" content=\"2026-03-06T14:58:54+00:00\" \/>\n<meta property=\"og:image\" content=\"https:\/\/web.umons.ac.be\/app\/uploads\/sites\/103\/2026\/03\/salle-visio-regie-ok1.jpg\" \/>\n\t<meta property=\"og:image:width\" content=\"800\" \/>\n\t<meta property=\"og:image:height\" content=\"533\" \/>\n\t<meta property=\"og:image:type\" content=\"image\/jpeg\" \/>\n<meta name=\"twitter:card\" content=\"summary_large_image\" \/>\n<meta name=\"twitter:label1\" content=\"Dur\u00e9e de lecture estim\u00e9e\" \/>\n\t<meta name=\"twitter:data1\" content=\"2 minutes\" \/>\n<script type=\"application\/ld+json\" class=\"yoast-schema-graph\">{\"@context\":\"https:\/\/schema.org\",\"@graph\":[{\"@type\":\"WebPage\",\"@id\":\"https:\/\/web.umons.ac.be\/semf\/local-de-simulation\/\",\"url\":\"https:\/\/web.umons.ac.be\/semf\/local-de-simulation\/\",\"name\":\"Labos de simulation & R\u00e9fl\u00e9xivit\u00e9 - Service \/ FPSE - Sciences de l&#039;Enseignement et de la Formation\",\"isPartOf\":{\"@id\":\"https:\/\/web.umons.ac.be\/semf\/#website\"},\"primaryImageOfPage\":{\"@id\":\"https:\/\/web.umons.ac.be\/semf\/local-de-simulation\/#primaryimage\"},\"image\":{\"@id\":\"https:\/\/web.umons.ac.be\/semf\/local-de-simulation\/#primaryimage\"},\"thumbnailUrl\":\"https:\/\/web.umons.ac.be\/app\/uploads\/sites\/103\/2026\/03\/salle-visio-regie-ok1-300x200.jpg\",\"datePublished\":\"2026-03-05T11:34:45+00:00\",\"dateModified\":\"2026-03-06T14:58:54+00:00\",\"breadcrumb\":{\"@id\":\"https:\/\/web.umons.ac.be\/semf\/local-de-simulation\/#breadcrumb\"},\"inLanguage\":\"fr-FR\",\"potentialAction\":[{\"@type\":\"ReadAction\",\"target\":[\"https:\/\/web.umons.ac.be\/semf\/local-de-simulation\/\"]}]},{\"@type\":\"ImageObject\",\"inLanguage\":\"fr-FR\",\"@id\":\"https:\/\/web.umons.ac.be\/semf\/local-de-simulation\/#primaryimage\",\"url\":\"https:\/\/web.umons.ac.be\/app\/uploads\/sites\/103\/2026\/03\/salle-visio-regie-ok1-300x200.jpg\",\"contentUrl\":\"https:\/\/web.umons.ac.be\/app\/uploads\/sites\/103\/2026\/03\/salle-visio-regie-ok1-300x200.jpg\"},{\"@type\":\"BreadcrumbList\",\"@id\":\"https:\/\/web.umons.ac.be\/semf\/local-de-simulation\/#breadcrumb\",\"itemListElement\":[{\"@type\":\"ListItem\",\"position\":1,\"name\":\"Home\",\"item\":\"https:\/\/web.umons.ac.be\/semf\/\"},{\"@type\":\"ListItem\",\"position\":2,\"name\":\"Labos de simulation &#038; R\u00e9fl\u00e9xivit\u00e9\"}]},{\"@type\":\"WebSite\",\"@id\":\"https:\/\/web.umons.ac.be\/semf\/#website\",\"url\":\"https:\/\/web.umons.ac.be\/semf\/\",\"name\":\"Service \/ FPSE - M\u00e9thodologie et formation\",\"description\":\"\",\"publisher\":{\"@id\":\"https:\/\/web.umons.ac.be\/semf\/#organization\"},\"potentialAction\":[{\"@type\":\"SearchAction\",\"target\":{\"@type\":\"EntryPoint\",\"urlTemplate\":\"https:\/\/web.umons.ac.be\/semf\/?s={search_term_string}\"},\"query-input\":{\"@type\":\"PropertyValueSpecification\",\"valueRequired\":true,\"valueName\":\"search_term_string\"}}],\"inLanguage\":\"fr-FR\"},{\"@type\":\"Organization\",\"@id\":\"https:\/\/web.umons.ac.be\/semf\/#organization\",\"name\":\"Service \/ FPSE - M\u00e9thodologie et formation\",\"url\":\"https:\/\/web.umons.ac.be\/semf\/\",\"logo\":{\"@type\":\"ImageObject\",\"inLanguage\":\"fr-FR\",\"@id\":\"https:\/\/web.umons.ac.be\/semf\/#\/schema\/logo\/image\/\",\"url\":\"https:\/\/web.umons.ac.be\/app\/uploads\/sites\/103\/2021\/11\/LOGOP316_Benoit-VANSCHOEBEKE.svg\",\"contentUrl\":\"https:\/\/web.umons.ac.be\/app\/uploads\/sites\/103\/2021\/11\/LOGOP316_Benoit-VANSCHOEBEKE.svg\",\"width\":1,\"height\":1,\"caption\":\"Service \/ FPSE - M\u00e9thodologie et formation\"},\"image\":{\"@id\":\"https:\/\/web.umons.ac.be\/semf\/#\/schema\/logo\/image\/\"}}]}<\/script>\n<!-- \/ Yoast SEO plugin. -->","yoast_head_json":{"title":"Labos de simulation & R\u00e9fl\u00e9xivit\u00e9 - Service \/ FPSE - Sciences de l&#039;Enseignement et de la Formation","robots":{"index":"index","follow":"follow","max-snippet":"max-snippet:-1","max-image-preview":"max-image-preview:large","max-video-preview":"max-video-preview:-1"},"canonical":"https:\/\/web.umons.ac.be\/semf\/local-de-simulation\/","og_locale":"fr_FR","og_type":"article","og_title":"Labos de simulation & R\u00e9fl\u00e9xivit\u00e9 - Service \/ FPSE - Sciences de l&#039;Enseignement et de la Formation","og_description":"Ce local qui comporte 25 places permet de simuler des situations de classe. Il est \u00e9quip\u00e9 de quatre cam\u00e9ras situ\u00e9es \u00e0 chaque coin de la pi\u00e8ce et de micros situ\u00e9s au plafond afin de capter l&rsquo;enti\u00e8ret\u00e9 de la salle. Il permet d\u2019enregistrer (ou de diffuser en direct) des situations simul\u00e9es qui peuvent \u00eatre analys\u00e9es en [&hellip;]","og_url":"https:\/\/web.umons.ac.be\/semf\/local-de-simulation\/","og_site_name":"Service \/ FPSE - Sciences de l&#039;Enseignement et de la Formation","article_modified_time":"2026-03-06T14:58:54+00:00","og_image":[{"width":800,"height":533,"url":"https:\/\/web.umons.ac.be\/app\/uploads\/sites\/103\/2026\/03\/salle-visio-regie-ok1.jpg","type":"image\/jpeg"}],"twitter_card":"summary_large_image","twitter_misc":{"Dur\u00e9e de lecture estim\u00e9e":"2 minutes"},"schema":{"@context":"https:\/\/schema.org","@graph":[{"@type":"WebPage","@id":"https:\/\/web.umons.ac.be\/semf\/local-de-simulation\/","url":"https:\/\/web.umons.ac.be\/semf\/local-de-simulation\/","name":"Labos de simulation & R\u00e9fl\u00e9xivit\u00e9 - Service \/ FPSE - Sciences de l&#039;Enseignement et de la Formation","isPartOf":{"@id":"https:\/\/web.umons.ac.be\/semf\/#website"},"primaryImageOfPage":{"@id":"https:\/\/web.umons.ac.be\/semf\/local-de-simulation\/#primaryimage"},"image":{"@id":"https:\/\/web.umons.ac.be\/semf\/local-de-simulation\/#primaryimage"},"thumbnailUrl":"https:\/\/web.umons.ac.be\/app\/uploads\/sites\/103\/2026\/03\/salle-visio-regie-ok1-300x200.jpg","datePublished":"2026-03-05T11:34:45+00:00","dateModified":"2026-03-06T14:58:54+00:00","breadcrumb":{"@id":"https:\/\/web.umons.ac.be\/semf\/local-de-simulation\/#breadcrumb"},"inLanguage":"fr-FR","potentialAction":[{"@type":"ReadAction","target":["https:\/\/web.umons.ac.be\/semf\/local-de-simulation\/"]}]},{"@type":"ImageObject","inLanguage":"fr-FR","@id":"https:\/\/web.umons.ac.be\/semf\/local-de-simulation\/#primaryimage","url":"https:\/\/web.umons.ac.be\/app\/uploads\/sites\/103\/2026\/03\/salle-visio-regie-ok1-300x200.jpg","contentUrl":"https:\/\/web.umons.ac.be\/app\/uploads\/sites\/103\/2026\/03\/salle-visio-regie-ok1-300x200.jpg"},{"@type":"BreadcrumbList","@id":"https:\/\/web.umons.ac.be\/semf\/local-de-simulation\/#breadcrumb","itemListElement":[{"@type":"ListItem","position":1,"name":"Home","item":"https:\/\/web.umons.ac.be\/semf\/"},{"@type":"ListItem","position":2,"name":"Labos de simulation &#038; R\u00e9fl\u00e9xivit\u00e9"}]},{"@type":"WebSite","@id":"https:\/\/web.umons.ac.be\/semf\/#website","url":"https:\/\/web.umons.ac.be\/semf\/","name":"Service \/ FPSE - M\u00e9thodologie et formation","description":"","publisher":{"@id":"https:\/\/web.umons.ac.be\/semf\/#organization"},"potentialAction":[{"@type":"SearchAction","target":{"@type":"EntryPoint","urlTemplate":"https:\/\/web.umons.ac.be\/semf\/?s={search_term_string}"},"query-input":{"@type":"PropertyValueSpecification","valueRequired":true,"valueName":"search_term_string"}}],"inLanguage":"fr-FR"},{"@type":"Organization","@id":"https:\/\/web.umons.ac.be\/semf\/#organization","name":"Service \/ FPSE - M\u00e9thodologie et formation","url":"https:\/\/web.umons.ac.be\/semf\/","logo":{"@type":"ImageObject","inLanguage":"fr-FR","@id":"https:\/\/web.umons.ac.be\/semf\/#\/schema\/logo\/image\/","url":"https:\/\/web.umons.ac.be\/app\/uploads\/sites\/103\/2021\/11\/LOGOP316_Benoit-VANSCHOEBEKE.svg","contentUrl":"https:\/\/web.umons.ac.be\/app\/uploads\/sites\/103\/2021\/11\/LOGOP316_Benoit-VANSCHOEBEKE.svg","width":1,"height":1,"caption":"Service \/ FPSE - M\u00e9thodologie et formation"},"image":{"@id":"https:\/\/web.umons.ac.be\/semf\/#\/schema\/logo\/image\/"}}]}},"lang":"fr","translations":{"fr":3124},"pll_sync_post":[],"_links":{"self":[{"href":"https:\/\/web.umons.ac.be\/semf\/wp-json\/wp\/v2\/pages\/3124","targetHints":{"allow":["GET"]}}],"collection":[{"href":"https:\/\/web.umons.ac.be\/semf\/wp-json\/wp\/v2\/pages"}],"about":[{"href":"https:\/\/web.umons.ac.be\/semf\/wp-json\/wp\/v2\/types\/page"}],"author":[{"embeddable":true,"href":"https:\/\/web.umons.ac.be\/semf\/wp-json\/wp\/v2\/users\/121"}],"replies":[{"embeddable":true,"href":"https:\/\/web.umons.ac.be\/semf\/wp-json\/wp\/v2\/comments?post=3124"}],"version-history":[{"count":3,"href":"https:\/\/web.umons.ac.be\/semf\/wp-json\/wp\/v2\/pages\/3124\/revisions"}],"predecessor-version":[{"id":3180,"href":"https:\/\/web.umons.ac.be\/semf\/wp-json\/wp\/v2\/pages\/3124\/revisions\/3180"}],"wp:attachment":[{"href":"https:\/\/web.umons.ac.be\/semf\/wp-json\/wp\/v2\/media?parent=3124"}],"curies":[{"name":"wp","href":"https:\/\/api.w.org\/{rel}","templated":true}]}}