{"id":3207,"date":"2026-03-13T10:02:59","date_gmt":"2026-03-13T09:02:59","guid":{"rendered":"https:\/\/web.umons.ac.be\/semf\/?page_id=3207"},"modified":"2026-03-13T10:02:59","modified_gmt":"2026-03-13T09:02:59","slug":"mickael-gosset","status":"publish","type":"page","link":"https:\/\/web.umons.ac.be\/semf\/mickael-gosset\/","title":{"rendered":"Micka\u00ebl GOSSET"},"content":{"rendered":"<p><img loading=\"lazy\" decoding=\"async\" class=\"alignleft wp-image-3208 size-thumbnail\" src=\"https:\/\/web.umons.ac.be\/app\/uploads\/sites\/103\/2026\/03\/GOSSETMickael-150x150.jpg\" alt=\"\" width=\"150\" height=\"150\" srcset=\"https:\/\/web.umons.ac.be\/app\/uploads\/sites\/103\/2026\/03\/GOSSETMickael-150x150.jpg 150w, https:\/\/web.umons.ac.be\/app\/uploads\/sites\/103\/2026\/03\/GOSSETMickael-300x300.jpg 300w, https:\/\/web.umons.ac.be\/app\/uploads\/sites\/103\/2026\/03\/GOSSETMickael-1024x1024.jpg 1024w, https:\/\/web.umons.ac.be\/app\/uploads\/sites\/103\/2026\/03\/GOSSETMickael-768x768.jpg 768w, https:\/\/web.umons.ac.be\/app\/uploads\/sites\/103\/2026\/03\/GOSSETMickael-660x660.jpg 660w, https:\/\/web.umons.ac.be\/app\/uploads\/sites\/103\/2026\/03\/GOSSETMickael-30x30.jpg 30w, https:\/\/web.umons.ac.be\/app\/uploads\/sites\/103\/2026\/03\/GOSSETMickael-80x80.jpg 80w, https:\/\/web.umons.ac.be\/app\/uploads\/sites\/103\/2026\/03\/GOSSETMickael-60x60.jpg 60w, https:\/\/web.umons.ac.be\/app\/uploads\/sites\/103\/2026\/03\/GOSSETMickael-360x360.jpg 360w, https:\/\/web.umons.ac.be\/app\/uploads\/sites\/103\/2026\/03\/GOSSETMickael-400x400.jpg 400w, https:\/\/web.umons.ac.be\/app\/uploads\/sites\/103\/2026\/03\/GOSSETMickael-200x200.jpg 200w, https:\/\/web.umons.ac.be\/app\/uploads\/sites\/103\/2026\/03\/GOSSETMickael.jpg 1502w\" sizes=\"auto, (max-width: 150px) 100vw, 150px\" \/>Micka\u00ebl Gosset est titulaire d\u2019un bachelier instituteur primaire, obtenu en 2005, \u00e0 la Haute \u00e9cole provinciale Mons-Borinage-Centre. Il a successivement exerc\u00e9 les fonctions d\u2019instituteur, de directeur et de conseiller p\u00e9dagogique. Il est actuellement conseiller institutionnel au sein du Conseil de l\u2019Enseignement des Communes et des Provinces (CECP), o\u00f9 il contribue notamment \u00e0 la formation initiale des directions d\u2019\u00e9cole pour les volets administratif et p\u00e9dagogique.<\/p>\n<p>Depuis juin 2022, il est \u00e9galement titulaire d\u2019un Master en Sciences de l\u2019\u00c9ducation, \u00e0 finalit\u00e9 sp\u00e9cialis\u00e9e en formation d\u2019adultes. Son m\u00e9moire s\u2019intitulait \u00ab\u00a0Politique de r\u00e9gulation par les r\u00e9sultats en F\u00e9d\u00e9ration Wallonie-Bruxelles : quels changements et quels impacts pour les conseillers p\u00e9dagogiques ?\u00a0\u00bb.<\/p>\n<p>En septembre 2024, il a entam\u00e9 une th\u00e8se de doctorat \u00e0 l\u2019Universit\u00e9 de Mons sous la direction du Professeur Marc Demeuse et la co-direction du Professeur Antoine Derobertmasure. Ses travaux portent sur la fonction de conseiller au soutien et \u00e0 l\u2019accompagnement (CSA), son \u00e9volution ainsi que ses enjeux dans le syst\u00e8me \u00e9ducatif belge francophone.<\/p>\n<p>&nbsp;<\/p>\n","protected":false},"excerpt":{"rendered":"<p>Micka\u00ebl Gosset est titulaire d\u2019un bachelier instituteur primaire, obtenu en 2005, \u00e0 la Haute \u00e9cole provinciale Mons-Borinage-Centre. Il a successivement exerc\u00e9 les fonctions d\u2019instituteur, de directeur et de conseiller p\u00e9dagogique. Il est actuellement conseiller institutionnel au sein du Conseil de l\u2019Enseignement des Communes et des Provinces (CECP), o\u00f9 il contribue notamment \u00e0 la formation initiale [&hellip;]<\/p>\n","protected":false},"author":122,"featured_media":0,"parent":0,"menu_order":0,"comment_status":"closed","ping_status":"closed","template":"","meta":{"footnotes":""},"class_list":["post-3207","page","type-page","status-publish","hentry"],"yoast_head":"<!-- This site is optimized with the Yoast SEO plugin v27.2 - https:\/\/yoast.com\/product\/yoast-seo-wordpress\/ -->\n<title>Micka\u00ebl GOSSET - Service \/ FPSE - Sciences de l&#039;Enseignement et de la Formation<\/title>\n<meta name=\"robots\" content=\"index, follow, max-snippet:-1, max-image-preview:large, max-video-preview:-1\" \/>\n<link rel=\"canonical\" href=\"https:\/\/web.umons.ac.be\/semf\/mickael-gosset\/\" \/>\n<meta property=\"og:locale\" content=\"fr_FR\" \/>\n<meta property=\"og:type\" content=\"article\" \/>\n<meta property=\"og:title\" content=\"Micka\u00ebl GOSSET - Service \/ FPSE - Sciences de l&#039;Enseignement et de la Formation\" \/>\n<meta property=\"og:description\" content=\"Micka\u00ebl Gosset est titulaire d\u2019un bachelier instituteur primaire, obtenu en 2005, \u00e0 la Haute \u00e9cole provinciale Mons-Borinage-Centre. Il a successivement exerc\u00e9 les fonctions d\u2019instituteur, de directeur et de conseiller p\u00e9dagogique. Il est actuellement conseiller institutionnel au sein du Conseil de l\u2019Enseignement des Communes et des Provinces (CECP), o\u00f9 il contribue notamment \u00e0 la formation initiale [&hellip;]\" \/>\n<meta property=\"og:url\" content=\"https:\/\/web.umons.ac.be\/semf\/mickael-gosset\/\" \/>\n<meta property=\"og:site_name\" content=\"Service \/ FPSE - Sciences de l&#039;Enseignement et de la Formation\" \/>\n<meta property=\"og:image\" content=\"https:\/\/web.umons.ac.be\/app\/uploads\/sites\/103\/2026\/03\/GOSSETMickael.jpg\" \/>\n\t<meta property=\"og:image:width\" content=\"1502\" \/>\n\t<meta property=\"og:image:height\" content=\"1502\" \/>\n\t<meta property=\"og:image:type\" content=\"image\/jpeg\" \/>\n<meta name=\"twitter:card\" content=\"summary_large_image\" \/>\n<meta name=\"twitter:label1\" content=\"Dur\u00e9e de lecture estim\u00e9e\" \/>\n\t<meta name=\"twitter:data1\" content=\"2 minutes\" \/>\n<script type=\"application\/ld+json\" class=\"yoast-schema-graph\">{\"@context\":\"https:\/\/schema.org\",\"@graph\":[{\"@type\":\"WebPage\",\"@id\":\"https:\/\/web.umons.ac.be\/semf\/mickael-gosset\/\",\"url\":\"https:\/\/web.umons.ac.be\/semf\/mickael-gosset\/\",\"name\":\"Micka\u00ebl GOSSET - Service \/ FPSE - Sciences de l&#039;Enseignement et de la Formation\",\"isPartOf\":{\"@id\":\"https:\/\/web.umons.ac.be\/semf\/#website\"},\"primaryImageOfPage\":{\"@id\":\"https:\/\/web.umons.ac.be\/semf\/mickael-gosset\/#primaryimage\"},\"image\":{\"@id\":\"https:\/\/web.umons.ac.be\/semf\/mickael-gosset\/#primaryimage\"},\"thumbnailUrl\":\"https:\/\/web.umons.ac.be\/app\/uploads\/sites\/103\/2026\/03\/GOSSETMickael-150x150.jpg\",\"datePublished\":\"2026-03-13T09:02:59+00:00\",\"breadcrumb\":{\"@id\":\"https:\/\/web.umons.ac.be\/semf\/mickael-gosset\/#breadcrumb\"},\"inLanguage\":\"fr-FR\",\"potentialAction\":[{\"@type\":\"ReadAction\",\"target\":[\"https:\/\/web.umons.ac.be\/semf\/mickael-gosset\/\"]}]},{\"@type\":\"ImageObject\",\"inLanguage\":\"fr-FR\",\"@id\":\"https:\/\/web.umons.ac.be\/semf\/mickael-gosset\/#primaryimage\",\"url\":\"https:\/\/web.umons.ac.be\/app\/uploads\/sites\/103\/2026\/03\/GOSSETMickael-150x150.jpg\",\"contentUrl\":\"https:\/\/web.umons.ac.be\/app\/uploads\/sites\/103\/2026\/03\/GOSSETMickael-150x150.jpg\"},{\"@type\":\"BreadcrumbList\",\"@id\":\"https:\/\/web.umons.ac.be\/semf\/mickael-gosset\/#breadcrumb\",\"itemListElement\":[{\"@type\":\"ListItem\",\"position\":1,\"name\":\"Home\",\"item\":\"https:\/\/web.umons.ac.be\/semf\/\"},{\"@type\":\"ListItem\",\"position\":2,\"name\":\"Micka\u00ebl GOSSET\"}]},{\"@type\":\"WebSite\",\"@id\":\"https:\/\/web.umons.ac.be\/semf\/#website\",\"url\":\"https:\/\/web.umons.ac.be\/semf\/\",\"name\":\"Service \/ FPSE - M\u00e9thodologie et formation\",\"description\":\"\",\"publisher\":{\"@id\":\"https:\/\/web.umons.ac.be\/semf\/#organization\"},\"potentialAction\":[{\"@type\":\"SearchAction\",\"target\":{\"@type\":\"EntryPoint\",\"urlTemplate\":\"https:\/\/web.umons.ac.be\/semf\/?s={search_term_string}\"},\"query-input\":{\"@type\":\"PropertyValueSpecification\",\"valueRequired\":true,\"valueName\":\"search_term_string\"}}],\"inLanguage\":\"fr-FR\"},{\"@type\":\"Organization\",\"@id\":\"https:\/\/web.umons.ac.be\/semf\/#organization\",\"name\":\"Service \/ FPSE - M\u00e9thodologie et formation\",\"url\":\"https:\/\/web.umons.ac.be\/semf\/\",\"logo\":{\"@type\":\"ImageObject\",\"inLanguage\":\"fr-FR\",\"@id\":\"https:\/\/web.umons.ac.be\/semf\/#\/schema\/logo\/image\/\",\"url\":\"https:\/\/web.umons.ac.be\/app\/uploads\/sites\/103\/2021\/11\/LOGOP316_Benoit-VANSCHOEBEKE.svg\",\"contentUrl\":\"https:\/\/web.umons.ac.be\/app\/uploads\/sites\/103\/2021\/11\/LOGOP316_Benoit-VANSCHOEBEKE.svg\",\"width\":1,\"height\":1,\"caption\":\"Service \/ FPSE - M\u00e9thodologie et formation\"},\"image\":{\"@id\":\"https:\/\/web.umons.ac.be\/semf\/#\/schema\/logo\/image\/\"}}]}<\/script>\n<!-- \/ Yoast SEO plugin. -->","yoast_head_json":{"title":"Micka\u00ebl GOSSET - Service \/ FPSE - Sciences de l&#039;Enseignement et de la Formation","robots":{"index":"index","follow":"follow","max-snippet":"max-snippet:-1","max-image-preview":"max-image-preview:large","max-video-preview":"max-video-preview:-1"},"canonical":"https:\/\/web.umons.ac.be\/semf\/mickael-gosset\/","og_locale":"fr_FR","og_type":"article","og_title":"Micka\u00ebl GOSSET - Service \/ FPSE - Sciences de l&#039;Enseignement et de la Formation","og_description":"Micka\u00ebl Gosset est titulaire d\u2019un bachelier instituteur primaire, obtenu en 2005, \u00e0 la Haute \u00e9cole provinciale Mons-Borinage-Centre. Il a successivement exerc\u00e9 les fonctions d\u2019instituteur, de directeur et de conseiller p\u00e9dagogique. Il est actuellement conseiller institutionnel au sein du Conseil de l\u2019Enseignement des Communes et des Provinces (CECP), o\u00f9 il contribue notamment \u00e0 la formation initiale [&hellip;]","og_url":"https:\/\/web.umons.ac.be\/semf\/mickael-gosset\/","og_site_name":"Service \/ FPSE - Sciences de l&#039;Enseignement et de la Formation","og_image":[{"width":1502,"height":1502,"url":"https:\/\/web.umons.ac.be\/app\/uploads\/sites\/103\/2026\/03\/GOSSETMickael.jpg","type":"image\/jpeg"}],"twitter_card":"summary_large_image","twitter_misc":{"Dur\u00e9e de lecture estim\u00e9e":"2 minutes"},"schema":{"@context":"https:\/\/schema.org","@graph":[{"@type":"WebPage","@id":"https:\/\/web.umons.ac.be\/semf\/mickael-gosset\/","url":"https:\/\/web.umons.ac.be\/semf\/mickael-gosset\/","name":"Micka\u00ebl GOSSET - Service \/ FPSE - Sciences de l&#039;Enseignement et de la Formation","isPartOf":{"@id":"https:\/\/web.umons.ac.be\/semf\/#website"},"primaryImageOfPage":{"@id":"https:\/\/web.umons.ac.be\/semf\/mickael-gosset\/#primaryimage"},"image":{"@id":"https:\/\/web.umons.ac.be\/semf\/mickael-gosset\/#primaryimage"},"thumbnailUrl":"https:\/\/web.umons.ac.be\/app\/uploads\/sites\/103\/2026\/03\/GOSSETMickael-150x150.jpg","datePublished":"2026-03-13T09:02:59+00:00","breadcrumb":{"@id":"https:\/\/web.umons.ac.be\/semf\/mickael-gosset\/#breadcrumb"},"inLanguage":"fr-FR","potentialAction":[{"@type":"ReadAction","target":["https:\/\/web.umons.ac.be\/semf\/mickael-gosset\/"]}]},{"@type":"ImageObject","inLanguage":"fr-FR","@id":"https:\/\/web.umons.ac.be\/semf\/mickael-gosset\/#primaryimage","url":"https:\/\/web.umons.ac.be\/app\/uploads\/sites\/103\/2026\/03\/GOSSETMickael-150x150.jpg","contentUrl":"https:\/\/web.umons.ac.be\/app\/uploads\/sites\/103\/2026\/03\/GOSSETMickael-150x150.jpg"},{"@type":"BreadcrumbList","@id":"https:\/\/web.umons.ac.be\/semf\/mickael-gosset\/#breadcrumb","itemListElement":[{"@type":"ListItem","position":1,"name":"Home","item":"https:\/\/web.umons.ac.be\/semf\/"},{"@type":"ListItem","position":2,"name":"Micka\u00ebl GOSSET"}]},{"@type":"WebSite","@id":"https:\/\/web.umons.ac.be\/semf\/#website","url":"https:\/\/web.umons.ac.be\/semf\/","name":"Service \/ FPSE - M\u00e9thodologie et formation","description":"","publisher":{"@id":"https:\/\/web.umons.ac.be\/semf\/#organization"},"potentialAction":[{"@type":"SearchAction","target":{"@type":"EntryPoint","urlTemplate":"https:\/\/web.umons.ac.be\/semf\/?s={search_term_string}"},"query-input":{"@type":"PropertyValueSpecification","valueRequired":true,"valueName":"search_term_string"}}],"inLanguage":"fr-FR"},{"@type":"Organization","@id":"https:\/\/web.umons.ac.be\/semf\/#organization","name":"Service \/ FPSE - M\u00e9thodologie et formation","url":"https:\/\/web.umons.ac.be\/semf\/","logo":{"@type":"ImageObject","inLanguage":"fr-FR","@id":"https:\/\/web.umons.ac.be\/semf\/#\/schema\/logo\/image\/","url":"https:\/\/web.umons.ac.be\/app\/uploads\/sites\/103\/2021\/11\/LOGOP316_Benoit-VANSCHOEBEKE.svg","contentUrl":"https:\/\/web.umons.ac.be\/app\/uploads\/sites\/103\/2021\/11\/LOGOP316_Benoit-VANSCHOEBEKE.svg","width":1,"height":1,"caption":"Service \/ FPSE - M\u00e9thodologie et formation"},"image":{"@id":"https:\/\/web.umons.ac.be\/semf\/#\/schema\/logo\/image\/"}}]}},"lang":"fr","translations":{"fr":3207},"pll_sync_post":[],"_links":{"self":[{"href":"https:\/\/web.umons.ac.be\/semf\/wp-json\/wp\/v2\/pages\/3207","targetHints":{"allow":["GET"]}}],"collection":[{"href":"https:\/\/web.umons.ac.be\/semf\/wp-json\/wp\/v2\/pages"}],"about":[{"href":"https:\/\/web.umons.ac.be\/semf\/wp-json\/wp\/v2\/types\/page"}],"author":[{"embeddable":true,"href":"https:\/\/web.umons.ac.be\/semf\/wp-json\/wp\/v2\/users\/122"}],"replies":[{"embeddable":true,"href":"https:\/\/web.umons.ac.be\/semf\/wp-json\/wp\/v2\/comments?post=3207"}],"version-history":[{"count":1,"href":"https:\/\/web.umons.ac.be\/semf\/wp-json\/wp\/v2\/pages\/3207\/revisions"}],"predecessor-version":[{"id":3209,"href":"https:\/\/web.umons.ac.be\/semf\/wp-json\/wp\/v2\/pages\/3207\/revisions\/3209"}],"wp:attachment":[{"href":"https:\/\/web.umons.ac.be\/semf\/wp-json\/wp\/v2\/media?parent=3207"}],"curies":[{"name":"wp","href":"https:\/\/api.w.org\/{rel}","templated":true}]}}