{"id":107,"date":"2022-06-14T09:30:54","date_gmt":"2022-06-14T07:30:54","guid":{"rendered":"https:\/\/web.umons.ac.be\/semi\/?page_id=107"},"modified":"2022-06-14T09:30:54","modified_gmt":"2022-06-14T07:30:54","slug":"access","status":"publish","type":"page","link":"https:\/\/web.umons.ac.be\/semi\/access\/","title":{"rendered":"Access"},"content":{"rendered":"<h3>Address<\/h3>\n<blockquote><p>Service d&rsquo;\u00e9lectronique et de micro\u00e9lectronique<br \/>\nBoulevard Dolez, 31<br \/>\nB-7000 Mons<br \/>\nBelgique<\/p><\/blockquote>\n<h3>Phone numbers<\/h3>\n<blockquote><p>Carlos Valderrama : +32 65 37 42 24<\/p>\n<p>Fortunato Dualibe : +32 65 37 42 26<\/p>\n<p>Daniel Binon : +32 65 37 42 35<\/p>\n<p>William Van Hoeck : +32 65 37 42 21<\/p><\/blockquote>\n<h3>Landmark (Entry in the building)<\/h3>\n<p>&nbsp;<\/p>\n<div style=\"text-align: center\"><img decoding=\"async\" src=\"https:\/\/web.umons.ac.be\/app\/uploads\/sites\/115\/2022\/06\/plan.jpg\" alt=\"\" border=\"0\" \/><\/div>\n<p>&nbsp;<\/p>\n<p>&nbsp;<\/p>\n<h3>Landmark (First floor)<\/h3>\n<p>&nbsp;<\/p>\n<div style=\"text-align: center\"><img decoding=\"async\" src=\"https:\/\/web.umons.ac.be\/app\/uploads\/sites\/115\/2022\/06\/plan_1_etage.jpg\" alt=\"\" border=\"0\" \/><\/div>\n<p>&nbsp;<\/p>\n<p>&nbsp;<\/p>\n<p>The access doors are closed. A phone and a contacts list are situated in the hall.<\/p>\n","protected":false},"excerpt":{"rendered":"<p>Address Service d&rsquo;\u00e9lectronique et de micro\u00e9lectronique Boulevard Dolez, 31 B-7000 Mons Belgique Phone numbers Carlos Valderrama : +32 65 37 42 24 Fortunato Dualibe : +32 65 37 42 26 Daniel Binon : +32 65 37 42 35 William Van Hoeck : +32 65 37 42 21 Landmark (Entry in the building) &nbsp; &nbsp; &nbsp; [&hellip;]<\/p>\n","protected":false},"author":95,"featured_media":0,"parent":0,"menu_order":0,"comment_status":"closed","ping_status":"closed","template":"","meta":{"footnotes":""},"class_list":["post-107","page","type-page","status-publish","hentry"],"yoast_head":"<!-- This site is optimized with the Yoast SEO plugin v27.2 - https:\/\/yoast.com\/product\/yoast-seo-wordpress\/ -->\n<title>Access - Service \/ FPMS - Electronique et Micro\u00e9lectronique<\/title>\n<meta name=\"robots\" content=\"index, follow, max-snippet:-1, max-image-preview:large, max-video-preview:-1\" \/>\n<link rel=\"canonical\" href=\"https:\/\/web.umons.ac.be\/semi\/access\/\" \/>\n<meta property=\"og:locale\" content=\"fr_FR\" \/>\n<meta property=\"og:type\" content=\"article\" \/>\n<meta property=\"og:title\" content=\"Access - Service \/ FPMS - Electronique et Micro\u00e9lectronique\" \/>\n<meta property=\"og:description\" content=\"Address Service d&rsquo;\u00e9lectronique et de micro\u00e9lectronique Boulevard Dolez, 31 B-7000 Mons Belgique Phone numbers Carlos Valderrama : +32 65 37 42 24 Fortunato Dualibe : +32 65 37 42 26 Daniel Binon : +32 65 37 42 35 William Van Hoeck : +32 65 37 42 21 Landmark (Entry in the building) &nbsp; &nbsp; &nbsp; [&hellip;]\" \/>\n<meta property=\"og:url\" content=\"https:\/\/web.umons.ac.be\/semi\/access\/\" \/>\n<meta property=\"og:site_name\" content=\"Service \/ FPMS - Electronique et Micro\u00e9lectronique\" \/>\n<meta property=\"og:image\" content=\"https:\/\/web.umons.ac.be\/app\/uploads\/sites\/115\/2022\/06\/plan.jpg\" \/>\n<meta name=\"twitter:card\" content=\"summary_large_image\" \/>\n<script type=\"application\/ld+json\" class=\"yoast-schema-graph\">{\"@context\":\"https:\/\/schema.org\",\"@graph\":[{\"@type\":\"WebPage\",\"@id\":\"https:\/\/web.umons.ac.be\/semi\/access\/\",\"url\":\"https:\/\/web.umons.ac.be\/semi\/access\/\",\"name\":\"Access - Service \/ FPMS - Electronique et Micro\u00e9lectronique\",\"isPartOf\":{\"@id\":\"https:\/\/web.umons.ac.be\/semi\/#website\"},\"primaryImageOfPage\":{\"@id\":\"https:\/\/web.umons.ac.be\/semi\/access\/#primaryimage\"},\"image\":{\"@id\":\"https:\/\/web.umons.ac.be\/semi\/access\/#primaryimage\"},\"thumbnailUrl\":\"https:\/\/web.umons.ac.be\/app\/uploads\/sites\/115\/2022\/06\/plan.jpg\",\"datePublished\":\"2022-06-14T07:30:54+00:00\",\"breadcrumb\":{\"@id\":\"https:\/\/web.umons.ac.be\/semi\/access\/#breadcrumb\"},\"inLanguage\":\"fr-FR\",\"potentialAction\":[{\"@type\":\"ReadAction\",\"target\":[\"https:\/\/web.umons.ac.be\/semi\/access\/\"]}]},{\"@type\":\"ImageObject\",\"inLanguage\":\"fr-FR\",\"@id\":\"https:\/\/web.umons.ac.be\/semi\/access\/#primaryimage\",\"url\":\"https:\/\/web.umons.ac.be\/app\/uploads\/sites\/115\/2022\/06\/plan.jpg\",\"contentUrl\":\"https:\/\/web.umons.ac.be\/app\/uploads\/sites\/115\/2022\/06\/plan.jpg\"},{\"@type\":\"BreadcrumbList\",\"@id\":\"https:\/\/web.umons.ac.be\/semi\/access\/#breadcrumb\",\"itemListElement\":[{\"@type\":\"ListItem\",\"position\":1,\"name\":\"Home\",\"item\":\"https:\/\/web.umons.ac.be\/semi\/\"},{\"@type\":\"ListItem\",\"position\":2,\"name\":\"Access\"}]},{\"@type\":\"WebSite\",\"@id\":\"https:\/\/web.umons.ac.be\/semi\/#website\",\"url\":\"https:\/\/web.umons.ac.be\/semi\/\",\"name\":\"Service \/ FPMS - Electronique et Micro\u00e9lectronique\",\"description\":\"\",\"potentialAction\":[{\"@type\":\"SearchAction\",\"target\":{\"@type\":\"EntryPoint\",\"urlTemplate\":\"https:\/\/web.umons.ac.be\/semi\/?s={search_term_string}\"},\"query-input\":{\"@type\":\"PropertyValueSpecification\",\"valueRequired\":true,\"valueName\":\"search_term_string\"}}],\"inLanguage\":\"fr-FR\"}]}<\/script>\n<!-- \/ Yoast SEO plugin. -->","yoast_head_json":{"title":"Access - Service \/ FPMS - Electronique et Micro\u00e9lectronique","robots":{"index":"index","follow":"follow","max-snippet":"max-snippet:-1","max-image-preview":"max-image-preview:large","max-video-preview":"max-video-preview:-1"},"canonical":"https:\/\/web.umons.ac.be\/semi\/access\/","og_locale":"fr_FR","og_type":"article","og_title":"Access - Service \/ FPMS - Electronique et Micro\u00e9lectronique","og_description":"Address Service d&rsquo;\u00e9lectronique et de micro\u00e9lectronique Boulevard Dolez, 31 B-7000 Mons Belgique Phone numbers Carlos Valderrama : +32 65 37 42 24 Fortunato Dualibe : +32 65 37 42 26 Daniel Binon : +32 65 37 42 35 William Van Hoeck : +32 65 37 42 21 Landmark (Entry in the building) &nbsp; &nbsp; &nbsp; [&hellip;]","og_url":"https:\/\/web.umons.ac.be\/semi\/access\/","og_site_name":"Service \/ FPMS - Electronique et Micro\u00e9lectronique","og_image":[{"url":"https:\/\/web.umons.ac.be\/app\/uploads\/sites\/115\/2022\/06\/plan.jpg","type":"","width":"","height":""}],"twitter_card":"summary_large_image","schema":{"@context":"https:\/\/schema.org","@graph":[{"@type":"WebPage","@id":"https:\/\/web.umons.ac.be\/semi\/access\/","url":"https:\/\/web.umons.ac.be\/semi\/access\/","name":"Access - Service \/ FPMS - Electronique et Micro\u00e9lectronique","isPartOf":{"@id":"https:\/\/web.umons.ac.be\/semi\/#website"},"primaryImageOfPage":{"@id":"https:\/\/web.umons.ac.be\/semi\/access\/#primaryimage"},"image":{"@id":"https:\/\/web.umons.ac.be\/semi\/access\/#primaryimage"},"thumbnailUrl":"https:\/\/web.umons.ac.be\/app\/uploads\/sites\/115\/2022\/06\/plan.jpg","datePublished":"2022-06-14T07:30:54+00:00","breadcrumb":{"@id":"https:\/\/web.umons.ac.be\/semi\/access\/#breadcrumb"},"inLanguage":"fr-FR","potentialAction":[{"@type":"ReadAction","target":["https:\/\/web.umons.ac.be\/semi\/access\/"]}]},{"@type":"ImageObject","inLanguage":"fr-FR","@id":"https:\/\/web.umons.ac.be\/semi\/access\/#primaryimage","url":"https:\/\/web.umons.ac.be\/app\/uploads\/sites\/115\/2022\/06\/plan.jpg","contentUrl":"https:\/\/web.umons.ac.be\/app\/uploads\/sites\/115\/2022\/06\/plan.jpg"},{"@type":"BreadcrumbList","@id":"https:\/\/web.umons.ac.be\/semi\/access\/#breadcrumb","itemListElement":[{"@type":"ListItem","position":1,"name":"Home","item":"https:\/\/web.umons.ac.be\/semi\/"},{"@type":"ListItem","position":2,"name":"Access"}]},{"@type":"WebSite","@id":"https:\/\/web.umons.ac.be\/semi\/#website","url":"https:\/\/web.umons.ac.be\/semi\/","name":"Service \/ FPMS - Electronique et Micro\u00e9lectronique","description":"","potentialAction":[{"@type":"SearchAction","target":{"@type":"EntryPoint","urlTemplate":"https:\/\/web.umons.ac.be\/semi\/?s={search_term_string}"},"query-input":{"@type":"PropertyValueSpecification","valueRequired":true,"valueName":"search_term_string"}}],"inLanguage":"fr-FR"}]}},"lang":"en","translations":{"en":107},"pll_sync_post":[],"_links":{"self":[{"href":"https:\/\/web.umons.ac.be\/semi\/wp-json\/wp\/v2\/pages\/107","targetHints":{"allow":["GET"]}}],"collection":[{"href":"https:\/\/web.umons.ac.be\/semi\/wp-json\/wp\/v2\/pages"}],"about":[{"href":"https:\/\/web.umons.ac.be\/semi\/wp-json\/wp\/v2\/types\/page"}],"author":[{"embeddable":true,"href":"https:\/\/web.umons.ac.be\/semi\/wp-json\/wp\/v2\/users\/95"}],"replies":[{"embeddable":true,"href":"https:\/\/web.umons.ac.be\/semi\/wp-json\/wp\/v2\/comments?post=107"}],"version-history":[{"count":1,"href":"https:\/\/web.umons.ac.be\/semi\/wp-json\/wp\/v2\/pages\/107\/revisions"}],"predecessor-version":[{"id":108,"href":"https:\/\/web.umons.ac.be\/semi\/wp-json\/wp\/v2\/pages\/107\/revisions\/108"}],"wp:attachment":[{"href":"https:\/\/web.umons.ac.be\/semi\/wp-json\/wp\/v2\/media?parent=107"}],"curies":[{"name":"wp","href":"https:\/\/api.w.org\/{rel}","templated":true}]}}