{"id":129,"date":"2022-06-14T10:33:11","date_gmt":"2022-06-14T08:33:11","guid":{"rendered":"https:\/\/web.umons.ac.be\/semi\/?page_id=129"},"modified":"2022-06-14T10:33:12","modified_gmt":"2022-06-14T08:33:12","slug":"euser","status":"publish","type":"page","link":"https:\/\/web.umons.ac.be\/semi\/euser\/","title":{"rendered":"Euser"},"content":{"rendered":"<p class=\"MsoNormal\" align=\"justify\">Le premier objectif de la recherche est la d\u00e9finition d\u2019un RFID \u00ab intelligent \u00bb, dot\u00e9 d\u2019une certaine puissance de calcul le rendant capable d\u2019effectuer des op\u00e9rations cryptographiques, tout en gardant un co\u00fbt minimal.<\/p>\n<div align=\"justify\"> <\/div>\n<p class=\"MsoNormal\" align=\"justify\">Le deuxi\u00e8me objectif est d\u2019\u00e9tudier et de mettre en \u0153uvre des processeurs cryptographiques \u00e0 faible co\u00fbt et faible consommation, int\u00e9grables \u00e0 la technologie RFID et indispensables \u00e0 la protection de la vie priv\u00e9e. L\u2019\u00e9valuation de la s\u00e9curit\u00e9 physique des composants utilis\u00e9s sera \u00e9galement prise en compte.<\/p>\n<div align=\"justify\"> <\/div>\n<p class=\"MsoNormal\" align=\"justify\">Le troisi\u00e8me objectif est d\u2019assurer la correspondance des technologies d\u00e9velopp\u00e9es avec les prescriptions l\u00e9gales en la mati\u00e8re, mais \u00e9galement d\u2019informer et de sensibiliser le l\u00e9gislateur quant aux r\u00e9elles possibilit\u00e9s en mati\u00e8re de protection de la vie priv\u00e9e, afin de contrebalancer la pression du march\u00e9.<\/p>\n<div align=\"justify\"> <\/div>\n<p class=\"MsoNormal\" align=\"justify\">Un quatri\u00e8me objectif consistera \u00e0 concevoir, en collaboration avec le parrain industriel RFIDEA, un ou des sc\u00e9nario(s) concret(s) d\u2019application(s) dans le(s)quel(s) un tel RFID respectueux de la vie priv\u00e9e est un r\u00e9el \u2018\u2018plus\u2019\u2019 par rapport \u00e0 des produits plus \u00e9l\u00e9mentaires, et offre donc un v\u00e9ritable avantage concurrentiel.<\/p>\n<div align=\"justify\"> <\/div>\n","protected":false},"excerpt":{"rendered":"<p>Le premier objectif de la recherche est la d\u00e9finition d\u2019un RFID \u00ab intelligent \u00bb, dot\u00e9 d\u2019une certaine puissance de calcul le rendant capable d\u2019effectuer des op\u00e9rations cryptographiques, tout en gardant un co\u00fbt minimal. Le deuxi\u00e8me objectif est d\u2019\u00e9tudier et de mettre en \u0153uvre des processeurs cryptographiques \u00e0 faible co\u00fbt et faible consommation, int\u00e9grables \u00e0 la [&hellip;]<\/p>\n","protected":false},"author":95,"featured_media":0,"parent":0,"menu_order":0,"comment_status":"closed","ping_status":"closed","template":"","meta":{"footnotes":""},"class_list":["post-129","page","type-page","status-publish","hentry"],"yoast_head":"<!-- This site is optimized with the Yoast SEO plugin v27.2 - https:\/\/yoast.com\/product\/yoast-seo-wordpress\/ -->\n<title>Euser - Service \/ FPMS - Electronique et Micro\u00e9lectronique<\/title>\n<meta name=\"robots\" content=\"index, follow, max-snippet:-1, max-image-preview:large, max-video-preview:-1\" \/>\n<link rel=\"canonical\" href=\"https:\/\/web.umons.ac.be\/semi\/euser\/\" \/>\n<meta property=\"og:locale\" content=\"fr_FR\" \/>\n<meta property=\"og:type\" content=\"article\" \/>\n<meta property=\"og:title\" content=\"Euser - Service \/ FPMS - Electronique et Micro\u00e9lectronique\" \/>\n<meta property=\"og:description\" content=\"Le premier objectif de la recherche est la d\u00e9finition d\u2019un RFID \u00ab intelligent \u00bb, dot\u00e9 d\u2019une certaine puissance de calcul le rendant capable d\u2019effectuer des op\u00e9rations cryptographiques, tout en gardant un co\u00fbt minimal. Le deuxi\u00e8me objectif est d\u2019\u00e9tudier et de mettre en \u0153uvre des processeurs cryptographiques \u00e0 faible co\u00fbt et faible consommation, int\u00e9grables \u00e0 la [&hellip;]\" \/>\n<meta property=\"og:url\" content=\"https:\/\/web.umons.ac.be\/semi\/euser\/\" \/>\n<meta property=\"og:site_name\" content=\"Service \/ FPMS - Electronique et Micro\u00e9lectronique\" \/>\n<meta property=\"article:modified_time\" content=\"2022-06-14T08:33:12+00:00\" \/>\n<meta name=\"twitter:card\" content=\"summary_large_image\" \/>\n<meta name=\"twitter:label1\" content=\"Dur\u00e9e de lecture estim\u00e9e\" \/>\n\t<meta name=\"twitter:data1\" content=\"1 minute\" \/>\n<script type=\"application\/ld+json\" class=\"yoast-schema-graph\">{\"@context\":\"https:\/\/schema.org\",\"@graph\":[{\"@type\":\"WebPage\",\"@id\":\"https:\/\/web.umons.ac.be\/semi\/euser\/\",\"url\":\"https:\/\/web.umons.ac.be\/semi\/euser\/\",\"name\":\"Euser - Service \/ FPMS - Electronique et Micro\u00e9lectronique\",\"isPartOf\":{\"@id\":\"https:\/\/web.umons.ac.be\/semi\/#website\"},\"datePublished\":\"2022-06-14T08:33:11+00:00\",\"dateModified\":\"2022-06-14T08:33:12+00:00\",\"breadcrumb\":{\"@id\":\"https:\/\/web.umons.ac.be\/semi\/euser\/#breadcrumb\"},\"inLanguage\":\"fr-FR\",\"potentialAction\":[{\"@type\":\"ReadAction\",\"target\":[\"https:\/\/web.umons.ac.be\/semi\/euser\/\"]}]},{\"@type\":\"BreadcrumbList\",\"@id\":\"https:\/\/web.umons.ac.be\/semi\/euser\/#breadcrumb\",\"itemListElement\":[{\"@type\":\"ListItem\",\"position\":1,\"name\":\"Home\",\"item\":\"https:\/\/web.umons.ac.be\/semi\/\"},{\"@type\":\"ListItem\",\"position\":2,\"name\":\"Euser\"}]},{\"@type\":\"WebSite\",\"@id\":\"https:\/\/web.umons.ac.be\/semi\/#website\",\"url\":\"https:\/\/web.umons.ac.be\/semi\/\",\"name\":\"Service \/ FPMS - Electronique et Micro\u00e9lectronique\",\"description\":\"\",\"potentialAction\":[{\"@type\":\"SearchAction\",\"target\":{\"@type\":\"EntryPoint\",\"urlTemplate\":\"https:\/\/web.umons.ac.be\/semi\/?s={search_term_string}\"},\"query-input\":{\"@type\":\"PropertyValueSpecification\",\"valueRequired\":true,\"valueName\":\"search_term_string\"}}],\"inLanguage\":\"fr-FR\"}]}<\/script>\n<!-- \/ Yoast SEO plugin. -->","yoast_head_json":{"title":"Euser - Service \/ FPMS - Electronique et Micro\u00e9lectronique","robots":{"index":"index","follow":"follow","max-snippet":"max-snippet:-1","max-image-preview":"max-image-preview:large","max-video-preview":"max-video-preview:-1"},"canonical":"https:\/\/web.umons.ac.be\/semi\/euser\/","og_locale":"fr_FR","og_type":"article","og_title":"Euser - Service \/ FPMS - Electronique et Micro\u00e9lectronique","og_description":"Le premier objectif de la recherche est la d\u00e9finition d\u2019un RFID \u00ab intelligent \u00bb, dot\u00e9 d\u2019une certaine puissance de calcul le rendant capable d\u2019effectuer des op\u00e9rations cryptographiques, tout en gardant un co\u00fbt minimal. Le deuxi\u00e8me objectif est d\u2019\u00e9tudier et de mettre en \u0153uvre des processeurs cryptographiques \u00e0 faible co\u00fbt et faible consommation, int\u00e9grables \u00e0 la [&hellip;]","og_url":"https:\/\/web.umons.ac.be\/semi\/euser\/","og_site_name":"Service \/ FPMS - Electronique et Micro\u00e9lectronique","article_modified_time":"2022-06-14T08:33:12+00:00","twitter_card":"summary_large_image","twitter_misc":{"Dur\u00e9e de lecture estim\u00e9e":"1 minute"},"schema":{"@context":"https:\/\/schema.org","@graph":[{"@type":"WebPage","@id":"https:\/\/web.umons.ac.be\/semi\/euser\/","url":"https:\/\/web.umons.ac.be\/semi\/euser\/","name":"Euser - Service \/ FPMS - Electronique et Micro\u00e9lectronique","isPartOf":{"@id":"https:\/\/web.umons.ac.be\/semi\/#website"},"datePublished":"2022-06-14T08:33:11+00:00","dateModified":"2022-06-14T08:33:12+00:00","breadcrumb":{"@id":"https:\/\/web.umons.ac.be\/semi\/euser\/#breadcrumb"},"inLanguage":"fr-FR","potentialAction":[{"@type":"ReadAction","target":["https:\/\/web.umons.ac.be\/semi\/euser\/"]}]},{"@type":"BreadcrumbList","@id":"https:\/\/web.umons.ac.be\/semi\/euser\/#breadcrumb","itemListElement":[{"@type":"ListItem","position":1,"name":"Home","item":"https:\/\/web.umons.ac.be\/semi\/"},{"@type":"ListItem","position":2,"name":"Euser"}]},{"@type":"WebSite","@id":"https:\/\/web.umons.ac.be\/semi\/#website","url":"https:\/\/web.umons.ac.be\/semi\/","name":"Service \/ FPMS - Electronique et Micro\u00e9lectronique","description":"","potentialAction":[{"@type":"SearchAction","target":{"@type":"EntryPoint","urlTemplate":"https:\/\/web.umons.ac.be\/semi\/?s={search_term_string}"},"query-input":{"@type":"PropertyValueSpecification","valueRequired":true,"valueName":"search_term_string"}}],"inLanguage":"fr-FR"}]}},"lang":"en","translations":{"en":129},"pll_sync_post":[],"_links":{"self":[{"href":"https:\/\/web.umons.ac.be\/semi\/wp-json\/wp\/v2\/pages\/129","targetHints":{"allow":["GET"]}}],"collection":[{"href":"https:\/\/web.umons.ac.be\/semi\/wp-json\/wp\/v2\/pages"}],"about":[{"href":"https:\/\/web.umons.ac.be\/semi\/wp-json\/wp\/v2\/types\/page"}],"author":[{"embeddable":true,"href":"https:\/\/web.umons.ac.be\/semi\/wp-json\/wp\/v2\/users\/95"}],"replies":[{"embeddable":true,"href":"https:\/\/web.umons.ac.be\/semi\/wp-json\/wp\/v2\/comments?post=129"}],"version-history":[{"count":1,"href":"https:\/\/web.umons.ac.be\/semi\/wp-json\/wp\/v2\/pages\/129\/revisions"}],"predecessor-version":[{"id":130,"href":"https:\/\/web.umons.ac.be\/semi\/wp-json\/wp\/v2\/pages\/129\/revisions\/130"}],"wp:attachment":[{"href":"https:\/\/web.umons.ac.be\/semi\/wp-json\/wp\/v2\/media?parent=129"}],"curies":[{"name":"wp","href":"https:\/\/api.w.org\/{rel}","templated":true}]}}