{"id":134,"date":"2022-06-14T10:36:55","date_gmt":"2022-06-14T08:36:55","guid":{"rendered":"https:\/\/web.umons.ac.be\/semi\/?page_id=134"},"modified":"2022-06-14T10:36:55","modified_gmt":"2022-06-14T08:36:55","slug":"senai-caa","status":"publish","type":"page","link":"https:\/\/web.umons.ac.be\/semi\/senai-caa\/","title":{"rendered":"SENAI CAA"},"content":{"rendered":"<p>Projet\/Coop\u00e9ration SENAI CIMATEC \u2013 FPMs SEMi<\/p>\n<p>Portable electronic system for augmentative communication for individuals with special necessities (CAA) (\u201cSistema eletr\u00f4nico port\u00e1til baseado na comunica\u00e7\u00e3o alternative aumentativa (CAA) para portadores de necessidades especiais \u00bb)<\/p>\n<p>SENAI CIMATEC<\/p>\n<p>Av. Orlando Gomes, 1845, Piat\u00e3, Salvador &#8211; BA, 41.650-010<\/p>\n<p>Contact : lucast@cimatec.fieb.org.br<\/p>\n<p>Phone: +55 (71) 3462-8449<\/p>\n<p>Web: <a href=\"http:\/\/www.senai.fieb.org.br\/\" target=\"_blank\" rel=\"noopener noreferrer\">www.senai.fieb.org.br<\/a><\/p>\n","protected":false},"excerpt":{"rendered":"<p>Projet\/Coop\u00e9ration SENAI CIMATEC \u2013 FPMs SEMi Portable electronic system for augmentative communication for individuals with special necessities (CAA) (\u201cSistema eletr\u00f4nico port\u00e1til baseado na comunica\u00e7\u00e3o alternative aumentativa (CAA) para portadores de necessidades especiais \u00bb) SENAI CIMATEC Av. Orlando Gomes, 1845, Piat\u00e3, Salvador &#8211; BA, 41.650-010 Contact : lucast@cimatec.fieb.org.br Phone: +55 (71) 3462-8449 Web: www.senai.fieb.org.br<\/p>\n","protected":false},"author":95,"featured_media":0,"parent":0,"menu_order":0,"comment_status":"closed","ping_status":"closed","template":"","meta":{"footnotes":""},"class_list":["post-134","page","type-page","status-publish","hentry"],"yoast_head":"<!-- This site is optimized with the Yoast SEO plugin v27.2 - https:\/\/yoast.com\/product\/yoast-seo-wordpress\/ -->\n<title>SENAI CAA - Service \/ FPMS - Electronique et Micro\u00e9lectronique<\/title>\n<meta name=\"robots\" content=\"index, follow, max-snippet:-1, max-image-preview:large, max-video-preview:-1\" \/>\n<link rel=\"canonical\" href=\"https:\/\/web.umons.ac.be\/semi\/senai-caa\/\" \/>\n<meta property=\"og:locale\" content=\"fr_FR\" \/>\n<meta property=\"og:type\" content=\"article\" \/>\n<meta property=\"og:title\" content=\"SENAI CAA - Service \/ FPMS - Electronique et Micro\u00e9lectronique\" \/>\n<meta property=\"og:description\" content=\"Projet\/Coop\u00e9ration SENAI CIMATEC \u2013 FPMs SEMi Portable electronic system for augmentative communication for individuals with special necessities (CAA) (\u201cSistema eletr\u00f4nico port\u00e1til baseado na comunica\u00e7\u00e3o alternative aumentativa (CAA) para portadores de necessidades especiais \u00bb) SENAI CIMATEC Av. Orlando Gomes, 1845, Piat\u00e3, Salvador &#8211; BA, 41.650-010 Contact : lucast@cimatec.fieb.org.br Phone: +55 (71) 3462-8449 Web: www.senai.fieb.org.br\" \/>\n<meta property=\"og:url\" content=\"https:\/\/web.umons.ac.be\/semi\/senai-caa\/\" \/>\n<meta property=\"og:site_name\" content=\"Service \/ FPMS - Electronique et Micro\u00e9lectronique\" \/>\n<meta name=\"twitter:card\" content=\"summary_large_image\" \/>\n<script type=\"application\/ld+json\" class=\"yoast-schema-graph\">{\"@context\":\"https:\/\/schema.org\",\"@graph\":[{\"@type\":\"WebPage\",\"@id\":\"https:\/\/web.umons.ac.be\/semi\/senai-caa\/\",\"url\":\"https:\/\/web.umons.ac.be\/semi\/senai-caa\/\",\"name\":\"SENAI CAA - Service \/ FPMS - Electronique et Micro\u00e9lectronique\",\"isPartOf\":{\"@id\":\"https:\/\/web.umons.ac.be\/semi\/#website\"},\"datePublished\":\"2022-06-14T08:36:55+00:00\",\"breadcrumb\":{\"@id\":\"https:\/\/web.umons.ac.be\/semi\/senai-caa\/#breadcrumb\"},\"inLanguage\":\"fr-FR\",\"potentialAction\":[{\"@type\":\"ReadAction\",\"target\":[\"https:\/\/web.umons.ac.be\/semi\/senai-caa\/\"]}]},{\"@type\":\"BreadcrumbList\",\"@id\":\"https:\/\/web.umons.ac.be\/semi\/senai-caa\/#breadcrumb\",\"itemListElement\":[{\"@type\":\"ListItem\",\"position\":1,\"name\":\"Home\",\"item\":\"https:\/\/web.umons.ac.be\/semi\/\"},{\"@type\":\"ListItem\",\"position\":2,\"name\":\"SENAI CAA\"}]},{\"@type\":\"WebSite\",\"@id\":\"https:\/\/web.umons.ac.be\/semi\/#website\",\"url\":\"https:\/\/web.umons.ac.be\/semi\/\",\"name\":\"Service \/ FPMS - Electronique et Micro\u00e9lectronique\",\"description\":\"\",\"potentialAction\":[{\"@type\":\"SearchAction\",\"target\":{\"@type\":\"EntryPoint\",\"urlTemplate\":\"https:\/\/web.umons.ac.be\/semi\/?s={search_term_string}\"},\"query-input\":{\"@type\":\"PropertyValueSpecification\",\"valueRequired\":true,\"valueName\":\"search_term_string\"}}],\"inLanguage\":\"fr-FR\"}]}<\/script>\n<!-- \/ Yoast SEO plugin. -->","yoast_head_json":{"title":"SENAI CAA - Service \/ FPMS - Electronique et Micro\u00e9lectronique","robots":{"index":"index","follow":"follow","max-snippet":"max-snippet:-1","max-image-preview":"max-image-preview:large","max-video-preview":"max-video-preview:-1"},"canonical":"https:\/\/web.umons.ac.be\/semi\/senai-caa\/","og_locale":"fr_FR","og_type":"article","og_title":"SENAI CAA - Service \/ FPMS - Electronique et Micro\u00e9lectronique","og_description":"Projet\/Coop\u00e9ration SENAI CIMATEC \u2013 FPMs SEMi Portable electronic system for augmentative communication for individuals with special necessities (CAA) (\u201cSistema eletr\u00f4nico port\u00e1til baseado na comunica\u00e7\u00e3o alternative aumentativa (CAA) para portadores de necessidades especiais \u00bb) SENAI CIMATEC Av. Orlando Gomes, 1845, Piat\u00e3, Salvador &#8211; BA, 41.650-010 Contact : lucast@cimatec.fieb.org.br Phone: +55 (71) 3462-8449 Web: www.senai.fieb.org.br","og_url":"https:\/\/web.umons.ac.be\/semi\/senai-caa\/","og_site_name":"Service \/ FPMS - Electronique et Micro\u00e9lectronique","twitter_card":"summary_large_image","schema":{"@context":"https:\/\/schema.org","@graph":[{"@type":"WebPage","@id":"https:\/\/web.umons.ac.be\/semi\/senai-caa\/","url":"https:\/\/web.umons.ac.be\/semi\/senai-caa\/","name":"SENAI CAA - Service \/ FPMS - Electronique et Micro\u00e9lectronique","isPartOf":{"@id":"https:\/\/web.umons.ac.be\/semi\/#website"},"datePublished":"2022-06-14T08:36:55+00:00","breadcrumb":{"@id":"https:\/\/web.umons.ac.be\/semi\/senai-caa\/#breadcrumb"},"inLanguage":"fr-FR","potentialAction":[{"@type":"ReadAction","target":["https:\/\/web.umons.ac.be\/semi\/senai-caa\/"]}]},{"@type":"BreadcrumbList","@id":"https:\/\/web.umons.ac.be\/semi\/senai-caa\/#breadcrumb","itemListElement":[{"@type":"ListItem","position":1,"name":"Home","item":"https:\/\/web.umons.ac.be\/semi\/"},{"@type":"ListItem","position":2,"name":"SENAI CAA"}]},{"@type":"WebSite","@id":"https:\/\/web.umons.ac.be\/semi\/#website","url":"https:\/\/web.umons.ac.be\/semi\/","name":"Service \/ FPMS - Electronique et Micro\u00e9lectronique","description":"","potentialAction":[{"@type":"SearchAction","target":{"@type":"EntryPoint","urlTemplate":"https:\/\/web.umons.ac.be\/semi\/?s={search_term_string}"},"query-input":{"@type":"PropertyValueSpecification","valueRequired":true,"valueName":"search_term_string"}}],"inLanguage":"fr-FR"}]}},"lang":"en","translations":{"en":134},"pll_sync_post":[],"_links":{"self":[{"href":"https:\/\/web.umons.ac.be\/semi\/wp-json\/wp\/v2\/pages\/134","targetHints":{"allow":["GET"]}}],"collection":[{"href":"https:\/\/web.umons.ac.be\/semi\/wp-json\/wp\/v2\/pages"}],"about":[{"href":"https:\/\/web.umons.ac.be\/semi\/wp-json\/wp\/v2\/types\/page"}],"author":[{"embeddable":true,"href":"https:\/\/web.umons.ac.be\/semi\/wp-json\/wp\/v2\/users\/95"}],"replies":[{"embeddable":true,"href":"https:\/\/web.umons.ac.be\/semi\/wp-json\/wp\/v2\/comments?post=134"}],"version-history":[{"count":1,"href":"https:\/\/web.umons.ac.be\/semi\/wp-json\/wp\/v2\/pages\/134\/revisions"}],"predecessor-version":[{"id":135,"href":"https:\/\/web.umons.ac.be\/semi\/wp-json\/wp\/v2\/pages\/134\/revisions\/135"}],"wp:attachment":[{"href":"https:\/\/web.umons.ac.be\/semi\/wp-json\/wp\/v2\/media?parent=134"}],"curies":[{"name":"wp","href":"https:\/\/api.w.org\/{rel}","templated":true}]}}