{"id":140,"date":"2022-06-14T10:39:32","date_gmt":"2022-06-14T08:39:32","guid":{"rendered":"https:\/\/web.umons.ac.be\/semi\/?page_id=140"},"modified":"2022-06-14T10:39:32","modified_gmt":"2022-06-14T08:39:32","slug":"siliconreef","status":"publish","type":"page","link":"https:\/\/web.umons.ac.be\/semi\/siliconreef\/","title":{"rendered":"SiliconReef"},"content":{"rendered":"<p style=\"text-align: justify\"><img decoding=\"async\" src=\"https:\/\/web.umons.ac.be\/app\/uploads\/sites\/115\/2022\/06\/siliconreef.png\" alt=\"siliconreef\" style=\"margin-right: 10px;float: left\" \/>Projet de coop\u00e9ration entre le <a href=\"http:\/\/www.cesar.org.br\" target=\"_self\" rel=\"noopener\">C.E.S.A.R.<\/a> (Centro de Estudos e Sistemas Avan\u00e7ados do Recife), le <a href=\"http:\/\/www.siliconreef.com.br\" target=\"_self\" rel=\"noopener\">SiliconReef<\/a>, soci\u00e9t\u00e9 priv\u00e9e sp\u00e9cialis\u00e9e dans la conception de circuits int\u00e9gr\u00e9s analogiques mixtes de faible consommation (private held company specialized on the development of low-power analog and mixed-signal integrated circuits) et le Service d\u2019Electronique et de Micro\u00e9lectronique de l\u2019Universit\u00e9 de Mons.&nbsp; Il vise \u00e0 la pr\u00e9paration des ing\u00e9nieurs au design des circuits int\u00e9gr\u00e9s, plus particuli\u00e8rement les convertisseurs de tension, et \u00e0 la conception de tels dispositifs sur silicium.<\/p>\n<p style=\"text-align: justify\">Le projet, d\u2019une dur\u00e9e de 2 ans est financ\u00e9 par le CNPq (Conselho Nacional de Desenvolvimento Cient\u00edfico e Tecnol\u00f3gico &#8211; http:\/\/www.cnpq.br\/), Conseil National pour le D\u00e9veloppement Scientifique et Technologique du Br\u00e9sil.<\/p>\n","protected":false},"excerpt":{"rendered":"<p>Projet de coop\u00e9ration entre le C.E.S.A.R. (Centro de Estudos e Sistemas Avan\u00e7ados do Recife), le SiliconReef, soci\u00e9t\u00e9 priv\u00e9e sp\u00e9cialis\u00e9e dans la conception de circuits int\u00e9gr\u00e9s analogiques mixtes de faible consommation (private held company specialized on the development of low-power analog and mixed-signal integrated circuits) et le Service d\u2019Electronique et de Micro\u00e9lectronique de l\u2019Universit\u00e9 de Mons.&nbsp; [&hellip;]<\/p>\n","protected":false},"author":95,"featured_media":0,"parent":0,"menu_order":0,"comment_status":"closed","ping_status":"closed","template":"","meta":{"footnotes":""},"class_list":["post-140","page","type-page","status-publish","hentry"],"yoast_head":"<!-- This site is optimized with the Yoast SEO plugin v27.2 - https:\/\/yoast.com\/product\/yoast-seo-wordpress\/ -->\n<title>SiliconReef - Service \/ FPMS - Electronique et Micro\u00e9lectronique<\/title>\n<meta name=\"robots\" content=\"index, follow, max-snippet:-1, max-image-preview:large, max-video-preview:-1\" \/>\n<link rel=\"canonical\" href=\"https:\/\/web.umons.ac.be\/semi\/siliconreef\/\" \/>\n<meta property=\"og:locale\" content=\"fr_FR\" \/>\n<meta property=\"og:type\" content=\"article\" \/>\n<meta property=\"og:title\" content=\"SiliconReef - Service \/ FPMS - Electronique et Micro\u00e9lectronique\" \/>\n<meta property=\"og:description\" content=\"Projet de coop\u00e9ration entre le C.E.S.A.R. (Centro de Estudos e Sistemas Avan\u00e7ados do Recife), le SiliconReef, soci\u00e9t\u00e9 priv\u00e9e sp\u00e9cialis\u00e9e dans la conception de circuits int\u00e9gr\u00e9s analogiques mixtes de faible consommation (private held company specialized on the development of low-power analog and mixed-signal integrated circuits) et le Service d\u2019Electronique et de Micro\u00e9lectronique de l\u2019Universit\u00e9 de Mons.&nbsp; [&hellip;]\" \/>\n<meta property=\"og:url\" content=\"https:\/\/web.umons.ac.be\/semi\/siliconreef\/\" \/>\n<meta property=\"og:site_name\" content=\"Service \/ FPMS - Electronique et Micro\u00e9lectronique\" \/>\n<meta property=\"og:image\" content=\"https:\/\/web.umons.ac.be\/app\/uploads\/sites\/115\/2022\/06\/siliconreef.png\" \/>\n<meta name=\"twitter:card\" content=\"summary_large_image\" \/>\n<meta name=\"twitter:label1\" content=\"Dur\u00e9e de lecture estim\u00e9e\" \/>\n\t<meta name=\"twitter:data1\" content=\"1 minute\" \/>\n<script type=\"application\/ld+json\" class=\"yoast-schema-graph\">{\"@context\":\"https:\/\/schema.org\",\"@graph\":[{\"@type\":\"WebPage\",\"@id\":\"https:\/\/web.umons.ac.be\/semi\/siliconreef\/\",\"url\":\"https:\/\/web.umons.ac.be\/semi\/siliconreef\/\",\"name\":\"SiliconReef - Service \/ FPMS - Electronique et Micro\u00e9lectronique\",\"isPartOf\":{\"@id\":\"https:\/\/web.umons.ac.be\/semi\/#website\"},\"primaryImageOfPage\":{\"@id\":\"https:\/\/web.umons.ac.be\/semi\/siliconreef\/#primaryimage\"},\"image\":{\"@id\":\"https:\/\/web.umons.ac.be\/semi\/siliconreef\/#primaryimage\"},\"thumbnailUrl\":\"https:\/\/web.umons.ac.be\/app\/uploads\/sites\/115\/2022\/06\/siliconreef.png\",\"datePublished\":\"2022-06-14T08:39:32+00:00\",\"breadcrumb\":{\"@id\":\"https:\/\/web.umons.ac.be\/semi\/siliconreef\/#breadcrumb\"},\"inLanguage\":\"fr-FR\",\"potentialAction\":[{\"@type\":\"ReadAction\",\"target\":[\"https:\/\/web.umons.ac.be\/semi\/siliconreef\/\"]}]},{\"@type\":\"ImageObject\",\"inLanguage\":\"fr-FR\",\"@id\":\"https:\/\/web.umons.ac.be\/semi\/siliconreef\/#primaryimage\",\"url\":\"https:\/\/web.umons.ac.be\/app\/uploads\/sites\/115\/2022\/06\/siliconreef.png\",\"contentUrl\":\"https:\/\/web.umons.ac.be\/app\/uploads\/sites\/115\/2022\/06\/siliconreef.png\"},{\"@type\":\"BreadcrumbList\",\"@id\":\"https:\/\/web.umons.ac.be\/semi\/siliconreef\/#breadcrumb\",\"itemListElement\":[{\"@type\":\"ListItem\",\"position\":1,\"name\":\"Home\",\"item\":\"https:\/\/web.umons.ac.be\/semi\/\"},{\"@type\":\"ListItem\",\"position\":2,\"name\":\"SiliconReef\"}]},{\"@type\":\"WebSite\",\"@id\":\"https:\/\/web.umons.ac.be\/semi\/#website\",\"url\":\"https:\/\/web.umons.ac.be\/semi\/\",\"name\":\"Service \/ FPMS - Electronique et Micro\u00e9lectronique\",\"description\":\"\",\"potentialAction\":[{\"@type\":\"SearchAction\",\"target\":{\"@type\":\"EntryPoint\",\"urlTemplate\":\"https:\/\/web.umons.ac.be\/semi\/?s={search_term_string}\"},\"query-input\":{\"@type\":\"PropertyValueSpecification\",\"valueRequired\":true,\"valueName\":\"search_term_string\"}}],\"inLanguage\":\"fr-FR\"}]}<\/script>\n<!-- \/ Yoast SEO plugin. -->","yoast_head_json":{"title":"SiliconReef - Service \/ FPMS - Electronique et Micro\u00e9lectronique","robots":{"index":"index","follow":"follow","max-snippet":"max-snippet:-1","max-image-preview":"max-image-preview:large","max-video-preview":"max-video-preview:-1"},"canonical":"https:\/\/web.umons.ac.be\/semi\/siliconreef\/","og_locale":"fr_FR","og_type":"article","og_title":"SiliconReef - Service \/ FPMS - Electronique et Micro\u00e9lectronique","og_description":"Projet de coop\u00e9ration entre le C.E.S.A.R. (Centro de Estudos e Sistemas Avan\u00e7ados do Recife), le SiliconReef, soci\u00e9t\u00e9 priv\u00e9e sp\u00e9cialis\u00e9e dans la conception de circuits int\u00e9gr\u00e9s analogiques mixtes de faible consommation (private held company specialized on the development of low-power analog and mixed-signal integrated circuits) et le Service d\u2019Electronique et de Micro\u00e9lectronique de l\u2019Universit\u00e9 de Mons.&nbsp; [&hellip;]","og_url":"https:\/\/web.umons.ac.be\/semi\/siliconreef\/","og_site_name":"Service \/ FPMS - Electronique et Micro\u00e9lectronique","og_image":[{"url":"https:\/\/web.umons.ac.be\/app\/uploads\/sites\/115\/2022\/06\/siliconreef.png","type":"","width":"","height":""}],"twitter_card":"summary_large_image","twitter_misc":{"Dur\u00e9e de lecture estim\u00e9e":"1 minute"},"schema":{"@context":"https:\/\/schema.org","@graph":[{"@type":"WebPage","@id":"https:\/\/web.umons.ac.be\/semi\/siliconreef\/","url":"https:\/\/web.umons.ac.be\/semi\/siliconreef\/","name":"SiliconReef - Service \/ FPMS - Electronique et Micro\u00e9lectronique","isPartOf":{"@id":"https:\/\/web.umons.ac.be\/semi\/#website"},"primaryImageOfPage":{"@id":"https:\/\/web.umons.ac.be\/semi\/siliconreef\/#primaryimage"},"image":{"@id":"https:\/\/web.umons.ac.be\/semi\/siliconreef\/#primaryimage"},"thumbnailUrl":"https:\/\/web.umons.ac.be\/app\/uploads\/sites\/115\/2022\/06\/siliconreef.png","datePublished":"2022-06-14T08:39:32+00:00","breadcrumb":{"@id":"https:\/\/web.umons.ac.be\/semi\/siliconreef\/#breadcrumb"},"inLanguage":"fr-FR","potentialAction":[{"@type":"ReadAction","target":["https:\/\/web.umons.ac.be\/semi\/siliconreef\/"]}]},{"@type":"ImageObject","inLanguage":"fr-FR","@id":"https:\/\/web.umons.ac.be\/semi\/siliconreef\/#primaryimage","url":"https:\/\/web.umons.ac.be\/app\/uploads\/sites\/115\/2022\/06\/siliconreef.png","contentUrl":"https:\/\/web.umons.ac.be\/app\/uploads\/sites\/115\/2022\/06\/siliconreef.png"},{"@type":"BreadcrumbList","@id":"https:\/\/web.umons.ac.be\/semi\/siliconreef\/#breadcrumb","itemListElement":[{"@type":"ListItem","position":1,"name":"Home","item":"https:\/\/web.umons.ac.be\/semi\/"},{"@type":"ListItem","position":2,"name":"SiliconReef"}]},{"@type":"WebSite","@id":"https:\/\/web.umons.ac.be\/semi\/#website","url":"https:\/\/web.umons.ac.be\/semi\/","name":"Service \/ FPMS - Electronique et Micro\u00e9lectronique","description":"","potentialAction":[{"@type":"SearchAction","target":{"@type":"EntryPoint","urlTemplate":"https:\/\/web.umons.ac.be\/semi\/?s={search_term_string}"},"query-input":{"@type":"PropertyValueSpecification","valueRequired":true,"valueName":"search_term_string"}}],"inLanguage":"fr-FR"}]}},"lang":"en","translations":{"en":140},"pll_sync_post":[],"_links":{"self":[{"href":"https:\/\/web.umons.ac.be\/semi\/wp-json\/wp\/v2\/pages\/140","targetHints":{"allow":["GET"]}}],"collection":[{"href":"https:\/\/web.umons.ac.be\/semi\/wp-json\/wp\/v2\/pages"}],"about":[{"href":"https:\/\/web.umons.ac.be\/semi\/wp-json\/wp\/v2\/types\/page"}],"author":[{"embeddable":true,"href":"https:\/\/web.umons.ac.be\/semi\/wp-json\/wp\/v2\/users\/95"}],"replies":[{"embeddable":true,"href":"https:\/\/web.umons.ac.be\/semi\/wp-json\/wp\/v2\/comments?post=140"}],"version-history":[{"count":1,"href":"https:\/\/web.umons.ac.be\/semi\/wp-json\/wp\/v2\/pages\/140\/revisions"}],"predecessor-version":[{"id":141,"href":"https:\/\/web.umons.ac.be\/semi\/wp-json\/wp\/v2\/pages\/140\/revisions\/141"}],"wp:attachment":[{"href":"https:\/\/web.umons.ac.be\/semi\/wp-json\/wp\/v2\/media?parent=140"}],"curies":[{"name":"wp","href":"https:\/\/api.w.org\/{rel}","templated":true}]}}