{"id":142,"date":"2022-06-14T10:40:06","date_gmt":"2022-06-14T08:40:06","guid":{"rendered":"https:\/\/web.umons.ac.be\/semi\/?page_id=142"},"modified":"2022-06-14T10:40:06","modified_gmt":"2022-06-14T08:40:06","slug":"tracemedia","status":"publish","type":"page","link":"https:\/\/web.umons.ac.be\/semi\/tracemedia\/","title":{"rendered":"Tracemedia"},"content":{"rendered":"<p style=\"text-align: justify\">Programmation 2007-2013 des Fonds structurels europ\u00e9ens Programme \u00ab Convergence \u00bb &#8211; FEDER<\/p>\n<p style=\"text-align: justify\">\u00ab\u00a0Valorisation du potentiel des centres de recherche\u00a0\u00bb, portefeuille de projets \u00ab MEDIATIC \u00bb, plateforme syst\u00e8mes et capteurs pour la tra\u00e7abilit\u00e9 \u00ab\u00a0TRACE-MEDIA\u00a0\u00bb<\/p>\n<p style=\"text-align: justify\">Le volet Trace-Media a pour objectif le d\u00e9veloppement d&rsquo;une plateforme ultraperformante et multimodale pour la capture de donn\u00e9es provenant de r\u00e9seaux de senseurs, tout en offrant la couche applicative intergicielle (middleware) pour le pr\u00e9traitement, la fusion, la classification, et l&rsquo;extraction des donn\u00e9es. Cette plateforme int\u00e9grera un module de gestion de flux et d&rsquo;optimisation pour l&rsquo;aide \u00e0 la prise de d\u00e9cisions concernant des donn\u00e9es relatives \u00e0 la tra\u00e7abilit\u00e9, que ce soit dans un contexte de production, d&rsquo;automatisation, de gestion d&rsquo;actifs, pour le monde du transport, de la logistique et la production industrielle, ou de la sant\u00e9. Le d\u00e9veloppement de la plateforme passe aussi par la mise en place d&rsquo;une structure de valorisation de la recherche ainsi que la coordination des activit\u00e9s de services et d\u00e9veloppements industriels \u00e0 partir des briques technologiques qui seront mis en place par le projet.<\/p>\n","protected":false},"excerpt":{"rendered":"<p>Programmation 2007-2013 des Fonds structurels europ\u00e9ens Programme \u00ab Convergence \u00bb &#8211; FEDER \u00ab\u00a0Valorisation du potentiel des centres de recherche\u00a0\u00bb, portefeuille de projets \u00ab MEDIATIC \u00bb, plateforme syst\u00e8mes et capteurs pour la tra\u00e7abilit\u00e9 \u00ab\u00a0TRACE-MEDIA\u00a0\u00bb Le volet Trace-Media a pour objectif le d\u00e9veloppement d&rsquo;une plateforme ultraperformante et multimodale pour la capture de donn\u00e9es provenant de r\u00e9seaux de [&hellip;]<\/p>\n","protected":false},"author":95,"featured_media":0,"parent":0,"menu_order":0,"comment_status":"closed","ping_status":"closed","template":"","meta":{"footnotes":""},"class_list":["post-142","page","type-page","status-publish","hentry"],"yoast_head":"<!-- This site is optimized with the Yoast SEO plugin v27.2 - https:\/\/yoast.com\/product\/yoast-seo-wordpress\/ -->\n<title>Tracemedia - Service \/ FPMS - Electronique et Micro\u00e9lectronique<\/title>\n<meta name=\"robots\" content=\"index, follow, max-snippet:-1, max-image-preview:large, max-video-preview:-1\" \/>\n<link rel=\"canonical\" href=\"https:\/\/web.umons.ac.be\/semi\/tracemedia\/\" \/>\n<meta property=\"og:locale\" content=\"fr_FR\" \/>\n<meta property=\"og:type\" content=\"article\" \/>\n<meta property=\"og:title\" content=\"Tracemedia - Service \/ FPMS - Electronique et Micro\u00e9lectronique\" \/>\n<meta property=\"og:description\" content=\"Programmation 2007-2013 des Fonds structurels europ\u00e9ens Programme \u00ab Convergence \u00bb &#8211; FEDER \u00ab\u00a0Valorisation du potentiel des centres de recherche\u00a0\u00bb, portefeuille de projets \u00ab MEDIATIC \u00bb, plateforme syst\u00e8mes et capteurs pour la tra\u00e7abilit\u00e9 \u00ab\u00a0TRACE-MEDIA\u00a0\u00bb Le volet Trace-Media a pour objectif le d\u00e9veloppement d&rsquo;une plateforme ultraperformante et multimodale pour la capture de donn\u00e9es provenant de r\u00e9seaux de [&hellip;]\" \/>\n<meta property=\"og:url\" content=\"https:\/\/web.umons.ac.be\/semi\/tracemedia\/\" \/>\n<meta property=\"og:site_name\" content=\"Service \/ FPMS - Electronique et Micro\u00e9lectronique\" \/>\n<meta name=\"twitter:card\" content=\"summary_large_image\" \/>\n<meta name=\"twitter:label1\" content=\"Dur\u00e9e de lecture estim\u00e9e\" \/>\n\t<meta name=\"twitter:data1\" content=\"1 minute\" \/>\n<script type=\"application\/ld+json\" class=\"yoast-schema-graph\">{\"@context\":\"https:\/\/schema.org\",\"@graph\":[{\"@type\":\"WebPage\",\"@id\":\"https:\/\/web.umons.ac.be\/semi\/tracemedia\/\",\"url\":\"https:\/\/web.umons.ac.be\/semi\/tracemedia\/\",\"name\":\"Tracemedia - Service \/ FPMS - Electronique et Micro\u00e9lectronique\",\"isPartOf\":{\"@id\":\"https:\/\/web.umons.ac.be\/semi\/#website\"},\"datePublished\":\"2022-06-14T08:40:06+00:00\",\"breadcrumb\":{\"@id\":\"https:\/\/web.umons.ac.be\/semi\/tracemedia\/#breadcrumb\"},\"inLanguage\":\"fr-FR\",\"potentialAction\":[{\"@type\":\"ReadAction\",\"target\":[\"https:\/\/web.umons.ac.be\/semi\/tracemedia\/\"]}]},{\"@type\":\"BreadcrumbList\",\"@id\":\"https:\/\/web.umons.ac.be\/semi\/tracemedia\/#breadcrumb\",\"itemListElement\":[{\"@type\":\"ListItem\",\"position\":1,\"name\":\"Home\",\"item\":\"https:\/\/web.umons.ac.be\/semi\/\"},{\"@type\":\"ListItem\",\"position\":2,\"name\":\"Tracemedia\"}]},{\"@type\":\"WebSite\",\"@id\":\"https:\/\/web.umons.ac.be\/semi\/#website\",\"url\":\"https:\/\/web.umons.ac.be\/semi\/\",\"name\":\"Service \/ FPMS - Electronique et Micro\u00e9lectronique\",\"description\":\"\",\"potentialAction\":[{\"@type\":\"SearchAction\",\"target\":{\"@type\":\"EntryPoint\",\"urlTemplate\":\"https:\/\/web.umons.ac.be\/semi\/?s={search_term_string}\"},\"query-input\":{\"@type\":\"PropertyValueSpecification\",\"valueRequired\":true,\"valueName\":\"search_term_string\"}}],\"inLanguage\":\"fr-FR\"}]}<\/script>\n<!-- \/ Yoast SEO plugin. -->","yoast_head_json":{"title":"Tracemedia - Service \/ FPMS - Electronique et Micro\u00e9lectronique","robots":{"index":"index","follow":"follow","max-snippet":"max-snippet:-1","max-image-preview":"max-image-preview:large","max-video-preview":"max-video-preview:-1"},"canonical":"https:\/\/web.umons.ac.be\/semi\/tracemedia\/","og_locale":"fr_FR","og_type":"article","og_title":"Tracemedia - Service \/ FPMS - Electronique et Micro\u00e9lectronique","og_description":"Programmation 2007-2013 des Fonds structurels europ\u00e9ens Programme \u00ab Convergence \u00bb &#8211; FEDER \u00ab\u00a0Valorisation du potentiel des centres de recherche\u00a0\u00bb, portefeuille de projets \u00ab MEDIATIC \u00bb, plateforme syst\u00e8mes et capteurs pour la tra\u00e7abilit\u00e9 \u00ab\u00a0TRACE-MEDIA\u00a0\u00bb Le volet Trace-Media a pour objectif le d\u00e9veloppement d&rsquo;une plateforme ultraperformante et multimodale pour la capture de donn\u00e9es provenant de r\u00e9seaux de [&hellip;]","og_url":"https:\/\/web.umons.ac.be\/semi\/tracemedia\/","og_site_name":"Service \/ FPMS - Electronique et Micro\u00e9lectronique","twitter_card":"summary_large_image","twitter_misc":{"Dur\u00e9e de lecture estim\u00e9e":"1 minute"},"schema":{"@context":"https:\/\/schema.org","@graph":[{"@type":"WebPage","@id":"https:\/\/web.umons.ac.be\/semi\/tracemedia\/","url":"https:\/\/web.umons.ac.be\/semi\/tracemedia\/","name":"Tracemedia - Service \/ FPMS - Electronique et Micro\u00e9lectronique","isPartOf":{"@id":"https:\/\/web.umons.ac.be\/semi\/#website"},"datePublished":"2022-06-14T08:40:06+00:00","breadcrumb":{"@id":"https:\/\/web.umons.ac.be\/semi\/tracemedia\/#breadcrumb"},"inLanguage":"fr-FR","potentialAction":[{"@type":"ReadAction","target":["https:\/\/web.umons.ac.be\/semi\/tracemedia\/"]}]},{"@type":"BreadcrumbList","@id":"https:\/\/web.umons.ac.be\/semi\/tracemedia\/#breadcrumb","itemListElement":[{"@type":"ListItem","position":1,"name":"Home","item":"https:\/\/web.umons.ac.be\/semi\/"},{"@type":"ListItem","position":2,"name":"Tracemedia"}]},{"@type":"WebSite","@id":"https:\/\/web.umons.ac.be\/semi\/#website","url":"https:\/\/web.umons.ac.be\/semi\/","name":"Service \/ FPMS - Electronique et Micro\u00e9lectronique","description":"","potentialAction":[{"@type":"SearchAction","target":{"@type":"EntryPoint","urlTemplate":"https:\/\/web.umons.ac.be\/semi\/?s={search_term_string}"},"query-input":{"@type":"PropertyValueSpecification","valueRequired":true,"valueName":"search_term_string"}}],"inLanguage":"fr-FR"}]}},"lang":"en","translations":{"en":142},"pll_sync_post":[],"_links":{"self":[{"href":"https:\/\/web.umons.ac.be\/semi\/wp-json\/wp\/v2\/pages\/142","targetHints":{"allow":["GET"]}}],"collection":[{"href":"https:\/\/web.umons.ac.be\/semi\/wp-json\/wp\/v2\/pages"}],"about":[{"href":"https:\/\/web.umons.ac.be\/semi\/wp-json\/wp\/v2\/types\/page"}],"author":[{"embeddable":true,"href":"https:\/\/web.umons.ac.be\/semi\/wp-json\/wp\/v2\/users\/95"}],"replies":[{"embeddable":true,"href":"https:\/\/web.umons.ac.be\/semi\/wp-json\/wp\/v2\/comments?post=142"}],"version-history":[{"count":1,"href":"https:\/\/web.umons.ac.be\/semi\/wp-json\/wp\/v2\/pages\/142\/revisions"}],"predecessor-version":[{"id":143,"href":"https:\/\/web.umons.ac.be\/semi\/wp-json\/wp\/v2\/pages\/142\/revisions\/143"}],"wp:attachment":[{"href":"https:\/\/web.umons.ac.be\/semi\/wp-json\/wp\/v2\/media?parent=142"}],"curies":[{"name":"wp","href":"https:\/\/api.w.org\/{rel}","templated":true}]}}