{"id":153,"date":"2022-06-14T10:53:33","date_gmt":"2022-06-14T08:53:33","guid":{"rendered":"https:\/\/web.umons.ac.be\/semi\/?page_id=153"},"modified":"2022-06-14T10:53:33","modified_gmt":"2022-06-14T08:53:33","slug":"simius","status":"publish","type":"page","link":"https:\/\/web.umons.ac.be\/semi\/simius\/","title":{"rendered":"Simius"},"content":{"rendered":"<p><img decoding=\"async\" style=\"margin-left: auto;margin-right: auto\" src=\"https:\/\/web.umons.ac.be\/app\/uploads\/sites\/115\/2022\/06\/logo_simius.png\" alt=\"logo simius\" \/><\/p>\n<p style=\"text-align: justify\"><span style=\"font-size: 14pt\"><strong>Pourquoi<\/strong><strong> le nom Simius?<\/strong><\/span><\/p>\n<p style=\"text-align: justify\"><img loading=\"lazy\" decoding=\"async\" style=\"margin: 0px 10px 0px 0px;float: left\" title=\"Singe du grand garde\" src=\"https:\/\/web.umons.ac.be\/app\/uploads\/sites\/115\/2022\/06\/2001singe.jpg\" alt=\"Singe du grand garde\" width=\"73\" height=\"107\" \/><\/p>\n<p style=\"text-align: justify\">Mais c&rsquo;est tout simple, comme la Facult\u00e9 se trouve \u00e0 Mons et que un des embl\u00e8mes de Mons est le Singe (<em>Singe du grand garde sur la place de <a title=\"Site de Mons\" target=\"_blank\" data-mce-hrefundefined=\"\" rel=\"noopener\">Mons<\/a><\/em>) nous avons donc choisi de nommer la carte \u00ab\u00a0<span style=\"color: #ffcc00\"><strong>SIMIUS<\/strong><\/span>\u00a0\u00bb qui veut simplement dire \u00ab\u00a0singe\u00a0\u00bb en Latin.<\/p>\n<p style=\"text-align: justify\">Dans un premier temps, la carte Simius fut cr\u00e9\u00e9e au sein du <a title=\"Service d'\u00e9lectronique et de micro\u00e9lectronique\" href=\"http:\/\/www.semi.fpms.ac.be\/\" target=\"_blank\" rel=\"noopener\">service d&rsquo;\u00e9lectronique et de micro\u00e9lectronique<\/a> de l&rsquo;<a title=\"Site UMons\" href=\"http:\/\/www.umons.ac.be\" target=\"_blank\" rel=\"noopener\">UMons<\/a> (anciennement \u00ab\u00a0Facult\u00e9 Polytechnique de Mons\u00a0\u00bb) pour un syst\u00e8me embarqu\u00e9 afin de tester la possibilit\u00e9 de g\u00e9rer un\u00a0 <a title=\"GPS\" href=\"https:\/\/web.umons.ac.be\/semi\/wp-includes\/js\/tinymce\/Service \/ FPMS - Electronique et Micro\u00e9lectronique\/index.php?option=com_content&amp;view=article&amp;id=5&amp;Itemid=8\" target=\"_self\" rel=\"noopener\">GPS<\/a> et un <a title=\"Acc\u00e9l\u00e9rom\u00e8tre\" href=\"https:\/\/web.umons.ac.be\/semi\/wp-includes\/js\/tinymce\/Service \/ FPMS - Electronique et Micro\u00e9lectronique\/index.php?option=com_content&amp;view=article&amp;id=4&amp;Itemid=7\" target=\"_self\" rel=\"noopener\">acc\u00e9l\u00e9rom\u00e8tre<\/a> dans le cadre d&rsquo;un projet pour la mesure de d\u00e9placement en temps r\u00e9el.<\/p>\n<p style=\"text-align: justify\"><strong><span style=\"font-size: 12pt\">Que fait la carte SiMiUS?<\/span><\/strong><\/p>\n<p style=\"text-align: justify\">Cette carte fut pens\u00e9e pour qu&rsquo;elle soit en partie universelle de telle mani\u00e8re \u00e0 ce qu&rsquo;elle puisse accepter d&rsquo;autres capteurs (lumi\u00e8re, temp\u00e9rature, et autres) qui se connectent principalement sur le bus <a title=\"Bus I2C\" href=\"https:\/\/web.umons.ac.be\/semi\/wp-includes\/js\/tinymce\/Service \/ FPMS - Electronique et Micro\u00e9lectronique\/index.php?option=com_content&amp;view=article&amp;id=6&amp;Itemid=9\" target=\"_self\" rel=\"noopener\">I2C <\/a>ou <a title=\"Bus SPI\" href=\"https:\/\/web.umons.ac.be\/semi\/wp-includes\/js\/tinymce\/Service \/ FPMS - Electronique et Micro\u00e9lectronique\/index.php?option=com_content&amp;view=article&amp;id=9&amp;Itemid=12\" target=\"_self\" rel=\"noopener\">SPI <\/a>afin de r\u00e9duire le nombre de connexions vers la carte. La carte Simius contribue aussi \u00e0 la r\u00e9alisation de divers petits <a title=\"Vid\u00e9os Projets Etudiants\" href=\"https:\/\/web.umons.ac.be\/semi\/wp-includes\/js\/tinymce\/Service \/ FPMS - Electronique et Micro\u00e9lectronique\/index.php?option=com_content&amp;view=article&amp;id=3&amp;Itemid=4\" target=\"_self\" rel=\"noopener\">projets d&rsquo;\u00e9tudiants<\/a> dans le cours de microprocesseur et de syst\u00e8me embarqu\u00e9 afin de mettre en pratique les divers exercices et exemples qui leurs sont donn\u00e9s afin qu&rsquo;ils puissent se familiariser avec ce type de syst\u00e8me.<\/p>\n<p style=\"text-align: justify\">Cette carte est capable d&rsquo;acqu\u00e9rir des informations en temps r\u00e9el par le biais du bus I2C ou de l&rsquo;interface s\u00e9rie et de les afficher sur un <a title=\"Afficheur LCD\" href=\"https:\/\/web.umons.ac.be\/semi\/wp-includes\/js\/tinymce\/Service \/ FPMS - Electronique et Micro\u00e9lectronique\/index.php?option=com_content&amp;view=article&amp;id=7&amp;Itemid=10\" target=\"_self\" rel=\"noopener\">\u00e9cran LCD<\/a> qui peut y \u00eatre ajout\u00e9 sur le connecteur appropri\u00e9.<\/p>\n<p style=\"text-align: justify\">Sur la carte Simius, on peut noter aussi que nous utilisons plusieurs modes de communications vers les divers p\u00e9riph\u00e9riques, entres autres : la communication s\u00e9rie en norme <a title=\"RS232\" href=\"https:\/\/web.umons.ac.be\/semi\/wp-includes\/js\/tinymce\/Service \/ FPMS - Electronique et Micro\u00e9lectronique\/index.php?Itemid=11\" target=\"_self\" rel=\"noopener\">RS232<\/a> (via Max232) en logique 12 Volts ainsi qu&rsquo;en TTL 5 Volts, la communication sur bus I2C et la communication parall\u00e8le (I\/O).<\/p>\n<p style=\"text-align: justify\">Cette carte n\u2019est pas fig\u00e9e et elle peut \u00e9voluer car avec les diff\u00e9rents modes de connexion utilis\u00e9s sur ce module, il est possible dans le futur, d\u2019y ajouter d\u2019autres p\u00e9riph\u00e9riques du genre : connexion Zigbee, <a title=\"Bluetooth\" href=\"https:\/\/web.umons.ac.be\/semi\/wp-includes\/js\/tinymce\/Service \/ FPMS - Electronique et Micro\u00e9lectronique\/index.php?option=com_content&amp;view=article&amp;id=16&amp;Itemid=20\" target=\"_self\" rel=\"noopener\">Bluetooth<\/a>, carte m\u00e9moire S\u00e9cure Digitale SD ou MMC et m\u00eame d\u2019utiliser cette carte \u00e0 d\u2019autre fin que la capture de trame GPS sur le bus s\u00e9rie.<\/p>\n<p style=\"text-align: justify\">D&rsquo;autres versions de cette carte pourront\u00a0 \u00eatre cr\u00e9\u00e9e (ex: <a title=\"Mini Simius\" href=\"https:\/\/web.umons.ac.be\/semi\/wp-includes\/js\/tinymce\/Service \/ FPMS - Electronique et Micro\u00e9lectronique\/index.php?option=com_content&amp;view=article&amp;id=20&amp;Itemid=24\" target=\"_self\" rel=\"noopener\">Mini Simius<\/a>) en\u00a0 fonction des\u00a0 id\u00e9es et\u00a0 projets,\u00a0\u00a0 il sera entre autre possible d\u2019utiliser cette carte pour commander des moteurs, de faire des acquisitions vers\u00a0 les entr\u00e9es ADC,\u00a0 donc cette carte sera polyvalente et elle pourra \u00eatre utilis\u00e9e pour des projets divers.<\/p>\n<p style=\"text-align: justify\">Pourquoi utiliser le bus I2c ou SPI sur notre projet ? Pour la simple raison que le bus I2c ou SPI ne demande que quatre ou cinq connexions vers le p\u00e9riph\u00e9rique, 2 connexions sont pour l\u2019alimentation et 2 ou 3 connexions pour le bus de communication.<\/p>\n<p style=\"text-align: justify\">La carte Simius Version 1.0, contient donc:<\/p>\n<ul style=\"text-align: justify\">\n<li>Une double alimentation (5V et 3,3V).<\/li>\n<li>Un micro-contr\u00f4leur PIC de la famille 16F876 pour g\u00e9rer les p\u00e9riph\u00e9riques.<\/li>\n<li>Une interface RS232.<\/li>\n<li>Un afficheur LCD pour visualiser les informations.<\/li>\n<li>Un acc\u00e9l\u00e9rom\u00e8tre sur le bus I2C.<\/li>\n<li>Un bus I2C ou SPI.<\/li>\n<\/ul>\n<p style=\"text-align: justify\">Le micro-contr\u00f4leur Pic de Microchip a \u00e9tait s\u00e9lectionn\u00e9 pour sa facilit\u00e9 d&#8217;emploi et de programmation. En effet, il est possible d&rsquo;utiliser diff\u00e9rents langages pour programmer ce micro-contr\u00f4leur (Ex: assembleur, le &lsquo;C&rsquo;, le basic, la pascal,&#8230;). Dans notre cas, nous utilisons le langage Assembleur ainsi que le langage &lsquo;C&rsquo; de CCS pour plus de facilit\u00e9 et pour rester plus ou moins compatible avec la plupart des langages utilis\u00e9s.Vous pourrez donc d\u00e9couvrir au fur et \u00e0 mesure les divers projets propos\u00e9s et\/ou r\u00e9alis\u00e9s par les \u00e9tudiants dans la cadre de leurs cours dans l&rsquo;onglet <a title=\"Projets Pic\" href=\"https:\/\/web.umons.ac.be\/semi\/wp-includes\/js\/tinymce\/Service \/ FPMS - Electronique et Micro\u00e9lectronique\/index.php?option=com_content&amp;view=article&amp;id=18&amp;Itemid=22\" target=\"_self\" rel=\"noopener\">Projet Pic <\/a>qui se situe \u00e0 gauche. Des <a title=\"Vid\u00e9os\" href=\"https:\/\/web.umons.ac.be\/semi\/wp-includes\/js\/tinymce\/Service \/ FPMS - Electronique et Micro\u00e9lectronique\/index.php?option=com_content&amp;view=article&amp;id=3&amp;Itemid=4\" target=\"_self\" rel=\"noopener\">vid\u00e9os<\/a> sont aussi disponibles pour voir les divers avancements des projets r\u00e9alis\u00e9s.<\/p>\n","protected":false},"excerpt":{"rendered":"<p>Pourquoi le nom Simius? Mais c&rsquo;est tout simple, comme la Facult\u00e9 se trouve \u00e0 Mons et que un des embl\u00e8mes de Mons est le Singe (Singe du grand garde sur la place de Mons) nous avons donc choisi de nommer la carte \u00ab\u00a0SIMIUS\u00a0\u00bb qui veut simplement dire \u00ab\u00a0singe\u00a0\u00bb en Latin. Dans un premier temps, la [&hellip;]<\/p>\n","protected":false},"author":95,"featured_media":0,"parent":0,"menu_order":0,"comment_status":"closed","ping_status":"closed","template":"","meta":{"footnotes":""},"class_list":["post-153","page","type-page","status-publish","hentry"],"yoast_head":"<!-- This site is optimized with the Yoast SEO plugin v27.2 - https:\/\/yoast.com\/product\/yoast-seo-wordpress\/ -->\n<title>Simius - Service \/ FPMS - Electronique et Micro\u00e9lectronique<\/title>\n<meta name=\"robots\" content=\"index, follow, max-snippet:-1, max-image-preview:large, max-video-preview:-1\" \/>\n<link rel=\"canonical\" href=\"https:\/\/web.umons.ac.be\/semi\/simius\/\" \/>\n<meta property=\"og:locale\" content=\"fr_FR\" \/>\n<meta property=\"og:type\" content=\"article\" \/>\n<meta property=\"og:title\" content=\"Simius - Service \/ FPMS - Electronique et Micro\u00e9lectronique\" \/>\n<meta property=\"og:description\" content=\"Pourquoi le nom Simius? Mais c&rsquo;est tout simple, comme la Facult\u00e9 se trouve \u00e0 Mons et que un des embl\u00e8mes de Mons est le Singe (Singe du grand garde sur la place de Mons) nous avons donc choisi de nommer la carte \u00ab\u00a0SIMIUS\u00a0\u00bb qui veut simplement dire \u00ab\u00a0singe\u00a0\u00bb en Latin. Dans un premier temps, la [&hellip;]\" \/>\n<meta property=\"og:url\" content=\"https:\/\/web.umons.ac.be\/semi\/simius\/\" \/>\n<meta property=\"og:site_name\" content=\"Service \/ FPMS - Electronique et Micro\u00e9lectronique\" \/>\n<meta property=\"og:image\" content=\"https:\/\/web.umons.ac.be\/app\/uploads\/sites\/115\/2022\/06\/logo_simius.png\" \/>\n<meta name=\"twitter:card\" content=\"summary_large_image\" \/>\n<meta name=\"twitter:label1\" content=\"Dur\u00e9e de lecture estim\u00e9e\" \/>\n\t<meta name=\"twitter:data1\" content=\"3 minutes\" \/>\n<script type=\"application\/ld+json\" class=\"yoast-schema-graph\">{\"@context\":\"https:\/\/schema.org\",\"@graph\":[{\"@type\":\"WebPage\",\"@id\":\"https:\/\/web.umons.ac.be\/semi\/simius\/\",\"url\":\"https:\/\/web.umons.ac.be\/semi\/simius\/\",\"name\":\"Simius - Service \/ FPMS - Electronique et Micro\u00e9lectronique\",\"isPartOf\":{\"@id\":\"https:\/\/web.umons.ac.be\/semi\/#website\"},\"primaryImageOfPage\":{\"@id\":\"https:\/\/web.umons.ac.be\/semi\/simius\/#primaryimage\"},\"image\":{\"@id\":\"https:\/\/web.umons.ac.be\/semi\/simius\/#primaryimage\"},\"thumbnailUrl\":\"https:\/\/web.umons.ac.be\/app\/uploads\/sites\/115\/2022\/06\/logo_simius.png\",\"datePublished\":\"2022-06-14T08:53:33+00:00\",\"breadcrumb\":{\"@id\":\"https:\/\/web.umons.ac.be\/semi\/simius\/#breadcrumb\"},\"inLanguage\":\"fr-FR\",\"potentialAction\":[{\"@type\":\"ReadAction\",\"target\":[\"https:\/\/web.umons.ac.be\/semi\/simius\/\"]}]},{\"@type\":\"ImageObject\",\"inLanguage\":\"fr-FR\",\"@id\":\"https:\/\/web.umons.ac.be\/semi\/simius\/#primaryimage\",\"url\":\"https:\/\/web.umons.ac.be\/app\/uploads\/sites\/115\/2022\/06\/logo_simius.png\",\"contentUrl\":\"https:\/\/web.umons.ac.be\/app\/uploads\/sites\/115\/2022\/06\/logo_simius.png\"},{\"@type\":\"BreadcrumbList\",\"@id\":\"https:\/\/web.umons.ac.be\/semi\/simius\/#breadcrumb\",\"itemListElement\":[{\"@type\":\"ListItem\",\"position\":1,\"name\":\"Home\",\"item\":\"https:\/\/web.umons.ac.be\/semi\/\"},{\"@type\":\"ListItem\",\"position\":2,\"name\":\"Simius\"}]},{\"@type\":\"WebSite\",\"@id\":\"https:\/\/web.umons.ac.be\/semi\/#website\",\"url\":\"https:\/\/web.umons.ac.be\/semi\/\",\"name\":\"Service \/ FPMS - Electronique et Micro\u00e9lectronique\",\"description\":\"\",\"potentialAction\":[{\"@type\":\"SearchAction\",\"target\":{\"@type\":\"EntryPoint\",\"urlTemplate\":\"https:\/\/web.umons.ac.be\/semi\/?s={search_term_string}\"},\"query-input\":{\"@type\":\"PropertyValueSpecification\",\"valueRequired\":true,\"valueName\":\"search_term_string\"}}],\"inLanguage\":\"fr-FR\"}]}<\/script>\n<!-- \/ Yoast SEO plugin. -->","yoast_head_json":{"title":"Simius - Service \/ FPMS - Electronique et Micro\u00e9lectronique","robots":{"index":"index","follow":"follow","max-snippet":"max-snippet:-1","max-image-preview":"max-image-preview:large","max-video-preview":"max-video-preview:-1"},"canonical":"https:\/\/web.umons.ac.be\/semi\/simius\/","og_locale":"fr_FR","og_type":"article","og_title":"Simius - Service \/ FPMS - Electronique et Micro\u00e9lectronique","og_description":"Pourquoi le nom Simius? Mais c&rsquo;est tout simple, comme la Facult\u00e9 se trouve \u00e0 Mons et que un des embl\u00e8mes de Mons est le Singe (Singe du grand garde sur la place de Mons) nous avons donc choisi de nommer la carte \u00ab\u00a0SIMIUS\u00a0\u00bb qui veut simplement dire \u00ab\u00a0singe\u00a0\u00bb en Latin. Dans un premier temps, la [&hellip;]","og_url":"https:\/\/web.umons.ac.be\/semi\/simius\/","og_site_name":"Service \/ FPMS - Electronique et Micro\u00e9lectronique","og_image":[{"url":"https:\/\/web.umons.ac.be\/app\/uploads\/sites\/115\/2022\/06\/logo_simius.png","type":"","width":"","height":""}],"twitter_card":"summary_large_image","twitter_misc":{"Dur\u00e9e de lecture estim\u00e9e":"3 minutes"},"schema":{"@context":"https:\/\/schema.org","@graph":[{"@type":"WebPage","@id":"https:\/\/web.umons.ac.be\/semi\/simius\/","url":"https:\/\/web.umons.ac.be\/semi\/simius\/","name":"Simius - Service \/ FPMS - Electronique et Micro\u00e9lectronique","isPartOf":{"@id":"https:\/\/web.umons.ac.be\/semi\/#website"},"primaryImageOfPage":{"@id":"https:\/\/web.umons.ac.be\/semi\/simius\/#primaryimage"},"image":{"@id":"https:\/\/web.umons.ac.be\/semi\/simius\/#primaryimage"},"thumbnailUrl":"https:\/\/web.umons.ac.be\/app\/uploads\/sites\/115\/2022\/06\/logo_simius.png","datePublished":"2022-06-14T08:53:33+00:00","breadcrumb":{"@id":"https:\/\/web.umons.ac.be\/semi\/simius\/#breadcrumb"},"inLanguage":"fr-FR","potentialAction":[{"@type":"ReadAction","target":["https:\/\/web.umons.ac.be\/semi\/simius\/"]}]},{"@type":"ImageObject","inLanguage":"fr-FR","@id":"https:\/\/web.umons.ac.be\/semi\/simius\/#primaryimage","url":"https:\/\/web.umons.ac.be\/app\/uploads\/sites\/115\/2022\/06\/logo_simius.png","contentUrl":"https:\/\/web.umons.ac.be\/app\/uploads\/sites\/115\/2022\/06\/logo_simius.png"},{"@type":"BreadcrumbList","@id":"https:\/\/web.umons.ac.be\/semi\/simius\/#breadcrumb","itemListElement":[{"@type":"ListItem","position":1,"name":"Home","item":"https:\/\/web.umons.ac.be\/semi\/"},{"@type":"ListItem","position":2,"name":"Simius"}]},{"@type":"WebSite","@id":"https:\/\/web.umons.ac.be\/semi\/#website","url":"https:\/\/web.umons.ac.be\/semi\/","name":"Service \/ FPMS - Electronique et Micro\u00e9lectronique","description":"","potentialAction":[{"@type":"SearchAction","target":{"@type":"EntryPoint","urlTemplate":"https:\/\/web.umons.ac.be\/semi\/?s={search_term_string}"},"query-input":{"@type":"PropertyValueSpecification","valueRequired":true,"valueName":"search_term_string"}}],"inLanguage":"fr-FR"}]}},"lang":"en","translations":{"en":153},"pll_sync_post":[],"_links":{"self":[{"href":"https:\/\/web.umons.ac.be\/semi\/wp-json\/wp\/v2\/pages\/153","targetHints":{"allow":["GET"]}}],"collection":[{"href":"https:\/\/web.umons.ac.be\/semi\/wp-json\/wp\/v2\/pages"}],"about":[{"href":"https:\/\/web.umons.ac.be\/semi\/wp-json\/wp\/v2\/types\/page"}],"author":[{"embeddable":true,"href":"https:\/\/web.umons.ac.be\/semi\/wp-json\/wp\/v2\/users\/95"}],"replies":[{"embeddable":true,"href":"https:\/\/web.umons.ac.be\/semi\/wp-json\/wp\/v2\/comments?post=153"}],"version-history":[{"count":1,"href":"https:\/\/web.umons.ac.be\/semi\/wp-json\/wp\/v2\/pages\/153\/revisions"}],"predecessor-version":[{"id":173,"href":"https:\/\/web.umons.ac.be\/semi\/wp-json\/wp\/v2\/pages\/153\/revisions\/173"}],"wp:attachment":[{"href":"https:\/\/web.umons.ac.be\/semi\/wp-json\/wp\/v2\/media?parent=153"}],"curies":[{"name":"wp","href":"https:\/\/api.w.org\/{rel}","templated":true}]}}