{"id":11,"date":"2021-11-02T14:50:57","date_gmt":"2021-11-02T13:50:57","guid":{"rendered":"https:\/\/web.umons.ac.be\/seoc\/activites-denseignement\/"},"modified":"2026-02-14T16:03:08","modified_gmt":"2026-02-14T15:03:08","slug":"activites-denseignement","status":"publish","type":"page","link":"https:\/\/web.umons.ac.be\/seoc\/activites-denseignement\/","title":{"rendered":"Activit\u00e9s d&rsquo;enseignement"},"content":{"rendered":"<p><span style=\"font-size: 12pt;\">Les cours dispens\u00e9s par le SEOC sont principalement situ\u00e9s dans les fili\u00e8res suivantes:<\/span><\/p>\n<ol>\n<li><span style=\"font-size: 12pt;\"><span style=\"color: #098c92;\"><strong>Master en Orthop\u00e9dagogie Clinique <\/strong><\/span>co-organis\u00e9 et co-dipl\u00f4m\u00e9 par l&rsquo;Universit\u00e9 de Mons (SEOC), l&rsquo;Universit\u00e9 Libre de Bruxelles (ULB) et l&rsquo;Universit\u00e9 de Li\u00e8ge. Retrouvez les ressources et informations via la page\u00a0<a href=\"https:\/\/web.umons.ac.be\/seoc\/activites-denseignement\/le-metier-dorthopedagogue-clinicien\/\">https:\/\/web.umons.ac.be\/seoc\/activites-denseignement\/le-metier-dorthopedagogue-clinicien\/<\/a><\/span><\/li>\n<li><span style=\"font-size: 12pt;\"><span style=\"color: #098c92;\"><strong>Master en Sciences de l&rsquo;Education, finalit\u00e9 sp\u00e9cialis\u00e9e en Adaptation Scolaire et P\u00e9dagogies Inclusives<\/strong><\/span>, dispens\u00e9 en horaire de jour sur le site de Mons d\u00e8s l&rsquo;ann\u00e9e acad\u00e9mique 2026-2027. Plus d&rsquo;informations via\u00a0<a href=\"https:\/\/web.umons.ac.be\/fpse\/fr\/formations\/m2-medupi\/\">https:\/\/web.umons.ac.be\/fpse\/fr\/formations\/m2-medupi\/<\/a><\/span><\/li>\n<\/ol>\n","protected":false},"excerpt":{"rendered":"<p>Les cours dispens\u00e9s par le SEOC sont principalement situ\u00e9s dans les fili\u00e8res suivantes: Master en Orthop\u00e9dagogie Clinique co-organis\u00e9 et co-dipl\u00f4m\u00e9 par l&rsquo;Universit\u00e9 de Mons (SEOC), l&rsquo;Universit\u00e9 Libre de Bruxelles (ULB) et l&rsquo;Universit\u00e9 de Li\u00e8ge. Retrouvez les ressources et informations via la page\u00a0https:\/\/web.umons.ac.be\/seoc\/activites-denseignement\/le-metier-dorthopedagogue-clinicien\/ Master en Sciences de l&rsquo;Education, finalit\u00e9 sp\u00e9cialis\u00e9e en Adaptation Scolaire et P\u00e9dagogies Inclusives, [&hellip;]<\/p>\n","protected":false},"author":4,"featured_media":0,"parent":0,"menu_order":0,"comment_status":"closed","ping_status":"closed","template":"","meta":{"footnotes":""},"class_list":["post-11","page","type-page","status-publish","hentry"],"yoast_head":"<!-- This site is optimized with the Yoast SEO plugin v27.2 - https:\/\/yoast.com\/product\/yoast-seo-wordpress\/ -->\n<title>Activit\u00e9s d&#039;enseignement - Service \/ FPSE - Orthop\u00e9dagogie clinique<\/title>\n<meta name=\"robots\" content=\"index, follow, max-snippet:-1, max-image-preview:large, max-video-preview:-1\" \/>\n<link rel=\"canonical\" href=\"https:\/\/web.umons.ac.be\/seoc\/activites-denseignement\/\" \/>\n<meta property=\"og:locale\" content=\"fr_FR\" \/>\n<meta property=\"og:type\" content=\"article\" \/>\n<meta property=\"og:title\" content=\"Activit\u00e9s d&#039;enseignement - Service \/ FPSE - Orthop\u00e9dagogie clinique\" \/>\n<meta property=\"og:description\" content=\"Les cours dispens\u00e9s par le SEOC sont principalement situ\u00e9s dans les fili\u00e8res suivantes: Master en Orthop\u00e9dagogie Clinique co-organis\u00e9 et co-dipl\u00f4m\u00e9 par l&rsquo;Universit\u00e9 de Mons (SEOC), l&rsquo;Universit\u00e9 Libre de Bruxelles (ULB) et l&rsquo;Universit\u00e9 de Li\u00e8ge. Retrouvez les ressources et informations via la page\u00a0https:\/\/web.umons.ac.be\/seoc\/activites-denseignement\/le-metier-dorthopedagogue-clinicien\/ Master en Sciences de l&rsquo;Education, finalit\u00e9 sp\u00e9cialis\u00e9e en Adaptation Scolaire et P\u00e9dagogies Inclusives, [&hellip;]\" \/>\n<meta property=\"og:url\" content=\"https:\/\/web.umons.ac.be\/seoc\/activites-denseignement\/\" \/>\n<meta property=\"og:site_name\" content=\"Service \/ FPSE - Orthop\u00e9dagogie clinique\" \/>\n<meta property=\"article:modified_time\" content=\"2026-02-14T15:03:08+00:00\" \/>\n<meta name=\"twitter:card\" content=\"summary_large_image\" \/>\n<meta name=\"twitter:label1\" content=\"Dur\u00e9e de lecture estim\u00e9e\" \/>\n\t<meta name=\"twitter:data1\" content=\"1 minute\" \/>\n<script type=\"application\/ld+json\" class=\"yoast-schema-graph\">{\"@context\":\"https:\/\/schema.org\",\"@graph\":[{\"@type\":\"WebPage\",\"@id\":\"https:\/\/web.umons.ac.be\/seoc\/activites-denseignement\/\",\"url\":\"https:\/\/web.umons.ac.be\/seoc\/activites-denseignement\/\",\"name\":\"Activit\u00e9s d'enseignement - Service \/ FPSE - Orthop\u00e9dagogie clinique\",\"isPartOf\":{\"@id\":\"https:\/\/web.umons.ac.be\/seoc\/#website\"},\"datePublished\":\"2021-11-02T13:50:57+00:00\",\"dateModified\":\"2026-02-14T15:03:08+00:00\",\"breadcrumb\":{\"@id\":\"https:\/\/web.umons.ac.be\/seoc\/activites-denseignement\/#breadcrumb\"},\"inLanguage\":\"fr-FR\",\"potentialAction\":[{\"@type\":\"ReadAction\",\"target\":[\"https:\/\/web.umons.ac.be\/seoc\/activites-denseignement\/\"]}]},{\"@type\":\"BreadcrumbList\",\"@id\":\"https:\/\/web.umons.ac.be\/seoc\/activites-denseignement\/#breadcrumb\",\"itemListElement\":[{\"@type\":\"ListItem\",\"position\":1,\"name\":\"Home\",\"item\":\"https:\/\/web.umons.ac.be\/seoc\/\"},{\"@type\":\"ListItem\",\"position\":2,\"name\":\"Activit\u00e9s d&rsquo;enseignement\"}]},{\"@type\":\"WebSite\",\"@id\":\"https:\/\/web.umons.ac.be\/seoc\/#website\",\"url\":\"https:\/\/web.umons.ac.be\/seoc\/\",\"name\":\"Service \/ FPSE - Orthop\u00e9dagogie clinique\",\"description\":\"\",\"potentialAction\":[{\"@type\":\"SearchAction\",\"target\":{\"@type\":\"EntryPoint\",\"urlTemplate\":\"https:\/\/web.umons.ac.be\/seoc\/?s={search_term_string}\"},\"query-input\":{\"@type\":\"PropertyValueSpecification\",\"valueRequired\":true,\"valueName\":\"search_term_string\"}}],\"inLanguage\":\"fr-FR\"}]}<\/script>\n<!-- \/ Yoast SEO plugin. -->","yoast_head_json":{"title":"Activit\u00e9s d'enseignement - Service \/ FPSE - Orthop\u00e9dagogie clinique","robots":{"index":"index","follow":"follow","max-snippet":"max-snippet:-1","max-image-preview":"max-image-preview:large","max-video-preview":"max-video-preview:-1"},"canonical":"https:\/\/web.umons.ac.be\/seoc\/activites-denseignement\/","og_locale":"fr_FR","og_type":"article","og_title":"Activit\u00e9s d'enseignement - Service \/ FPSE - Orthop\u00e9dagogie clinique","og_description":"Les cours dispens\u00e9s par le SEOC sont principalement situ\u00e9s dans les fili\u00e8res suivantes: Master en Orthop\u00e9dagogie Clinique co-organis\u00e9 et co-dipl\u00f4m\u00e9 par l&rsquo;Universit\u00e9 de Mons (SEOC), l&rsquo;Universit\u00e9 Libre de Bruxelles (ULB) et l&rsquo;Universit\u00e9 de Li\u00e8ge. Retrouvez les ressources et informations via la page\u00a0https:\/\/web.umons.ac.be\/seoc\/activites-denseignement\/le-metier-dorthopedagogue-clinicien\/ Master en Sciences de l&rsquo;Education, finalit\u00e9 sp\u00e9cialis\u00e9e en Adaptation Scolaire et P\u00e9dagogies Inclusives, [&hellip;]","og_url":"https:\/\/web.umons.ac.be\/seoc\/activites-denseignement\/","og_site_name":"Service \/ FPSE - Orthop\u00e9dagogie clinique","article_modified_time":"2026-02-14T15:03:08+00:00","twitter_card":"summary_large_image","twitter_misc":{"Dur\u00e9e de lecture estim\u00e9e":"1 minute"},"schema":{"@context":"https:\/\/schema.org","@graph":[{"@type":"WebPage","@id":"https:\/\/web.umons.ac.be\/seoc\/activites-denseignement\/","url":"https:\/\/web.umons.ac.be\/seoc\/activites-denseignement\/","name":"Activit\u00e9s d'enseignement - Service \/ FPSE - Orthop\u00e9dagogie clinique","isPartOf":{"@id":"https:\/\/web.umons.ac.be\/seoc\/#website"},"datePublished":"2021-11-02T13:50:57+00:00","dateModified":"2026-02-14T15:03:08+00:00","breadcrumb":{"@id":"https:\/\/web.umons.ac.be\/seoc\/activites-denseignement\/#breadcrumb"},"inLanguage":"fr-FR","potentialAction":[{"@type":"ReadAction","target":["https:\/\/web.umons.ac.be\/seoc\/activites-denseignement\/"]}]},{"@type":"BreadcrumbList","@id":"https:\/\/web.umons.ac.be\/seoc\/activites-denseignement\/#breadcrumb","itemListElement":[{"@type":"ListItem","position":1,"name":"Home","item":"https:\/\/web.umons.ac.be\/seoc\/"},{"@type":"ListItem","position":2,"name":"Activit\u00e9s d&rsquo;enseignement"}]},{"@type":"WebSite","@id":"https:\/\/web.umons.ac.be\/seoc\/#website","url":"https:\/\/web.umons.ac.be\/seoc\/","name":"Service \/ FPSE - Orthop\u00e9dagogie clinique","description":"","potentialAction":[{"@type":"SearchAction","target":{"@type":"EntryPoint","urlTemplate":"https:\/\/web.umons.ac.be\/seoc\/?s={search_term_string}"},"query-input":{"@type":"PropertyValueSpecification","valueRequired":true,"valueName":"search_term_string"}}],"inLanguage":"fr-FR"}]}},"lang":"fr","translations":{"fr":11,"en":13},"pll_sync_post":[],"_links":{"self":[{"href":"https:\/\/web.umons.ac.be\/seoc\/wp-json\/wp\/v2\/pages\/11","targetHints":{"allow":["GET"]}}],"collection":[{"href":"https:\/\/web.umons.ac.be\/seoc\/wp-json\/wp\/v2\/pages"}],"about":[{"href":"https:\/\/web.umons.ac.be\/seoc\/wp-json\/wp\/v2\/types\/page"}],"author":[{"embeddable":true,"href":"https:\/\/web.umons.ac.be\/seoc\/wp-json\/wp\/v2\/users\/4"}],"replies":[{"embeddable":true,"href":"https:\/\/web.umons.ac.be\/seoc\/wp-json\/wp\/v2\/comments?post=11"}],"version-history":[{"count":3,"href":"https:\/\/web.umons.ac.be\/seoc\/wp-json\/wp\/v2\/pages\/11\/revisions"}],"predecessor-version":[{"id":467,"href":"https:\/\/web.umons.ac.be\/seoc\/wp-json\/wp\/v2\/pages\/11\/revisions\/467"}],"wp:attachment":[{"href":"https:\/\/web.umons.ac.be\/seoc\/wp-json\/wp\/v2\/media?parent=11"}],"curies":[{"name":"wp","href":"https:\/\/api.w.org\/{rel}","templated":true}]}}