{"id":15,"date":"2021-11-02T14:50:58","date_gmt":"2021-11-02T13:50:58","guid":{"rendered":"https:\/\/web.umons.ac.be\/seoc\/activites-de-recherche\/"},"modified":"2026-02-14T15:41:20","modified_gmt":"2026-02-14T14:41:20","slug":"activites-de-recherche","status":"publish","type":"page","link":"https:\/\/web.umons.ac.be\/seoc\/activites-de-recherche\/","title":{"rendered":"Activit\u00e9s de recherche"},"content":{"rendered":"<p>Le service d&rsquo;Orthop\u00e9dagogie Clinique (SEOC) fait partie du <strong><span style=\"color: #bb0032;\">Center for Interdisciplinary Research on Disability and Inclusion (CIRDI)<\/span>:\u00a0<a href=\"https:\/\/web.umons.ac.be\/seoc\/wp-includes\/js\/tinymce\/Service \/ FPSE - Orthop\u00e9dagogie clinique\/_wp_link_placeholder\">https:\/\/web.umons.ac.be\/fr\/partenaires\/nos-partenaires\/cirdi\/<\/a><\/strong><\/p>\n<p><a href=\"https:\/\/web.umons.ac.be\/seoc\/activites-de-recherche\/new-logo-cirdi-4-2\/\" rel=\"attachment wp-att-461\"><img loading=\"lazy\" decoding=\"async\" class=\"size-full wp-image-461 aligncenter\" src=\"https:\/\/web.umons.ac.be\/app\/uploads\/sites\/68\/2026\/02\/New-logo-cirdi-4-2.png\" alt=\"\" width=\"170\" height=\"170\" srcset=\"https:\/\/web.umons.ac.be\/app\/uploads\/sites\/68\/2026\/02\/New-logo-cirdi-4-2.png 170w, https:\/\/web.umons.ac.be\/app\/uploads\/sites\/68\/2026\/02\/New-logo-cirdi-4-2-150x150.png 150w, https:\/\/web.umons.ac.be\/app\/uploads\/sites\/68\/2026\/02\/New-logo-cirdi-4-2-30x30.png 30w, https:\/\/web.umons.ac.be\/app\/uploads\/sites\/68\/2026\/02\/New-logo-cirdi-4-2-80x80.png 80w, https:\/\/web.umons.ac.be\/app\/uploads\/sites\/68\/2026\/02\/New-logo-cirdi-4-2-60x60.png 60w\" sizes=\"auto, (max-width: 170px) 100vw, 170px\" \/><\/a><\/p>\n<p><strong>Les recherches men\u00e9es au sein du service d\u2019Orthop\u00e9dagogie Clinique<\/strong> touchent d\u2019une part \u00e0 l\u2019\u00e9valuation (de la qualit\u00e9 de vie et\/ou des services) et d\u2019autre part \u00e0 l\u2019accompagnement des personnes en situation de handicap et ce, tout au long du cycle de la vie. Ces recherches se centrent sur le maintien, voire l\u2019am\u00e9lioration de la satisfaction de vie, des comp\u00e9tences de la personne dans les diff\u00e9rents domaines du d\u00e9veloppement et son environnement ainsi que sur l\u2019am\u00e9lioration des comp\u00e9tences d\u2019accompagnement des intervenants professionnels ou non.<\/p>\n<h3>Les principaux th\u00e8mes de recherche du service sont :<\/h3>\n<ul>\n<li>Sant\u00e9 mentale et besoins \u00e9motionnels chez les personnes vivant avec un diagnostic de d\u00e9ficience intellectuelle et\/ou trouble du spectre de l&rsquo;autisme<\/li>\n<li>Promotion de la sant\u00e9 et soins de sant\u00e9 inclusifs pour les personnes en situation de handicap ou de vuln\u00e9rabilit\u00e9 cognitive et\/ou communicationnelle<\/li>\n<li>Pratiques probantes pour l\u2019inclusion scolaire<\/li>\n<li>Evaluation et intervention comportementales<\/li>\n<li>Promotion de l\u2019autod\u00e9termination chez des personnes adultes avec d\u00e9ficience intellectuelle<\/li>\n<li>Identification des besoins de soutien et planification des services aupr\u00e8s des personnes en situation de handicap<\/li>\n<li>Vie relationnelle, affective et sexuelle des adultes avec d\u00e9ficience intellectuelle et autres troubles neurod\u00e9veloppementaux<\/li>\n<li>Evaluation et accompagnement centr\u00e9 sur la qualit\u00e9 de vie aupr\u00e8s des personnes avec d\u00e9ficience intellectuelle et\/ou double diagnostic<\/li>\n<\/ul>\n<h3>Exemples de pr\u00e9c\u00e9dents projets financ\u00e9s au sein du SEOC:<\/h3>\n<p><span style=\"color: #029687;\"><strong>DOMO-Decide On My Own (FEDER; 2018-2022).<\/strong> <\/span>Ce projet visait \u00e0 permettre le rep\u00e9rage et l\u2019adaptation des nouvelles technologies de l\u2019information et de la communication en lien avec les besoins des personnes atteintes de d\u00e9ficience intellectuelle, avec ou sans handicap associ\u00e9. Ceci, en vue de faciliter et de favoriser leur autod\u00e9termination et leur inclusion dans la soci\u00e9t\u00e9.<\/p>\n<p><a href=\"https:\/\/projetdomo.org\/projet\/\">https:\/\/projetdomo.org\/projet\/<\/a><\/p>\n<p><strong>Rapport final<\/strong> :\u00a0<a href=\"https:\/\/web.umons.ac.be\/seoc\/wp-includes\/js\/tinymce\/Service \/ FPSE - Orthop\u00e9dagogie clinique\/_wp_link_placeholder\">https:\/\/orbi.umons.ac.be\/handle\/20.500.12907\/30679<\/a><\/p>\n<p><strong>Livrables additionnels<\/strong>:<\/p>\n<ul>\n<li><a href=\"https:\/\/web.umons.ac.be\/seoc\/wp-includes\/js\/tinymce\/Service \/ FPSE - Orthop\u00e9dagogie clinique\/_wp_link_placeholder\">https:\/\/orbi.umons.ac.be\/handle\/20.500.12907\/18991<\/a><\/li>\n<li><a href=\"https:\/\/web.umons.ac.be\/seoc\/wp-includes\/js\/tinymce\/Service \/ FPSE - Orthop\u00e9dagogie clinique\/_wp_link_placeholder\">https:\/\/www.youtube.com\/watch?v=6_ENA2x9QVE<\/a><\/li>\n<li><a href=\"https:\/\/web.umons.ac.be\/seoc\/wp-includes\/js\/tinymce\/Service \/ FPSE - Orthop\u00e9dagogie clinique\/_wp_link_placeholder\">https:\/\/www.youtube.com\/watch?v=bzS1ogNitzs<\/a><\/li>\n<li><a href=\"https:\/\/web.umons.ac.be\/seoc\/wp-includes\/js\/tinymce\/Service \/ FPSE - Orthop\u00e9dagogie clinique\/_wp_link_placeholder\">https:\/\/www.youtube.com\/watch?v=_jBdoDM-Os0<\/a><\/li>\n<\/ul>\n<p><span style=\"color: #029687;\"><strong>ParkinsonCom (Interreg ; 2020-2022).<\/strong><\/span> Ce projet avait pour ambition de co-construire et de rendre disponible un outil logiciel d\u2019aide \u00e0 la communication avec et pour les personnes pr\u00e9sentant la maladie de Parkinson ainsi que leur entourage. En d\u2019autres termes, le d\u00e9fi consistait \u00e0 cr\u00e9er ensemble un syst\u00e8me ciblant les difficult\u00e9s individuelles de communication tout en tenant compte de l\u2019\u00e9volution de la maladie. Le projet ParkinsonCom s\u2019inscrivait dans une dynamique transfrontali\u00e8re (Interreg-5) impliquant des psychologues et des p\u00e9dagogues du Service d\u2019Orthop\u00e9dagogie Clinique de l\u2019Universit\u00e9 de Mons.<\/p>\n<p><a href=\"https:\/\/parkinsoncom.eu\/\">https:\/\/parkinsoncom.eu\/<\/a><\/p>\n<p><strong>Articles scientifiques li\u00e9s:\u00a0<a href=\"https:\/\/web.umons.ac.be\/seoc\/wp-includes\/js\/tinymce\/Service \/ FPSE - Orthop\u00e9dagogie clinique\/_wp_link_placeholder\">https:\/\/orbi.umons.ac.be\/handle\/20.500.12907\/52789<\/a><\/strong><\/p>\n<p><span style=\"color: #029687;\"><strong>ONE \u00ab Coh\u00e9rence de l\u2019accompagnement des parents avec d\u00e9ficience intellectuelle en F\u00e9d\u00e9ration Wallonie-Bruxelles \u00bb (2021-2023).<\/strong><\/span> Ce projet de recherche, men\u00e9 en collaboration avec l\u2019ONE, \u00e9tait le fruit d\u2019un partenariat interuniversitaire entre l\u2019UMONS (ASBL AIO), l\u2019UCLouvain, l\u2019ULille, l\u2019ULi\u00e8ge et le secteur associatif (ASBL ARAPH). Il visait \u00e0 comprendre les logiques de parcours d\u2019accompagnement (facilitateurs, points de rupture) des parents et futurs parents pr\u00e9sentant une d\u00e9ficience intellectuelle au cours de la p\u00e9riode p\u00e9rinatale et jusqu\u2019aux deux ans et demi de l\u2019enfant.<\/p>\n<p><strong>Rapport final et rapports de synth\u00e8se:\u00a0<a href=\"https:\/\/web.umons.ac.be\/seoc\/wp-includes\/js\/tinymce\/Service \/ FPSE - Orthop\u00e9dagogie clinique\/_wp_link_placeholder\">https:\/\/www.one.be\/professionnel\/recherches\/recherches\/classement-thematique\/accompagnement-des-familles\/<\/a><\/strong><\/p>\n<p><strong>Article scientifique:\u00a0<a href=\"https:\/\/web.umons.ac.be\/seoc\/wp-includes\/js\/tinymce\/Service \/ FPSE - Orthop\u00e9dagogie clinique\/_wp_link_placeholder\">https:\/\/www.frontiersin.org\/journals\/rehabilitation-sciences\/articles\/10.3389\/fresc.2023.1153570\/full?utm_source=Email_to_authors_&amp;utm_medium=Email&amp;utm_content=T1_11.5e1_author&amp;utm_campaign=Email_publication&amp;field=&amp;journalName=Frontiers_in_Rehabilitation_Sciences&amp;id=1153570<\/a><\/strong><\/p>\n<p data-start=\"159\" data-end=\"1031\"><strong><span style=\"color: #029687;\">Le projet<\/span> <em data-start=\"169\" data-end=\"177\">I-SAID<\/em> (<em data-start=\"179\" data-end=\"290\">Interregional platform for Innovation in Self-determination, Autonomy and Inclusion in people with Disability<\/em>)<\/strong> s\u2019est d\u00e9roul\u00e9 de <strong data-start=\"309\" data-end=\"324\">2016 \u00e0 2020<\/strong> dans le cadre du programme <strong data-start=\"352\" data-end=\"393\">INTERREG V France-Wallonie-Vlaanderen<\/strong>, cofinanc\u00e9 par le Fonds europ\u00e9en de d\u00e9veloppement r\u00e9gional. Il visait \u00e0 <strong data-start=\"466\" data-end=\"601\">promouvoir la sant\u00e9 globale, l\u2019inclusion sociale et l\u2019autod\u00e9termination des personnes pr\u00e9sentant une d\u00e9ficience intellectuelle (DI)<\/strong> en renfor\u00e7ant la coop\u00e9ration transfrontali\u00e8re entre la R\u00e9gion Hauts-de-France et la Wallonie. L\u2019objectif principal du projet \u00e9tait de <strong data-start=\"736\" data-end=\"809\">donner davantage de ma\u00eetrise de sa propre sant\u00e9 aux personnes avec DI<\/strong>, en agissant tant au niveau des professionnels que des personnes elles-m\u00eames et de leur entourage, gr\u00e2ce \u00e0 des approches innovantes, int\u00e9gr\u00e9es et partag\u00e9es entre les deux territoires. Au cours de ses quatre ann\u00e9es d\u2019activit\u00e9, <em data-start=\"1075\" data-end=\"1083\">I-SAID<\/em> s\u2019est structur\u00e9 autour de <strong data-start=\"1110\" data-end=\"1135\">trois axes principaux<\/strong> : la <strong data-start=\"1141\" data-end=\"1168\">recherche participative<\/strong> pour comprendre les parcours de vie et les obstacles rencontr\u00e9s ; la <strong data-start=\"1238\" data-end=\"1276\">mise en place d\u2019actions inclusives<\/strong> via des communaut\u00e9s de pratiques et une plateforme collaborative transfrontali\u00e8re ; et la <strong data-start=\"1367\" data-end=\"1392\">formation des acteurs<\/strong> (professionnels, personnes accompagn\u00e9es et proches) aux processus d\u2019autod\u00e9termination et d\u2019accompagnement. Ce travail collectif a permis d\u2019identifier des freins, de d\u00e9velopper des outils et des ressources m\u00e9thodologiques, ainsi que de diffuser des recommandations favorisant des pratiques plus inclusives et efficaces dans le champ de l\u2019accompagnement des personnes avec d\u00e9ficience intellectuelle.<\/p>\n<p data-start=\"159\" data-end=\"1031\"><a href=\"https:\/\/interreg5.interreg-fwvl.eu\/fr\/i-said\">https:\/\/interreg5.interreg-fwvl.eu\/fr\/i-said<\/a><\/p>\n<p><strong>Articles li\u00e9s au projet:\u00a0<\/strong><\/p>\n<ul>\n<li><a href=\"https:\/\/web.umons.ac.be\/seoc\/wp-includes\/js\/tinymce\/Service \/ FPSE - Orthop\u00e9dagogie clinique\/_wp_link_placeholder\">https:\/\/orbi.umons.ac.be\/handle\/20.500.12907\/43570<\/a><\/li>\n<li><a href=\"https:\/\/web.umons.ac.be\/seoc\/wp-includes\/js\/tinymce\/Service \/ FPSE - Orthop\u00e9dagogie clinique\/_wp_link_placeholder\">https:\/\/orbi.umons.ac.be\/handle\/20.500.12907\/26902<\/a><\/li>\n<li><a href=\"https:\/\/web.umons.ac.be\/seoc\/wp-includes\/js\/tinymce\/Service \/ FPSE - Orthop\u00e9dagogie clinique\/_wp_link_placeholder\">https:\/\/orbi.umons.ac.be\/handle\/20.500.12907\/23243<\/a><\/li>\n<\/ul>\n<p>&nbsp;<\/p>\n<hr \/>\n<p>Notre service est, par ailleurs rattach\u00e9 \u00e0 deux instituts de recherche de l\u2019UMONS :<\/p>\n<start-cask-shortcode-wrapper>\t\t<div class=\"associated-institutes content-block scheme-fpse\">\n\t\t\t<ul class=\"institutes-list\">\n\t\t\t\t\t\t\t\t\t\t<li>\n\t\t\t\t\t\t\t<a href=\"https:\/\/web.umons.ac.be\/sante\" title=\"Acc\u00e9der au site web de : Institut \/ Sant\u00e9\" class=\"associated-institute\">\n\t\t\t\t\t\t\t\t<img loading=\"lazy\" decoding=\"async\" width=\"1\" height=\"1\" src=\"https:\/\/web.umons.ac.be\/app\/uploads\/sites\/35\/2021\/03\/sante_logo_fr.svg\" class=\"attachment-thumbnail size-thumbnail\" alt=\"\" \/>\t\t\t\t\t\t\t<\/a>\t\t\t\n\t\t\t\t\t\t<\/li>\n\t\t\t\t\t\t\t\t\t\t<li>\n\t\t\t\t\t\t\t<a href=\"https:\/\/web.umons.ac.be\/soci_e_ter\" title=\"Acc\u00e9der au site web de : Institut \/ Soci&amp;ter\" class=\"associated-institute\">\n\t\t\t\t\t\t\t\t<img loading=\"lazy\" decoding=\"async\" width=\"1\" height=\"1\" src=\"https:\/\/web.umons.ac.be\/app\/uploads\/sites\/33\/2021\/11\/Societer-FR.svg\" class=\"attachment-thumbnail size-thumbnail\" alt=\"\" \/>\t\t\t\t\t\t\t<\/a>\t\t\t\n\t\t\t\t\t\t<\/li>\n\t\t\t\t\t\t\t<\/ul>\n\t\t<\/div>\n <end-cask-shortcode-wrapper>\n","protected":false},"excerpt":{"rendered":"<p>Le service d&rsquo;Orthop\u00e9dagogie Clinique (SEOC) fait partie du Center for Interdisciplinary Research on Disability and Inclusion (CIRDI):\u00a0https:\/\/web.umons.ac.be\/fr\/partenaires\/nos-partenaires\/cirdi\/ Les recherches men\u00e9es au sein du service d\u2019Orthop\u00e9dagogie Clinique touchent d\u2019une part \u00e0 l\u2019\u00e9valuation (de la qualit\u00e9 de vie et\/ou des services) et d\u2019autre part \u00e0 l\u2019accompagnement des personnes en situation de handicap et ce, tout au long [&hellip;]<\/p>\n","protected":false},"author":4,"featured_media":0,"parent":0,"menu_order":0,"comment_status":"closed","ping_status":"closed","template":"","meta":{"footnotes":""},"class_list":["post-15","page","type-page","status-publish","hentry"],"yoast_head":"<!-- This site is optimized with the Yoast SEO plugin v27.2 - https:\/\/yoast.com\/product\/yoast-seo-wordpress\/ -->\n<title>Activit\u00e9s de recherche - Service \/ FPSE - Orthop\u00e9dagogie clinique<\/title>\n<meta name=\"robots\" content=\"index, follow, max-snippet:-1, max-image-preview:large, max-video-preview:-1\" \/>\n<link rel=\"canonical\" href=\"https:\/\/web.umons.ac.be\/seoc\/activites-de-recherche\/\" \/>\n<meta property=\"og:locale\" content=\"fr_FR\" \/>\n<meta property=\"og:type\" content=\"article\" \/>\n<meta property=\"og:title\" content=\"Activit\u00e9s de recherche - Service \/ FPSE - Orthop\u00e9dagogie clinique\" \/>\n<meta property=\"og:description\" content=\"Le service d&rsquo;Orthop\u00e9dagogie Clinique (SEOC) fait partie du Center for Interdisciplinary Research on Disability and Inclusion (CIRDI):\u00a0https:\/\/web.umons.ac.be\/fr\/partenaires\/nos-partenaires\/cirdi\/ Les recherches men\u00e9es au sein du service d\u2019Orthop\u00e9dagogie Clinique touchent d\u2019une part \u00e0 l\u2019\u00e9valuation (de la qualit\u00e9 de vie et\/ou des services) et d\u2019autre part \u00e0 l\u2019accompagnement des personnes en situation de handicap et ce, tout au long [&hellip;]\" \/>\n<meta property=\"og:url\" content=\"https:\/\/web.umons.ac.be\/seoc\/activites-de-recherche\/\" \/>\n<meta property=\"og:site_name\" content=\"Service \/ FPSE - Orthop\u00e9dagogie clinique\" \/>\n<meta property=\"article:modified_time\" content=\"2026-02-14T14:41:20+00:00\" \/>\n<meta property=\"og:image\" content=\"https:\/\/web.umons.ac.be\/app\/uploads\/sites\/68\/2026\/02\/New-logo-cirdi-4-2.png\" \/>\n<meta name=\"twitter:card\" content=\"summary_large_image\" \/>\n<meta name=\"twitter:label1\" content=\"Dur\u00e9e de lecture estim\u00e9e\" \/>\n\t<meta name=\"twitter:data1\" content=\"4 minutes\" \/>\n<script type=\"application\/ld+json\" class=\"yoast-schema-graph\">{\"@context\":\"https:\/\/schema.org\",\"@graph\":[{\"@type\":\"WebPage\",\"@id\":\"https:\/\/web.umons.ac.be\/seoc\/activites-de-recherche\/\",\"url\":\"https:\/\/web.umons.ac.be\/seoc\/activites-de-recherche\/\",\"name\":\"Activit\u00e9s de recherche - Service \/ FPSE - Orthop\u00e9dagogie clinique\",\"isPartOf\":{\"@id\":\"https:\/\/web.umons.ac.be\/seoc\/#website\"},\"primaryImageOfPage\":{\"@id\":\"https:\/\/web.umons.ac.be\/seoc\/activites-de-recherche\/#primaryimage\"},\"image\":{\"@id\":\"https:\/\/web.umons.ac.be\/seoc\/activites-de-recherche\/#primaryimage\"},\"thumbnailUrl\":\"https:\/\/web.umons.ac.be\/app\/uploads\/sites\/68\/2026\/02\/New-logo-cirdi-4-2.png\",\"datePublished\":\"2021-11-02T13:50:58+00:00\",\"dateModified\":\"2026-02-14T14:41:20+00:00\",\"breadcrumb\":{\"@id\":\"https:\/\/web.umons.ac.be\/seoc\/activites-de-recherche\/#breadcrumb\"},\"inLanguage\":\"fr-FR\",\"potentialAction\":[{\"@type\":\"ReadAction\",\"target\":[\"https:\/\/web.umons.ac.be\/seoc\/activites-de-recherche\/\"]}]},{\"@type\":\"ImageObject\",\"inLanguage\":\"fr-FR\",\"@id\":\"https:\/\/web.umons.ac.be\/seoc\/activites-de-recherche\/#primaryimage\",\"url\":\"https:\/\/web.umons.ac.be\/app\/uploads\/sites\/68\/2026\/02\/New-logo-cirdi-4-2.png\",\"contentUrl\":\"https:\/\/web.umons.ac.be\/app\/uploads\/sites\/68\/2026\/02\/New-logo-cirdi-4-2.png\"},{\"@type\":\"BreadcrumbList\",\"@id\":\"https:\/\/web.umons.ac.be\/seoc\/activites-de-recherche\/#breadcrumb\",\"itemListElement\":[{\"@type\":\"ListItem\",\"position\":1,\"name\":\"Home\",\"item\":\"https:\/\/web.umons.ac.be\/seoc\/\"},{\"@type\":\"ListItem\",\"position\":2,\"name\":\"Activit\u00e9s de recherche\"}]},{\"@type\":\"WebSite\",\"@id\":\"https:\/\/web.umons.ac.be\/seoc\/#website\",\"url\":\"https:\/\/web.umons.ac.be\/seoc\/\",\"name\":\"Service \/ FPSE - Orthop\u00e9dagogie clinique\",\"description\":\"\",\"potentialAction\":[{\"@type\":\"SearchAction\",\"target\":{\"@type\":\"EntryPoint\",\"urlTemplate\":\"https:\/\/web.umons.ac.be\/seoc\/?s={search_term_string}\"},\"query-input\":{\"@type\":\"PropertyValueSpecification\",\"valueRequired\":true,\"valueName\":\"search_term_string\"}}],\"inLanguage\":\"fr-FR\"}]}<\/script>\n<!-- \/ Yoast SEO plugin. -->","yoast_head_json":{"title":"Activit\u00e9s de recherche - Service \/ FPSE - Orthop\u00e9dagogie clinique","robots":{"index":"index","follow":"follow","max-snippet":"max-snippet:-1","max-image-preview":"max-image-preview:large","max-video-preview":"max-video-preview:-1"},"canonical":"https:\/\/web.umons.ac.be\/seoc\/activites-de-recherche\/","og_locale":"fr_FR","og_type":"article","og_title":"Activit\u00e9s de recherche - Service \/ FPSE - Orthop\u00e9dagogie clinique","og_description":"Le service d&rsquo;Orthop\u00e9dagogie Clinique (SEOC) fait partie du Center for Interdisciplinary Research on Disability and Inclusion (CIRDI):\u00a0https:\/\/web.umons.ac.be\/fr\/partenaires\/nos-partenaires\/cirdi\/ Les recherches men\u00e9es au sein du service d\u2019Orthop\u00e9dagogie Clinique touchent d\u2019une part \u00e0 l\u2019\u00e9valuation (de la qualit\u00e9 de vie et\/ou des services) et d\u2019autre part \u00e0 l\u2019accompagnement des personnes en situation de handicap et ce, tout au long [&hellip;]","og_url":"https:\/\/web.umons.ac.be\/seoc\/activites-de-recherche\/","og_site_name":"Service \/ FPSE - Orthop\u00e9dagogie clinique","article_modified_time":"2026-02-14T14:41:20+00:00","og_image":[{"url":"https:\/\/web.umons.ac.be\/app\/uploads\/sites\/68\/2026\/02\/New-logo-cirdi-4-2.png","type":"","width":"","height":""}],"twitter_card":"summary_large_image","twitter_misc":{"Dur\u00e9e de lecture estim\u00e9e":"4 minutes"},"schema":{"@context":"https:\/\/schema.org","@graph":[{"@type":"WebPage","@id":"https:\/\/web.umons.ac.be\/seoc\/activites-de-recherche\/","url":"https:\/\/web.umons.ac.be\/seoc\/activites-de-recherche\/","name":"Activit\u00e9s de recherche - Service \/ FPSE - Orthop\u00e9dagogie clinique","isPartOf":{"@id":"https:\/\/web.umons.ac.be\/seoc\/#website"},"primaryImageOfPage":{"@id":"https:\/\/web.umons.ac.be\/seoc\/activites-de-recherche\/#primaryimage"},"image":{"@id":"https:\/\/web.umons.ac.be\/seoc\/activites-de-recherche\/#primaryimage"},"thumbnailUrl":"https:\/\/web.umons.ac.be\/app\/uploads\/sites\/68\/2026\/02\/New-logo-cirdi-4-2.png","datePublished":"2021-11-02T13:50:58+00:00","dateModified":"2026-02-14T14:41:20+00:00","breadcrumb":{"@id":"https:\/\/web.umons.ac.be\/seoc\/activites-de-recherche\/#breadcrumb"},"inLanguage":"fr-FR","potentialAction":[{"@type":"ReadAction","target":["https:\/\/web.umons.ac.be\/seoc\/activites-de-recherche\/"]}]},{"@type":"ImageObject","inLanguage":"fr-FR","@id":"https:\/\/web.umons.ac.be\/seoc\/activites-de-recherche\/#primaryimage","url":"https:\/\/web.umons.ac.be\/app\/uploads\/sites\/68\/2026\/02\/New-logo-cirdi-4-2.png","contentUrl":"https:\/\/web.umons.ac.be\/app\/uploads\/sites\/68\/2026\/02\/New-logo-cirdi-4-2.png"},{"@type":"BreadcrumbList","@id":"https:\/\/web.umons.ac.be\/seoc\/activites-de-recherche\/#breadcrumb","itemListElement":[{"@type":"ListItem","position":1,"name":"Home","item":"https:\/\/web.umons.ac.be\/seoc\/"},{"@type":"ListItem","position":2,"name":"Activit\u00e9s de recherche"}]},{"@type":"WebSite","@id":"https:\/\/web.umons.ac.be\/seoc\/#website","url":"https:\/\/web.umons.ac.be\/seoc\/","name":"Service \/ FPSE - Orthop\u00e9dagogie clinique","description":"","potentialAction":[{"@type":"SearchAction","target":{"@type":"EntryPoint","urlTemplate":"https:\/\/web.umons.ac.be\/seoc\/?s={search_term_string}"},"query-input":{"@type":"PropertyValueSpecification","valueRequired":true,"valueName":"search_term_string"}}],"inLanguage":"fr-FR"}]}},"lang":"fr","translations":{"fr":15,"en":17},"pll_sync_post":[],"_links":{"self":[{"href":"https:\/\/web.umons.ac.be\/seoc\/wp-json\/wp\/v2\/pages\/15","targetHints":{"allow":["GET"]}}],"collection":[{"href":"https:\/\/web.umons.ac.be\/seoc\/wp-json\/wp\/v2\/pages"}],"about":[{"href":"https:\/\/web.umons.ac.be\/seoc\/wp-json\/wp\/v2\/types\/page"}],"author":[{"embeddable":true,"href":"https:\/\/web.umons.ac.be\/seoc\/wp-json\/wp\/v2\/users\/4"}],"replies":[{"embeddable":true,"href":"https:\/\/web.umons.ac.be\/seoc\/wp-json\/wp\/v2\/comments?post=15"}],"version-history":[{"count":4,"href":"https:\/\/web.umons.ac.be\/seoc\/wp-json\/wp\/v2\/pages\/15\/revisions"}],"predecessor-version":[{"id":460,"href":"https:\/\/web.umons.ac.be\/seoc\/wp-json\/wp\/v2\/pages\/15\/revisions\/460"}],"wp:attachment":[{"href":"https:\/\/web.umons.ac.be\/seoc\/wp-json\/wp\/v2\/media?parent=15"}],"curies":[{"name":"wp","href":"https:\/\/api.w.org\/{rel}","templated":true}]}}