{"id":286,"date":"2024-06-10T10:31:59","date_gmt":"2024-06-10T08:31:59","guid":{"rendered":"https:\/\/web.umons.ac.be\/seoc\/?page_id=286"},"modified":"2026-04-09T13:30:30","modified_gmt":"2026-04-09T11:30:30","slug":"stage-de-recherche","status":"publish","type":"page","link":"https:\/\/web.umons.ac.be\/seoc\/activites-de-recherche\/stage-de-recherche\/","title":{"rendered":"Stages de recherche"},"content":{"rendered":"<h3><span style=\"font-size: 14pt;\"><strong><span style=\"font-size: 18pt;\"><span style=\"color: #00abcc;\">Stage<\/span><span style=\"color: #00abcc;\"> de recherche (400H)<\/span><\/span><br \/>\n<\/strong><\/span><\/h3>\n<p><span style=\"font-size: 14pt;\">Ce stage, valorisable dans le cadre d\u2019un programme de Master, est r\u00e9alis\u00e9 par les \u00e9tudiants de master 1 et 2 inscrits soit au Master en orthop\u00e9dagogie clinique (uniquement \u00e9tudiants de M2) soit en Sciences de l&rsquo;Education- finalit\u00e9 sp\u00e9cialis\u00e9e en Adaptation Scolaire et P\u00e9dagogies Inclusives.\u00a0<\/span><\/p>\n<p><span style=\"font-size: 14pt;\">Les stages peuvent avoir lieu au premier (Q1) ou au second quadrimestre (Q2).<\/span><\/p>\n<p>&nbsp;<\/p>\n<h1><span style=\"color: #00abcc;\"><strong>Offre(s) de stage ann\u00e9e acad\u00e9mique 2025-2026<\/strong><\/span><\/h1>\n<table style=\"border-collapse: collapse; width: 110.439%;\">\n<tbody>\n<tr>\n<td style=\"width: 100%;\">\n<h2><strong>Repr\u00e9sentations du handicap psychique &#8211; projet PSICOCAP+<\/strong><\/h2>\n<p class=\"x_x_MsoListParagraph\"><strong><span lang=\"fr\">Informations g\u00e9n\u00e9rales<\/span><\/strong><\/p>\n<ul>\n<li class=\"x_x_MsoNormal\"><span lang=\"fr\">Service de Neuropsychologie Clinique, Facult\u00e9 de Psychologie et des Sciences de l&rsquo;\u00c9ducation, Universit\u00e9 de Mons.<\/span><\/li>\n<li class=\"x_x_MsoNormal\"><span lang=\"fr\">Responsable acad\u00e9mique : Mandy Rossignol<\/span><\/li>\n<li class=\"x_x_MsoNormal\"><span lang=\"fr\">Maitre de stage : Ilona Soeffers<\/span><\/li>\n<li class=\"x_x_MsoNormal\"><span lang=\"fr\">Dur\u00e9e du stage : 400 heures (deuxi\u00e8me quadrimestre de l&rsquo;ann\u00e9e acad\u00e9mique 2025-2026).<\/span><\/li>\n<\/ul>\n<p><strong><span style=\"font-size: 14pt; color: #00abcc;\"><span lang=\"fr\">Description du stage<\/span><\/span><\/strong><\/p>\n<p>En tant que stagiaire de recherche, l\u2019\u00e9tudiant.e participera \u00e0 plusieurs projets portant sur l\u2019exp\u00e9rience et les repr\u00e9sentations du handicap psychique et\/ou des troubles mentaux, \u00e0 partir d\u2019entretiens men\u00e9s aupr\u00e8s de personnes concern\u00e9es et de professionnel.le.s. Le stage impliquera une participation active aux diff\u00e9rentes \u00e9tapes de la recherche, depuis la pr\u00e9paration du terrain jusqu\u2019au traitement et \u00e0 l\u2019analyse des donn\u00e9es.<\/p>\n<p><strong><u>Objectifs du stage\u00a0:<\/u><\/strong><\/p>\n<ul>\n<li>Participation au projet de recherche : soutien au recrutement des participant.e.s, prise de contact, organisation et pr\u00e9paration logistique des entretiens.<\/li>\n<li>Contribution \u00e0 la collecte des donn\u00e9es : participation \u00e0 la passation d\u2019entretiens semi-directifs aupr\u00e8s de personnes concern\u00e9es et de professionnel.le.s.<\/li>\n<li>Traitement des donn\u00e9es qualitatives : retranscription, anonymisation, organisation et pr\u00e9paration du corpus d\u2019analyse.<\/li>\n<li>Analyse des donn\u00e9es : participation au codage et \u00e0 l\u2019analyse th\u00e9matique des entretiens, ainsi qu\u2019aux \u00e9changes autour de l\u2019interpr\u00e9tation des r\u00e9sultats.<\/li>\n<li>Int\u00e9gration \u00e0 la vie du projet\/de l\u2019\u00e9quipe de recherche : participation aux r\u00e9unions, s\u00e9minaires de recherche et, selon l\u2019avancement du travail, possibilit\u00e9 de contribuer \u00e0 des communications scientifiques ou publications.<\/li>\n<\/ul>\n<p><strong><u>Comp\u00e9tences qui seront d\u00e9velopp\u00e9es au cours de ce stage (non exhaustif) :\u00a0<\/u><\/strong><\/p>\n<ul>\n<li>Formation aux m\u00e9thodes de recherche qualitative, en particulier l\u2019entretien semi-directif.<\/li>\n<li>D\u00e9veloppement de comp\u00e9tences concernant l\u2019entretien clinique.<\/li>\n<li>D\u00e9veloppement de comp\u00e9tences en recrutement de participant.e.s et en gestion de terrain.<\/li>\n<li>Initiation aux principes de retranscription, d\u2019anonymisation et de gestion \u00e9thique des donn\u00e9es.<\/li>\n<li>Formation au codage et \u00e0 l\u2019analyse th\u00e9matique de donn\u00e9es qualitatives.<\/li>\n<li>D\u00e9veloppement de comp\u00e9tences de synth\u00e8se, de r\u00e9flexion critique et de discussion scientifique en \u00e9quipe.<\/li>\n<\/ul>\n<p><span style=\"color: #00abcc; font-size: 14pt;\"><strong>Profil recherch\u00e9<\/strong><\/span><\/p>\n<ul>\n<li>\u00c9tudiant.e en orthop\u00e9dagogie clinique, psychologie clinique ou sciences de l\u2019\u00e9ducation.<\/li>\n<li>Inscrit.e en deuxi\u00e8me ann\u00e9e de master.<\/li>\n<li>Ce stage s\u2019adresse \u00e0 un.e \u00e9tudiant.e motiv\u00e9.e souhaitant s\u2019investir dans la recherche en sant\u00e9 mentale et d\u00e9velopper des comp\u00e9tences en recherche qualitative. L\u2019autonomie, la rigueur, la proactivit\u00e9, de bonnes capacit\u00e9s organisationnelles, ainsi qu\u2019un int\u00e9r\u00eat pour les enjeux de participation sociale, de stigmatisation et de repr\u00e9sentations li\u00e9es aux troubles psychiques constituent des qualit\u00e9s essentielles.<\/li>\n<\/ul>\n<p class=\"x_x_MsoListParagraphCxSpLast\"><span style=\"font-size: 14pt; color: #00abcc;\"><strong>Modalit\u00e9s du stage<\/strong><\/span><\/p>\n<ul>\n<li>Dur\u00e9e : 400 heures.<\/li>\n<li>P\u00e9riode : septembre-octobre 2026<\/li>\n<li>Lieu : Universit\u00e9 de Mons + \u00e9ventuels d\u00e9placements<\/li>\n<\/ul>\n<p class=\"x_x_MsoNormal\">CV et lettre de motivation \u00e0 transmettre \u00a0\u00e0 Madame Soeffers Ilona (<a href=\"https:\/\/web.umons.ac.be\/seoc\/wp-includes\/js\/tinymce\/Service \/ FPSE - Orthop\u00e9dagogie clinique\/_wp_link_placeholder\">ilona.soeffers@umons.ac.be<\/a>)<\/p>\n<p>&nbsp;<\/p>\n<p>_________________________________________________________________________________________________________<\/p>\n<p>&nbsp;<\/p>\n<p>&nbsp;<\/td>\n<\/tr>\n<\/tbody>\n<\/table>\n","protected":false},"excerpt":{"rendered":"<p>Stage de recherche (400H) Ce stage, valorisable dans le cadre d\u2019un programme de Master, est r\u00e9alis\u00e9 par les \u00e9tudiants de master 1 et 2 inscrits soit au Master en orthop\u00e9dagogie clinique (uniquement \u00e9tudiants de M2) soit en Sciences de l&rsquo;Education- finalit\u00e9 sp\u00e9cialis\u00e9e en Adaptation Scolaire et P\u00e9dagogies Inclusives.\u00a0 Les stages peuvent avoir lieu au premier [&hellip;]<\/p>\n","protected":false},"author":2,"featured_media":0,"parent":15,"menu_order":0,"comment_status":"closed","ping_status":"closed","template":"","meta":{"footnotes":""},"class_list":["post-286","page","type-page","status-publish","hentry"],"yoast_head":"<!-- This site is optimized with the Yoast SEO plugin v27.2 - https:\/\/yoast.com\/product\/yoast-seo-wordpress\/ -->\n<title>Stages de recherche - Service \/ FPSE - Orthop\u00e9dagogie clinique<\/title>\n<meta name=\"robots\" content=\"index, follow, max-snippet:-1, max-image-preview:large, max-video-preview:-1\" \/>\n<link rel=\"canonical\" href=\"https:\/\/web.umons.ac.be\/seoc\/activites-de-recherche\/stage-de-recherche\/\" \/>\n<meta property=\"og:locale\" content=\"fr_FR\" \/>\n<meta property=\"og:type\" content=\"article\" \/>\n<meta property=\"og:title\" content=\"Stages de recherche - Service \/ FPSE - Orthop\u00e9dagogie clinique\" \/>\n<meta property=\"og:description\" content=\"Stage de recherche (400H) Ce stage, valorisable dans le cadre d\u2019un programme de Master, est r\u00e9alis\u00e9 par les \u00e9tudiants de master 1 et 2 inscrits soit au Master en orthop\u00e9dagogie clinique (uniquement \u00e9tudiants de M2) soit en Sciences de l&rsquo;Education- finalit\u00e9 sp\u00e9cialis\u00e9e en Adaptation Scolaire et P\u00e9dagogies Inclusives.\u00a0 Les stages peuvent avoir lieu au premier [&hellip;]\" \/>\n<meta property=\"og:url\" content=\"https:\/\/web.umons.ac.be\/seoc\/activites-de-recherche\/stage-de-recherche\/\" \/>\n<meta property=\"og:site_name\" content=\"Service \/ FPSE - Orthop\u00e9dagogie clinique\" \/>\n<meta property=\"article:modified_time\" content=\"2026-04-09T11:30:30+00:00\" \/>\n<meta name=\"twitter:card\" content=\"summary_large_image\" \/>\n<meta name=\"twitter:label1\" content=\"Dur\u00e9e de lecture estim\u00e9e\" \/>\n\t<meta name=\"twitter:data1\" content=\"3 minutes\" \/>\n<script type=\"application\/ld+json\" class=\"yoast-schema-graph\">{\"@context\":\"https:\/\/schema.org\",\"@graph\":[{\"@type\":\"WebPage\",\"@id\":\"https:\/\/web.umons.ac.be\/seoc\/activites-de-recherche\/stage-de-recherche\/\",\"url\":\"https:\/\/web.umons.ac.be\/seoc\/activites-de-recherche\/stage-de-recherche\/\",\"name\":\"Stages de recherche - Service \/ FPSE - Orthop\u00e9dagogie clinique\",\"isPartOf\":{\"@id\":\"https:\/\/web.umons.ac.be\/seoc\/#website\"},\"datePublished\":\"2024-06-10T08:31:59+00:00\",\"dateModified\":\"2026-04-09T11:30:30+00:00\",\"breadcrumb\":{\"@id\":\"https:\/\/web.umons.ac.be\/seoc\/activites-de-recherche\/stage-de-recherche\/#breadcrumb\"},\"inLanguage\":\"fr-FR\",\"potentialAction\":[{\"@type\":\"ReadAction\",\"target\":[\"https:\/\/web.umons.ac.be\/seoc\/activites-de-recherche\/stage-de-recherche\/\"]}]},{\"@type\":\"BreadcrumbList\",\"@id\":\"https:\/\/web.umons.ac.be\/seoc\/activites-de-recherche\/stage-de-recherche\/#breadcrumb\",\"itemListElement\":[{\"@type\":\"ListItem\",\"position\":1,\"name\":\"Home\",\"item\":\"https:\/\/web.umons.ac.be\/seoc\/\"},{\"@type\":\"ListItem\",\"position\":2,\"name\":\"Activit\u00e9s de recherche\",\"item\":\"https:\/\/web.umons.ac.be\/seoc\/activites-de-recherche\/\"},{\"@type\":\"ListItem\",\"position\":3,\"name\":\"Stages de recherche\"}]},{\"@type\":\"WebSite\",\"@id\":\"https:\/\/web.umons.ac.be\/seoc\/#website\",\"url\":\"https:\/\/web.umons.ac.be\/seoc\/\",\"name\":\"Service \/ FPSE - Orthop\u00e9dagogie clinique\",\"description\":\"\",\"potentialAction\":[{\"@type\":\"SearchAction\",\"target\":{\"@type\":\"EntryPoint\",\"urlTemplate\":\"https:\/\/web.umons.ac.be\/seoc\/?s={search_term_string}\"},\"query-input\":{\"@type\":\"PropertyValueSpecification\",\"valueRequired\":true,\"valueName\":\"search_term_string\"}}],\"inLanguage\":\"fr-FR\"}]}<\/script>\n<!-- \/ Yoast SEO plugin. -->","yoast_head_json":{"title":"Stages de recherche - Service \/ FPSE - Orthop\u00e9dagogie clinique","robots":{"index":"index","follow":"follow","max-snippet":"max-snippet:-1","max-image-preview":"max-image-preview:large","max-video-preview":"max-video-preview:-1"},"canonical":"https:\/\/web.umons.ac.be\/seoc\/activites-de-recherche\/stage-de-recherche\/","og_locale":"fr_FR","og_type":"article","og_title":"Stages de recherche - Service \/ FPSE - Orthop\u00e9dagogie clinique","og_description":"Stage de recherche (400H) Ce stage, valorisable dans le cadre d\u2019un programme de Master, est r\u00e9alis\u00e9 par les \u00e9tudiants de master 1 et 2 inscrits soit au Master en orthop\u00e9dagogie clinique (uniquement \u00e9tudiants de M2) soit en Sciences de l&rsquo;Education- finalit\u00e9 sp\u00e9cialis\u00e9e en Adaptation Scolaire et P\u00e9dagogies Inclusives.\u00a0 Les stages peuvent avoir lieu au premier [&hellip;]","og_url":"https:\/\/web.umons.ac.be\/seoc\/activites-de-recherche\/stage-de-recherche\/","og_site_name":"Service \/ FPSE - Orthop\u00e9dagogie clinique","article_modified_time":"2026-04-09T11:30:30+00:00","twitter_card":"summary_large_image","twitter_misc":{"Dur\u00e9e de lecture estim\u00e9e":"3 minutes"},"schema":{"@context":"https:\/\/schema.org","@graph":[{"@type":"WebPage","@id":"https:\/\/web.umons.ac.be\/seoc\/activites-de-recherche\/stage-de-recherche\/","url":"https:\/\/web.umons.ac.be\/seoc\/activites-de-recherche\/stage-de-recherche\/","name":"Stages de recherche - Service \/ FPSE - Orthop\u00e9dagogie clinique","isPartOf":{"@id":"https:\/\/web.umons.ac.be\/seoc\/#website"},"datePublished":"2024-06-10T08:31:59+00:00","dateModified":"2026-04-09T11:30:30+00:00","breadcrumb":{"@id":"https:\/\/web.umons.ac.be\/seoc\/activites-de-recherche\/stage-de-recherche\/#breadcrumb"},"inLanguage":"fr-FR","potentialAction":[{"@type":"ReadAction","target":["https:\/\/web.umons.ac.be\/seoc\/activites-de-recherche\/stage-de-recherche\/"]}]},{"@type":"BreadcrumbList","@id":"https:\/\/web.umons.ac.be\/seoc\/activites-de-recherche\/stage-de-recherche\/#breadcrumb","itemListElement":[{"@type":"ListItem","position":1,"name":"Home","item":"https:\/\/web.umons.ac.be\/seoc\/"},{"@type":"ListItem","position":2,"name":"Activit\u00e9s de recherche","item":"https:\/\/web.umons.ac.be\/seoc\/activites-de-recherche\/"},{"@type":"ListItem","position":3,"name":"Stages de recherche"}]},{"@type":"WebSite","@id":"https:\/\/web.umons.ac.be\/seoc\/#website","url":"https:\/\/web.umons.ac.be\/seoc\/","name":"Service \/ FPSE - Orthop\u00e9dagogie clinique","description":"","potentialAction":[{"@type":"SearchAction","target":{"@type":"EntryPoint","urlTemplate":"https:\/\/web.umons.ac.be\/seoc\/?s={search_term_string}"},"query-input":{"@type":"PropertyValueSpecification","valueRequired":true,"valueName":"search_term_string"}}],"inLanguage":"fr-FR"}]}},"lang":"fr","translations":{"fr":286},"pll_sync_post":[],"_links":{"self":[{"href":"https:\/\/web.umons.ac.be\/seoc\/wp-json\/wp\/v2\/pages\/286","targetHints":{"allow":["GET"]}}],"collection":[{"href":"https:\/\/web.umons.ac.be\/seoc\/wp-json\/wp\/v2\/pages"}],"about":[{"href":"https:\/\/web.umons.ac.be\/seoc\/wp-json\/wp\/v2\/types\/page"}],"author":[{"embeddable":true,"href":"https:\/\/web.umons.ac.be\/seoc\/wp-json\/wp\/v2\/users\/2"}],"replies":[{"embeddable":true,"href":"https:\/\/web.umons.ac.be\/seoc\/wp-json\/wp\/v2\/comments?post=286"}],"version-history":[{"count":3,"href":"https:\/\/web.umons.ac.be\/seoc\/wp-json\/wp\/v2\/pages\/286\/revisions"}],"predecessor-version":[{"id":487,"href":"https:\/\/web.umons.ac.be\/seoc\/wp-json\/wp\/v2\/pages\/286\/revisions\/487"}],"up":[{"embeddable":true,"href":"https:\/\/web.umons.ac.be\/seoc\/wp-json\/wp\/v2\/pages\/15"}],"wp:attachment":[{"href":"https:\/\/web.umons.ac.be\/seoc\/wp-json\/wp\/v2\/media?parent=286"}],"curies":[{"name":"wp","href":"https:\/\/api.w.org\/{rel}","templated":true}]}}