{"id":3,"date":"2021-11-02T14:50:55","date_gmt":"2021-11-02T13:50:55","guid":{"rendered":"https:\/\/web.umons.ac.be\/seoc\/accueil\/"},"modified":"2026-02-14T15:51:20","modified_gmt":"2026-02-14T14:51:20","slug":"accueil","status":"publish","type":"page","link":"https:\/\/web.umons.ac.be\/seoc\/accueil\/","title":{"rendered":"Accueil"},"content":{"rendered":"<p><span style=\"font-size: 12pt;\">Centr\u00e9 sur les aspects psychologiques et psycho\u00e9ducatifs des situations de handicap, le service d\u2019Orthop\u00e9dagogie Clinique (SEOC) s\u2019int\u00e9resse particuli\u00e8rement <strong>aux personnes pr\u00e9sentant un trouble neurod\u00e9veloppemental\u00a0<\/strong>(d\u00e9ficience intellectuelle, troubles sp\u00e9cifiques des apprentissage, troubles du spectre autistique, \u2026) <strong>tout au long de leur vie<\/strong>\u00a0(de la petite enfance \u00e0 l\u2019\u00e2ge adulte, jusqu\u2019aux \u00e9tapes du vieillissement, avec une attention sp\u00e9cifique port\u00e9e aux p\u00e9riodes dites de transition),\u00a0<strong>et au sein de diff\u00e9rents contextes<\/strong>\u00a0(ex. accueil de la petite enfance, accueil extrascolaire, milieu scolaire inclusif, services d\u2019accompagnement, milieux r\u00e9sidentiels\u2026), vers la qualit\u00e9 de vie, l&rsquo;inclusion et la pleine participation sociale de ce public. <\/span><\/p>\n<p><span style=\"font-size: 12pt;\">Notre objectif est de promouvoir\u00a0<strong>les pratiques les plus innovantes, qualitatives et fond\u00e9es sur des donn\u00e9es probantes<\/strong>\u00a0en faveur de la qualit\u00e9 de vie, de l&rsquo;inclusion et de la pleine participation sociale de ce public cible. Le\u00a0<strong>soutien centr\u00e9 sur la personne et l&rsquo;autod\u00e9termination\u00a0<\/strong>sont au c\u0153ur de nos pratiques et nous veillons \u00e0 d\u00e9velopper les pratiques les plus inclusives, de la recherche \u00e0 l&rsquo;intervention.<\/span><\/p>\n<p><span style=\"font-size: 12pt;\">Les cours dispens\u00e9s par le SEOC sont principalement situ\u00e9s dans les fili\u00e8res suivantes:<\/span><\/p>\n<ol>\n<li><span style=\"font-size: 12pt;\"><span style=\"color: #098c92;\"><strong>Master en Orthop\u00e9dagogie Clinique <\/strong><\/span>co-organis\u00e9 et co-dipl\u00f4m\u00e9 par l&rsquo;Universit\u00e9 de Mons (SEOC), l&rsquo;Universit\u00e9 Libre de Bruxelles (ULB) et l&rsquo;Universit\u00e9 de Li\u00e8ge. Retrouvez les ressources et informations via la page\u00a0<a href=\"https:\/\/web.umons.ac.be\/seoc\/activites-denseignement\/le-metier-dorthopedagogue-clinicien\/\">https:\/\/web.umons.ac.be\/seoc\/activites-denseignement\/le-metier-dorthopedagogue-clinicien\/<\/a><\/span><\/li>\n<li><span style=\"font-size: 12pt;\"><span style=\"color: #098c92;\"><strong>Master en Sciences de l&rsquo;Education, finalit\u00e9 sp\u00e9cialis\u00e9e en Adaptation Scolaire et P\u00e9dagogies Inclusives<\/strong><\/span>, dispens\u00e9 en horaire de jour sur le site de Mons d\u00e8s l&rsquo;ann\u00e9e acad\u00e9mique 2026-2027. Plus d&rsquo;informations via\u00a0<a href=\"https:\/\/web.umons.ac.be\/fpse\/fr\/formations\/m2-medupi\/\">https:\/\/web.umons.ac.be\/fpse\/fr\/formations\/m2-medupi\/<\/a><\/span><\/li>\n<\/ol>\n<p><span style=\"font-size: 12pt;\">Les <span style=\"color: #098c92;\"><strong>axes et activit\u00e9s de recherche<\/strong><\/span> peuvent \u00eatre consult\u00e9s via la page:\u00a0<a href=\"https:\/\/web.umons.ac.be\/seoc\/activites-de-recherche\/\">https:\/\/web.umons.ac.be\/seoc\/activites-de-recherche\/<\/a><\/span><\/p>\n","protected":false},"excerpt":{"rendered":"<p>Centr\u00e9 sur les aspects psychologiques et psycho\u00e9ducatifs des situations de handicap, le service d\u2019Orthop\u00e9dagogie Clinique (SEOC) s\u2019int\u00e9resse particuli\u00e8rement aux personnes pr\u00e9sentant un trouble neurod\u00e9veloppemental\u00a0(d\u00e9ficience intellectuelle, troubles sp\u00e9cifiques des apprentissage, troubles du spectre autistique, \u2026) tout au long de leur vie\u00a0(de la petite enfance \u00e0 l\u2019\u00e2ge adulte, jusqu\u2019aux \u00e9tapes du vieillissement, avec une attention sp\u00e9cifique port\u00e9e [&hellip;]<\/p>\n","protected":false},"author":4,"featured_media":0,"parent":0,"menu_order":0,"comment_status":"closed","ping_status":"closed","template":"","meta":{"footnotes":""},"class_list":["post-3","page","type-page","status-publish","hentry"],"yoast_head":"<!-- This site is optimized with the Yoast SEO plugin v27.2 - https:\/\/yoast.com\/product\/yoast-seo-wordpress\/ -->\n<title>Accueil - Service \/ FPSE - Orthop\u00e9dagogie clinique<\/title>\n<meta name=\"robots\" content=\"index, follow, max-snippet:-1, max-image-preview:large, max-video-preview:-1\" \/>\n<link rel=\"canonical\" href=\"https:\/\/web.umons.ac.be\/seoc\/accueil\/\" \/>\n<meta property=\"og:locale\" content=\"fr_FR\" \/>\n<meta property=\"og:type\" content=\"article\" \/>\n<meta property=\"og:title\" content=\"Accueil - Service \/ FPSE - Orthop\u00e9dagogie clinique\" \/>\n<meta property=\"og:description\" content=\"Centr\u00e9 sur les aspects psychologiques et psycho\u00e9ducatifs des situations de handicap, le service d\u2019Orthop\u00e9dagogie Clinique (SEOC) s\u2019int\u00e9resse particuli\u00e8rement aux personnes pr\u00e9sentant un trouble neurod\u00e9veloppemental\u00a0(d\u00e9ficience intellectuelle, troubles sp\u00e9cifiques des apprentissage, troubles du spectre autistique, \u2026) tout au long de leur vie\u00a0(de la petite enfance \u00e0 l\u2019\u00e2ge adulte, jusqu\u2019aux \u00e9tapes du vieillissement, avec une attention sp\u00e9cifique port\u00e9e [&hellip;]\" \/>\n<meta property=\"og:url\" content=\"https:\/\/web.umons.ac.be\/seoc\/accueil\/\" \/>\n<meta property=\"og:site_name\" content=\"Service \/ FPSE - Orthop\u00e9dagogie clinique\" \/>\n<meta property=\"article:modified_time\" content=\"2026-02-14T14:51:20+00:00\" \/>\n<meta name=\"twitter:card\" content=\"summary_large_image\" \/>\n<meta name=\"twitter:label1\" content=\"Dur\u00e9e de lecture estim\u00e9e\" \/>\n\t<meta name=\"twitter:data1\" content=\"2 minutes\" \/>\n<script type=\"application\/ld+json\" class=\"yoast-schema-graph\">{\"@context\":\"https:\/\/schema.org\",\"@graph\":[{\"@type\":\"WebPage\",\"@id\":\"https:\/\/web.umons.ac.be\/seoc\/accueil\/\",\"url\":\"https:\/\/web.umons.ac.be\/seoc\/accueil\/\",\"name\":\"Accueil - Service \/ FPSE - Orthop\u00e9dagogie clinique\",\"isPartOf\":{\"@id\":\"https:\/\/web.umons.ac.be\/seoc\/#website\"},\"datePublished\":\"2021-11-02T13:50:55+00:00\",\"dateModified\":\"2026-02-14T14:51:20+00:00\",\"breadcrumb\":{\"@id\":\"https:\/\/web.umons.ac.be\/seoc\/accueil\/#breadcrumb\"},\"inLanguage\":\"fr-FR\",\"potentialAction\":[{\"@type\":\"ReadAction\",\"target\":[\"https:\/\/web.umons.ac.be\/seoc\/accueil\/\"]}]},{\"@type\":\"BreadcrumbList\",\"@id\":\"https:\/\/web.umons.ac.be\/seoc\/accueil\/#breadcrumb\",\"itemListElement\":[{\"@type\":\"ListItem\",\"position\":1,\"name\":\"Home\",\"item\":\"https:\/\/web.umons.ac.be\/seoc\/\"},{\"@type\":\"ListItem\",\"position\":2,\"name\":\"Accueil\"}]},{\"@type\":\"WebSite\",\"@id\":\"https:\/\/web.umons.ac.be\/seoc\/#website\",\"url\":\"https:\/\/web.umons.ac.be\/seoc\/\",\"name\":\"Service \/ FPSE - Orthop\u00e9dagogie clinique\",\"description\":\"\",\"potentialAction\":[{\"@type\":\"SearchAction\",\"target\":{\"@type\":\"EntryPoint\",\"urlTemplate\":\"https:\/\/web.umons.ac.be\/seoc\/?s={search_term_string}\"},\"query-input\":{\"@type\":\"PropertyValueSpecification\",\"valueRequired\":true,\"valueName\":\"search_term_string\"}}],\"inLanguage\":\"fr-FR\"}]}<\/script>\n<!-- \/ Yoast SEO plugin. -->","yoast_head_json":{"title":"Accueil - Service \/ FPSE - Orthop\u00e9dagogie clinique","robots":{"index":"index","follow":"follow","max-snippet":"max-snippet:-1","max-image-preview":"max-image-preview:large","max-video-preview":"max-video-preview:-1"},"canonical":"https:\/\/web.umons.ac.be\/seoc\/accueil\/","og_locale":"fr_FR","og_type":"article","og_title":"Accueil - Service \/ FPSE - Orthop\u00e9dagogie clinique","og_description":"Centr\u00e9 sur les aspects psychologiques et psycho\u00e9ducatifs des situations de handicap, le service d\u2019Orthop\u00e9dagogie Clinique (SEOC) s\u2019int\u00e9resse particuli\u00e8rement aux personnes pr\u00e9sentant un trouble neurod\u00e9veloppemental\u00a0(d\u00e9ficience intellectuelle, troubles sp\u00e9cifiques des apprentissage, troubles du spectre autistique, \u2026) tout au long de leur vie\u00a0(de la petite enfance \u00e0 l\u2019\u00e2ge adulte, jusqu\u2019aux \u00e9tapes du vieillissement, avec une attention sp\u00e9cifique port\u00e9e [&hellip;]","og_url":"https:\/\/web.umons.ac.be\/seoc\/accueil\/","og_site_name":"Service \/ FPSE - Orthop\u00e9dagogie clinique","article_modified_time":"2026-02-14T14:51:20+00:00","twitter_card":"summary_large_image","twitter_misc":{"Dur\u00e9e de lecture estim\u00e9e":"2 minutes"},"schema":{"@context":"https:\/\/schema.org","@graph":[{"@type":"WebPage","@id":"https:\/\/web.umons.ac.be\/seoc\/accueil\/","url":"https:\/\/web.umons.ac.be\/seoc\/accueil\/","name":"Accueil - Service \/ FPSE - Orthop\u00e9dagogie clinique","isPartOf":{"@id":"https:\/\/web.umons.ac.be\/seoc\/#website"},"datePublished":"2021-11-02T13:50:55+00:00","dateModified":"2026-02-14T14:51:20+00:00","breadcrumb":{"@id":"https:\/\/web.umons.ac.be\/seoc\/accueil\/#breadcrumb"},"inLanguage":"fr-FR","potentialAction":[{"@type":"ReadAction","target":["https:\/\/web.umons.ac.be\/seoc\/accueil\/"]}]},{"@type":"BreadcrumbList","@id":"https:\/\/web.umons.ac.be\/seoc\/accueil\/#breadcrumb","itemListElement":[{"@type":"ListItem","position":1,"name":"Home","item":"https:\/\/web.umons.ac.be\/seoc\/"},{"@type":"ListItem","position":2,"name":"Accueil"}]},{"@type":"WebSite","@id":"https:\/\/web.umons.ac.be\/seoc\/#website","url":"https:\/\/web.umons.ac.be\/seoc\/","name":"Service \/ FPSE - Orthop\u00e9dagogie clinique","description":"","potentialAction":[{"@type":"SearchAction","target":{"@type":"EntryPoint","urlTemplate":"https:\/\/web.umons.ac.be\/seoc\/?s={search_term_string}"},"query-input":{"@type":"PropertyValueSpecification","valueRequired":true,"valueName":"search_term_string"}}],"inLanguage":"fr-FR"}]}},"lang":"fr","translations":{"fr":3,"en":5},"pll_sync_post":[],"_links":{"self":[{"href":"https:\/\/web.umons.ac.be\/seoc\/wp-json\/wp\/v2\/pages\/3","targetHints":{"allow":["GET"]}}],"collection":[{"href":"https:\/\/web.umons.ac.be\/seoc\/wp-json\/wp\/v2\/pages"}],"about":[{"href":"https:\/\/web.umons.ac.be\/seoc\/wp-json\/wp\/v2\/types\/page"}],"author":[{"embeddable":true,"href":"https:\/\/web.umons.ac.be\/seoc\/wp-json\/wp\/v2\/users\/4"}],"replies":[{"embeddable":true,"href":"https:\/\/web.umons.ac.be\/seoc\/wp-json\/wp\/v2\/comments?post=3"}],"version-history":[{"count":2,"href":"https:\/\/web.umons.ac.be\/seoc\/wp-json\/wp\/v2\/pages\/3\/revisions"}],"predecessor-version":[{"id":458,"href":"https:\/\/web.umons.ac.be\/seoc\/wp-json\/wp\/v2\/pages\/3\/revisions\/458"}],"wp:attachment":[{"href":"https:\/\/web.umons.ac.be\/seoc\/wp-json\/wp\/v2\/media?parent=3"}],"curies":[{"name":"wp","href":"https:\/\/api.w.org\/{rel}","templated":true}]}}