{"id":464,"date":"2026-02-14T16:00:58","date_gmt":"2026-02-14T15:00:58","guid":{"rendered":"https:\/\/web.umons.ac.be\/seoc\/?page_id=464"},"modified":"2026-02-24T10:34:52","modified_gmt":"2026-02-24T09:34:52","slug":"master-en-sciences-de-leducation-finalite-specialisee-en-adaptation-scolaire-et-pedagogies-inclusives","status":"publish","type":"page","link":"https:\/\/web.umons.ac.be\/seoc\/activites-denseignement\/master-en-sciences-de-leducation-finalite-specialisee-en-adaptation-scolaire-et-pedagogies-inclusives\/","title":{"rendered":"Master en Sciences de l&rsquo;Education- finalit\u00e9 sp\u00e9cialis\u00e9e en Adaptation Scolaire et P\u00e9dagogies Inclusives"},"content":{"rendered":"<p>Les sciences de l\u2019\u00e9ducation \u00e9tudient l\u2019environnement \u00e9ducatif scolaire et extrascolaire, ainsi que son impact sur le d\u00e9veloppement des individus et de la soci\u00e9t\u00e9.<\/p>\n<p>Le Master en sciences de l\u2019\u00e9ducation a pour objectif de former des professionnels capables de concevoir des projets novateurs, d\u2019am\u00e9liorer leurs pratiques et leur r\u00e9flexion dans diff\u00e9rents champs de l\u2019\u00e9ducation et de la formation.<\/p>\n<p>Il permet \u00e9galement de d\u00e9velopper des comp\u00e9tences utiles pour mener des recherches en sciences de l\u2019\u00e9ducation et b\u00e9n\u00e9ficier des bases n\u00e9cessaires \u00e0 la poursuite d\u2019une carri\u00e8re de chercheur en acqu\u00e9rant une d\u00e9marche scientifique rigoureuse.<\/p>\n<p><a href=\"https:\/\/web.umons.ac.be\/fpse\/fr\/formations\/m2-medupi\/\">La finalit\u00e9 sp\u00e9cialis\u00e9e en\u00a0<em>adaptation scolaire et p\u00e9dagogies inclusives<\/em><\/a>\u00a0forme des acteurs capables d\u2019intervenir dans les contextes d\u2019enseignement ordinaire et sp\u00e9cialis\u00e9, du fondamental \u00e0 l\u2019enseignement sup\u00e9rieur, aupr\u00e8s d\u2019\u00e9l\u00e8ves et d\u2019\u00e9tudiants \u00e0 besoins \u00e9ducatifs sp\u00e9cifiques, en lien avec des situations de handicap. Elle vise le d\u00e9veloppement de comp\u00e9tences permettant d\u2019analyser et d\u2019accompagner l\u2019adaptation des environnements d\u2019apprentissage et des pratiques p\u00e9dagogiques, dans le cadre du syst\u00e8me \u00e9ducatif.<\/p>\n<p>Elle propose une formation qui associe apports th\u00e9oriques en sciences de l\u2019\u00e9ducation, analyse des pratiques et compr\u00e9hension des cadres institutionnels, en lien avec les enjeux actuels de l\u2019adaptation scolaire et de l\u2019\u00e9ducation inclusive. Une attention particuli\u00e8re est port\u00e9e au r\u00f4le des services \u00e9ducatifs li\u00e9s \u00e0 l\u2019enseignement (enseignement sp\u00e9cialis\u00e9, dispositifs de soutien \u00e0 l\u2019inclusion, services d\u2019orientation et d\u2019accompagnement), ainsi qu\u2019\u00e0 leur contribution \u00e0 la coh\u00e9rence des parcours scolaires et de formation, y compris dans les dispositifs soutenant la transition vers la vie active.<\/p>\n<p>Le programme totalise au moins 120 cr\u00e9dits organis\u00e9s en deux blocs d\u2019enseignements annuels de 60 cr\u00e9dits chacun.<\/p>\n<p><a href=\"https:\/\/web.umons.ac.be\/app\/uploads\/sites\/3\/2026\/01\/structure-MEDUPI-web.jpg\"><img loading=\"lazy\" decoding=\"async\" class=\"aligncenter size-medium wp-image-2626\" src=\"https:\/\/web.umons.ac.be\/app\/uploads\/sites\/3\/2026\/01\/structure-MEDUPI-web-300x222.jpg\" sizes=\"auto, (max-width: 300px) 100vw, 300px\" srcset=\"https:\/\/web.umons.ac.be\/app\/uploads\/sites\/3\/2026\/01\/structure-MEDUPI-web-300x222.jpg 300w, https:\/\/web.umons.ac.be\/app\/uploads\/sites\/3\/2026\/01\/structure-MEDUPI-web-768x569.jpg 768w, https:\/\/web.umons.ac.be\/app\/uploads\/sites\/3\/2026\/01\/structure-MEDUPI-web-891x660.jpg 891w, https:\/\/web.umons.ac.be\/app\/uploads\/sites\/3\/2026\/01\/structure-MEDUPI-web-30x22.jpg 30w, https:\/\/web.umons.ac.be\/app\/uploads\/sites\/3\/2026\/01\/structure-MEDUPI-web-60x44.jpg 60w, https:\/\/web.umons.ac.be\/app\/uploads\/sites\/3\/2026\/01\/structure-MEDUPI-web-360x267.jpg 360w, https:\/\/web.umons.ac.be\/app\/uploads\/sites\/3\/2026\/01\/structure-MEDUPI-web.jpg 949w\" alt=\"\" width=\"300\" height=\"222\" \/><\/a><\/p>\n<p><strong>Bloc 1<\/strong><\/p>\n<p>Au travers des enseignements du tronc commun, le programme permet aux \u00e9tudiants d\u2019acqu\u00e9rir une vision des sciences de l\u2019\u00e9ducation qui d\u00e9passe les limites de la finalit\u00e9 choisie. Il vise \u00e9galement l\u2019accompagnement \u00e0 la r\u00e9alisation du m\u00e9moire par le biais d\u2019un projet sp\u00e9cifique.<\/p>\n<p>Il comporte en outre un stage de 300h ainsi que deux modules sp\u00e9cifiques \u00e0 la finalit\u00e9\u00a0:<\/p>\n<ul>\n<li><span style=\"color: #00abcc;\"><strong>Approches p\u00e9dagogiques et gestion des comportements des \u00e9l\u00e8ves \u00e0 besoins sp\u00e9cifiques<\/strong><\/span><\/li>\n<li><span style=\"color: #00abcc;\"><strong>Politiques inclusives et p\u00e9dagogie<\/strong><\/span><\/li>\n<\/ul>\n<p><strong>Bloc 2<\/strong><\/p>\n<p>La seconde partie du programme implique la r\u00e9daction du m\u00e9moire ainsi qu\u2019un second stage de 300h.<\/p>\n<p>Elle inclut \u00e9galement le module \u00ab\u00a0P\u00e9dagogie, communication et langage\u00a0\u00bb organis\u00e9 en hybride.<\/p>\n<p>L&rsquo;ensemble du programme (ann\u00e9e acad\u00e9mique 2026-2027) peut \u00eatre retrouv\u00e9 via:\u00a0<a href=\"https:\/\/web.umons.ac.be\/seoc\/wp-includes\/js\/tinymce\/Service \/ FPSE - Orthop\u00e9dagogie clinique\/_wp_link_placeholder\">https:\/\/webcontent.umons.ac.be\/web\/fr\/pde\/2026-2027\/cursus\/MSE1_S400.htm<\/a><\/p>\n","protected":false},"excerpt":{"rendered":"<p>Les sciences de l\u2019\u00e9ducation \u00e9tudient l\u2019environnement \u00e9ducatif scolaire et extrascolaire, ainsi que son impact sur le d\u00e9veloppement des individus et de la soci\u00e9t\u00e9. Le Master en sciences de l\u2019\u00e9ducation a pour objectif de former des professionnels capables de concevoir des projets novateurs, d\u2019am\u00e9liorer leurs pratiques et leur r\u00e9flexion dans diff\u00e9rents champs de l\u2019\u00e9ducation et de [&hellip;]<\/p>\n","protected":false},"author":124,"featured_media":0,"parent":11,"menu_order":0,"comment_status":"closed","ping_status":"closed","template":"","meta":{"footnotes":""},"class_list":["post-464","page","type-page","status-publish","hentry"],"yoast_head":"<!-- This site is optimized with the Yoast SEO plugin v27.2 - https:\/\/yoast.com\/product\/yoast-seo-wordpress\/ -->\n<title>Master en Sciences de l&#039;Education- finalit\u00e9 sp\u00e9cialis\u00e9e en Adaptation Scolaire et P\u00e9dagogies Inclusives - Service \/ FPSE - Orthop\u00e9dagogie clinique<\/title>\n<meta name=\"robots\" content=\"index, follow, max-snippet:-1, max-image-preview:large, max-video-preview:-1\" \/>\n<link rel=\"canonical\" href=\"https:\/\/web.umons.ac.be\/seoc\/activites-denseignement\/master-en-sciences-de-leducation-finalite-specialisee-en-adaptation-scolaire-et-pedagogies-inclusives\/\" \/>\n<meta property=\"og:locale\" content=\"fr_FR\" \/>\n<meta property=\"og:type\" content=\"article\" \/>\n<meta property=\"og:title\" content=\"Master en Sciences de l&#039;Education- finalit\u00e9 sp\u00e9cialis\u00e9e en Adaptation Scolaire et P\u00e9dagogies Inclusives - Service \/ FPSE - Orthop\u00e9dagogie clinique\" \/>\n<meta property=\"og:description\" content=\"Les sciences de l\u2019\u00e9ducation \u00e9tudient l\u2019environnement \u00e9ducatif scolaire et extrascolaire, ainsi que son impact sur le d\u00e9veloppement des individus et de la soci\u00e9t\u00e9. Le Master en sciences de l\u2019\u00e9ducation a pour objectif de former des professionnels capables de concevoir des projets novateurs, d\u2019am\u00e9liorer leurs pratiques et leur r\u00e9flexion dans diff\u00e9rents champs de l\u2019\u00e9ducation et de [&hellip;]\" \/>\n<meta property=\"og:url\" content=\"https:\/\/web.umons.ac.be\/seoc\/activites-denseignement\/master-en-sciences-de-leducation-finalite-specialisee-en-adaptation-scolaire-et-pedagogies-inclusives\/\" \/>\n<meta property=\"og:site_name\" content=\"Service \/ FPSE - Orthop\u00e9dagogie clinique\" \/>\n<meta property=\"article:modified_time\" content=\"2026-02-24T09:34:52+00:00\" \/>\n<meta name=\"twitter:card\" content=\"summary_large_image\" \/>\n<meta name=\"twitter:label1\" content=\"Dur\u00e9e de lecture estim\u00e9e\" \/>\n\t<meta name=\"twitter:data1\" content=\"3 minutes\" \/>\n<script type=\"application\/ld+json\" class=\"yoast-schema-graph\">{\"@context\":\"https:\/\/schema.org\",\"@graph\":[{\"@type\":\"WebPage\",\"@id\":\"https:\/\/web.umons.ac.be\/seoc\/activites-denseignement\/master-en-sciences-de-leducation-finalite-specialisee-en-adaptation-scolaire-et-pedagogies-inclusives\/\",\"url\":\"https:\/\/web.umons.ac.be\/seoc\/activites-denseignement\/master-en-sciences-de-leducation-finalite-specialisee-en-adaptation-scolaire-et-pedagogies-inclusives\/\",\"name\":\"Master en Sciences de l'Education- finalit\u00e9 sp\u00e9cialis\u00e9e en Adaptation Scolaire et P\u00e9dagogies Inclusives - Service \/ FPSE - Orthop\u00e9dagogie clinique\",\"isPartOf\":{\"@id\":\"https:\/\/web.umons.ac.be\/seoc\/#website\"},\"primaryImageOfPage\":{\"@id\":\"https:\/\/web.umons.ac.be\/seoc\/activites-denseignement\/master-en-sciences-de-leducation-finalite-specialisee-en-adaptation-scolaire-et-pedagogies-inclusives\/#primaryimage\"},\"image\":{\"@id\":\"https:\/\/web.umons.ac.be\/seoc\/activites-denseignement\/master-en-sciences-de-leducation-finalite-specialisee-en-adaptation-scolaire-et-pedagogies-inclusives\/#primaryimage\"},\"thumbnailUrl\":\"https:\/\/web.umons.ac.be\/app\/uploads\/sites\/3\/2026\/01\/structure-MEDUPI-web-300x222.jpg\",\"datePublished\":\"2026-02-14T15:00:58+00:00\",\"dateModified\":\"2026-02-24T09:34:52+00:00\",\"breadcrumb\":{\"@id\":\"https:\/\/web.umons.ac.be\/seoc\/activites-denseignement\/master-en-sciences-de-leducation-finalite-specialisee-en-adaptation-scolaire-et-pedagogies-inclusives\/#breadcrumb\"},\"inLanguage\":\"fr-FR\",\"potentialAction\":[{\"@type\":\"ReadAction\",\"target\":[\"https:\/\/web.umons.ac.be\/seoc\/activites-denseignement\/master-en-sciences-de-leducation-finalite-specialisee-en-adaptation-scolaire-et-pedagogies-inclusives\/\"]}]},{\"@type\":\"ImageObject\",\"inLanguage\":\"fr-FR\",\"@id\":\"https:\/\/web.umons.ac.be\/seoc\/activites-denseignement\/master-en-sciences-de-leducation-finalite-specialisee-en-adaptation-scolaire-et-pedagogies-inclusives\/#primaryimage\",\"url\":\"https:\/\/web.umons.ac.be\/app\/uploads\/sites\/3\/2026\/01\/structure-MEDUPI-web-300x222.jpg\",\"contentUrl\":\"https:\/\/web.umons.ac.be\/app\/uploads\/sites\/3\/2026\/01\/structure-MEDUPI-web-300x222.jpg\"},{\"@type\":\"BreadcrumbList\",\"@id\":\"https:\/\/web.umons.ac.be\/seoc\/activites-denseignement\/master-en-sciences-de-leducation-finalite-specialisee-en-adaptation-scolaire-et-pedagogies-inclusives\/#breadcrumb\",\"itemListElement\":[{\"@type\":\"ListItem\",\"position\":1,\"name\":\"Home\",\"item\":\"https:\/\/web.umons.ac.be\/seoc\/\"},{\"@type\":\"ListItem\",\"position\":2,\"name\":\"Activit\u00e9s d&rsquo;enseignement\",\"item\":\"https:\/\/web.umons.ac.be\/seoc\/activites-denseignement\/\"},{\"@type\":\"ListItem\",\"position\":3,\"name\":\"Master en Sciences de l&rsquo;Education- finalit\u00e9 sp\u00e9cialis\u00e9e en Adaptation Scolaire et P\u00e9dagogies Inclusives\"}]},{\"@type\":\"WebSite\",\"@id\":\"https:\/\/web.umons.ac.be\/seoc\/#website\",\"url\":\"https:\/\/web.umons.ac.be\/seoc\/\",\"name\":\"Service \/ FPSE - Orthop\u00e9dagogie clinique\",\"description\":\"\",\"potentialAction\":[{\"@type\":\"SearchAction\",\"target\":{\"@type\":\"EntryPoint\",\"urlTemplate\":\"https:\/\/web.umons.ac.be\/seoc\/?s={search_term_string}\"},\"query-input\":{\"@type\":\"PropertyValueSpecification\",\"valueRequired\":true,\"valueName\":\"search_term_string\"}}],\"inLanguage\":\"fr-FR\"}]}<\/script>\n<!-- \/ Yoast SEO plugin. -->","yoast_head_json":{"title":"Master en Sciences de l'Education- finalit\u00e9 sp\u00e9cialis\u00e9e en Adaptation Scolaire et P\u00e9dagogies Inclusives - Service \/ FPSE - Orthop\u00e9dagogie clinique","robots":{"index":"index","follow":"follow","max-snippet":"max-snippet:-1","max-image-preview":"max-image-preview:large","max-video-preview":"max-video-preview:-1"},"canonical":"https:\/\/web.umons.ac.be\/seoc\/activites-denseignement\/master-en-sciences-de-leducation-finalite-specialisee-en-adaptation-scolaire-et-pedagogies-inclusives\/","og_locale":"fr_FR","og_type":"article","og_title":"Master en Sciences de l'Education- finalit\u00e9 sp\u00e9cialis\u00e9e en Adaptation Scolaire et P\u00e9dagogies Inclusives - Service \/ FPSE - Orthop\u00e9dagogie clinique","og_description":"Les sciences de l\u2019\u00e9ducation \u00e9tudient l\u2019environnement \u00e9ducatif scolaire et extrascolaire, ainsi que son impact sur le d\u00e9veloppement des individus et de la soci\u00e9t\u00e9. Le Master en sciences de l\u2019\u00e9ducation a pour objectif de former des professionnels capables de concevoir des projets novateurs, d\u2019am\u00e9liorer leurs pratiques et leur r\u00e9flexion dans diff\u00e9rents champs de l\u2019\u00e9ducation et de [&hellip;]","og_url":"https:\/\/web.umons.ac.be\/seoc\/activites-denseignement\/master-en-sciences-de-leducation-finalite-specialisee-en-adaptation-scolaire-et-pedagogies-inclusives\/","og_site_name":"Service \/ FPSE - Orthop\u00e9dagogie clinique","article_modified_time":"2026-02-24T09:34:52+00:00","twitter_card":"summary_large_image","twitter_misc":{"Dur\u00e9e de lecture estim\u00e9e":"3 minutes"},"schema":{"@context":"https:\/\/schema.org","@graph":[{"@type":"WebPage","@id":"https:\/\/web.umons.ac.be\/seoc\/activites-denseignement\/master-en-sciences-de-leducation-finalite-specialisee-en-adaptation-scolaire-et-pedagogies-inclusives\/","url":"https:\/\/web.umons.ac.be\/seoc\/activites-denseignement\/master-en-sciences-de-leducation-finalite-specialisee-en-adaptation-scolaire-et-pedagogies-inclusives\/","name":"Master en Sciences de l'Education- finalit\u00e9 sp\u00e9cialis\u00e9e en Adaptation Scolaire et P\u00e9dagogies Inclusives - Service \/ FPSE - Orthop\u00e9dagogie clinique","isPartOf":{"@id":"https:\/\/web.umons.ac.be\/seoc\/#website"},"primaryImageOfPage":{"@id":"https:\/\/web.umons.ac.be\/seoc\/activites-denseignement\/master-en-sciences-de-leducation-finalite-specialisee-en-adaptation-scolaire-et-pedagogies-inclusives\/#primaryimage"},"image":{"@id":"https:\/\/web.umons.ac.be\/seoc\/activites-denseignement\/master-en-sciences-de-leducation-finalite-specialisee-en-adaptation-scolaire-et-pedagogies-inclusives\/#primaryimage"},"thumbnailUrl":"https:\/\/web.umons.ac.be\/app\/uploads\/sites\/3\/2026\/01\/structure-MEDUPI-web-300x222.jpg","datePublished":"2026-02-14T15:00:58+00:00","dateModified":"2026-02-24T09:34:52+00:00","breadcrumb":{"@id":"https:\/\/web.umons.ac.be\/seoc\/activites-denseignement\/master-en-sciences-de-leducation-finalite-specialisee-en-adaptation-scolaire-et-pedagogies-inclusives\/#breadcrumb"},"inLanguage":"fr-FR","potentialAction":[{"@type":"ReadAction","target":["https:\/\/web.umons.ac.be\/seoc\/activites-denseignement\/master-en-sciences-de-leducation-finalite-specialisee-en-adaptation-scolaire-et-pedagogies-inclusives\/"]}]},{"@type":"ImageObject","inLanguage":"fr-FR","@id":"https:\/\/web.umons.ac.be\/seoc\/activites-denseignement\/master-en-sciences-de-leducation-finalite-specialisee-en-adaptation-scolaire-et-pedagogies-inclusives\/#primaryimage","url":"https:\/\/web.umons.ac.be\/app\/uploads\/sites\/3\/2026\/01\/structure-MEDUPI-web-300x222.jpg","contentUrl":"https:\/\/web.umons.ac.be\/app\/uploads\/sites\/3\/2026\/01\/structure-MEDUPI-web-300x222.jpg"},{"@type":"BreadcrumbList","@id":"https:\/\/web.umons.ac.be\/seoc\/activites-denseignement\/master-en-sciences-de-leducation-finalite-specialisee-en-adaptation-scolaire-et-pedagogies-inclusives\/#breadcrumb","itemListElement":[{"@type":"ListItem","position":1,"name":"Home","item":"https:\/\/web.umons.ac.be\/seoc\/"},{"@type":"ListItem","position":2,"name":"Activit\u00e9s d&rsquo;enseignement","item":"https:\/\/web.umons.ac.be\/seoc\/activites-denseignement\/"},{"@type":"ListItem","position":3,"name":"Master en Sciences de l&rsquo;Education- finalit\u00e9 sp\u00e9cialis\u00e9e en Adaptation Scolaire et P\u00e9dagogies Inclusives"}]},{"@type":"WebSite","@id":"https:\/\/web.umons.ac.be\/seoc\/#website","url":"https:\/\/web.umons.ac.be\/seoc\/","name":"Service \/ FPSE - Orthop\u00e9dagogie clinique","description":"","potentialAction":[{"@type":"SearchAction","target":{"@type":"EntryPoint","urlTemplate":"https:\/\/web.umons.ac.be\/seoc\/?s={search_term_string}"},"query-input":{"@type":"PropertyValueSpecification","valueRequired":true,"valueName":"search_term_string"}}],"inLanguage":"fr-FR"}]}},"lang":"fr","translations":{"fr":464},"pll_sync_post":[],"_links":{"self":[{"href":"https:\/\/web.umons.ac.be\/seoc\/wp-json\/wp\/v2\/pages\/464","targetHints":{"allow":["GET"]}}],"collection":[{"href":"https:\/\/web.umons.ac.be\/seoc\/wp-json\/wp\/v2\/pages"}],"about":[{"href":"https:\/\/web.umons.ac.be\/seoc\/wp-json\/wp\/v2\/types\/page"}],"author":[{"embeddable":true,"href":"https:\/\/web.umons.ac.be\/seoc\/wp-json\/wp\/v2\/users\/124"}],"replies":[{"embeddable":true,"href":"https:\/\/web.umons.ac.be\/seoc\/wp-json\/wp\/v2\/comments?post=464"}],"version-history":[{"count":3,"href":"https:\/\/web.umons.ac.be\/seoc\/wp-json\/wp\/v2\/pages\/464\/revisions"}],"predecessor-version":[{"id":475,"href":"https:\/\/web.umons.ac.be\/seoc\/wp-json\/wp\/v2\/pages\/464\/revisions\/475"}],"up":[{"embeddable":true,"href":"https:\/\/web.umons.ac.be\/seoc\/wp-json\/wp\/v2\/pages\/11"}],"wp:attachment":[{"href":"https:\/\/web.umons.ac.be\/seoc\/wp-json\/wp\/v2\/media?parent=464"}],"curies":[{"name":"wp","href":"https:\/\/api.w.org\/{rel}","templated":true}]}}