{"id":90,"date":"2022-05-05T19:36:47","date_gmt":"2022-05-05T17:36:47","guid":{"rendered":"https:\/\/web.umons.ac.be\/seoc\/?page_id=90"},"modified":"2026-02-14T16:01:34","modified_gmt":"2026-02-14T15:01:34","slug":"master-en-orthopedagogie-clinique","status":"publish","type":"page","link":"https:\/\/web.umons.ac.be\/seoc\/activites-denseignement\/master-en-orthopedagogie-clinique\/","title":{"rendered":"Master en orthop\u00e9dagogie clinique"},"content":{"rendered":"<p>Toutes les informations sur notre master en orthop\u00e9dagogie clinique peuvent \u00eatre retrouv\u00e9es sur le site :<\/p>\n<start-cask-shortcode-wrapper><article class=\"shortcode-training training-small content-block scheme-fpse\">\n\t<a href=\"https:\/\/web.umons.ac.be\/fpse\/fr\/training\/m2-morthc\/\" class=\"training-link scheme-border-hover\">\n\t\t<header class=\"training-small-header\">\n\t\t\t<div class=\"training-small-entity scheme-color\">\n\t\t\t\tFacult\u00e9 \/ FPSE\t\t\t\t\t           \t<img decoding=\"async\" src=\"https:\/\/web.umons.ac.be\/app\/uploads\/sites\/3\/2017\/11\/FPSE.svg\" class=\"training-small-entity-logo\" alt=\"Ic\u00f4ne de Facult\u00e9 \/ FPSE\">\n\t        \t\t\t\t<\/div>\n\t\t\t<div class=\"training-small-degree\">\n\t\t\t\tMaster en\t\t\t<\/div>\n\n\t\t\t<h1 class=\"training-small-title\">Orthop\u00e9dagogie clinique<\/h1>\n\n\t\t\t\t\t<\/header>\n\t\t\t\t<div class=\"training-small-content\">\n\t\t\t<div class=\"training-small-location\">\n\t\t\t\t<span class=\"icon umons-icon-pin\" aria-hidden=\"true\"><\/span>\n\t\t\t\t<span class=\"location\">Mons, Bruxelles, Li\u00e8ge<\/span>\n\t\t\t<\/div>\n\n\t\t\t\t\t\t<div class=\"training-small-side-info\">\n\t\t\t\t<ul class=\"training-small-side-info-list\">\n\t\t\t\t\t\t\t\t\t\t<li>\n\t\t\t\t\t\t<div class=\"training-single-schedule\">\n\t\t\t\t\t\t\t<div class=\"label\">Horaire<\/div>\n\t\t\t\t\t\t\t<div class=\"value\">Horaire de jour<\/div>\n\t\t\t\t\t\t<\/div>\n\t\t\t\t\t<\/li>\n\t\t\t\t\t\t\t\t\t\t\t\t\t\t\t<li>\n\t\t\t\t\t\t<div class=\"training-single-credits\">\n\t\t\t\t\t\t\t<div class=\"label\">Cr\u00e9dits ECTS<\/div>\n\t\t\t\t\t\t\t<div class=\"value\">120<\/div>\n\t\t\t\t\t\t<\/div>\n\t\t\t\t\t<\/li>\n\t\t\t\t\t\t\t\t\t\t\t\t\t\t\t<li>\n\t\t\t\t\t\t<div class=\"training-single-languages\">\n\t\t\t\t\t\t\t<div class=\"label\">Langue<\/div>\n\t\t\t\t\t\t\t<div class=\"value\">\n\t\t\t\t\t\t\t\t<span class=\"lang\">Fran\u00e7ais<\/span>\n\t\t\t\t\t\t\t<\/div>\n\t\t\t\t\t\t<\/div>\n\t\t\t\t\t<\/li>\n\t\t\t\t\t\t\t\t\t<\/ul>\n\t\t\t<\/div>\n\t\t\t\t\t<\/div>\n\t\t\t<\/a>\n<\/article>\n<end-cask-shortcode-wrapper>\n","protected":false},"excerpt":{"rendered":"<p>Toutes les informations sur notre master en orthop\u00e9dagogie clinique peuvent \u00eatre retrouv\u00e9es sur le site :<\/p>\n","protected":false},"author":124,"featured_media":0,"parent":11,"menu_order":0,"comment_status":"closed","ping_status":"closed","template":"","meta":{"footnotes":""},"class_list":["post-90","page","type-page","status-publish","hentry"],"yoast_head":"<!-- This site is optimized with the Yoast SEO plugin v27.2 - https:\/\/yoast.com\/product\/yoast-seo-wordpress\/ -->\n<title>Master en orthop\u00e9dagogie clinique - Service \/ FPSE - Orthop\u00e9dagogie clinique<\/title>\n<meta name=\"robots\" content=\"index, follow, max-snippet:-1, max-image-preview:large, max-video-preview:-1\" \/>\n<link rel=\"canonical\" href=\"https:\/\/web.umons.ac.be\/seoc\/activites-denseignement\/master-en-orthopedagogie-clinique\/\" \/>\n<meta property=\"og:locale\" content=\"fr_FR\" \/>\n<meta property=\"og:type\" content=\"article\" \/>\n<meta property=\"og:title\" content=\"Master en orthop\u00e9dagogie clinique - Service \/ FPSE - Orthop\u00e9dagogie clinique\" \/>\n<meta property=\"og:description\" content=\"Toutes les informations sur notre master en orthop\u00e9dagogie clinique peuvent \u00eatre retrouv\u00e9es sur le site :\" \/>\n<meta property=\"og:url\" content=\"https:\/\/web.umons.ac.be\/seoc\/activites-denseignement\/master-en-orthopedagogie-clinique\/\" \/>\n<meta property=\"og:site_name\" content=\"Service \/ FPSE - Orthop\u00e9dagogie clinique\" \/>\n<meta property=\"article:modified_time\" content=\"2026-02-14T15:01:34+00:00\" \/>\n<meta name=\"twitter:card\" content=\"summary_large_image\" \/>\n<meta name=\"twitter:label1\" content=\"Dur\u00e9e de lecture estim\u00e9e\" \/>\n\t<meta name=\"twitter:data1\" content=\"1 minute\" \/>\n<script type=\"application\/ld+json\" class=\"yoast-schema-graph\">{\"@context\":\"https:\/\/schema.org\",\"@graph\":[{\"@type\":\"WebPage\",\"@id\":\"https:\/\/web.umons.ac.be\/seoc\/activites-denseignement\/master-en-orthopedagogie-clinique\/\",\"url\":\"https:\/\/web.umons.ac.be\/seoc\/activites-denseignement\/master-en-orthopedagogie-clinique\/\",\"name\":\"Master en orthop\u00e9dagogie clinique - Service \/ FPSE - Orthop\u00e9dagogie clinique\",\"isPartOf\":{\"@id\":\"https:\/\/web.umons.ac.be\/seoc\/#website\"},\"datePublished\":\"2022-05-05T17:36:47+00:00\",\"dateModified\":\"2026-02-14T15:01:34+00:00\",\"breadcrumb\":{\"@id\":\"https:\/\/web.umons.ac.be\/seoc\/activites-denseignement\/master-en-orthopedagogie-clinique\/#breadcrumb\"},\"inLanguage\":\"fr-FR\",\"potentialAction\":[{\"@type\":\"ReadAction\",\"target\":[\"https:\/\/web.umons.ac.be\/seoc\/activites-denseignement\/master-en-orthopedagogie-clinique\/\"]}]},{\"@type\":\"BreadcrumbList\",\"@id\":\"https:\/\/web.umons.ac.be\/seoc\/activites-denseignement\/master-en-orthopedagogie-clinique\/#breadcrumb\",\"itemListElement\":[{\"@type\":\"ListItem\",\"position\":1,\"name\":\"Home\",\"item\":\"https:\/\/web.umons.ac.be\/seoc\/\"},{\"@type\":\"ListItem\",\"position\":2,\"name\":\"Activit\u00e9s d&rsquo;enseignement\",\"item\":\"https:\/\/web.umons.ac.be\/seoc\/activites-denseignement\/\"},{\"@type\":\"ListItem\",\"position\":3,\"name\":\"Master en orthop\u00e9dagogie clinique\"}]},{\"@type\":\"WebSite\",\"@id\":\"https:\/\/web.umons.ac.be\/seoc\/#website\",\"url\":\"https:\/\/web.umons.ac.be\/seoc\/\",\"name\":\"Service \/ FPSE - Orthop\u00e9dagogie clinique\",\"description\":\"\",\"potentialAction\":[{\"@type\":\"SearchAction\",\"target\":{\"@type\":\"EntryPoint\",\"urlTemplate\":\"https:\/\/web.umons.ac.be\/seoc\/?s={search_term_string}\"},\"query-input\":{\"@type\":\"PropertyValueSpecification\",\"valueRequired\":true,\"valueName\":\"search_term_string\"}}],\"inLanguage\":\"fr-FR\"}]}<\/script>\n<!-- \/ Yoast SEO plugin. -->","yoast_head_json":{"title":"Master en orthop\u00e9dagogie clinique - Service \/ FPSE - Orthop\u00e9dagogie clinique","robots":{"index":"index","follow":"follow","max-snippet":"max-snippet:-1","max-image-preview":"max-image-preview:large","max-video-preview":"max-video-preview:-1"},"canonical":"https:\/\/web.umons.ac.be\/seoc\/activites-denseignement\/master-en-orthopedagogie-clinique\/","og_locale":"fr_FR","og_type":"article","og_title":"Master en orthop\u00e9dagogie clinique - Service \/ FPSE - Orthop\u00e9dagogie clinique","og_description":"Toutes les informations sur notre master en orthop\u00e9dagogie clinique peuvent \u00eatre retrouv\u00e9es sur le site :","og_url":"https:\/\/web.umons.ac.be\/seoc\/activites-denseignement\/master-en-orthopedagogie-clinique\/","og_site_name":"Service \/ FPSE - Orthop\u00e9dagogie clinique","article_modified_time":"2026-02-14T15:01:34+00:00","twitter_card":"summary_large_image","twitter_misc":{"Dur\u00e9e de lecture estim\u00e9e":"1 minute"},"schema":{"@context":"https:\/\/schema.org","@graph":[{"@type":"WebPage","@id":"https:\/\/web.umons.ac.be\/seoc\/activites-denseignement\/master-en-orthopedagogie-clinique\/","url":"https:\/\/web.umons.ac.be\/seoc\/activites-denseignement\/master-en-orthopedagogie-clinique\/","name":"Master en orthop\u00e9dagogie clinique - Service \/ FPSE - Orthop\u00e9dagogie clinique","isPartOf":{"@id":"https:\/\/web.umons.ac.be\/seoc\/#website"},"datePublished":"2022-05-05T17:36:47+00:00","dateModified":"2026-02-14T15:01:34+00:00","breadcrumb":{"@id":"https:\/\/web.umons.ac.be\/seoc\/activites-denseignement\/master-en-orthopedagogie-clinique\/#breadcrumb"},"inLanguage":"fr-FR","potentialAction":[{"@type":"ReadAction","target":["https:\/\/web.umons.ac.be\/seoc\/activites-denseignement\/master-en-orthopedagogie-clinique\/"]}]},{"@type":"BreadcrumbList","@id":"https:\/\/web.umons.ac.be\/seoc\/activites-denseignement\/master-en-orthopedagogie-clinique\/#breadcrumb","itemListElement":[{"@type":"ListItem","position":1,"name":"Home","item":"https:\/\/web.umons.ac.be\/seoc\/"},{"@type":"ListItem","position":2,"name":"Activit\u00e9s d&rsquo;enseignement","item":"https:\/\/web.umons.ac.be\/seoc\/activites-denseignement\/"},{"@type":"ListItem","position":3,"name":"Master en orthop\u00e9dagogie clinique"}]},{"@type":"WebSite","@id":"https:\/\/web.umons.ac.be\/seoc\/#website","url":"https:\/\/web.umons.ac.be\/seoc\/","name":"Service \/ FPSE - Orthop\u00e9dagogie clinique","description":"","potentialAction":[{"@type":"SearchAction","target":{"@type":"EntryPoint","urlTemplate":"https:\/\/web.umons.ac.be\/seoc\/?s={search_term_string}"},"query-input":{"@type":"PropertyValueSpecification","valueRequired":true,"valueName":"search_term_string"}}],"inLanguage":"fr-FR"}]}},"lang":"fr","translations":{"fr":90},"pll_sync_post":[],"_links":{"self":[{"href":"https:\/\/web.umons.ac.be\/seoc\/wp-json\/wp\/v2\/pages\/90","targetHints":{"allow":["GET"]}}],"collection":[{"href":"https:\/\/web.umons.ac.be\/seoc\/wp-json\/wp\/v2\/pages"}],"about":[{"href":"https:\/\/web.umons.ac.be\/seoc\/wp-json\/wp\/v2\/types\/page"}],"author":[{"embeddable":true,"href":"https:\/\/web.umons.ac.be\/seoc\/wp-json\/wp\/v2\/users\/124"}],"replies":[{"embeddable":true,"href":"https:\/\/web.umons.ac.be\/seoc\/wp-json\/wp\/v2\/comments?post=90"}],"version-history":[{"count":2,"href":"https:\/\/web.umons.ac.be\/seoc\/wp-json\/wp\/v2\/pages\/90\/revisions"}],"predecessor-version":[{"id":285,"href":"https:\/\/web.umons.ac.be\/seoc\/wp-json\/wp\/v2\/pages\/90\/revisions\/285"}],"up":[{"embeddable":true,"href":"https:\/\/web.umons.ac.be\/seoc\/wp-json\/wp\/v2\/pages\/11"}],"wp:attachment":[{"href":"https:\/\/web.umons.ac.be\/seoc\/wp-json\/wp\/v2\/media?parent=90"}],"curies":[{"name":"wp","href":"https:\/\/api.w.org\/{rel}","templated":true}]}}