{"id":15,"date":"2021-11-26T11:33:45","date_gmt":"2021-11-26T10:33:45","guid":{"rendered":"https:\/\/web.umons.ac.be\/sepl\/activites-de-recherche\/"},"modified":"2021-11-26T11:53:37","modified_gmt":"2021-11-26T10:53:37","slug":"activites-de-recherche","status":"publish","type":"page","link":"https:\/\/web.umons.ac.be\/sepl\/activites-de-recherche\/","title":{"rendered":"Activit\u00e9s de recherche"},"content":{"rendered":"<p>Dans le cadre de nos travaux de recherche, nous travaillons sur quatre grands axes :<\/p>\n<ul>\n<li><span class=\"ms-rteCustom-Gras\">Axe 1<\/span>\u00a0: Proc\u00e9dures diagnostiques en psychiatrie et en psychopathologie apr\u00e8s de populations d\u00e9linquantes avec des instruments diagnostiques valid\u00e9s contribuant \u00e0 une meilleure connaissance de la comorbidit\u00e9 psychiatrique ; \uf0a7<\/li>\n<li><span class=\"ms-rteCustom-Gras\">Axe 2\u00a0<\/span>: Evaluation et de gestion du risque de dangerosit\u00e9 en criminologie clinique, ax\u00e9es sur la validit\u00e9 discriminante et pr\u00e9dictive des \u00e9chelles d\u2019\u00e9valuation et de gestion du risque de comportement violent aupr\u00e8s de populations d\u00e9linquantes ; \uf0a7<\/li>\n<li><span class=\"ms-rteCustom-Gras\">Axe 3<\/span>\u00a0: La recherche de type exp\u00e9rimentale aupr\u00e8s des diff\u00e9rents sous-groupes de sujets d\u00e9linquants, contribuant \u00e0 orienter leur prise en charge. Il porte sur trois domaines : \uf0a7<br \/>\n&#8211; La psychologie du comportement violent ; \uf0a7<br \/>\n&#8211; La psychologie des \u00e9motions ; \uf0a7<br \/>\n&#8211; La neuropsychologie clinique et cognitive. \uf0a7<\/li>\n<li><span class=\"ms-rteCustom-Gras\">Axe 4\u00a0<\/span>: recherche dans le cadre de la victimologie, via les notions de stress traumatique avec des th\u00e9matiques sur la psycho-traumatologie aupr\u00e8s des victimes d\u2019actes violents ou encore le stress-traumatique.<\/li>\n<\/ul>\n<h3><span class=\"ms-rteCustom-TexteRouge\">M\u00e9moires propos\u00e9s<\/span><\/h3>\n<p>Le Service de Psychopathologie L\u00e9gale accueille chaque ann\u00e9e plusieurs m\u00e9morants. Les th\u00e8mes propos\u00e9s s\u2019axent selon diff\u00e9rents domaines de recherche :<\/p>\n<h5>Th\u00e8me : Antisocialit\u00e9 et Psychopathie<\/h5>\n<ul>\n<li>Psychopathie et fonctions ex\u00e9cutives mesur\u00e9es via les t\u00e2ches de Miyake et autres mesures neuropsychologiques ;<\/li>\n<li>Le concept de psychopathie chez les intern\u00e9s : structure factorielle de la PCL-R ;<\/li>\n<li>Le concept de psychopathie : validit\u00e9 convergente de la PCL-R, de la CAPP-IRS et de l\u2019IMP ;<\/li>\n<li>Psychopathie et d\u00e9ficit \u00e9motionnel : D\u00e9codage de stimuli visuels et sonores ;<\/li>\n<li>Psychopathie et d\u00e9ficit \u00e9motionnel : analyse de la production.<\/li>\n<\/ul>\n<h5>Th\u00e8me : Auteurs d\u2019Infractions \u00e0 Caract\u00e8re Sexuel (AICS)<\/h5>\n<ul>\n<li>Suivi des d\u00e9linquants sexuels au sein de la soci\u00e9t\u00e9 : Facteurs de risque et efficacit\u00e9 th\u00e9rapeutique ;<\/li>\n<li>Influence de la d\u00e9sirabilit\u00e9 sociale chez les agresseurs sexuels sur les variables de risque et de traitement ; &#8211;<\/li>\n<li>Distorsions cognitives dans le suivi des agresseurs sexuels.<\/li>\n<li>La d\u00e9sistance chez les AICS<\/li>\n<li>Evaluation des m\u00e9canismes de reconnaissance des \u00e9motions<\/li>\n<\/ul>\n<h5>Th\u00e8me : Qualit\u00e9 de vie<\/h5>\n<ul>\n<li>Evaluation de la Qualit\u00e9 de vie aupr\u00e8s d\u2019une population antisociale ;<\/li>\n<li>Int\u00e9r\u00eat de la mesure de la Qualit\u00e9 de Vie dans la prise en charge des AICS (Good Lives Model).<\/li>\n<\/ul>\n<h5>Th\u00e8me : Adolescents<\/h5>\n<ul>\n<li>Evaluation du risque de r\u00e9cidive chez les adolescents d\u00e9linquants sexuels (SAVRY, JSOAP-II, PCL:YV)<\/li>\n<li>Evaluation du risque de r\u00e9cidive chez les adolescents d\u00e9linquants non sexuels (SAVRY, JSOAP-II, PCL:YV) ;<\/li>\n<li>Les mineurs en danger pr\u00e9sentent-ils les m\u00eames profils que les adolescents d\u00e9linquants : adversit\u00e9, facteurs de risque, attachement et diagnostics cliniques.<\/li>\n<\/ul>\n<h5>Th\u00e8me : Profil cognitif et intellectuel<\/h5>\n<ul>\n<li>Etude du profil neuropsychologique chez les intern\u00e9s pr\u00e9sentant une d\u00e9ficience intellectuelle ou un Double Diagnostic ;<\/li>\n<li>Etude du profil diagnostic et de risque chez les intern\u00e9s pr\u00e9sentant une d\u00e9ficience intellectuelle ou un Double Diagnostic ;<\/li>\n<li>Evaluation neuropsychologique aupr\u00e8s d\u2019une population antisociale.<\/li>\n<\/ul>\n<h5>Autres th\u00e8mes<\/h5>\n<ul>\n<li>V\u00e9cu \u00e9motionnel chez les policiers<\/li>\n<li>Nouvelles \u00e9ditions de la VRAG et de la HCR-20 : adaptation des donn\u00e9es<\/li>\n<\/ul>\n<hr \/>\n<p>Notre service est, par ailleurs rattach\u00e9 \u00e0 un institut de recherche de l\u2019UMONS :<\/p>\n<start-cask-shortcode-wrapper>\t\t<div class=\"associated-institutes content-block scheme-fpse\">\n\t\t\t<ul class=\"institutes-list\">\n\t\t\t\t\t\t\t\t\t\t<li>\n\t\t\t\t\t\t\t<a href=\"https:\/\/web.umons.ac.be\/sante\" title=\"Acc\u00e9der au site web de : Institut \/ Sant\u00e9\" class=\"associated-institute\">\n\t\t\t\t\t\t\t\t<img loading=\"lazy\" decoding=\"async\" width=\"1\" height=\"1\" src=\"https:\/\/web.umons.ac.be\/app\/uploads\/sites\/35\/2021\/03\/sante_logo_fr.svg\" class=\"attachment-thumbnail size-thumbnail\" alt=\"\" \/>\t\t\t\t\t\t\t<\/a>\t\t\t\n\t\t\t\t\t\t<\/li>\n\t\t\t\t\t\t\t<\/ul>\n\t\t<\/div>\n <end-cask-shortcode-wrapper>\n","protected":false},"excerpt":{"rendered":"<p>Dans le cadre de nos travaux de recherche, nous travaillons sur quatre grands axes : Axe 1\u00a0: Proc\u00e9dures diagnostiques en psychiatrie et en psychopathologie apr\u00e8s de populations d\u00e9linquantes avec des instruments diagnostiques valid\u00e9s contribuant \u00e0 une meilleure connaissance de la comorbidit\u00e9 psychiatrique ; \uf0a7 Axe 2\u00a0: Evaluation et de gestion du risque de dangerosit\u00e9 en [&hellip;]<\/p>\n","protected":false},"author":4,"featured_media":0,"parent":0,"menu_order":0,"comment_status":"closed","ping_status":"closed","template":"","meta":{"footnotes":""},"class_list":["post-15","page","type-page","status-publish","hentry"],"yoast_head":"<!-- This site is optimized with the Yoast SEO plugin v27.2 - https:\/\/yoast.com\/product\/yoast-seo-wordpress\/ -->\n<title>Activit\u00e9s de recherche - Service \/ FPSE - Psychopathologie l\u00e9gale<\/title>\n<meta name=\"robots\" content=\"index, follow, max-snippet:-1, max-image-preview:large, max-video-preview:-1\" \/>\n<link rel=\"canonical\" href=\"https:\/\/web.umons.ac.be\/sepl\/activites-de-recherche\/\" \/>\n<meta property=\"og:locale\" content=\"fr_FR\" \/>\n<meta property=\"og:type\" content=\"article\" \/>\n<meta property=\"og:title\" content=\"Activit\u00e9s de recherche - Service \/ FPSE - Psychopathologie l\u00e9gale\" \/>\n<meta property=\"og:description\" content=\"Dans le cadre de nos travaux de recherche, nous travaillons sur quatre grands axes : Axe 1\u00a0: Proc\u00e9dures diagnostiques en psychiatrie et en psychopathologie apr\u00e8s de populations d\u00e9linquantes avec des instruments diagnostiques valid\u00e9s contribuant \u00e0 une meilleure connaissance de la comorbidit\u00e9 psychiatrique ; \uf0a7 Axe 2\u00a0: Evaluation et de gestion du risque de dangerosit\u00e9 en [&hellip;]\" \/>\n<meta property=\"og:url\" content=\"https:\/\/web.umons.ac.be\/sepl\/activites-de-recherche\/\" \/>\n<meta property=\"og:site_name\" content=\"Service \/ FPSE - Psychopathologie l\u00e9gale\" \/>\n<meta property=\"article:modified_time\" content=\"2021-11-26T10:53:37+00:00\" \/>\n<meta name=\"twitter:card\" content=\"summary_large_image\" \/>\n<meta name=\"twitter:label1\" content=\"Dur\u00e9e de lecture estim\u00e9e\" \/>\n\t<meta name=\"twitter:data1\" content=\"2 minutes\" \/>\n<script type=\"application\/ld+json\" class=\"yoast-schema-graph\">{\"@context\":\"https:\/\/schema.org\",\"@graph\":[{\"@type\":\"WebPage\",\"@id\":\"https:\/\/web.umons.ac.be\/sepl\/activites-de-recherche\/\",\"url\":\"https:\/\/web.umons.ac.be\/sepl\/activites-de-recherche\/\",\"name\":\"Activit\u00e9s de recherche - Service \/ FPSE - Psychopathologie l\u00e9gale\",\"isPartOf\":{\"@id\":\"https:\/\/web.umons.ac.be\/sepl\/#website\"},\"datePublished\":\"2021-11-26T10:33:45+00:00\",\"dateModified\":\"2021-11-26T10:53:37+00:00\",\"breadcrumb\":{\"@id\":\"https:\/\/web.umons.ac.be\/sepl\/activites-de-recherche\/#breadcrumb\"},\"inLanguage\":\"fr-FR\",\"potentialAction\":[{\"@type\":\"ReadAction\",\"target\":[\"https:\/\/web.umons.ac.be\/sepl\/activites-de-recherche\/\"]}]},{\"@type\":\"BreadcrumbList\",\"@id\":\"https:\/\/web.umons.ac.be\/sepl\/activites-de-recherche\/#breadcrumb\",\"itemListElement\":[{\"@type\":\"ListItem\",\"position\":1,\"name\":\"Home\",\"item\":\"https:\/\/web.umons.ac.be\/sepl\/\"},{\"@type\":\"ListItem\",\"position\":2,\"name\":\"Activit\u00e9s de recherche\"}]},{\"@type\":\"WebSite\",\"@id\":\"https:\/\/web.umons.ac.be\/sepl\/#website\",\"url\":\"https:\/\/web.umons.ac.be\/sepl\/\",\"name\":\"Service \/ FPSE - Psychopathologie l\u00e9gale\",\"description\":\"\",\"potentialAction\":[{\"@type\":\"SearchAction\",\"target\":{\"@type\":\"EntryPoint\",\"urlTemplate\":\"https:\/\/web.umons.ac.be\/sepl\/?s={search_term_string}\"},\"query-input\":{\"@type\":\"PropertyValueSpecification\",\"valueRequired\":true,\"valueName\":\"search_term_string\"}}],\"inLanguage\":\"fr-FR\"}]}<\/script>\n<!-- \/ Yoast SEO plugin. -->","yoast_head_json":{"title":"Activit\u00e9s de recherche - Service \/ FPSE - Psychopathologie l\u00e9gale","robots":{"index":"index","follow":"follow","max-snippet":"max-snippet:-1","max-image-preview":"max-image-preview:large","max-video-preview":"max-video-preview:-1"},"canonical":"https:\/\/web.umons.ac.be\/sepl\/activites-de-recherche\/","og_locale":"fr_FR","og_type":"article","og_title":"Activit\u00e9s de recherche - Service \/ FPSE - Psychopathologie l\u00e9gale","og_description":"Dans le cadre de nos travaux de recherche, nous travaillons sur quatre grands axes : Axe 1\u00a0: Proc\u00e9dures diagnostiques en psychiatrie et en psychopathologie apr\u00e8s de populations d\u00e9linquantes avec des instruments diagnostiques valid\u00e9s contribuant \u00e0 une meilleure connaissance de la comorbidit\u00e9 psychiatrique ; \uf0a7 Axe 2\u00a0: Evaluation et de gestion du risque de dangerosit\u00e9 en [&hellip;]","og_url":"https:\/\/web.umons.ac.be\/sepl\/activites-de-recherche\/","og_site_name":"Service \/ FPSE - Psychopathologie l\u00e9gale","article_modified_time":"2021-11-26T10:53:37+00:00","twitter_card":"summary_large_image","twitter_misc":{"Dur\u00e9e de lecture estim\u00e9e":"2 minutes"},"schema":{"@context":"https:\/\/schema.org","@graph":[{"@type":"WebPage","@id":"https:\/\/web.umons.ac.be\/sepl\/activites-de-recherche\/","url":"https:\/\/web.umons.ac.be\/sepl\/activites-de-recherche\/","name":"Activit\u00e9s de recherche - Service \/ FPSE - Psychopathologie l\u00e9gale","isPartOf":{"@id":"https:\/\/web.umons.ac.be\/sepl\/#website"},"datePublished":"2021-11-26T10:33:45+00:00","dateModified":"2021-11-26T10:53:37+00:00","breadcrumb":{"@id":"https:\/\/web.umons.ac.be\/sepl\/activites-de-recherche\/#breadcrumb"},"inLanguage":"fr-FR","potentialAction":[{"@type":"ReadAction","target":["https:\/\/web.umons.ac.be\/sepl\/activites-de-recherche\/"]}]},{"@type":"BreadcrumbList","@id":"https:\/\/web.umons.ac.be\/sepl\/activites-de-recherche\/#breadcrumb","itemListElement":[{"@type":"ListItem","position":1,"name":"Home","item":"https:\/\/web.umons.ac.be\/sepl\/"},{"@type":"ListItem","position":2,"name":"Activit\u00e9s de recherche"}]},{"@type":"WebSite","@id":"https:\/\/web.umons.ac.be\/sepl\/#website","url":"https:\/\/web.umons.ac.be\/sepl\/","name":"Service \/ FPSE - Psychopathologie l\u00e9gale","description":"","potentialAction":[{"@type":"SearchAction","target":{"@type":"EntryPoint","urlTemplate":"https:\/\/web.umons.ac.be\/sepl\/?s={search_term_string}"},"query-input":{"@type":"PropertyValueSpecification","valueRequired":true,"valueName":"search_term_string"}}],"inLanguage":"fr-FR"}]}},"lang":"fr","translations":{"fr":15,"en":17},"pll_sync_post":[],"_links":{"self":[{"href":"https:\/\/web.umons.ac.be\/sepl\/wp-json\/wp\/v2\/pages\/15","targetHints":{"allow":["GET"]}}],"collection":[{"href":"https:\/\/web.umons.ac.be\/sepl\/wp-json\/wp\/v2\/pages"}],"about":[{"href":"https:\/\/web.umons.ac.be\/sepl\/wp-json\/wp\/v2\/types\/page"}],"author":[{"embeddable":true,"href":"https:\/\/web.umons.ac.be\/sepl\/wp-json\/wp\/v2\/users\/4"}],"replies":[{"embeddable":true,"href":"https:\/\/web.umons.ac.be\/sepl\/wp-json\/wp\/v2\/comments?post=15"}],"version-history":[{"count":1,"href":"https:\/\/web.umons.ac.be\/sepl\/wp-json\/wp\/v2\/pages\/15\/revisions"}],"predecessor-version":[{"id":47,"href":"https:\/\/web.umons.ac.be\/sepl\/wp-json\/wp\/v2\/pages\/15\/revisions\/47"}],"wp:attachment":[{"href":"https:\/\/web.umons.ac.be\/sepl\/wp-json\/wp\/v2\/media?parent=15"}],"curies":[{"name":"wp","href":"https:\/\/api.w.org\/{rel}","templated":true}]}}