{"id":52,"date":"2021-11-26T11:59:38","date_gmt":"2021-11-26T10:59:38","guid":{"rendered":"https:\/\/web.umons.ac.be\/sepl\/?page_id=52"},"modified":"2021-11-26T11:59:38","modified_gmt":"2021-11-26T10:59:38","slug":"collaborations","status":"publish","type":"page","link":"https:\/\/web.umons.ac.be\/sepl\/collaborations\/","title":{"rendered":"Collaborations"},"content":{"rendered":"<h4><span class=\"ms-rteCustom-TexteRouge\">Collaborations nationales :<\/span><\/h4>\n<ul>\n<li>Le Centre de Recherche en D\u00e9fense Sociale (C.R.D.S), Tournai ;\u00a0<a href=\"http:\/\/www.crds.be\/\">http:\/\/www.crds.be<\/a><\/li>\n<li>Le Centre R\u00e9gional Psychiatrique \u00ab\u00a0Les Marronniers\u00a0\u00bb, Tournai ;\u00a0<a href=\"http:\/\/www.marronniers.be\/\">http:\/\/www.marronniers.be<\/a><\/li>\n<li>L\u2019Unit\u00e9 de Psychopathologie L\u00e9gale (UPPL), Tournai ;\u00a0<a href=\"http:\/\/www.uppl.be\/\">http:\/\/www.uppl.be<\/a><\/li>\n<li>Kenniscentrum Forensisch Psychiatrische Zorg (Kefor), Rekkem ;\u00a0<a href=\"http:\/\/www.opzcrekem.be\/home\/kefor\">http:\/\/www.opzcrekem.be\/home\/kefor<\/a><\/li>\n<li>Le Centre Hospitalier Psychiatrique \u00ab\u00a0Le Ch\u00eane aux Haies\u00a0\u00bb, Mons ;\u00a0<a href=\"http:\/\/www.chpchene.be\/\">http:\/\/www.chpchene.be<\/a><\/li>\n<li>Le Centre d\u2019Appui bruxellois (CAB), Bruxelles ;\u00a0<a href=\"http:\/\/www.cabxl.be\/\">http:\/\/www.cabxl.be<\/a><\/li>\n<li>Le Centre La Pommeraie, Ellignies-Sainte-Anne ;\u00a0<a href=\"http:\/\/www.centre-la-pommeraie.be\/\">http:\/\/www.centre-la-pommeraie.be<\/a><\/li>\n<li>La Facult\u00e9 de psychologie et des sciences de l\u2019\u00e9ducation de l\u2019Universit\u00e9 Catholique de Louvain (UCL)\u00a0<a href=\"http:\/\/uclouvain.be\/fr\/facultes\/psp\">http:\/\/uclouvain.be\/fr\/facultes\/psp<\/a><\/li>\n<li>Ensemble ASBL, Orcq, (Tournai) ;\u00a0<a href=\"http:\/\/www.asbl-ensemble.be\/\">http:\/\/www.asbl-ensemble.be\/<\/a><\/li>\n<li>Le Service public de programmation Politique scientifique f\u00e9d\u00e9rale (BELSPO)\u00a0<a href=\"http:\/\/www.belspo.be\/\">http:\/\/www.belspo.be<\/a><\/li>\n<\/ul>\n<h4><span class=\"ms-rteCustom-TexteRouge\">Collaborations internationales :<\/span><\/h4>\n<ul>\n<li>L\u2019h\u00f4pital psychiatrique \u00ab Institut Philippe Pinel \u00bb (sp\u00e9cialis\u00e9 en psychiatrie l\u00e9gale), Qu\u00e9bec, Montr\u00e9al\u00a0<a href=\"http:\/\/www.pinel.qc.ca\/\">http:\/\/www.pinel.qc.ca\/<\/a><\/li>\n<li>L&rsquo;Universit\u00e9 du Qu\u00e9bec \u00e0 Trois-Rivi\u00e8res (UQTR), d\u00e9partement de psychologie\u00a0<a href=\"http:\/\/www.uqtr.ca\/\">http:\/\/www.uqtr.ca\/<\/a><\/li>\n<li>L\u2019Universit\u00e9 Rosalind Franklin of Medecine and Science\u00a0<a href=\"http:\/\/www.rosalindfranklin.edu\/\">http:\/\/www.rosalindfranklin.edu<\/a><\/li>\n<li>L\u2019Universit\u00e9 Glasgow Caledonian, service de psychologique clinique l\u00e9gale\u00a0<a href=\"http:\/\/gcu.ac.uk\/\">http:\/\/gcu.ac.uk<\/a><\/li>\n<li>L\u2019Universit\u00e9 de Tours, unit\u00e9 de formation et recherche (UFR) \u00ab arts &amp; des sciences humaines \u00bb\u00a0<a href=\"http:\/\/ash.univ-tours.fr\/presentation\/\">http:\/\/ash.univ-tours.fr\/presentation\/<\/a><\/li>\n<li>L\u2019Universit\u00e9 de Lille, unit\u00e9 de formation et recherche (URF) de psychologie<br \/>\n<a href=\"https:\/\/psychologie.univ-lille.fr\/\">https:\/\/psychologie.univ-lille.fr\/<\/a><\/li>\n<li>L\u2019Universit\u00e9 de Montr\u00e9al, \u00e9cole de criminologie\u00a0<a href=\"http:\/\/crim.umontreal.ca\/accueil\">http:\/\/crim.umontreal.ca\/accueil<\/a><\/li>\n<\/ul>\n","protected":false},"excerpt":{"rendered":"<p>Collaborations nationales : Le Centre de Recherche en D\u00e9fense Sociale (C.R.D.S), Tournai ;\u00a0http:\/\/www.crds.be Le Centre R\u00e9gional Psychiatrique \u00ab\u00a0Les Marronniers\u00a0\u00bb, Tournai ;\u00a0http:\/\/www.marronniers.be L\u2019Unit\u00e9 de Psychopathologie L\u00e9gale (UPPL), Tournai ;\u00a0http:\/\/www.uppl.be Kenniscentrum Forensisch Psychiatrische Zorg (Kefor), Rekkem ;\u00a0http:\/\/www.opzcrekem.be\/home\/kefor Le Centre Hospitalier Psychiatrique \u00ab\u00a0Le Ch\u00eane aux Haies\u00a0\u00bb, Mons ;\u00a0http:\/\/www.chpchene.be Le Centre d\u2019Appui bruxellois (CAB), Bruxelles ;\u00a0http:\/\/www.cabxl.be Le Centre La [&hellip;]<\/p>\n","protected":false},"author":4,"featured_media":0,"parent":0,"menu_order":0,"comment_status":"closed","ping_status":"closed","template":"","meta":{"footnotes":""},"class_list":["post-52","page","type-page","status-publish","hentry"],"yoast_head":"<!-- This site is optimized with the Yoast SEO plugin v27.2 - https:\/\/yoast.com\/product\/yoast-seo-wordpress\/ -->\n<title>Collaborations - Service \/ FPSE - Psychopathologie l\u00e9gale<\/title>\n<meta name=\"robots\" content=\"index, follow, max-snippet:-1, max-image-preview:large, max-video-preview:-1\" \/>\n<link rel=\"canonical\" href=\"https:\/\/web.umons.ac.be\/sepl\/collaborations\/\" \/>\n<meta property=\"og:locale\" content=\"fr_FR\" \/>\n<meta property=\"og:type\" content=\"article\" \/>\n<meta property=\"og:title\" content=\"Collaborations - Service \/ FPSE - Psychopathologie l\u00e9gale\" \/>\n<meta property=\"og:description\" content=\"Collaborations nationales : Le Centre de Recherche en D\u00e9fense Sociale (C.R.D.S), Tournai ;\u00a0http:\/\/www.crds.be Le Centre R\u00e9gional Psychiatrique \u00ab\u00a0Les Marronniers\u00a0\u00bb, Tournai ;\u00a0http:\/\/www.marronniers.be L\u2019Unit\u00e9 de Psychopathologie L\u00e9gale (UPPL), Tournai ;\u00a0http:\/\/www.uppl.be Kenniscentrum Forensisch Psychiatrische Zorg (Kefor), Rekkem ;\u00a0http:\/\/www.opzcrekem.be\/home\/kefor Le Centre Hospitalier Psychiatrique \u00ab\u00a0Le Ch\u00eane aux Haies\u00a0\u00bb, Mons ;\u00a0http:\/\/www.chpchene.be Le Centre d\u2019Appui bruxellois (CAB), Bruxelles ;\u00a0http:\/\/www.cabxl.be Le Centre La [&hellip;]\" \/>\n<meta property=\"og:url\" content=\"https:\/\/web.umons.ac.be\/sepl\/collaborations\/\" \/>\n<meta property=\"og:site_name\" content=\"Service \/ FPSE - Psychopathologie l\u00e9gale\" \/>\n<meta name=\"twitter:card\" content=\"summary_large_image\" \/>\n<meta name=\"twitter:label1\" content=\"Dur\u00e9e de lecture estim\u00e9e\" \/>\n\t<meta name=\"twitter:data1\" content=\"1 minute\" \/>\n<script type=\"application\/ld+json\" class=\"yoast-schema-graph\">{\"@context\":\"https:\/\/schema.org\",\"@graph\":[{\"@type\":\"WebPage\",\"@id\":\"https:\/\/web.umons.ac.be\/sepl\/collaborations\/\",\"url\":\"https:\/\/web.umons.ac.be\/sepl\/collaborations\/\",\"name\":\"Collaborations - Service \/ FPSE - Psychopathologie l\u00e9gale\",\"isPartOf\":{\"@id\":\"https:\/\/web.umons.ac.be\/sepl\/#website\"},\"datePublished\":\"2021-11-26T10:59:38+00:00\",\"breadcrumb\":{\"@id\":\"https:\/\/web.umons.ac.be\/sepl\/collaborations\/#breadcrumb\"},\"inLanguage\":\"fr-FR\",\"potentialAction\":[{\"@type\":\"ReadAction\",\"target\":[\"https:\/\/web.umons.ac.be\/sepl\/collaborations\/\"]}]},{\"@type\":\"BreadcrumbList\",\"@id\":\"https:\/\/web.umons.ac.be\/sepl\/collaborations\/#breadcrumb\",\"itemListElement\":[{\"@type\":\"ListItem\",\"position\":1,\"name\":\"Home\",\"item\":\"https:\/\/web.umons.ac.be\/sepl\/\"},{\"@type\":\"ListItem\",\"position\":2,\"name\":\"Collaborations\"}]},{\"@type\":\"WebSite\",\"@id\":\"https:\/\/web.umons.ac.be\/sepl\/#website\",\"url\":\"https:\/\/web.umons.ac.be\/sepl\/\",\"name\":\"Service \/ FPSE - Psychopathologie l\u00e9gale\",\"description\":\"\",\"potentialAction\":[{\"@type\":\"SearchAction\",\"target\":{\"@type\":\"EntryPoint\",\"urlTemplate\":\"https:\/\/web.umons.ac.be\/sepl\/?s={search_term_string}\"},\"query-input\":{\"@type\":\"PropertyValueSpecification\",\"valueRequired\":true,\"valueName\":\"search_term_string\"}}],\"inLanguage\":\"fr-FR\"}]}<\/script>\n<!-- \/ Yoast SEO plugin. -->","yoast_head_json":{"title":"Collaborations - Service \/ FPSE - Psychopathologie l\u00e9gale","robots":{"index":"index","follow":"follow","max-snippet":"max-snippet:-1","max-image-preview":"max-image-preview:large","max-video-preview":"max-video-preview:-1"},"canonical":"https:\/\/web.umons.ac.be\/sepl\/collaborations\/","og_locale":"fr_FR","og_type":"article","og_title":"Collaborations - Service \/ FPSE - Psychopathologie l\u00e9gale","og_description":"Collaborations nationales : Le Centre de Recherche en D\u00e9fense Sociale (C.R.D.S), Tournai ;\u00a0http:\/\/www.crds.be Le Centre R\u00e9gional Psychiatrique \u00ab\u00a0Les Marronniers\u00a0\u00bb, Tournai ;\u00a0http:\/\/www.marronniers.be L\u2019Unit\u00e9 de Psychopathologie L\u00e9gale (UPPL), Tournai ;\u00a0http:\/\/www.uppl.be Kenniscentrum Forensisch Psychiatrische Zorg (Kefor), Rekkem ;\u00a0http:\/\/www.opzcrekem.be\/home\/kefor Le Centre Hospitalier Psychiatrique \u00ab\u00a0Le Ch\u00eane aux Haies\u00a0\u00bb, Mons ;\u00a0http:\/\/www.chpchene.be Le Centre d\u2019Appui bruxellois (CAB), Bruxelles ;\u00a0http:\/\/www.cabxl.be Le Centre La [&hellip;]","og_url":"https:\/\/web.umons.ac.be\/sepl\/collaborations\/","og_site_name":"Service \/ FPSE - Psychopathologie l\u00e9gale","twitter_card":"summary_large_image","twitter_misc":{"Dur\u00e9e de lecture estim\u00e9e":"1 minute"},"schema":{"@context":"https:\/\/schema.org","@graph":[{"@type":"WebPage","@id":"https:\/\/web.umons.ac.be\/sepl\/collaborations\/","url":"https:\/\/web.umons.ac.be\/sepl\/collaborations\/","name":"Collaborations - Service \/ FPSE - Psychopathologie l\u00e9gale","isPartOf":{"@id":"https:\/\/web.umons.ac.be\/sepl\/#website"},"datePublished":"2021-11-26T10:59:38+00:00","breadcrumb":{"@id":"https:\/\/web.umons.ac.be\/sepl\/collaborations\/#breadcrumb"},"inLanguage":"fr-FR","potentialAction":[{"@type":"ReadAction","target":["https:\/\/web.umons.ac.be\/sepl\/collaborations\/"]}]},{"@type":"BreadcrumbList","@id":"https:\/\/web.umons.ac.be\/sepl\/collaborations\/#breadcrumb","itemListElement":[{"@type":"ListItem","position":1,"name":"Home","item":"https:\/\/web.umons.ac.be\/sepl\/"},{"@type":"ListItem","position":2,"name":"Collaborations"}]},{"@type":"WebSite","@id":"https:\/\/web.umons.ac.be\/sepl\/#website","url":"https:\/\/web.umons.ac.be\/sepl\/","name":"Service \/ FPSE - Psychopathologie l\u00e9gale","description":"","potentialAction":[{"@type":"SearchAction","target":{"@type":"EntryPoint","urlTemplate":"https:\/\/web.umons.ac.be\/sepl\/?s={search_term_string}"},"query-input":{"@type":"PropertyValueSpecification","valueRequired":true,"valueName":"search_term_string"}}],"inLanguage":"fr-FR"}]}},"lang":"fr","translations":{"fr":52},"pll_sync_post":[],"_links":{"self":[{"href":"https:\/\/web.umons.ac.be\/sepl\/wp-json\/wp\/v2\/pages\/52","targetHints":{"allow":["GET"]}}],"collection":[{"href":"https:\/\/web.umons.ac.be\/sepl\/wp-json\/wp\/v2\/pages"}],"about":[{"href":"https:\/\/web.umons.ac.be\/sepl\/wp-json\/wp\/v2\/types\/page"}],"author":[{"embeddable":true,"href":"https:\/\/web.umons.ac.be\/sepl\/wp-json\/wp\/v2\/users\/4"}],"replies":[{"embeddable":true,"href":"https:\/\/web.umons.ac.be\/sepl\/wp-json\/wp\/v2\/comments?post=52"}],"version-history":[{"count":1,"href":"https:\/\/web.umons.ac.be\/sepl\/wp-json\/wp\/v2\/pages\/52\/revisions"}],"predecessor-version":[{"id":54,"href":"https:\/\/web.umons.ac.be\/sepl\/wp-json\/wp\/v2\/pages\/52\/revisions\/54"}],"wp:attachment":[{"href":"https:\/\/web.umons.ac.be\/sepl\/wp-json\/wp\/v2\/media?parent=52"}],"curies":[{"name":"wp","href":"https:\/\/api.w.org\/{rel}","templated":true}]}}