{"id":55,"date":"2021-11-26T12:00:07","date_gmt":"2021-11-26T11:00:07","guid":{"rendered":"https:\/\/web.umons.ac.be\/sepl\/?page_id=55"},"modified":"2021-11-26T12:00:07","modified_gmt":"2021-11-26T11:00:07","slug":"conferences-congres-et-seminaires","status":"publish","type":"page","link":"https:\/\/web.umons.ac.be\/sepl\/conferences-congres-et-seminaires\/","title":{"rendered":"Conf\u00e9rences, congr\u00e8s et s\u00e9minaires"},"content":{"rendered":"<p>Veuillez trouver ci-dessous les conf\u00e9rences, congr\u00e8s et s\u00e9minaires au sein desquels le Service de Psychopathologie L\u00e9gale participe :<\/p>\n<ul>\n<li>Congr\u00e8s International Francophone sur l\u2019Agression Sexuelle (CIFAS)<\/li>\n<li>International Association of Forensic Mental Health Services (IAFMHS)<\/li>\n<li>Belgian Association for Psychological Sciences (BAPS)<\/li>\n<li>International Association for the Treatment of Sexual Offenders (IATSO)<\/li>\n<li>Society for the Scientific Study of Psychopathy (SSSP)<\/li>\n<li>European Association for Mental Health in Intellectual Disability (EAMHID)<\/li>\n<li>Association Fran\u00e7aise d\u2019Etude et de Recherche sur les Troubles de la Personnalit\u00e9 (AFERTP)<\/li>\n<li>Association for the Treatment of Sexual Abusers (ATSA)<\/li>\n<li>Soci\u00e9t\u00e9 M\u00e9dico-Psychologique (SMP)<\/li>\n<\/ul>\n","protected":false},"excerpt":{"rendered":"<p>Veuillez trouver ci-dessous les conf\u00e9rences, congr\u00e8s et s\u00e9minaires au sein desquels le Service de Psychopathologie L\u00e9gale participe : Congr\u00e8s International Francophone sur l\u2019Agression Sexuelle (CIFAS) International Association of Forensic Mental Health Services (IAFMHS) Belgian Association for Psychological Sciences (BAPS) International Association for the Treatment of Sexual Offenders (IATSO) Society for the Scientific Study of Psychopathy [&hellip;]<\/p>\n","protected":false},"author":4,"featured_media":0,"parent":0,"menu_order":0,"comment_status":"closed","ping_status":"closed","template":"","meta":{"footnotes":""},"class_list":["post-55","page","type-page","status-publish","hentry"],"yoast_head":"<!-- This site is optimized with the Yoast SEO plugin v27.2 - https:\/\/yoast.com\/product\/yoast-seo-wordpress\/ -->\n<title>Conf\u00e9rences, congr\u00e8s et s\u00e9minaires - Service \/ FPSE - Psychopathologie l\u00e9gale<\/title>\n<meta name=\"robots\" content=\"index, follow, max-snippet:-1, max-image-preview:large, max-video-preview:-1\" \/>\n<link rel=\"canonical\" href=\"https:\/\/web.umons.ac.be\/sepl\/conferences-congres-et-seminaires\/\" \/>\n<meta property=\"og:locale\" content=\"fr_FR\" \/>\n<meta property=\"og:type\" content=\"article\" \/>\n<meta property=\"og:title\" content=\"Conf\u00e9rences, congr\u00e8s et s\u00e9minaires - Service \/ FPSE - Psychopathologie l\u00e9gale\" \/>\n<meta property=\"og:description\" content=\"Veuillez trouver ci-dessous les conf\u00e9rences, congr\u00e8s et s\u00e9minaires au sein desquels le Service de Psychopathologie L\u00e9gale participe : Congr\u00e8s International Francophone sur l\u2019Agression Sexuelle (CIFAS) International Association of Forensic Mental Health Services (IAFMHS) Belgian Association for Psychological Sciences (BAPS) International Association for the Treatment of Sexual Offenders (IATSO) Society for the Scientific Study of Psychopathy [&hellip;]\" \/>\n<meta property=\"og:url\" content=\"https:\/\/web.umons.ac.be\/sepl\/conferences-congres-et-seminaires\/\" \/>\n<meta property=\"og:site_name\" content=\"Service \/ FPSE - Psychopathologie l\u00e9gale\" \/>\n<meta name=\"twitter:card\" content=\"summary_large_image\" \/>\n<meta name=\"twitter:label1\" content=\"Dur\u00e9e de lecture estim\u00e9e\" \/>\n\t<meta name=\"twitter:data1\" content=\"1 minute\" \/>\n<script type=\"application\/ld+json\" class=\"yoast-schema-graph\">{\"@context\":\"https:\/\/schema.org\",\"@graph\":[{\"@type\":\"WebPage\",\"@id\":\"https:\/\/web.umons.ac.be\/sepl\/conferences-congres-et-seminaires\/\",\"url\":\"https:\/\/web.umons.ac.be\/sepl\/conferences-congres-et-seminaires\/\",\"name\":\"Conf\u00e9rences, congr\u00e8s et s\u00e9minaires - Service \/ FPSE - Psychopathologie l\u00e9gale\",\"isPartOf\":{\"@id\":\"https:\/\/web.umons.ac.be\/sepl\/#website\"},\"datePublished\":\"2021-11-26T11:00:07+00:00\",\"breadcrumb\":{\"@id\":\"https:\/\/web.umons.ac.be\/sepl\/conferences-congres-et-seminaires\/#breadcrumb\"},\"inLanguage\":\"fr-FR\",\"potentialAction\":[{\"@type\":\"ReadAction\",\"target\":[\"https:\/\/web.umons.ac.be\/sepl\/conferences-congres-et-seminaires\/\"]}]},{\"@type\":\"BreadcrumbList\",\"@id\":\"https:\/\/web.umons.ac.be\/sepl\/conferences-congres-et-seminaires\/#breadcrumb\",\"itemListElement\":[{\"@type\":\"ListItem\",\"position\":1,\"name\":\"Home\",\"item\":\"https:\/\/web.umons.ac.be\/sepl\/\"},{\"@type\":\"ListItem\",\"position\":2,\"name\":\"Conf\u00e9rences, congr\u00e8s et s\u00e9minaires\"}]},{\"@type\":\"WebSite\",\"@id\":\"https:\/\/web.umons.ac.be\/sepl\/#website\",\"url\":\"https:\/\/web.umons.ac.be\/sepl\/\",\"name\":\"Service \/ FPSE - Psychopathologie l\u00e9gale\",\"description\":\"\",\"potentialAction\":[{\"@type\":\"SearchAction\",\"target\":{\"@type\":\"EntryPoint\",\"urlTemplate\":\"https:\/\/web.umons.ac.be\/sepl\/?s={search_term_string}\"},\"query-input\":{\"@type\":\"PropertyValueSpecification\",\"valueRequired\":true,\"valueName\":\"search_term_string\"}}],\"inLanguage\":\"fr-FR\"}]}<\/script>\n<!-- \/ Yoast SEO plugin. -->","yoast_head_json":{"title":"Conf\u00e9rences, congr\u00e8s et s\u00e9minaires - Service \/ FPSE - Psychopathologie l\u00e9gale","robots":{"index":"index","follow":"follow","max-snippet":"max-snippet:-1","max-image-preview":"max-image-preview:large","max-video-preview":"max-video-preview:-1"},"canonical":"https:\/\/web.umons.ac.be\/sepl\/conferences-congres-et-seminaires\/","og_locale":"fr_FR","og_type":"article","og_title":"Conf\u00e9rences, congr\u00e8s et s\u00e9minaires - Service \/ FPSE - Psychopathologie l\u00e9gale","og_description":"Veuillez trouver ci-dessous les conf\u00e9rences, congr\u00e8s et s\u00e9minaires au sein desquels le Service de Psychopathologie L\u00e9gale participe : Congr\u00e8s International Francophone sur l\u2019Agression Sexuelle (CIFAS) International Association of Forensic Mental Health Services (IAFMHS) Belgian Association for Psychological Sciences (BAPS) International Association for the Treatment of Sexual Offenders (IATSO) Society for the Scientific Study of Psychopathy [&hellip;]","og_url":"https:\/\/web.umons.ac.be\/sepl\/conferences-congres-et-seminaires\/","og_site_name":"Service \/ FPSE - Psychopathologie l\u00e9gale","twitter_card":"summary_large_image","twitter_misc":{"Dur\u00e9e de lecture estim\u00e9e":"1 minute"},"schema":{"@context":"https:\/\/schema.org","@graph":[{"@type":"WebPage","@id":"https:\/\/web.umons.ac.be\/sepl\/conferences-congres-et-seminaires\/","url":"https:\/\/web.umons.ac.be\/sepl\/conferences-congres-et-seminaires\/","name":"Conf\u00e9rences, congr\u00e8s et s\u00e9minaires - Service \/ FPSE - Psychopathologie l\u00e9gale","isPartOf":{"@id":"https:\/\/web.umons.ac.be\/sepl\/#website"},"datePublished":"2021-11-26T11:00:07+00:00","breadcrumb":{"@id":"https:\/\/web.umons.ac.be\/sepl\/conferences-congres-et-seminaires\/#breadcrumb"},"inLanguage":"fr-FR","potentialAction":[{"@type":"ReadAction","target":["https:\/\/web.umons.ac.be\/sepl\/conferences-congres-et-seminaires\/"]}]},{"@type":"BreadcrumbList","@id":"https:\/\/web.umons.ac.be\/sepl\/conferences-congres-et-seminaires\/#breadcrumb","itemListElement":[{"@type":"ListItem","position":1,"name":"Home","item":"https:\/\/web.umons.ac.be\/sepl\/"},{"@type":"ListItem","position":2,"name":"Conf\u00e9rences, congr\u00e8s et s\u00e9minaires"}]},{"@type":"WebSite","@id":"https:\/\/web.umons.ac.be\/sepl\/#website","url":"https:\/\/web.umons.ac.be\/sepl\/","name":"Service \/ FPSE - Psychopathologie l\u00e9gale","description":"","potentialAction":[{"@type":"SearchAction","target":{"@type":"EntryPoint","urlTemplate":"https:\/\/web.umons.ac.be\/sepl\/?s={search_term_string}"},"query-input":{"@type":"PropertyValueSpecification","valueRequired":true,"valueName":"search_term_string"}}],"inLanguage":"fr-FR"}]}},"lang":"fr","translations":{"fr":55},"pll_sync_post":[],"_links":{"self":[{"href":"https:\/\/web.umons.ac.be\/sepl\/wp-json\/wp\/v2\/pages\/55","targetHints":{"allow":["GET"]}}],"collection":[{"href":"https:\/\/web.umons.ac.be\/sepl\/wp-json\/wp\/v2\/pages"}],"about":[{"href":"https:\/\/web.umons.ac.be\/sepl\/wp-json\/wp\/v2\/types\/page"}],"author":[{"embeddable":true,"href":"https:\/\/web.umons.ac.be\/sepl\/wp-json\/wp\/v2\/users\/4"}],"replies":[{"embeddable":true,"href":"https:\/\/web.umons.ac.be\/sepl\/wp-json\/wp\/v2\/comments?post=55"}],"version-history":[{"count":1,"href":"https:\/\/web.umons.ac.be\/sepl\/wp-json\/wp\/v2\/pages\/55\/revisions"}],"predecessor-version":[{"id":57,"href":"https:\/\/web.umons.ac.be\/sepl\/wp-json\/wp\/v2\/pages\/55\/revisions\/57"}],"wp:attachment":[{"href":"https:\/\/web.umons.ac.be\/sepl\/wp-json\/wp\/v2\/media?parent=55"}],"curies":[{"name":"wp","href":"https:\/\/api.w.org\/{rel}","templated":true}]}}