{"id":15,"date":"2023-03-28T14:01:58","date_gmt":"2023-03-28T12:01:58","guid":{"rendered":"https:\/\/web.umons.ac.be\/sepsoms\/activites-de-recherche\/"},"modified":"2025-06-16T22:39:19","modified_gmt":"2025-06-16T20:39:19","slug":"activites-de-recherche","status":"publish","type":"page","link":"https:\/\/web.umons.ac.be\/sepsoms\/fr\/activites-de-recherche\/","title":{"rendered":"Activit\u00e9s de recherche"},"content":{"rendered":"<p><strong>Le SEPSOMS couvre trois axes de recherche\u00a0<\/strong><\/p>\n<p><strong>Axe EPSoMS\u00a0: Espace post-sovi\u00e9tique &amp; mondes slaves<\/strong><\/p>\n<ul>\n<li>Analyse des enjeux identitaires des soci\u00e9t\u00e9s d\u2019Europe orientale, d\u2019Eurasie et des mondes slaves gr\u00e2ce \u00e0 une approche pluridisciplinaire au croisement de l\u2019histoire, des \u00e9tudes culturelles, de la philologie, de la litt\u00e9rature, de la sociologie et de la traductologie.<\/li>\n<li>\u00c9tude des continuit\u00e9s et ruptures politiques et culturelles afin de contribuer \u00e0 \u00e9clairer les dynamiques contemporaines de conflit, d\u2019influence et des repr\u00e9sentations dans l\u2019espace post-sovi\u00e9tique &amp; les mondes slaves, ainsi que dans le dialogue europ\u00e9en et le dialogue Est-Ouest.<\/li>\n<li>D\u00e9cryptage des narratifs socio-politiques, de la propagande et des m\u00e9canismes de manipulation langagi\u00e8re.<\/li>\n<\/ul>\n<p><strong>Axe LabIM\u00e9Mi\u00a0: Laboratoire Interpr\u00e9tation, m\u00e9diation et migrations <\/strong><\/p>\n<ul>\n<li>Interpr\u00e9tation dans les domaines socio-politique, juridique, m\u00e9dical, droits humains (dont droits des \u00e9trangers).<\/li>\n<li>Ancrage dans le contexte migratoire depuis une perspective pluridisciplinaire.<\/li>\n<li>Etude des diff\u00e9rentes formes de m\u00e9diation au carrefour\u00a0de l\u2019analyse du discours, de l\u2019interaction\u00a0et des <em>Migration Studies<\/em>.<\/li>\n<\/ul>\n<p><strong>Axe CITELE\u00a0: Litt\u00e9ratures en immigration <\/strong><\/p>\n<ul>\n<li>Analyse du discours litt\u00e9raire, des narratifs socio-culturels et de la diversit\u00e9 de genres en litt\u00e9rature.<\/li>\n<li>Etude des interrelations entre les litt\u00e9ratures russe, ukrainienne et ouest-europ\u00e9enne.<\/li>\n<li>D\u00e9cryptage des constructions identitaires depuis le prisme de la litt\u00e9rature.<\/li>\n<\/ul>\n<div id=\"ConnectiveDocSignExtentionInstalled\" data-extension-version=\"1.0.4\"><\/div>\n","protected":false},"excerpt":{"rendered":"<p>Le SEPSOMS couvre trois axes de recherche\u00a0 Axe EPSoMS\u00a0: Espace post-sovi\u00e9tique &amp; mondes slaves Analyse des enjeux identitaires des soci\u00e9t\u00e9s d\u2019Europe orientale, d\u2019Eurasie et des mondes slaves gr\u00e2ce \u00e0 une approche pluridisciplinaire au croisement de l\u2019histoire, des \u00e9tudes culturelles, de la philologie, de la litt\u00e9rature, de la sociologie et de la traductologie. \u00c9tude des continuit\u00e9s [&hellip;]<\/p>\n","protected":false},"author":4,"featured_media":0,"parent":0,"menu_order":0,"comment_status":"closed","ping_status":"closed","template":"","meta":{"footnotes":""},"class_list":["post-15","page","type-page","status-publish","hentry"],"yoast_head":"<!-- This site is optimized with the Yoast SEO plugin v27.2 - https:\/\/yoast.com\/product\/yoast-seo-wordpress\/ -->\n<title>Activit\u00e9s de recherche - Service \/ FTI-EII - \u00c9tude de l\u2019espace post-sovi\u00e9tique et des mondes slaves<\/title>\n<meta name=\"robots\" content=\"index, follow, max-snippet:-1, max-image-preview:large, max-video-preview:-1\" \/>\n<link rel=\"canonical\" href=\"https:\/\/web.umons.ac.be\/sepsoms\/fr\/activites-de-recherche\/\" \/>\n<meta property=\"og:locale\" content=\"fr_FR\" \/>\n<meta property=\"og:type\" content=\"article\" \/>\n<meta property=\"og:title\" content=\"Activit\u00e9s de recherche - Service \/ FTI-EII - \u00c9tude de l\u2019espace post-sovi\u00e9tique et des mondes slaves\" \/>\n<meta property=\"og:description\" content=\"Le SEPSOMS couvre trois axes de recherche\u00a0 Axe EPSoMS\u00a0: Espace post-sovi\u00e9tique &amp; mondes slaves Analyse des enjeux identitaires des soci\u00e9t\u00e9s d\u2019Europe orientale, d\u2019Eurasie et des mondes slaves gr\u00e2ce \u00e0 une approche pluridisciplinaire au croisement de l\u2019histoire, des \u00e9tudes culturelles, de la philologie, de la litt\u00e9rature, de la sociologie et de la traductologie. \u00c9tude des continuit\u00e9s [&hellip;]\" \/>\n<meta property=\"og:url\" content=\"https:\/\/web.umons.ac.be\/sepsoms\/fr\/activites-de-recherche\/\" \/>\n<meta property=\"og:site_name\" content=\"Service \/ FTI-EII - \u00c9tude de l\u2019espace post-sovi\u00e9tique et des mondes slaves\" \/>\n<meta property=\"article:modified_time\" content=\"2025-06-16T20:39:19+00:00\" \/>\n<meta name=\"twitter:card\" content=\"summary_large_image\" \/>\n<meta name=\"twitter:label1\" content=\"Dur\u00e9e de lecture estim\u00e9e\" \/>\n\t<meta name=\"twitter:data1\" content=\"1 minute\" \/>\n<script type=\"application\/ld+json\" class=\"yoast-schema-graph\">{\"@context\":\"https:\/\/schema.org\",\"@graph\":[{\"@type\":\"WebPage\",\"@id\":\"https:\/\/web.umons.ac.be\/sepsoms\/fr\/activites-de-recherche\/\",\"url\":\"https:\/\/web.umons.ac.be\/sepsoms\/fr\/activites-de-recherche\/\",\"name\":\"Activit\u00e9s de recherche - Service \/ FTI-EII - \u00c9tude de l\u2019espace post-sovi\u00e9tique et des mondes slaves\",\"isPartOf\":{\"@id\":\"https:\/\/web.umons.ac.be\/sepsoms\/#website\"},\"datePublished\":\"2023-03-28T12:01:58+00:00\",\"dateModified\":\"2025-06-16T20:39:19+00:00\",\"breadcrumb\":{\"@id\":\"https:\/\/web.umons.ac.be\/sepsoms\/fr\/activites-de-recherche\/#breadcrumb\"},\"inLanguage\":\"fr-FR\",\"potentialAction\":[{\"@type\":\"ReadAction\",\"target\":[\"https:\/\/web.umons.ac.be\/sepsoms\/fr\/activites-de-recherche\/\"]}]},{\"@type\":\"BreadcrumbList\",\"@id\":\"https:\/\/web.umons.ac.be\/sepsoms\/fr\/activites-de-recherche\/#breadcrumb\",\"itemListElement\":[{\"@type\":\"ListItem\",\"position\":1,\"name\":\"Accueil\",\"item\":\"https:\/\/web.umons.ac.be\/sepsoms\/fr\/\"},{\"@type\":\"ListItem\",\"position\":2,\"name\":\"Activit\u00e9s de recherche\"}]},{\"@type\":\"WebSite\",\"@id\":\"https:\/\/web.umons.ac.be\/sepsoms\/#website\",\"url\":\"https:\/\/web.umons.ac.be\/sepsoms\/\",\"name\":\"Service \/ FTI-EII - \u00c9tude de l\u2019espace post-sovi\u00e9tique et des mondes slaves\",\"description\":\"\",\"potentialAction\":[{\"@type\":\"SearchAction\",\"target\":{\"@type\":\"EntryPoint\",\"urlTemplate\":\"https:\/\/web.umons.ac.be\/sepsoms\/?s={search_term_string}\"},\"query-input\":{\"@type\":\"PropertyValueSpecification\",\"valueRequired\":true,\"valueName\":\"search_term_string\"}}],\"inLanguage\":\"fr-FR\"}]}<\/script>\n<!-- \/ Yoast SEO plugin. -->","yoast_head_json":{"title":"Activit\u00e9s de recherche - Service \/ FTI-EII - \u00c9tude de l\u2019espace post-sovi\u00e9tique et des mondes slaves","robots":{"index":"index","follow":"follow","max-snippet":"max-snippet:-1","max-image-preview":"max-image-preview:large","max-video-preview":"max-video-preview:-1"},"canonical":"https:\/\/web.umons.ac.be\/sepsoms\/fr\/activites-de-recherche\/","og_locale":"fr_FR","og_type":"article","og_title":"Activit\u00e9s de recherche - Service \/ FTI-EII - \u00c9tude de l\u2019espace post-sovi\u00e9tique et des mondes slaves","og_description":"Le SEPSOMS couvre trois axes de recherche\u00a0 Axe EPSoMS\u00a0: Espace post-sovi\u00e9tique &amp; mondes slaves Analyse des enjeux identitaires des soci\u00e9t\u00e9s d\u2019Europe orientale, d\u2019Eurasie et des mondes slaves gr\u00e2ce \u00e0 une approche pluridisciplinaire au croisement de l\u2019histoire, des \u00e9tudes culturelles, de la philologie, de la litt\u00e9rature, de la sociologie et de la traductologie. \u00c9tude des continuit\u00e9s [&hellip;]","og_url":"https:\/\/web.umons.ac.be\/sepsoms\/fr\/activites-de-recherche\/","og_site_name":"Service \/ FTI-EII - \u00c9tude de l\u2019espace post-sovi\u00e9tique et des mondes slaves","article_modified_time":"2025-06-16T20:39:19+00:00","twitter_card":"summary_large_image","twitter_misc":{"Dur\u00e9e de lecture estim\u00e9e":"1 minute"},"schema":{"@context":"https:\/\/schema.org","@graph":[{"@type":"WebPage","@id":"https:\/\/web.umons.ac.be\/sepsoms\/fr\/activites-de-recherche\/","url":"https:\/\/web.umons.ac.be\/sepsoms\/fr\/activites-de-recherche\/","name":"Activit\u00e9s de recherche - Service \/ FTI-EII - \u00c9tude de l\u2019espace post-sovi\u00e9tique et des mondes slaves","isPartOf":{"@id":"https:\/\/web.umons.ac.be\/sepsoms\/#website"},"datePublished":"2023-03-28T12:01:58+00:00","dateModified":"2025-06-16T20:39:19+00:00","breadcrumb":{"@id":"https:\/\/web.umons.ac.be\/sepsoms\/fr\/activites-de-recherche\/#breadcrumb"},"inLanguage":"fr-FR","potentialAction":[{"@type":"ReadAction","target":["https:\/\/web.umons.ac.be\/sepsoms\/fr\/activites-de-recherche\/"]}]},{"@type":"BreadcrumbList","@id":"https:\/\/web.umons.ac.be\/sepsoms\/fr\/activites-de-recherche\/#breadcrumb","itemListElement":[{"@type":"ListItem","position":1,"name":"Accueil","item":"https:\/\/web.umons.ac.be\/sepsoms\/fr\/"},{"@type":"ListItem","position":2,"name":"Activit\u00e9s de recherche"}]},{"@type":"WebSite","@id":"https:\/\/web.umons.ac.be\/sepsoms\/#website","url":"https:\/\/web.umons.ac.be\/sepsoms\/","name":"Service \/ FTI-EII - \u00c9tude de l\u2019espace post-sovi\u00e9tique et des mondes slaves","description":"","potentialAction":[{"@type":"SearchAction","target":{"@type":"EntryPoint","urlTemplate":"https:\/\/web.umons.ac.be\/sepsoms\/?s={search_term_string}"},"query-input":{"@type":"PropertyValueSpecification","valueRequired":true,"valueName":"search_term_string"}}],"inLanguage":"fr-FR"}]}},"lang":"fr","translations":{"fr":15,"en":17},"pll_sync_post":[],"_links":{"self":[{"href":"https:\/\/web.umons.ac.be\/sepsoms\/wp-json\/wp\/v2\/pages\/15","targetHints":{"allow":["GET"]}}],"collection":[{"href":"https:\/\/web.umons.ac.be\/sepsoms\/wp-json\/wp\/v2\/pages"}],"about":[{"href":"https:\/\/web.umons.ac.be\/sepsoms\/wp-json\/wp\/v2\/types\/page"}],"author":[{"embeddable":true,"href":"https:\/\/web.umons.ac.be\/sepsoms\/wp-json\/wp\/v2\/users\/4"}],"replies":[{"embeddable":true,"href":"https:\/\/web.umons.ac.be\/sepsoms\/wp-json\/wp\/v2\/comments?post=15"}],"version-history":[{"count":2,"href":"https:\/\/web.umons.ac.be\/sepsoms\/wp-json\/wp\/v2\/pages\/15\/revisions"}],"predecessor-version":[{"id":401,"href":"https:\/\/web.umons.ac.be\/sepsoms\/wp-json\/wp\/v2\/pages\/15\/revisions\/401"}],"wp:attachment":[{"href":"https:\/\/web.umons.ac.be\/sepsoms\/wp-json\/wp\/v2\/media?parent=15"}],"curies":[{"name":"wp","href":"https:\/\/api.w.org\/{rel}","templated":true}]}}