{"id":11,"date":"2021-11-04T11:02:26","date_gmt":"2021-11-04T10:02:26","guid":{"rendered":"https:\/\/web.umons.ac.be\/sept\/activites-denseignement\/"},"modified":"2021-11-04T11:33:51","modified_gmt":"2021-11-04T10:33:51","slug":"activites-denseignement","status":"publish","type":"page","link":"https:\/\/web.umons.ac.be\/sept\/activites-denseignement\/","title":{"rendered":"Activit\u00e9s d&rsquo;enseignement"},"content":{"rendered":"<p><strong>Gestion des risques et bien-\u00eatre au travail<\/strong><\/p>\n<ul>\n<li>Analyse du travail<\/li>\n<li>Approche psychosociologique des organisations<\/li>\n<li>Cadre et missions de la fonction de pr\u00e9venteur (y compris introduction du master)<\/li>\n<li>Cadre l\u00e9gislatif en mati\u00e8re de risques psychosociaux<\/li>\n<li>Conception et \u00e9valuation en ergonomie<\/li>\n<li>D\u00e9finition et \u00e9valuation des risques psychosociaux individuels et collectifs<\/li>\n<li>Ergonomie et technologie de l&rsquo;information<\/li>\n<li>Evaluation des charges du travail (physique, mentale, psychique)<\/li>\n<li>Gestion de projet en ergonomie<\/li>\n<li>Gestion de projet en mati\u00e8re de risques psychosociaux<\/li>\n<li>Gestion des risques (y compris la gestion des accidents du travail, maladies professionnelles&#8230;)<\/li>\n<li>Introduction aux disciplines (ergonomie, aspects psychosociaux, hygi\u00e8ne&#8230;)<\/li>\n<li>M\u00e9thodes quantitatives et qualitatives<\/li>\n<li>N\u00e9gociation et gestion des conflits<\/li>\n<li>Normalisation, l\u00e9gislation sp\u00e9cifique \u00e0 l&rsquo;ergonomie<\/li>\n<li>Organisation du travail et changements<\/li>\n<li>Questions de recherche en ergonomie<\/li>\n<li>Questions de recherche relatives aux risques psychosociaux<\/li>\n<li>Techniques en intervention psychosociale<\/li>\n<li>Travail de fin d&rsquo;\u00e9tudes<\/li>\n<li>Travail, sant\u00e9 et bien-\u00eatre (partie 1)<\/li>\n<li>Travail, sant\u00e9 et bien-\u00eatre (partie 2)<\/li>\n<\/ul>\n<hr \/>\n<ul>\n<li>Analyse du travail<\/li>\n<li>Changement et intervention dans les organisations<\/li>\n<li>Clinique du travail : \u00e9tudes de cas<\/li>\n<li>Dynamique de groupe<\/li>\n<li>Ergonomie : \u00e9tudes de cas<\/li>\n<li>Evaluation et gestion des comp\u00e9tences professionnelles<\/li>\n<li>Introduction \u00e0 l&rsquo;ergonomie<\/li>\n<li>M\u00e9moire (Psychologie du Travail)<\/li>\n<li>Psychologie du travail<\/li>\n<li>Psychologie sociale<\/li>\n<li>Psychosociologie des organisations<\/li>\n<li>Questions approfondies de psychologie sociale<\/li>\n<li>Questions approfondies en psychosociologie des organisations<\/li>\n<li>Questions de d\u00e9ontologie en psychologie<\/li>\n<li>Sant\u00e9 et travail<\/li>\n<li>Sciences psychologiques II : fondements th\u00e9oriques<\/li>\n<li>S\u00e9minaire de m\u00e9thodes et techniques avanc\u00e9es de recherche en psychologie<\/li>\n<li>Projet de m\u00e9moire (Psychologie du Travail)<\/li>\n<li>Sociologie<\/li>\n<li>Stages (Psychologie du Travail)<\/li>\n<\/ul>\n","protected":false},"excerpt":{"rendered":"<p>Gestion des risques et bien-\u00eatre au travail Analyse du travail Approche psychosociologique des organisations Cadre et missions de la fonction de pr\u00e9venteur (y compris introduction du master) Cadre l\u00e9gislatif en mati\u00e8re de risques psychosociaux Conception et \u00e9valuation en ergonomie D\u00e9finition et \u00e9valuation des risques psychosociaux individuels et collectifs Ergonomie et technologie de l&rsquo;information Evaluation des [&hellip;]<\/p>\n","protected":false},"author":4,"featured_media":0,"parent":0,"menu_order":0,"comment_status":"closed","ping_status":"closed","template":"","meta":{"footnotes":""},"class_list":["post-11","page","type-page","status-publish","hentry"],"yoast_head":"<!-- This site is optimized with the Yoast SEO plugin v27.2 - https:\/\/yoast.com\/product\/yoast-seo-wordpress\/ -->\n<title>Activit\u00e9s d&#039;enseignement - Service \/ FPSE - Psychologie du travail<\/title>\n<meta name=\"robots\" content=\"index, follow, max-snippet:-1, max-image-preview:large, max-video-preview:-1\" \/>\n<link rel=\"canonical\" href=\"https:\/\/web.umons.ac.be\/sept\/activites-denseignement\/\" \/>\n<meta property=\"og:locale\" content=\"fr_FR\" \/>\n<meta property=\"og:type\" content=\"article\" \/>\n<meta property=\"og:title\" content=\"Activit\u00e9s d&#039;enseignement - Service \/ FPSE - Psychologie du travail\" \/>\n<meta property=\"og:description\" content=\"Gestion des risques et bien-\u00eatre au travail Analyse du travail Approche psychosociologique des organisations Cadre et missions de la fonction de pr\u00e9venteur (y compris introduction du master) Cadre l\u00e9gislatif en mati\u00e8re de risques psychosociaux Conception et \u00e9valuation en ergonomie D\u00e9finition et \u00e9valuation des risques psychosociaux individuels et collectifs Ergonomie et technologie de l&rsquo;information Evaluation des [&hellip;]\" \/>\n<meta property=\"og:url\" content=\"https:\/\/web.umons.ac.be\/sept\/activites-denseignement\/\" \/>\n<meta property=\"og:site_name\" content=\"Service \/ FPSE - Psychologie du travail\" \/>\n<meta property=\"article:modified_time\" content=\"2021-11-04T10:33:51+00:00\" \/>\n<meta name=\"twitter:card\" content=\"summary_large_image\" \/>\n<meta name=\"twitter:label1\" content=\"Dur\u00e9e de lecture estim\u00e9e\" \/>\n\t<meta name=\"twitter:data1\" content=\"2 minutes\" \/>\n<script type=\"application\/ld+json\" class=\"yoast-schema-graph\">{\"@context\":\"https:\/\/schema.org\",\"@graph\":[{\"@type\":\"WebPage\",\"@id\":\"https:\/\/web.umons.ac.be\/sept\/activites-denseignement\/\",\"url\":\"https:\/\/web.umons.ac.be\/sept\/activites-denseignement\/\",\"name\":\"Activit\u00e9s d'enseignement - Service \/ FPSE - Psychologie du travail\",\"isPartOf\":{\"@id\":\"https:\/\/web.umons.ac.be\/sept\/#website\"},\"datePublished\":\"2021-11-04T10:02:26+00:00\",\"dateModified\":\"2021-11-04T10:33:51+00:00\",\"breadcrumb\":{\"@id\":\"https:\/\/web.umons.ac.be\/sept\/activites-denseignement\/#breadcrumb\"},\"inLanguage\":\"fr-FR\",\"potentialAction\":[{\"@type\":\"ReadAction\",\"target\":[\"https:\/\/web.umons.ac.be\/sept\/activites-denseignement\/\"]}]},{\"@type\":\"BreadcrumbList\",\"@id\":\"https:\/\/web.umons.ac.be\/sept\/activites-denseignement\/#breadcrumb\",\"itemListElement\":[{\"@type\":\"ListItem\",\"position\":1,\"name\":\"Home\",\"item\":\"https:\/\/web.umons.ac.be\/sept\/\"},{\"@type\":\"ListItem\",\"position\":2,\"name\":\"Activit\u00e9s d&rsquo;enseignement\"}]},{\"@type\":\"WebSite\",\"@id\":\"https:\/\/web.umons.ac.be\/sept\/#website\",\"url\":\"https:\/\/web.umons.ac.be\/sept\/\",\"name\":\"Service \/ FPSE - Psychologie du travail\",\"description\":\"\",\"potentialAction\":[{\"@type\":\"SearchAction\",\"target\":{\"@type\":\"EntryPoint\",\"urlTemplate\":\"https:\/\/web.umons.ac.be\/sept\/?s={search_term_string}\"},\"query-input\":{\"@type\":\"PropertyValueSpecification\",\"valueRequired\":true,\"valueName\":\"search_term_string\"}}],\"inLanguage\":\"fr-FR\"}]}<\/script>\n<!-- \/ Yoast SEO plugin. -->","yoast_head_json":{"title":"Activit\u00e9s d'enseignement - Service \/ FPSE - Psychologie du travail","robots":{"index":"index","follow":"follow","max-snippet":"max-snippet:-1","max-image-preview":"max-image-preview:large","max-video-preview":"max-video-preview:-1"},"canonical":"https:\/\/web.umons.ac.be\/sept\/activites-denseignement\/","og_locale":"fr_FR","og_type":"article","og_title":"Activit\u00e9s d'enseignement - Service \/ FPSE - Psychologie du travail","og_description":"Gestion des risques et bien-\u00eatre au travail Analyse du travail Approche psychosociologique des organisations Cadre et missions de la fonction de pr\u00e9venteur (y compris introduction du master) Cadre l\u00e9gislatif en mati\u00e8re de risques psychosociaux Conception et \u00e9valuation en ergonomie D\u00e9finition et \u00e9valuation des risques psychosociaux individuels et collectifs Ergonomie et technologie de l&rsquo;information Evaluation des [&hellip;]","og_url":"https:\/\/web.umons.ac.be\/sept\/activites-denseignement\/","og_site_name":"Service \/ FPSE - Psychologie du travail","article_modified_time":"2021-11-04T10:33:51+00:00","twitter_card":"summary_large_image","twitter_misc":{"Dur\u00e9e de lecture estim\u00e9e":"2 minutes"},"schema":{"@context":"https:\/\/schema.org","@graph":[{"@type":"WebPage","@id":"https:\/\/web.umons.ac.be\/sept\/activites-denseignement\/","url":"https:\/\/web.umons.ac.be\/sept\/activites-denseignement\/","name":"Activit\u00e9s d'enseignement - Service \/ FPSE - Psychologie du travail","isPartOf":{"@id":"https:\/\/web.umons.ac.be\/sept\/#website"},"datePublished":"2021-11-04T10:02:26+00:00","dateModified":"2021-11-04T10:33:51+00:00","breadcrumb":{"@id":"https:\/\/web.umons.ac.be\/sept\/activites-denseignement\/#breadcrumb"},"inLanguage":"fr-FR","potentialAction":[{"@type":"ReadAction","target":["https:\/\/web.umons.ac.be\/sept\/activites-denseignement\/"]}]},{"@type":"BreadcrumbList","@id":"https:\/\/web.umons.ac.be\/sept\/activites-denseignement\/#breadcrumb","itemListElement":[{"@type":"ListItem","position":1,"name":"Home","item":"https:\/\/web.umons.ac.be\/sept\/"},{"@type":"ListItem","position":2,"name":"Activit\u00e9s d&rsquo;enseignement"}]},{"@type":"WebSite","@id":"https:\/\/web.umons.ac.be\/sept\/#website","url":"https:\/\/web.umons.ac.be\/sept\/","name":"Service \/ FPSE - Psychologie du travail","description":"","potentialAction":[{"@type":"SearchAction","target":{"@type":"EntryPoint","urlTemplate":"https:\/\/web.umons.ac.be\/sept\/?s={search_term_string}"},"query-input":{"@type":"PropertyValueSpecification","valueRequired":true,"valueName":"search_term_string"}}],"inLanguage":"fr-FR"}]}},"lang":"fr","translations":{"fr":11,"en":13},"pll_sync_post":[],"_links":{"self":[{"href":"https:\/\/web.umons.ac.be\/sept\/wp-json\/wp\/v2\/pages\/11","targetHints":{"allow":["GET"]}}],"collection":[{"href":"https:\/\/web.umons.ac.be\/sept\/wp-json\/wp\/v2\/pages"}],"about":[{"href":"https:\/\/web.umons.ac.be\/sept\/wp-json\/wp\/v2\/types\/page"}],"author":[{"embeddable":true,"href":"https:\/\/web.umons.ac.be\/sept\/wp-json\/wp\/v2\/users\/4"}],"replies":[{"embeddable":true,"href":"https:\/\/web.umons.ac.be\/sept\/wp-json\/wp\/v2\/comments?post=11"}],"version-history":[{"count":2,"href":"https:\/\/web.umons.ac.be\/sept\/wp-json\/wp\/v2\/pages\/11\/revisions"}],"predecessor-version":[{"id":51,"href":"https:\/\/web.umons.ac.be\/sept\/wp-json\/wp\/v2\/pages\/11\/revisions\/51"}],"wp:attachment":[{"href":"https:\/\/web.umons.ac.be\/sept\/wp-json\/wp\/v2\/media?parent=11"}],"curies":[{"name":"wp","href":"https:\/\/api.w.org\/{rel}","templated":true}]}}