{"id":15,"date":"2023-03-25T14:03:40","date_gmt":"2023-03-25T13:03:40","guid":{"rendered":"https:\/\/web.umons.ac.be\/sereg\/activites-de-recherche\/"},"modified":"2023-12-07T14:31:36","modified_gmt":"2023-12-07T13:31:36","slug":"activites-de-recherche","status":"publish","type":"page","link":"https:\/\/web.umons.ac.be\/sereg\/fr\/activites-de-recherche\/","title":{"rendered":"Activit\u00e9s de recherche"},"content":{"rendered":"<start-cask-shortcode-wrapper><style>\n\t.publications-collection {\n\t\tmargin: 1em 0;\n\t\tpadding: 1em 3em;\n\t\tbackground-color: #f9f9f9;\n\t\tborder: 1px solid #e5e5e5;\n\t}\n\t.collection-link {\n\t\tmargin-top: 1em !important;\n\t\tmargin-bottom: 0 !important;\n\t}\n\t.orbi-introduction {\n\t\tpadding: 15px 0;\n\t\tdisplay: flex;\n\t\tflex-direction: column;\n\t\talign-items: center;\n\t\tgap: 20px;\n\t}\n\t.orbi-introduction img {\n\t\tmax-height: 60px;\n\t}\n\t@media print, screen and (min-width: 48.75em) {\n\t\t.orbi-introduction {\n\t\t\tflex-direction: row;\n\t\t\tjustify-content: space-between;\n\t\t\tgap: 3rem;\n\t\t\talign-items: center;\n\t\t}\n\t}\n<\/style>\n<div class=\"publications-collection content-blockfti\">\n\t\t<div class=\"orbi-introduction\">\n\t\t<img decoding=\"async\" src=\"\/app\/themes\/umons\/assets\/img\/layout\/orbi.png\" alt=\"ORBI\">\n\t\t<p>\n\t\t\tL\u2019UMONS dispose d\u2019un <strong>d\u00e9p\u00f4t<\/strong> institutionnel, <strong>ORBI<\/strong>, qui comprend de tr\u00e8s nombreuses r\u00e9f\u00e9rences et textes int\u00e9graux de publications, dont une bonne part en Open access.\t\t\t<a href=\"https:\/\/orbi.umons.ac.be\/simple-search?query=&sort_by=issued_dt&order=desc&filter=researchunit%3A%3Aauthority%3A%3AORG_75859\" class=\"button button-primary-alt scheme-background scheme-background-hover collection-link\" target=\"_blank\" rel=\"nofollow\">\n\t\t\t\tConsulter la liste des publications du service dans ORBI\t\t\t\t<span class=\"icon umons-icon-book\" aria-hidden=\"true\"><\/span>\n\t\t\t<\/a>\n\t\t<\/p>\n\t<\/div>\n\t<\/div><end-cask-shortcode-wrapper>\n<start-cask-shortcode-wrapper>\t\t<div class=\"associated-institutes content-block scheme-fti\">\n\t\t\t<ul class=\"institutes-list\">\n\t\t\t\t\t\t\t\t\t\t<li>\n\t\t\t\t\t\t\t<a href=\"https:\/\/web.umons.ac.be\/langage\" title=\"Acc\u00e9der au site web de : Institut \/ Langage\" class=\"associated-institute\">\n\t\t\t\t\t\t\t\t<img loading=\"lazy\" decoding=\"async\" width=\"1\" height=\"1\" src=\"https:\/\/web.umons.ac.be\/app\/uploads\/sites\/39\/2017\/12\/langage_logo_fr.svg\" class=\"attachment-thumbnail size-thumbnail\" alt=\"\" \/>\t\t\t\t\t\t\t<\/a>\t\t\t\n\t\t\t\t\t\t<\/li>\n\t\t\t\t\t\t\t<\/ul>\n\t\t<\/div>\n <end-cask-shortcode-wrapper>\n<p>&nbsp;<\/p>\n","protected":false},"excerpt":{"rendered":"<p>&nbsp;<\/p>\n","protected":false},"author":1,"featured_media":0,"parent":0,"menu_order":0,"comment_status":"closed","ping_status":"closed","template":"","meta":{"footnotes":""},"class_list":["post-15","page","type-page","status-publish","hentry"],"yoast_head":"<!-- This site is optimized with the Yoast SEO plugin v27.2 - https:\/\/yoast.com\/product\/yoast-seo-wordpress\/ -->\n<title>Activit\u00e9s de recherche - Service \/ FTI-EII - \u00c9tudes et de Recherches sur l\u2019Espace Germanophone<\/title>\n<meta name=\"robots\" content=\"index, follow, max-snippet:-1, max-image-preview:large, max-video-preview:-1\" \/>\n<link rel=\"canonical\" href=\"https:\/\/web.umons.ac.be\/sereg\/fr\/activites-de-recherche\/\" \/>\n<meta property=\"og:locale\" content=\"fr_FR\" \/>\n<meta property=\"og:type\" content=\"article\" \/>\n<meta property=\"og:title\" content=\"Activit\u00e9s de recherche - Service \/ FTI-EII - \u00c9tudes et de Recherches sur l\u2019Espace Germanophone\" \/>\n<meta property=\"og:description\" content=\"&nbsp;\" \/>\n<meta property=\"og:url\" content=\"https:\/\/web.umons.ac.be\/sereg\/fr\/activites-de-recherche\/\" \/>\n<meta property=\"og:site_name\" content=\"Service \/ FTI-EII - \u00c9tudes et de Recherches sur l\u2019Espace Germanophone\" \/>\n<meta property=\"article:modified_time\" content=\"2023-12-07T13:31:36+00:00\" \/>\n<meta name=\"twitter:card\" content=\"summary_large_image\" \/>\n<meta name=\"twitter:label1\" content=\"Dur\u00e9e de lecture estim\u00e9e\" \/>\n\t<meta name=\"twitter:data1\" content=\"1 minute\" \/>\n<script type=\"application\/ld+json\" class=\"yoast-schema-graph\">{\"@context\":\"https:\/\/schema.org\",\"@graph\":[{\"@type\":\"WebPage\",\"@id\":\"https:\/\/web.umons.ac.be\/sereg\/fr\/activites-de-recherche\/\",\"url\":\"https:\/\/web.umons.ac.be\/sereg\/fr\/activites-de-recherche\/\",\"name\":\"Activit\u00e9s de recherche - Service \/ FTI-EII - \u00c9tudes et de Recherches sur l\u2019Espace Germanophone\",\"isPartOf\":{\"@id\":\"https:\/\/web.umons.ac.be\/sereg\/#website\"},\"datePublished\":\"2023-03-25T13:03:40+00:00\",\"dateModified\":\"2023-12-07T13:31:36+00:00\",\"breadcrumb\":{\"@id\":\"https:\/\/web.umons.ac.be\/sereg\/fr\/activites-de-recherche\/#breadcrumb\"},\"inLanguage\":\"fr-FR\",\"potentialAction\":[{\"@type\":\"ReadAction\",\"target\":[\"https:\/\/web.umons.ac.be\/sereg\/fr\/activites-de-recherche\/\"]}]},{\"@type\":\"BreadcrumbList\",\"@id\":\"https:\/\/web.umons.ac.be\/sereg\/fr\/activites-de-recherche\/#breadcrumb\",\"itemListElement\":[{\"@type\":\"ListItem\",\"position\":1,\"name\":\"Accueil\",\"item\":\"https:\/\/web.umons.ac.be\/sereg\/\"},{\"@type\":\"ListItem\",\"position\":2,\"name\":\"Activit\u00e9s de recherche\"}]},{\"@type\":\"WebSite\",\"@id\":\"https:\/\/web.umons.ac.be\/sereg\/#website\",\"url\":\"https:\/\/web.umons.ac.be\/sereg\/\",\"name\":\"Service \/ FTI-EII - \u00c9tudes et de Recherches sur l\u2019Espace Germanophone\",\"description\":\"\",\"potentialAction\":[{\"@type\":\"SearchAction\",\"target\":{\"@type\":\"EntryPoint\",\"urlTemplate\":\"https:\/\/web.umons.ac.be\/sereg\/?s={search_term_string}\"},\"query-input\":{\"@type\":\"PropertyValueSpecification\",\"valueRequired\":true,\"valueName\":\"search_term_string\"}}],\"inLanguage\":\"fr-FR\"}]}<\/script>\n<!-- \/ Yoast SEO plugin. -->","yoast_head_json":{"title":"Activit\u00e9s de recherche - Service \/ FTI-EII - \u00c9tudes et de Recherches sur l\u2019Espace Germanophone","robots":{"index":"index","follow":"follow","max-snippet":"max-snippet:-1","max-image-preview":"max-image-preview:large","max-video-preview":"max-video-preview:-1"},"canonical":"https:\/\/web.umons.ac.be\/sereg\/fr\/activites-de-recherche\/","og_locale":"fr_FR","og_type":"article","og_title":"Activit\u00e9s de recherche - Service \/ FTI-EII - \u00c9tudes et de Recherches sur l\u2019Espace Germanophone","og_description":"&nbsp;","og_url":"https:\/\/web.umons.ac.be\/sereg\/fr\/activites-de-recherche\/","og_site_name":"Service \/ FTI-EII - \u00c9tudes et de Recherches sur l\u2019Espace Germanophone","article_modified_time":"2023-12-07T13:31:36+00:00","twitter_card":"summary_large_image","twitter_misc":{"Dur\u00e9e de lecture estim\u00e9e":"1 minute"},"schema":{"@context":"https:\/\/schema.org","@graph":[{"@type":"WebPage","@id":"https:\/\/web.umons.ac.be\/sereg\/fr\/activites-de-recherche\/","url":"https:\/\/web.umons.ac.be\/sereg\/fr\/activites-de-recherche\/","name":"Activit\u00e9s de recherche - Service \/ FTI-EII - \u00c9tudes et de Recherches sur l\u2019Espace Germanophone","isPartOf":{"@id":"https:\/\/web.umons.ac.be\/sereg\/#website"},"datePublished":"2023-03-25T13:03:40+00:00","dateModified":"2023-12-07T13:31:36+00:00","breadcrumb":{"@id":"https:\/\/web.umons.ac.be\/sereg\/fr\/activites-de-recherche\/#breadcrumb"},"inLanguage":"fr-FR","potentialAction":[{"@type":"ReadAction","target":["https:\/\/web.umons.ac.be\/sereg\/fr\/activites-de-recherche\/"]}]},{"@type":"BreadcrumbList","@id":"https:\/\/web.umons.ac.be\/sereg\/fr\/activites-de-recherche\/#breadcrumb","itemListElement":[{"@type":"ListItem","position":1,"name":"Accueil","item":"https:\/\/web.umons.ac.be\/sereg\/"},{"@type":"ListItem","position":2,"name":"Activit\u00e9s de recherche"}]},{"@type":"WebSite","@id":"https:\/\/web.umons.ac.be\/sereg\/#website","url":"https:\/\/web.umons.ac.be\/sereg\/","name":"Service \/ FTI-EII - \u00c9tudes et de Recherches sur l\u2019Espace Germanophone","description":"","potentialAction":[{"@type":"SearchAction","target":{"@type":"EntryPoint","urlTemplate":"https:\/\/web.umons.ac.be\/sereg\/?s={search_term_string}"},"query-input":{"@type":"PropertyValueSpecification","valueRequired":true,"valueName":"search_term_string"}}],"inLanguage":"fr-FR"}]}},"lang":"fr","translations":{"fr":15,"en":17},"pll_sync_post":[],"_links":{"self":[{"href":"https:\/\/web.umons.ac.be\/sereg\/wp-json\/wp\/v2\/pages\/15","targetHints":{"allow":["GET"]}}],"collection":[{"href":"https:\/\/web.umons.ac.be\/sereg\/wp-json\/wp\/v2\/pages"}],"about":[{"href":"https:\/\/web.umons.ac.be\/sereg\/wp-json\/wp\/v2\/types\/page"}],"author":[{"embeddable":true,"href":"https:\/\/web.umons.ac.be\/sereg\/wp-json\/wp\/v2\/users\/1"}],"replies":[{"embeddable":true,"href":"https:\/\/web.umons.ac.be\/sereg\/wp-json\/wp\/v2\/comments?post=15"}],"version-history":[{"count":2,"href":"https:\/\/web.umons.ac.be\/sereg\/wp-json\/wp\/v2\/pages\/15\/revisions"}],"predecessor-version":[{"id":123,"href":"https:\/\/web.umons.ac.be\/sereg\/wp-json\/wp\/v2\/pages\/15\/revisions\/123"}],"wp:attachment":[{"href":"https:\/\/web.umons.ac.be\/sereg\/wp-json\/wp\/v2\/media?parent=15"}],"curies":[{"name":"wp","href":"https:\/\/api.w.org\/{rel}","templated":true}]}}