{"id":11,"date":"2021-11-26T09:56:51","date_gmt":"2021-11-26T08:56:51","guid":{"rendered":"https:\/\/web.umons.ac.be\/sesf\/activites-denseignement\/"},"modified":"2021-11-26T10:14:48","modified_gmt":"2021-11-26T09:14:48","slug":"activites-denseignement","status":"publish","type":"page","link":"https:\/\/web.umons.ac.be\/sesf\/activites-denseignement\/","title":{"rendered":"Activit\u00e9s d&rsquo;enseignement"},"content":{"rendered":"<ul>\n<li>Actualit\u00e9s p\u00e9dagogiques<\/li>\n<li>Certificat d&rsquo;Universit\u00e9 en intervention aupr\u00e8s des enfants et des adolescents \u00e0 hauts potentiels en difficult\u00e9<\/li>\n<li>Co-\u00e9ducation et r\u00e9seaux d&rsquo;intervention<\/li>\n<li>D\u00e9veloppement identitaire<\/li>\n<li>Education familiale<\/li>\n<li>Evaluation et intervention pr\u00e9ventive en \u00e9ducation familiale<\/li>\n<li>Formation pair-aidance<\/li>\n<li>Inclusion sociale et scolaire<\/li>\n<li>Innovation en p\u00e9dagogie de l&rsquo;action sociale<\/li>\n<li>Intervention sociale et communautaire<\/li>\n<li>M\u00e9moires section Sciences de la famille<\/li>\n<li>M\u00e9thodes de recherche participante<\/li>\n<li>M\u00e9thodologie de l&rsquo;observation<\/li>\n<li>Pratique d&rsquo;intervision<\/li>\n<li>Projet 3\u00e8me bac section Sciences de la famille<\/li>\n<li>Psychologie de la famille<\/li>\n<li>Psychop\u00e9dagogie de l&rsquo;action sociale<\/li>\n<li>Sociologie de l&rsquo;\u00e9ducation<\/li>\n<li>Stages section Sciences de la famille<\/li>\n<li>Trajectoires des personnes en grande pr\u00e9carit\u00e9<\/li>\n<\/ul>\n<h3>Certificat d&rsquo;Universit\u00e9 en M\u00e9diation &#8211; Formation de Base<\/h3>\n<ul>\n<li>Le processus de m\u00e9diation<\/li>\n<li>Les aspects de communication et de m\u00e9thodes de n\u00e9gociation<\/li>\n<li>Les aspects juridiques de la m\u00e9diation<\/li>\n<li>Les aspects psychologiques de la m\u00e9diation<\/li>\n<li>Les aspects sociologiques de la m\u00e9diation<\/li>\n<li>Les comp\u00e9tences en mati\u00e8re de m\u00e9diation<\/li>\n<li>Les comp\u00e9tences en mati\u00e8re de n\u00e9gociation et de communication<\/li>\n<li>Les interventions dans les situations concr\u00e8tes<\/li>\n<li>Les principes g\u00e9n\u00e9raux de la m\u00e9diation<\/li>\n<\/ul>\n<h3>Certificat d&rsquo;Universit\u00e9 en M\u00e9diation familiale<\/h3>\n<ul>\n<li>El\u00e9ments de droit pour la m\u00e9diation familiale<\/li>\n<li>El\u00e9ments de psychologie et de sociologie pour la m\u00e9diation familiale<\/li>\n<li>Stage de m\u00e9diation familiale<\/li>\n<li>Techniques sp\u00e9cifiques de pratiques pour la m\u00e9diation familiale<\/li>\n<li>Travail de fin d&rsquo;\u00e9tudes<\/li>\n<\/ul>\n","protected":false},"excerpt":{"rendered":"<p>Actualit\u00e9s p\u00e9dagogiques Certificat d&rsquo;Universit\u00e9 en intervention aupr\u00e8s des enfants et des adolescents \u00e0 hauts potentiels en difficult\u00e9 Co-\u00e9ducation et r\u00e9seaux d&rsquo;intervention D\u00e9veloppement identitaire Education familiale Evaluation et intervention pr\u00e9ventive en \u00e9ducation familiale Formation pair-aidance Inclusion sociale et scolaire Innovation en p\u00e9dagogie de l&rsquo;action sociale Intervention sociale et communautaire M\u00e9moires section Sciences de la famille M\u00e9thodes [&hellip;]<\/p>\n","protected":false},"author":4,"featured_media":0,"parent":0,"menu_order":0,"comment_status":"closed","ping_status":"closed","template":"","meta":{"footnotes":""},"class_list":["post-11","page","type-page","status-publish","hentry"],"yoast_head":"<!-- This site is optimized with the Yoast SEO plugin v27.2 - https:\/\/yoast.com\/product\/yoast-seo-wordpress\/ -->\n<title>Activit\u00e9s d&#039;enseignement - Service \/ FPSE - P\u00e9dagogie et Andragogie Sociales<\/title>\n<meta name=\"robots\" content=\"index, follow, max-snippet:-1, max-image-preview:large, max-video-preview:-1\" \/>\n<link rel=\"canonical\" href=\"https:\/\/web.umons.ac.be\/sesf\/activites-denseignement\/\" \/>\n<meta property=\"og:locale\" content=\"fr_FR\" \/>\n<meta property=\"og:type\" content=\"article\" \/>\n<meta property=\"og:title\" content=\"Activit\u00e9s d&#039;enseignement - Service \/ FPSE - P\u00e9dagogie et Andragogie Sociales\" \/>\n<meta property=\"og:description\" content=\"Actualit\u00e9s p\u00e9dagogiques Certificat d&rsquo;Universit\u00e9 en intervention aupr\u00e8s des enfants et des adolescents \u00e0 hauts potentiels en difficult\u00e9 Co-\u00e9ducation et r\u00e9seaux d&rsquo;intervention D\u00e9veloppement identitaire Education familiale Evaluation et intervention pr\u00e9ventive en \u00e9ducation familiale Formation pair-aidance Inclusion sociale et scolaire Innovation en p\u00e9dagogie de l&rsquo;action sociale Intervention sociale et communautaire M\u00e9moires section Sciences de la famille M\u00e9thodes [&hellip;]\" \/>\n<meta property=\"og:url\" content=\"https:\/\/web.umons.ac.be\/sesf\/activites-denseignement\/\" \/>\n<meta property=\"og:site_name\" content=\"Service \/ FPSE - P\u00e9dagogie et Andragogie Sociales\" \/>\n<meta property=\"article:modified_time\" content=\"2021-11-26T09:14:48+00:00\" \/>\n<meta name=\"twitter:card\" content=\"summary_large_image\" \/>\n<meta name=\"twitter:label1\" content=\"Dur\u00e9e de lecture estim\u00e9e\" \/>\n\t<meta name=\"twitter:data1\" content=\"1 minute\" \/>\n<script type=\"application\/ld+json\" class=\"yoast-schema-graph\">{\"@context\":\"https:\/\/schema.org\",\"@graph\":[{\"@type\":\"WebPage\",\"@id\":\"https:\/\/web.umons.ac.be\/sesf\/activites-denseignement\/\",\"url\":\"https:\/\/web.umons.ac.be\/sesf\/activites-denseignement\/\",\"name\":\"Activit\u00e9s d'enseignement - Service \/ FPSE - P\u00e9dagogie et Andragogie Sociales\",\"isPartOf\":{\"@id\":\"https:\/\/web.umons.ac.be\/sesf\/#website\"},\"datePublished\":\"2021-11-26T08:56:51+00:00\",\"dateModified\":\"2021-11-26T09:14:48+00:00\",\"breadcrumb\":{\"@id\":\"https:\/\/web.umons.ac.be\/sesf\/activites-denseignement\/#breadcrumb\"},\"inLanguage\":\"fr-FR\",\"potentialAction\":[{\"@type\":\"ReadAction\",\"target\":[\"https:\/\/web.umons.ac.be\/sesf\/activites-denseignement\/\"]}]},{\"@type\":\"BreadcrumbList\",\"@id\":\"https:\/\/web.umons.ac.be\/sesf\/activites-denseignement\/#breadcrumb\",\"itemListElement\":[{\"@type\":\"ListItem\",\"position\":1,\"name\":\"Home\",\"item\":\"https:\/\/web.umons.ac.be\/sesf\/\"},{\"@type\":\"ListItem\",\"position\":2,\"name\":\"Activit\u00e9s d&rsquo;enseignement\"}]},{\"@type\":\"WebSite\",\"@id\":\"https:\/\/web.umons.ac.be\/sesf\/#website\",\"url\":\"https:\/\/web.umons.ac.be\/sesf\/\",\"name\":\"Service \/ FPSE - P\u00e9dagogie et Andragogie Sociales\",\"description\":\"\",\"potentialAction\":[{\"@type\":\"SearchAction\",\"target\":{\"@type\":\"EntryPoint\",\"urlTemplate\":\"https:\/\/web.umons.ac.be\/sesf\/?s={search_term_string}\"},\"query-input\":{\"@type\":\"PropertyValueSpecification\",\"valueRequired\":true,\"valueName\":\"search_term_string\"}}],\"inLanguage\":\"fr-FR\"}]}<\/script>\n<!-- \/ Yoast SEO plugin. -->","yoast_head_json":{"title":"Activit\u00e9s d'enseignement - Service \/ FPSE - P\u00e9dagogie et Andragogie Sociales","robots":{"index":"index","follow":"follow","max-snippet":"max-snippet:-1","max-image-preview":"max-image-preview:large","max-video-preview":"max-video-preview:-1"},"canonical":"https:\/\/web.umons.ac.be\/sesf\/activites-denseignement\/","og_locale":"fr_FR","og_type":"article","og_title":"Activit\u00e9s d'enseignement - Service \/ FPSE - P\u00e9dagogie et Andragogie Sociales","og_description":"Actualit\u00e9s p\u00e9dagogiques Certificat d&rsquo;Universit\u00e9 en intervention aupr\u00e8s des enfants et des adolescents \u00e0 hauts potentiels en difficult\u00e9 Co-\u00e9ducation et r\u00e9seaux d&rsquo;intervention D\u00e9veloppement identitaire Education familiale Evaluation et intervention pr\u00e9ventive en \u00e9ducation familiale Formation pair-aidance Inclusion sociale et scolaire Innovation en p\u00e9dagogie de l&rsquo;action sociale Intervention sociale et communautaire M\u00e9moires section Sciences de la famille M\u00e9thodes [&hellip;]","og_url":"https:\/\/web.umons.ac.be\/sesf\/activites-denseignement\/","og_site_name":"Service \/ FPSE - P\u00e9dagogie et Andragogie Sociales","article_modified_time":"2021-11-26T09:14:48+00:00","twitter_card":"summary_large_image","twitter_misc":{"Dur\u00e9e de lecture estim\u00e9e":"1 minute"},"schema":{"@context":"https:\/\/schema.org","@graph":[{"@type":"WebPage","@id":"https:\/\/web.umons.ac.be\/sesf\/activites-denseignement\/","url":"https:\/\/web.umons.ac.be\/sesf\/activites-denseignement\/","name":"Activit\u00e9s d'enseignement - Service \/ FPSE - P\u00e9dagogie et Andragogie Sociales","isPartOf":{"@id":"https:\/\/web.umons.ac.be\/sesf\/#website"},"datePublished":"2021-11-26T08:56:51+00:00","dateModified":"2021-11-26T09:14:48+00:00","breadcrumb":{"@id":"https:\/\/web.umons.ac.be\/sesf\/activites-denseignement\/#breadcrumb"},"inLanguage":"fr-FR","potentialAction":[{"@type":"ReadAction","target":["https:\/\/web.umons.ac.be\/sesf\/activites-denseignement\/"]}]},{"@type":"BreadcrumbList","@id":"https:\/\/web.umons.ac.be\/sesf\/activites-denseignement\/#breadcrumb","itemListElement":[{"@type":"ListItem","position":1,"name":"Home","item":"https:\/\/web.umons.ac.be\/sesf\/"},{"@type":"ListItem","position":2,"name":"Activit\u00e9s d&rsquo;enseignement"}]},{"@type":"WebSite","@id":"https:\/\/web.umons.ac.be\/sesf\/#website","url":"https:\/\/web.umons.ac.be\/sesf\/","name":"Service \/ FPSE - P\u00e9dagogie et Andragogie Sociales","description":"","potentialAction":[{"@type":"SearchAction","target":{"@type":"EntryPoint","urlTemplate":"https:\/\/web.umons.ac.be\/sesf\/?s={search_term_string}"},"query-input":{"@type":"PropertyValueSpecification","valueRequired":true,"valueName":"search_term_string"}}],"inLanguage":"fr-FR"}]}},"lang":"fr","translations":{"fr":11,"en":13},"pll_sync_post":[],"_links":{"self":[{"href":"https:\/\/web.umons.ac.be\/sesf\/wp-json\/wp\/v2\/pages\/11","targetHints":{"allow":["GET"]}}],"collection":[{"href":"https:\/\/web.umons.ac.be\/sesf\/wp-json\/wp\/v2\/pages"}],"about":[{"href":"https:\/\/web.umons.ac.be\/sesf\/wp-json\/wp\/v2\/types\/page"}],"author":[{"embeddable":true,"href":"https:\/\/web.umons.ac.be\/sesf\/wp-json\/wp\/v2\/users\/4"}],"replies":[{"embeddable":true,"href":"https:\/\/web.umons.ac.be\/sesf\/wp-json\/wp\/v2\/comments?post=11"}],"version-history":[{"count":1,"href":"https:\/\/web.umons.ac.be\/sesf\/wp-json\/wp\/v2\/pages\/11\/revisions"}],"predecessor-version":[{"id":49,"href":"https:\/\/web.umons.ac.be\/sesf\/wp-json\/wp\/v2\/pages\/11\/revisions\/49"}],"wp:attachment":[{"href":"https:\/\/web.umons.ac.be\/sesf\/wp-json\/wp\/v2\/media?parent=11"}],"curies":[{"name":"wp","href":"https:\/\/api.w.org\/{rel}","templated":true}]}}