{"id":15,"date":"2021-11-26T09:56:51","date_gmt":"2021-11-26T08:56:51","guid":{"rendered":"https:\/\/web.umons.ac.be\/sesf\/activites-de-recherche\/"},"modified":"2021-11-26T10:11:00","modified_gmt":"2021-11-26T09:11:00","slug":"activites-de-recherche","status":"publish","type":"page","link":"https:\/\/web.umons.ac.be\/sesf\/activites-de-recherche\/","title":{"rendered":"Activit\u00e9s de recherche"},"content":{"rendered":"<p>Les th\u00e9matiques de recherches et de formations privil\u00e9gi\u00e9es par le Service sont les suivantes :<\/p>\n<ul>\n<li>les trajectoires familiales,<\/li>\n<li>la transmission socio\u00e9ducative,<\/li>\n<li>les pratiques et les formes \u00e9l\u00e9mentaires de l\u2019exclusion,<\/li>\n<li>les souffrances psychiques dans les mutations sociales,<\/li>\n<li>les relations \u00e9cole-famille,<\/li>\n<li>le soutien \u00e0 la parentalit\u00e9,<\/li>\n<li>l\u2019accompagnement \u00e9ducatif des jeunes et de leurs familles.<\/li>\n<\/ul>\n<hr \/>\n<p>Notre service est, par ailleurs rattach\u00e9 \u00e0 un institut de recherche de l\u2019UMONS :<\/p>\n<start-cask-shortcode-wrapper>\t\t<div class=\"associated-institutes content-block scheme-fpse\">\n\t\t\t<ul class=\"institutes-list\">\n\t\t\t\t\t\t\t\t\t\t<li>\n\t\t\t\t\t\t\t<a href=\"https:\/\/web.umons.ac.be\/langage\" title=\"Acc\u00e9der au site web de : Institut \/ Langage\" class=\"associated-institute\">\n\t\t\t\t\t\t\t\t<img loading=\"lazy\" decoding=\"async\" width=\"1\" height=\"1\" src=\"https:\/\/web.umons.ac.be\/app\/uploads\/sites\/39\/2017\/12\/langage_logo_fr.svg\" class=\"attachment-thumbnail size-thumbnail\" alt=\"\" \/>\t\t\t\t\t\t\t<\/a>\t\t\t\n\t\t\t\t\t\t<\/li>\n\t\t\t\t\t\t\t\t\t\t<li>\n\t\t\t\t\t\t\t<a href=\"https:\/\/web.umons.ac.be\/soci_e_ter\" title=\"Acc\u00e9der au site web de : Institut \/ Soci&amp;ter\" class=\"associated-institute\">\n\t\t\t\t\t\t\t\t<img loading=\"lazy\" decoding=\"async\" width=\"1\" height=\"1\" src=\"https:\/\/web.umons.ac.be\/app\/uploads\/sites\/33\/2021\/11\/Societer-FR.svg\" class=\"attachment-thumbnail size-thumbnail\" alt=\"\" \/>\t\t\t\t\t\t\t<\/a>\t\t\t\n\t\t\t\t\t\t<\/li>\n\t\t\t\t\t\t\t<\/ul>\n\t\t<\/div>\n <end-cask-shortcode-wrapper>\n","protected":false},"excerpt":{"rendered":"<p>Les th\u00e9matiques de recherches et de formations privil\u00e9gi\u00e9es par le Service sont les suivantes : les trajectoires familiales, la transmission socio\u00e9ducative, les pratiques et les formes \u00e9l\u00e9mentaires de l\u2019exclusion, les souffrances psychiques dans les mutations sociales, les relations \u00e9cole-famille, le soutien \u00e0 la parentalit\u00e9, l\u2019accompagnement \u00e9ducatif des jeunes et de leurs familles. Notre service est, [&hellip;]<\/p>\n","protected":false},"author":4,"featured_media":0,"parent":0,"menu_order":0,"comment_status":"closed","ping_status":"closed","template":"","meta":{"footnotes":""},"class_list":["post-15","page","type-page","status-publish","hentry"],"yoast_head":"<!-- This site is optimized with the Yoast SEO plugin v27.2 - https:\/\/yoast.com\/product\/yoast-seo-wordpress\/ -->\n<title>Activit\u00e9s de recherche - Service \/ FPSE - P\u00e9dagogie et Andragogie Sociales<\/title>\n<meta name=\"robots\" content=\"index, follow, max-snippet:-1, max-image-preview:large, max-video-preview:-1\" \/>\n<link rel=\"canonical\" href=\"https:\/\/web.umons.ac.be\/sesf\/activites-de-recherche\/\" \/>\n<meta property=\"og:locale\" content=\"fr_FR\" \/>\n<meta property=\"og:type\" content=\"article\" \/>\n<meta property=\"og:title\" content=\"Activit\u00e9s de recherche - Service \/ FPSE - P\u00e9dagogie et Andragogie Sociales\" \/>\n<meta property=\"og:description\" content=\"Les th\u00e9matiques de recherches et de formations privil\u00e9gi\u00e9es par le Service sont les suivantes : les trajectoires familiales, la transmission socio\u00e9ducative, les pratiques et les formes \u00e9l\u00e9mentaires de l\u2019exclusion, les souffrances psychiques dans les mutations sociales, les relations \u00e9cole-famille, le soutien \u00e0 la parentalit\u00e9, l\u2019accompagnement \u00e9ducatif des jeunes et de leurs familles. Notre service est, [&hellip;]\" \/>\n<meta property=\"og:url\" content=\"https:\/\/web.umons.ac.be\/sesf\/activites-de-recherche\/\" \/>\n<meta property=\"og:site_name\" content=\"Service \/ FPSE - P\u00e9dagogie et Andragogie Sociales\" \/>\n<meta property=\"article:modified_time\" content=\"2021-11-26T09:11:00+00:00\" \/>\n<meta name=\"twitter:card\" content=\"summary_large_image\" \/>\n<script type=\"application\/ld+json\" class=\"yoast-schema-graph\">{\"@context\":\"https:\/\/schema.org\",\"@graph\":[{\"@type\":\"WebPage\",\"@id\":\"https:\/\/web.umons.ac.be\/sesf\/activites-de-recherche\/\",\"url\":\"https:\/\/web.umons.ac.be\/sesf\/activites-de-recherche\/\",\"name\":\"Activit\u00e9s de recherche - Service \/ FPSE - P\u00e9dagogie et Andragogie Sociales\",\"isPartOf\":{\"@id\":\"https:\/\/web.umons.ac.be\/sesf\/#website\"},\"datePublished\":\"2021-11-26T08:56:51+00:00\",\"dateModified\":\"2021-11-26T09:11:00+00:00\",\"breadcrumb\":{\"@id\":\"https:\/\/web.umons.ac.be\/sesf\/activites-de-recherche\/#breadcrumb\"},\"inLanguage\":\"fr-FR\",\"potentialAction\":[{\"@type\":\"ReadAction\",\"target\":[\"https:\/\/web.umons.ac.be\/sesf\/activites-de-recherche\/\"]}]},{\"@type\":\"BreadcrumbList\",\"@id\":\"https:\/\/web.umons.ac.be\/sesf\/activites-de-recherche\/#breadcrumb\",\"itemListElement\":[{\"@type\":\"ListItem\",\"position\":1,\"name\":\"Home\",\"item\":\"https:\/\/web.umons.ac.be\/sesf\/\"},{\"@type\":\"ListItem\",\"position\":2,\"name\":\"Activit\u00e9s de recherche\"}]},{\"@type\":\"WebSite\",\"@id\":\"https:\/\/web.umons.ac.be\/sesf\/#website\",\"url\":\"https:\/\/web.umons.ac.be\/sesf\/\",\"name\":\"Service \/ FPSE - P\u00e9dagogie et Andragogie Sociales\",\"description\":\"\",\"potentialAction\":[{\"@type\":\"SearchAction\",\"target\":{\"@type\":\"EntryPoint\",\"urlTemplate\":\"https:\/\/web.umons.ac.be\/sesf\/?s={search_term_string}\"},\"query-input\":{\"@type\":\"PropertyValueSpecification\",\"valueRequired\":true,\"valueName\":\"search_term_string\"}}],\"inLanguage\":\"fr-FR\"}]}<\/script>\n<!-- \/ Yoast SEO plugin. -->","yoast_head_json":{"title":"Activit\u00e9s de recherche - Service \/ FPSE - P\u00e9dagogie et Andragogie Sociales","robots":{"index":"index","follow":"follow","max-snippet":"max-snippet:-1","max-image-preview":"max-image-preview:large","max-video-preview":"max-video-preview:-1"},"canonical":"https:\/\/web.umons.ac.be\/sesf\/activites-de-recherche\/","og_locale":"fr_FR","og_type":"article","og_title":"Activit\u00e9s de recherche - Service \/ FPSE - P\u00e9dagogie et Andragogie Sociales","og_description":"Les th\u00e9matiques de recherches et de formations privil\u00e9gi\u00e9es par le Service sont les suivantes : les trajectoires familiales, la transmission socio\u00e9ducative, les pratiques et les formes \u00e9l\u00e9mentaires de l\u2019exclusion, les souffrances psychiques dans les mutations sociales, les relations \u00e9cole-famille, le soutien \u00e0 la parentalit\u00e9, l\u2019accompagnement \u00e9ducatif des jeunes et de leurs familles. Notre service est, [&hellip;]","og_url":"https:\/\/web.umons.ac.be\/sesf\/activites-de-recherche\/","og_site_name":"Service \/ FPSE - P\u00e9dagogie et Andragogie Sociales","article_modified_time":"2021-11-26T09:11:00+00:00","twitter_card":"summary_large_image","schema":{"@context":"https:\/\/schema.org","@graph":[{"@type":"WebPage","@id":"https:\/\/web.umons.ac.be\/sesf\/activites-de-recherche\/","url":"https:\/\/web.umons.ac.be\/sesf\/activites-de-recherche\/","name":"Activit\u00e9s de recherche - Service \/ FPSE - P\u00e9dagogie et Andragogie Sociales","isPartOf":{"@id":"https:\/\/web.umons.ac.be\/sesf\/#website"},"datePublished":"2021-11-26T08:56:51+00:00","dateModified":"2021-11-26T09:11:00+00:00","breadcrumb":{"@id":"https:\/\/web.umons.ac.be\/sesf\/activites-de-recherche\/#breadcrumb"},"inLanguage":"fr-FR","potentialAction":[{"@type":"ReadAction","target":["https:\/\/web.umons.ac.be\/sesf\/activites-de-recherche\/"]}]},{"@type":"BreadcrumbList","@id":"https:\/\/web.umons.ac.be\/sesf\/activites-de-recherche\/#breadcrumb","itemListElement":[{"@type":"ListItem","position":1,"name":"Home","item":"https:\/\/web.umons.ac.be\/sesf\/"},{"@type":"ListItem","position":2,"name":"Activit\u00e9s de recherche"}]},{"@type":"WebSite","@id":"https:\/\/web.umons.ac.be\/sesf\/#website","url":"https:\/\/web.umons.ac.be\/sesf\/","name":"Service \/ FPSE - P\u00e9dagogie et Andragogie Sociales","description":"","potentialAction":[{"@type":"SearchAction","target":{"@type":"EntryPoint","urlTemplate":"https:\/\/web.umons.ac.be\/sesf\/?s={search_term_string}"},"query-input":{"@type":"PropertyValueSpecification","valueRequired":true,"valueName":"search_term_string"}}],"inLanguage":"fr-FR"}]}},"lang":"fr","translations":{"fr":15,"en":17},"pll_sync_post":[],"_links":{"self":[{"href":"https:\/\/web.umons.ac.be\/sesf\/wp-json\/wp\/v2\/pages\/15","targetHints":{"allow":["GET"]}}],"collection":[{"href":"https:\/\/web.umons.ac.be\/sesf\/wp-json\/wp\/v2\/pages"}],"about":[{"href":"https:\/\/web.umons.ac.be\/sesf\/wp-json\/wp\/v2\/types\/page"}],"author":[{"embeddable":true,"href":"https:\/\/web.umons.ac.be\/sesf\/wp-json\/wp\/v2\/users\/4"}],"replies":[{"embeddable":true,"href":"https:\/\/web.umons.ac.be\/sesf\/wp-json\/wp\/v2\/comments?post=15"}],"version-history":[{"count":1,"href":"https:\/\/web.umons.ac.be\/sesf\/wp-json\/wp\/v2\/pages\/15\/revisions"}],"predecessor-version":[{"id":47,"href":"https:\/\/web.umons.ac.be\/sesf\/wp-json\/wp\/v2\/pages\/15\/revisions\/47"}],"wp:attachment":[{"href":"https:\/\/web.umons.ac.be\/sesf\/wp-json\/wp\/v2\/media?parent=15"}],"curies":[{"name":"wp","href":"https:\/\/api.w.org\/{rel}","templated":true}]}}