{"id":65,"date":"2024-06-14T11:18:35","date_gmt":"2024-06-14T09:18:35","guid":{"rendered":"https:\/\/web.umons.ac.be\/sinf\/?page_id=65"},"modified":"2026-01-09T13:24:10","modified_gmt":"2026-01-09T12:24:10","slug":"bases-de-donnees-ii-charleroi","status":"publish","type":"page","link":"https:\/\/web.umons.ac.be\/sinf\/activites-denseignement\/bases-de-donnees-ii-charleroi\/","title":{"rendered":"Bases de Donn\u00e9es II (Charleroi)"},"content":{"rendered":"<p><span style=\"color: red;\">\u00c0 l&rsquo;examen, les \u00e9tudiants sont autoris\u00e9s \u00e0 apporter une aide-m\u00e9moire. Cette aide est limit\u00e9e \u00e0 UNE SEULE FEUILLE. Le recto et le verso de la feuille peuvent \u00eatre utilis\u00e9s. La feuille peut \u00eatre une copie. La feuille doit \u00eatre rendue \u00e0 la fin de l&rsquo;examen.<\/span><\/p>\n<h1>XML<\/h1>\n<ul>\n<li><a href=\"https:\/\/web.umons.ac.be\/sinf\/activites-denseignement\/xml\/\">XSLT et XQuery<\/a><\/li>\n<\/ul>\n<h1>Data Mining<\/h1>\n<h3>Slides<\/h3>\n<ul>\n<li>\n<div class=\"file-attachment\"><a href=\"https:\/\/web.umons.ac.be\/app\/uploads\/sites\/84\/2024\/09\/dwShortVersion.pdf\">Data warehousing (short version)<\/a><\/div>\n<\/li>\n<li>\n<div class=\"file-attachment\"><a href=\"https:\/\/web.umons.ac.be\/app\/uploads\/sites\/84\/2024\/06\/cla.pdf\" target=\"_blank\" rel=\"noopener\">Classification<\/a><\/div>\n<\/li>\n<li>\n<div class=\"file-attachment\"><a href=\"https:\/\/web.umons.ac.be\/app\/uploads\/sites\/84\/2024\/06\/ass.pdf\" target=\"_blank\" rel=\"noopener\">R\u00e8gles d&rsquo;association<\/a><\/div>\n<\/li>\n<li><a href=\"https:\/\/web.umons.ac.be\/app\/uploads\/sites\/84\/2026\/01\/clu.pdf\">Clustering<\/a><\/li>\n<\/ul>\n<h3>Lecture optionnelle<\/h3>\n<p>Chapitres\u00a0<b>quatre<\/b>,\u00a0<b>six<\/b>\u00a0(\u00e0 l&rsquo;exception des sections 6.7 et 6.8) et\u00a0<b>huit<\/b> du livre \u00ab<a href=\"http:\/\/www-users.cs.umn.edu\/~kumar\/dmbook\/index.php\" target=\"_blank\" rel=\"noopener\">P.-N. Tan, M. Steinbach, and V. Kumar:\u00a0<i>Introduction to Data Mining<\/i><\/a>\u00bb.<\/p>\n<p>La note suivante peut aider \u00e0 la bonne compr\u00e9hension de la section 6.6 :<\/p>\n<ul>\n<li>\n<div class=\"file-attachment\"><a href=\"https:\/\/web.umons.ac.be\/app\/uploads\/sites\/84\/2024\/06\/eclat.pdf\" target=\"_blank\" rel=\"noopener\">A Note on Depth-First Mining of Frequent Itemsets<\/a><\/div>\n<\/li>\n<\/ul>\n<h2>Examens ant\u00e9rieurs et ressources suppl\u00e9mentaires<\/h2>\n<start-cask-shortcode-wrapper>    <div class=\"accordion content-block scheme-fs\">\n                <div class=\"accordion-inner\">\n            <div class=\"accordion-bellow\">\n                <button class=\"accordion-bellow-toggle scheme-background-hover\" data-target=\"#accordion-content-6671a42f0c147\">\n                    <span class=\"icon umons-icon-chevron-down\" aria-hidden=\"true\"><\/span> Examens ant\u00e9rieurs                <\/button>\n            <\/div>\n            <div id=\"accordion-content-6671a42f0c147\" class=\"accordion-content\">\n            \t<div class=\"inner editor-front\">\n            \t\t<start-cask-shortcode-wrapper><ul class=\"media-folder scheme-fs\">\n\t<\/ul><end-cask-shortcode-wrapper>\n            \t<\/div>\n            <\/div>\n        <\/div>\n            <\/div>\n<end-cask-shortcode-wrapper>\n<p>&nbsp;<\/p>\n<start-cask-shortcode-wrapper>    <div class=\"accordion content-block scheme-fs\">\n                <div class=\"accordion-inner\">\n            <div class=\"accordion-bellow\">\n                <button class=\"accordion-bellow-toggle scheme-background-hover\" data-target=\"#accordion-content-66e45cb05e8ea\">\n                    <span class=\"icon umons-icon-chevron-down\" aria-hidden=\"true\"><\/span> Ressources suppl\u00e9mentaires                <\/button>\n            <\/div>\n            <div id=\"accordion-content-66e45cb05e8ea\" class=\"accordion-content\">\n            \t<div class=\"inner editor-front\">\n            \t\t<start-cask-shortcode-wrapper><ul class=\"media-folder scheme-fs\">\n\t<\/ul><end-cask-shortcode-wrapper>\n            \t<\/div>\n            <\/div>\n        <\/div>\n            <\/div>\n<end-cask-shortcode-wrapper>\n","protected":false},"excerpt":{"rendered":"<p>\u00c0 l&rsquo;examen, les \u00e9tudiants sont autoris\u00e9s \u00e0 apporter une aide-m\u00e9moire. Cette aide est limit\u00e9e \u00e0 UNE SEULE FEUILLE. Le recto et le verso de la feuille peuvent \u00eatre utilis\u00e9s. La feuille peut \u00eatre une copie. La feuille doit \u00eatre rendue \u00e0 la fin de l&rsquo;examen. XML XSLT et XQuery Data Mining Slides Data warehousing (short [&hellip;]<\/p>\n","protected":false},"author":2,"featured_media":0,"parent":11,"menu_order":0,"comment_status":"closed","ping_status":"closed","template":"","meta":{"footnotes":""},"class_list":["post-65","page","type-page","status-publish","hentry"],"yoast_head":"<!-- This site is optimized with the Yoast SEO plugin v27.2 - https:\/\/yoast.com\/product\/yoast-seo-wordpress\/ -->\n<title>Bases de Donn\u00e9es II (Charleroi) - Service \/ FS - Syst\u00e8mes d&#039;Information<\/title>\n<meta name=\"robots\" content=\"index, follow, max-snippet:-1, max-image-preview:large, max-video-preview:-1\" \/>\n<link rel=\"canonical\" href=\"https:\/\/web.umons.ac.be\/sinf\/activites-denseignement\/bases-de-donnees-ii-charleroi\/\" \/>\n<meta property=\"og:locale\" content=\"fr_FR\" \/>\n<meta property=\"og:type\" content=\"article\" \/>\n<meta property=\"og:title\" content=\"Bases de Donn\u00e9es II (Charleroi) - Service \/ FS - Syst\u00e8mes d&#039;Information\" \/>\n<meta property=\"og:description\" content=\"\u00c0 l&rsquo;examen, les \u00e9tudiants sont autoris\u00e9s \u00e0 apporter une aide-m\u00e9moire. Cette aide est limit\u00e9e \u00e0 UNE SEULE FEUILLE. Le recto et le verso de la feuille peuvent \u00eatre utilis\u00e9s. La feuille peut \u00eatre une copie. La feuille doit \u00eatre rendue \u00e0 la fin de l&rsquo;examen. XML XSLT et XQuery Data Mining Slides Data warehousing (short [&hellip;]\" \/>\n<meta property=\"og:url\" content=\"https:\/\/web.umons.ac.be\/sinf\/activites-denseignement\/bases-de-donnees-ii-charleroi\/\" \/>\n<meta property=\"og:site_name\" content=\"Service \/ FS - Syst\u00e8mes d&#039;Information\" \/>\n<meta property=\"article:modified_time\" content=\"2026-01-09T12:24:10+00:00\" \/>\n<meta name=\"twitter:card\" content=\"summary_large_image\" \/>\n<meta name=\"twitter:label1\" content=\"Dur\u00e9e de lecture estim\u00e9e\" \/>\n\t<meta name=\"twitter:data1\" content=\"1 minute\" \/>\n<script type=\"application\/ld+json\" class=\"yoast-schema-graph\">{\"@context\":\"https:\/\/schema.org\",\"@graph\":[{\"@type\":\"WebPage\",\"@id\":\"https:\/\/web.umons.ac.be\/sinf\/activites-denseignement\/bases-de-donnees-ii-charleroi\/\",\"url\":\"https:\/\/web.umons.ac.be\/sinf\/activites-denseignement\/bases-de-donnees-ii-charleroi\/\",\"name\":\"Bases de Donn\u00e9es II (Charleroi) - Service \/ FS - Syst\u00e8mes d'Information\",\"isPartOf\":{\"@id\":\"https:\/\/web.umons.ac.be\/sinf\/#website\"},\"datePublished\":\"2024-06-14T09:18:35+00:00\",\"dateModified\":\"2026-01-09T12:24:10+00:00\",\"breadcrumb\":{\"@id\":\"https:\/\/web.umons.ac.be\/sinf\/activites-denseignement\/bases-de-donnees-ii-charleroi\/#breadcrumb\"},\"inLanguage\":\"fr-FR\",\"potentialAction\":[{\"@type\":\"ReadAction\",\"target\":[\"https:\/\/web.umons.ac.be\/sinf\/activites-denseignement\/bases-de-donnees-ii-charleroi\/\"]}]},{\"@type\":\"BreadcrumbList\",\"@id\":\"https:\/\/web.umons.ac.be\/sinf\/activites-denseignement\/bases-de-donnees-ii-charleroi\/#breadcrumb\",\"itemListElement\":[{\"@type\":\"ListItem\",\"position\":1,\"name\":\"Home\",\"item\":\"https:\/\/web.umons.ac.be\/sinf\/\"},{\"@type\":\"ListItem\",\"position\":2,\"name\":\"Activit\u00e9s d&rsquo;enseignement\",\"item\":\"https:\/\/web.umons.ac.be\/sinf\/activites-denseignement\/\"},{\"@type\":\"ListItem\",\"position\":3,\"name\":\"Bases de Donn\u00e9es II (Charleroi)\"}]},{\"@type\":\"WebSite\",\"@id\":\"https:\/\/web.umons.ac.be\/sinf\/#website\",\"url\":\"https:\/\/web.umons.ac.be\/sinf\/\",\"name\":\"Service \/ FS - Syst\u00e8mes d'Information\",\"description\":\"\",\"potentialAction\":[{\"@type\":\"SearchAction\",\"target\":{\"@type\":\"EntryPoint\",\"urlTemplate\":\"https:\/\/web.umons.ac.be\/sinf\/?s={search_term_string}\"},\"query-input\":{\"@type\":\"PropertyValueSpecification\",\"valueRequired\":true,\"valueName\":\"search_term_string\"}}],\"inLanguage\":\"fr-FR\"}]}<\/script>\n<!-- \/ Yoast SEO plugin. -->","yoast_head_json":{"title":"Bases de Donn\u00e9es II (Charleroi) - Service \/ FS - Syst\u00e8mes d'Information","robots":{"index":"index","follow":"follow","max-snippet":"max-snippet:-1","max-image-preview":"max-image-preview:large","max-video-preview":"max-video-preview:-1"},"canonical":"https:\/\/web.umons.ac.be\/sinf\/activites-denseignement\/bases-de-donnees-ii-charleroi\/","og_locale":"fr_FR","og_type":"article","og_title":"Bases de Donn\u00e9es II (Charleroi) - Service \/ FS - Syst\u00e8mes d'Information","og_description":"\u00c0 l&rsquo;examen, les \u00e9tudiants sont autoris\u00e9s \u00e0 apporter une aide-m\u00e9moire. Cette aide est limit\u00e9e \u00e0 UNE SEULE FEUILLE. Le recto et le verso de la feuille peuvent \u00eatre utilis\u00e9s. La feuille peut \u00eatre une copie. La feuille doit \u00eatre rendue \u00e0 la fin de l&rsquo;examen. XML XSLT et XQuery Data Mining Slides Data warehousing (short [&hellip;]","og_url":"https:\/\/web.umons.ac.be\/sinf\/activites-denseignement\/bases-de-donnees-ii-charleroi\/","og_site_name":"Service \/ FS - Syst\u00e8mes d'Information","article_modified_time":"2026-01-09T12:24:10+00:00","twitter_card":"summary_large_image","twitter_misc":{"Dur\u00e9e de lecture estim\u00e9e":"1 minute"},"schema":{"@context":"https:\/\/schema.org","@graph":[{"@type":"WebPage","@id":"https:\/\/web.umons.ac.be\/sinf\/activites-denseignement\/bases-de-donnees-ii-charleroi\/","url":"https:\/\/web.umons.ac.be\/sinf\/activites-denseignement\/bases-de-donnees-ii-charleroi\/","name":"Bases de Donn\u00e9es II (Charleroi) - Service \/ FS - Syst\u00e8mes d'Information","isPartOf":{"@id":"https:\/\/web.umons.ac.be\/sinf\/#website"},"datePublished":"2024-06-14T09:18:35+00:00","dateModified":"2026-01-09T12:24:10+00:00","breadcrumb":{"@id":"https:\/\/web.umons.ac.be\/sinf\/activites-denseignement\/bases-de-donnees-ii-charleroi\/#breadcrumb"},"inLanguage":"fr-FR","potentialAction":[{"@type":"ReadAction","target":["https:\/\/web.umons.ac.be\/sinf\/activites-denseignement\/bases-de-donnees-ii-charleroi\/"]}]},{"@type":"BreadcrumbList","@id":"https:\/\/web.umons.ac.be\/sinf\/activites-denseignement\/bases-de-donnees-ii-charleroi\/#breadcrumb","itemListElement":[{"@type":"ListItem","position":1,"name":"Home","item":"https:\/\/web.umons.ac.be\/sinf\/"},{"@type":"ListItem","position":2,"name":"Activit\u00e9s d&rsquo;enseignement","item":"https:\/\/web.umons.ac.be\/sinf\/activites-denseignement\/"},{"@type":"ListItem","position":3,"name":"Bases de Donn\u00e9es II (Charleroi)"}]},{"@type":"WebSite","@id":"https:\/\/web.umons.ac.be\/sinf\/#website","url":"https:\/\/web.umons.ac.be\/sinf\/","name":"Service \/ FS - Syst\u00e8mes d'Information","description":"","potentialAction":[{"@type":"SearchAction","target":{"@type":"EntryPoint","urlTemplate":"https:\/\/web.umons.ac.be\/sinf\/?s={search_term_string}"},"query-input":{"@type":"PropertyValueSpecification","valueRequired":true,"valueName":"search_term_string"}}],"inLanguage":"fr-FR"}]}},"lang":"fr","translations":{"fr":65},"pll_sync_post":[],"_links":{"self":[{"href":"https:\/\/web.umons.ac.be\/sinf\/wp-json\/wp\/v2\/pages\/65","targetHints":{"allow":["GET"]}}],"collection":[{"href":"https:\/\/web.umons.ac.be\/sinf\/wp-json\/wp\/v2\/pages"}],"about":[{"href":"https:\/\/web.umons.ac.be\/sinf\/wp-json\/wp\/v2\/types\/page"}],"author":[{"embeddable":true,"href":"https:\/\/web.umons.ac.be\/sinf\/wp-json\/wp\/v2\/users\/2"}],"replies":[{"embeddable":true,"href":"https:\/\/web.umons.ac.be\/sinf\/wp-json\/wp\/v2\/comments?post=65"}],"version-history":[{"count":3,"href":"https:\/\/web.umons.ac.be\/sinf\/wp-json\/wp\/v2\/pages\/65\/revisions"}],"predecessor-version":[{"id":409,"href":"https:\/\/web.umons.ac.be\/sinf\/wp-json\/wp\/v2\/pages\/65\/revisions\/409"}],"up":[{"embeddable":true,"href":"https:\/\/web.umons.ac.be\/sinf\/wp-json\/wp\/v2\/pages\/11"}],"wp:attachment":[{"href":"https:\/\/web.umons.ac.be\/sinf\/wp-json\/wp\/v2\/media?parent=65"}],"curies":[{"name":"wp","href":"https:\/\/api.w.org\/{rel}","templated":true}]}}