{"id":13,"date":"2021-11-08T13:51:55","date_gmt":"2021-11-08T12:51:55","guid":{"rendered":"https:\/\/web.umons.ac.be\/sith\/teaching-activities\/"},"modified":"2025-12-03T12:08:37","modified_gmt":"2025-12-03T11:08:37","slug":"teaching-activities","status":"publish","type":"page","link":"https:\/\/web.umons.ac.be\/sith\/en\/teaching-activities\/","title":{"rendered":"Teaching"},"content":{"rendered":"<div class=\"page-single-content\">\n<div class=\"primary editor-front scheme-fs\">\n<p>The Theoretical computer science Lab participates in several courses in <span class=\"Y2IQFc\" lang=\"en\">Bachelor&rsquo;s and Master&rsquo;s degrees in computer science at UMONS in Mons and Charleroi. For a full list of courses, you can consult the French version of this page.<\/span><\/p>\n<\/div>\n<\/div>\n","protected":false},"excerpt":{"rendered":"<p>The Theoretical computer science Lab participates in several courses in Bachelor&rsquo;s and Master&rsquo;s degrees in computer science at UMONS in Mons and Charleroi. For a full list of courses, you can consult the French version of this page.<\/p>\n","protected":false},"author":4,"featured_media":0,"parent":0,"menu_order":0,"comment_status":"closed","ping_status":"closed","template":"","meta":{"footnotes":""},"class_list":["post-13","page","type-page","status-publish","hentry"],"yoast_head":"<!-- This site is optimized with the Yoast SEO plugin v27.2 - https:\/\/yoast.com\/product\/yoast-seo-wordpress\/ -->\n<title>Teaching - Service \/ FS - Informatique th\u00e9orique<\/title>\n<meta name=\"robots\" content=\"index, follow, max-snippet:-1, max-image-preview:large, max-video-preview:-1\" \/>\n<link rel=\"canonical\" href=\"https:\/\/web.umons.ac.be\/sith\/en\/teaching-activities\/\" \/>\n<meta property=\"og:locale\" content=\"fr_FR\" \/>\n<meta property=\"og:type\" content=\"article\" \/>\n<meta property=\"og:title\" content=\"Teaching - Service \/ FS - Informatique th\u00e9orique\" \/>\n<meta property=\"og:description\" content=\"The Theoretical computer science Lab participates in several courses in Bachelor&rsquo;s and Master&rsquo;s degrees in computer science at UMONS in Mons and Charleroi. For a full list of courses, you can consult the French version of this page.\" \/>\n<meta property=\"og:url\" content=\"https:\/\/web.umons.ac.be\/sith\/en\/teaching-activities\/\" \/>\n<meta property=\"og:site_name\" content=\"Service \/ FS - Informatique th\u00e9orique\" \/>\n<meta property=\"article:modified_time\" content=\"2025-12-03T11:08:37+00:00\" \/>\n<meta name=\"twitter:card\" content=\"summary_large_image\" \/>\n<meta name=\"twitter:label1\" content=\"Dur\u00e9e de lecture estim\u00e9e\" \/>\n\t<meta name=\"twitter:data1\" content=\"1 minute\" \/>\n<script type=\"application\/ld+json\" class=\"yoast-schema-graph\">{\"@context\":\"https:\/\/schema.org\",\"@graph\":[{\"@type\":\"WebPage\",\"@id\":\"https:\/\/web.umons.ac.be\/sith\/en\/teaching-activities\/\",\"url\":\"https:\/\/web.umons.ac.be\/sith\/en\/teaching-activities\/\",\"name\":\"Teaching - Service \/ FS - Informatique th\u00e9orique\",\"isPartOf\":{\"@id\":\"https:\/\/web.umons.ac.be\/sith\/#website\"},\"datePublished\":\"2021-11-08T12:51:55+00:00\",\"dateModified\":\"2025-12-03T11:08:37+00:00\",\"breadcrumb\":{\"@id\":\"https:\/\/web.umons.ac.be\/sith\/en\/teaching-activities\/#breadcrumb\"},\"inLanguage\":\"fr-FR\",\"potentialAction\":[{\"@type\":\"ReadAction\",\"target\":[\"https:\/\/web.umons.ac.be\/sith\/en\/teaching-activities\/\"]}]},{\"@type\":\"BreadcrumbList\",\"@id\":\"https:\/\/web.umons.ac.be\/sith\/en\/teaching-activities\/#breadcrumb\",\"itemListElement\":[{\"@type\":\"ListItem\",\"position\":1,\"name\":\"Home\",\"item\":\"https:\/\/web.umons.ac.be\/sith\/\"},{\"@type\":\"ListItem\",\"position\":2,\"name\":\"Teaching\"}]},{\"@type\":\"WebSite\",\"@id\":\"https:\/\/web.umons.ac.be\/sith\/#website\",\"url\":\"https:\/\/web.umons.ac.be\/sith\/\",\"name\":\"Service \/ FS - Informatique th\u00e9orique\",\"description\":\"\",\"potentialAction\":[{\"@type\":\"SearchAction\",\"target\":{\"@type\":\"EntryPoint\",\"urlTemplate\":\"https:\/\/web.umons.ac.be\/sith\/?s={search_term_string}\"},\"query-input\":{\"@type\":\"PropertyValueSpecification\",\"valueRequired\":true,\"valueName\":\"search_term_string\"}}],\"inLanguage\":\"fr-FR\"}]}<\/script>\n<!-- \/ Yoast SEO plugin. -->","yoast_head_json":{"title":"Teaching - Service \/ FS - Informatique th\u00e9orique","robots":{"index":"index","follow":"follow","max-snippet":"max-snippet:-1","max-image-preview":"max-image-preview:large","max-video-preview":"max-video-preview:-1"},"canonical":"https:\/\/web.umons.ac.be\/sith\/en\/teaching-activities\/","og_locale":"fr_FR","og_type":"article","og_title":"Teaching - Service \/ FS - Informatique th\u00e9orique","og_description":"The Theoretical computer science Lab participates in several courses in Bachelor&rsquo;s and Master&rsquo;s degrees in computer science at UMONS in Mons and Charleroi. For a full list of courses, you can consult the French version of this page.","og_url":"https:\/\/web.umons.ac.be\/sith\/en\/teaching-activities\/","og_site_name":"Service \/ FS - Informatique th\u00e9orique","article_modified_time":"2025-12-03T11:08:37+00:00","twitter_card":"summary_large_image","twitter_misc":{"Dur\u00e9e de lecture estim\u00e9e":"1 minute"},"schema":{"@context":"https:\/\/schema.org","@graph":[{"@type":"WebPage","@id":"https:\/\/web.umons.ac.be\/sith\/en\/teaching-activities\/","url":"https:\/\/web.umons.ac.be\/sith\/en\/teaching-activities\/","name":"Teaching - Service \/ FS - Informatique th\u00e9orique","isPartOf":{"@id":"https:\/\/web.umons.ac.be\/sith\/#website"},"datePublished":"2021-11-08T12:51:55+00:00","dateModified":"2025-12-03T11:08:37+00:00","breadcrumb":{"@id":"https:\/\/web.umons.ac.be\/sith\/en\/teaching-activities\/#breadcrumb"},"inLanguage":"fr-FR","potentialAction":[{"@type":"ReadAction","target":["https:\/\/web.umons.ac.be\/sith\/en\/teaching-activities\/"]}]},{"@type":"BreadcrumbList","@id":"https:\/\/web.umons.ac.be\/sith\/en\/teaching-activities\/#breadcrumb","itemListElement":[{"@type":"ListItem","position":1,"name":"Home","item":"https:\/\/web.umons.ac.be\/sith\/"},{"@type":"ListItem","position":2,"name":"Teaching"}]},{"@type":"WebSite","@id":"https:\/\/web.umons.ac.be\/sith\/#website","url":"https:\/\/web.umons.ac.be\/sith\/","name":"Service \/ FS - Informatique th\u00e9orique","description":"","potentialAction":[{"@type":"SearchAction","target":{"@type":"EntryPoint","urlTemplate":"https:\/\/web.umons.ac.be\/sith\/?s={search_term_string}"},"query-input":{"@type":"PropertyValueSpecification","valueRequired":true,"valueName":"search_term_string"}}],"inLanguage":"fr-FR"}]}},"lang":"en","translations":{"en":13},"pll_sync_post":[],"_links":{"self":[{"href":"https:\/\/web.umons.ac.be\/sith\/wp-json\/wp\/v2\/pages\/13","targetHints":{"allow":["GET"]}}],"collection":[{"href":"https:\/\/web.umons.ac.be\/sith\/wp-json\/wp\/v2\/pages"}],"about":[{"href":"https:\/\/web.umons.ac.be\/sith\/wp-json\/wp\/v2\/types\/page"}],"author":[{"embeddable":true,"href":"https:\/\/web.umons.ac.be\/sith\/wp-json\/wp\/v2\/users\/4"}],"replies":[{"embeddable":true,"href":"https:\/\/web.umons.ac.be\/sith\/wp-json\/wp\/v2\/comments?post=13"}],"version-history":[{"count":3,"href":"https:\/\/web.umons.ac.be\/sith\/wp-json\/wp\/v2\/pages\/13\/revisions"}],"predecessor-version":[{"id":147,"href":"https:\/\/web.umons.ac.be\/sith\/wp-json\/wp\/v2\/pages\/13\/revisions\/147"}],"wp:attachment":[{"href":"https:\/\/web.umons.ac.be\/sith\/wp-json\/wp\/v2\/media?parent=13"}],"curies":[{"name":"wp","href":"https:\/\/api.w.org\/{rel}","templated":true}]}}