{"id":15,"date":"2021-11-24T12:44:00","date_gmt":"2021-11-24T11:44:00","guid":{"rendered":"https:\/\/web.umons.ac.be\/smpc\/activites-de-recherche\/"},"modified":"2021-11-24T13:57:20","modified_gmt":"2021-11-24T12:57:20","slug":"activites-de-recherche","status":"publish","type":"page","link":"https:\/\/web.umons.ac.be\/smpc\/activites-de-recherche\/","title":{"rendered":"Activit\u00e9s de recherche"},"content":{"rendered":"<p>Les activit\u00e9s de recherche de notre service se concentrent autour des domaines suivants :<\/p>\n<ul>\n<li>Ing\u00e9nierie macromol\u00e9culaire et implication dans le domaine de l\u2019\u00e9nergie<\/li>\n<li>Synth\u00e8ses contr\u00f4l\u00e9es des polym\u00e8res visant leurs applications (bio)m\u00e9dicales<\/li>\n<li>M\u00e9langes polym\u00e8res et (nano)composites \u00e0 interfaces compatibilis\u00e9es<\/li>\n<li>Production de biopolym\u00e8res par mise en \u0153uvre (extrusion) r\u00e9active<\/li>\n<\/ul>\n<hr \/>\n<p>Notre service est, par ailleurs rattach\u00e9 \u00e0 plusieurs instituts de recherche de l&rsquo;UMONS :<\/p>\n<start-cask-shortcode-wrapper>\t\t<div class=\"associated-institutes content-block scheme-fs\">\n\t\t\t<ul class=\"institutes-list\">\n\t\t\t\t\t\t\t\t\t\t<li>\n\t\t\t\t\t\t\t<a href=\"https:\/\/web.umons.ac.be\/biosciences\" title=\"Acc\u00e9der au site web de : Institut \/ Biosciences\" class=\"associated-institute\">\n\t\t\t\t\t\t\t\t<img loading=\"lazy\" decoding=\"async\" width=\"1\" height=\"1\" src=\"https:\/\/web.umons.ac.be\/app\/uploads\/sites\/30\/2017\/11\/biosciences_logo_fr.svg\" class=\"attachment-thumbnail size-thumbnail\" alt=\"\" \/>\t\t\t\t\t\t\t<\/a>\t\t\t\n\t\t\t\t\t\t<\/li>\n\t\t\t\t\t\t\t\t\t\t<li>\n\t\t\t\t\t\t\t<a href=\"https:\/\/web.umons.ac.be\/materiaux\" title=\"Acc\u00e9der au site web de : Institut \/ Mat\u00e9riaux\" class=\"associated-institute\">\n\t\t\t\t\t\t\t\t<img loading=\"lazy\" decoding=\"async\" width=\"1\" height=\"1\" src=\"https:\/\/web.umons.ac.be\/app\/uploads\/sites\/38\/2017\/12\/materiaux_logo_fr.svg\" class=\"attachment-thumbnail size-thumbnail\" alt=\"\" \/>\t\t\t\t\t\t\t<\/a>\t\t\t\n\t\t\t\t\t\t<\/li>\n\t\t\t\t\t\t\t\t\t\t<li>\n\t\t\t\t\t\t\t<a href=\"https:\/\/web.umons.ac.be\/sante\" title=\"Acc\u00e9der au site web de : Institut \/ Sant\u00e9\" class=\"associated-institute\">\n\t\t\t\t\t\t\t\t<img loading=\"lazy\" decoding=\"async\" width=\"1\" height=\"1\" src=\"https:\/\/web.umons.ac.be\/app\/uploads\/sites\/35\/2021\/03\/sante_logo_fr.svg\" class=\"attachment-thumbnail size-thumbnail\" alt=\"\" \/>\t\t\t\t\t\t\t<\/a>\t\t\t\n\t\t\t\t\t\t<\/li>\n\t\t\t\t\t\t\t<\/ul>\n\t\t<\/div>\n <end-cask-shortcode-wrapper>\n","protected":false},"excerpt":{"rendered":"<p>Les activit\u00e9s de recherche de notre service se concentrent autour des domaines suivants : Ing\u00e9nierie macromol\u00e9culaire et implication dans le domaine de l\u2019\u00e9nergie Synth\u00e8ses contr\u00f4l\u00e9es des polym\u00e8res visant leurs applications (bio)m\u00e9dicales M\u00e9langes polym\u00e8res et (nano)composites \u00e0 interfaces compatibilis\u00e9es Production de biopolym\u00e8res par mise en \u0153uvre (extrusion) r\u00e9active Notre service est, par ailleurs rattach\u00e9 \u00e0 plusieurs [&hellip;]<\/p>\n","protected":false},"author":4,"featured_media":0,"parent":0,"menu_order":0,"comment_status":"closed","ping_status":"closed","template":"","meta":{"footnotes":""},"class_list":["post-15","page","type-page","status-publish","hentry"],"yoast_head":"<!-- This site is optimized with the Yoast SEO plugin v27.2 - https:\/\/yoast.com\/product\/yoast-seo-wordpress\/ -->\n<title>Activit\u00e9s de recherche - Service \/ FS - Mat\u00e9riaux Polym\u00e8res et Composites<\/title>\n<meta name=\"robots\" content=\"index, follow, max-snippet:-1, max-image-preview:large, max-video-preview:-1\" \/>\n<link rel=\"canonical\" href=\"https:\/\/web.umons.ac.be\/smpc\/activites-de-recherche\/\" \/>\n<meta property=\"og:locale\" content=\"fr_FR\" \/>\n<meta property=\"og:type\" content=\"article\" \/>\n<meta property=\"og:title\" content=\"Activit\u00e9s de recherche - Service \/ FS - Mat\u00e9riaux Polym\u00e8res et Composites\" \/>\n<meta property=\"og:description\" content=\"Les activit\u00e9s de recherche de notre service se concentrent autour des domaines suivants : Ing\u00e9nierie macromol\u00e9culaire et implication dans le domaine de l\u2019\u00e9nergie Synth\u00e8ses contr\u00f4l\u00e9es des polym\u00e8res visant leurs applications (bio)m\u00e9dicales M\u00e9langes polym\u00e8res et (nano)composites \u00e0 interfaces compatibilis\u00e9es Production de biopolym\u00e8res par mise en \u0153uvre (extrusion) r\u00e9active Notre service est, par ailleurs rattach\u00e9 \u00e0 plusieurs [&hellip;]\" \/>\n<meta property=\"og:url\" content=\"https:\/\/web.umons.ac.be\/smpc\/activites-de-recherche\/\" \/>\n<meta property=\"og:site_name\" content=\"Service \/ FS - Mat\u00e9riaux Polym\u00e8res et Composites\" \/>\n<meta property=\"article:modified_time\" content=\"2021-11-24T12:57:20+00:00\" \/>\n<meta name=\"twitter:card\" content=\"summary_large_image\" \/>\n<meta name=\"twitter:label1\" content=\"Dur\u00e9e de lecture estim\u00e9e\" \/>\n\t<meta name=\"twitter:data1\" content=\"1 minute\" \/>\n<script type=\"application\/ld+json\" class=\"yoast-schema-graph\">{\"@context\":\"https:\/\/schema.org\",\"@graph\":[{\"@type\":\"WebPage\",\"@id\":\"https:\/\/web.umons.ac.be\/smpc\/activites-de-recherche\/\",\"url\":\"https:\/\/web.umons.ac.be\/smpc\/activites-de-recherche\/\",\"name\":\"Activit\u00e9s de recherche - Service \/ FS - Mat\u00e9riaux Polym\u00e8res et Composites\",\"isPartOf\":{\"@id\":\"https:\/\/web.umons.ac.be\/smpc\/#website\"},\"datePublished\":\"2021-11-24T11:44:00+00:00\",\"dateModified\":\"2021-11-24T12:57:20+00:00\",\"breadcrumb\":{\"@id\":\"https:\/\/web.umons.ac.be\/smpc\/activites-de-recherche\/#breadcrumb\"},\"inLanguage\":\"fr-FR\",\"potentialAction\":[{\"@type\":\"ReadAction\",\"target\":[\"https:\/\/web.umons.ac.be\/smpc\/activites-de-recherche\/\"]}]},{\"@type\":\"BreadcrumbList\",\"@id\":\"https:\/\/web.umons.ac.be\/smpc\/activites-de-recherche\/#breadcrumb\",\"itemListElement\":[{\"@type\":\"ListItem\",\"position\":1,\"name\":\"Home\",\"item\":\"https:\/\/web.umons.ac.be\/smpc\/\"},{\"@type\":\"ListItem\",\"position\":2,\"name\":\"Activit\u00e9s de recherche\"}]},{\"@type\":\"WebSite\",\"@id\":\"https:\/\/web.umons.ac.be\/smpc\/#website\",\"url\":\"https:\/\/web.umons.ac.be\/smpc\/\",\"name\":\"Service \/ FS - Mat\u00e9riaux Polym\u00e8res et Composites\",\"description\":\"\",\"potentialAction\":[{\"@type\":\"SearchAction\",\"target\":{\"@type\":\"EntryPoint\",\"urlTemplate\":\"https:\/\/web.umons.ac.be\/smpc\/?s={search_term_string}\"},\"query-input\":{\"@type\":\"PropertyValueSpecification\",\"valueRequired\":true,\"valueName\":\"search_term_string\"}}],\"inLanguage\":\"fr-FR\"}]}<\/script>\n<!-- \/ Yoast SEO plugin. -->","yoast_head_json":{"title":"Activit\u00e9s de recherche - Service \/ FS - Mat\u00e9riaux Polym\u00e8res et Composites","robots":{"index":"index","follow":"follow","max-snippet":"max-snippet:-1","max-image-preview":"max-image-preview:large","max-video-preview":"max-video-preview:-1"},"canonical":"https:\/\/web.umons.ac.be\/smpc\/activites-de-recherche\/","og_locale":"fr_FR","og_type":"article","og_title":"Activit\u00e9s de recherche - Service \/ FS - Mat\u00e9riaux Polym\u00e8res et Composites","og_description":"Les activit\u00e9s de recherche de notre service se concentrent autour des domaines suivants : Ing\u00e9nierie macromol\u00e9culaire et implication dans le domaine de l\u2019\u00e9nergie Synth\u00e8ses contr\u00f4l\u00e9es des polym\u00e8res visant leurs applications (bio)m\u00e9dicales M\u00e9langes polym\u00e8res et (nano)composites \u00e0 interfaces compatibilis\u00e9es Production de biopolym\u00e8res par mise en \u0153uvre (extrusion) r\u00e9active Notre service est, par ailleurs rattach\u00e9 \u00e0 plusieurs [&hellip;]","og_url":"https:\/\/web.umons.ac.be\/smpc\/activites-de-recherche\/","og_site_name":"Service \/ FS - Mat\u00e9riaux Polym\u00e8res et Composites","article_modified_time":"2021-11-24T12:57:20+00:00","twitter_card":"summary_large_image","twitter_misc":{"Dur\u00e9e de lecture estim\u00e9e":"1 minute"},"schema":{"@context":"https:\/\/schema.org","@graph":[{"@type":"WebPage","@id":"https:\/\/web.umons.ac.be\/smpc\/activites-de-recherche\/","url":"https:\/\/web.umons.ac.be\/smpc\/activites-de-recherche\/","name":"Activit\u00e9s de recherche - Service \/ FS - Mat\u00e9riaux Polym\u00e8res et Composites","isPartOf":{"@id":"https:\/\/web.umons.ac.be\/smpc\/#website"},"datePublished":"2021-11-24T11:44:00+00:00","dateModified":"2021-11-24T12:57:20+00:00","breadcrumb":{"@id":"https:\/\/web.umons.ac.be\/smpc\/activites-de-recherche\/#breadcrumb"},"inLanguage":"fr-FR","potentialAction":[{"@type":"ReadAction","target":["https:\/\/web.umons.ac.be\/smpc\/activites-de-recherche\/"]}]},{"@type":"BreadcrumbList","@id":"https:\/\/web.umons.ac.be\/smpc\/activites-de-recherche\/#breadcrumb","itemListElement":[{"@type":"ListItem","position":1,"name":"Home","item":"https:\/\/web.umons.ac.be\/smpc\/"},{"@type":"ListItem","position":2,"name":"Activit\u00e9s de recherche"}]},{"@type":"WebSite","@id":"https:\/\/web.umons.ac.be\/smpc\/#website","url":"https:\/\/web.umons.ac.be\/smpc\/","name":"Service \/ FS - Mat\u00e9riaux Polym\u00e8res et Composites","description":"","potentialAction":[{"@type":"SearchAction","target":{"@type":"EntryPoint","urlTemplate":"https:\/\/web.umons.ac.be\/smpc\/?s={search_term_string}"},"query-input":{"@type":"PropertyValueSpecification","valueRequired":true,"valueName":"search_term_string"}}],"inLanguage":"fr-FR"}]}},"lang":"fr","translations":{"fr":15,"en":17},"pll_sync_post":[],"_links":{"self":[{"href":"https:\/\/web.umons.ac.be\/smpc\/wp-json\/wp\/v2\/pages\/15","targetHints":{"allow":["GET"]}}],"collection":[{"href":"https:\/\/web.umons.ac.be\/smpc\/wp-json\/wp\/v2\/pages"}],"about":[{"href":"https:\/\/web.umons.ac.be\/smpc\/wp-json\/wp\/v2\/types\/page"}],"author":[{"embeddable":true,"href":"https:\/\/web.umons.ac.be\/smpc\/wp-json\/wp\/v2\/users\/4"}],"replies":[{"embeddable":true,"href":"https:\/\/web.umons.ac.be\/smpc\/wp-json\/wp\/v2\/comments?post=15"}],"version-history":[{"count":2,"href":"https:\/\/web.umons.ac.be\/smpc\/wp-json\/wp\/v2\/pages\/15\/revisions"}],"predecessor-version":[{"id":52,"href":"https:\/\/web.umons.ac.be\/smpc\/wp-json\/wp\/v2\/pages\/15\/revisions\/52"}],"wp:attachment":[{"href":"https:\/\/web.umons.ac.be\/smpc\/wp-json\/wp\/v2\/media?parent=15"}],"curies":[{"name":"wp","href":"https:\/\/api.w.org\/{rel}","templated":true}]}}