{"id":15,"date":"2021-11-09T09:00:08","date_gmt":"2021-11-09T08:00:08","guid":{"rendered":"https:\/\/web.umons.ac.be\/smsl\/activites-de-recherche\/"},"modified":"2022-04-05T16:37:58","modified_gmt":"2022-04-05T14:37:58","slug":"activites-de-recherche","status":"publish","type":"page","link":"https:\/\/web.umons.ac.be\/smsl\/activites-de-recherche\/","title":{"rendered":"Activit\u00e9s de recherche"},"content":{"rendered":"<p>La position \u00e9pist\u00e9mologique dominante du Service est de type empirique, dans la mesure o\u00f9 les objets d\u2019\u00e9tude s\u2019ancrent dans des comportements langagiers observables. Elle se concr\u00e9tise tant dans des d\u00e9marches de type observationnel (o\u00f9 les ph\u00e9nom\u00e8nes \u00e0 l\u2019\u00e9tude sont recueillis dans le cadre d\u2019\u00e9changes communicationnels \u00e9cologiques) que dans des actions \u00e0 caract\u00e8re exp\u00e9rimental (dans le cadre de situations construites en vue de susciter l\u2019apparition des ph\u00e9nom\u00e8nes cibl\u00e9s et ce, dans une dynamique de pens\u00e9e de nature hypoth\u00e9tico-d\u00e9ductive).<\/p>\n<p>Les observations sont recueillies par le truchement d\u2019une instrumentation assurant, \u00e0 tout le moins, le stockage des ph\u00e9nom\u00e8nes observ\u00e9s (captation, num\u00e9risation, \u00e9tiquetage) et, le cas \u00e9ch\u00e9ant, leur analyse objectiv\u00e9e (techniques spectrales, spectrographiques, contours de dur\u00e9e, d\u2019intensit\u00e9, etc.).<\/p>\n<p>La focalisation sur l\u2019oral et le recours \u00e0 une instrumentation de nature acoustique rend ais\u00e9e l\u2019exploitation des donn\u00e9es recueillies du point de vue phon\u00e9tique-phonologique. Cependant, la centration du Service MSL sur le versant oral du langage ne doit pas \u00eatre confondue avec le d\u00e9veloppement d\u2019un regard exclusivement centr\u00e9 sur les aspects phoniques des productions. L\u2019int\u00e9r\u00eat de l\u2019\u00e9quipe s\u2019\u00e9tend \u00e0 toutes les sp\u00e9cificit\u00e9s de l\u2019oral, quelle qu\u2019en soit la nature (phonique certes, mais \u00e9galement relevant de niveaux plus \u00e9lev\u00e9s des m\u00e9canismes de production du langage) ; ses questionnements l\u2019orientent vers les aspects fondamentaux de la recherche cognitive, plus sp\u00e9cifiquement dans ses dimensions psycholinguistiques. La dynamique scientifique en filigrane de ces recherches tend plus \u00e0 la compr\u00e9hension du traitement du langage par le cerveau-esprit humain qu\u2019\u00e0 la simple description des ph\u00e9nom\u00e8nes produits par les usagers des syst\u00e8mes linguistiques.<\/p>\n<p>La plupart des recherches du Service interrogent, dans le cadre sp\u00e9cifique des sciences de la parole, la dichotomie classique variance-invariance (variabilit\u00e9, variation, variantes, etc.). Elle couvre ici les divers types de variabilit\u00e9 qui caract\u00e9risent les productions orales de sujets en situation de communication, que ces variabilit\u00e9s soient individuelles ou sociales, volontaires ou involontaires, conscientes ou inconscientes, normales ou pathologiques, \u2026 et qu\u2019elles m\u00e8nent \u00e0 des changements transitoires ou durables. Les questions de recherche peuvent ainsi toucher la description et la mesure de l\u2019ampleur de la variabilit\u00e9, les facteurs explicatifs de la variabilit\u00e9, les m\u00e9canismes structurels de la variabilit\u00e9, les \u00e9l\u00e9ments des syst\u00e8mes susceptibles d\u2019\u00eatre plus ou moins r\u00e9sistants \u00e0 la variabilit\u00e9, etc.<\/p>\n<p>Ces questions peuvent relever de chacun des niveaux par lesquels le langage peut \u00eatre appr\u00e9hend\u00e9 dans ses aspects de production orale (prosodie, timbre vocalique et consonantique, dur\u00e9e,\u00a0 ph\u00e9nom\u00e8nes de r\u00e9duction, etc.).<\/p>\n<hr \/>\n<p>Notre service est par ailleurs membre de deux Instituts de recherche de l\u2019UMONS :<\/p>\n<start-cask-shortcode-wrapper>\t\t<div class=\"associated-institutes content-block scheme-fpse\">\n\t\t\t<ul class=\"institutes-list\">\n\t\t\t\t\t\t\t\t\t\t<li>\n\t\t\t\t\t\t\t<a href=\"https:\/\/web.umons.ac.be\/langage\" title=\"Acc\u00e9der au site web de : Institut \/ Langage\" class=\"associated-institute\">\n\t\t\t\t\t\t\t\t<img loading=\"lazy\" decoding=\"async\" width=\"1\" height=\"1\" src=\"https:\/\/web.umons.ac.be\/app\/uploads\/sites\/39\/2017\/12\/langage_logo_fr.svg\" class=\"attachment-thumbnail size-thumbnail\" alt=\"\" \/>\t\t\t\t\t\t\t<\/a>\t\t\t\n\t\t\t\t\t\t<\/li>\n\t\t\t\t\t\t\t\t\t\t<li>\n\t\t\t\t\t\t\t<a href=\"https:\/\/web.umons.ac.be\/sante\" title=\"Acc\u00e9der au site web de : Institut \/ Sant\u00e9\" class=\"associated-institute\">\n\t\t\t\t\t\t\t\t<img loading=\"lazy\" decoding=\"async\" width=\"1\" height=\"1\" src=\"https:\/\/web.umons.ac.be\/app\/uploads\/sites\/35\/2021\/03\/sante_logo_fr.svg\" class=\"attachment-thumbnail size-thumbnail\" alt=\"\" \/>\t\t\t\t\t\t\t<\/a>\t\t\t\n\t\t\t\t\t\t<\/li>\n\t\t\t\t\t\t\t<\/ul>\n\t\t<\/div>\n <end-cask-shortcode-wrapper>\n","protected":false},"excerpt":{"rendered":"<p>La position \u00e9pist\u00e9mologique dominante du Service est de type empirique, dans la mesure o\u00f9 les objets d\u2019\u00e9tude s\u2019ancrent dans des comportements langagiers observables. Elle se concr\u00e9tise tant dans des d\u00e9marches de type observationnel (o\u00f9 les ph\u00e9nom\u00e8nes \u00e0 l\u2019\u00e9tude sont recueillis dans le cadre d\u2019\u00e9changes communicationnels \u00e9cologiques) que dans des actions \u00e0 caract\u00e8re exp\u00e9rimental (dans le [&hellip;]<\/p>\n","protected":false},"author":4,"featured_media":0,"parent":0,"menu_order":0,"comment_status":"closed","ping_status":"closed","template":"","meta":{"footnotes":""},"class_list":["post-15","page","type-page","status-publish","hentry"],"yoast_head":"<!-- This site is optimized with the Yoast SEO plugin v27.2 - https:\/\/yoast.com\/product\/yoast-seo-wordpress\/ -->\n<title>Activit\u00e9s de recherche - Service \/ FPSE - M\u00e9trologie et Sciences du langage<\/title>\n<meta name=\"robots\" content=\"index, follow, max-snippet:-1, max-image-preview:large, max-video-preview:-1\" \/>\n<link rel=\"canonical\" href=\"https:\/\/web.umons.ac.be\/smsl\/activites-de-recherche\/\" \/>\n<meta property=\"og:locale\" content=\"fr_FR\" \/>\n<meta property=\"og:type\" content=\"article\" \/>\n<meta property=\"og:title\" content=\"Activit\u00e9s de recherche - Service \/ FPSE - M\u00e9trologie et Sciences du langage\" \/>\n<meta property=\"og:description\" content=\"La position \u00e9pist\u00e9mologique dominante du Service est de type empirique, dans la mesure o\u00f9 les objets d\u2019\u00e9tude s\u2019ancrent dans des comportements langagiers observables. Elle se concr\u00e9tise tant dans des d\u00e9marches de type observationnel (o\u00f9 les ph\u00e9nom\u00e8nes \u00e0 l\u2019\u00e9tude sont recueillis dans le cadre d\u2019\u00e9changes communicationnels \u00e9cologiques) que dans des actions \u00e0 caract\u00e8re exp\u00e9rimental (dans le [&hellip;]\" \/>\n<meta property=\"og:url\" content=\"https:\/\/web.umons.ac.be\/smsl\/activites-de-recherche\/\" \/>\n<meta property=\"og:site_name\" content=\"Service \/ FPSE - M\u00e9trologie et Sciences du langage\" \/>\n<meta property=\"article:modified_time\" content=\"2022-04-05T14:37:58+00:00\" \/>\n<meta name=\"twitter:card\" content=\"summary_large_image\" \/>\n<meta name=\"twitter:label1\" content=\"Dur\u00e9e de lecture estim\u00e9e\" \/>\n\t<meta name=\"twitter:data1\" content=\"2 minutes\" \/>\n<script type=\"application\/ld+json\" class=\"yoast-schema-graph\">{\"@context\":\"https:\/\/schema.org\",\"@graph\":[{\"@type\":\"WebPage\",\"@id\":\"https:\/\/web.umons.ac.be\/smsl\/activites-de-recherche\/\",\"url\":\"https:\/\/web.umons.ac.be\/smsl\/activites-de-recherche\/\",\"name\":\"Activit\u00e9s de recherche - Service \/ FPSE - M\u00e9trologie et Sciences du langage\",\"isPartOf\":{\"@id\":\"https:\/\/web.umons.ac.be\/smsl\/#website\"},\"datePublished\":\"2021-11-09T08:00:08+00:00\",\"dateModified\":\"2022-04-05T14:37:58+00:00\",\"breadcrumb\":{\"@id\":\"https:\/\/web.umons.ac.be\/smsl\/activites-de-recherche\/#breadcrumb\"},\"inLanguage\":\"fr-FR\",\"potentialAction\":[{\"@type\":\"ReadAction\",\"target\":[\"https:\/\/web.umons.ac.be\/smsl\/activites-de-recherche\/\"]}]},{\"@type\":\"BreadcrumbList\",\"@id\":\"https:\/\/web.umons.ac.be\/smsl\/activites-de-recherche\/#breadcrumb\",\"itemListElement\":[{\"@type\":\"ListItem\",\"position\":1,\"name\":\"Home\",\"item\":\"https:\/\/web.umons.ac.be\/smsl\/\"},{\"@type\":\"ListItem\",\"position\":2,\"name\":\"Activit\u00e9s de recherche\"}]},{\"@type\":\"WebSite\",\"@id\":\"https:\/\/web.umons.ac.be\/smsl\/#website\",\"url\":\"https:\/\/web.umons.ac.be\/smsl\/\",\"name\":\"Service \/ FPSE - M\u00e9trologie et Sciences du langage\",\"description\":\"\",\"potentialAction\":[{\"@type\":\"SearchAction\",\"target\":{\"@type\":\"EntryPoint\",\"urlTemplate\":\"https:\/\/web.umons.ac.be\/smsl\/?s={search_term_string}\"},\"query-input\":{\"@type\":\"PropertyValueSpecification\",\"valueRequired\":true,\"valueName\":\"search_term_string\"}}],\"inLanguage\":\"fr-FR\"}]}<\/script>\n<!-- \/ Yoast SEO plugin. -->","yoast_head_json":{"title":"Activit\u00e9s de recherche - Service \/ FPSE - M\u00e9trologie et Sciences du langage","robots":{"index":"index","follow":"follow","max-snippet":"max-snippet:-1","max-image-preview":"max-image-preview:large","max-video-preview":"max-video-preview:-1"},"canonical":"https:\/\/web.umons.ac.be\/smsl\/activites-de-recherche\/","og_locale":"fr_FR","og_type":"article","og_title":"Activit\u00e9s de recherche - Service \/ FPSE - M\u00e9trologie et Sciences du langage","og_description":"La position \u00e9pist\u00e9mologique dominante du Service est de type empirique, dans la mesure o\u00f9 les objets d\u2019\u00e9tude s\u2019ancrent dans des comportements langagiers observables. Elle se concr\u00e9tise tant dans des d\u00e9marches de type observationnel (o\u00f9 les ph\u00e9nom\u00e8nes \u00e0 l\u2019\u00e9tude sont recueillis dans le cadre d\u2019\u00e9changes communicationnels \u00e9cologiques) que dans des actions \u00e0 caract\u00e8re exp\u00e9rimental (dans le [&hellip;]","og_url":"https:\/\/web.umons.ac.be\/smsl\/activites-de-recherche\/","og_site_name":"Service \/ FPSE - M\u00e9trologie et Sciences du langage","article_modified_time":"2022-04-05T14:37:58+00:00","twitter_card":"summary_large_image","twitter_misc":{"Dur\u00e9e de lecture estim\u00e9e":"2 minutes"},"schema":{"@context":"https:\/\/schema.org","@graph":[{"@type":"WebPage","@id":"https:\/\/web.umons.ac.be\/smsl\/activites-de-recherche\/","url":"https:\/\/web.umons.ac.be\/smsl\/activites-de-recherche\/","name":"Activit\u00e9s de recherche - Service \/ FPSE - M\u00e9trologie et Sciences du langage","isPartOf":{"@id":"https:\/\/web.umons.ac.be\/smsl\/#website"},"datePublished":"2021-11-09T08:00:08+00:00","dateModified":"2022-04-05T14:37:58+00:00","breadcrumb":{"@id":"https:\/\/web.umons.ac.be\/smsl\/activites-de-recherche\/#breadcrumb"},"inLanguage":"fr-FR","potentialAction":[{"@type":"ReadAction","target":["https:\/\/web.umons.ac.be\/smsl\/activites-de-recherche\/"]}]},{"@type":"BreadcrumbList","@id":"https:\/\/web.umons.ac.be\/smsl\/activites-de-recherche\/#breadcrumb","itemListElement":[{"@type":"ListItem","position":1,"name":"Home","item":"https:\/\/web.umons.ac.be\/smsl\/"},{"@type":"ListItem","position":2,"name":"Activit\u00e9s de recherche"}]},{"@type":"WebSite","@id":"https:\/\/web.umons.ac.be\/smsl\/#website","url":"https:\/\/web.umons.ac.be\/smsl\/","name":"Service \/ FPSE - M\u00e9trologie et Sciences du langage","description":"","potentialAction":[{"@type":"SearchAction","target":{"@type":"EntryPoint","urlTemplate":"https:\/\/web.umons.ac.be\/smsl\/?s={search_term_string}"},"query-input":{"@type":"PropertyValueSpecification","valueRequired":true,"valueName":"search_term_string"}}],"inLanguage":"fr-FR"}]}},"lang":"fr","translations":{"fr":15,"en":17},"pll_sync_post":[],"_links":{"self":[{"href":"https:\/\/web.umons.ac.be\/smsl\/wp-json\/wp\/v2\/pages\/15","targetHints":{"allow":["GET"]}}],"collection":[{"href":"https:\/\/web.umons.ac.be\/smsl\/wp-json\/wp\/v2\/pages"}],"about":[{"href":"https:\/\/web.umons.ac.be\/smsl\/wp-json\/wp\/v2\/types\/page"}],"author":[{"embeddable":true,"href":"https:\/\/web.umons.ac.be\/smsl\/wp-json\/wp\/v2\/users\/4"}],"replies":[{"embeddable":true,"href":"https:\/\/web.umons.ac.be\/smsl\/wp-json\/wp\/v2\/comments?post=15"}],"version-history":[{"count":2,"href":"https:\/\/web.umons.ac.be\/smsl\/wp-json\/wp\/v2\/pages\/15\/revisions"}],"predecessor-version":[{"id":446,"href":"https:\/\/web.umons.ac.be\/smsl\/wp-json\/wp\/v2\/pages\/15\/revisions\/446"}],"wp:attachment":[{"href":"https:\/\/web.umons.ac.be\/smsl\/wp-json\/wp\/v2\/media?parent=15"}],"curies":[{"name":"wp","href":"https:\/\/api.w.org\/{rel}","templated":true}]}}