{"id":404,"date":"2022-02-03T15:34:43","date_gmt":"2022-02-03T14:34:43","guid":{"rendered":"https:\/\/web.umons.ac.be\/smsl\/?page_id=404"},"modified":"2023-07-05T11:48:33","modified_gmt":"2023-07-05T09:48:33","slug":"jerome_lechien","status":"publish","type":"page","link":"https:\/\/web.umons.ac.be\/smsl\/jerome_lechien\/","title":{"rendered":"Jerome_Lechien"},"content":{"rendered":"<h3><span class=\"ms-rteCustom-TexteBleu\"><span class=\"ms-rteCustom-TexteRouge\"><span style=\"color: #c40242; font-size: 18pt;\">J\u00e9rome Lechien<\/span><\/span><\/span><\/h3>\n<h3><span class=\"ms-rteCustom-TexteBleu\"><span class=\"ms-rteCustom-TexteRouge\"><span style=\"color: #c40242; font-size: 18pt;\"><img loading=\"lazy\" decoding=\"async\" class=\"wp-image-406 alignleft\" src=\"https:\/\/web.umons.ac.be\/app\/uploads\/sites\/107\/2022\/01\/JLechien.png\" alt=\"\" width=\"290\" height=\"290\" srcset=\"https:\/\/web.umons.ac.be\/app\/uploads\/sites\/107\/2022\/01\/JLechien.png 135w, https:\/\/web.umons.ac.be\/app\/uploads\/sites\/107\/2022\/01\/JLechien-30x30.png 30w, https:\/\/web.umons.ac.be\/app\/uploads\/sites\/107\/2022\/01\/JLechien-80x80.png 80w, https:\/\/web.umons.ac.be\/app\/uploads\/sites\/107\/2022\/01\/JLechien-60x60.png 60w\" sizes=\"auto, (max-width: 290px) 100vw, 290px\" \/><\/span><\/span><\/span><\/h3>\n<table style=\"border-collapse: collapse; width: 60.334%; height: 158px;\">\n<tbody>\n<tr style=\"height: 67px;\">\n<td style=\"width: 20.104%; height: 36px;\"><img loading=\"lazy\" decoding=\"async\" class=\"aligncenter wp-image-233\" src=\"https:\/\/web.umons.ac.be\/app\/uploads\/sites\/107\/2021\/12\/telephone-300x300.png\" alt=\"\" width=\"36\" height=\"36\" srcset=\"https:\/\/web.umons.ac.be\/app\/uploads\/sites\/107\/2021\/12\/telephone-300x300.png 300w, https:\/\/web.umons.ac.be\/app\/uploads\/sites\/107\/2021\/12\/telephone-150x150.png 150w, https:\/\/web.umons.ac.be\/app\/uploads\/sites\/107\/2021\/12\/telephone-768x768.png 768w, https:\/\/web.umons.ac.be\/app\/uploads\/sites\/107\/2021\/12\/telephone-660x660.png 660w, https:\/\/web.umons.ac.be\/app\/uploads\/sites\/107\/2021\/12\/telephone-30x30.png 30w, https:\/\/web.umons.ac.be\/app\/uploads\/sites\/107\/2021\/12\/telephone-80x80.png 80w, https:\/\/web.umons.ac.be\/app\/uploads\/sites\/107\/2021\/12\/telephone-60x60.png 60w, https:\/\/web.umons.ac.be\/app\/uploads\/sites\/107\/2021\/12\/telephone-360x360.png 360w, https:\/\/web.umons.ac.be\/app\/uploads\/sites\/107\/2021\/12\/telephone-400x400.png 400w, https:\/\/web.umons.ac.be\/app\/uploads\/sites\/107\/2021\/12\/telephone-200x200.png 200w, https:\/\/web.umons.ac.be\/app\/uploads\/sites\/107\/2021\/12\/telephone.png 1013w\" sizes=\"auto, (max-width: 36px) 100vw, 36px\" \/><\/td>\n<td style=\"width: 79.7227%; height: 36px;\"><\/td>\n<\/tr>\n<tr style=\"height: 79px;\">\n<td style=\"width: 20.104%; height: 52px;\"><img loading=\"lazy\" decoding=\"async\" class=\"aligncenter wp-image-232\" src=\"https:\/\/web.umons.ac.be\/app\/uploads\/sites\/107\/2021\/12\/email-300x300.png\" alt=\"\" width=\"36\" height=\"36\" srcset=\"https:\/\/web.umons.ac.be\/app\/uploads\/sites\/107\/2021\/12\/email-300x300.png 300w, https:\/\/web.umons.ac.be\/app\/uploads\/sites\/107\/2021\/12\/email-150x150.png 150w, https:\/\/web.umons.ac.be\/app\/uploads\/sites\/107\/2021\/12\/email-768x767.png 768w, https:\/\/web.umons.ac.be\/app\/uploads\/sites\/107\/2021\/12\/email-661x660.png 661w, https:\/\/web.umons.ac.be\/app\/uploads\/sites\/107\/2021\/12\/email-30x30.png 30w, https:\/\/web.umons.ac.be\/app\/uploads\/sites\/107\/2021\/12\/email-80x80.png 80w, https:\/\/web.umons.ac.be\/app\/uploads\/sites\/107\/2021\/12\/email-60x60.png 60w, https:\/\/web.umons.ac.be\/app\/uploads\/sites\/107\/2021\/12\/email-360x360.png 360w, https:\/\/web.umons.ac.be\/app\/uploads\/sites\/107\/2021\/12\/email-400x400.png 400w, https:\/\/web.umons.ac.be\/app\/uploads\/sites\/107\/2021\/12\/email-200x200.png 200w, https:\/\/web.umons.ac.be\/app\/uploads\/sites\/107\/2021\/12\/email.png 1014w\" sizes=\"auto, (max-width: 36px) 100vw, 36px\" \/><\/td>\n<td style=\"width: 79.7227%; height: 52px;\"><\/td>\n<\/tr>\n<tr style=\"height: 79px;\">\n<td style=\"width: 20.104%; height: 45px;\"><img loading=\"lazy\" decoding=\"async\" class=\"wp-image-410 aligncenter\" src=\"https:\/\/web.umons.ac.be\/app\/uploads\/sites\/107\/2022\/01\/site-300x300.png\" alt=\"\" width=\"36\" height=\"36\" srcset=\"https:\/\/web.umons.ac.be\/app\/uploads\/sites\/107\/2022\/01\/site-300x300.png 300w, https:\/\/web.umons.ac.be\/app\/uploads\/sites\/107\/2022\/01\/site-150x150.png 150w, https:\/\/web.umons.ac.be\/app\/uploads\/sites\/107\/2022\/01\/site-30x30.png 30w, https:\/\/web.umons.ac.be\/app\/uploads\/sites\/107\/2022\/01\/site-80x80.png 80w, https:\/\/web.umons.ac.be\/app\/uploads\/sites\/107\/2022\/01\/site-60x60.png 60w, https:\/\/web.umons.ac.be\/app\/uploads\/sites\/107\/2022\/01\/site-360x361.png 360w, https:\/\/web.umons.ac.be\/app\/uploads\/sites\/107\/2022\/01\/site-400x400.png 400w, https:\/\/web.umons.ac.be\/app\/uploads\/sites\/107\/2022\/01\/site-200x200.png 200w, https:\/\/web.umons.ac.be\/app\/uploads\/sites\/107\/2022\/01\/site.png 505w\" sizes=\"auto, (max-width: 36px) 100vw, 36px\" \/><\/td>\n<td style=\"width: 79.7227%; height: 45px;\"><span style=\"font-size: 12pt;\"><a title=\"\" href=\"http:\/\/www.jeromelechien.com\" target=\"_blank\" rel=\"noopener\"><span style=\"color: #009ee0;\">Site: <\/span><\/a><a id=\"LPlnk669983\" href=\"http:\/\/www.jeromelechien.com\/\" target=\"_blank\" rel=\"noopener noreferrer\" data-auth=\"NotApplicable\" data-linkindex=\"0\">www.jeromelechien.com<\/a><\/span><\/td>\n<\/tr>\n<tr style=\"height: 67px;\">\n<td style=\"width: 20.104%; height: 25px;\"><img loading=\"lazy\" decoding=\"async\" class=\"aligncenter wp-image-293\" src=\"https:\/\/web.umons.ac.be\/app\/uploads\/sites\/107\/2021\/12\/localisation-300x300.png\" alt=\"\" width=\"36\" height=\"36\" srcset=\"https:\/\/web.umons.ac.be\/app\/uploads\/sites\/107\/2021\/12\/localisation-300x300.png 300w, https:\/\/web.umons.ac.be\/app\/uploads\/sites\/107\/2021\/12\/localisation-1024x1024.png 1024w, https:\/\/web.umons.ac.be\/app\/uploads\/sites\/107\/2021\/12\/localisation-150x150.png 150w, https:\/\/web.umons.ac.be\/app\/uploads\/sites\/107\/2021\/12\/localisation-768x768.png 768w, https:\/\/web.umons.ac.be\/app\/uploads\/sites\/107\/2021\/12\/localisation-1536x1536.png 1536w, https:\/\/web.umons.ac.be\/app\/uploads\/sites\/107\/2021\/12\/localisation-2048x2048.png 2048w, https:\/\/web.umons.ac.be\/app\/uploads\/sites\/107\/2021\/12\/localisation-660x660.png 660w, https:\/\/web.umons.ac.be\/app\/uploads\/sites\/107\/2021\/12\/localisation-30x30.png 30w, https:\/\/web.umons.ac.be\/app\/uploads\/sites\/107\/2021\/12\/localisation-80x80.png 80w, https:\/\/web.umons.ac.be\/app\/uploads\/sites\/107\/2021\/12\/localisation-60x60.png 60w, https:\/\/web.umons.ac.be\/app\/uploads\/sites\/107\/2021\/12\/localisation-360x360.png 360w, https:\/\/web.umons.ac.be\/app\/uploads\/sites\/107\/2021\/12\/localisation-400x400.png 400w, https:\/\/web.umons.ac.be\/app\/uploads\/sites\/107\/2021\/12\/localisation-200x200.png 200w\" sizes=\"auto, (max-width: 36px) 100vw, 36px\" \/><\/td>\n<td style=\"width: 79.7227%; height: 25px;\"><span style=\"font-size: 12pt;\"><a href=\"https:\/\/www.google.com\/maps\/place\/Pl.+du+Parc+18,+7000+Mons\/@50.4585126,3.9510433,125m\/data=!3m1!1e3!4m13!1m7!3m6!1s0x47c2501d1ebb7ab5:0x88027658dda734d0!2sPl.+du+Parc+18,+7000+Mons!3b1!8m2!3d50.4585422!4d3.9515201!3m4!1s0x47c2501d1ebb7ab5:0x88027658dda734d0!8m2!3d50.4585422!4d3.9515201\" target=\"_blank\" rel=\"noopener\"><span style=\"color: #009ee0;\">18, Place du Parc (-1)<\/span><\/a><\/span><\/td>\n<\/tr>\n<\/tbody>\n<\/table>\n<p>&nbsp;<\/p>\n<h4><\/h4>\n<h4><span class=\"ms-rteCustom-TexteBleu\" style=\"color: #00abcc;\">Parcours<\/span><\/h4>\n<p style=\"text-align: justify;\">Jerome Lechien est Professeur en Otorhinolaryngologie et Chirurgie Cervico-faciale, et exerce actuellement \u00e0 Paris (H\u00f4pital Foch), EpiCURA (baudour) et au CHU Saint-Pierre (Bruxelles). Il est dipl\u00f4m\u00e9 de l\u2019ULB (m\u00e9decin) et de l\u2019UMONS (sciences du langage, docteur en science m\u00e9dicale) et enseigne actuellement l\u2019anatomie et la physiologie de l\u2019audition en logop\u00e9die (BAC2, UMONS) et l\u2019introduction \u00e0 l\u2019anatomie en facult\u00e9 de m\u00e9decine. Auteur de plus de 300 publications r\u00e9f\u00e9renc\u00e9es (PubMED), ses principaux projets de recherche sont le reflux laryngopharyng\u00e9, reflux gastroesophagien, la voix, la chirurgie des cordes vocales, la chirurgie robotique des voies a\u00e9rodigestives sup\u00e9rieures, la canc\u00e9rologie ORL et la perte d\u2019odorat dans la COVID-19. Le Professeur Lechien est membre de divers soci\u00e9t\u00e9s scientifiques en m\u00e9decine et chirurgie comme l\u2019European Laryngological Society (ELS), l\u2019American Broncho-Esophagological Association (ABEA) and l\u2019American Academy of Otolaryngology Head Neck Surgery (AAO-HNS). Il a s\u00e9journ\u00e9 en 2016 au Voice Center de l\u2019Universit\u00e9 de Harvard aux USA o\u00f9 il s\u2019est perfectionn\u00e9 dans la prise en charge des maladies de la voix. En 2021, le Professeur Lechien a \u00e9t\u00e9 invit\u00e9 \u00e0 donner divers cours sur le reflux laryngopharyng\u00e9 (Grand Rounds) \u00e0 travers le monde, notamment au Brigham\u2019s and Women Hospital (Harvard Medical School), au Johns Hopkins Hospital (The Johns Hopkins School of Medicine) and au CHU de Montreal (University of Montreal). Il d\u00e9veloppe actuellement une pratique clinique, chirurgicale et de la recherche translationnelle (intelligence artificielle, microbiote), entre autres \u00e0 l\u2019UMONS et \u00e0 EpiCURA.<\/p>\n<p>&nbsp;<\/p>\n<h4><span class=\"ms-rteCustom-TexteBleu\" style=\"color: #00abcc;\">Th\u00e9matiques de recherche par mots-cl\u00e9s<br \/>\n<\/span><\/h4>\n<p style=\"text-align: justify;\">Reflux, voix, cordes vocales, langage, cancer, microbiote, intelligence artificielle, ORL, chirurgie, m\u00e9decine.<\/p>\n<h4><\/h4>\n<h4><span class=\"ms-rteCustom-TexteBleu\" style=\"color: #00abcc;\">Th\u00e9matiques d&rsquo;enseignement<\/span><\/h4>\n<p>Anatomie<\/p>\n<p>Physiologie<\/p>\n<p style=\"padding-left: 40px;\">\n","protected":false},"excerpt":{"rendered":"<p>J\u00e9rome Lechien Site: www.jeromelechien.com 18, Place du Parc (-1) &nbsp; Parcours Jerome Lechien est Professeur en Otorhinolaryngologie et Chirurgie Cervico-faciale, et exerce actuellement \u00e0 Paris (H\u00f4pital Foch), EpiCURA (baudour) et au CHU Saint-Pierre (Bruxelles). Il est dipl\u00f4m\u00e9 de l\u2019ULB (m\u00e9decin) et de l\u2019UMONS (sciences du langage, docteur en science m\u00e9dicale) et enseigne actuellement l\u2019anatomie et [&hellip;]<\/p>\n","protected":false},"author":21,"featured_media":0,"parent":0,"menu_order":0,"comment_status":"closed","ping_status":"closed","template":"","meta":{"footnotes":""},"class_list":["post-404","page","type-page","status-publish","hentry"],"yoast_head":"<!-- This site is optimized with the Yoast SEO plugin v27.2 - https:\/\/yoast.com\/product\/yoast-seo-wordpress\/ -->\n<title>Jerome_Lechien - Service \/ FPSE - M\u00e9trologie et Sciences du langage<\/title>\n<meta name=\"robots\" content=\"index, follow, max-snippet:-1, max-image-preview:large, max-video-preview:-1\" \/>\n<link rel=\"canonical\" href=\"https:\/\/web.umons.ac.be\/smsl\/jerome_lechien\/\" \/>\n<meta property=\"og:locale\" content=\"fr_FR\" \/>\n<meta property=\"og:type\" content=\"article\" \/>\n<meta property=\"og:title\" content=\"Jerome_Lechien - Service \/ FPSE - M\u00e9trologie et Sciences du langage\" \/>\n<meta property=\"og:description\" content=\"J\u00e9rome Lechien Site: www.jeromelechien.com 18, Place du Parc (-1) &nbsp; Parcours Jerome Lechien est Professeur en Otorhinolaryngologie et Chirurgie Cervico-faciale, et exerce actuellement \u00e0 Paris (H\u00f4pital Foch), EpiCURA (baudour) et au CHU Saint-Pierre (Bruxelles). Il est dipl\u00f4m\u00e9 de l\u2019ULB (m\u00e9decin) et de l\u2019UMONS (sciences du langage, docteur en science m\u00e9dicale) et enseigne actuellement l\u2019anatomie et [&hellip;]\" \/>\n<meta property=\"og:url\" content=\"https:\/\/web.umons.ac.be\/smsl\/jerome_lechien\/\" \/>\n<meta property=\"og:site_name\" content=\"Service \/ FPSE - M\u00e9trologie et Sciences du langage\" \/>\n<meta property=\"article:modified_time\" content=\"2023-07-05T09:48:33+00:00\" \/>\n<meta property=\"og:image\" content=\"https:\/\/web.umons.ac.be\/app\/uploads\/sites\/107\/2022\/01\/JLechien.png\" \/>\n<meta name=\"twitter:card\" content=\"summary_large_image\" \/>\n<meta name=\"twitter:label1\" content=\"Dur\u00e9e de lecture estim\u00e9e\" \/>\n\t<meta name=\"twitter:data1\" content=\"3 minutes\" \/>\n<script type=\"application\/ld+json\" class=\"yoast-schema-graph\">{\"@context\":\"https:\/\/schema.org\",\"@graph\":[{\"@type\":\"WebPage\",\"@id\":\"https:\/\/web.umons.ac.be\/smsl\/jerome_lechien\/\",\"url\":\"https:\/\/web.umons.ac.be\/smsl\/jerome_lechien\/\",\"name\":\"Jerome_Lechien - Service \/ FPSE - M\u00e9trologie et Sciences du langage\",\"isPartOf\":{\"@id\":\"https:\/\/web.umons.ac.be\/smsl\/#website\"},\"primaryImageOfPage\":{\"@id\":\"https:\/\/web.umons.ac.be\/smsl\/jerome_lechien\/#primaryimage\"},\"image\":{\"@id\":\"https:\/\/web.umons.ac.be\/smsl\/jerome_lechien\/#primaryimage\"},\"thumbnailUrl\":\"https:\/\/web.umons.ac.be\/app\/uploads\/sites\/107\/2022\/01\/JLechien.png\",\"datePublished\":\"2022-02-03T14:34:43+00:00\",\"dateModified\":\"2023-07-05T09:48:33+00:00\",\"breadcrumb\":{\"@id\":\"https:\/\/web.umons.ac.be\/smsl\/jerome_lechien\/#breadcrumb\"},\"inLanguage\":\"fr-FR\",\"potentialAction\":[{\"@type\":\"ReadAction\",\"target\":[\"https:\/\/web.umons.ac.be\/smsl\/jerome_lechien\/\"]}]},{\"@type\":\"ImageObject\",\"inLanguage\":\"fr-FR\",\"@id\":\"https:\/\/web.umons.ac.be\/smsl\/jerome_lechien\/#primaryimage\",\"url\":\"https:\/\/web.umons.ac.be\/app\/uploads\/sites\/107\/2022\/01\/JLechien.png\",\"contentUrl\":\"https:\/\/web.umons.ac.be\/app\/uploads\/sites\/107\/2022\/01\/JLechien.png\"},{\"@type\":\"BreadcrumbList\",\"@id\":\"https:\/\/web.umons.ac.be\/smsl\/jerome_lechien\/#breadcrumb\",\"itemListElement\":[{\"@type\":\"ListItem\",\"position\":1,\"name\":\"Home\",\"item\":\"https:\/\/web.umons.ac.be\/smsl\/\"},{\"@type\":\"ListItem\",\"position\":2,\"name\":\"Jerome_Lechien\"}]},{\"@type\":\"WebSite\",\"@id\":\"https:\/\/web.umons.ac.be\/smsl\/#website\",\"url\":\"https:\/\/web.umons.ac.be\/smsl\/\",\"name\":\"Service \/ FPSE - M\u00e9trologie et Sciences du langage\",\"description\":\"\",\"potentialAction\":[{\"@type\":\"SearchAction\",\"target\":{\"@type\":\"EntryPoint\",\"urlTemplate\":\"https:\/\/web.umons.ac.be\/smsl\/?s={search_term_string}\"},\"query-input\":{\"@type\":\"PropertyValueSpecification\",\"valueRequired\":true,\"valueName\":\"search_term_string\"}}],\"inLanguage\":\"fr-FR\"}]}<\/script>\n<!-- \/ Yoast SEO plugin. -->","yoast_head_json":{"title":"Jerome_Lechien - Service \/ FPSE - M\u00e9trologie et Sciences du langage","robots":{"index":"index","follow":"follow","max-snippet":"max-snippet:-1","max-image-preview":"max-image-preview:large","max-video-preview":"max-video-preview:-1"},"canonical":"https:\/\/web.umons.ac.be\/smsl\/jerome_lechien\/","og_locale":"fr_FR","og_type":"article","og_title":"Jerome_Lechien - Service \/ FPSE - M\u00e9trologie et Sciences du langage","og_description":"J\u00e9rome Lechien Site: www.jeromelechien.com 18, Place du Parc (-1) &nbsp; Parcours Jerome Lechien est Professeur en Otorhinolaryngologie et Chirurgie Cervico-faciale, et exerce actuellement \u00e0 Paris (H\u00f4pital Foch), EpiCURA (baudour) et au CHU Saint-Pierre (Bruxelles). Il est dipl\u00f4m\u00e9 de l\u2019ULB (m\u00e9decin) et de l\u2019UMONS (sciences du langage, docteur en science m\u00e9dicale) et enseigne actuellement l\u2019anatomie et [&hellip;]","og_url":"https:\/\/web.umons.ac.be\/smsl\/jerome_lechien\/","og_site_name":"Service \/ FPSE - M\u00e9trologie et Sciences du langage","article_modified_time":"2023-07-05T09:48:33+00:00","og_image":[{"url":"https:\/\/web.umons.ac.be\/app\/uploads\/sites\/107\/2022\/01\/JLechien.png","type":"","width":"","height":""}],"twitter_card":"summary_large_image","twitter_misc":{"Dur\u00e9e de lecture estim\u00e9e":"3 minutes"},"schema":{"@context":"https:\/\/schema.org","@graph":[{"@type":"WebPage","@id":"https:\/\/web.umons.ac.be\/smsl\/jerome_lechien\/","url":"https:\/\/web.umons.ac.be\/smsl\/jerome_lechien\/","name":"Jerome_Lechien - Service \/ FPSE - M\u00e9trologie et Sciences du langage","isPartOf":{"@id":"https:\/\/web.umons.ac.be\/smsl\/#website"},"primaryImageOfPage":{"@id":"https:\/\/web.umons.ac.be\/smsl\/jerome_lechien\/#primaryimage"},"image":{"@id":"https:\/\/web.umons.ac.be\/smsl\/jerome_lechien\/#primaryimage"},"thumbnailUrl":"https:\/\/web.umons.ac.be\/app\/uploads\/sites\/107\/2022\/01\/JLechien.png","datePublished":"2022-02-03T14:34:43+00:00","dateModified":"2023-07-05T09:48:33+00:00","breadcrumb":{"@id":"https:\/\/web.umons.ac.be\/smsl\/jerome_lechien\/#breadcrumb"},"inLanguage":"fr-FR","potentialAction":[{"@type":"ReadAction","target":["https:\/\/web.umons.ac.be\/smsl\/jerome_lechien\/"]}]},{"@type":"ImageObject","inLanguage":"fr-FR","@id":"https:\/\/web.umons.ac.be\/smsl\/jerome_lechien\/#primaryimage","url":"https:\/\/web.umons.ac.be\/app\/uploads\/sites\/107\/2022\/01\/JLechien.png","contentUrl":"https:\/\/web.umons.ac.be\/app\/uploads\/sites\/107\/2022\/01\/JLechien.png"},{"@type":"BreadcrumbList","@id":"https:\/\/web.umons.ac.be\/smsl\/jerome_lechien\/#breadcrumb","itemListElement":[{"@type":"ListItem","position":1,"name":"Home","item":"https:\/\/web.umons.ac.be\/smsl\/"},{"@type":"ListItem","position":2,"name":"Jerome_Lechien"}]},{"@type":"WebSite","@id":"https:\/\/web.umons.ac.be\/smsl\/#website","url":"https:\/\/web.umons.ac.be\/smsl\/","name":"Service \/ FPSE - M\u00e9trologie et Sciences du langage","description":"","potentialAction":[{"@type":"SearchAction","target":{"@type":"EntryPoint","urlTemplate":"https:\/\/web.umons.ac.be\/smsl\/?s={search_term_string}"},"query-input":{"@type":"PropertyValueSpecification","valueRequired":true,"valueName":"search_term_string"}}],"inLanguage":"fr-FR"}]}},"lang":"fr","translations":{"fr":404},"pll_sync_post":[],"_links":{"self":[{"href":"https:\/\/web.umons.ac.be\/smsl\/wp-json\/wp\/v2\/pages\/404","targetHints":{"allow":["GET"]}}],"collection":[{"href":"https:\/\/web.umons.ac.be\/smsl\/wp-json\/wp\/v2\/pages"}],"about":[{"href":"https:\/\/web.umons.ac.be\/smsl\/wp-json\/wp\/v2\/types\/page"}],"author":[{"embeddable":true,"href":"https:\/\/web.umons.ac.be\/smsl\/wp-json\/wp\/v2\/users\/21"}],"replies":[{"embeddable":true,"href":"https:\/\/web.umons.ac.be\/smsl\/wp-json\/wp\/v2\/comments?post=404"}],"version-history":[{"count":3,"href":"https:\/\/web.umons.ac.be\/smsl\/wp-json\/wp\/v2\/pages\/404\/revisions"}],"predecessor-version":[{"id":679,"href":"https:\/\/web.umons.ac.be\/smsl\/wp-json\/wp\/v2\/pages\/404\/revisions\/679"}],"wp:attachment":[{"href":"https:\/\/web.umons.ac.be\/smsl\/wp-json\/wp\/v2\/media?parent=404"}],"curies":[{"name":"wp","href":"https:\/\/api.w.org\/{rel}","templated":true}]}}