{"id":412,"date":"2022-02-03T15:35:12","date_gmt":"2022-02-03T14:35:12","guid":{"rendered":"https:\/\/web.umons.ac.be\/smsl\/?page_id=412"},"modified":"2022-02-03T15:36:31","modified_gmt":"2022-02-03T14:36:31","slug":"lucie_attout","status":"publish","type":"page","link":"https:\/\/web.umons.ac.be\/smsl\/lucie_attout\/","title":{"rendered":"Lucie_Attout"},"content":{"rendered":"<h3><span class=\"ms-rteCustom-TexteBleu\"><span class=\"ms-rteCustom-TexteRouge\"><span style=\"color: #c40242;font-size: 18pt\">Lucie Attout<\/span><\/span><\/span><\/h3>\n<h3><span class=\"ms-rteCustom-TexteBleu\"><span class=\"ms-rteCustom-TexteRouge\"><span style=\"color: #c40242;font-size: 18pt\"><img loading=\"lazy\" decoding=\"async\" class=\"alignleft wp-image-415\" src=\"https:\/\/web.umons.ac.be\/app\/uploads\/sites\/107\/2022\/01\/LAttout.png\" alt=\"\" width=\"290\" height=\"290\" srcset=\"https:\/\/web.umons.ac.be\/app\/uploads\/sites\/107\/2022\/01\/LAttout.png 163w, https:\/\/web.umons.ac.be\/app\/uploads\/sites\/107\/2022\/01\/LAttout-150x150.png 150w, https:\/\/web.umons.ac.be\/app\/uploads\/sites\/107\/2022\/01\/LAttout-30x30.png 30w, https:\/\/web.umons.ac.be\/app\/uploads\/sites\/107\/2022\/01\/LAttout-80x80.png 80w, https:\/\/web.umons.ac.be\/app\/uploads\/sites\/107\/2022\/01\/LAttout-60x60.png 60w\" sizes=\"auto, (max-width: 290px) 100vw, 290px\" \/><\/span><\/span><\/span><\/h3>\n<table style=\"border-collapse: collapse;width: 60.334%;height: 158px\">\n<tbody>\n<tr style=\"height: 67px\">\n<td style=\"width: 20.104%;height: 36px\"><img loading=\"lazy\" decoding=\"async\" class=\"aligncenter wp-image-233\" src=\"https:\/\/web.umons.ac.be\/app\/uploads\/sites\/107\/2021\/12\/telephone-300x300.png\" alt=\"\" width=\"36\" height=\"36\" srcset=\"https:\/\/web.umons.ac.be\/app\/uploads\/sites\/107\/2021\/12\/telephone-300x300.png 300w, https:\/\/web.umons.ac.be\/app\/uploads\/sites\/107\/2021\/12\/telephone-150x150.png 150w, https:\/\/web.umons.ac.be\/app\/uploads\/sites\/107\/2021\/12\/telephone-768x768.png 768w, https:\/\/web.umons.ac.be\/app\/uploads\/sites\/107\/2021\/12\/telephone-660x660.png 660w, https:\/\/web.umons.ac.be\/app\/uploads\/sites\/107\/2021\/12\/telephone-30x30.png 30w, https:\/\/web.umons.ac.be\/app\/uploads\/sites\/107\/2021\/12\/telephone-80x80.png 80w, https:\/\/web.umons.ac.be\/app\/uploads\/sites\/107\/2021\/12\/telephone-60x60.png 60w, https:\/\/web.umons.ac.be\/app\/uploads\/sites\/107\/2021\/12\/telephone-360x360.png 360w, https:\/\/web.umons.ac.be\/app\/uploads\/sites\/107\/2021\/12\/telephone-400x400.png 400w, https:\/\/web.umons.ac.be\/app\/uploads\/sites\/107\/2021\/12\/telephone-200x200.png 200w, https:\/\/web.umons.ac.be\/app\/uploads\/sites\/107\/2021\/12\/telephone.png 1013w\" sizes=\"auto, (max-width: 36px) 100vw, 36px\" \/><\/td>\n<td style=\"width: 79.7227%;height: 36px\"><span style=\"color: #009ee0;font-size: 14pt\">+3265373753<\/span><\/td>\n<\/tr>\n<tr style=\"height: 79px\">\n<td style=\"width: 20.104%;height: 52px\"><img loading=\"lazy\" decoding=\"async\" class=\"aligncenter wp-image-232\" src=\"https:\/\/web.umons.ac.be\/app\/uploads\/sites\/107\/2021\/12\/email-300x300.png\" alt=\"\" width=\"36\" height=\"36\" srcset=\"https:\/\/web.umons.ac.be\/app\/uploads\/sites\/107\/2021\/12\/email-300x300.png 300w, https:\/\/web.umons.ac.be\/app\/uploads\/sites\/107\/2021\/12\/email-150x150.png 150w, https:\/\/web.umons.ac.be\/app\/uploads\/sites\/107\/2021\/12\/email-768x767.png 768w, https:\/\/web.umons.ac.be\/app\/uploads\/sites\/107\/2021\/12\/email-661x660.png 661w, https:\/\/web.umons.ac.be\/app\/uploads\/sites\/107\/2021\/12\/email-30x30.png 30w, https:\/\/web.umons.ac.be\/app\/uploads\/sites\/107\/2021\/12\/email-80x80.png 80w, https:\/\/web.umons.ac.be\/app\/uploads\/sites\/107\/2021\/12\/email-60x60.png 60w, https:\/\/web.umons.ac.be\/app\/uploads\/sites\/107\/2021\/12\/email-360x360.png 360w, https:\/\/web.umons.ac.be\/app\/uploads\/sites\/107\/2021\/12\/email-400x400.png 400w, https:\/\/web.umons.ac.be\/app\/uploads\/sites\/107\/2021\/12\/email-200x200.png 200w, https:\/\/web.umons.ac.be\/app\/uploads\/sites\/107\/2021\/12\/email.png 1014w\" sizes=\"auto, (max-width: 36px) 100vw, 36px\" \/><\/td>\n<td style=\"width: 79.7227%;height: 52px\"><span style=\"font-size: 12pt\"><a href=\"mailto:Lucie.attout@umons.ac.be\"><span style=\"color: #009ee0\">lucie.attout@umons.ac.be<\/span><\/a><\/span><\/td>\n<\/tr>\n<tr style=\"height: 79px\">\n<td style=\"width: 20.104%;height: 45px\"><img loading=\"lazy\" decoding=\"async\" class=\"aligncenter wp-image-289\" src=\"https:\/\/web.umons.ac.be\/app\/uploads\/sites\/107\/2021\/12\/Publication-300x300.png\" alt=\"\" width=\"36\" height=\"36\" srcset=\"https:\/\/web.umons.ac.be\/app\/uploads\/sites\/107\/2021\/12\/Publication-300x300.png 300w, https:\/\/web.umons.ac.be\/app\/uploads\/sites\/107\/2021\/12\/Publication-1024x1024.png 1024w, https:\/\/web.umons.ac.be\/app\/uploads\/sites\/107\/2021\/12\/Publication-150x150.png 150w, https:\/\/web.umons.ac.be\/app\/uploads\/sites\/107\/2021\/12\/Publication-768x768.png 768w, https:\/\/web.umons.ac.be\/app\/uploads\/sites\/107\/2021\/12\/Publication-1536x1536.png 1536w, https:\/\/web.umons.ac.be\/app\/uploads\/sites\/107\/2021\/12\/Publication-2048x2048.png 2048w, https:\/\/web.umons.ac.be\/app\/uploads\/sites\/107\/2021\/12\/Publication-660x660.png 660w, https:\/\/web.umons.ac.be\/app\/uploads\/sites\/107\/2021\/12\/Publication-30x30.png 30w, https:\/\/web.umons.ac.be\/app\/uploads\/sites\/107\/2021\/12\/Publication-80x80.png 80w, https:\/\/web.umons.ac.be\/app\/uploads\/sites\/107\/2021\/12\/Publication-60x60.png 60w, https:\/\/web.umons.ac.be\/app\/uploads\/sites\/107\/2021\/12\/Publication-360x360.png 360w, https:\/\/web.umons.ac.be\/app\/uploads\/sites\/107\/2021\/12\/Publication-400x400.png 400w, https:\/\/web.umons.ac.be\/app\/uploads\/sites\/107\/2021\/12\/Publication-200x200.png 200w\" sizes=\"auto, (max-width: 36px) 100vw, 36px\" \/><\/td>\n<td style=\"width: 79.7227%;height: 45px\"><\/td>\n<\/tr>\n<tr style=\"height: 67px\">\n<td style=\"width: 20.104%;height: 25px\"><img loading=\"lazy\" decoding=\"async\" class=\"aligncenter wp-image-293\" src=\"https:\/\/web.umons.ac.be\/app\/uploads\/sites\/107\/2021\/12\/localisation-300x300.png\" alt=\"\" width=\"36\" height=\"36\" srcset=\"https:\/\/web.umons.ac.be\/app\/uploads\/sites\/107\/2021\/12\/localisation-300x300.png 300w, https:\/\/web.umons.ac.be\/app\/uploads\/sites\/107\/2021\/12\/localisation-1024x1024.png 1024w, https:\/\/web.umons.ac.be\/app\/uploads\/sites\/107\/2021\/12\/localisation-150x150.png 150w, https:\/\/web.umons.ac.be\/app\/uploads\/sites\/107\/2021\/12\/localisation-768x768.png 768w, https:\/\/web.umons.ac.be\/app\/uploads\/sites\/107\/2021\/12\/localisation-1536x1536.png 1536w, https:\/\/web.umons.ac.be\/app\/uploads\/sites\/107\/2021\/12\/localisation-2048x2048.png 2048w, https:\/\/web.umons.ac.be\/app\/uploads\/sites\/107\/2021\/12\/localisation-660x660.png 660w, https:\/\/web.umons.ac.be\/app\/uploads\/sites\/107\/2021\/12\/localisation-30x30.png 30w, https:\/\/web.umons.ac.be\/app\/uploads\/sites\/107\/2021\/12\/localisation-80x80.png 80w, https:\/\/web.umons.ac.be\/app\/uploads\/sites\/107\/2021\/12\/localisation-60x60.png 60w, https:\/\/web.umons.ac.be\/app\/uploads\/sites\/107\/2021\/12\/localisation-360x360.png 360w, https:\/\/web.umons.ac.be\/app\/uploads\/sites\/107\/2021\/12\/localisation-400x400.png 400w, https:\/\/web.umons.ac.be\/app\/uploads\/sites\/107\/2021\/12\/localisation-200x200.png 200w\" sizes=\"auto, (max-width: 36px) 100vw, 36px\" \/><\/td>\n<td style=\"width: 79.7227%;height: 25px\"><span style=\"font-size: 12pt\"><a href=\"https:\/\/www.google.com\/maps\/place\/Pl.+du+Parc+18,+7000+Mons\/@50.4585126,3.9510433,125m\/data=!3m1!1e3!4m13!1m7!3m6!1s0x47c2501d1ebb7ab5:0x88027658dda734d0!2sPl.+du+Parc+18,+7000+Mons!3b1!8m2!3d50.4585422!4d3.9515201!3m4!1s0x47c2501d1ebb7ab5:0x88027658dda734d0!8m2!3d50.4585422!4d3.9515201\" target=\"_blank\" rel=\"noopener\"><span style=\"color: #009ee0\">18, Place du Parc (-1)<\/span><\/a><\/span><\/td>\n<\/tr>\n<\/tbody>\n<\/table>\n<p>&nbsp;<\/p>\n<h4><\/h4>\n<h4><span class=\"ms-rteCustom-TexteBleu\" style=\"color: #00abcc\">Parcours<\/span><\/h4>\n<p style=\"text-align: justify\">Apr\u00e8s un Master en Logop\u00e9die \u00e0 l\u2019Universit\u00e9 de Li\u00e8ge \u00e0 finalit\u00e9 sp\u00e9cialis\u00e9e en neuropsychologie du langage et troubles des apprentissages verbaux, elle a men\u00e9 une th\u00e8se de doctorat portant sur le lien entre le traitement de l\u2019ordre en m\u00e9moire \u00e0 court-terme et les habilet\u00e9s num\u00e9riques via une approche comportementale et en neuroimagerie. Ensuite, elle a r\u00e9alis\u00e9 deux post-doctorats en collaboration avec Arnaud Szmalec et Marie-Pascale No\u00ebl (UCLouvain) portant entre autres sur le d\u00e9veloppement num\u00e9rique dans diff\u00e9rents syndromes g\u00e9n\u00e9tiques et les substrats c\u00e9r\u00e9braux en m\u00e9moire \u00e0 court-terme impliqu\u00e9s dans diff\u00e9rents apprentissages chez l\u2019enfant. Enfin, r\u00e9cemment elle poursuit ses recherches en tant que chercheuse post-doctorale FNRS \u00e0 l\u2019Universit\u00e9 de Li\u00e8ge sur le traitement de l\u2019ordre en m\u00e9moire \u00e0 court terme et ses interactions avec le temps et l\u2019espace. Durant ces ann\u00e9es, elle a \u00e9galement enseign\u00e9 \u00e0 des professionnels et des futurs professionnels \u00e0 l\u2019Universit\u00e9 de Li\u00e8ge, de Poitiers et \u00e0 pr\u00e9sent \u00e0 l\u2019UMons ses domaines de pr\u00e9dilection, \u00e0 savoir la m\u00e9moire \u00e0 court-terme et le d\u00e9veloppement des habilet\u00e9s num\u00e9riques typiques et atypiques.<\/p>\n<p>&nbsp;<\/p>\n<h4><span class=\"ms-rteCustom-TexteBleu\" style=\"color: #00abcc\">Th\u00e9matiques de recherche par mots-cl\u00e9s<br \/>\n<\/span><\/h4>\n<p style=\"text-align: justify\">M\u00e9moire de travail, ordre s\u00e9riel, dyscalculie, traitement ordinal et de magnitude num\u00e9rique, neuroimagerie fonctionnelle, syndromes neurod\u00e9veloppementaux, langage,\u00a0 aphasie.<\/p>\n<p>&nbsp;<\/p>\n<h4><span class=\"ms-rteCustom-TexteBleu\" style=\"color: #00abcc\">Th\u00e9matiques d&rsquo;enseignement<\/span><\/h4>\n<p>Cognition num\u00e9rique, dyscalculie.<\/p>\n<p style=\"padding-left: 40px\">\n","protected":false},"excerpt":{"rendered":"<p>Lucie Attout +3265373753 lucie.attout@umons.ac.be 18, Place du Parc (-1) &nbsp; Parcours Apr\u00e8s un Master en Logop\u00e9die \u00e0 l\u2019Universit\u00e9 de Li\u00e8ge \u00e0 finalit\u00e9 sp\u00e9cialis\u00e9e en neuropsychologie du langage et troubles des apprentissages verbaux, elle a men\u00e9 une th\u00e8se de doctorat portant sur le lien entre le traitement de l\u2019ordre en m\u00e9moire \u00e0 court-terme et les habilet\u00e9s [&hellip;]<\/p>\n","protected":false},"author":21,"featured_media":0,"parent":0,"menu_order":0,"comment_status":"closed","ping_status":"closed","template":"","meta":{"footnotes":""},"class_list":["post-412","page","type-page","status-publish","hentry"],"yoast_head":"<!-- This site is optimized with the Yoast SEO plugin v27.2 - https:\/\/yoast.com\/product\/yoast-seo-wordpress\/ -->\n<title>Lucie_Attout - Service \/ FPSE - M\u00e9trologie et Sciences du langage<\/title>\n<meta name=\"robots\" content=\"index, follow, max-snippet:-1, max-image-preview:large, max-video-preview:-1\" \/>\n<link rel=\"canonical\" href=\"https:\/\/web.umons.ac.be\/smsl\/lucie_attout\/\" \/>\n<meta property=\"og:locale\" content=\"fr_FR\" \/>\n<meta property=\"og:type\" content=\"article\" \/>\n<meta property=\"og:title\" content=\"Lucie_Attout - Service \/ FPSE - M\u00e9trologie et Sciences du langage\" \/>\n<meta property=\"og:description\" content=\"Lucie Attout +3265373753 lucie.attout@umons.ac.be 18, Place du Parc (-1) &nbsp; Parcours Apr\u00e8s un Master en Logop\u00e9die \u00e0 l\u2019Universit\u00e9 de Li\u00e8ge \u00e0 finalit\u00e9 sp\u00e9cialis\u00e9e en neuropsychologie du langage et troubles des apprentissages verbaux, elle a men\u00e9 une th\u00e8se de doctorat portant sur le lien entre le traitement de l\u2019ordre en m\u00e9moire \u00e0 court-terme et les habilet\u00e9s [&hellip;]\" \/>\n<meta property=\"og:url\" content=\"https:\/\/web.umons.ac.be\/smsl\/lucie_attout\/\" \/>\n<meta property=\"og:site_name\" content=\"Service \/ FPSE - M\u00e9trologie et Sciences du langage\" \/>\n<meta property=\"article:modified_time\" content=\"2022-02-03T14:36:31+00:00\" \/>\n<meta property=\"og:image\" content=\"https:\/\/web.umons.ac.be\/app\/uploads\/sites\/107\/2022\/01\/LAttout.png\" \/>\n<meta name=\"twitter:card\" content=\"summary_large_image\" \/>\n<meta name=\"twitter:label1\" content=\"Dur\u00e9e de lecture estim\u00e9e\" \/>\n\t<meta name=\"twitter:data1\" content=\"2 minutes\" \/>\n<script type=\"application\/ld+json\" class=\"yoast-schema-graph\">{\"@context\":\"https:\/\/schema.org\",\"@graph\":[{\"@type\":\"WebPage\",\"@id\":\"https:\/\/web.umons.ac.be\/smsl\/lucie_attout\/\",\"url\":\"https:\/\/web.umons.ac.be\/smsl\/lucie_attout\/\",\"name\":\"Lucie_Attout - Service \/ FPSE - M\u00e9trologie et Sciences du langage\",\"isPartOf\":{\"@id\":\"https:\/\/web.umons.ac.be\/smsl\/#website\"},\"primaryImageOfPage\":{\"@id\":\"https:\/\/web.umons.ac.be\/smsl\/lucie_attout\/#primaryimage\"},\"image\":{\"@id\":\"https:\/\/web.umons.ac.be\/smsl\/lucie_attout\/#primaryimage\"},\"thumbnailUrl\":\"https:\/\/web.umons.ac.be\/app\/uploads\/sites\/107\/2022\/01\/LAttout.png\",\"datePublished\":\"2022-02-03T14:35:12+00:00\",\"dateModified\":\"2022-02-03T14:36:31+00:00\",\"breadcrumb\":{\"@id\":\"https:\/\/web.umons.ac.be\/smsl\/lucie_attout\/#breadcrumb\"},\"inLanguage\":\"fr-FR\",\"potentialAction\":[{\"@type\":\"ReadAction\",\"target\":[\"https:\/\/web.umons.ac.be\/smsl\/lucie_attout\/\"]}]},{\"@type\":\"ImageObject\",\"inLanguage\":\"fr-FR\",\"@id\":\"https:\/\/web.umons.ac.be\/smsl\/lucie_attout\/#primaryimage\",\"url\":\"https:\/\/web.umons.ac.be\/app\/uploads\/sites\/107\/2022\/01\/LAttout.png\",\"contentUrl\":\"https:\/\/web.umons.ac.be\/app\/uploads\/sites\/107\/2022\/01\/LAttout.png\"},{\"@type\":\"BreadcrumbList\",\"@id\":\"https:\/\/web.umons.ac.be\/smsl\/lucie_attout\/#breadcrumb\",\"itemListElement\":[{\"@type\":\"ListItem\",\"position\":1,\"name\":\"Home\",\"item\":\"https:\/\/web.umons.ac.be\/smsl\/\"},{\"@type\":\"ListItem\",\"position\":2,\"name\":\"Lucie_Attout\"}]},{\"@type\":\"WebSite\",\"@id\":\"https:\/\/web.umons.ac.be\/smsl\/#website\",\"url\":\"https:\/\/web.umons.ac.be\/smsl\/\",\"name\":\"Service \/ FPSE - M\u00e9trologie et Sciences du langage\",\"description\":\"\",\"potentialAction\":[{\"@type\":\"SearchAction\",\"target\":{\"@type\":\"EntryPoint\",\"urlTemplate\":\"https:\/\/web.umons.ac.be\/smsl\/?s={search_term_string}\"},\"query-input\":{\"@type\":\"PropertyValueSpecification\",\"valueRequired\":true,\"valueName\":\"search_term_string\"}}],\"inLanguage\":\"fr-FR\"}]}<\/script>\n<!-- \/ Yoast SEO plugin. -->","yoast_head_json":{"title":"Lucie_Attout - Service \/ FPSE - M\u00e9trologie et Sciences du langage","robots":{"index":"index","follow":"follow","max-snippet":"max-snippet:-1","max-image-preview":"max-image-preview:large","max-video-preview":"max-video-preview:-1"},"canonical":"https:\/\/web.umons.ac.be\/smsl\/lucie_attout\/","og_locale":"fr_FR","og_type":"article","og_title":"Lucie_Attout - Service \/ FPSE - M\u00e9trologie et Sciences du langage","og_description":"Lucie Attout +3265373753 lucie.attout@umons.ac.be 18, Place du Parc (-1) &nbsp; Parcours Apr\u00e8s un Master en Logop\u00e9die \u00e0 l\u2019Universit\u00e9 de Li\u00e8ge \u00e0 finalit\u00e9 sp\u00e9cialis\u00e9e en neuropsychologie du langage et troubles des apprentissages verbaux, elle a men\u00e9 une th\u00e8se de doctorat portant sur le lien entre le traitement de l\u2019ordre en m\u00e9moire \u00e0 court-terme et les habilet\u00e9s [&hellip;]","og_url":"https:\/\/web.umons.ac.be\/smsl\/lucie_attout\/","og_site_name":"Service \/ FPSE - M\u00e9trologie et Sciences du langage","article_modified_time":"2022-02-03T14:36:31+00:00","og_image":[{"url":"https:\/\/web.umons.ac.be\/app\/uploads\/sites\/107\/2022\/01\/LAttout.png","type":"","width":"","height":""}],"twitter_card":"summary_large_image","twitter_misc":{"Dur\u00e9e de lecture estim\u00e9e":"2 minutes"},"schema":{"@context":"https:\/\/schema.org","@graph":[{"@type":"WebPage","@id":"https:\/\/web.umons.ac.be\/smsl\/lucie_attout\/","url":"https:\/\/web.umons.ac.be\/smsl\/lucie_attout\/","name":"Lucie_Attout - Service \/ FPSE - M\u00e9trologie et Sciences du langage","isPartOf":{"@id":"https:\/\/web.umons.ac.be\/smsl\/#website"},"primaryImageOfPage":{"@id":"https:\/\/web.umons.ac.be\/smsl\/lucie_attout\/#primaryimage"},"image":{"@id":"https:\/\/web.umons.ac.be\/smsl\/lucie_attout\/#primaryimage"},"thumbnailUrl":"https:\/\/web.umons.ac.be\/app\/uploads\/sites\/107\/2022\/01\/LAttout.png","datePublished":"2022-02-03T14:35:12+00:00","dateModified":"2022-02-03T14:36:31+00:00","breadcrumb":{"@id":"https:\/\/web.umons.ac.be\/smsl\/lucie_attout\/#breadcrumb"},"inLanguage":"fr-FR","potentialAction":[{"@type":"ReadAction","target":["https:\/\/web.umons.ac.be\/smsl\/lucie_attout\/"]}]},{"@type":"ImageObject","inLanguage":"fr-FR","@id":"https:\/\/web.umons.ac.be\/smsl\/lucie_attout\/#primaryimage","url":"https:\/\/web.umons.ac.be\/app\/uploads\/sites\/107\/2022\/01\/LAttout.png","contentUrl":"https:\/\/web.umons.ac.be\/app\/uploads\/sites\/107\/2022\/01\/LAttout.png"},{"@type":"BreadcrumbList","@id":"https:\/\/web.umons.ac.be\/smsl\/lucie_attout\/#breadcrumb","itemListElement":[{"@type":"ListItem","position":1,"name":"Home","item":"https:\/\/web.umons.ac.be\/smsl\/"},{"@type":"ListItem","position":2,"name":"Lucie_Attout"}]},{"@type":"WebSite","@id":"https:\/\/web.umons.ac.be\/smsl\/#website","url":"https:\/\/web.umons.ac.be\/smsl\/","name":"Service \/ FPSE - M\u00e9trologie et Sciences du langage","description":"","potentialAction":[{"@type":"SearchAction","target":{"@type":"EntryPoint","urlTemplate":"https:\/\/web.umons.ac.be\/smsl\/?s={search_term_string}"},"query-input":{"@type":"PropertyValueSpecification","valueRequired":true,"valueName":"search_term_string"}}],"inLanguage":"fr-FR"}]}},"lang":"fr","translations":{"fr":412},"pll_sync_post":[],"_links":{"self":[{"href":"https:\/\/web.umons.ac.be\/smsl\/wp-json\/wp\/v2\/pages\/412","targetHints":{"allow":["GET"]}}],"collection":[{"href":"https:\/\/web.umons.ac.be\/smsl\/wp-json\/wp\/v2\/pages"}],"about":[{"href":"https:\/\/web.umons.ac.be\/smsl\/wp-json\/wp\/v2\/types\/page"}],"author":[{"embeddable":true,"href":"https:\/\/web.umons.ac.be\/smsl\/wp-json\/wp\/v2\/users\/21"}],"replies":[{"embeddable":true,"href":"https:\/\/web.umons.ac.be\/smsl\/wp-json\/wp\/v2\/comments?post=412"}],"version-history":[{"count":3,"href":"https:\/\/web.umons.ac.be\/smsl\/wp-json\/wp\/v2\/pages\/412\/revisions"}],"predecessor-version":[{"id":417,"href":"https:\/\/web.umons.ac.be\/smsl\/wp-json\/wp\/v2\/pages\/412\/revisions\/417"}],"wp:attachment":[{"href":"https:\/\/web.umons.ac.be\/smsl\/wp-json\/wp\/v2\/media?parent=412"}],"curies":[{"name":"wp","href":"https:\/\/api.w.org\/{rel}","templated":true}]}}