{"id":425,"date":"2022-03-29T12:42:11","date_gmt":"2022-03-29T10:42:11","guid":{"rendered":"https:\/\/web.umons.ac.be\/smsl\/?page_id=425"},"modified":"2025-09-11T10:11:55","modified_gmt":"2025-09-11T08:11:55","slug":"eva-goeseels","status":"publish","type":"page","link":"https:\/\/web.umons.ac.be\/smsl\/eva-goeseels\/","title":{"rendered":"Eva Goeseels"},"content":{"rendered":"<h3><span class=\"ms-rteCustom-TexteBleu\"><span class=\"ms-rteCustom-TexteRouge\"><span style=\"color: #c40242; font-size: 18pt;\">Eva Goeseels<\/span><\/span><\/span><\/h3>\n<h3><span class=\"ms-rteCustom-TexteBleu\"><span class=\"ms-rteCustom-TexteRouge\"><span style=\"color: #c40242; font-size: 18pt;\"><img loading=\"lazy\" decoding=\"async\" class=\" wp-image-66 alignleft\" src=\"https:\/\/web.umons.ac.be\/app\/uploads\/sites\/107\/2022\/03\/EvaGoeseels.png\" alt=\"\" width=\"286\" height=\"290\" data-wp-editing=\"1\" \/><\/span><\/span><\/span><\/h3>\n<table style=\"border-collapse: collapse; width: 60.334%; height: 158px;\">\n<tbody>\n<tr style=\"height: 67px;\">\n<td style=\"width: 20.104%; height: 36px;\"><img loading=\"lazy\" decoding=\"async\" class=\"aligncenter wp-image-233\" src=\"https:\/\/web.umons.ac.be\/app\/uploads\/sites\/107\/2021\/12\/telephone-300x300.png\" alt=\"\" width=\"36\" height=\"36\" srcset=\"https:\/\/web.umons.ac.be\/app\/uploads\/sites\/107\/2021\/12\/telephone-300x300.png 300w, https:\/\/web.umons.ac.be\/app\/uploads\/sites\/107\/2021\/12\/telephone-150x150.png 150w, https:\/\/web.umons.ac.be\/app\/uploads\/sites\/107\/2021\/12\/telephone-768x768.png 768w, https:\/\/web.umons.ac.be\/app\/uploads\/sites\/107\/2021\/12\/telephone-660x660.png 660w, https:\/\/web.umons.ac.be\/app\/uploads\/sites\/107\/2021\/12\/telephone-30x30.png 30w, https:\/\/web.umons.ac.be\/app\/uploads\/sites\/107\/2021\/12\/telephone-80x80.png 80w, https:\/\/web.umons.ac.be\/app\/uploads\/sites\/107\/2021\/12\/telephone-60x60.png 60w, https:\/\/web.umons.ac.be\/app\/uploads\/sites\/107\/2021\/12\/telephone-360x360.png 360w, https:\/\/web.umons.ac.be\/app\/uploads\/sites\/107\/2021\/12\/telephone-400x400.png 400w, https:\/\/web.umons.ac.be\/app\/uploads\/sites\/107\/2021\/12\/telephone-200x200.png 200w, https:\/\/web.umons.ac.be\/app\/uploads\/sites\/107\/2021\/12\/telephone.png 1013w\" sizes=\"auto, (max-width: 36px) 100vw, 36px\" \/><\/td>\n<td style=\"width: 79.7227%; height: 36px;\"><\/td>\n<\/tr>\n<tr style=\"height: 79px;\">\n<td style=\"width: 20.104%; height: 52px;\"><img loading=\"lazy\" decoding=\"async\" class=\"aligncenter wp-image-232\" src=\"https:\/\/web.umons.ac.be\/app\/uploads\/sites\/107\/2021\/12\/email-300x300.png\" alt=\"\" width=\"36\" height=\"36\" srcset=\"https:\/\/web.umons.ac.be\/app\/uploads\/sites\/107\/2021\/12\/email-300x300.png 300w, https:\/\/web.umons.ac.be\/app\/uploads\/sites\/107\/2021\/12\/email-150x150.png 150w, https:\/\/web.umons.ac.be\/app\/uploads\/sites\/107\/2021\/12\/email-768x767.png 768w, https:\/\/web.umons.ac.be\/app\/uploads\/sites\/107\/2021\/12\/email-661x660.png 661w, https:\/\/web.umons.ac.be\/app\/uploads\/sites\/107\/2021\/12\/email-30x30.png 30w, https:\/\/web.umons.ac.be\/app\/uploads\/sites\/107\/2021\/12\/email-80x80.png 80w, https:\/\/web.umons.ac.be\/app\/uploads\/sites\/107\/2021\/12\/email-60x60.png 60w, https:\/\/web.umons.ac.be\/app\/uploads\/sites\/107\/2021\/12\/email-360x360.png 360w, https:\/\/web.umons.ac.be\/app\/uploads\/sites\/107\/2021\/12\/email-400x400.png 400w, https:\/\/web.umons.ac.be\/app\/uploads\/sites\/107\/2021\/12\/email-200x200.png 200w, https:\/\/web.umons.ac.be\/app\/uploads\/sites\/107\/2021\/12\/email.png 1014w\" sizes=\"auto, (max-width: 36px) 100vw, 36px\" \/><\/td>\n<td style=\"width: 79.7227%; height: 52px;\"><span style=\"font-size: 12pt;\"><a href=\"mailto:eva.goeseels@umons.ac.be\"><span style=\"color: #009ee0;\">eva.goeseels@umons.ac.be<\/span><\/a><\/span><\/td>\n<\/tr>\n<tr style=\"height: 79px;\">\n<td style=\"width: 20.104%; height: 45px;\"><img loading=\"lazy\" decoding=\"async\" class=\"aligncenter wp-image-289\" src=\"https:\/\/web.umons.ac.be\/app\/uploads\/sites\/107\/2021\/12\/Publication-300x300.png\" alt=\"\" width=\"36\" height=\"36\" srcset=\"https:\/\/web.umons.ac.be\/app\/uploads\/sites\/107\/2021\/12\/Publication-300x300.png 300w, https:\/\/web.umons.ac.be\/app\/uploads\/sites\/107\/2021\/12\/Publication-1024x1024.png 1024w, https:\/\/web.umons.ac.be\/app\/uploads\/sites\/107\/2021\/12\/Publication-150x150.png 150w, https:\/\/web.umons.ac.be\/app\/uploads\/sites\/107\/2021\/12\/Publication-768x768.png 768w, https:\/\/web.umons.ac.be\/app\/uploads\/sites\/107\/2021\/12\/Publication-1536x1536.png 1536w, https:\/\/web.umons.ac.be\/app\/uploads\/sites\/107\/2021\/12\/Publication-2048x2048.png 2048w, https:\/\/web.umons.ac.be\/app\/uploads\/sites\/107\/2021\/12\/Publication-660x660.png 660w, https:\/\/web.umons.ac.be\/app\/uploads\/sites\/107\/2021\/12\/Publication-30x30.png 30w, https:\/\/web.umons.ac.be\/app\/uploads\/sites\/107\/2021\/12\/Publication-80x80.png 80w, https:\/\/web.umons.ac.be\/app\/uploads\/sites\/107\/2021\/12\/Publication-60x60.png 60w, https:\/\/web.umons.ac.be\/app\/uploads\/sites\/107\/2021\/12\/Publication-360x360.png 360w, https:\/\/web.umons.ac.be\/app\/uploads\/sites\/107\/2021\/12\/Publication-400x400.png 400w, https:\/\/web.umons.ac.be\/app\/uploads\/sites\/107\/2021\/12\/Publication-200x200.png 200w\" sizes=\"auto, (max-width: 36px) 100vw, 36px\" \/><\/td>\n<td style=\"width: 79.7227%; height: 45px;\"><span style=\"font-size: 12pt;\"><a title=\"\" href=\"https:\/\/staff.umons.ac.be\/Eva.Goeseels\/pubsfr.html\" target=\"_blank\" rel=\"noopener\"><span style=\"color: #009ee0;\">Publications<\/span>\u00a0<\/a> (d\u00e9p\u00f4t institutionnel de l&rsquo;UMONS)<\/span><\/td>\n<\/tr>\n<tr style=\"height: 67px;\">\n<td style=\"width: 20.104%; height: 25px;\"><img loading=\"lazy\" decoding=\"async\" class=\"aligncenter wp-image-293\" src=\"https:\/\/web.umons.ac.be\/app\/uploads\/sites\/107\/2021\/12\/localisation-300x300.png\" alt=\"\" width=\"36\" height=\"36\" srcset=\"https:\/\/web.umons.ac.be\/app\/uploads\/sites\/107\/2021\/12\/localisation-300x300.png 300w, https:\/\/web.umons.ac.be\/app\/uploads\/sites\/107\/2021\/12\/localisation-1024x1024.png 1024w, https:\/\/web.umons.ac.be\/app\/uploads\/sites\/107\/2021\/12\/localisation-150x150.png 150w, https:\/\/web.umons.ac.be\/app\/uploads\/sites\/107\/2021\/12\/localisation-768x768.png 768w, https:\/\/web.umons.ac.be\/app\/uploads\/sites\/107\/2021\/12\/localisation-1536x1536.png 1536w, https:\/\/web.umons.ac.be\/app\/uploads\/sites\/107\/2021\/12\/localisation-2048x2048.png 2048w, https:\/\/web.umons.ac.be\/app\/uploads\/sites\/107\/2021\/12\/localisation-660x660.png 660w, https:\/\/web.umons.ac.be\/app\/uploads\/sites\/107\/2021\/12\/localisation-30x30.png 30w, https:\/\/web.umons.ac.be\/app\/uploads\/sites\/107\/2021\/12\/localisation-80x80.png 80w, https:\/\/web.umons.ac.be\/app\/uploads\/sites\/107\/2021\/12\/localisation-60x60.png 60w, https:\/\/web.umons.ac.be\/app\/uploads\/sites\/107\/2021\/12\/localisation-360x360.png 360w, https:\/\/web.umons.ac.be\/app\/uploads\/sites\/107\/2021\/12\/localisation-400x400.png 400w, https:\/\/web.umons.ac.be\/app\/uploads\/sites\/107\/2021\/12\/localisation-200x200.png 200w\" sizes=\"auto, (max-width: 36px) 100vw, 36px\" \/><\/td>\n<td style=\"width: 79.7227%; height: 25px;\"><span style=\"font-size: 12pt;\"><a href=\"https:\/\/www.google.com\/maps\/place\/Pl.+du+Parc+18,+7000+Mons\/@50.4585126,3.9510433,125m\/data=!3m1!1e3!4m13!1m7!3m6!1s0x47c2501d1ebb7ab5:0x88027658dda734d0!2sPl.+du+Parc+18,+7000+Mons!3b1!8m2!3d50.4585422!4d3.9515201!3m4!1s0x47c2501d1ebb7ab5:0x88027658dda734d0!8m2!3d50.4585422!4d3.9515201\" target=\"_blank\" rel=\"noopener\"><span style=\"color: #009ee0;\">18, Place du Parc (-1)<\/span><\/a><\/span><\/td>\n<\/tr>\n<\/tbody>\n<\/table>\n<p>&nbsp;<\/p>\n<h4><span class=\"ms-rteCustom-TexteBleu\" style=\"color: #00abcc;\">Parcours<\/span><\/h4>\n<p>Dipl\u00f4m\u00e9e d&rsquo;un bachelier en sciences psychologiques et de l&rsquo;\u00e9ducation, orientation logop\u00e9die de l&rsquo;Universit\u00e9 de Mons, et ensuite d&rsquo;un master en logop\u00e9die \u00e0 l&rsquo;Universit\u00e9 Libre de Bruxelles, c&rsquo;est en septembre 2021 qu&rsquo;Eva Goeseels rejoint le Service de M\u00e9trologie et Sciences du Langage de l&rsquo;UMONS. Elle y occupe le poste de logop\u00e8de, dans le cadre duquel elle assiste un certain nombre de cours dispens\u00e9s aux \u00e9tudiants de logop\u00e9die, et apporte son expertise de logop\u00e8de au profit des \u00e9tudiants et des membres du Service. Elle participe \u00e9galement \u00e0 divers travaux de recherche d\u00e9velopp\u00e9s par le Service, notamment des travaux en collaboration avec l&rsquo;Office de la Naissance et de l&rsquo;Enfance (ONE) visant \u00e0 l&rsquo;\u00e9tude du d\u00e9veloppement du langage oral chez l&rsquo;enfant, et \u00e0 l&rsquo;importance de l&rsquo;implication parentale dans ce d\u00e9veloppement. Eva Goeseels est \u00e9galement int\u00e9ress\u00e9e par diff\u00e9rents sujets de recherche tels que la convergence phon\u00e9tique chez l&rsquo;enfant et l&rsquo;adulte, le trouble du spectre de l&rsquo;autisme chez l&rsquo;enfant, etc.<\/p>\n<p style=\"padding-left: 40px;\">\n","protected":false},"excerpt":{"rendered":"<p>Eva Goeseels eva.goeseels@umons.ac.be Publications\u00a0 (d\u00e9p\u00f4t institutionnel de l&rsquo;UMONS) 18, Place du Parc (-1) &nbsp; Parcours Dipl\u00f4m\u00e9e d&rsquo;un bachelier en sciences psychologiques et de l&rsquo;\u00e9ducation, orientation logop\u00e9die de l&rsquo;Universit\u00e9 de Mons, et ensuite d&rsquo;un master en logop\u00e9die \u00e0 l&rsquo;Universit\u00e9 Libre de Bruxelles, c&rsquo;est en septembre 2021 qu&rsquo;Eva Goeseels rejoint le Service de M\u00e9trologie et Sciences du [&hellip;]<\/p>\n","protected":false},"author":21,"featured_media":0,"parent":0,"menu_order":0,"comment_status":"closed","ping_status":"closed","template":"","meta":{"footnotes":""},"class_list":["post-425","page","type-page","status-publish","hentry"],"yoast_head":"<!-- This site is optimized with the Yoast SEO plugin v27.2 - https:\/\/yoast.com\/product\/yoast-seo-wordpress\/ -->\n<title>Eva Goeseels - Service \/ FPSE - M\u00e9trologie et Sciences du langage<\/title>\n<meta name=\"robots\" content=\"index, follow, max-snippet:-1, max-image-preview:large, max-video-preview:-1\" \/>\n<link rel=\"canonical\" href=\"https:\/\/web.umons.ac.be\/smsl\/eva-goeseels\/\" \/>\n<meta property=\"og:locale\" content=\"fr_FR\" \/>\n<meta property=\"og:type\" content=\"article\" \/>\n<meta property=\"og:title\" content=\"Eva Goeseels - Service \/ FPSE - M\u00e9trologie et Sciences du langage\" \/>\n<meta property=\"og:description\" content=\"Eva Goeseels eva.goeseels@umons.ac.be Publications\u00a0 (d\u00e9p\u00f4t institutionnel de l&rsquo;UMONS) 18, Place du Parc (-1) &nbsp; Parcours Dipl\u00f4m\u00e9e d&rsquo;un bachelier en sciences psychologiques et de l&rsquo;\u00e9ducation, orientation logop\u00e9die de l&rsquo;Universit\u00e9 de Mons, et ensuite d&rsquo;un master en logop\u00e9die \u00e0 l&rsquo;Universit\u00e9 Libre de Bruxelles, c&rsquo;est en septembre 2021 qu&rsquo;Eva Goeseels rejoint le Service de M\u00e9trologie et Sciences du [&hellip;]\" \/>\n<meta property=\"og:url\" content=\"https:\/\/web.umons.ac.be\/smsl\/eva-goeseels\/\" \/>\n<meta property=\"og:site_name\" content=\"Service \/ FPSE - M\u00e9trologie et Sciences du langage\" \/>\n<meta property=\"article:modified_time\" content=\"2025-09-11T08:11:55+00:00\" \/>\n<meta property=\"og:image\" content=\"https:\/\/web.umons.ac.be\/app\/uploads\/sites\/107\/2021\/12\/PHOTO-KH.jpg\" \/>\n\t<meta property=\"og:image:width\" content=\"1273\" \/>\n\t<meta property=\"og:image:height\" content=\"1491\" \/>\n\t<meta property=\"og:image:type\" content=\"image\/jpeg\" \/>\n<meta name=\"twitter:card\" content=\"summary_large_image\" \/>\n<meta name=\"twitter:label1\" content=\"Dur\u00e9e de lecture estim\u00e9e\" \/>\n\t<meta name=\"twitter:data1\" content=\"2 minutes\" \/>\n<script type=\"application\/ld+json\" class=\"yoast-schema-graph\">{\"@context\":\"https:\/\/schema.org\",\"@graph\":[{\"@type\":\"WebPage\",\"@id\":\"https:\/\/web.umons.ac.be\/smsl\/eva-goeseels\/\",\"url\":\"https:\/\/web.umons.ac.be\/smsl\/eva-goeseels\/\",\"name\":\"Eva Goeseels - Service \/ FPSE - M\u00e9trologie et Sciences du langage\",\"isPartOf\":{\"@id\":\"https:\/\/web.umons.ac.be\/smsl\/#website\"},\"primaryImageOfPage\":{\"@id\":\"https:\/\/web.umons.ac.be\/smsl\/eva-goeseels\/#primaryimage\"},\"image\":{\"@id\":\"https:\/\/web.umons.ac.be\/smsl\/eva-goeseels\/#primaryimage\"},\"thumbnailUrl\":\"https:\/\/web.umons.ac.be\/app\/uploads\/sites\/107\/2022\/03\/EvaGoeseels.png\",\"datePublished\":\"2022-03-29T10:42:11+00:00\",\"dateModified\":\"2025-09-11T08:11:55+00:00\",\"breadcrumb\":{\"@id\":\"https:\/\/web.umons.ac.be\/smsl\/eva-goeseels\/#breadcrumb\"},\"inLanguage\":\"fr-FR\",\"potentialAction\":[{\"@type\":\"ReadAction\",\"target\":[\"https:\/\/web.umons.ac.be\/smsl\/eva-goeseels\/\"]}]},{\"@type\":\"ImageObject\",\"inLanguage\":\"fr-FR\",\"@id\":\"https:\/\/web.umons.ac.be\/smsl\/eva-goeseels\/#primaryimage\",\"url\":\"https:\/\/web.umons.ac.be\/app\/uploads\/sites\/107\/2022\/03\/EvaGoeseels.png\",\"contentUrl\":\"https:\/\/web.umons.ac.be\/app\/uploads\/sites\/107\/2022\/03\/EvaGoeseels.png\"},{\"@type\":\"BreadcrumbList\",\"@id\":\"https:\/\/web.umons.ac.be\/smsl\/eva-goeseels\/#breadcrumb\",\"itemListElement\":[{\"@type\":\"ListItem\",\"position\":1,\"name\":\"Home\",\"item\":\"https:\/\/web.umons.ac.be\/smsl\/\"},{\"@type\":\"ListItem\",\"position\":2,\"name\":\"Eva Goeseels\"}]},{\"@type\":\"WebSite\",\"@id\":\"https:\/\/web.umons.ac.be\/smsl\/#website\",\"url\":\"https:\/\/web.umons.ac.be\/smsl\/\",\"name\":\"Service \/ FPSE - M\u00e9trologie et Sciences du langage\",\"description\":\"\",\"potentialAction\":[{\"@type\":\"SearchAction\",\"target\":{\"@type\":\"EntryPoint\",\"urlTemplate\":\"https:\/\/web.umons.ac.be\/smsl\/?s={search_term_string}\"},\"query-input\":{\"@type\":\"PropertyValueSpecification\",\"valueRequired\":true,\"valueName\":\"search_term_string\"}}],\"inLanguage\":\"fr-FR\"}]}<\/script>\n<!-- \/ Yoast SEO plugin. -->","yoast_head_json":{"title":"Eva Goeseels - Service \/ FPSE - M\u00e9trologie et Sciences du langage","robots":{"index":"index","follow":"follow","max-snippet":"max-snippet:-1","max-image-preview":"max-image-preview:large","max-video-preview":"max-video-preview:-1"},"canonical":"https:\/\/web.umons.ac.be\/smsl\/eva-goeseels\/","og_locale":"fr_FR","og_type":"article","og_title":"Eva Goeseels - Service \/ FPSE - M\u00e9trologie et Sciences du langage","og_description":"Eva Goeseels eva.goeseels@umons.ac.be Publications\u00a0 (d\u00e9p\u00f4t institutionnel de l&rsquo;UMONS) 18, Place du Parc (-1) &nbsp; Parcours Dipl\u00f4m\u00e9e d&rsquo;un bachelier en sciences psychologiques et de l&rsquo;\u00e9ducation, orientation logop\u00e9die de l&rsquo;Universit\u00e9 de Mons, et ensuite d&rsquo;un master en logop\u00e9die \u00e0 l&rsquo;Universit\u00e9 Libre de Bruxelles, c&rsquo;est en septembre 2021 qu&rsquo;Eva Goeseels rejoint le Service de M\u00e9trologie et Sciences du [&hellip;]","og_url":"https:\/\/web.umons.ac.be\/smsl\/eva-goeseels\/","og_site_name":"Service \/ FPSE - M\u00e9trologie et Sciences du langage","article_modified_time":"2025-09-11T08:11:55+00:00","og_image":[{"width":1273,"height":1491,"url":"https:\/\/web.umons.ac.be\/app\/uploads\/sites\/107\/2021\/12\/PHOTO-KH.jpg","type":"image\/jpeg"}],"twitter_card":"summary_large_image","twitter_misc":{"Dur\u00e9e de lecture estim\u00e9e":"2 minutes"},"schema":{"@context":"https:\/\/schema.org","@graph":[{"@type":"WebPage","@id":"https:\/\/web.umons.ac.be\/smsl\/eva-goeseels\/","url":"https:\/\/web.umons.ac.be\/smsl\/eva-goeseels\/","name":"Eva Goeseels - Service \/ FPSE - M\u00e9trologie et Sciences du langage","isPartOf":{"@id":"https:\/\/web.umons.ac.be\/smsl\/#website"},"primaryImageOfPage":{"@id":"https:\/\/web.umons.ac.be\/smsl\/eva-goeseels\/#primaryimage"},"image":{"@id":"https:\/\/web.umons.ac.be\/smsl\/eva-goeseels\/#primaryimage"},"thumbnailUrl":"https:\/\/web.umons.ac.be\/app\/uploads\/sites\/107\/2022\/03\/EvaGoeseels.png","datePublished":"2022-03-29T10:42:11+00:00","dateModified":"2025-09-11T08:11:55+00:00","breadcrumb":{"@id":"https:\/\/web.umons.ac.be\/smsl\/eva-goeseels\/#breadcrumb"},"inLanguage":"fr-FR","potentialAction":[{"@type":"ReadAction","target":["https:\/\/web.umons.ac.be\/smsl\/eva-goeseels\/"]}]},{"@type":"ImageObject","inLanguage":"fr-FR","@id":"https:\/\/web.umons.ac.be\/smsl\/eva-goeseels\/#primaryimage","url":"https:\/\/web.umons.ac.be\/app\/uploads\/sites\/107\/2022\/03\/EvaGoeseels.png","contentUrl":"https:\/\/web.umons.ac.be\/app\/uploads\/sites\/107\/2022\/03\/EvaGoeseels.png"},{"@type":"BreadcrumbList","@id":"https:\/\/web.umons.ac.be\/smsl\/eva-goeseels\/#breadcrumb","itemListElement":[{"@type":"ListItem","position":1,"name":"Home","item":"https:\/\/web.umons.ac.be\/smsl\/"},{"@type":"ListItem","position":2,"name":"Eva Goeseels"}]},{"@type":"WebSite","@id":"https:\/\/web.umons.ac.be\/smsl\/#website","url":"https:\/\/web.umons.ac.be\/smsl\/","name":"Service \/ FPSE - M\u00e9trologie et Sciences du langage","description":"","potentialAction":[{"@type":"SearchAction","target":{"@type":"EntryPoint","urlTemplate":"https:\/\/web.umons.ac.be\/smsl\/?s={search_term_string}"},"query-input":{"@type":"PropertyValueSpecification","valueRequired":true,"valueName":"search_term_string"}}],"inLanguage":"fr-FR"}]}},"lang":"fr","translations":{"fr":425},"pll_sync_post":[],"_links":{"self":[{"href":"https:\/\/web.umons.ac.be\/smsl\/wp-json\/wp\/v2\/pages\/425","targetHints":{"allow":["GET"]}}],"collection":[{"href":"https:\/\/web.umons.ac.be\/smsl\/wp-json\/wp\/v2\/pages"}],"about":[{"href":"https:\/\/web.umons.ac.be\/smsl\/wp-json\/wp\/v2\/types\/page"}],"author":[{"embeddable":true,"href":"https:\/\/web.umons.ac.be\/smsl\/wp-json\/wp\/v2\/users\/21"}],"replies":[{"embeddable":true,"href":"https:\/\/web.umons.ac.be\/smsl\/wp-json\/wp\/v2\/comments?post=425"}],"version-history":[{"count":4,"href":"https:\/\/web.umons.ac.be\/smsl\/wp-json\/wp\/v2\/pages\/425\/revisions"}],"predecessor-version":[{"id":876,"href":"https:\/\/web.umons.ac.be\/smsl\/wp-json\/wp\/v2\/pages\/425\/revisions\/876"}],"wp:attachment":[{"href":"https:\/\/web.umons.ac.be\/smsl\/wp-json\/wp\/v2\/media?parent=425"}],"curies":[{"name":"wp","href":"https:\/\/api.w.org\/{rel}","templated":true}]}}