{"id":450,"date":"2022-04-07T08:39:09","date_gmt":"2022-04-07T06:39:09","guid":{"rendered":"https:\/\/web.umons.ac.be\/smsl\/?page_id=450"},"modified":"2025-08-08T16:03:05","modified_gmt":"2025-08-08T14:03:05","slug":"theses_du_smsl","status":"publish","type":"page","link":"https:\/\/web.umons.ac.be\/smsl\/theses_du_smsl\/","title":{"rendered":"Th\u00e8ses du SMSL"},"content":{"rendered":"<p><span style=\"font-size: 18pt; color: #bb0032;\">Th\u00e8ses du SMSL<\/span><\/p>\n<p><span style=\"font-size: 14pt; color: #009ee0;\">Th\u00e8ses en cours<\/span><\/p>\n<ul>\n<li>DEGHORAIN Pauline, <strong>\u00ab\u00a0Identification d\u2019indices acoustiques pertinents pour une meilleure caract\u00e9risation de la parole dysarthrique\u00a0\u00bb<\/strong>, Promoteur : ROLAND Virginie, Co-promoteur : HUET Kathy, Membres du Comit\u00e9 d\u2019accompagnement : PERNON Michaela, PICCALUGA Myriam, DELVAUX V\u00e9ronique, Pr\u00e9sidente du comit\u00e9 d\u2019accompagnement : SIMOES LOUREIRO Isabelle, 01\/02\/2024<\/li>\n<li>TERNY Lola, \u00ab\u00a0<strong>Etude de la reconnaissance vocale des \u00e9motions chez les enfants bilingues : quel effet du bilinguisme sur la trajectoire d\u00e9veloppementale de la prosodie \u00e9motionnelle ?\u00a0\u00bb<\/strong>, Promoteur : PICCALUGA Myriam, Co-promoteur HUET Kathy, Membres du Comit\u00e9 d\u2019accompagnement : RANCON Julie, HARMEGNIES Bernard, DELVAUX V\u00e9ronique, Pr\u00e9sident du Comit\u00e9 d\u2019accompagnement\u00a0: ROSSIGNOL Mandy, 15\/09\/2021<\/li>\n<li>DEGAND Mathilde, \u00ab\u00a0<strong>De\u0301veloppement d&rsquo;un outil diagnostic centre\u0301 sur les capacite\u0301s communicationnelles et d&rsquo;une prise en charge de la de\u0301pression dans la maladie d&rsquo;Alzheimer au stade se\u0301ve\u0300re.\u00a0\u00bb<\/strong>, Promoteur : ROLAND Virginie,\u00a0Co-promoteur HUET Kathy, Membres du Comit\u00e9 d\u2019accompagnement : DENIS Jennifer, SIMOES LOUREIRO Isabelle, Pr\u00e9sident du Comit\u00e9 d\u2019accompagnement\u00a0:\u00a0??, 07\/09\/2021<\/li>\n<li>DENEUBOURG Sylvain, \u00ab\u00a0<strong>Troubles\/difficulte\u0301s en lecture et en orthographe en FWB: profils cognitifs, strate\u0301gies d&rsquo;apprentissage et aides pe\u0301dagogiques adapte\u0301es.\u00a0\u00bb<\/strong>, Promoteur : VERHAEGEN Cle\u0301mence, Co-Promoteur : PICCALUGA Myriam, Membres du Comit\u00e9 d\u2019accompagnement : HUET Kathy, ??, Pr\u00e9sident du Comit\u00e9 d\u2019accompagnement : ??, 15\/09\/2021<\/li>\n<li>LOMBART Clara, \u00ab\u00a0<strong>Les strat\u00e9gies de marquage prosodique du focus contrastif utilis\u00e9es en fran\u00e7ais (consid\u00e9r\u00e9 de mani\u00e8re multimodale) et en langue des signes de Belgique francophone (LSFB) par des bilingues bimodaux (fran\u00e7ais-LSFB) et par des locuteurs et signeurs unilingues.\u00a0\u00bb<\/strong>, Th\u00e8se en co-tutelle\u00a0: HUET Kathy Promoteur UMONS, MEURANT Laurence Promoteur UNAMUR, Membres du Comit\u00e9 d\u2019accompagnement : FERRE Ga\u00eblle, Anne Catherine Simon, Pr\u00e9sident du Comit\u00e9 d\u2019accompagnement : DELVAUX V\u00e9ronique, 15\/09\/2020.<\/li>\n<li>INGLESE Claire-He\u0301le\u0300ne, \u00ab\u00a0<strong>Qualite\u0301s vocales, chant, identite\u0301 : approches psycho-pe\u0301dagogiques des relations entre voix et fonctionnement langagier.\u00a0\u00bb<\/strong>, Promoteur : HARMEGNIES Bernard, Co- promoteur : DELVAUX Ve\u0301ronique, 20\/10\/2020<\/li>\n<li>VAN MALDEREN Sophie, \u00ab\u00a0<strong>Preschool\u2019s teachers beliefs about child development and language acquisition.<\/strong><strong> Impact on curriculum and management of classroom.<\/strong><strong>\u00ab\u00a0<\/strong>, Promoteur : DELVAUX Ve\u0301ronique, Co- promoteur : PICCALUGA Myriam, Membres du Comite\u0301 d&rsquo;accompagnement : HARMEGNIES Bernard, HUET Kathy, Pre\u0301sident du Comite\u0301 d&rsquo;accompagnement : ROSSIGNOL Mandy, 28\/09\/2017<\/li>\n<li>BROHE Sarah, \u00ab\u00a0<strong>Approches psycholinguistiques du traitement de la matie\u0300re phonique (perception et production) en apprentissage de la L2 sous l\u2019effet de variables linguistiques et cognitives.\u00a0\u00bb<\/strong>, Promoteur : HARMEGNIES Bernard, Co-promoteur : PICCALUGA Myriam, Membre du Comite\u0301 d&rsquo;accompagnement : DELVAUX Ve\u0301ronique, NESPOULOUS Jean-Luc, HUET Kathy, Pre\u0301sident du Comite\u0301 d&rsquo;accompagnement : LEFEBVRE Laurent, 03\/09\/2010<\/li>\n<li>HUANG Yizhi, \u00ab\u00a0<strong>Processus d&rsquo;acquisition du chinois mandarin par les francophones et du franc\u0327ais par les sinophones du chinois standard.\u00a0\u00bb<\/strong>, Promoteur : HARMEGNIES Bernard, Co-promoteur : ZHANG Guoxian, Membre du Comite\u0301 d&rsquo;accompagnement : DELVAUX Ve\u0301ronique, HUET Kathy, PICCALUGA Myriam, Pre\u0301sident du Comite\u0301 d&rsquo;accompagnement : BRUYNINCKX Marielle, 25\/02\/2016<\/li>\n<li>GIOIELLA Marina, \u00ab\u00a0<strong>En quoi la correction phone\u0301tique &#8211; via une strate\u0301gie d\u2019intervention base\u0301e sur le suprasegmental &#8211; permet-elle d\u2019ame\u0301liorer la production segmentale en franc\u0327ais par des sujets hispanophones ?\u00a0\u00bb<\/strong>, Promoteur : FRANCISCO SANCHEZ Gonzalo, Co-promoteur : DELVAUX V\u00e9ronique, Membre du Comite\u0301 d&rsquo;accompagnement : HARMEGNIES Bernard, HUET Kathy, BILLIERES Michel, Pre\u0301sident du Comite\u0301 d&rsquo;accompagnement : BERRE Michel, 09\/01\/2015<\/li>\n<li>GOESEELS Eva, \u00ab <strong>Flexibilit\u00e9 phon\u00e9tique et autisme.<\/strong> \u00bb, Promoteur : DELVAUX V\u00e9ronique, Co-Promoteur : HUET Kathy, 15\/09\/2022<\/li>\n<li>NOPERE Martin, \u00ab\u00a0en cours de r\u00e9flexion\u00a0\u00bb, Promoteur\u00a0: HUET Kathy, 15\/09\/2022<\/li>\n<\/ul>\n<p>&nbsp;<\/p>\n<p><span style=\"color: #009ee0; font-size: 14pt;\">Th\u00e8ses d\u00e9fendues<\/span><\/p>\n<ul>\n<li>FAGNIART Sophie, \u00ab\u00a0<strong>Traitement des sons de parole par des enfants porteurs d\u2019implants<br \/>\ncochl\u00e9aires : quel impact sur le d\u00e9veloppement linguistique ? Analyse des profils de production acoustique et mise en lien avec les composantes phonologique et morphosyntaxique\u00a0\u00bb<\/strong>, Promoteur : HUET Kathy, Co-promoteur : PICCALUGA Myriam, Membres du jury : CROUZET Olivier, GRANDON Be\u0301ne\u0301dicte, LAHAYE Willy, LEYBAERT Jacqueline, RINALDI Romina, 25\/10\/2024<\/li>\n<li>MASELLI Lorenzo, \u00ab\u00a0<strong>Documenting the sounds of the West-Coastal Bantu languages of the Lower Kasai region (DR Congo) : an integrated phonetic and diachronic-phonological approach.<\/strong><strong>\u00ab\u00a0<\/strong>, co-tutelle UMONS &#8211; UGent, Promoteur UMONS : DELVAUX V\u00e9ronique, Promoteurs UGent : PACCHIAROTTI Sara et BOSTOEN Koen, Membres du jury : VAN STEENBERGEN Jo (chair), ADENEKAN Olorunshola (rapporteur), CROCCO Claudia, HANTGAN-SONKO Abbie, HUET Kathy, KULA Nancy, RIDOUANE Rachid, 21\/06\/2024<\/li>\n<li>WEYLAND Marielle, \u00ab\u00a0<strong>Quantitative and qualitative analyses of (pre)verbal productions of children with high- and low- likelihood of autism. How speech-like do they really sound ?\u00a0\u00bb<\/strong>, Co-tutelle UMONS-ULB, Promoteur UMONS : DELVAUX V\u00e9ronique, Promoteur ULB : KISSINE Mikhail, Membres du jury : CHENAUSKY Karen, HARMEGNIES Bernard, SAUL Jo, WILLAYE Eric, 07\/03\/2024<\/li>\n<li>PHILIPPART DE FOY Marie, \u00ab\u00a0<strong>Le d\u00e9veloppement du langage chez l&rsquo;enfant pr\u00e9scolaire bilingue simultan\u00e9. Effets de l&rsquo;\u00e2ge et du type de combinaison linguistique sur la ma\u00eetrise de l&rsquo;oral.\u00a0\u00bb<\/strong>, Promoteur : PICCALUGA Myriam, Co-promoteur : HUET Kathy, Membres du jury : GAUGUE Justine, LEFEBVRE Laurent, WAUQUIER Sophie, WINKLER-KEHOE Margaret, 20\/12\/2019<\/li>\n<li>ROLAND Virginie, \u00ab\u00a0<strong>Analyse du contr\u00f4le moteur lors la production de glides et \u00e9tude de la qualit\u00e9 de vie chez des personnes francophones atteintes de la maladie de Parkinson.\u00a0\u00bb<\/strong>, Promoteur : HARMEGNIES Bernard, Membres du jury : <span id=\"ctl00_MainContent_DVxPubs_IT2_LblXML\">ABOU HAIDAR Laura, CHERON Guy, <\/span><span id=\"ctl00_MainContent_DVxPubs_IT2_LblXML\">HIRSCH Fabrice, LAHAYE Willy,<\/span> 06\/07\/2019<\/li>\n<li>LECHIEN J\u00e9r\u00f4me, \u00ab\u00a0<strong>Analyse objective et subjective de la voix dans les pathologies neurologiques et ORL.\u00a0\u00bb<\/strong>, Promoteur : SAUSSEZ Sven, Co-promoteur : HARMEGNIES Bernard, Membres du jury :CHANTRAIN Gilbert, CREVIER-BUCHMAN Lise, HUET Kathy, FINCK Camille, LEGRAND Alexandre, SOCK Rudolph, 29\/05\/2017<\/li>\n<li>BAYET Nathalie, \u00ab\u00a0<strong>Analyse de la prise d\u2019information en fonction de la libert\u00e9 de parcours qu\u2019offre l\u2019hyperdocument : Etude aupr\u00e8s d\u2019enfants de 8 et 11 ans.\u00a0\u00bb<\/strong>, Promoteur : HUET Kathy, Co-promoteur : MANCAS Matei, Membres du jury : DE LIEVRE Bruno, DEPOVER Christian, HARMEGNIES Bernard, LELEU-MERVIEL Sylvie, TRICOT Andr\u00e9, 09\/09\/2016<\/li>\n<li>EL KHLOUFI Ahmed, \u00ab\u00a0<strong>Impact de la ma\u00eetrise des comp\u00e9tences linguistiques sur la r\u00e9ussite scolaire des syst\u00e8mes \u00e9ducatifs caract\u00e9ris\u00e9s par le changement de la langue d\u2019enseignement : cas du syst\u00e8me \u00e9ducatif marocain.\u00a0\u00bb<\/strong>, Promoteur : DUPONT Pol, Co-promoteur : HUET Kathy, 10\/12\/2005<\/li>\n<\/ul>\n","protected":false},"excerpt":{"rendered":"<p>Th\u00e8ses du SMSL Th\u00e8ses en cours DEGHORAIN Pauline, \u00ab\u00a0Identification d\u2019indices acoustiques pertinents pour une meilleure caract\u00e9risation de la parole dysarthrique\u00a0\u00bb, Promoteur : ROLAND Virginie, Co-promoteur : HUET Kathy, Membres du Comit\u00e9 d\u2019accompagnement : PERNON Michaela, PICCALUGA Myriam, DELVAUX V\u00e9ronique, Pr\u00e9sidente du comit\u00e9 d\u2019accompagnement : SIMOES LOUREIRO Isabelle, 01\/02\/2024 TERNY Lola, \u00ab\u00a0Etude de la reconnaissance vocale [&hellip;]<\/p>\n","protected":false},"author":21,"featured_media":0,"parent":0,"menu_order":0,"comment_status":"closed","ping_status":"closed","template":"","meta":{"footnotes":""},"class_list":["post-450","page","type-page","status-publish","hentry"],"yoast_head":"<!-- This site is optimized with the Yoast SEO plugin v27.2 - https:\/\/yoast.com\/product\/yoast-seo-wordpress\/ -->\n<title>Th\u00e8ses du SMSL - Service \/ FPSE - M\u00e9trologie et Sciences du langage<\/title>\n<meta name=\"robots\" content=\"index, follow, max-snippet:-1, max-image-preview:large, max-video-preview:-1\" \/>\n<link rel=\"canonical\" href=\"https:\/\/web.umons.ac.be\/smsl\/theses_du_smsl\/\" \/>\n<meta property=\"og:locale\" content=\"fr_FR\" \/>\n<meta property=\"og:type\" content=\"article\" \/>\n<meta property=\"og:title\" content=\"Th\u00e8ses du SMSL - Service \/ FPSE - M\u00e9trologie et Sciences du langage\" \/>\n<meta property=\"og:description\" content=\"Th\u00e8ses du SMSL Th\u00e8ses en cours DEGHORAIN Pauline, \u00ab\u00a0Identification d\u2019indices acoustiques pertinents pour une meilleure caract\u00e9risation de la parole dysarthrique\u00a0\u00bb, Promoteur : ROLAND Virginie, Co-promoteur : HUET Kathy, Membres du Comit\u00e9 d\u2019accompagnement : PERNON Michaela, PICCALUGA Myriam, DELVAUX V\u00e9ronique, Pr\u00e9sidente du comit\u00e9 d\u2019accompagnement : SIMOES LOUREIRO Isabelle, 01\/02\/2024 TERNY Lola, \u00ab\u00a0Etude de la reconnaissance vocale [&hellip;]\" \/>\n<meta property=\"og:url\" content=\"https:\/\/web.umons.ac.be\/smsl\/theses_du_smsl\/\" \/>\n<meta property=\"og:site_name\" content=\"Service \/ FPSE - M\u00e9trologie et Sciences du langage\" \/>\n<meta property=\"article:modified_time\" content=\"2025-08-08T14:03:05+00:00\" \/>\n<meta name=\"twitter:card\" content=\"summary_large_image\" \/>\n<meta name=\"twitter:label1\" content=\"Dur\u00e9e de lecture estim\u00e9e\" \/>\n\t<meta name=\"twitter:data1\" content=\"5 minutes\" \/>\n<script type=\"application\/ld+json\" class=\"yoast-schema-graph\">{\"@context\":\"https:\/\/schema.org\",\"@graph\":[{\"@type\":\"WebPage\",\"@id\":\"https:\/\/web.umons.ac.be\/smsl\/theses_du_smsl\/\",\"url\":\"https:\/\/web.umons.ac.be\/smsl\/theses_du_smsl\/\",\"name\":\"Th\u00e8ses du SMSL - Service \/ FPSE - M\u00e9trologie et Sciences du langage\",\"isPartOf\":{\"@id\":\"https:\/\/web.umons.ac.be\/smsl\/#website\"},\"datePublished\":\"2022-04-07T06:39:09+00:00\",\"dateModified\":\"2025-08-08T14:03:05+00:00\",\"breadcrumb\":{\"@id\":\"https:\/\/web.umons.ac.be\/smsl\/theses_du_smsl\/#breadcrumb\"},\"inLanguage\":\"fr-FR\",\"potentialAction\":[{\"@type\":\"ReadAction\",\"target\":[\"https:\/\/web.umons.ac.be\/smsl\/theses_du_smsl\/\"]}]},{\"@type\":\"BreadcrumbList\",\"@id\":\"https:\/\/web.umons.ac.be\/smsl\/theses_du_smsl\/#breadcrumb\",\"itemListElement\":[{\"@type\":\"ListItem\",\"position\":1,\"name\":\"Home\",\"item\":\"https:\/\/web.umons.ac.be\/smsl\/\"},{\"@type\":\"ListItem\",\"position\":2,\"name\":\"Th\u00e8ses du SMSL\"}]},{\"@type\":\"WebSite\",\"@id\":\"https:\/\/web.umons.ac.be\/smsl\/#website\",\"url\":\"https:\/\/web.umons.ac.be\/smsl\/\",\"name\":\"Service \/ FPSE - M\u00e9trologie et Sciences du langage\",\"description\":\"\",\"potentialAction\":[{\"@type\":\"SearchAction\",\"target\":{\"@type\":\"EntryPoint\",\"urlTemplate\":\"https:\/\/web.umons.ac.be\/smsl\/?s={search_term_string}\"},\"query-input\":{\"@type\":\"PropertyValueSpecification\",\"valueRequired\":true,\"valueName\":\"search_term_string\"}}],\"inLanguage\":\"fr-FR\"}]}<\/script>\n<!-- \/ Yoast SEO plugin. -->","yoast_head_json":{"title":"Th\u00e8ses du SMSL - Service \/ FPSE - M\u00e9trologie et Sciences du langage","robots":{"index":"index","follow":"follow","max-snippet":"max-snippet:-1","max-image-preview":"max-image-preview:large","max-video-preview":"max-video-preview:-1"},"canonical":"https:\/\/web.umons.ac.be\/smsl\/theses_du_smsl\/","og_locale":"fr_FR","og_type":"article","og_title":"Th\u00e8ses du SMSL - Service \/ FPSE - M\u00e9trologie et Sciences du langage","og_description":"Th\u00e8ses du SMSL Th\u00e8ses en cours DEGHORAIN Pauline, \u00ab\u00a0Identification d\u2019indices acoustiques pertinents pour une meilleure caract\u00e9risation de la parole dysarthrique\u00a0\u00bb, Promoteur : ROLAND Virginie, Co-promoteur : HUET Kathy, Membres du Comit\u00e9 d\u2019accompagnement : PERNON Michaela, PICCALUGA Myriam, DELVAUX V\u00e9ronique, Pr\u00e9sidente du comit\u00e9 d\u2019accompagnement : SIMOES LOUREIRO Isabelle, 01\/02\/2024 TERNY Lola, \u00ab\u00a0Etude de la reconnaissance vocale [&hellip;]","og_url":"https:\/\/web.umons.ac.be\/smsl\/theses_du_smsl\/","og_site_name":"Service \/ FPSE - M\u00e9trologie et Sciences du langage","article_modified_time":"2025-08-08T14:03:05+00:00","twitter_card":"summary_large_image","twitter_misc":{"Dur\u00e9e de lecture estim\u00e9e":"5 minutes"},"schema":{"@context":"https:\/\/schema.org","@graph":[{"@type":"WebPage","@id":"https:\/\/web.umons.ac.be\/smsl\/theses_du_smsl\/","url":"https:\/\/web.umons.ac.be\/smsl\/theses_du_smsl\/","name":"Th\u00e8ses du SMSL - Service \/ FPSE - M\u00e9trologie et Sciences du langage","isPartOf":{"@id":"https:\/\/web.umons.ac.be\/smsl\/#website"},"datePublished":"2022-04-07T06:39:09+00:00","dateModified":"2025-08-08T14:03:05+00:00","breadcrumb":{"@id":"https:\/\/web.umons.ac.be\/smsl\/theses_du_smsl\/#breadcrumb"},"inLanguage":"fr-FR","potentialAction":[{"@type":"ReadAction","target":["https:\/\/web.umons.ac.be\/smsl\/theses_du_smsl\/"]}]},{"@type":"BreadcrumbList","@id":"https:\/\/web.umons.ac.be\/smsl\/theses_du_smsl\/#breadcrumb","itemListElement":[{"@type":"ListItem","position":1,"name":"Home","item":"https:\/\/web.umons.ac.be\/smsl\/"},{"@type":"ListItem","position":2,"name":"Th\u00e8ses du SMSL"}]},{"@type":"WebSite","@id":"https:\/\/web.umons.ac.be\/smsl\/#website","url":"https:\/\/web.umons.ac.be\/smsl\/","name":"Service \/ FPSE - M\u00e9trologie et Sciences du langage","description":"","potentialAction":[{"@type":"SearchAction","target":{"@type":"EntryPoint","urlTemplate":"https:\/\/web.umons.ac.be\/smsl\/?s={search_term_string}"},"query-input":{"@type":"PropertyValueSpecification","valueRequired":true,"valueName":"search_term_string"}}],"inLanguage":"fr-FR"}]}},"lang":"fr","translations":{"fr":450},"pll_sync_post":[],"_links":{"self":[{"href":"https:\/\/web.umons.ac.be\/smsl\/wp-json\/wp\/v2\/pages\/450","targetHints":{"allow":["GET"]}}],"collection":[{"href":"https:\/\/web.umons.ac.be\/smsl\/wp-json\/wp\/v2\/pages"}],"about":[{"href":"https:\/\/web.umons.ac.be\/smsl\/wp-json\/wp\/v2\/types\/page"}],"author":[{"embeddable":true,"href":"https:\/\/web.umons.ac.be\/smsl\/wp-json\/wp\/v2\/users\/21"}],"replies":[{"embeddable":true,"href":"https:\/\/web.umons.ac.be\/smsl\/wp-json\/wp\/v2\/comments?post=450"}],"version-history":[{"count":3,"href":"https:\/\/web.umons.ac.be\/smsl\/wp-json\/wp\/v2\/pages\/450\/revisions"}],"predecessor-version":[{"id":757,"href":"https:\/\/web.umons.ac.be\/smsl\/wp-json\/wp\/v2\/pages\/450\/revisions\/757"}],"wp:attachment":[{"href":"https:\/\/web.umons.ac.be\/smsl\/wp-json\/wp\/v2\/media?parent=450"}],"curies":[{"name":"wp","href":"https:\/\/api.w.org\/{rel}","templated":true}]}}