{"id":469,"date":"2022-04-07T17:53:24","date_gmt":"2022-04-07T15:53:24","guid":{"rendered":"https:\/\/web.umons.ac.be\/smsl\/?page_id=469"},"modified":"2025-10-06T14:32:13","modified_gmt":"2025-10-06T12:32:13","slug":"information-etudiants","status":"publish","type":"page","link":"https:\/\/web.umons.ac.be\/smsl\/information-etudiants\/","title":{"rendered":"Information Etudiants"},"content":{"rendered":"<p><span style=\"font-size: 18pt; color: #c40242;\">Informations pour les \u00e9tudiant(e)s\u00a0<\/span><\/p>\n<p>Tu es \u00e9tudiant(e) et tu souhaites mieux conna\u00eetre le Service de M\u00e9trologie et Sciences du Langage, les membres du Service, les grandes th\u00e9matiques d\u2019enseignement dont ils ont la charge, les th\u00e8mes de m\u00e9moires encadr\u00e9s et les stages supervis\u00e9s ?<\/p>\n<p>Cette pr\u00e9sentation est faite pour toi\u00a0!<\/p>\n<p>Pour toute information compl\u00e9mentaire, une seule adresse : <a href=\"mailto:smsl.fpse@umons.ac.be\">smsl.fpse@umons.ac.be<\/a><\/p>\n<div style=\"text-align: center;\"><iframe loading=\"lazy\" style=\"margin: 0 auto;\" src=\"\/\/v.calameo.com\/?bkcode=000265915fdd7071d401c&amp;mode=mini\" width=\"480\" height=\"300\" frameborder=\"0\" scrolling=\"no\" allowfullscreen=\"allowfullscreen\"><span data-mce-type=\"bookmark\" style=\"display: inline-block; width: 0px; overflow: hidden; line-height: 0;\" class=\"mce_SELRES_start\">\ufeff<\/span><span data-mce-type=\"bookmark\" style=\"display: inline-block; width: 0px; overflow: hidden; line-height: 0;\" class=\"mce_SELRES_start\">\ufeff<\/span><\/iframe><\/div>\n","protected":false},"excerpt":{"rendered":"<p>Informations pour les \u00e9tudiant(e)s\u00a0 Tu es \u00e9tudiant(e) et tu souhaites mieux conna\u00eetre le Service de M\u00e9trologie et Sciences du Langage, les membres du Service, les grandes th\u00e9matiques d\u2019enseignement dont ils ont la charge, les th\u00e8mes de m\u00e9moires encadr\u00e9s et les stages supervis\u00e9s ? Cette pr\u00e9sentation est faite pour toi\u00a0! Pour toute information compl\u00e9mentaire, une seule [&hellip;]<\/p>\n","protected":false},"author":21,"featured_media":0,"parent":0,"menu_order":0,"comment_status":"closed","ping_status":"closed","template":"","meta":{"footnotes":""},"class_list":["post-469","page","type-page","status-publish","hentry"],"yoast_head":"<!-- This site is optimized with the Yoast SEO plugin v27.2 - https:\/\/yoast.com\/product\/yoast-seo-wordpress\/ -->\n<title>Information Etudiants - Service \/ FPSE - M\u00e9trologie et Sciences du langage<\/title>\n<meta name=\"robots\" content=\"index, follow, max-snippet:-1, max-image-preview:large, max-video-preview:-1\" \/>\n<link rel=\"canonical\" href=\"https:\/\/web.umons.ac.be\/smsl\/information-etudiants\/\" \/>\n<meta property=\"og:locale\" content=\"fr_FR\" \/>\n<meta property=\"og:type\" content=\"article\" \/>\n<meta property=\"og:title\" content=\"Information Etudiants - Service \/ FPSE - M\u00e9trologie et Sciences du langage\" \/>\n<meta property=\"og:description\" content=\"Informations pour les \u00e9tudiant(e)s\u00a0 Tu es \u00e9tudiant(e) et tu souhaites mieux conna\u00eetre le Service de M\u00e9trologie et Sciences du Langage, les membres du Service, les grandes th\u00e9matiques d\u2019enseignement dont ils ont la charge, les th\u00e8mes de m\u00e9moires encadr\u00e9s et les stages supervis\u00e9s ? Cette pr\u00e9sentation est faite pour toi\u00a0! Pour toute information compl\u00e9mentaire, une seule [&hellip;]\" \/>\n<meta property=\"og:url\" content=\"https:\/\/web.umons.ac.be\/smsl\/information-etudiants\/\" \/>\n<meta property=\"og:site_name\" content=\"Service \/ FPSE - M\u00e9trologie et Sciences du langage\" \/>\n<meta property=\"article:modified_time\" content=\"2025-10-06T12:32:13+00:00\" \/>\n<meta name=\"twitter:card\" content=\"summary_large_image\" \/>\n<meta name=\"twitter:label1\" content=\"Dur\u00e9e de lecture estim\u00e9e\" \/>\n\t<meta name=\"twitter:data1\" content=\"1 minute\" \/>\n<script type=\"application\/ld+json\" class=\"yoast-schema-graph\">{\"@context\":\"https:\/\/schema.org\",\"@graph\":[{\"@type\":\"WebPage\",\"@id\":\"https:\/\/web.umons.ac.be\/smsl\/information-etudiants\/\",\"url\":\"https:\/\/web.umons.ac.be\/smsl\/information-etudiants\/\",\"name\":\"Information Etudiants - Service \/ FPSE - M\u00e9trologie et Sciences du langage\",\"isPartOf\":{\"@id\":\"https:\/\/web.umons.ac.be\/smsl\/#website\"},\"datePublished\":\"2022-04-07T15:53:24+00:00\",\"dateModified\":\"2025-10-06T12:32:13+00:00\",\"breadcrumb\":{\"@id\":\"https:\/\/web.umons.ac.be\/smsl\/information-etudiants\/#breadcrumb\"},\"inLanguage\":\"fr-FR\",\"potentialAction\":[{\"@type\":\"ReadAction\",\"target\":[\"https:\/\/web.umons.ac.be\/smsl\/information-etudiants\/\"]}]},{\"@type\":\"BreadcrumbList\",\"@id\":\"https:\/\/web.umons.ac.be\/smsl\/information-etudiants\/#breadcrumb\",\"itemListElement\":[{\"@type\":\"ListItem\",\"position\":1,\"name\":\"Home\",\"item\":\"https:\/\/web.umons.ac.be\/smsl\/\"},{\"@type\":\"ListItem\",\"position\":2,\"name\":\"Information Etudiants\"}]},{\"@type\":\"WebSite\",\"@id\":\"https:\/\/web.umons.ac.be\/smsl\/#website\",\"url\":\"https:\/\/web.umons.ac.be\/smsl\/\",\"name\":\"Service \/ FPSE - M\u00e9trologie et Sciences du langage\",\"description\":\"\",\"potentialAction\":[{\"@type\":\"SearchAction\",\"target\":{\"@type\":\"EntryPoint\",\"urlTemplate\":\"https:\/\/web.umons.ac.be\/smsl\/?s={search_term_string}\"},\"query-input\":{\"@type\":\"PropertyValueSpecification\",\"valueRequired\":true,\"valueName\":\"search_term_string\"}}],\"inLanguage\":\"fr-FR\"}]}<\/script>\n<!-- \/ Yoast SEO plugin. -->","yoast_head_json":{"title":"Information Etudiants - Service \/ FPSE - M\u00e9trologie et Sciences du langage","robots":{"index":"index","follow":"follow","max-snippet":"max-snippet:-1","max-image-preview":"max-image-preview:large","max-video-preview":"max-video-preview:-1"},"canonical":"https:\/\/web.umons.ac.be\/smsl\/information-etudiants\/","og_locale":"fr_FR","og_type":"article","og_title":"Information Etudiants - Service \/ FPSE - M\u00e9trologie et Sciences du langage","og_description":"Informations pour les \u00e9tudiant(e)s\u00a0 Tu es \u00e9tudiant(e) et tu souhaites mieux conna\u00eetre le Service de M\u00e9trologie et Sciences du Langage, les membres du Service, les grandes th\u00e9matiques d\u2019enseignement dont ils ont la charge, les th\u00e8mes de m\u00e9moires encadr\u00e9s et les stages supervis\u00e9s ? Cette pr\u00e9sentation est faite pour toi\u00a0! Pour toute information compl\u00e9mentaire, une seule [&hellip;]","og_url":"https:\/\/web.umons.ac.be\/smsl\/information-etudiants\/","og_site_name":"Service \/ FPSE - M\u00e9trologie et Sciences du langage","article_modified_time":"2025-10-06T12:32:13+00:00","twitter_card":"summary_large_image","twitter_misc":{"Dur\u00e9e de lecture estim\u00e9e":"1 minute"},"schema":{"@context":"https:\/\/schema.org","@graph":[{"@type":"WebPage","@id":"https:\/\/web.umons.ac.be\/smsl\/information-etudiants\/","url":"https:\/\/web.umons.ac.be\/smsl\/information-etudiants\/","name":"Information Etudiants - Service \/ FPSE - M\u00e9trologie et Sciences du langage","isPartOf":{"@id":"https:\/\/web.umons.ac.be\/smsl\/#website"},"datePublished":"2022-04-07T15:53:24+00:00","dateModified":"2025-10-06T12:32:13+00:00","breadcrumb":{"@id":"https:\/\/web.umons.ac.be\/smsl\/information-etudiants\/#breadcrumb"},"inLanguage":"fr-FR","potentialAction":[{"@type":"ReadAction","target":["https:\/\/web.umons.ac.be\/smsl\/information-etudiants\/"]}]},{"@type":"BreadcrumbList","@id":"https:\/\/web.umons.ac.be\/smsl\/information-etudiants\/#breadcrumb","itemListElement":[{"@type":"ListItem","position":1,"name":"Home","item":"https:\/\/web.umons.ac.be\/smsl\/"},{"@type":"ListItem","position":2,"name":"Information Etudiants"}]},{"@type":"WebSite","@id":"https:\/\/web.umons.ac.be\/smsl\/#website","url":"https:\/\/web.umons.ac.be\/smsl\/","name":"Service \/ FPSE - M\u00e9trologie et Sciences du langage","description":"","potentialAction":[{"@type":"SearchAction","target":{"@type":"EntryPoint","urlTemplate":"https:\/\/web.umons.ac.be\/smsl\/?s={search_term_string}"},"query-input":{"@type":"PropertyValueSpecification","valueRequired":true,"valueName":"search_term_string"}}],"inLanguage":"fr-FR"}]}},"lang":"fr","translations":{"fr":469},"pll_sync_post":[],"_links":{"self":[{"href":"https:\/\/web.umons.ac.be\/smsl\/wp-json\/wp\/v2\/pages\/469","targetHints":{"allow":["GET"]}}],"collection":[{"href":"https:\/\/web.umons.ac.be\/smsl\/wp-json\/wp\/v2\/pages"}],"about":[{"href":"https:\/\/web.umons.ac.be\/smsl\/wp-json\/wp\/v2\/types\/page"}],"author":[{"embeddable":true,"href":"https:\/\/web.umons.ac.be\/smsl\/wp-json\/wp\/v2\/users\/21"}],"replies":[{"embeddable":true,"href":"https:\/\/web.umons.ac.be\/smsl\/wp-json\/wp\/v2\/comments?post=469"}],"version-history":[{"count":3,"href":"https:\/\/web.umons.ac.be\/smsl\/wp-json\/wp\/v2\/pages\/469\/revisions"}],"predecessor-version":[{"id":892,"href":"https:\/\/web.umons.ac.be\/smsl\/wp-json\/wp\/v2\/pages\/469\/revisions\/892"}],"wp:attachment":[{"href":"https:\/\/web.umons.ac.be\/smsl\/wp-json\/wp\/v2\/media?parent=469"}],"curies":[{"name":"wp","href":"https:\/\/api.w.org\/{rel}","templated":true}]}}