{"id":491,"date":"2022-05-11T12:13:18","date_gmt":"2022-05-11T10:13:18","guid":{"rendered":"https:\/\/web.umons.ac.be\/smsl\/?page_id=491"},"modified":"2025-10-08T08:38:05","modified_gmt":"2025-10-08T06:38:05","slug":"offres-de-stage","status":"publish","type":"page","link":"https:\/\/web.umons.ac.be\/smsl\/offres-de-stage\/","title":{"rendered":"Offres de stages"},"content":{"rendered":"<p><span style=\"color: #cd004c; font-size: 14pt;\">Ann\u00e9e acad\u00e9mique 2025-2026<\/span><\/p>\n<p><span style=\"color: #00abcc;\">Stages de pratique clinique en psychologie<\/span><\/p>\n<p><em>\u00a0<\/em><em style=\"font-size: 14px;\">Pas de proposition actuellement (sur proposition de l&rsquo;\u00e9tudiant)<\/em><\/p>\n<p><span style=\"color: #00abcc;\">Stages de pratique en p\u00e9dagogie<\/span><\/p>\n<p><em style=\"font-size: 14px;\">Pas de proposition actuellement (sur proposition de l&rsquo;\u00e9tudiant)<\/em><\/p>\n<p><span style=\"color: #00abcc; font-size: 14px;\">Stages p\u00e9dagogiques<\/span><\/p>\n<ul>\n<li>Bo\u00eete \u00e0 outils &#8211; M\u00e9thodologie de l\u2019exp\u00e9rimentation (Resp. V. Roland). Date limite pour postuler 15\/10\/2025. Informations <a href=\"https:\/\/web.umons.ac.be\/app\/uploads\/sites\/107\/2025\/09\/STAGE6_2025.pdf\" target=\"_blank\" rel=\"noopener\"><u>ici<\/u><\/a><\/li>\n<li>P\u00e9dagogie de la classe invers\u00e9e pour l\u2019apprentissage d\u2019un logiciel d\u2019analyses statistiques (K. Huet). Date limite pour postuler 30\/09\/2025. Informations <a href=\"https:\/\/web.umons.ac.be\/app\/uploads\/sites\/107\/2025\/09\/Stages-Jamovi.pdf\" target=\"_blank\" rel=\"noopener\"><u>ici<\/u><\/a><\/li>\n<\/ul>\n<p><span style=\"color: #00abcc;\">Stages de recherche<\/span><\/p>\n<ul>\n<li>Validation de l\u2019outil Fluent-IA : une r\u00e9\u00e9ducation autoadministr\u00e9e chez les patient\u2022e\u2022s aphasiques (Resp. P. Deghorain, K. Huet). Date limite pour postuler 30\/09\/2025. Informations <a href=\"https:\/\/web.umons.ac.be\/app\/uploads\/sites\/107\/2025\/09\/Stage1_Fluent_IA-25-26.pdf\" target=\"_blank\" rel=\"noopener\"><u>ici<\/u><\/a><\/li>\n<li>Validation de Fluent-IA, un outil de r\u00e9\u00e9ducation autoadministr\u00e9e, aupr\u00e8s de praticiens (Resp. P. Deghorain, K. Huet). Date limite pour postuler 30\/09\/2025. Informations <a href=\"https:\/\/web.umons.ac.be\/app\/uploads\/sites\/107\/2025\/09\/Stage2_Fluent_IA-25-26.pdf\" target=\"_blank\" rel=\"noopener\"><u>ici<\/u><\/a><\/li>\n<li>\u00c9valuation de la voix et de la parole aupr\u00e8s de sujets tout-venant : protocole MonPaGe (Resp. P. Deghorain, V. Delvaux). Date limite pour postuler 31\/10\/2025. Informations <a href=\"https:\/\/web.umons.ac.be\/app\/uploads\/sites\/107\/2025\/10\/Stage1_PDG-25-26.pdf\" target=\"_blank\" rel=\"noopener\"><u>ici<\/u><\/a><\/li>\n<li>Analyse de productions de parole enregistr\u00e9es avec le protocole MonPaGe (Resp. P. Deghorain, V. Delvaux). Date limite pour postuler 31\/10\/2025. Informations <a href=\"https:\/\/web.umons.ac.be\/app\/uploads\/sites\/107\/2025\/10\/Stage2_PDG-25-26.pdf\" target=\"_blank\" rel=\"noopener\"><u>ici<\/u><\/a><\/li>\n<li>Perception des \u00e9motions chez une population de jeunes enfants (bilingues ou monolingues). (Resp. L. Terny). Date limite pour postuler 30\/09\/2025. Informations <a href=\"https:\/\/web.umons.ac.be\/app\/uploads\/sites\/107\/2025\/09\/Stages-2025-26-Lola-terny.pdf\" target=\"_blank\" rel=\"noopener\"><u>ici<\/u><\/a><\/li>\n<li>Sant\u00e9 mentale et troubles de la parole chez des patients atteints de maladie de Parkinson (Resp. V. Roland). Date limite pour postuler 30\/09\/2025. Informations <a href=\"https:\/\/web.umons.ac.be\/app\/uploads\/sites\/107\/2025\/09\/Propositions_stages_2025-26-virginie_001.pdf\" target=\"_blank\" rel=\"noopener\"><u>ici<\/u><\/a><\/li>\n<li>Sant\u00e9 mentale et troubles de la parole chez des patients atteints de scl\u00e9rose en plaques(Resp. V. Roland). Date limite pour postuler 30\/09\/2025. Informations <a href=\"https:\/\/web.umons.ac.be\/app\/uploads\/sites\/107\/2025\/09\/Propositions_stages_2025-26-virginie_002.pdf\" target=\"_blank\" rel=\"noopener\"><u>ici<\/u><\/a><\/li>\n<li>Evaluation de la parole et de l\u2019\u00e9tat cognitif chez des patients atteints de scl\u00e9rose en plaques (Resp. V. Roland). Date limite pour postuler 30\/09\/2025. Informations <a href=\"https:\/\/web.umons.ac.be\/app\/uploads\/sites\/107\/2025\/09\/Propositions_stages_2025-26-virginie_003.pdf\" target=\"_blank\" rel=\"noopener\"><u>ici<\/u><\/a><\/li>\n<li>Traduction et validation d&rsquo;un outil de qualit\u00e9 de vie li\u00e9e aux patients ayant subi une thyro\u00efdectomie (stage 1) (Resp. V. Roland). Date limite pour postuler 30\/09\/2025.<\/li>\n<li><span style=\"font-size: 14px;\">Le projet Boutchou &#8211; Traitement et analyse de donn\u00e9es. (Resp. P Deghorain, E Goeseels, M. Piccaluga). Date limite pour postuler 31\/10\/2025. Informations <\/span><a style=\"font-size: 14px;\" href=\"https:\/\/web.umons.ac.be\/app\/uploads\/sites\/107\/2025\/10\/Stage1_Boutchou-25-26.pdf\" target=\"_blank\" rel=\"noopener\"><u>ici<\/u><\/a><\/li>\n<li><span style=\"font-size: 14px;\">Le projet Boutchou &#8211; Prise de donn\u00e9es. (Resp. P Deghorain, E Goeseels, M. Piccaluga). Date limite pour postuler 31\/10\/2025. Informations <\/span><a style=\"font-size: 14px;\" href=\"https:\/\/web.umons.ac.be\/app\/uploads\/sites\/107\/2025\/10\/Stage2_Boutchou-25-26.pdf\" target=\"_blank\" rel=\"noopener\"><u>ici<\/u><\/a><\/li>\n<li>Etude de la parole vocod\u00e9e : que per\u00e7oivent les utilisateurs d\u2019implants cochl\u00e9aires ? <span style=\"font-size: 14px;\">(Resp. S. Fagniart). Date limite pour postuler 30\/11\/2025. Informations <\/span><a style=\"font-size: 14px;\" href=\"https:\/\/web.umons.ac.be\/app\/uploads\/sites\/107\/2025\/09\/Stages_en_SMSL_SF_01.pdf\" target=\"_blank\" rel=\"noopener\"><u>ici<\/u><\/a><\/li>\n<li><span style=\"font-size: 14px;\">Participation au d\u00e9veloppement d\u2019un outil automatique d\u2019annotation grammaticale de corpus en fran\u00e7ais (Resp. S. Fagniart). Date limite pour postuler 30\/11\/2025. Informations <\/span><a style=\"font-size: 14px;\" href=\"https:\/\/web.umons.ac.be\/app\/uploads\/sites\/107\/2025\/09\/Stages_en_SMSL_SF_02.pdf\" target=\"_blank\" rel=\"noopener\"><u>ici<\/u><\/a><\/li>\n<\/ul>\n<p>&nbsp;<\/p>\n<p><span style=\"font-size: 18pt;\"><strong>Informations pratiques<\/strong><\/span><\/p>\n<p>La <span style=\"color: #00abcc;\">responsabilit\u00e9 acad\u00e9mique<\/span> des stages est assur\u00e9e par le chef du service dans lequel l\u2019\u00e9tudiant(e) effectue son stage. Pour le service de M\u00e9trologie et Sciences du langage, il s\u2019agit du professeur Kathy Huet.<\/p>\n<p>La <span style=\"color: #00abcc;\">responsabilit\u00e9 p\u00e9dagogique\/scientifique<\/span> des stages est assur\u00e9e par la personne qui g\u00e8re l\u2019encadrement des stages (renseignements sur les modalit\u00e9s pratiques, supervision, appr\u00e9ciation sur le d\u00e9roulement du stage, etc.). Cette personne constitue un interm\u00e9diaire entre l\u2019Universit\u00e9 et l\u2019institution accueillant l\u2019\u00e9tudiant(e) stagiaire. Dans le cadre de notre service, cette responsabilit\u00e9 sera endoss\u00e9e par un des membres acad\u00e9miques ou p\u00e9dagogiques\/scientifiques du service en fonction du lieu de stage et de la th\u00e9matique choisis.<\/p>\n<p>Le <span style=\"color: #00abcc;\">ma\u00eetre de stage<\/span> est la personne encadrant l\u2019\u00e9tudiant(e) sur son lieu de stage. Celui-ci doit \u00eatre titulaire d\u2019un dipl\u00f4me de deuxi\u00e8me cycle en psychologie, en sciences de l\u2019\u00e9ducation ou en psycho-p\u00e9dagogie (sauf d\u00e9rogation accord\u00e9e par le responsable acad\u00e9mique).<\/p>\n<p>Au sein du service de M\u00e9trologie et Sciences du langage, la personne de contact au niveau administratif est Lola Terny (<a href=\"mailto:lola.terny@umons.ac.be\">lola.terny@umons.ac.be<\/a>). Vous pouvez \u00e9galement prendre contact avec la personne responsable de votre stage dans le service de M\u00e9trologie et Sciences du Langage.<\/p>\n","protected":false},"excerpt":{"rendered":"<p>Ann\u00e9e acad\u00e9mique 2025-2026 Stages de pratique clinique en psychologie \u00a0Pas de proposition actuellement (sur proposition de l&rsquo;\u00e9tudiant) Stages de pratique en p\u00e9dagogie Pas de proposition actuellement (sur proposition de l&rsquo;\u00e9tudiant) Stages p\u00e9dagogiques Bo\u00eete \u00e0 outils &#8211; M\u00e9thodologie de l\u2019exp\u00e9rimentation (Resp. V. Roland). Date limite pour postuler 15\/10\/2025. Informations ici P\u00e9dagogie de la classe invers\u00e9e pour [&hellip;]<\/p>\n","protected":false},"author":21,"featured_media":0,"parent":0,"menu_order":0,"comment_status":"closed","ping_status":"closed","template":"","meta":{"footnotes":""},"class_list":["post-491","page","type-page","status-publish","hentry"],"yoast_head":"<!-- This site is optimized with the Yoast SEO plugin v27.2 - https:\/\/yoast.com\/product\/yoast-seo-wordpress\/ -->\n<title>Offres de stages - Service \/ FPSE - M\u00e9trologie et Sciences du langage<\/title>\n<meta name=\"robots\" content=\"index, follow, max-snippet:-1, max-image-preview:large, max-video-preview:-1\" \/>\n<link rel=\"canonical\" href=\"https:\/\/web.umons.ac.be\/smsl\/offres-de-stage\/\" \/>\n<meta property=\"og:locale\" content=\"fr_FR\" \/>\n<meta property=\"og:type\" content=\"article\" \/>\n<meta property=\"og:title\" content=\"Offres de stages - Service \/ FPSE - M\u00e9trologie et Sciences du langage\" \/>\n<meta property=\"og:description\" content=\"Ann\u00e9e acad\u00e9mique 2025-2026 Stages de pratique clinique en psychologie \u00a0Pas de proposition actuellement (sur proposition de l&rsquo;\u00e9tudiant) Stages de pratique en p\u00e9dagogie Pas de proposition actuellement (sur proposition de l&rsquo;\u00e9tudiant) Stages p\u00e9dagogiques Bo\u00eete \u00e0 outils &#8211; M\u00e9thodologie de l\u2019exp\u00e9rimentation (Resp. V. Roland). Date limite pour postuler 15\/10\/2025. Informations ici P\u00e9dagogie de la classe invers\u00e9e pour [&hellip;]\" \/>\n<meta property=\"og:url\" content=\"https:\/\/web.umons.ac.be\/smsl\/offres-de-stage\/\" \/>\n<meta property=\"og:site_name\" content=\"Service \/ FPSE - M\u00e9trologie et Sciences du langage\" \/>\n<meta property=\"article:modified_time\" content=\"2025-10-08T06:38:05+00:00\" \/>\n<meta name=\"twitter:card\" content=\"summary_large_image\" \/>\n<meta name=\"twitter:label1\" content=\"Dur\u00e9e de lecture estim\u00e9e\" \/>\n\t<meta name=\"twitter:data1\" content=\"3 minutes\" \/>\n<script type=\"application\/ld+json\" class=\"yoast-schema-graph\">{\"@context\":\"https:\/\/schema.org\",\"@graph\":[{\"@type\":\"WebPage\",\"@id\":\"https:\/\/web.umons.ac.be\/smsl\/offres-de-stage\/\",\"url\":\"https:\/\/web.umons.ac.be\/smsl\/offres-de-stage\/\",\"name\":\"Offres de stages - Service \/ FPSE - M\u00e9trologie et Sciences du langage\",\"isPartOf\":{\"@id\":\"https:\/\/web.umons.ac.be\/smsl\/#website\"},\"datePublished\":\"2022-05-11T10:13:18+00:00\",\"dateModified\":\"2025-10-08T06:38:05+00:00\",\"breadcrumb\":{\"@id\":\"https:\/\/web.umons.ac.be\/smsl\/offres-de-stage\/#breadcrumb\"},\"inLanguage\":\"fr-FR\",\"potentialAction\":[{\"@type\":\"ReadAction\",\"target\":[\"https:\/\/web.umons.ac.be\/smsl\/offres-de-stage\/\"]}]},{\"@type\":\"BreadcrumbList\",\"@id\":\"https:\/\/web.umons.ac.be\/smsl\/offres-de-stage\/#breadcrumb\",\"itemListElement\":[{\"@type\":\"ListItem\",\"position\":1,\"name\":\"Home\",\"item\":\"https:\/\/web.umons.ac.be\/smsl\/\"},{\"@type\":\"ListItem\",\"position\":2,\"name\":\"Offres de stages\"}]},{\"@type\":\"WebSite\",\"@id\":\"https:\/\/web.umons.ac.be\/smsl\/#website\",\"url\":\"https:\/\/web.umons.ac.be\/smsl\/\",\"name\":\"Service \/ FPSE - M\u00e9trologie et Sciences du langage\",\"description\":\"\",\"potentialAction\":[{\"@type\":\"SearchAction\",\"target\":{\"@type\":\"EntryPoint\",\"urlTemplate\":\"https:\/\/web.umons.ac.be\/smsl\/?s={search_term_string}\"},\"query-input\":{\"@type\":\"PropertyValueSpecification\",\"valueRequired\":true,\"valueName\":\"search_term_string\"}}],\"inLanguage\":\"fr-FR\"}]}<\/script>\n<!-- \/ Yoast SEO plugin. -->","yoast_head_json":{"title":"Offres de stages - Service \/ FPSE - M\u00e9trologie et Sciences du langage","robots":{"index":"index","follow":"follow","max-snippet":"max-snippet:-1","max-image-preview":"max-image-preview:large","max-video-preview":"max-video-preview:-1"},"canonical":"https:\/\/web.umons.ac.be\/smsl\/offres-de-stage\/","og_locale":"fr_FR","og_type":"article","og_title":"Offres de stages - Service \/ FPSE - M\u00e9trologie et Sciences du langage","og_description":"Ann\u00e9e acad\u00e9mique 2025-2026 Stages de pratique clinique en psychologie \u00a0Pas de proposition actuellement (sur proposition de l&rsquo;\u00e9tudiant) Stages de pratique en p\u00e9dagogie Pas de proposition actuellement (sur proposition de l&rsquo;\u00e9tudiant) Stages p\u00e9dagogiques Bo\u00eete \u00e0 outils &#8211; M\u00e9thodologie de l\u2019exp\u00e9rimentation (Resp. V. Roland). Date limite pour postuler 15\/10\/2025. Informations ici P\u00e9dagogie de la classe invers\u00e9e pour [&hellip;]","og_url":"https:\/\/web.umons.ac.be\/smsl\/offres-de-stage\/","og_site_name":"Service \/ FPSE - M\u00e9trologie et Sciences du langage","article_modified_time":"2025-10-08T06:38:05+00:00","twitter_card":"summary_large_image","twitter_misc":{"Dur\u00e9e de lecture estim\u00e9e":"3 minutes"},"schema":{"@context":"https:\/\/schema.org","@graph":[{"@type":"WebPage","@id":"https:\/\/web.umons.ac.be\/smsl\/offres-de-stage\/","url":"https:\/\/web.umons.ac.be\/smsl\/offres-de-stage\/","name":"Offres de stages - Service \/ FPSE - M\u00e9trologie et Sciences du langage","isPartOf":{"@id":"https:\/\/web.umons.ac.be\/smsl\/#website"},"datePublished":"2022-05-11T10:13:18+00:00","dateModified":"2025-10-08T06:38:05+00:00","breadcrumb":{"@id":"https:\/\/web.umons.ac.be\/smsl\/offres-de-stage\/#breadcrumb"},"inLanguage":"fr-FR","potentialAction":[{"@type":"ReadAction","target":["https:\/\/web.umons.ac.be\/smsl\/offres-de-stage\/"]}]},{"@type":"BreadcrumbList","@id":"https:\/\/web.umons.ac.be\/smsl\/offres-de-stage\/#breadcrumb","itemListElement":[{"@type":"ListItem","position":1,"name":"Home","item":"https:\/\/web.umons.ac.be\/smsl\/"},{"@type":"ListItem","position":2,"name":"Offres de stages"}]},{"@type":"WebSite","@id":"https:\/\/web.umons.ac.be\/smsl\/#website","url":"https:\/\/web.umons.ac.be\/smsl\/","name":"Service \/ FPSE - M\u00e9trologie et Sciences du langage","description":"","potentialAction":[{"@type":"SearchAction","target":{"@type":"EntryPoint","urlTemplate":"https:\/\/web.umons.ac.be\/smsl\/?s={search_term_string}"},"query-input":{"@type":"PropertyValueSpecification","valueRequired":true,"valueName":"search_term_string"}}],"inLanguage":"fr-FR"}]}},"lang":"fr","translations":{"fr":491},"pll_sync_post":[],"_links":{"self":[{"href":"https:\/\/web.umons.ac.be\/smsl\/wp-json\/wp\/v2\/pages\/491","targetHints":{"allow":["GET"]}}],"collection":[{"href":"https:\/\/web.umons.ac.be\/smsl\/wp-json\/wp\/v2\/pages"}],"about":[{"href":"https:\/\/web.umons.ac.be\/smsl\/wp-json\/wp\/v2\/types\/page"}],"author":[{"embeddable":true,"href":"https:\/\/web.umons.ac.be\/smsl\/wp-json\/wp\/v2\/users\/21"}],"replies":[{"embeddable":true,"href":"https:\/\/web.umons.ac.be\/smsl\/wp-json\/wp\/v2\/comments?post=491"}],"version-history":[{"count":4,"href":"https:\/\/web.umons.ac.be\/smsl\/wp-json\/wp\/v2\/pages\/491\/revisions"}],"predecessor-version":[{"id":902,"href":"https:\/\/web.umons.ac.be\/smsl\/wp-json\/wp\/v2\/pages\/491\/revisions\/902"}],"wp:attachment":[{"href":"https:\/\/web.umons.ac.be\/smsl\/wp-json\/wp\/v2\/media?parent=491"}],"curies":[{"name":"wp","href":"https:\/\/api.w.org\/{rel}","templated":true}]}}