{"id":522,"date":"2022-05-11T12:14:23","date_gmt":"2022-05-11T10:14:23","guid":{"rendered":"https:\/\/web.umons.ac.be\/smsl\/?page_id=522"},"modified":"2022-05-11T15:20:01","modified_gmt":"2022-05-11T13:20:01","slug":"stages","status":"publish","type":"page","link":"https:\/\/web.umons.ac.be\/smsl\/stages\/","title":{"rendered":"Stages"},"content":{"rendered":"<div>\n<table style=\"width: 100%;border-collapse: collapse;border-style: solid;border-color: #990f0f;background-color: #4fdb4f\" border=\"5\" cellspacing=\"10\">\n<tbody>\n<tr>\n<td style=\"width: 22.3384%;border-style: none;border-color: #ffffff\"><span style=\"font-size: 10pt\"><a href=\"https:\/\/web.umons.ac.be\/smsl\/offres-de-stage\/\"><span style=\"color: #00abcc\">Offres de stages actuellement disponibles\u00a0<\/span><\/a><\/span><\/p>\n<p>&nbsp;<\/td>\n<td style=\"width: 77.6616%;border-style: none;border-color: #ffffff\">\n<div><span style=\"color: #d60044;font-size: 18pt\">Encadrement de stages<\/span><\/div>\n<div><\/div>\n<div><span style=\"font-size: 11pt\"><br \/>\nLes stages font partie de la formation universitaire. Ils permettent \u00e0 l\u2019\u00e9tudiant(e) de confronter les connaissances th\u00e9oriques aux pratiques de terrain. Par ailleurs, les stages offrent la possibilit\u00e9 aux \u00e9tudiant(e)s d\u2019acqu\u00e9rir une pratique professionnelle en s\u2019int\u00e9grant au sein d\u2019une institution o\u00f9 les r\u00e8gles \u00e9thiques et de d\u00e9ontologie seront respect\u00e9es. Le stage doit en outre \u00eatre l\u2019occasion de d\u00e9velopper des capacit\u00e9s d\u2019analyse et de r\u00e9flexion critiques et constructives.<br \/>\n<\/span><span style=\"color: #3f7ac1\"><strong>Le service de M\u00e9trologie et Sciences du langage encadre des stages en psychologie ou en sciences de l\u2019\u00e9ducation\u00a0de diff\u00e9rents types\u00a0:<\/strong><\/span><\/div>\n<div><\/div>\n<div>\n<p><img loading=\"lazy\" decoding=\"async\" class=\"wp-image-489 alignleft\" src=\"https:\/\/web.umons.ac.be\/app\/uploads\/sites\/107\/2022\/04\/Power01-300x154.jpg\" alt=\"\" width=\"537\" height=\"275\" data-wp-editing=\"1\" srcset=\"https:\/\/web.umons.ac.be\/app\/uploads\/sites\/107\/2022\/04\/Power01-300x154.jpg 300w, https:\/\/web.umons.ac.be\/app\/uploads\/sites\/107\/2022\/04\/Power01-768x394.jpg 768w, https:\/\/web.umons.ac.be\/app\/uploads\/sites\/107\/2022\/04\/Power01-30x15.jpg 30w, https:\/\/web.umons.ac.be\/app\/uploads\/sites\/107\/2022\/04\/Power01-60x31.jpg 60w, https:\/\/web.umons.ac.be\/app\/uploads\/sites\/107\/2022\/04\/Power01-360x185.jpg 360w, https:\/\/web.umons.ac.be\/app\/uploads\/sites\/107\/2022\/04\/Power01.jpg 973w\" sizes=\"auto, (max-width: 537px) 100vw, 537px\" \/><\/p>\n<p>&nbsp;<\/p>\n<p>&nbsp;<\/p>\n<p>&nbsp;<\/p>\n<p>&nbsp;<\/p>\n<p>&nbsp;<\/p>\n<p>&nbsp;<\/p>\n<p>&nbsp;<\/p>\n<p>&nbsp;<\/p>\n<p><span style=\"color: #3f7ac1\"><strong>O\u00f9 et pour qui ?<\/strong><\/span><\/p>\n<p><img loading=\"lazy\" decoding=\"async\" class=\"alignnone wp-image-499 \" src=\"https:\/\/web.umons.ac.be\/app\/uploads\/sites\/107\/2022\/04\/Power02-1-300x142.jpg\" alt=\"\" width=\"465\" height=\"220\" srcset=\"https:\/\/web.umons.ac.be\/app\/uploads\/sites\/107\/2022\/04\/Power02-1-300x142.jpg 300w, https:\/\/web.umons.ac.be\/app\/uploads\/sites\/107\/2022\/04\/Power02-1-1024x484.jpg 1024w, https:\/\/web.umons.ac.be\/app\/uploads\/sites\/107\/2022\/04\/Power02-1-768x363.jpg 768w, https:\/\/web.umons.ac.be\/app\/uploads\/sites\/107\/2022\/04\/Power02-1-1536x727.jpg 1536w, https:\/\/web.umons.ac.be\/app\/uploads\/sites\/107\/2022\/04\/Power02-1-2048x969.jpg 2048w, https:\/\/web.umons.ac.be\/app\/uploads\/sites\/107\/2022\/04\/Power02-1-1395x660.jpg 1395w, https:\/\/web.umons.ac.be\/app\/uploads\/sites\/107\/2022\/04\/Power02-1-30x14.jpg 30w, https:\/\/web.umons.ac.be\/app\/uploads\/sites\/107\/2022\/04\/Power02-1-60x28.jpg 60w, https:\/\/web.umons.ac.be\/app\/uploads\/sites\/107\/2022\/04\/Power02-1-360x170.jpg 360w\" sizes=\"auto, (max-width: 465px) 100vw, 465px\" \/><\/p>\n<p>&nbsp;<\/p>\n<p>Les principaux domaines dans lesquels les stages supervis\u00e9s par le service de m\u00e9trologie et sciences du langage peuvent \u00eatre envisag\u00e9s sont en lien avec les expertises d\u00e9velopp\u00e9es par les membres du service MSL\u00a0:<\/p>\n<ul>\n<li>Langage oral et langage \u00e9crit (\u00e9valuation et traitement)<\/li>\n<li>D\u00e9veloppement\/troubles de la communication orale (enfants\/adultes, sujets sains\/pathologiques)<\/li>\n<li>Versant oral de l\u2019acquisition, de l\u2019apprentissage et\/ou de l\u2019enseignement des langues non maternelles<\/li>\n<li>Psychom\u00e9trie et \u00e9dum\u00e9trie : construction et validation d\u2019outils de mesure tant en psychologie qu\u2019en p\u00e9dagogie<\/li>\n<\/ul>\n<p>&nbsp;<\/p>\n<p><strong><span style=\"font-size: 18pt\">Offres de stages<\/span><\/strong><\/p>\n<p>Une liste de propositions de stages est disponible ci-dessous. Les \u00e9tudiant(e)s peuvent proposer d\u2019autres stages que ceux repris dans cette liste, tant que l\u2019aspect communicationnel et\/ou m\u00e9trologique y est abord\u00e9 et d\u00e9velopp\u00e9 prioritairement.<\/p>\n<p>Par ailleurs, les stages \u00e0 l\u2019\u00e9tranger sont encourag\u00e9s et peuvent se r\u00e9aliser dans le cadre d\u2019un programme d\u2019\u00e9change tel que Erasmus.<\/p>\n<p>Les lieux et types de stages sont accept\u00e9s, sur proposition de l\u2019\u00e9tudiant(e), par l\u2019encadrant p\u00e9dagogique identifi\u00e9 dans le service.<\/p>\n<p>&nbsp;<\/p>\n<p><span style=\"font-size: 12pt\"><a href=\"https:\/\/web.umons.ac.be\/smsl\/offres-de-stage\/\"><span style=\"color: #00abcc\">Offres de stages actuellement disponibles\u00a0<\/span><\/a><\/span><\/p>\n<\/div>\n<\/td>\n<\/tr>\n<\/tbody>\n<\/table>\n<\/div>\n","protected":false},"excerpt":{"rendered":"<p>Offres de stages actuellement disponibles\u00a0 &nbsp; Encadrement de stages Les stages font partie de la formation universitaire. Ils permettent \u00e0 l\u2019\u00e9tudiant(e) de confronter les connaissances th\u00e9oriques aux pratiques de terrain. Par ailleurs, les stages offrent la possibilit\u00e9 aux \u00e9tudiant(e)s d\u2019acqu\u00e9rir une pratique professionnelle en s\u2019int\u00e9grant au sein d\u2019une institution o\u00f9 les r\u00e8gles \u00e9thiques et de [&hellip;]<\/p>\n","protected":false},"author":21,"featured_media":0,"parent":0,"menu_order":0,"comment_status":"closed","ping_status":"closed","template":"page-templates\/page-fullwidth.php","meta":{"footnotes":""},"class_list":["post-522","page","type-page","status-publish","hentry"],"yoast_head":"<!-- This site is optimized with the Yoast SEO plugin v27.2 - https:\/\/yoast.com\/product\/yoast-seo-wordpress\/ -->\n<title>Stages - Service \/ FPSE - M\u00e9trologie et Sciences du langage<\/title>\n<meta name=\"robots\" content=\"index, follow, max-snippet:-1, max-image-preview:large, max-video-preview:-1\" \/>\n<link rel=\"canonical\" href=\"https:\/\/web.umons.ac.be\/smsl\/stages\/\" \/>\n<meta property=\"og:locale\" content=\"fr_FR\" \/>\n<meta property=\"og:type\" content=\"article\" \/>\n<meta property=\"og:title\" content=\"Stages - Service \/ FPSE - M\u00e9trologie et Sciences du langage\" \/>\n<meta property=\"og:description\" content=\"Offres de stages actuellement disponibles\u00a0 &nbsp; Encadrement de stages Les stages font partie de la formation universitaire. Ils permettent \u00e0 l\u2019\u00e9tudiant(e) de confronter les connaissances th\u00e9oriques aux pratiques de terrain. Par ailleurs, les stages offrent la possibilit\u00e9 aux \u00e9tudiant(e)s d\u2019acqu\u00e9rir une pratique professionnelle en s\u2019int\u00e9grant au sein d\u2019une institution o\u00f9 les r\u00e8gles \u00e9thiques et de [&hellip;]\" \/>\n<meta property=\"og:url\" content=\"https:\/\/web.umons.ac.be\/smsl\/stages\/\" \/>\n<meta property=\"og:site_name\" content=\"Service \/ FPSE - M\u00e9trologie et Sciences du langage\" \/>\n<meta property=\"article:modified_time\" content=\"2022-05-11T13:20:01+00:00\" \/>\n<meta property=\"og:image\" content=\"https:\/\/web.umons.ac.be\/app\/uploads\/sites\/107\/2022\/04\/Power01-300x154.jpg\" \/>\n<meta name=\"twitter:card\" content=\"summary_large_image\" \/>\n<meta name=\"twitter:label1\" content=\"Dur\u00e9e de lecture estim\u00e9e\" \/>\n\t<meta name=\"twitter:data1\" content=\"2 minutes\" \/>\n<script type=\"application\/ld+json\" class=\"yoast-schema-graph\">{\"@context\":\"https:\/\/schema.org\",\"@graph\":[{\"@type\":\"WebPage\",\"@id\":\"https:\/\/web.umons.ac.be\/smsl\/stages\/\",\"url\":\"https:\/\/web.umons.ac.be\/smsl\/stages\/\",\"name\":\"Stages - Service \/ FPSE - M\u00e9trologie et Sciences du langage\",\"isPartOf\":{\"@id\":\"https:\/\/web.umons.ac.be\/smsl\/#website\"},\"primaryImageOfPage\":{\"@id\":\"https:\/\/web.umons.ac.be\/smsl\/stages\/#primaryimage\"},\"image\":{\"@id\":\"https:\/\/web.umons.ac.be\/smsl\/stages\/#primaryimage\"},\"thumbnailUrl\":\"https:\/\/web.umons.ac.be\/app\/uploads\/sites\/107\/2022\/04\/Power01-300x154.jpg\",\"datePublished\":\"2022-05-11T10:14:23+00:00\",\"dateModified\":\"2022-05-11T13:20:01+00:00\",\"breadcrumb\":{\"@id\":\"https:\/\/web.umons.ac.be\/smsl\/stages\/#breadcrumb\"},\"inLanguage\":\"fr-FR\",\"potentialAction\":[{\"@type\":\"ReadAction\",\"target\":[\"https:\/\/web.umons.ac.be\/smsl\/stages\/\"]}]},{\"@type\":\"ImageObject\",\"inLanguage\":\"fr-FR\",\"@id\":\"https:\/\/web.umons.ac.be\/smsl\/stages\/#primaryimage\",\"url\":\"https:\/\/web.umons.ac.be\/app\/uploads\/sites\/107\/2022\/04\/Power01-300x154.jpg\",\"contentUrl\":\"https:\/\/web.umons.ac.be\/app\/uploads\/sites\/107\/2022\/04\/Power01-300x154.jpg\"},{\"@type\":\"BreadcrumbList\",\"@id\":\"https:\/\/web.umons.ac.be\/smsl\/stages\/#breadcrumb\",\"itemListElement\":[{\"@type\":\"ListItem\",\"position\":1,\"name\":\"Home\",\"item\":\"https:\/\/web.umons.ac.be\/smsl\/\"},{\"@type\":\"ListItem\",\"position\":2,\"name\":\"Stages\"}]},{\"@type\":\"WebSite\",\"@id\":\"https:\/\/web.umons.ac.be\/smsl\/#website\",\"url\":\"https:\/\/web.umons.ac.be\/smsl\/\",\"name\":\"Service \/ FPSE - M\u00e9trologie et Sciences du langage\",\"description\":\"\",\"potentialAction\":[{\"@type\":\"SearchAction\",\"target\":{\"@type\":\"EntryPoint\",\"urlTemplate\":\"https:\/\/web.umons.ac.be\/smsl\/?s={search_term_string}\"},\"query-input\":{\"@type\":\"PropertyValueSpecification\",\"valueRequired\":true,\"valueName\":\"search_term_string\"}}],\"inLanguage\":\"fr-FR\"}]}<\/script>\n<!-- \/ Yoast SEO plugin. -->","yoast_head_json":{"title":"Stages - Service \/ FPSE - M\u00e9trologie et Sciences du langage","robots":{"index":"index","follow":"follow","max-snippet":"max-snippet:-1","max-image-preview":"max-image-preview:large","max-video-preview":"max-video-preview:-1"},"canonical":"https:\/\/web.umons.ac.be\/smsl\/stages\/","og_locale":"fr_FR","og_type":"article","og_title":"Stages - Service \/ FPSE - M\u00e9trologie et Sciences du langage","og_description":"Offres de stages actuellement disponibles\u00a0 &nbsp; Encadrement de stages Les stages font partie de la formation universitaire. Ils permettent \u00e0 l\u2019\u00e9tudiant(e) de confronter les connaissances th\u00e9oriques aux pratiques de terrain. Par ailleurs, les stages offrent la possibilit\u00e9 aux \u00e9tudiant(e)s d\u2019acqu\u00e9rir une pratique professionnelle en s\u2019int\u00e9grant au sein d\u2019une institution o\u00f9 les r\u00e8gles \u00e9thiques et de [&hellip;]","og_url":"https:\/\/web.umons.ac.be\/smsl\/stages\/","og_site_name":"Service \/ FPSE - M\u00e9trologie et Sciences du langage","article_modified_time":"2022-05-11T13:20:01+00:00","og_image":[{"url":"https:\/\/web.umons.ac.be\/app\/uploads\/sites\/107\/2022\/04\/Power01-300x154.jpg","type":"","width":"","height":""}],"twitter_card":"summary_large_image","twitter_misc":{"Dur\u00e9e de lecture estim\u00e9e":"2 minutes"},"schema":{"@context":"https:\/\/schema.org","@graph":[{"@type":"WebPage","@id":"https:\/\/web.umons.ac.be\/smsl\/stages\/","url":"https:\/\/web.umons.ac.be\/smsl\/stages\/","name":"Stages - Service \/ FPSE - M\u00e9trologie et Sciences du langage","isPartOf":{"@id":"https:\/\/web.umons.ac.be\/smsl\/#website"},"primaryImageOfPage":{"@id":"https:\/\/web.umons.ac.be\/smsl\/stages\/#primaryimage"},"image":{"@id":"https:\/\/web.umons.ac.be\/smsl\/stages\/#primaryimage"},"thumbnailUrl":"https:\/\/web.umons.ac.be\/app\/uploads\/sites\/107\/2022\/04\/Power01-300x154.jpg","datePublished":"2022-05-11T10:14:23+00:00","dateModified":"2022-05-11T13:20:01+00:00","breadcrumb":{"@id":"https:\/\/web.umons.ac.be\/smsl\/stages\/#breadcrumb"},"inLanguage":"fr-FR","potentialAction":[{"@type":"ReadAction","target":["https:\/\/web.umons.ac.be\/smsl\/stages\/"]}]},{"@type":"ImageObject","inLanguage":"fr-FR","@id":"https:\/\/web.umons.ac.be\/smsl\/stages\/#primaryimage","url":"https:\/\/web.umons.ac.be\/app\/uploads\/sites\/107\/2022\/04\/Power01-300x154.jpg","contentUrl":"https:\/\/web.umons.ac.be\/app\/uploads\/sites\/107\/2022\/04\/Power01-300x154.jpg"},{"@type":"BreadcrumbList","@id":"https:\/\/web.umons.ac.be\/smsl\/stages\/#breadcrumb","itemListElement":[{"@type":"ListItem","position":1,"name":"Home","item":"https:\/\/web.umons.ac.be\/smsl\/"},{"@type":"ListItem","position":2,"name":"Stages"}]},{"@type":"WebSite","@id":"https:\/\/web.umons.ac.be\/smsl\/#website","url":"https:\/\/web.umons.ac.be\/smsl\/","name":"Service \/ FPSE - M\u00e9trologie et Sciences du langage","description":"","potentialAction":[{"@type":"SearchAction","target":{"@type":"EntryPoint","urlTemplate":"https:\/\/web.umons.ac.be\/smsl\/?s={search_term_string}"},"query-input":{"@type":"PropertyValueSpecification","valueRequired":true,"valueName":"search_term_string"}}],"inLanguage":"fr-FR"}]}},"lang":"fr","translations":{"fr":522},"pll_sync_post":[],"_links":{"self":[{"href":"https:\/\/web.umons.ac.be\/smsl\/wp-json\/wp\/v2\/pages\/522","targetHints":{"allow":["GET"]}}],"collection":[{"href":"https:\/\/web.umons.ac.be\/smsl\/wp-json\/wp\/v2\/pages"}],"about":[{"href":"https:\/\/web.umons.ac.be\/smsl\/wp-json\/wp\/v2\/types\/page"}],"author":[{"embeddable":true,"href":"https:\/\/web.umons.ac.be\/smsl\/wp-json\/wp\/v2\/users\/21"}],"replies":[{"embeddable":true,"href":"https:\/\/web.umons.ac.be\/smsl\/wp-json\/wp\/v2\/comments?post=522"}],"version-history":[{"count":4,"href":"https:\/\/web.umons.ac.be\/smsl\/wp-json\/wp\/v2\/pages\/522\/revisions"}],"predecessor-version":[{"id":559,"href":"https:\/\/web.umons.ac.be\/smsl\/wp-json\/wp\/v2\/pages\/522\/revisions\/559"}],"wp:attachment":[{"href":"https:\/\/web.umons.ac.be\/smsl\/wp-json\/wp\/v2\/media?parent=522"}],"curies":[{"name":"wp","href":"https:\/\/api.w.org\/{rel}","templated":true}]}}