{"id":856,"date":"2025-09-10T09:55:11","date_gmt":"2025-09-10T07:55:11","guid":{"rendered":"https:\/\/web.umons.ac.be\/smsl\/?page_id=856"},"modified":"2025-09-10T10:19:35","modified_gmt":"2025-09-10T08:19:35","slug":"lola_terny","status":"publish","type":"page","link":"https:\/\/web.umons.ac.be\/smsl\/lola_terny\/","title":{"rendered":"Lola_Terny"},"content":{"rendered":"<h3><span class=\"ms-rteCustom-TexteBleu\"><span class=\"ms-rteCustom-TexteRouge\"><span style=\"color: #c40242; font-size: 18pt;\">Lola Terny<\/span><\/span><\/span><\/h3>\n<h3><span class=\"ms-rteCustom-TexteBleu\"><span class=\"ms-rteCustom-TexteRouge\"><span style=\"color: #c40242; font-size: 18pt;\"><img loading=\"lazy\" decoding=\"async\" class=\"alignleft wp-image-415\" src=\"https:\/\/web.umons.ac.be\/app\/uploads\/sites\/107\/2025\/09\/Lola_Terny.png\" alt=\"\" width=\"290\" height=\"290\" \/><\/span><\/span><\/span><\/h3>\n<table style=\"border-collapse: collapse; width: 60.334%; height: 158px;\">\n<tbody>\n<tr style=\"height: 67px;\">\n<td style=\"width: 20.104%; height: 36px;\"><img loading=\"lazy\" decoding=\"async\" class=\"aligncenter wp-image-233\" src=\"https:\/\/web.umons.ac.be\/app\/uploads\/sites\/107\/2021\/12\/telephone-300x300.png\" alt=\"\" width=\"36\" height=\"36\" srcset=\"https:\/\/web.umons.ac.be\/app\/uploads\/sites\/107\/2021\/12\/telephone-300x300.png 300w, https:\/\/web.umons.ac.be\/app\/uploads\/sites\/107\/2021\/12\/telephone-150x150.png 150w, https:\/\/web.umons.ac.be\/app\/uploads\/sites\/107\/2021\/12\/telephone-768x768.png 768w, https:\/\/web.umons.ac.be\/app\/uploads\/sites\/107\/2021\/12\/telephone-660x660.png 660w, https:\/\/web.umons.ac.be\/app\/uploads\/sites\/107\/2021\/12\/telephone-30x30.png 30w, https:\/\/web.umons.ac.be\/app\/uploads\/sites\/107\/2021\/12\/telephone-80x80.png 80w, https:\/\/web.umons.ac.be\/app\/uploads\/sites\/107\/2021\/12\/telephone-60x60.png 60w, https:\/\/web.umons.ac.be\/app\/uploads\/sites\/107\/2021\/12\/telephone-360x360.png 360w, https:\/\/web.umons.ac.be\/app\/uploads\/sites\/107\/2021\/12\/telephone-400x400.png 400w, https:\/\/web.umons.ac.be\/app\/uploads\/sites\/107\/2021\/12\/telephone-200x200.png 200w, https:\/\/web.umons.ac.be\/app\/uploads\/sites\/107\/2021\/12\/telephone.png 1013w\" sizes=\"auto, (max-width: 36px) 100vw, 36px\" \/><\/td>\n<td style=\"width: 79.7227%; height: 36px;\"><span style=\"color: #009ee0; font-size: 14pt;\">+3265373653<\/span><\/td>\n<\/tr>\n<tr style=\"height: 79px;\">\n<td style=\"width: 20.104%; height: 52px;\"><img loading=\"lazy\" decoding=\"async\" class=\"aligncenter wp-image-232\" src=\"https:\/\/web.umons.ac.be\/app\/uploads\/sites\/107\/2021\/12\/email-300x300.png\" alt=\"\" width=\"36\" height=\"36\" srcset=\"https:\/\/web.umons.ac.be\/app\/uploads\/sites\/107\/2021\/12\/email-300x300.png 300w, https:\/\/web.umons.ac.be\/app\/uploads\/sites\/107\/2021\/12\/email-150x150.png 150w, https:\/\/web.umons.ac.be\/app\/uploads\/sites\/107\/2021\/12\/email-768x767.png 768w, https:\/\/web.umons.ac.be\/app\/uploads\/sites\/107\/2021\/12\/email-661x660.png 661w, https:\/\/web.umons.ac.be\/app\/uploads\/sites\/107\/2021\/12\/email-30x30.png 30w, https:\/\/web.umons.ac.be\/app\/uploads\/sites\/107\/2021\/12\/email-80x80.png 80w, https:\/\/web.umons.ac.be\/app\/uploads\/sites\/107\/2021\/12\/email-60x60.png 60w, https:\/\/web.umons.ac.be\/app\/uploads\/sites\/107\/2021\/12\/email-360x360.png 360w, https:\/\/web.umons.ac.be\/app\/uploads\/sites\/107\/2021\/12\/email-400x400.png 400w, https:\/\/web.umons.ac.be\/app\/uploads\/sites\/107\/2021\/12\/email-200x200.png 200w, https:\/\/web.umons.ac.be\/app\/uploads\/sites\/107\/2021\/12\/email.png 1014w\" sizes=\"auto, (max-width: 36px) 100vw, 36px\" \/><\/td>\n<td style=\"width: 79.7227%; height: 52px;\"><span style=\"font-size: 12pt;\"><a href=\"mailto:lola.terny@umons.ac.be\"><span style=\"color: #009ee0;\">Lola.terny@umons.ac.be<\/span><\/a><\/span><\/td>\n<\/tr>\n<tr style=\"height: 79px;\">\n<td style=\"width: 20.104%; height: 45px;\"><img loading=\"lazy\" decoding=\"async\" class=\"aligncenter wp-image-289\" src=\"https:\/\/web.umons.ac.be\/app\/uploads\/sites\/107\/2021\/12\/Publication-300x300.png\" alt=\"\" width=\"36\" height=\"36\" srcset=\"https:\/\/web.umons.ac.be\/app\/uploads\/sites\/107\/2021\/12\/Publication-300x300.png 300w, https:\/\/web.umons.ac.be\/app\/uploads\/sites\/107\/2021\/12\/Publication-1024x1024.png 1024w, https:\/\/web.umons.ac.be\/app\/uploads\/sites\/107\/2021\/12\/Publication-150x150.png 150w, https:\/\/web.umons.ac.be\/app\/uploads\/sites\/107\/2021\/12\/Publication-768x768.png 768w, https:\/\/web.umons.ac.be\/app\/uploads\/sites\/107\/2021\/12\/Publication-1536x1536.png 1536w, https:\/\/web.umons.ac.be\/app\/uploads\/sites\/107\/2021\/12\/Publication-2048x2048.png 2048w, https:\/\/web.umons.ac.be\/app\/uploads\/sites\/107\/2021\/12\/Publication-660x660.png 660w, https:\/\/web.umons.ac.be\/app\/uploads\/sites\/107\/2021\/12\/Publication-30x30.png 30w, https:\/\/web.umons.ac.be\/app\/uploads\/sites\/107\/2021\/12\/Publication-80x80.png 80w, https:\/\/web.umons.ac.be\/app\/uploads\/sites\/107\/2021\/12\/Publication-60x60.png 60w, https:\/\/web.umons.ac.be\/app\/uploads\/sites\/107\/2021\/12\/Publication-360x360.png 360w, https:\/\/web.umons.ac.be\/app\/uploads\/sites\/107\/2021\/12\/Publication-400x400.png 400w, https:\/\/web.umons.ac.be\/app\/uploads\/sites\/107\/2021\/12\/Publication-200x200.png 200w\" sizes=\"auto, (max-width: 36px) 100vw, 36px\" \/><\/td>\n<td style=\"width: 79.7227%; height: 45px;\"><span style=\"font-size: 12pt;\"><a title=\"\" href=\"https:\/\/staff.umons.ac.be\/Lola.TERNY\/pubsfr.html\" target=\"_blank\" rel=\"noopener\"><span style=\"color: #009ee0;\">Publications<\/span>\u00a0<\/a> (d\u00e9p\u00f4t institutionnel de l&rsquo;UMONS)<\/span><\/td>\n<\/tr>\n<tr style=\"height: 67px;\">\n<td style=\"width: 20.104%; height: 25px;\"><img loading=\"lazy\" decoding=\"async\" class=\"aligncenter wp-image-293\" src=\"https:\/\/web.umons.ac.be\/app\/uploads\/sites\/107\/2021\/12\/localisation-300x300.png\" alt=\"\" width=\"36\" height=\"36\" srcset=\"https:\/\/web.umons.ac.be\/app\/uploads\/sites\/107\/2021\/12\/localisation-300x300.png 300w, https:\/\/web.umons.ac.be\/app\/uploads\/sites\/107\/2021\/12\/localisation-1024x1024.png 1024w, https:\/\/web.umons.ac.be\/app\/uploads\/sites\/107\/2021\/12\/localisation-150x150.png 150w, https:\/\/web.umons.ac.be\/app\/uploads\/sites\/107\/2021\/12\/localisation-768x768.png 768w, https:\/\/web.umons.ac.be\/app\/uploads\/sites\/107\/2021\/12\/localisation-1536x1536.png 1536w, https:\/\/web.umons.ac.be\/app\/uploads\/sites\/107\/2021\/12\/localisation-2048x2048.png 2048w, https:\/\/web.umons.ac.be\/app\/uploads\/sites\/107\/2021\/12\/localisation-660x660.png 660w, https:\/\/web.umons.ac.be\/app\/uploads\/sites\/107\/2021\/12\/localisation-30x30.png 30w, https:\/\/web.umons.ac.be\/app\/uploads\/sites\/107\/2021\/12\/localisation-80x80.png 80w, https:\/\/web.umons.ac.be\/app\/uploads\/sites\/107\/2021\/12\/localisation-60x60.png 60w, https:\/\/web.umons.ac.be\/app\/uploads\/sites\/107\/2021\/12\/localisation-360x360.png 360w, https:\/\/web.umons.ac.be\/app\/uploads\/sites\/107\/2021\/12\/localisation-400x400.png 400w, https:\/\/web.umons.ac.be\/app\/uploads\/sites\/107\/2021\/12\/localisation-200x200.png 200w\" sizes=\"auto, (max-width: 36px) 100vw, 36px\" \/><\/td>\n<td style=\"width: 79.7227%; height: 25px;\"><span style=\"font-size: 12pt;\"><a href=\"https:\/\/www.google.com\/maps\/place\/Pl.+du+Parc+18,+7000+Mons\/@50.4585126,3.9510433,125m\/data=!3m1!1e3!4m13!1m7!3m6!1s0x47c2501d1ebb7ab5:0x88027658dda734d0!2sPl.+du+Parc+18,+7000+Mons!3b1!8m2!3d50.4585422!4d3.9515201!3m4!1s0x47c2501d1ebb7ab5:0x88027658dda734d0!8m2!3d50.4585422!4d3.9515201\" target=\"_blank\" rel=\"noopener\"><span style=\"color: #009ee0;\">18, Place du Parc (-1)<\/span><\/a><\/span><\/td>\n<\/tr>\n<\/tbody>\n<\/table>\n<p>&nbsp;<\/p>\n<h4><\/h4>\n<h4><span class=\"ms-rteCustom-TexteBleu\" style=\"color: #00abcc;\">Parcours<\/span><\/h4>\n<p>Dipl\u00f4m\u00e9e d\u2019un bachelier en traduction (anglais, espagnol, portugais) et d\u2019un master en didactique du fran\u00e7ais langue \u00e9trang\u00e8re et seconde (FLE\/S), tous deux r\u00e9alis\u00e9s \u00e0 l\u2019Universit\u00e9 de Poitiers, elle s\u2019installe en Belgique en septembre 2020 afin d\u2019entreprendre un master de sp\u00e9cialisation en sciences du langage. En septembre 2021, elle int\u00e8gre le Service de m\u00e9trologie et sciences du langage en tant qu\u2019assistante sous mandat.<\/p>\n<p>Passionn\u00e9e par les langues, les voyages et les rencontres, elle effectue un s\u00e9jour Erasmus \u00e0 Salamanque (2015) au cours de son bachelier, ainsi qu\u2019une ann\u00e9e en tant qu\u2019assistante de langue dans l\u2019enseignement secondaire, \u00e0 Madrid (2016-2017), avant de commencer son master. Elle r\u00e9alise ses stages de master en Roumanie (2018) et au Chili (2019), et cumule diverses exp\u00e9riences d\u2019enseignement des langues (fran\u00e7ais et espagnol) en France comme en Espagne.<\/p>\n<p>\u00c0 son arriv\u00e9e au sein du Service (2021), elle d\u00e9couvre la recherche en sciences humaines et se passionne pour le bilinguisme, en particulier chez les enfants. Sa th\u00e8se porte sur le d\u00e9veloppement des \u00e9motions chez les enfants monolingues et bilingues (fran\u00e7ais-espagnol), et plus sp\u00e9cifiquement sur l\u2019identification des \u00e9motions \u00e0 partir de la voix. Pour en savoir plus, elle a particip\u00e9 \u00e0 l\u2019\u00e9dition 2024 de <em>Ma Th\u00e8se en 180 secondes<\/em>, o\u00f9 elle pr\u00e9sente ses recherches en trois minutes ici : <a href=\"https:\/\/www.youtube.com\/watch?v=zjweP2xFif0.\">https:\/\/www.youtube.com\/watch?v=zjweP2xFif0<\/a>.<\/p>\n<p>&nbsp;<\/p>\n<h4><span class=\"ms-rteCustom-TexteBleu\" style=\"color: #00abcc;\">Th\u00e9matiques de recherche par mots-cl\u00e9s<br \/>\n<\/span><\/h4>\n<p>Bilinguisme<\/p>\n<p>Acquisition\/apprentissage des langues<\/p>\n<p>Fran\u00e7ais Langue Etrang\u00e8re<\/p>\n<p>Prosodie<\/p>\n<p>&nbsp;<\/p>\n<h4><span class=\"ms-rteCustom-TexteBleu\" style=\"color: #00abcc;\">Th\u00e9matiques d&rsquo;enseignement<\/span><\/h4>\n<p>Psychologie du bilinguisme<\/p>\n<p>Neurolinguistique et psycholinguistique<\/p>\n<p>Phon\u00e9tique et phonologie<\/p>\n<p style=\"padding-left: 40px;\">\n","protected":false},"excerpt":{"rendered":"<p>Lola Terny +3265373653 Lola.terny@umons.ac.be Publications\u00a0 (d\u00e9p\u00f4t institutionnel de l&rsquo;UMONS) 18, Place du Parc (-1) &nbsp; Parcours Dipl\u00f4m\u00e9e d\u2019un bachelier en traduction (anglais, espagnol, portugais) et d\u2019un master en didactique du fran\u00e7ais langue \u00e9trang\u00e8re et seconde (FLE\/S), tous deux r\u00e9alis\u00e9s \u00e0 l\u2019Universit\u00e9 de Poitiers, elle s\u2019installe en Belgique en septembre 2020 afin d\u2019entreprendre un master de [&hellip;]<\/p>\n","protected":false},"author":21,"featured_media":0,"parent":0,"menu_order":0,"comment_status":"closed","ping_status":"closed","template":"","meta":{"footnotes":""},"class_list":["post-856","page","type-page","status-publish","hentry"],"yoast_head":"<!-- This site is optimized with the Yoast SEO plugin v27.2 - https:\/\/yoast.com\/product\/yoast-seo-wordpress\/ -->\n<title>Lola_Terny - Service \/ FPSE - M\u00e9trologie et Sciences du langage<\/title>\n<meta name=\"robots\" content=\"index, follow, max-snippet:-1, max-image-preview:large, max-video-preview:-1\" \/>\n<link rel=\"canonical\" href=\"https:\/\/web.umons.ac.be\/smsl\/lola_terny\/\" \/>\n<meta property=\"og:locale\" content=\"fr_FR\" \/>\n<meta property=\"og:type\" content=\"article\" \/>\n<meta property=\"og:title\" content=\"Lola_Terny - Service \/ FPSE - M\u00e9trologie et Sciences du langage\" \/>\n<meta property=\"og:description\" content=\"Lola Terny +3265373653 Lola.terny@umons.ac.be Publications\u00a0 (d\u00e9p\u00f4t institutionnel de l&rsquo;UMONS) 18, Place du Parc (-1) &nbsp; Parcours Dipl\u00f4m\u00e9e d\u2019un bachelier en traduction (anglais, espagnol, portugais) et d\u2019un master en didactique du fran\u00e7ais langue \u00e9trang\u00e8re et seconde (FLE\/S), tous deux r\u00e9alis\u00e9s \u00e0 l\u2019Universit\u00e9 de Poitiers, elle s\u2019installe en Belgique en septembre 2020 afin d\u2019entreprendre un master de [&hellip;]\" \/>\n<meta property=\"og:url\" content=\"https:\/\/web.umons.ac.be\/smsl\/lola_terny\/\" \/>\n<meta property=\"og:site_name\" content=\"Service \/ FPSE - M\u00e9trologie et Sciences du langage\" \/>\n<meta property=\"article:modified_time\" content=\"2025-09-10T08:19:35+00:00\" \/>\n<meta property=\"og:image\" content=\"https:\/\/web.umons.ac.be\/app\/uploads\/sites\/107\/2022\/01\/LAttout.png\" \/>\n\t<meta property=\"og:image:width\" content=\"163\" \/>\n\t<meta property=\"og:image:height\" content=\"163\" \/>\n\t<meta property=\"og:image:type\" content=\"image\/png\" \/>\n<meta name=\"twitter:card\" content=\"summary_large_image\" \/>\n<meta name=\"twitter:label1\" content=\"Dur\u00e9e de lecture estim\u00e9e\" \/>\n\t<meta name=\"twitter:data1\" content=\"3 minutes\" \/>\n<script type=\"application\/ld+json\" class=\"yoast-schema-graph\">{\"@context\":\"https:\/\/schema.org\",\"@graph\":[{\"@type\":\"WebPage\",\"@id\":\"https:\/\/web.umons.ac.be\/smsl\/lola_terny\/\",\"url\":\"https:\/\/web.umons.ac.be\/smsl\/lola_terny\/\",\"name\":\"Lola_Terny - Service \/ FPSE - M\u00e9trologie et Sciences du langage\",\"isPartOf\":{\"@id\":\"https:\/\/web.umons.ac.be\/smsl\/#website\"},\"primaryImageOfPage\":{\"@id\":\"https:\/\/web.umons.ac.be\/smsl\/lola_terny\/#primaryimage\"},\"image\":{\"@id\":\"https:\/\/web.umons.ac.be\/smsl\/lola_terny\/#primaryimage\"},\"thumbnailUrl\":\"https:\/\/web.umons.ac.be\/app\/uploads\/sites\/107\/2025\/09\/Lola_Terny.png\",\"datePublished\":\"2025-09-10T07:55:11+00:00\",\"dateModified\":\"2025-09-10T08:19:35+00:00\",\"breadcrumb\":{\"@id\":\"https:\/\/web.umons.ac.be\/smsl\/lola_terny\/#breadcrumb\"},\"inLanguage\":\"fr-FR\",\"potentialAction\":[{\"@type\":\"ReadAction\",\"target\":[\"https:\/\/web.umons.ac.be\/smsl\/lola_terny\/\"]}]},{\"@type\":\"ImageObject\",\"inLanguage\":\"fr-FR\",\"@id\":\"https:\/\/web.umons.ac.be\/smsl\/lola_terny\/#primaryimage\",\"url\":\"https:\/\/web.umons.ac.be\/app\/uploads\/sites\/107\/2025\/09\/Lola_Terny.png\",\"contentUrl\":\"https:\/\/web.umons.ac.be\/app\/uploads\/sites\/107\/2025\/09\/Lola_Terny.png\"},{\"@type\":\"BreadcrumbList\",\"@id\":\"https:\/\/web.umons.ac.be\/smsl\/lola_terny\/#breadcrumb\",\"itemListElement\":[{\"@type\":\"ListItem\",\"position\":1,\"name\":\"Home\",\"item\":\"https:\/\/web.umons.ac.be\/smsl\/\"},{\"@type\":\"ListItem\",\"position\":2,\"name\":\"Lola_Terny\"}]},{\"@type\":\"WebSite\",\"@id\":\"https:\/\/web.umons.ac.be\/smsl\/#website\",\"url\":\"https:\/\/web.umons.ac.be\/smsl\/\",\"name\":\"Service \/ FPSE - M\u00e9trologie et Sciences du langage\",\"description\":\"\",\"potentialAction\":[{\"@type\":\"SearchAction\",\"target\":{\"@type\":\"EntryPoint\",\"urlTemplate\":\"https:\/\/web.umons.ac.be\/smsl\/?s={search_term_string}\"},\"query-input\":{\"@type\":\"PropertyValueSpecification\",\"valueRequired\":true,\"valueName\":\"search_term_string\"}}],\"inLanguage\":\"fr-FR\"}]}<\/script>\n<!-- \/ Yoast SEO plugin. -->","yoast_head_json":{"title":"Lola_Terny - Service \/ FPSE - M\u00e9trologie et Sciences du langage","robots":{"index":"index","follow":"follow","max-snippet":"max-snippet:-1","max-image-preview":"max-image-preview:large","max-video-preview":"max-video-preview:-1"},"canonical":"https:\/\/web.umons.ac.be\/smsl\/lola_terny\/","og_locale":"fr_FR","og_type":"article","og_title":"Lola_Terny - Service \/ FPSE - M\u00e9trologie et Sciences du langage","og_description":"Lola Terny +3265373653 Lola.terny@umons.ac.be Publications\u00a0 (d\u00e9p\u00f4t institutionnel de l&rsquo;UMONS) 18, Place du Parc (-1) &nbsp; Parcours Dipl\u00f4m\u00e9e d\u2019un bachelier en traduction (anglais, espagnol, portugais) et d\u2019un master en didactique du fran\u00e7ais langue \u00e9trang\u00e8re et seconde (FLE\/S), tous deux r\u00e9alis\u00e9s \u00e0 l\u2019Universit\u00e9 de Poitiers, elle s\u2019installe en Belgique en septembre 2020 afin d\u2019entreprendre un master de [&hellip;]","og_url":"https:\/\/web.umons.ac.be\/smsl\/lola_terny\/","og_site_name":"Service \/ FPSE - M\u00e9trologie et Sciences du langage","article_modified_time":"2025-09-10T08:19:35+00:00","og_image":[{"width":163,"height":163,"url":"https:\/\/web.umons.ac.be\/app\/uploads\/sites\/107\/2022\/01\/LAttout.png","type":"image\/png"}],"twitter_card":"summary_large_image","twitter_misc":{"Dur\u00e9e de lecture estim\u00e9e":"3 minutes"},"schema":{"@context":"https:\/\/schema.org","@graph":[{"@type":"WebPage","@id":"https:\/\/web.umons.ac.be\/smsl\/lola_terny\/","url":"https:\/\/web.umons.ac.be\/smsl\/lola_terny\/","name":"Lola_Terny - Service \/ FPSE - M\u00e9trologie et Sciences du langage","isPartOf":{"@id":"https:\/\/web.umons.ac.be\/smsl\/#website"},"primaryImageOfPage":{"@id":"https:\/\/web.umons.ac.be\/smsl\/lola_terny\/#primaryimage"},"image":{"@id":"https:\/\/web.umons.ac.be\/smsl\/lola_terny\/#primaryimage"},"thumbnailUrl":"https:\/\/web.umons.ac.be\/app\/uploads\/sites\/107\/2025\/09\/Lola_Terny.png","datePublished":"2025-09-10T07:55:11+00:00","dateModified":"2025-09-10T08:19:35+00:00","breadcrumb":{"@id":"https:\/\/web.umons.ac.be\/smsl\/lola_terny\/#breadcrumb"},"inLanguage":"fr-FR","potentialAction":[{"@type":"ReadAction","target":["https:\/\/web.umons.ac.be\/smsl\/lola_terny\/"]}]},{"@type":"ImageObject","inLanguage":"fr-FR","@id":"https:\/\/web.umons.ac.be\/smsl\/lola_terny\/#primaryimage","url":"https:\/\/web.umons.ac.be\/app\/uploads\/sites\/107\/2025\/09\/Lola_Terny.png","contentUrl":"https:\/\/web.umons.ac.be\/app\/uploads\/sites\/107\/2025\/09\/Lola_Terny.png"},{"@type":"BreadcrumbList","@id":"https:\/\/web.umons.ac.be\/smsl\/lola_terny\/#breadcrumb","itemListElement":[{"@type":"ListItem","position":1,"name":"Home","item":"https:\/\/web.umons.ac.be\/smsl\/"},{"@type":"ListItem","position":2,"name":"Lola_Terny"}]},{"@type":"WebSite","@id":"https:\/\/web.umons.ac.be\/smsl\/#website","url":"https:\/\/web.umons.ac.be\/smsl\/","name":"Service \/ FPSE - M\u00e9trologie et Sciences du langage","description":"","potentialAction":[{"@type":"SearchAction","target":{"@type":"EntryPoint","urlTemplate":"https:\/\/web.umons.ac.be\/smsl\/?s={search_term_string}"},"query-input":{"@type":"PropertyValueSpecification","valueRequired":true,"valueName":"search_term_string"}}],"inLanguage":"fr-FR"}]}},"lang":"fr","translations":{"fr":856},"pll_sync_post":[],"_links":{"self":[{"href":"https:\/\/web.umons.ac.be\/smsl\/wp-json\/wp\/v2\/pages\/856","targetHints":{"allow":["GET"]}}],"collection":[{"href":"https:\/\/web.umons.ac.be\/smsl\/wp-json\/wp\/v2\/pages"}],"about":[{"href":"https:\/\/web.umons.ac.be\/smsl\/wp-json\/wp\/v2\/types\/page"}],"author":[{"embeddable":true,"href":"https:\/\/web.umons.ac.be\/smsl\/wp-json\/wp\/v2\/users\/21"}],"replies":[{"embeddable":true,"href":"https:\/\/web.umons.ac.be\/smsl\/wp-json\/wp\/v2\/comments?post=856"}],"version-history":[{"count":4,"href":"https:\/\/web.umons.ac.be\/smsl\/wp-json\/wp\/v2\/pages\/856\/revisions"}],"predecessor-version":[{"id":866,"href":"https:\/\/web.umons.ac.be\/smsl\/wp-json\/wp\/v2\/pages\/856\/revisions\/866"}],"wp:attachment":[{"href":"https:\/\/web.umons.ac.be\/smsl\/wp-json\/wp\/v2\/media?parent=856"}],"curies":[{"name":"wp","href":"https:\/\/api.w.org\/{rel}","templated":true}]}}