{"id":908,"date":"2025-10-21T08:07:37","date_gmt":"2025-10-21T06:07:37","guid":{"rendered":"https:\/\/web.umons.ac.be\/smsl\/?page_id=908"},"modified":"2025-10-21T08:10:45","modified_gmt":"2025-10-21T06:10:45","slug":"pauline_deghorain","status":"publish","type":"page","link":"https:\/\/web.umons.ac.be\/smsl\/pauline_deghorain\/","title":{"rendered":"Pauline_Deghorain"},"content":{"rendered":"<h3><span class=\"ms-rteCustom-TexteBleu\"><span class=\"ms-rteCustom-TexteRouge\"><span style=\"color: #c40242; font-size: 18pt;\">Pauline Deghorain<\/span><\/span><\/span><\/h3>\n<h3><span class=\"ms-rteCustom-TexteBleu\"><span class=\"ms-rteCustom-TexteRouge\"><span style=\"color: #c40242; font-size: 18pt;\"><img loading=\"lazy\" decoding=\"async\" class=\" wp-image-66 alignleft\" src=\"https:\/\/web.umons.ac.be\/app\/uploads\/sites\/107\/2025\/10\/Pauline_Deghorain.png\" alt=\"\" width=\"286\" height=\"290\" \/><\/span><\/span><\/span><\/h3>\n<table style=\"border-collapse: collapse; width: 60.334%; height: 158px;\">\n<tbody>\n<tr style=\"height: 67px;\">\n<td style=\"width: 20.104%; height: 36px;\"><img loading=\"lazy\" decoding=\"async\" class=\"aligncenter wp-image-233\" src=\"https:\/\/web.umons.ac.be\/app\/uploads\/sites\/107\/2021\/12\/telephone-300x300.png\" alt=\"\" width=\"36\" height=\"36\" srcset=\"https:\/\/web.umons.ac.be\/app\/uploads\/sites\/107\/2021\/12\/telephone-300x300.png 300w, https:\/\/web.umons.ac.be\/app\/uploads\/sites\/107\/2021\/12\/telephone-150x150.png 150w, https:\/\/web.umons.ac.be\/app\/uploads\/sites\/107\/2021\/12\/telephone-768x768.png 768w, https:\/\/web.umons.ac.be\/app\/uploads\/sites\/107\/2021\/12\/telephone-660x660.png 660w, https:\/\/web.umons.ac.be\/app\/uploads\/sites\/107\/2021\/12\/telephone-30x30.png 30w, https:\/\/web.umons.ac.be\/app\/uploads\/sites\/107\/2021\/12\/telephone-80x80.png 80w, https:\/\/web.umons.ac.be\/app\/uploads\/sites\/107\/2021\/12\/telephone-60x60.png 60w, https:\/\/web.umons.ac.be\/app\/uploads\/sites\/107\/2021\/12\/telephone-360x360.png 360w, https:\/\/web.umons.ac.be\/app\/uploads\/sites\/107\/2021\/12\/telephone-400x400.png 400w, https:\/\/web.umons.ac.be\/app\/uploads\/sites\/107\/2021\/12\/telephone-200x200.png 200w, https:\/\/web.umons.ac.be\/app\/uploads\/sites\/107\/2021\/12\/telephone.png 1013w\" sizes=\"auto, (max-width: 36px) 100vw, 36px\" \/><\/td>\n<td style=\"width: 79.7227%; height: 36px;\"><span style=\"color: #009ee0; font-size: 14pt;\">+<\/span><\/td>\n<\/tr>\n<tr style=\"height: 79px;\">\n<td style=\"width: 20.104%; height: 52px;\"><img loading=\"lazy\" decoding=\"async\" class=\"aligncenter wp-image-232\" src=\"https:\/\/web.umons.ac.be\/app\/uploads\/sites\/107\/2021\/12\/email-300x300.png\" alt=\"\" width=\"36\" height=\"36\" srcset=\"https:\/\/web.umons.ac.be\/app\/uploads\/sites\/107\/2021\/12\/email-300x300.png 300w, https:\/\/web.umons.ac.be\/app\/uploads\/sites\/107\/2021\/12\/email-150x150.png 150w, https:\/\/web.umons.ac.be\/app\/uploads\/sites\/107\/2021\/12\/email-768x767.png 768w, https:\/\/web.umons.ac.be\/app\/uploads\/sites\/107\/2021\/12\/email-661x660.png 661w, https:\/\/web.umons.ac.be\/app\/uploads\/sites\/107\/2021\/12\/email-30x30.png 30w, https:\/\/web.umons.ac.be\/app\/uploads\/sites\/107\/2021\/12\/email-80x80.png 80w, https:\/\/web.umons.ac.be\/app\/uploads\/sites\/107\/2021\/12\/email-60x60.png 60w, https:\/\/web.umons.ac.be\/app\/uploads\/sites\/107\/2021\/12\/email-360x360.png 360w, https:\/\/web.umons.ac.be\/app\/uploads\/sites\/107\/2021\/12\/email-400x400.png 400w, https:\/\/web.umons.ac.be\/app\/uploads\/sites\/107\/2021\/12\/email-200x200.png 200w, https:\/\/web.umons.ac.be\/app\/uploads\/sites\/107\/2021\/12\/email.png 1014w\" sizes=\"auto, (max-width: 36px) 100vw, 36px\" \/><\/td>\n<td style=\"width: 79.7227%; height: 52px;\"><span style=\"font-size: 12pt;\"><a href=\"mailto:pauline.deghorain@umons.ac.be\"><span style=\"color: #009ee0;\">Pauline.deghorain@umons.ac.be<\/span><\/a><\/span><\/td>\n<\/tr>\n<tr style=\"height: 79px;\">\n<td style=\"width: 20.104%; height: 45px;\"><img loading=\"lazy\" decoding=\"async\" class=\"aligncenter wp-image-289\" src=\"https:\/\/web.umons.ac.be\/app\/uploads\/sites\/107\/2021\/12\/Publication-300x300.png\" alt=\"\" width=\"36\" height=\"36\" srcset=\"https:\/\/web.umons.ac.be\/app\/uploads\/sites\/107\/2021\/12\/Publication-300x300.png 300w, https:\/\/web.umons.ac.be\/app\/uploads\/sites\/107\/2021\/12\/Publication-1024x1024.png 1024w, https:\/\/web.umons.ac.be\/app\/uploads\/sites\/107\/2021\/12\/Publication-150x150.png 150w, https:\/\/web.umons.ac.be\/app\/uploads\/sites\/107\/2021\/12\/Publication-768x768.png 768w, https:\/\/web.umons.ac.be\/app\/uploads\/sites\/107\/2021\/12\/Publication-1536x1536.png 1536w, https:\/\/web.umons.ac.be\/app\/uploads\/sites\/107\/2021\/12\/Publication-2048x2048.png 2048w, https:\/\/web.umons.ac.be\/app\/uploads\/sites\/107\/2021\/12\/Publication-660x660.png 660w, https:\/\/web.umons.ac.be\/app\/uploads\/sites\/107\/2021\/12\/Publication-30x30.png 30w, https:\/\/web.umons.ac.be\/app\/uploads\/sites\/107\/2021\/12\/Publication-80x80.png 80w, https:\/\/web.umons.ac.be\/app\/uploads\/sites\/107\/2021\/12\/Publication-60x60.png 60w, https:\/\/web.umons.ac.be\/app\/uploads\/sites\/107\/2021\/12\/Publication-360x360.png 360w, https:\/\/web.umons.ac.be\/app\/uploads\/sites\/107\/2021\/12\/Publication-400x400.png 400w, https:\/\/web.umons.ac.be\/app\/uploads\/sites\/107\/2021\/12\/Publication-200x200.png 200w\" sizes=\"auto, (max-width: 36px) 100vw, 36px\" \/><\/td>\n<td style=\"width: 79.7227%; height: 45px;\"><span style=\"font-size: 12pt;\"><a title=\"\" href=\"https:\/\/staff.umons.ac.be\/Pauline.DEGHORAIN\/pubsfr.html\" target=\"_blank\" rel=\"noopener\"><span style=\"color: #009ee0;\">Publications<\/span>\u00a0<\/a> (d\u00e9p\u00f4t institutionnel de l&rsquo;UMONS)<\/span><\/td>\n<\/tr>\n<tr style=\"height: 67px;\">\n<td style=\"width: 20.104%; height: 25px;\"><img loading=\"lazy\" decoding=\"async\" class=\"aligncenter wp-image-293\" src=\"https:\/\/web.umons.ac.be\/app\/uploads\/sites\/107\/2021\/12\/localisation-300x300.png\" alt=\"\" width=\"36\" height=\"36\" srcset=\"https:\/\/web.umons.ac.be\/app\/uploads\/sites\/107\/2021\/12\/localisation-300x300.png 300w, https:\/\/web.umons.ac.be\/app\/uploads\/sites\/107\/2021\/12\/localisation-1024x1024.png 1024w, https:\/\/web.umons.ac.be\/app\/uploads\/sites\/107\/2021\/12\/localisation-150x150.png 150w, https:\/\/web.umons.ac.be\/app\/uploads\/sites\/107\/2021\/12\/localisation-768x768.png 768w, https:\/\/web.umons.ac.be\/app\/uploads\/sites\/107\/2021\/12\/localisation-1536x1536.png 1536w, https:\/\/web.umons.ac.be\/app\/uploads\/sites\/107\/2021\/12\/localisation-2048x2048.png 2048w, https:\/\/web.umons.ac.be\/app\/uploads\/sites\/107\/2021\/12\/localisation-660x660.png 660w, https:\/\/web.umons.ac.be\/app\/uploads\/sites\/107\/2021\/12\/localisation-30x30.png 30w, https:\/\/web.umons.ac.be\/app\/uploads\/sites\/107\/2021\/12\/localisation-80x80.png 80w, https:\/\/web.umons.ac.be\/app\/uploads\/sites\/107\/2021\/12\/localisation-60x60.png 60w, https:\/\/web.umons.ac.be\/app\/uploads\/sites\/107\/2021\/12\/localisation-360x360.png 360w, https:\/\/web.umons.ac.be\/app\/uploads\/sites\/107\/2021\/12\/localisation-400x400.png 400w, https:\/\/web.umons.ac.be\/app\/uploads\/sites\/107\/2021\/12\/localisation-200x200.png 200w\" sizes=\"auto, (max-width: 36px) 100vw, 36px\" \/><\/td>\n<td style=\"width: 79.7227%; height: 25px;\"><span style=\"font-size: 12pt;\"><a href=\"https:\/\/www.google.com\/maps\/place\/Pl.+du+Parc+18,+7000+Mons\/@50.4585126,3.9510433,125m\/data=!3m1!1e3!4m13!1m7!3m6!1s0x47c2501d1ebb7ab5:0x88027658dda734d0!2sPl.+du+Parc+18,+7000+Mons!3b1!8m2!3d50.4585422!4d3.9515201!3m4!1s0x47c2501d1ebb7ab5:0x88027658dda734d0!8m2!3d50.4585422!4d3.9515201\" target=\"_blank\" rel=\"noopener\"><span style=\"color: #009ee0;\">18, Place du Parc (-1)<\/span><\/a><\/span><\/td>\n<\/tr>\n<\/tbody>\n<\/table>\n<p>&nbsp;<\/p>\n<h4><\/h4>\n<h4><span class=\"ms-rteCustom-TexteBleu\" style=\"color: #00abcc;\">Parcours<\/span><\/h4>\n<p>Dipl\u00f4m\u00e9e d\u2019un bachelier en sciences psychologiques et de l\u2019\u00e9ducation (orientation logop\u00e9die) en 2020 \u00e0 l\u2019Universit\u00e9 de Mons, elle obtient ensuite un master de sp\u00e9cialisation en logop\u00e9die en 2022 \u00e0 l\u2019Universit\u00e9 libre de Bruxelles. Elle rejoint le Service de M\u00e9trologie et Sciences du Langage (SMSL) en octobre 2022 en tant qu\u2019adjointe p\u00e9dagogique.<\/p>\n<p>Passionn\u00e9e par la clinique de l\u2019adulte en logop\u00e9die ainsi que par le travail pluridisciplinaire, elle a l\u2019occasion, en 2022 et 2023, de travailler en milieu hospitalier (HUB Erasme) et en maison de repos (Les Buissonnets). Elle se sp\u00e9cialise alors dans les troubles du langage oral et de la communication d\u2019origine neurologique (aphasie), les troubles de la fluence et du rythme (dysarthrie), ainsi que les troubles de la d\u00e9glutition (dysphagie).<\/p>\n<p>En 2023, elle exerce \u00e9galement comme assistante temporaire et assistante de recherche au sein du SMSL. Particuli\u00e8rement int\u00e9ress\u00e9e par la recherche scientifique, notamment dans les domaines du langage, de la parole et du vieillissement, elle entame en f\u00e9vrier 2024 une th\u00e8se de doctorat dans le cadre du projet de recherche ARC EVALDY. Ses travaux portent sur l\u2019\u00e9valuation de la voix et de la parole chez les patient\u00b7e\u00b7s dysarthriques, et plus pr\u00e9cis\u00e9ment sur l\u2019identification de mesures acoustiques objectives dans le cadre de maladies neurod\u00e9g\u00e9n\u00e9ratives ou acquises (maladie de Parkinson et accident vasculaire c\u00e9r\u00e9bral).<\/p>\n<p>Depuis septembre 2025, elle est engag\u00e9e comme assistante sous mandat au sein du SMSL. Elle partage d\u00e9sormais son temps entre ses activit\u00e9s de recherche doctorale et l\u2019assistanat des cours du bachelier en sciences psychologiques et de l\u2019\u00e9ducation, ainsi que des cours sp\u00e9cifiques au bachelier en logop\u00e9die.<\/p>\n<p>&nbsp;<\/p>\n<h4><span class=\"ms-rteCustom-TexteBleu\" style=\"color: #00abcc;\">Th\u00e9matiques de recherche par mots-cl\u00e9s<br \/>\n<\/span><\/h4>\n<p>Dysarthrie\/trouble moteur de la parole<\/p>\n<p>\u00c9valuation de la parole<\/p>\n<p>Maladie de Parkinson<\/p>\n<p>Accident vasculaire c\u00e9r\u00e9brale<\/p>\n<p>&nbsp;<\/p>\n<h4><span class=\"ms-rteCustom-TexteBleu\" style=\"color: #00abcc;\">Th\u00e9matiques d&rsquo;enseignement<\/span><\/h4>\n<p>Psychologie du langage et de la communication<\/p>\n<p>Trouble et \u00e9valuation du langage oral<\/p>\n<p>Physique de l\u2019acoustique<\/p>\n<p>Psychom\u00e9trie<\/p>\n<p>D\u00e9ontologie de la logop\u00e9die<\/p>\n<p>Principes de la prise en charge langagi\u00e8re dans une d\u00e9marche EBP<\/p>\n<p>Pratique clinique du langage oral<\/p>\n<p>Contacts avec le milieu professionnel<\/p>\n<p>Introduction \u00e0 la phon\u00e9tique clinique<\/p>\n","protected":false},"excerpt":{"rendered":"<p>Pauline Deghorain + Pauline.deghorain@umons.ac.be Publications\u00a0 (d\u00e9p\u00f4t institutionnel de l&rsquo;UMONS) 18, Place du Parc (-1) &nbsp; Parcours Dipl\u00f4m\u00e9e d\u2019un bachelier en sciences psychologiques et de l\u2019\u00e9ducation (orientation logop\u00e9die) en 2020 \u00e0 l\u2019Universit\u00e9 de Mons, elle obtient ensuite un master de sp\u00e9cialisation en logop\u00e9die en 2022 \u00e0 l\u2019Universit\u00e9 libre de Bruxelles. Elle rejoint le Service de M\u00e9trologie [&hellip;]<\/p>\n","protected":false},"author":21,"featured_media":0,"parent":0,"menu_order":0,"comment_status":"closed","ping_status":"closed","template":"","meta":{"footnotes":""},"class_list":["post-908","page","type-page","status-publish","hentry"],"yoast_head":"<!-- This site is optimized with the Yoast SEO plugin v27.2 - https:\/\/yoast.com\/product\/yoast-seo-wordpress\/ -->\n<title>Pauline_Deghorain - Service \/ FPSE - M\u00e9trologie et Sciences du langage<\/title>\n<meta name=\"robots\" content=\"index, follow, max-snippet:-1, max-image-preview:large, max-video-preview:-1\" \/>\n<link rel=\"canonical\" href=\"https:\/\/web.umons.ac.be\/smsl\/pauline_deghorain\/\" \/>\n<meta property=\"og:locale\" content=\"fr_FR\" \/>\n<meta property=\"og:type\" content=\"article\" \/>\n<meta property=\"og:title\" content=\"Pauline_Deghorain - Service \/ FPSE - M\u00e9trologie et Sciences du langage\" \/>\n<meta property=\"og:description\" content=\"Pauline Deghorain + Pauline.deghorain@umons.ac.be Publications\u00a0 (d\u00e9p\u00f4t institutionnel de l&rsquo;UMONS) 18, Place du Parc (-1) &nbsp; Parcours Dipl\u00f4m\u00e9e d\u2019un bachelier en sciences psychologiques et de l\u2019\u00e9ducation (orientation logop\u00e9die) en 2020 \u00e0 l\u2019Universit\u00e9 de Mons, elle obtient ensuite un master de sp\u00e9cialisation en logop\u00e9die en 2022 \u00e0 l\u2019Universit\u00e9 libre de Bruxelles. Elle rejoint le Service de M\u00e9trologie [&hellip;]\" \/>\n<meta property=\"og:url\" content=\"https:\/\/web.umons.ac.be\/smsl\/pauline_deghorain\/\" \/>\n<meta property=\"og:site_name\" content=\"Service \/ FPSE - M\u00e9trologie et Sciences du langage\" \/>\n<meta property=\"article:modified_time\" content=\"2025-10-21T06:10:45+00:00\" \/>\n<meta property=\"og:image\" content=\"https:\/\/web.umons.ac.be\/app\/uploads\/sites\/107\/2021\/12\/PHOTO-KH.jpg\" \/>\n\t<meta property=\"og:image:width\" content=\"1273\" \/>\n\t<meta property=\"og:image:height\" content=\"1491\" \/>\n\t<meta property=\"og:image:type\" content=\"image\/jpeg\" \/>\n<meta name=\"twitter:card\" content=\"summary_large_image\" \/>\n<meta name=\"twitter:label1\" content=\"Dur\u00e9e de lecture estim\u00e9e\" \/>\n\t<meta name=\"twitter:data1\" content=\"3 minutes\" \/>\n<script type=\"application\/ld+json\" class=\"yoast-schema-graph\">{\"@context\":\"https:\/\/schema.org\",\"@graph\":[{\"@type\":\"WebPage\",\"@id\":\"https:\/\/web.umons.ac.be\/smsl\/pauline_deghorain\/\",\"url\":\"https:\/\/web.umons.ac.be\/smsl\/pauline_deghorain\/\",\"name\":\"Pauline_Deghorain - Service \/ FPSE - M\u00e9trologie et Sciences du langage\",\"isPartOf\":{\"@id\":\"https:\/\/web.umons.ac.be\/smsl\/#website\"},\"primaryImageOfPage\":{\"@id\":\"https:\/\/web.umons.ac.be\/smsl\/pauline_deghorain\/#primaryimage\"},\"image\":{\"@id\":\"https:\/\/web.umons.ac.be\/smsl\/pauline_deghorain\/#primaryimage\"},\"thumbnailUrl\":\"https:\/\/web.umons.ac.be\/app\/uploads\/sites\/107\/2025\/10\/Pauline_Deghorain.png\",\"datePublished\":\"2025-10-21T06:07:37+00:00\",\"dateModified\":\"2025-10-21T06:10:45+00:00\",\"breadcrumb\":{\"@id\":\"https:\/\/web.umons.ac.be\/smsl\/pauline_deghorain\/#breadcrumb\"},\"inLanguage\":\"fr-FR\",\"potentialAction\":[{\"@type\":\"ReadAction\",\"target\":[\"https:\/\/web.umons.ac.be\/smsl\/pauline_deghorain\/\"]}]},{\"@type\":\"ImageObject\",\"inLanguage\":\"fr-FR\",\"@id\":\"https:\/\/web.umons.ac.be\/smsl\/pauline_deghorain\/#primaryimage\",\"url\":\"https:\/\/web.umons.ac.be\/app\/uploads\/sites\/107\/2025\/10\/Pauline_Deghorain.png\",\"contentUrl\":\"https:\/\/web.umons.ac.be\/app\/uploads\/sites\/107\/2025\/10\/Pauline_Deghorain.png\"},{\"@type\":\"BreadcrumbList\",\"@id\":\"https:\/\/web.umons.ac.be\/smsl\/pauline_deghorain\/#breadcrumb\",\"itemListElement\":[{\"@type\":\"ListItem\",\"position\":1,\"name\":\"Home\",\"item\":\"https:\/\/web.umons.ac.be\/smsl\/\"},{\"@type\":\"ListItem\",\"position\":2,\"name\":\"Pauline_Deghorain\"}]},{\"@type\":\"WebSite\",\"@id\":\"https:\/\/web.umons.ac.be\/smsl\/#website\",\"url\":\"https:\/\/web.umons.ac.be\/smsl\/\",\"name\":\"Service \/ FPSE - M\u00e9trologie et Sciences du langage\",\"description\":\"\",\"potentialAction\":[{\"@type\":\"SearchAction\",\"target\":{\"@type\":\"EntryPoint\",\"urlTemplate\":\"https:\/\/web.umons.ac.be\/smsl\/?s={search_term_string}\"},\"query-input\":{\"@type\":\"PropertyValueSpecification\",\"valueRequired\":true,\"valueName\":\"search_term_string\"}}],\"inLanguage\":\"fr-FR\"}]}<\/script>\n<!-- \/ Yoast SEO plugin. -->","yoast_head_json":{"title":"Pauline_Deghorain - Service \/ FPSE - M\u00e9trologie et Sciences du langage","robots":{"index":"index","follow":"follow","max-snippet":"max-snippet:-1","max-image-preview":"max-image-preview:large","max-video-preview":"max-video-preview:-1"},"canonical":"https:\/\/web.umons.ac.be\/smsl\/pauline_deghorain\/","og_locale":"fr_FR","og_type":"article","og_title":"Pauline_Deghorain - Service \/ FPSE - M\u00e9trologie et Sciences du langage","og_description":"Pauline Deghorain + Pauline.deghorain@umons.ac.be Publications\u00a0 (d\u00e9p\u00f4t institutionnel de l&rsquo;UMONS) 18, Place du Parc (-1) &nbsp; Parcours Dipl\u00f4m\u00e9e d\u2019un bachelier en sciences psychologiques et de l\u2019\u00e9ducation (orientation logop\u00e9die) en 2020 \u00e0 l\u2019Universit\u00e9 de Mons, elle obtient ensuite un master de sp\u00e9cialisation en logop\u00e9die en 2022 \u00e0 l\u2019Universit\u00e9 libre de Bruxelles. Elle rejoint le Service de M\u00e9trologie [&hellip;]","og_url":"https:\/\/web.umons.ac.be\/smsl\/pauline_deghorain\/","og_site_name":"Service \/ FPSE - M\u00e9trologie et Sciences du langage","article_modified_time":"2025-10-21T06:10:45+00:00","og_image":[{"width":1273,"height":1491,"url":"https:\/\/web.umons.ac.be\/app\/uploads\/sites\/107\/2021\/12\/PHOTO-KH.jpg","type":"image\/jpeg"}],"twitter_card":"summary_large_image","twitter_misc":{"Dur\u00e9e de lecture estim\u00e9e":"3 minutes"},"schema":{"@context":"https:\/\/schema.org","@graph":[{"@type":"WebPage","@id":"https:\/\/web.umons.ac.be\/smsl\/pauline_deghorain\/","url":"https:\/\/web.umons.ac.be\/smsl\/pauline_deghorain\/","name":"Pauline_Deghorain - Service \/ FPSE - M\u00e9trologie et Sciences du langage","isPartOf":{"@id":"https:\/\/web.umons.ac.be\/smsl\/#website"},"primaryImageOfPage":{"@id":"https:\/\/web.umons.ac.be\/smsl\/pauline_deghorain\/#primaryimage"},"image":{"@id":"https:\/\/web.umons.ac.be\/smsl\/pauline_deghorain\/#primaryimage"},"thumbnailUrl":"https:\/\/web.umons.ac.be\/app\/uploads\/sites\/107\/2025\/10\/Pauline_Deghorain.png","datePublished":"2025-10-21T06:07:37+00:00","dateModified":"2025-10-21T06:10:45+00:00","breadcrumb":{"@id":"https:\/\/web.umons.ac.be\/smsl\/pauline_deghorain\/#breadcrumb"},"inLanguage":"fr-FR","potentialAction":[{"@type":"ReadAction","target":["https:\/\/web.umons.ac.be\/smsl\/pauline_deghorain\/"]}]},{"@type":"ImageObject","inLanguage":"fr-FR","@id":"https:\/\/web.umons.ac.be\/smsl\/pauline_deghorain\/#primaryimage","url":"https:\/\/web.umons.ac.be\/app\/uploads\/sites\/107\/2025\/10\/Pauline_Deghorain.png","contentUrl":"https:\/\/web.umons.ac.be\/app\/uploads\/sites\/107\/2025\/10\/Pauline_Deghorain.png"},{"@type":"BreadcrumbList","@id":"https:\/\/web.umons.ac.be\/smsl\/pauline_deghorain\/#breadcrumb","itemListElement":[{"@type":"ListItem","position":1,"name":"Home","item":"https:\/\/web.umons.ac.be\/smsl\/"},{"@type":"ListItem","position":2,"name":"Pauline_Deghorain"}]},{"@type":"WebSite","@id":"https:\/\/web.umons.ac.be\/smsl\/#website","url":"https:\/\/web.umons.ac.be\/smsl\/","name":"Service \/ FPSE - M\u00e9trologie et Sciences du langage","description":"","potentialAction":[{"@type":"SearchAction","target":{"@type":"EntryPoint","urlTemplate":"https:\/\/web.umons.ac.be\/smsl\/?s={search_term_string}"},"query-input":{"@type":"PropertyValueSpecification","valueRequired":true,"valueName":"search_term_string"}}],"inLanguage":"fr-FR"}]}},"lang":"fr","translations":{"fr":908},"pll_sync_post":[],"_links":{"self":[{"href":"https:\/\/web.umons.ac.be\/smsl\/wp-json\/wp\/v2\/pages\/908","targetHints":{"allow":["GET"]}}],"collection":[{"href":"https:\/\/web.umons.ac.be\/smsl\/wp-json\/wp\/v2\/pages"}],"about":[{"href":"https:\/\/web.umons.ac.be\/smsl\/wp-json\/wp\/v2\/types\/page"}],"author":[{"embeddable":true,"href":"https:\/\/web.umons.ac.be\/smsl\/wp-json\/wp\/v2\/users\/21"}],"replies":[{"embeddable":true,"href":"https:\/\/web.umons.ac.be\/smsl\/wp-json\/wp\/v2\/comments?post=908"}],"version-history":[{"count":3,"href":"https:\/\/web.umons.ac.be\/smsl\/wp-json\/wp\/v2\/pages\/908\/revisions"}],"predecessor-version":[{"id":916,"href":"https:\/\/web.umons.ac.be\/smsl\/wp-json\/wp\/v2\/pages\/908\/revisions\/916"}],"wp:attachment":[{"href":"https:\/\/web.umons.ac.be\/smsl\/wp-json\/wp\/v2\/media?parent=908"}],"curies":[{"name":"wp","href":"https:\/\/api.w.org\/{rel}","templated":true}]}}