{"id":11,"date":"2021-11-24T11:21:08","date_gmt":"2021-11-24T10:21:08","guid":{"rendered":"https:\/\/web.umons.ac.be\/soant\/activites-denseignement\/"},"modified":"2026-03-04T15:54:31","modified_gmt":"2026-03-04T14:54:31","slug":"activites-denseignement-socio-anthropo","status":"publish","type":"page","link":"https:\/\/web.umons.ac.be\/soant\/activites-denseignement-socio-anthropo\/","title":{"rendered":"Activit\u00e9s d&rsquo;enseignement du service de Sociologie et Anhtropologie"},"content":{"rendered":"<p data-start=\"119\" data-end=\"644\">Le Service de Sociologie et Anthropologie contribue \u00e0 l\u2019enseignement dans plusieurs programmes de l\u2019\u00c9cole des Sciences Humaines et Sociales. Les membres du service interviennent notamment dans le Bachelier en Sciences Humaines et Sociales, o\u00f9 ils assurent des enseignements fondamentaux en sociologie et en anthropologie, ainsi que dans le Master en Transitions et Innovations Sociales (METIS), un programme interdisciplinaire consacr\u00e9 \u00e0 l\u2019analyse des transformations sociales, politiques et environnementales contemporaines.<\/p>\n<p data-start=\"646\" data-end=\"918\">Ces enseignements permettent aux \u00e9tudiant\u00b7es de se familiariser avec les grandes th\u00e9ories et m\u00e9thodes des sciences sociales, tout en d\u00e9veloppant une compr\u00e9hension critique des enjeux sociaux, culturels, politiques et \u00e9cologiques qui traversent les soci\u00e9t\u00e9s contemporaines.<\/p>\n<h3 data-start=\"920\" data-end=\"966\"><span style=\"color: #f28c2f;\">Bachelier en Sciences Humaines et Sociales<\/span><\/h3>\n<p data-start=\"968\" data-end=\"1374\">Dans le cadre du Bachelier, les cours assur\u00e9s par le service introduisent les \u00e9tudiant\u00b7es aux approches sociologiques et anthropologiques et \u00e0 leurs m\u00e9thodes d\u2019analyse. Ils permettent d\u2019explorer diff\u00e9rentes th\u00e9matiques telles que les transformations sociales, les dynamiques culturelles, les migrations, les rapports entre soci\u00e9t\u00e9s et environnements ou encore les grands courants de la pens\u00e9e sociologique.<\/p>\n<p data-start=\"1376\" data-end=\"1417\">Les enseignements comprennent notamment :<\/p>\n<ul data-start=\"1419\" data-end=\"1775\">\n<li data-start=\"1419\" data-end=\"1444\">\n<p data-start=\"1421\" data-end=\"1444\">Anthropologie sociale<\/p>\n<\/li>\n<li data-start=\"1445\" data-end=\"1475\">\n<p data-start=\"1447\" data-end=\"1475\">Anthropologie de la nature<\/p>\n<\/li>\n<li data-start=\"1476\" data-end=\"1505\">\n<p data-start=\"1478\" data-end=\"1505\">Anthropologie d\u00e9coloniale<\/p>\n<\/li>\n<li data-start=\"1506\" data-end=\"1545\">\n<p data-start=\"1508\" data-end=\"1545\">\u00c9l\u00e9ments d\u2019anthropologie \u00e9conomique<\/p>\n<\/li>\n<li data-start=\"1546\" data-end=\"1581\">\n<p data-start=\"1548\" data-end=\"1581\">M\u00e9thodologie de l\u2019anthropologie<\/p>\n<\/li>\n<li data-start=\"1582\" data-end=\"1620\">\n<p data-start=\"1584\" data-end=\"1620\">Histoire de la pens\u00e9e sociologique<\/p>\n<\/li>\n<li data-start=\"1621\" data-end=\"1648\">\n<p data-start=\"1623\" data-end=\"1648\">Questions de sociologie<\/p>\n<\/li>\n<li data-start=\"1649\" data-end=\"1681\">\n<p data-start=\"1651\" data-end=\"1681\">Sociologie et mondialisation<\/p>\n<\/li>\n<li data-start=\"1682\" data-end=\"1720\">\n<p data-start=\"1684\" data-end=\"1720\">Socio-anthropologie des migrations<\/p>\n<\/li>\n<li data-start=\"1721\" data-end=\"1775\">\n<p data-start=\"1723\" data-end=\"1775\">Socio-anthropologie et transformations \u00e9cologiques<\/p>\n<\/li>\n<\/ul>\n<h3 data-start=\"1777\" data-end=\"1834\"><span style=\"color: #f28c2f;\">Master en Transitions et Innovations Sociales (METIS)<\/span><\/h3>\n<p data-start=\"1836\" data-end=\"2233\">Au niveau du Master, les enseignements du service s\u2019inscrivent dans une perspective interdisciplinaire et s\u2019int\u00e9ressent aux grands d\u00e9fis contemporains li\u00e9s aux transformations \u00e9cologiques, sociales et \u00e9conomiques. Ils abordent notamment les relations entre soci\u00e9t\u00e9s et environnements, les dynamiques territoriales, les innovations sociales et les nouvelles formes de participation et de recherche.<\/p>\n<p data-start=\"2235\" data-end=\"2276\">Les enseignements comprennent notamment :<\/p>\n<ul data-start=\"2278\" data-end=\"2486\">\n<li data-start=\"2278\" data-end=\"2311\">\n<p data-start=\"2280\" data-end=\"2311\">Anthropologie des territoires<\/p>\n<\/li>\n<li data-start=\"2312\" data-end=\"2349\">\n<p data-start=\"2314\" data-end=\"2349\">\u00c9cologie sociale et biens communs<\/p>\n<\/li>\n<li data-start=\"2350\" data-end=\"2372\">\n<p data-start=\"2352\" data-end=\"2372\">Mutations sociales<\/p>\n<\/li>\n<li data-start=\"2373\" data-end=\"2411\">\n<p data-start=\"2375\" data-end=\"2411\">Sciences, technologies et soci\u00e9t\u00e9s<\/p>\n<\/li>\n<li data-start=\"2412\" data-end=\"2446\">\n<p data-start=\"2414\" data-end=\"2446\">Socio-\u00e9cologie des transitions<\/p>\n<\/li>\n<li data-start=\"2447\" data-end=\"2486\">\n<p data-start=\"2449\" data-end=\"2486\">S\u00e9minaire de recherche participante<\/p>\n<\/li>\n<\/ul>\n","protected":false},"excerpt":{"rendered":"<p>Le Service de Sociologie et Anthropologie contribue \u00e0 l\u2019enseignement dans plusieurs programmes de l\u2019\u00c9cole des Sciences Humaines et Sociales. Les membres du service interviennent notamment dans le Bachelier en Sciences Humaines et Sociales, o\u00f9 ils assurent des enseignements fondamentaux en sociologie et en anthropologie, ainsi que dans le Master en Transitions et Innovations Sociales (METIS), [&hellip;]<\/p>\n","protected":false},"author":4,"featured_media":0,"parent":0,"menu_order":0,"comment_status":"closed","ping_status":"closed","template":"","meta":{"footnotes":""},"class_list":["post-11","page","type-page","status-publish","hentry"],"yoast_head":"<!-- This site is optimized with the Yoast SEO plugin v27.2 - https:\/\/yoast.com\/product\/yoast-seo-wordpress\/ -->\n<title>Activit\u00e9s d&#039;enseignement du service de Sociologie et Anhtropologie - Service \/ ESHS - Sociologie et Anthropologie<\/title>\n<meta name=\"robots\" content=\"index, follow, max-snippet:-1, max-image-preview:large, max-video-preview:-1\" \/>\n<link rel=\"canonical\" href=\"https:\/\/web.umons.ac.be\/soant\/activites-denseignement-socio-anthropo\/\" \/>\n<meta property=\"og:locale\" content=\"fr_FR\" \/>\n<meta property=\"og:type\" content=\"article\" \/>\n<meta property=\"og:title\" content=\"Activit\u00e9s d&#039;enseignement du service de Sociologie et Anhtropologie - Service \/ ESHS - Sociologie et Anthropologie\" \/>\n<meta property=\"og:description\" content=\"Le Service de Sociologie et Anthropologie contribue \u00e0 l\u2019enseignement dans plusieurs programmes de l\u2019\u00c9cole des Sciences Humaines et Sociales. Les membres du service interviennent notamment dans le Bachelier en Sciences Humaines et Sociales, o\u00f9 ils assurent des enseignements fondamentaux en sociologie et en anthropologie, ainsi que dans le Master en Transitions et Innovations Sociales (METIS), [&hellip;]\" \/>\n<meta property=\"og:url\" content=\"https:\/\/web.umons.ac.be\/soant\/activites-denseignement-socio-anthropo\/\" \/>\n<meta property=\"og:site_name\" content=\"Service \/ ESHS - Sociologie et Anthropologie\" \/>\n<meta property=\"article:modified_time\" content=\"2026-03-04T14:54:31+00:00\" \/>\n<meta name=\"twitter:card\" content=\"summary_large_image\" \/>\n<meta name=\"twitter:label1\" content=\"Dur\u00e9e de lecture estim\u00e9e\" \/>\n\t<meta name=\"twitter:data1\" content=\"2 minutes\" \/>\n<script type=\"application\/ld+json\" class=\"yoast-schema-graph\">{\"@context\":\"https:\/\/schema.org\",\"@graph\":[{\"@type\":\"WebPage\",\"@id\":\"https:\/\/web.umons.ac.be\/soant\/activites-denseignement-socio-anthropo\/\",\"url\":\"https:\/\/web.umons.ac.be\/soant\/activites-denseignement-socio-anthropo\/\",\"name\":\"Activit\u00e9s d'enseignement du service de Sociologie et Anhtropologie - Service \/ ESHS - Sociologie et Anthropologie\",\"isPartOf\":{\"@id\":\"https:\/\/web.umons.ac.be\/soant\/#website\"},\"datePublished\":\"2021-11-24T10:21:08+00:00\",\"dateModified\":\"2026-03-04T14:54:31+00:00\",\"breadcrumb\":{\"@id\":\"https:\/\/web.umons.ac.be\/soant\/activites-denseignement-socio-anthropo\/#breadcrumb\"},\"inLanguage\":\"fr-FR\",\"potentialAction\":[{\"@type\":\"ReadAction\",\"target\":[\"https:\/\/web.umons.ac.be\/soant\/activites-denseignement-socio-anthropo\/\"]}]},{\"@type\":\"BreadcrumbList\",\"@id\":\"https:\/\/web.umons.ac.be\/soant\/activites-denseignement-socio-anthropo\/#breadcrumb\",\"itemListElement\":[{\"@type\":\"ListItem\",\"position\":1,\"name\":\"Home\",\"item\":\"https:\/\/web.umons.ac.be\/soant\/\"},{\"@type\":\"ListItem\",\"position\":2,\"name\":\"Activit\u00e9s d&rsquo;enseignement du service de Sociologie et Anhtropologie\"}]},{\"@type\":\"WebSite\",\"@id\":\"https:\/\/web.umons.ac.be\/soant\/#website\",\"url\":\"https:\/\/web.umons.ac.be\/soant\/\",\"name\":\"Service \/ ESHS - Sociologie et Anthropologie\",\"description\":\"\",\"potentialAction\":[{\"@type\":\"SearchAction\",\"target\":{\"@type\":\"EntryPoint\",\"urlTemplate\":\"https:\/\/web.umons.ac.be\/soant\/?s={search_term_string}\"},\"query-input\":{\"@type\":\"PropertyValueSpecification\",\"valueRequired\":true,\"valueName\":\"search_term_string\"}}],\"inLanguage\":\"fr-FR\"}]}<\/script>\n<!-- \/ Yoast SEO plugin. -->","yoast_head_json":{"title":"Activit\u00e9s d'enseignement du service de Sociologie et Anhtropologie - Service \/ ESHS - Sociologie et Anthropologie","robots":{"index":"index","follow":"follow","max-snippet":"max-snippet:-1","max-image-preview":"max-image-preview:large","max-video-preview":"max-video-preview:-1"},"canonical":"https:\/\/web.umons.ac.be\/soant\/activites-denseignement-socio-anthropo\/","og_locale":"fr_FR","og_type":"article","og_title":"Activit\u00e9s d'enseignement du service de Sociologie et Anhtropologie - Service \/ ESHS - Sociologie et Anthropologie","og_description":"Le Service de Sociologie et Anthropologie contribue \u00e0 l\u2019enseignement dans plusieurs programmes de l\u2019\u00c9cole des Sciences Humaines et Sociales. Les membres du service interviennent notamment dans le Bachelier en Sciences Humaines et Sociales, o\u00f9 ils assurent des enseignements fondamentaux en sociologie et en anthropologie, ainsi que dans le Master en Transitions et Innovations Sociales (METIS), [&hellip;]","og_url":"https:\/\/web.umons.ac.be\/soant\/activites-denseignement-socio-anthropo\/","og_site_name":"Service \/ ESHS - Sociologie et Anthropologie","article_modified_time":"2026-03-04T14:54:31+00:00","twitter_card":"summary_large_image","twitter_misc":{"Dur\u00e9e de lecture estim\u00e9e":"2 minutes"},"schema":{"@context":"https:\/\/schema.org","@graph":[{"@type":"WebPage","@id":"https:\/\/web.umons.ac.be\/soant\/activites-denseignement-socio-anthropo\/","url":"https:\/\/web.umons.ac.be\/soant\/activites-denseignement-socio-anthropo\/","name":"Activit\u00e9s d'enseignement du service de Sociologie et Anhtropologie - Service \/ ESHS - Sociologie et Anthropologie","isPartOf":{"@id":"https:\/\/web.umons.ac.be\/soant\/#website"},"datePublished":"2021-11-24T10:21:08+00:00","dateModified":"2026-03-04T14:54:31+00:00","breadcrumb":{"@id":"https:\/\/web.umons.ac.be\/soant\/activites-denseignement-socio-anthropo\/#breadcrumb"},"inLanguage":"fr-FR","potentialAction":[{"@type":"ReadAction","target":["https:\/\/web.umons.ac.be\/soant\/activites-denseignement-socio-anthropo\/"]}]},{"@type":"BreadcrumbList","@id":"https:\/\/web.umons.ac.be\/soant\/activites-denseignement-socio-anthropo\/#breadcrumb","itemListElement":[{"@type":"ListItem","position":1,"name":"Home","item":"https:\/\/web.umons.ac.be\/soant\/"},{"@type":"ListItem","position":2,"name":"Activit\u00e9s d&rsquo;enseignement du service de Sociologie et Anhtropologie"}]},{"@type":"WebSite","@id":"https:\/\/web.umons.ac.be\/soant\/#website","url":"https:\/\/web.umons.ac.be\/soant\/","name":"Service \/ ESHS - Sociologie et Anthropologie","description":"","potentialAction":[{"@type":"SearchAction","target":{"@type":"EntryPoint","urlTemplate":"https:\/\/web.umons.ac.be\/soant\/?s={search_term_string}"},"query-input":{"@type":"PropertyValueSpecification","valueRequired":true,"valueName":"search_term_string"}}],"inLanguage":"fr-FR"}]}},"lang":"fr","translations":{"fr":11,"en":13},"pll_sync_post":[],"_links":{"self":[{"href":"https:\/\/web.umons.ac.be\/soant\/wp-json\/wp\/v2\/pages\/11","targetHints":{"allow":["GET"]}}],"collection":[{"href":"https:\/\/web.umons.ac.be\/soant\/wp-json\/wp\/v2\/pages"}],"about":[{"href":"https:\/\/web.umons.ac.be\/soant\/wp-json\/wp\/v2\/types\/page"}],"author":[{"embeddable":true,"href":"https:\/\/web.umons.ac.be\/soant\/wp-json\/wp\/v2\/users\/4"}],"replies":[{"embeddable":true,"href":"https:\/\/web.umons.ac.be\/soant\/wp-json\/wp\/v2\/comments?post=11"}],"version-history":[{"count":3,"href":"https:\/\/web.umons.ac.be\/soant\/wp-json\/wp\/v2\/pages\/11\/revisions"}],"predecessor-version":[{"id":101,"href":"https:\/\/web.umons.ac.be\/soant\/wp-json\/wp\/v2\/pages\/11\/revisions\/101"}],"wp:attachment":[{"href":"https:\/\/web.umons.ac.be\/soant\/wp-json\/wp\/v2\/media?parent=11"}],"curies":[{"name":"wp","href":"https:\/\/api.w.org\/{rel}","templated":true}]}}