{"id":18,"date":"2017-07-18T09:47:35","date_gmt":"2017-07-18T07:47:35","guid":{"rendered":"https:\/\/web.umons.ac.be\/humanorg\/?page_id=18"},"modified":"2021-11-17T16:02:16","modified_gmt":"2021-11-17T15:02:16","slug":"expertises-et-thematiques","status":"publish","type":"page","link":"https:\/\/web.umons.ac.be\/soci_e_ter\/fr\/expertises-et-thematiques\/","title":{"rendered":"Expertises et th\u00e9matiques"},"content":{"rendered":"<p>Par son caract\u00e8re <strong>pluridisciplinaire<\/strong>, <span style=\"color: #d37224;\"><strong>Soci&amp;ter<\/strong><\/span> \u2013 Institut de Recherche pour le d\u00e9veloppement soci\u00e9tal et territorial \u2013 b\u00e9n\u00e9ficie d\u2019une v\u00e9ritable expertise scientifique dans de nombreux domaines comme par exemple en am\u00e9nagement du territoire, en architecture et en urbanisme, en \u00e9cologie, en sociologie, en droit, en \u00e9conomie et en gestion. En outre, parce que les grands d\u00e9fis \u00e9conomiques, politiques, \u00e9cologiques et sociaux doivent, d\u2019une part, \u00eatre consid\u00e9r\u00e9s ensemble et sont, d\u2019autre part, inscrits dans des territoires particuliers, <strong><span style=\"color: #d37224;\">Soci&amp;ter<\/span><\/strong> entend proposer, en fonction des probl\u00e8mes rencontr\u00e9s dans des situations concr\u00e8tes, des solutions chaque fois <strong>interdisciplinaires<\/strong>. Enfin, si la r\u00e9ponse \u00e0 ces grands d\u00e9fis contemporains implique de critiquer\/repenser\/transformer les mani\u00e8res de \u00ab\u00a0faire territoire\u00a0\u00bb, celui-ci doit \u00eatre abord\u00e9 sous tous ses aspects. C\u2019est pourquoi, dans la plupart des projets concrets, les membres de <strong><span style=\"color: #d37224;\">Soci&amp;ter<\/span><\/strong> d\u00e9veloppent une recherche <strong>collaborative<\/strong>, c\u2019est-\u00e0-dire int\u00e9grant, dans la dynamique d\u2019analyse et de cr\u00e9ation de solutions, les mondes associatifs, publics et priv\u00e9s.<\/p>\n<p>Cette triple dimension de <strong><span style=\"color: #d37224;\">Soci&amp;ter<\/span><\/strong> \u2013 la pluridisciplinarit\u00e9, l\u2019interdisciplinarit\u00e9, la collaboration \u2013 fait la richesse de l\u2019Institut, celui-ci d\u00e9veloppant, d\u2019un c\u00f4t\u00e9, une v\u00e9ritable <strong>recherche fondamentale<\/strong> dans plusieurs disciplines sp\u00e9cifiques, comme l\u2019attestent les nombreuses publications et activit\u00e9s scientifiques de ses membres, mais \u00e9galement, de l\u2019autre c\u00f4t\u00e9, la <strong>recherche-action<\/strong> \u00e0 travers des projets concrets mobilisant un grand nombre d\u2019acteurs, scientifiques et\/ou issus de la soci\u00e9t\u00e9 civile et du priv\u00e9.<\/p>\n<p>Loin de chercher \u00e0 rabattre les perspectives scientifiques de ses membres les unes sur les autres ou \u00e0 homog\u00e9n\u00e9iser les approches des grands d\u00e9fis soci\u00e9taux, <strong><span style=\"color: #d37224;\">Soci&amp;ter<\/span><\/strong> fait le pari que le <strong>d\u00e9bat<\/strong> et la <strong>confrontation d\u2019id\u00e9es<\/strong>, tant \u00e0 l\u2019int\u00e9rieur des disciplines qui composent l\u2019Institut qu\u2019entre elles, est <strong>productrice de savoirs et de savoirs-faires<\/strong>. Pour cette raison, l\u2019Institut organise chaque ann\u00e9e des colloques rassemblant ses membres, avec leurs sp\u00e9cificit\u00e9s m\u00e9thodologiques et disciplinaires, autour d\u2019une th\u00e9matique commune, comme l\u2019accueil des r\u00e9fugi\u00e9s, la r\u00e9habilitation des friches industrielles, la gestion et la croissance des entreprises, les grands probl\u00e8mes urbains ou encore la r\u00e9invention des relations entre les vivants dans des territoires particuliers.<\/p>\n<p>&nbsp;<\/p>\n<p><strong><span style=\"color: #d37224;\">Soci&amp;ter<\/span><\/strong> compte parmi ses membres des sp\u00e9cialistes issus des <strong>champs disciplinaires suivants<\/strong>\u00a0: architecture et urbanisme, g\u00e9ographie, paysage, \u00e9conomie, sciences de gestion, sociologie, droit, sciences de l\u2019\u00e9ducation, psychologie, anthropologie, philosophie, sciences politiques.<\/p>\n<p>&nbsp;<\/p>\n<p>Les recherches men\u00e9es par les membres de <strong><span style=\"color: #d37224;\">Soci&amp;ter<\/span><\/strong> s\u2019inscrivent dans <strong>trois grands types d\u2019approches<\/strong>\u00a0<strong>non exclusifs<\/strong> :<\/p>\n<p><strong>Les approches r\u00e9silientes<\/strong>\u00a0: il s\u2019agit de permettre \u00e0 une soci\u00e9t\u00e9 ou \u00e0 un territoire d\u2019anticiper\/d\u2019affronter\/de surmonter au mieux les crises qu\u2019ils traversent \u2013 en particulier les crises environnementales, \u00e9conomiques et sociales \u2013 en proposant des r\u00e9am\u00e9nagements territoriaux, urbanistiques et architecturaux, des dispositifs permettant de soutenir le tissu \u00e9conomique local et de nouvelles formes de gouvernance plus inclusives. Ces approches cherchent \u00e0 favoriser la transition \u00e9cologique, \u00e9conomique et sociale.<\/p>\n<p><strong>Les approches num\u00e9riques ou technologiques\u00a0<\/strong>: il s\u2019agit d\u2019analyser et de contribuer \u00e0 la mise en place d\u2019un nouvel environnement technologique intelligent en consid\u00e9rant chaque fois, indissociablement, le d\u00e9ploiement technologique en tant que tel et les modifications qu\u2019il impose \u00e0 la soci\u00e9t\u00e9. Les recherches d\u00e9velopp\u00e9es ici consistent \u00e9galement \u00e0 proposer des solutions innovantes pour les entreprises en phase de croissance\u00a0dans le secteur de la cr\u00e9ativit\u00e9 num\u00e9rique ou des nouvelles technologies.<\/p>\n<p><strong>Les approches politiques alternatives\u00a0<\/strong>: il s\u2019agit d\u2019\u00e9tudier, de mettre en valeur, voire de d\u00e9velopper d\u2019autres fa\u00e7ons de faire territoire ou de faire soci\u00e9t\u00e9 rompant plus ou moins fortement avec les logiques dominantes. Les alternatives \u00e9tudi\u00e9es s\u2019inscrivent dans les grandes luttes contemporaines, comme les luttes f\u00e9ministes, anti-racistes ou \u00e9cologiques. Celles-ci mettent chaque fois en jeu une critique\/r\u00e9organisation plus radicale des soci\u00e9t\u00e9s et des territoires analys\u00e9s.<\/p>\n<p>&nbsp;<\/p>\n<p>En somme, <span style=\"color: #d37224;\"><strong>Soci&amp;ter<\/strong><\/span> entend <strong>faire de la diversit\u00e9 de ses membres sa plus grande force<\/strong> pour appr\u00e9hender et r\u00e9pondre aux grands d\u00e9fis soci\u00e9taux contemporains.<\/p>\n","protected":false},"excerpt":{"rendered":"<p>Par son caract\u00e8re pluridisciplinaire, Soci&amp;ter \u2013 Institut de Recherche pour le d\u00e9veloppement soci\u00e9tal et territorial \u2013 b\u00e9n\u00e9ficie d\u2019une v\u00e9ritable expertise scientifique dans de nombreux domaines comme par exemple en am\u00e9nagement du territoire, en architecture et en urbanisme, en \u00e9cologie, en sociologie, en droit, en \u00e9conomie et en gestion. En outre, parce que les grands d\u00e9fis [&hellip;]<\/p>\n","protected":false},"author":2,"featured_media":0,"parent":0,"menu_order":1,"comment_status":"closed","ping_status":"closed","template":"","meta":{"footnotes":""},"class_list":["post-18","page","type-page","status-publish","hentry"],"yoast_head":"<!-- This site is optimized with the Yoast SEO plugin v27.2 - https:\/\/yoast.com\/product\/yoast-seo-wordpress\/ -->\n<title>Expertises et th\u00e9matiques - Institut \/ Soci&amp;ter<\/title>\n<meta name=\"robots\" content=\"index, follow, max-snippet:-1, max-image-preview:large, max-video-preview:-1\" \/>\n<link rel=\"canonical\" href=\"https:\/\/web.umons.ac.be\/soci_e_ter\/fr\/expertises-et-thematiques\/\" \/>\n<meta property=\"og:locale\" content=\"fr_FR\" \/>\n<meta property=\"og:type\" content=\"article\" \/>\n<meta property=\"og:title\" content=\"Expertises et th\u00e9matiques - Institut \/ Soci&amp;ter\" \/>\n<meta property=\"og:description\" content=\"Par son caract\u00e8re pluridisciplinaire, Soci&amp;ter \u2013 Institut de Recherche pour le d\u00e9veloppement soci\u00e9tal et territorial \u2013 b\u00e9n\u00e9ficie d\u2019une v\u00e9ritable expertise scientifique dans de nombreux domaines comme par exemple en am\u00e9nagement du territoire, en architecture et en urbanisme, en \u00e9cologie, en sociologie, en droit, en \u00e9conomie et en gestion. En outre, parce que les grands d\u00e9fis [&hellip;]\" \/>\n<meta property=\"og:url\" content=\"https:\/\/web.umons.ac.be\/soci_e_ter\/fr\/expertises-et-thematiques\/\" \/>\n<meta property=\"og:site_name\" content=\"Institut \/ Soci&amp;ter\" \/>\n<meta property=\"article:modified_time\" content=\"2021-11-17T15:02:16+00:00\" \/>\n<meta name=\"twitter:card\" content=\"summary_large_image\" \/>\n<meta name=\"twitter:label1\" content=\"Dur\u00e9e de lecture estim\u00e9e\" \/>\n\t<meta name=\"twitter:data1\" content=\"3 minutes\" \/>\n<script type=\"application\/ld+json\" class=\"yoast-schema-graph\">{\"@context\":\"https:\/\/schema.org\",\"@graph\":[{\"@type\":\"WebPage\",\"@id\":\"https:\/\/web.umons.ac.be\/soci_e_ter\/fr\/expertises-et-thematiques\/\",\"url\":\"https:\/\/web.umons.ac.be\/soci_e_ter\/fr\/expertises-et-thematiques\/\",\"name\":\"Expertises et th\u00e9matiques - Institut \/ Soci&amp;ter\",\"isPartOf\":{\"@id\":\"https:\/\/web.umons.ac.be\/soci_e_ter\/#website\"},\"datePublished\":\"2017-07-18T07:47:35+00:00\",\"dateModified\":\"2021-11-17T15:02:16+00:00\",\"breadcrumb\":{\"@id\":\"https:\/\/web.umons.ac.be\/soci_e_ter\/fr\/expertises-et-thematiques\/#breadcrumb\"},\"inLanguage\":\"fr-FR\",\"potentialAction\":[{\"@type\":\"ReadAction\",\"target\":[\"https:\/\/web.umons.ac.be\/soci_e_ter\/fr\/expertises-et-thematiques\/\"]}]},{\"@type\":\"BreadcrumbList\",\"@id\":\"https:\/\/web.umons.ac.be\/soci_e_ter\/fr\/expertises-et-thematiques\/#breadcrumb\",\"itemListElement\":[{\"@type\":\"ListItem\",\"position\":1,\"name\":\"Accueil\",\"item\":\"https:\/\/web.umons.ac.be\/soci_e_ter\/fr\/\"},{\"@type\":\"ListItem\",\"position\":2,\"name\":\"Expertises et th\u00e9matiques\"}]},{\"@type\":\"WebSite\",\"@id\":\"https:\/\/web.umons.ac.be\/soci_e_ter\/#website\",\"url\":\"https:\/\/web.umons.ac.be\/soci_e_ter\/\",\"name\":\"Institut \/ Soci&amp;ter\",\"description\":\"Un site utilisant Universit\u00e9 de Mons \u2013 UMONS\",\"potentialAction\":[{\"@type\":\"SearchAction\",\"target\":{\"@type\":\"EntryPoint\",\"urlTemplate\":\"https:\/\/web.umons.ac.be\/soci_e_ter\/?s={search_term_string}\"},\"query-input\":{\"@type\":\"PropertyValueSpecification\",\"valueRequired\":true,\"valueName\":\"search_term_string\"}}],\"inLanguage\":\"fr-FR\"}]}<\/script>\n<!-- \/ Yoast SEO plugin. -->","yoast_head_json":{"title":"Expertises et th\u00e9matiques - Institut \/ Soci&amp;ter","robots":{"index":"index","follow":"follow","max-snippet":"max-snippet:-1","max-image-preview":"max-image-preview:large","max-video-preview":"max-video-preview:-1"},"canonical":"https:\/\/web.umons.ac.be\/soci_e_ter\/fr\/expertises-et-thematiques\/","og_locale":"fr_FR","og_type":"article","og_title":"Expertises et th\u00e9matiques - Institut \/ Soci&amp;ter","og_description":"Par son caract\u00e8re pluridisciplinaire, Soci&amp;ter \u2013 Institut de Recherche pour le d\u00e9veloppement soci\u00e9tal et territorial \u2013 b\u00e9n\u00e9ficie d\u2019une v\u00e9ritable expertise scientifique dans de nombreux domaines comme par exemple en am\u00e9nagement du territoire, en architecture et en urbanisme, en \u00e9cologie, en sociologie, en droit, en \u00e9conomie et en gestion. En outre, parce que les grands d\u00e9fis [&hellip;]","og_url":"https:\/\/web.umons.ac.be\/soci_e_ter\/fr\/expertises-et-thematiques\/","og_site_name":"Institut \/ Soci&amp;ter","article_modified_time":"2021-11-17T15:02:16+00:00","twitter_card":"summary_large_image","twitter_misc":{"Dur\u00e9e de lecture estim\u00e9e":"3 minutes"},"schema":{"@context":"https:\/\/schema.org","@graph":[{"@type":"WebPage","@id":"https:\/\/web.umons.ac.be\/soci_e_ter\/fr\/expertises-et-thematiques\/","url":"https:\/\/web.umons.ac.be\/soci_e_ter\/fr\/expertises-et-thematiques\/","name":"Expertises et th\u00e9matiques - Institut \/ Soci&amp;ter","isPartOf":{"@id":"https:\/\/web.umons.ac.be\/soci_e_ter\/#website"},"datePublished":"2017-07-18T07:47:35+00:00","dateModified":"2021-11-17T15:02:16+00:00","breadcrumb":{"@id":"https:\/\/web.umons.ac.be\/soci_e_ter\/fr\/expertises-et-thematiques\/#breadcrumb"},"inLanguage":"fr-FR","potentialAction":[{"@type":"ReadAction","target":["https:\/\/web.umons.ac.be\/soci_e_ter\/fr\/expertises-et-thematiques\/"]}]},{"@type":"BreadcrumbList","@id":"https:\/\/web.umons.ac.be\/soci_e_ter\/fr\/expertises-et-thematiques\/#breadcrumb","itemListElement":[{"@type":"ListItem","position":1,"name":"Accueil","item":"https:\/\/web.umons.ac.be\/soci_e_ter\/fr\/"},{"@type":"ListItem","position":2,"name":"Expertises et th\u00e9matiques"}]},{"@type":"WebSite","@id":"https:\/\/web.umons.ac.be\/soci_e_ter\/#website","url":"https:\/\/web.umons.ac.be\/soci_e_ter\/","name":"Institut \/ Soci&amp;ter","description":"Un site utilisant Universit\u00e9 de Mons \u2013 UMONS","potentialAction":[{"@type":"SearchAction","target":{"@type":"EntryPoint","urlTemplate":"https:\/\/web.umons.ac.be\/soci_e_ter\/?s={search_term_string}"},"query-input":{"@type":"PropertyValueSpecification","valueRequired":true,"valueName":"search_term_string"}}],"inLanguage":"fr-FR"}]}},"lang":"fr","translations":{"fr":18,"en":150},"pll_sync_post":[],"_links":{"self":[{"href":"https:\/\/web.umons.ac.be\/soci_e_ter\/wp-json\/wp\/v2\/pages\/18","targetHints":{"allow":["GET"]}}],"collection":[{"href":"https:\/\/web.umons.ac.be\/soci_e_ter\/wp-json\/wp\/v2\/pages"}],"about":[{"href":"https:\/\/web.umons.ac.be\/soci_e_ter\/wp-json\/wp\/v2\/types\/page"}],"author":[{"embeddable":true,"href":"https:\/\/web.umons.ac.be\/soci_e_ter\/wp-json\/wp\/v2\/users\/2"}],"replies":[{"embeddable":true,"href":"https:\/\/web.umons.ac.be\/soci_e_ter\/wp-json\/wp\/v2\/comments?post=18"}],"version-history":[{"count":4,"href":"https:\/\/web.umons.ac.be\/soci_e_ter\/wp-json\/wp\/v2\/pages\/18\/revisions"}],"predecessor-version":[{"id":323,"href":"https:\/\/web.umons.ac.be\/soci_e_ter\/wp-json\/wp\/v2\/pages\/18\/revisions\/323"}],"wp:attachment":[{"href":"https:\/\/web.umons.ac.be\/soci_e_ter\/wp-json\/wp\/v2\/media?parent=18"}],"curies":[{"name":"wp","href":"https:\/\/api.w.org\/{rel}","templated":true}]}}