{"id":60,"date":"2017-07-18T10:05:32","date_gmt":"2017-07-18T08:05:32","guid":{"rendered":"https:\/\/web.umons.ac.be\/humanorg\/?page_id=60"},"modified":"2017-11-07T12:14:50","modified_gmt":"2017-11-07T11:14:50","slug":"centre-de-recherche-associe","status":"publish","type":"page","link":"https:\/\/web.umons.ac.be\/soci_e_ter\/fr\/centre-de-recherche-associe\/","title":{"rendered":"Centre de recherche associ\u00e9"},"content":{"rendered":"<ul>\n<li>Les activit\u00e9s du <strong>Centre de Recherche en Economie Appliqu\u00e9e (CREA)<\/strong>, Centre de Recherche UMONS-ULB en Economie Appliqu\u00e9e, visent \u00e0 renforcer la recherche et \u00e0 contribuer au d\u00e9veloppement \u00e9conomique de la r\u00e9gion. Ses comp\u00e9tences concernent l\u2019\u00e9ducation, le genre, l\u2019environnement, le travail, les ressources humaines, l\u2019aide \u00e0 la d\u00e9cision, l\u2019\u00e9conomie publique, industrielle, r\u00e9gionale et internationale.<\/li>\n<\/ul>\n<p>&nbsp;<\/p>\n<p>&nbsp;<\/p>\n","protected":false},"excerpt":{"rendered":"<p>Les activit\u00e9s du Centre de Recherche en Economie Appliqu\u00e9e (CREA), Centre de Recherche UMONS-ULB en Economie Appliqu\u00e9e, visent \u00e0 renforcer la recherche et \u00e0 contribuer au d\u00e9veloppement \u00e9conomique de la r\u00e9gion. Ses comp\u00e9tences concernent l\u2019\u00e9ducation, le genre, l\u2019environnement, le travail, les ressources humaines, l\u2019aide \u00e0 la d\u00e9cision, l\u2019\u00e9conomie publique, industrielle, r\u00e9gionale et internationale. &nbsp; &nbsp;<\/p>\n","protected":false},"author":2,"featured_media":0,"parent":0,"menu_order":3,"comment_status":"closed","ping_status":"closed","template":"","meta":{"footnotes":""},"class_list":["post-60","page","type-page","status-publish","hentry"],"yoast_head":"<!-- This site is optimized with the Yoast SEO plugin v27.2 - https:\/\/yoast.com\/product\/yoast-seo-wordpress\/ -->\n<title>Centre de recherche associ\u00e9 - Institut \/ Soci&amp;ter<\/title>\n<meta name=\"robots\" content=\"index, follow, max-snippet:-1, max-image-preview:large, max-video-preview:-1\" \/>\n<link rel=\"canonical\" href=\"https:\/\/web.umons.ac.be\/soci_e_ter\/fr\/centre-de-recherche-associe\/\" \/>\n<meta property=\"og:locale\" content=\"fr_FR\" \/>\n<meta property=\"og:type\" content=\"article\" \/>\n<meta property=\"og:title\" content=\"Centre de recherche associ\u00e9 - Institut \/ Soci&amp;ter\" \/>\n<meta property=\"og:description\" content=\"Les activit\u00e9s du Centre de Recherche en Economie Appliqu\u00e9e (CREA), Centre de Recherche UMONS-ULB en Economie Appliqu\u00e9e, visent \u00e0 renforcer la recherche et \u00e0 contribuer au d\u00e9veloppement \u00e9conomique de la r\u00e9gion. Ses comp\u00e9tences concernent l\u2019\u00e9ducation, le genre, l\u2019environnement, le travail, les ressources humaines, l\u2019aide \u00e0 la d\u00e9cision, l\u2019\u00e9conomie publique, industrielle, r\u00e9gionale et internationale. &nbsp; &nbsp;\" \/>\n<meta property=\"og:url\" content=\"https:\/\/web.umons.ac.be\/soci_e_ter\/fr\/centre-de-recherche-associe\/\" \/>\n<meta property=\"og:site_name\" content=\"Institut \/ Soci&amp;ter\" \/>\n<meta property=\"article:modified_time\" content=\"2017-11-07T11:14:50+00:00\" \/>\n<meta name=\"twitter:card\" content=\"summary_large_image\" \/>\n<script type=\"application\/ld+json\" class=\"yoast-schema-graph\">{\"@context\":\"https:\/\/schema.org\",\"@graph\":[{\"@type\":\"WebPage\",\"@id\":\"https:\/\/web.umons.ac.be\/soci_e_ter\/fr\/centre-de-recherche-associe\/\",\"url\":\"https:\/\/web.umons.ac.be\/soci_e_ter\/fr\/centre-de-recherche-associe\/\",\"name\":\"Centre de recherche associ\u00e9 - Institut \/ Soci&amp;ter\",\"isPartOf\":{\"@id\":\"https:\/\/web.umons.ac.be\/soci_e_ter\/#website\"},\"datePublished\":\"2017-07-18T08:05:32+00:00\",\"dateModified\":\"2017-11-07T11:14:50+00:00\",\"breadcrumb\":{\"@id\":\"https:\/\/web.umons.ac.be\/soci_e_ter\/fr\/centre-de-recherche-associe\/#breadcrumb\"},\"inLanguage\":\"fr-FR\",\"potentialAction\":[{\"@type\":\"ReadAction\",\"target\":[\"https:\/\/web.umons.ac.be\/soci_e_ter\/fr\/centre-de-recherche-associe\/\"]}]},{\"@type\":\"BreadcrumbList\",\"@id\":\"https:\/\/web.umons.ac.be\/soci_e_ter\/fr\/centre-de-recherche-associe\/#breadcrumb\",\"itemListElement\":[{\"@type\":\"ListItem\",\"position\":1,\"name\":\"Accueil\",\"item\":\"https:\/\/web.umons.ac.be\/soci_e_ter\/fr\/\"},{\"@type\":\"ListItem\",\"position\":2,\"name\":\"Centre de recherche associ\u00e9\"}]},{\"@type\":\"WebSite\",\"@id\":\"https:\/\/web.umons.ac.be\/soci_e_ter\/#website\",\"url\":\"https:\/\/web.umons.ac.be\/soci_e_ter\/\",\"name\":\"Institut \/ Soci&amp;ter\",\"description\":\"Un site utilisant Universit\u00e9 de Mons \u2013 UMONS\",\"potentialAction\":[{\"@type\":\"SearchAction\",\"target\":{\"@type\":\"EntryPoint\",\"urlTemplate\":\"https:\/\/web.umons.ac.be\/soci_e_ter\/?s={search_term_string}\"},\"query-input\":{\"@type\":\"PropertyValueSpecification\",\"valueRequired\":true,\"valueName\":\"search_term_string\"}}],\"inLanguage\":\"fr-FR\"}]}<\/script>\n<!-- \/ Yoast SEO plugin. -->","yoast_head_json":{"title":"Centre de recherche associ\u00e9 - Institut \/ Soci&amp;ter","robots":{"index":"index","follow":"follow","max-snippet":"max-snippet:-1","max-image-preview":"max-image-preview:large","max-video-preview":"max-video-preview:-1"},"canonical":"https:\/\/web.umons.ac.be\/soci_e_ter\/fr\/centre-de-recherche-associe\/","og_locale":"fr_FR","og_type":"article","og_title":"Centre de recherche associ\u00e9 - Institut \/ Soci&amp;ter","og_description":"Les activit\u00e9s du Centre de Recherche en Economie Appliqu\u00e9e (CREA), Centre de Recherche UMONS-ULB en Economie Appliqu\u00e9e, visent \u00e0 renforcer la recherche et \u00e0 contribuer au d\u00e9veloppement \u00e9conomique de la r\u00e9gion. Ses comp\u00e9tences concernent l\u2019\u00e9ducation, le genre, l\u2019environnement, le travail, les ressources humaines, l\u2019aide \u00e0 la d\u00e9cision, l\u2019\u00e9conomie publique, industrielle, r\u00e9gionale et internationale. &nbsp; &nbsp;","og_url":"https:\/\/web.umons.ac.be\/soci_e_ter\/fr\/centre-de-recherche-associe\/","og_site_name":"Institut \/ Soci&amp;ter","article_modified_time":"2017-11-07T11:14:50+00:00","twitter_card":"summary_large_image","schema":{"@context":"https:\/\/schema.org","@graph":[{"@type":"WebPage","@id":"https:\/\/web.umons.ac.be\/soci_e_ter\/fr\/centre-de-recherche-associe\/","url":"https:\/\/web.umons.ac.be\/soci_e_ter\/fr\/centre-de-recherche-associe\/","name":"Centre de recherche associ\u00e9 - Institut \/ Soci&amp;ter","isPartOf":{"@id":"https:\/\/web.umons.ac.be\/soci_e_ter\/#website"},"datePublished":"2017-07-18T08:05:32+00:00","dateModified":"2017-11-07T11:14:50+00:00","breadcrumb":{"@id":"https:\/\/web.umons.ac.be\/soci_e_ter\/fr\/centre-de-recherche-associe\/#breadcrumb"},"inLanguage":"fr-FR","potentialAction":[{"@type":"ReadAction","target":["https:\/\/web.umons.ac.be\/soci_e_ter\/fr\/centre-de-recherche-associe\/"]}]},{"@type":"BreadcrumbList","@id":"https:\/\/web.umons.ac.be\/soci_e_ter\/fr\/centre-de-recherche-associe\/#breadcrumb","itemListElement":[{"@type":"ListItem","position":1,"name":"Accueil","item":"https:\/\/web.umons.ac.be\/soci_e_ter\/fr\/"},{"@type":"ListItem","position":2,"name":"Centre de recherche associ\u00e9"}]},{"@type":"WebSite","@id":"https:\/\/web.umons.ac.be\/soci_e_ter\/#website","url":"https:\/\/web.umons.ac.be\/soci_e_ter\/","name":"Institut \/ Soci&amp;ter","description":"Un site utilisant Universit\u00e9 de Mons \u2013 UMONS","potentialAction":[{"@type":"SearchAction","target":{"@type":"EntryPoint","urlTemplate":"https:\/\/web.umons.ac.be\/soci_e_ter\/?s={search_term_string}"},"query-input":{"@type":"PropertyValueSpecification","valueRequired":true,"valueName":"search_term_string"}}],"inLanguage":"fr-FR"}]}},"lang":"fr","translations":{"fr":60,"en":176},"pll_sync_post":[],"_links":{"self":[{"href":"https:\/\/web.umons.ac.be\/soci_e_ter\/wp-json\/wp\/v2\/pages\/60","targetHints":{"allow":["GET"]}}],"collection":[{"href":"https:\/\/web.umons.ac.be\/soci_e_ter\/wp-json\/wp\/v2\/pages"}],"about":[{"href":"https:\/\/web.umons.ac.be\/soci_e_ter\/wp-json\/wp\/v2\/types\/page"}],"author":[{"embeddable":true,"href":"https:\/\/web.umons.ac.be\/soci_e_ter\/wp-json\/wp\/v2\/users\/2"}],"replies":[{"embeddable":true,"href":"https:\/\/web.umons.ac.be\/soci_e_ter\/wp-json\/wp\/v2\/comments?post=60"}],"version-history":[{"count":3,"href":"https:\/\/web.umons.ac.be\/soci_e_ter\/wp-json\/wp\/v2\/pages\/60\/revisions"}],"predecessor-version":[{"id":136,"href":"https:\/\/web.umons.ac.be\/soci_e_ter\/wp-json\/wp\/v2\/pages\/60\/revisions\/136"}],"wp:attachment":[{"href":"https:\/\/web.umons.ac.be\/soci_e_ter\/wp-json\/wp\/v2\/media?parent=60"}],"curies":[{"name":"wp","href":"https:\/\/api.w.org\/{rel}","templated":true}]}}