{"id":11,"date":"2021-11-10T11:55:38","date_gmt":"2021-11-10T10:55:38","guid":{"rendered":"https:\/\/web.umons.ac.be\/spce\/activites-denseignement\/"},"modified":"2022-02-24T16:27:50","modified_gmt":"2022-02-24T15:27:50","slug":"activites-denseignement","status":"publish","type":"page","link":"https:\/\/web.umons.ac.be\/spce\/activites-denseignement\/","title":{"rendered":"Activit\u00e9s d&rsquo;enseignement"},"content":{"rendered":"<h2>Psychologie clinique<\/h2>\n<h3>Mati\u00e8res transversales<\/h3>\n<ul>\n<li>M\u00e9thodes d&rsquo;entretien clinique approfondies : Th\u00e9orie<\/li>\n<li>M\u00e9thodes d&rsquo;entretien clinique approfondies : S\u00e9minaire<\/li>\n<li>Interventions br\u00e8ves<\/li>\n<li>Aspects identitaires individuels et interculturels<\/li>\n<li>Clinique Institutionnelle<\/li>\n<li>\u00c9thique et d\u00e9ontologie<\/li>\n<li>Processus psychoth\u00e9rapeutiques en clinique institutionnelle<\/li>\n<li>Accompagnement clinique de la famille<\/li>\n<li>Accompagnement clinique du couple<\/li>\n<li>D\u00e9veloppement identitaire et intrapsychique<\/li>\n<li>M\u00e9thodes projectives : Rorschach<\/li>\n<li>Introduction au psychodiagnostic<\/li>\n<li>Psychodiagnostic<\/li>\n<li>S\u00e9minaire de psychopathologie exp\u00e9rimentale<\/li>\n<li>Psychologie de la sant\u00e9 et psychosomatique<\/li>\n<li>Introduction \u00e0 la psychologie clinique : approches psychodynamique, comportementale et syst\u00e9mique<\/li>\n<li>Communication et psychologie : approches et courants<\/li>\n<li>Encadrement de stages et de m\u00e9moires en psychologie clinique<\/li>\n<\/ul>\n<p>&nbsp;<\/p>\n<h3>Cours portant sur la psychologie clinique de l&rsquo;enfant, de l&rsquo;adolescent ou de l&rsquo;adulte<\/h3>\n<ul>\n<li>M\u00e9thodes projectives : \u00e9preuves th\u00e9matiques en clinique infantile<\/li>\n<li>\u00c9tude de cas en clinique infanto-juv\u00e9nile<\/li>\n<li>Processus de sant\u00e9 en clinique infanto-juv\u00e9nile<\/li>\n<li>Approches psychoth\u00e9rapeutiques \u00e0 m\u00e9dias chez l&rsquo;enfant et l&rsquo;adolescent<\/li>\n<li>Processus psychoth\u00e9rapeutiques en clinique de la p\u00e9rinatalit\u00e9 et parentalit\u00e9<\/li>\n<li>Clinique du passage \u00e0 l&rsquo;acte et des ruptures du lien social \u00e0 l&rsquo;enfance et \u00e0 l&rsquo;adolescence<\/li>\n<li>Productions graphiques chez l&rsquo;enfant<\/li>\n<li>M\u00e9thodes d&rsquo;\u00e9valuation et d&rsquo;intervention clinique aupr\u00e8s du jeune enfant<\/li>\n<li>Introduction \u00e0 l&rsquo;\u00e9tude de cas en psychologie clinique de l&rsquo;enfant et de l&rsquo;adolescent<\/li>\n<li>Psychopathologie de l&rsquo;enfant et de l&rsquo;adolescent<\/li>\n<li>Psychopathologie de l&rsquo;adulte<\/li>\n<li>Processus de sant\u00e9 en clinique adulte<\/li>\n<li>\u00c9tude de cas en clinique de l&rsquo;adulte<\/li>\n<\/ul>\n<h3><\/h3>\n<h3>Certificat d&rsquo;Universit\u00e9<\/h3>\n<ul>\n<li>Certificat d&rsquo;Universit\u00e9 en psychoth\u00e9rapie familiale, conjugale et approches syst\u00e9miques<\/li>\n<\/ul>\n<p>&nbsp;<\/p>\n","protected":false},"excerpt":{"rendered":"<p>Psychologie clinique Mati\u00e8res transversales M\u00e9thodes d&rsquo;entretien clinique approfondies : Th\u00e9orie M\u00e9thodes d&rsquo;entretien clinique approfondies : S\u00e9minaire Interventions br\u00e8ves Aspects identitaires individuels et interculturels Clinique Institutionnelle \u00c9thique et d\u00e9ontologie Processus psychoth\u00e9rapeutiques en clinique institutionnelle Accompagnement clinique de la famille Accompagnement clinique du couple D\u00e9veloppement identitaire et intrapsychique M\u00e9thodes projectives : Rorschach Introduction au psychodiagnostic Psychodiagnostic S\u00e9minaire [&hellip;]<\/p>\n","protected":false},"author":4,"featured_media":0,"parent":0,"menu_order":0,"comment_status":"closed","ping_status":"closed","template":"","meta":{"footnotes":""},"class_list":["post-11","page","type-page","status-publish","hentry"],"yoast_head":"<!-- This site is optimized with the Yoast SEO plugin v27.2 - https:\/\/yoast.com\/product\/yoast-seo-wordpress\/ -->\n<title>Activit\u00e9s d&#039;enseignement - Service \/ FPSE - Psychologie clinique<\/title>\n<meta name=\"robots\" content=\"index, follow, max-snippet:-1, max-image-preview:large, max-video-preview:-1\" \/>\n<link rel=\"canonical\" href=\"https:\/\/web.umons.ac.be\/spce\/activites-denseignement\/\" \/>\n<meta property=\"og:locale\" content=\"fr_FR\" \/>\n<meta property=\"og:type\" content=\"article\" \/>\n<meta property=\"og:title\" content=\"Activit\u00e9s d&#039;enseignement - Service \/ FPSE - Psychologie clinique\" \/>\n<meta property=\"og:description\" content=\"Psychologie clinique Mati\u00e8res transversales M\u00e9thodes d&rsquo;entretien clinique approfondies : Th\u00e9orie M\u00e9thodes d&rsquo;entretien clinique approfondies : S\u00e9minaire Interventions br\u00e8ves Aspects identitaires individuels et interculturels Clinique Institutionnelle \u00c9thique et d\u00e9ontologie Processus psychoth\u00e9rapeutiques en clinique institutionnelle Accompagnement clinique de la famille Accompagnement clinique du couple D\u00e9veloppement identitaire et intrapsychique M\u00e9thodes projectives : Rorschach Introduction au psychodiagnostic Psychodiagnostic S\u00e9minaire [&hellip;]\" \/>\n<meta property=\"og:url\" content=\"https:\/\/web.umons.ac.be\/spce\/activites-denseignement\/\" \/>\n<meta property=\"og:site_name\" content=\"Service \/ FPSE - Psychologie clinique\" \/>\n<meta property=\"article:modified_time\" content=\"2022-02-24T15:27:50+00:00\" \/>\n<meta name=\"twitter:card\" content=\"summary_large_image\" \/>\n<meta name=\"twitter:label1\" content=\"Dur\u00e9e de lecture estim\u00e9e\" \/>\n\t<meta name=\"twitter:data1\" content=\"1 minute\" \/>\n<script type=\"application\/ld+json\" class=\"yoast-schema-graph\">{\"@context\":\"https:\/\/schema.org\",\"@graph\":[{\"@type\":\"WebPage\",\"@id\":\"https:\/\/web.umons.ac.be\/spce\/activites-denseignement\/\",\"url\":\"https:\/\/web.umons.ac.be\/spce\/activites-denseignement\/\",\"name\":\"Activit\u00e9s d'enseignement - Service \/ FPSE - Psychologie clinique\",\"isPartOf\":{\"@id\":\"https:\/\/web.umons.ac.be\/spce\/#website\"},\"datePublished\":\"2021-11-10T10:55:38+00:00\",\"dateModified\":\"2022-02-24T15:27:50+00:00\",\"breadcrumb\":{\"@id\":\"https:\/\/web.umons.ac.be\/spce\/activites-denseignement\/#breadcrumb\"},\"inLanguage\":\"fr-FR\",\"potentialAction\":[{\"@type\":\"ReadAction\",\"target\":[\"https:\/\/web.umons.ac.be\/spce\/activites-denseignement\/\"]}]},{\"@type\":\"BreadcrumbList\",\"@id\":\"https:\/\/web.umons.ac.be\/spce\/activites-denseignement\/#breadcrumb\",\"itemListElement\":[{\"@type\":\"ListItem\",\"position\":1,\"name\":\"Home\",\"item\":\"https:\/\/web.umons.ac.be\/spce\/\"},{\"@type\":\"ListItem\",\"position\":2,\"name\":\"Activit\u00e9s d&rsquo;enseignement\"}]},{\"@type\":\"WebSite\",\"@id\":\"https:\/\/web.umons.ac.be\/spce\/#website\",\"url\":\"https:\/\/web.umons.ac.be\/spce\/\",\"name\":\"Service \/ FPSE - Psychologie clinique\",\"description\":\"\",\"potentialAction\":[{\"@type\":\"SearchAction\",\"target\":{\"@type\":\"EntryPoint\",\"urlTemplate\":\"https:\/\/web.umons.ac.be\/spce\/?s={search_term_string}\"},\"query-input\":{\"@type\":\"PropertyValueSpecification\",\"valueRequired\":true,\"valueName\":\"search_term_string\"}}],\"inLanguage\":\"fr-FR\"}]}<\/script>\n<!-- \/ Yoast SEO plugin. -->","yoast_head_json":{"title":"Activit\u00e9s d'enseignement - Service \/ FPSE - Psychologie clinique","robots":{"index":"index","follow":"follow","max-snippet":"max-snippet:-1","max-image-preview":"max-image-preview:large","max-video-preview":"max-video-preview:-1"},"canonical":"https:\/\/web.umons.ac.be\/spce\/activites-denseignement\/","og_locale":"fr_FR","og_type":"article","og_title":"Activit\u00e9s d'enseignement - Service \/ FPSE - Psychologie clinique","og_description":"Psychologie clinique Mati\u00e8res transversales M\u00e9thodes d&rsquo;entretien clinique approfondies : Th\u00e9orie M\u00e9thodes d&rsquo;entretien clinique approfondies : S\u00e9minaire Interventions br\u00e8ves Aspects identitaires individuels et interculturels Clinique Institutionnelle \u00c9thique et d\u00e9ontologie Processus psychoth\u00e9rapeutiques en clinique institutionnelle Accompagnement clinique de la famille Accompagnement clinique du couple D\u00e9veloppement identitaire et intrapsychique M\u00e9thodes projectives : Rorschach Introduction au psychodiagnostic Psychodiagnostic S\u00e9minaire [&hellip;]","og_url":"https:\/\/web.umons.ac.be\/spce\/activites-denseignement\/","og_site_name":"Service \/ FPSE - Psychologie clinique","article_modified_time":"2022-02-24T15:27:50+00:00","twitter_card":"summary_large_image","twitter_misc":{"Dur\u00e9e de lecture estim\u00e9e":"1 minute"},"schema":{"@context":"https:\/\/schema.org","@graph":[{"@type":"WebPage","@id":"https:\/\/web.umons.ac.be\/spce\/activites-denseignement\/","url":"https:\/\/web.umons.ac.be\/spce\/activites-denseignement\/","name":"Activit\u00e9s d'enseignement - Service \/ FPSE - Psychologie clinique","isPartOf":{"@id":"https:\/\/web.umons.ac.be\/spce\/#website"},"datePublished":"2021-11-10T10:55:38+00:00","dateModified":"2022-02-24T15:27:50+00:00","breadcrumb":{"@id":"https:\/\/web.umons.ac.be\/spce\/activites-denseignement\/#breadcrumb"},"inLanguage":"fr-FR","potentialAction":[{"@type":"ReadAction","target":["https:\/\/web.umons.ac.be\/spce\/activites-denseignement\/"]}]},{"@type":"BreadcrumbList","@id":"https:\/\/web.umons.ac.be\/spce\/activites-denseignement\/#breadcrumb","itemListElement":[{"@type":"ListItem","position":1,"name":"Home","item":"https:\/\/web.umons.ac.be\/spce\/"},{"@type":"ListItem","position":2,"name":"Activit\u00e9s d&rsquo;enseignement"}]},{"@type":"WebSite","@id":"https:\/\/web.umons.ac.be\/spce\/#website","url":"https:\/\/web.umons.ac.be\/spce\/","name":"Service \/ FPSE - Psychologie clinique","description":"","potentialAction":[{"@type":"SearchAction","target":{"@type":"EntryPoint","urlTemplate":"https:\/\/web.umons.ac.be\/spce\/?s={search_term_string}"},"query-input":{"@type":"PropertyValueSpecification","valueRequired":true,"valueName":"search_term_string"}}],"inLanguage":"fr-FR"}]}},"lang":"fr","translations":{"fr":11,"en":13},"pll_sync_post":[],"_links":{"self":[{"href":"https:\/\/web.umons.ac.be\/spce\/wp-json\/wp\/v2\/pages\/11","targetHints":{"allow":["GET"]}}],"collection":[{"href":"https:\/\/web.umons.ac.be\/spce\/wp-json\/wp\/v2\/pages"}],"about":[{"href":"https:\/\/web.umons.ac.be\/spce\/wp-json\/wp\/v2\/types\/page"}],"author":[{"embeddable":true,"href":"https:\/\/web.umons.ac.be\/spce\/wp-json\/wp\/v2\/users\/4"}],"replies":[{"embeddable":true,"href":"https:\/\/web.umons.ac.be\/spce\/wp-json\/wp\/v2\/comments?post=11"}],"version-history":[{"count":4,"href":"https:\/\/web.umons.ac.be\/spce\/wp-json\/wp\/v2\/pages\/11\/revisions"}],"predecessor-version":[{"id":73,"href":"https:\/\/web.umons.ac.be\/spce\/wp-json\/wp\/v2\/pages\/11\/revisions\/73"}],"wp:attachment":[{"href":"https:\/\/web.umons.ac.be\/spce\/wp-json\/wp\/v2\/media?parent=11"}],"curies":[{"name":"wp","href":"https:\/\/api.w.org\/{rel}","templated":true}]}}