{"id":234,"date":"2022-02-11T14:13:53","date_gmt":"2022-02-11T13:13:53","guid":{"rendered":"https:\/\/web.umons.ac.be\/spcn\/?page_id=234"},"modified":"2023-12-22T13:42:38","modified_gmt":"2023-12-22T12:42:38","slug":"stages-de-recherche","status":"publish","type":"page","link":"https:\/\/web.umons.ac.be\/spcn\/activites-de-recherche\/stages-de-recherche\/","title":{"rendered":"Postuler pour un stage au PCN"},"content":{"rendered":"<h3>Stage de recherche (400 heures) :<\/h3>\n<p>Ce stage, valorisable dans le cadre d&rsquo;un programme de Master, est r\u00e9alis\u00e9 par les \u00e9tudiants de master 1 et 2 inscrits en orientation recherche ou en orientation sp\u00e9cialis\u00e9e en Psychologie Cognitive et Neuropsychologie.<\/p>\n<p>Le stage n&rsquo;est pas r\u00e9mun\u00e9r\u00e9.<\/p>\n<p>Les stages peuvent avoir lieu au premier ou au second quadrimestre et sont \u00e0 solliciter, selon les th\u00e9matiques de recherche, aupr\u00e8s de :<\/p>\n<ul>\n<li>Pr. Laurent Lefebvre (Axe 1. <a href=\"https:\/\/web.umons.ac.be\/spcn\/activites-de-recherche\/#TH1\">Langage<\/a>) :<a href=\"mailto:laurent.lefebvre@umons.ac.be\"> Laurent.Lefebvre@umons.ac.be\u00a0<\/a><\/li>\n<li>Pr. Mandy Rossignol (Axe 2. <a href=\"https:\/\/web.umons.ac.be\/spcn\/activites-de-recherche\/#TH2\">Les fonctions ex\u00e9cutives et les m\u00e9canismes attentionnels<\/a> et Axe 4. <a href=\"https:\/\/web.umons.ac.be\/spcn\/activites-de-recherche\/#TH4\">Emotions, anxi\u00e9t\u00e9 et r\u00e9silience<\/a>) : <a href=\"mailto:mandy.rossignol@umons.ac.be\">Mandy.Rossignol@umons.ac.be\u00a0<\/a><\/li>\n<li>Pr. Isabelle Simoes Loureiro (Axe 3. <a href=\"https:\/\/web.umons.ac.be\/spcn\/activites-de-recherche\/#TH3\">La m\u00e9moire s\u00e9mantique et lexico-s\u00e9mantique<\/a>) :\u00a0<a href=\"mailto:isabelle.simoreloureiro@umons.ac.be\">I<\/a><a href=\"mailto:isabelle.simoesloureiro@umons.ac.be\">sabelle.simoesloureiro@umons.ac.be\u00a0<\/a><\/li>\n<li>Dr. Aurore Colomar (Axe 5. <a href=\"https:\/\/web.umons.ac.be\/spcn\/activites-de-recherche\/#TH5\">Facteurs biologiques, syst\u00e8me nerveux et fonctionnement cognitif<\/a>) : <a href=\"mailto:aurore.colomar@umons.ac.be\">Aurore.Colomar@umons.ac.be<\/a><\/li>\n<\/ul>\n<p>&nbsp;<\/p>\n<h3>Bourse d&rsquo;initiation \u00e0 la recherche :<\/h3>\n<p>La Bourse d&rsquo;initiation \u00e0 la recherche est sollicit\u00e9e aupr\u00e8s de la Facult\u00e9 de Psychologie et Sciences de l&rsquo;Education et doit \u00eatre en lien avec un appel \u00e0 candidature d\u00e9pos\u00e9 par un.e doctorant.e entre d\u00e9cembre et f\u00e9vrier.<\/p>\n<p>Cette bourse, \u00e0 l&rsquo;attention des \u00e9tudiants en BAB3, couvre un mois de travail, g\u00e9n\u00e9ralement prest\u00e9 entre juillet et septembre.<\/p>\n<p>Informations : <a href=\"mailto:secretariat.fpse@umons.ac.be\">secretariat.fpse@umons.ac.be\u00a0<\/a><\/p>\n<p>&nbsp;<\/p>\n<h3>Stage b\u00e9n\u00e9vole :<\/h3>\n<p>Les \u00e9tudiant.e.s qui d\u00e9sirent s&rsquo;initier \u00e0 la recherche peuvent proposer leur candidature de mani\u00e8re spontan\u00e9e afin de r\u00e9aliser un stage de recherche b\u00e9n\u00e9vole dont la dur\u00e9e sera d\u00e9cid\u00e9e d&rsquo;un commun accord.<\/p>\n<p>&nbsp;<\/p>\n<hr \/>\n<h3>Retrouvez ici les offres de stages avec le service de Psychologie Cognitive et Neuropsychologie<\/h3>\n<hr \/>\n<div id=\"post-content-246813\" class=\"post-content-container\">\n<p>&nbsp;<\/p>\n<\/div>\n<h2>Stage 1 : d\u00e9but au <strong>5 f\u00e9vrier 2024<\/strong><\/h2>\n<p><strong>Offre de stage de recherche au sein du service de g\u00e9riatrie de l\u2019H\u00f4pital A. V\u00e9sale \u00e0 Montigny-le-Tilleul et l\u2019H\u00f4pital Civil Marie Curie \u00e0 Lodelinsart (stages de 400h), sous la supervision acad\u00e9mique du service de Psychologie Cognitive et Neuropsychologie (I. Simoes Loureiro)<\/strong><\/p>\n<p>Ce stage, qui s\u2019inscrit dans un cadre collaboratif dynamique entre l\u2019UMONS et l\u2019H\u00f4pital A. V\u00e9sale (Humani), s\u2019adresse \u00e0 un \u00e9tudiant motiv\u00e9 par la recherche. Rigueur, proactivit\u00e9 et implication sont des qualit\u00e9s indispensables. \u00a0De bonnes capacit\u00e9s d\u2019organisation sont \u00e9galement n\u00e9cessaires.<\/p>\n<p>En tant que stagiaire de recherche, l\u2019\u00e9tudiant participera \u00e0 un projet qui vise \u00e0 poursuivre la r\u00e9colte de donn\u00e9es dans le cadre de l\u2019\u00e9talonnage de plusieurs outils \u00e9valuant les capacit\u00e9s lexico-s\u00e9mantiques chez des sujets atteints de troubles neurocognitifs l\u00e9gers et majeurs (mini-QCS, TCD-MA, EMCS). L\u2019\u00e9tudiant devra \u00e9galement participer \u00e0 la revue de la litt\u00e9rature et \u00e0 la r\u00e9colte de donn\u00e9es dans le cadre de deux autres projets men\u00e9s par le service de g\u00e9riatrie\u00a0: un projet concernant le programme d\u2019accompagnement d\u2019aidants-proches de personnes souffrant de troubles neurocognitifs\u00a0; un projet concernant l\u2019analyse des pratiques de suivi de patients avec troubles neurocognitifs au sein du service de g\u00e9riatrie.<\/p>\n<p>Le travail du stagiaire se r\u00e9partira entre le service de g\u00e9riatrie de l\u2019H\u00f4pital A. V\u00e9sale et de l\u2019H\u00f4pital Civil Marie Curie.<\/p>\n<p>Il sera supervis\u00e9 par Mme Zuinen, neuropsychologue. L\u2019assistante de r\u00e9f\u00e9rence \u00e0 l\u2019UMONS est Mme Gilis et l\u2019encadrant acad\u00e9mique, Mme Simoes Loureiro.<\/p>\n<p><strong><u>Objectifs du stage\u00a0:<\/u><\/strong><\/p>\n<p><strong><u>Mission 1<\/u><\/strong><\/p>\n<ul>\n<li>Revue de la litt\u00e9rature r\u00e9cente concernant les troubles lexico-s\u00e9mantiques dans les troubles neurocognitifs l\u00e9gers et majeurs<\/li>\n<li>Etablir une liste d\u2019outils permettant en tout ou en partie d\u2019\u00e9valuer les troubles lexico-s\u00e9mantiques dans les troubles neurocognitifs l\u00e9gers et majeurs<\/li>\n<li>Administration des outils TCD-MA, mini-QCS et EMCS<\/li>\n<li>Administration de tests neuropsychologiques (batterie globale, RL\/RI, etc..)<\/li>\n<li>Encodage des r\u00e9sultats<\/li>\n<li>Analyse des r\u00e9sultats<\/li>\n<li>R\u00e9daction d\u2019un rapport<\/li>\n<\/ul>\n<p><strong><u>Mission 2<\/u><\/strong><\/p>\n<ul>\n<li>Revue de la litt\u00e9rature autour des techniques de soutien aux aidants-proches de personnes souffrant de troubles neurocognitifs<\/li>\n<li>Revue de la litt\u00e9rature autour des aspects psychologiques et psycho-dynamique entourant la fonction d\u2019aidant-proche<\/li>\n<li>Revue de la litt\u00e9rature concernant \u00ab\u00a0le trajet de soins\u00a0\u00bb d\u2019une personne souffrant de trouble neurocognitif<\/li>\n<li>Revue de la litt\u00e9rature concernant \u00ab\u00a0les bonnes pratiques\u00a0\u00bb diagnostiques des troubles neurocognitifs<\/li>\n<li>Questionner les outils actuellement utilis\u00e9s<\/li>\n<li>R\u00e9colte de donn\u00e9es dans le syst\u00e8me d\u2019information m\u00e9dical utilis\u00e9 par l\u2019institution Humani<\/li>\n<li>Encodage des r\u00e9sultats<\/li>\n<li>Analyse des r\u00e9sultats<\/li>\n<li>R\u00e9daction<\/li>\n<\/ul>\n<p><strong><u>Comp\u00e9tences qui seront d\u00e9velopp\u00e9es au cours de ce stage :\u00a0<\/u><\/strong><\/p>\n<ul>\n<li>Revue de litt\u00e9rature scientifique<\/li>\n<li>Comp\u00e9tences d\u2019organisation et de planification des \u00e9tapes de la recherche<\/li>\n<li>Administration de tests neuropsychologiques<\/li>\n<li>Traitement et analyse de donn\u00e9es<\/li>\n<li>Pr\u00e9paration de pr\u00e9sentations scientifiques<\/li>\n<li>Discussion de r\u00e9sultats\u202fde recherche au sein d\u2019une \u00e9quipe.<\/li>\n<\/ul>\n<p>Date du d\u00e9but du stage : la semaine du <strong>5 f\u00e9vrier 2024, sous r\u00e9serve de la visite m\u00e9dicale<\/strong><\/p>\n<p>Les \u00e9tudiants int\u00e9ress\u00e9s peuvent transmettre leur CV (une page) et lettre de motivation (maximum 100 mots) \u00e0 Mesdames Simoes Loureiro (<a href=\"mailto:isabelle.simoesloureiro@umons.ac.be\">isabelle.simoesloureiro@umons.ac.be<\/a>), Zuinen (<a href=\"mailto:tatiana.zuinen@humani.be\">tatiana.zuinen@humani.be<\/a>) \u00a0et Gilis (<a href=\"mailto:sandra.invernizzi@umons.ac.be\">sarah.gilis@umons.ac.be<\/a>) avant le<strong> 15\/01\/2024<\/strong><\/p>\n<hr \/>\n<h2>Stage 2 : d\u00e9but au <strong>5 f\u00e9vrier 2024<\/strong><\/h2>\n<p><strong>Offre de stage de recherche au sein du service de Psychologie Cognitive et Neuropsychologie (stages de 400h).\u00a0\u00a0<\/strong><\/p>\n<p>Ce stage s\u2019adresse \u00e0 un \u00e9tudiant motiv\u00e9 par la recherche. Rigueur, proactivit\u00e9 et implication sont des qualit\u00e9s indispensables. \u00a0De bonnes capacit\u00e9s d\u2019organisation et la volont\u00e9 de collaboration sont \u00e9galement n\u00e9cessaires.<\/p>\n<p>En tant que stagiaire de recherche, l\u2019\u00e9tudiant participera \u00e0 un projet qui vise l\u2019\u00e9laboration et la normalisation d\u2019un questionnaire parental belge francophone destin\u00e9 \u00e0 identifier les difficult\u00e9s de la communication sociale chez des enfants \u00e2g\u00e9s de 3 ans \u00e0 5 \u00bd ans. En outre, ce questionnaire a pour ambition de diff\u00e9rencier pr\u00e9cocement les difficult\u00e9s de communication sociale li\u00e9es au trouble du spectre de l\u2019autisme des difficult\u00e9s associ\u00e9es \u00e0 un trouble d\u00e9veloppemental du langage.<\/p>\n<p>Le travail du stagiaire se r\u00e9partira entre le service de Psychologie Cognitive et Neuropsychologie et le D\u00e9partement des Sciences Logop\u00e9diques de la Haute \u00c9cole Provinciale de Hainaut- Condorcet (4h\/semaine de prestation \u00e0 la HEC).<\/p>\n<p><strong><u>Objectifs du stage\u00a0:<\/u><\/strong><\/p>\n<ul>\n<li>\u00c9tablir un cadre th\u00e9orique \u00e9tay\u00e9 sur base d\u2019une revue de la litt\u00e9rature scientifique<\/li>\n<li>\u00c9tablir une liste des outils permettant en tout ou en partie d\u2019\u00e9valuer les comp\u00e9tences pragmatiques chez les jeunes enfants<\/li>\n<li>Analyser les outils items par items<\/li>\n<li>Identifier les items redondants\/manquants\/sp\u00e9cifiques en regard de la litt\u00e9rature scientifique<\/li>\n<li>\u00c9tablir une proposition d\u2019outil complet, tenant compte des rep\u00e8res d\u00e9veloppementaux et des sp\u00e9cificit\u00e9s des enfants atteints de troubles du spectre de l\u2019autisme dans le domaine de la pragmatique.<\/li>\n<li>Validit\u00e9 de surface (soumettre le questionnaire \u00e0 des n\u00e9ophytes afin d\u2019\u00e9valuer si le questionnaire semble, de mani\u00e8re \u00e9vidente et superficielle, \u00e9valuer ce qu&rsquo;il est cens\u00e9 mesurer) et v\u00e9rifier la bonne compr\u00e9hension des termes<\/li>\n<li>Validit\u00e9 de contenu (soumettre le questionnaire \u00e0 l&rsquo;expertise de sp\u00e9cialistes dans le domaine concern\u00e9 pour d\u00e9terminer si le questionnaire refl\u00e8te de mani\u00e8re appropri\u00e9e le contenu \u00e0 \u00e9valuer)<\/li>\n<\/ul>\n<p><strong><u>Comp\u00e9tences qui seront d\u00e9velopp\u00e9es au cours de ce stage :\u00a0<\/u><\/strong><\/p>\n<ul>\n<li>Revue de litt\u00e9rature scientifique<\/li>\n<li>Comp\u00e9tences d\u2019organisation et de planification des \u00e9tapes de la recherche<\/li>\n<li>Prise de contact avec les milieux professionnels<\/li>\n<li>Prise de contact avec les parents<\/li>\n<li>Traitement et analyse de donn\u00e9es<\/li>\n<li>Pr\u00e9paration de pr\u00e9sentations scientifiques<\/li>\n<li>Discussion de r\u00e9sultats\u202fde recherche au sein d\u2019une \u00e9quipe.<\/li>\n<\/ul>\n<p>Date du d\u00e9but du stage : la semaine du <strong>5 f\u00e9vrier 2024 <\/strong><\/p>\n<p>Les \u00e9tudiants int\u00e9ress\u00e9s peuvent transmettre leur CV (une page) et lettre de motivation (maximum 100 mots) \u00e0 Mesdames Simoes Loureiro (<a href=\"mailto:isabelle.simoesloureiro@umons.ac.be\">isabelle.simoesloureiro@umons.ac.be<\/a>), Demanet (<a href=\"mailto:laurence.demanet@condorcet.be\">laurence.demanet@condorcet.be<\/a>) \u00a0et Invernizzi (<a href=\"mailto:sandra.invernizzi@umons.ac.be\">sandra.invernizzi@umons.ac.be<\/a>) avant le<strong> 15\/01\/2024<\/strong><\/p>\n<h1>Stage 3 &#8211; mars 2024<\/h1>\n<div id=\"ConnectiveDocSignExtentionInstalled\" data-extension-version=\"1.0.4\">Stage de recherche \u2013 Service de Psychologie Cognitive &amp; Neuropsychologie (PCN)<\/div>\n<div id=\"ConnectiveDocSignExtentionInstalled\" data-extension-version=\"1.0.4\">Nous proposons une opportunit\u00e9 de stage de recherche (400 heures) au sein du service de Psychologie Cognitive et Neuropsychologie (PCN).<\/div>\n<div id=\"ConnectiveDocSignExtentionInstalled\" data-extension-version=\"1.0.4\">Ce stage s\u2019adresse \u00e0 des \u00e9tudiants d\u00e9sireux d\u2019en apprendre plus sur les m\u00e9canismes sous\ufffejacents observables dans les addictions aux jeux de hasard et d\u2019argent, ainsi que les biais cognitifs qui en d\u00e9coulent. L\u2019\u00e9tudiant.e. s\u00e9lectionn\u00e9.e. aura l\u2019occasion d\u2019apprendre \u00e0 effectuer une revue de litt\u00e9rature, de r\u00e9aliser diff\u00e9rentes prises de donn\u00e9es ainsi que l\u2019\u00e9laboration d\u2019une t\u00e2che sur logiciel.<\/div>\n<div id=\"ConnectiveDocSignExtentionInstalled\" data-extension-version=\"1.0.4\">Ce stage de recherche s\u2019inscrit dans une th\u00e8se de doctorat financ\u00e9 par la Loterie Nationale.<\/div>\n<div id=\"ConnectiveDocSignExtentionInstalled\" data-extension-version=\"1.0.4\">Ce stage s\u2019adresse \u00e0 des \u00e9tudiant.e.s fortement motiv\u00e9.e.s par la recherche et rigoureux.ses.<\/div>\n<div id=\"ConnectiveDocSignExtentionInstalled\" data-extension-version=\"1.0.4\">Les capacit\u00e9s d\u2019organisation et la volont\u00e9 de collaboration sont des plus.<\/div>\n<div id=\"ConnectiveDocSignExtentionInstalled\" data-extension-version=\"1.0.4\">Comp\u00e9tences qui seront d\u00e9velopp\u00e9es au cours de ce stage :<\/div>\n<div id=\"ConnectiveDocSignExtentionInstalled\" data-extension-version=\"1.0.4\">\u2022 Maitrise de la recherche scientifique<\/div>\n<div id=\"ConnectiveDocSignExtentionInstalled\" data-extension-version=\"1.0.4\">\u2022 Maitrise de proc\u00e9dures li\u00e9es \u00e0 l\u2019\u00e9laboration d\u2019une revue syst\u00e9matique<\/div>\n<div id=\"ConnectiveDocSignExtentionInstalled\" data-extension-version=\"1.0.4\">\u2022 Elaboration d\u2019une t\u00e2che sur logiciel<\/div>\n<div id=\"ConnectiveDocSignExtentionInstalled\" data-extension-version=\"1.0.4\">\u2022 Traitement et analyse de donn\u00e9es<\/div>\n<div id=\"ConnectiveDocSignExtentionInstalled\" data-extension-version=\"1.0.4\">\u2022 Pr\u00e9paration de pr\u00e9sentations de qualit\u00e9 scientifique et discussion de r\u00e9sultats\u202fde<\/div>\n<div id=\"ConnectiveDocSignExtentionInstalled\" data-extension-version=\"1.0.4\">recherches au sein d\u2019une \u00e9quipe<\/div>\n<div id=\"ConnectiveDocSignExtentionInstalled\" data-extension-version=\"1.0.4\">Date du d\u00e9but du stage : Mars 2024<\/div>\n<div id=\"ConnectiveDocSignExtentionInstalled\" data-extension-version=\"1.0.4\">Les \u00e9tudiants int\u00e9ress\u00e9s peuvent transmettre leur CV et lettre de motivation (maximum 300<\/div>\n<div id=\"ConnectiveDocSignExtentionInstalled\" data-extension-version=\"1.0.4\">mots) \u00e0 Madame Verwacht (Colleen.verwacht@umons.ac.be).<\/div>\n<div id=\"ConnectiveDocSignExtentionInstalled\" data-extension-version=\"1.0.4\">\n<p>Date limite pour postuler : 15\/02\/2024<\/p>\n<hr \/>\n<\/div>\n","protected":false},"excerpt":{"rendered":"<p>Stage de recherche (400 heures) : Ce stage, valorisable dans le cadre d&rsquo;un programme de Master, est r\u00e9alis\u00e9 par les \u00e9tudiants de master 1 et 2 inscrits en orientation recherche ou en orientation sp\u00e9cialis\u00e9e en Psychologie Cognitive et Neuropsychologie. Le stage n&rsquo;est pas r\u00e9mun\u00e9r\u00e9. Les stages peuvent avoir lieu au premier ou au second quadrimestre [&hellip;]<\/p>\n","protected":false},"author":127,"featured_media":0,"parent":15,"menu_order":0,"comment_status":"closed","ping_status":"closed","template":"","meta":{"footnotes":""},"class_list":["post-234","page","type-page","status-publish","hentry"],"yoast_head":"<!-- This site is optimized with the Yoast SEO plugin v27.2 - https:\/\/yoast.com\/product\/yoast-seo-wordpress\/ -->\n<title>Postuler pour un stage au PCN - Service \/ FPSE - Psychologie cognitive et Neuropsychologie<\/title>\n<meta name=\"robots\" content=\"index, follow, max-snippet:-1, max-image-preview:large, max-video-preview:-1\" \/>\n<link rel=\"canonical\" href=\"https:\/\/web.umons.ac.be\/spcn\/activites-de-recherche\/stages-de-recherche\/\" \/>\n<meta property=\"og:locale\" content=\"fr_FR\" \/>\n<meta property=\"og:type\" content=\"article\" \/>\n<meta property=\"og:title\" content=\"Postuler pour un stage au PCN - Service \/ FPSE - Psychologie cognitive et Neuropsychologie\" \/>\n<meta property=\"og:description\" content=\"Stage de recherche (400 heures) : Ce stage, valorisable dans le cadre d&rsquo;un programme de Master, est r\u00e9alis\u00e9 par les \u00e9tudiants de master 1 et 2 inscrits en orientation recherche ou en orientation sp\u00e9cialis\u00e9e en Psychologie Cognitive et Neuropsychologie. Le stage n&rsquo;est pas r\u00e9mun\u00e9r\u00e9. Les stages peuvent avoir lieu au premier ou au second quadrimestre [&hellip;]\" \/>\n<meta property=\"og:url\" content=\"https:\/\/web.umons.ac.be\/spcn\/activites-de-recherche\/stages-de-recherche\/\" \/>\n<meta property=\"og:site_name\" content=\"Service \/ FPSE - Psychologie cognitive et Neuropsychologie\" \/>\n<meta property=\"article:publisher\" content=\"https:\/\/www.facebook.com\/pcnumons\" \/>\n<meta property=\"article:modified_time\" content=\"2023-12-22T12:42:38+00:00\" \/>\n<meta name=\"twitter:card\" content=\"summary_large_image\" \/>\n<meta name=\"twitter:label1\" content=\"Dur\u00e9e de lecture estim\u00e9e\" \/>\n\t<meta name=\"twitter:data1\" content=\"7 minutes\" \/>\n<script type=\"application\/ld+json\" class=\"yoast-schema-graph\">{\"@context\":\"https:\/\/schema.org\",\"@graph\":[{\"@type\":\"WebPage\",\"@id\":\"https:\/\/web.umons.ac.be\/spcn\/activites-de-recherche\/stages-de-recherche\/\",\"url\":\"https:\/\/web.umons.ac.be\/spcn\/activites-de-recherche\/stages-de-recherche\/\",\"name\":\"Postuler pour un stage au PCN - Service \/ FPSE - Psychologie cognitive et Neuropsychologie\",\"isPartOf\":{\"@id\":\"https:\/\/web.umons.ac.be\/spcn\/#website\"},\"datePublished\":\"2022-02-11T13:13:53+00:00\",\"dateModified\":\"2023-12-22T12:42:38+00:00\",\"breadcrumb\":{\"@id\":\"https:\/\/web.umons.ac.be\/spcn\/activites-de-recherche\/stages-de-recherche\/#breadcrumb\"},\"inLanguage\":\"fr-FR\",\"potentialAction\":[{\"@type\":\"ReadAction\",\"target\":[\"https:\/\/web.umons.ac.be\/spcn\/activites-de-recherche\/stages-de-recherche\/\"]}]},{\"@type\":\"BreadcrumbList\",\"@id\":\"https:\/\/web.umons.ac.be\/spcn\/activites-de-recherche\/stages-de-recherche\/#breadcrumb\",\"itemListElement\":[{\"@type\":\"ListItem\",\"position\":1,\"name\":\"Home\",\"item\":\"https:\/\/web.umons.ac.be\/spcn\/\"},{\"@type\":\"ListItem\",\"position\":2,\"name\":\"Recherche\",\"item\":\"https:\/\/web.umons.ac.be\/spcn\/activites-de-recherche\/\"},{\"@type\":\"ListItem\",\"position\":3,\"name\":\"Postuler pour un stage au PCN\"}]},{\"@type\":\"WebSite\",\"@id\":\"https:\/\/web.umons.ac.be\/spcn\/#website\",\"url\":\"https:\/\/web.umons.ac.be\/spcn\/\",\"name\":\"Service \/ FPSE - Psychologie cognitive et Neuropsychologie\",\"description\":\"\",\"potentialAction\":[{\"@type\":\"SearchAction\",\"target\":{\"@type\":\"EntryPoint\",\"urlTemplate\":\"https:\/\/web.umons.ac.be\/spcn\/?s={search_term_string}\"},\"query-input\":{\"@type\":\"PropertyValueSpecification\",\"valueRequired\":true,\"valueName\":\"search_term_string\"}}],\"inLanguage\":\"fr-FR\"}]}<\/script>\n<!-- \/ Yoast SEO plugin. -->","yoast_head_json":{"title":"Postuler pour un stage au PCN - Service \/ FPSE - Psychologie cognitive et Neuropsychologie","robots":{"index":"index","follow":"follow","max-snippet":"max-snippet:-1","max-image-preview":"max-image-preview:large","max-video-preview":"max-video-preview:-1"},"canonical":"https:\/\/web.umons.ac.be\/spcn\/activites-de-recherche\/stages-de-recherche\/","og_locale":"fr_FR","og_type":"article","og_title":"Postuler pour un stage au PCN - Service \/ FPSE - Psychologie cognitive et Neuropsychologie","og_description":"Stage de recherche (400 heures) : Ce stage, valorisable dans le cadre d&rsquo;un programme de Master, est r\u00e9alis\u00e9 par les \u00e9tudiants de master 1 et 2 inscrits en orientation recherche ou en orientation sp\u00e9cialis\u00e9e en Psychologie Cognitive et Neuropsychologie. Le stage n&rsquo;est pas r\u00e9mun\u00e9r\u00e9. Les stages peuvent avoir lieu au premier ou au second quadrimestre [&hellip;]","og_url":"https:\/\/web.umons.ac.be\/spcn\/activites-de-recherche\/stages-de-recherche\/","og_site_name":"Service \/ FPSE - Psychologie cognitive et Neuropsychologie","article_publisher":"https:\/\/www.facebook.com\/pcnumons","article_modified_time":"2023-12-22T12:42:38+00:00","twitter_card":"summary_large_image","twitter_misc":{"Dur\u00e9e de lecture estim\u00e9e":"7 minutes"},"schema":{"@context":"https:\/\/schema.org","@graph":[{"@type":"WebPage","@id":"https:\/\/web.umons.ac.be\/spcn\/activites-de-recherche\/stages-de-recherche\/","url":"https:\/\/web.umons.ac.be\/spcn\/activites-de-recherche\/stages-de-recherche\/","name":"Postuler pour un stage au PCN - Service \/ FPSE - Psychologie cognitive et Neuropsychologie","isPartOf":{"@id":"https:\/\/web.umons.ac.be\/spcn\/#website"},"datePublished":"2022-02-11T13:13:53+00:00","dateModified":"2023-12-22T12:42:38+00:00","breadcrumb":{"@id":"https:\/\/web.umons.ac.be\/spcn\/activites-de-recherche\/stages-de-recherche\/#breadcrumb"},"inLanguage":"fr-FR","potentialAction":[{"@type":"ReadAction","target":["https:\/\/web.umons.ac.be\/spcn\/activites-de-recherche\/stages-de-recherche\/"]}]},{"@type":"BreadcrumbList","@id":"https:\/\/web.umons.ac.be\/spcn\/activites-de-recherche\/stages-de-recherche\/#breadcrumb","itemListElement":[{"@type":"ListItem","position":1,"name":"Home","item":"https:\/\/web.umons.ac.be\/spcn\/"},{"@type":"ListItem","position":2,"name":"Recherche","item":"https:\/\/web.umons.ac.be\/spcn\/activites-de-recherche\/"},{"@type":"ListItem","position":3,"name":"Postuler pour un stage au PCN"}]},{"@type":"WebSite","@id":"https:\/\/web.umons.ac.be\/spcn\/#website","url":"https:\/\/web.umons.ac.be\/spcn\/","name":"Service \/ FPSE - Psychologie cognitive et Neuropsychologie","description":"","potentialAction":[{"@type":"SearchAction","target":{"@type":"EntryPoint","urlTemplate":"https:\/\/web.umons.ac.be\/spcn\/?s={search_term_string}"},"query-input":{"@type":"PropertyValueSpecification","valueRequired":true,"valueName":"search_term_string"}}],"inLanguage":"fr-FR"}]}},"lang":"fr","translations":{"fr":234},"pll_sync_post":[],"_links":{"self":[{"href":"https:\/\/web.umons.ac.be\/spcn\/wp-json\/wp\/v2\/pages\/234","targetHints":{"allow":["GET"]}}],"collection":[{"href":"https:\/\/web.umons.ac.be\/spcn\/wp-json\/wp\/v2\/pages"}],"about":[{"href":"https:\/\/web.umons.ac.be\/spcn\/wp-json\/wp\/v2\/types\/page"}],"author":[{"embeddable":true,"href":"https:\/\/web.umons.ac.be\/spcn\/wp-json\/wp\/v2\/users\/127"}],"replies":[{"embeddable":true,"href":"https:\/\/web.umons.ac.be\/spcn\/wp-json\/wp\/v2\/comments?post=234"}],"version-history":[{"count":4,"href":"https:\/\/web.umons.ac.be\/spcn\/wp-json\/wp\/v2\/pages\/234\/revisions"}],"predecessor-version":[{"id":1495,"href":"https:\/\/web.umons.ac.be\/spcn\/wp-json\/wp\/v2\/pages\/234\/revisions\/1495"}],"up":[{"embeddable":true,"href":"https:\/\/web.umons.ac.be\/spcn\/wp-json\/wp\/v2\/pages\/15"}],"wp:attachment":[{"href":"https:\/\/web.umons.ac.be\/spcn\/wp-json\/wp\/v2\/media?parent=234"}],"curies":[{"name":"wp","href":"https:\/\/api.w.org\/{rel}","templated":true}]}}