{"id":247,"date":"2022-02-17T16:08:12","date_gmt":"2022-02-17T15:08:12","guid":{"rendered":"https:\/\/web.umons.ac.be\/spcn\/?page_id=247"},"modified":"2022-02-17T16:08:12","modified_gmt":"2022-02-17T15:08:12","slug":"metier-de-neuropsychologue","status":"publish","type":"page","link":"https:\/\/web.umons.ac.be\/spcn\/metier-de-neuropsychologue\/","title":{"rendered":"M\u00e9tier de neuropsychologue"},"content":{"rendered":"<h1>Comprendre le m\u00e9tier<\/h1>\n<p><iframe loading=\"lazy\" title=\"Qu&#039;est-ce qu&#039;un neuropsychologue ?\" width=\"500\" height=\"281\" src=\"https:\/\/www.youtube.com\/embed\/QZotz9ndwzA?feature=oembed\" frameborder=\"0\" allow=\"accelerometer; autoplay; clipboard-write; encrypted-media; gyroscope; picture-in-picture; web-share\" referrerpolicy=\"strict-origin-when-cross-origin\" allowfullscreen><\/iframe><\/p>\n<p><a href=\"https:\/\/web.umons.ac.be\/spcn\/?page_id=247&amp;preview=true#Q1\">Qu&rsquo;est-ce que la neuropsychologie ?<\/a><br \/>\n<a href=\"https:\/\/web.umons.ac.be\/spcn\/?page_id=247&amp;preview=true#Q2\">En quoi consiste le m\u00e9tier de neuropsychologue ?<\/a><br \/>\n<a href=\"https:\/\/web.umons.ac.be\/spcn\/?page_id=247&amp;preview=true#Q3\">Quels sont les publics qui ont recours au service des neuropsychologues ?<\/a><br \/>\n<a href=\"https:\/\/web.umons.ac.be\/spcn\/?page_id=247&amp;preview=true#Q4\">Quels sont les lieux de travail potentiels des neuropsychologues ?<\/a><\/p>\n<p>&nbsp;<\/p>\n<h3><a id=\"Q1\"><\/a><span style=\"color: #3f7ac1\">Qu&rsquo;est-ce que la neuropsychologie ?<\/span><\/h3>\n<p>La neuropsychologie est une branche de la psychologie g\u00e9n\u00e9rale, \u00e0 l\u2019interface entre la psychologie cognitive, la psychologie clinique et la neurologie, qui s&rsquo;int\u00e9resse aux difficult\u00e9s cognitives et comportementales de l&rsquo;humain suite \u00e0 un dysfonctionnement c\u00e9r\u00e9bral.<\/p>\n<p>Il existe deux grandes approches en neuropsychologie\u00a0:<\/p>\n<ul>\n<li>la neuropsychologie cognitive,\u00a0qui est une approche ax\u00e9e sur la recherche et qui vise \u00e0 une meilleure compr\u00e9hension des aspects fonctionnels du cerveau au travers de l\u2019analyse des l\u00e9sions et d\u00e9ficits du patient\u00a0;<\/li>\n<li>la neuropsychologie clinique,\u00a0qui est l\u2019approche du clinicien, et qui vise au diagnostic et \u00e0 la prise en charge du patient.<\/li>\n<\/ul>\n<p>L\u2019objet d\u2019\u00e9tude de la neuropsychologie est le rapport entre les fonctions mentales sup\u00e9rieures et leur lien avec les structures c\u00e9r\u00e9brales. La neuropsychologie s\u2019interroge sur la nature des fonctions mentales qui dirigent nos comportements\u00a0et sur les zones du cerveau impliqu\u00e9es dans ces fonctions mentales.<\/p>\n<h3><a id=\"Q2\"><\/a><span style=\"color: #3f7ac1\">En quoi consiste le m\u00e9tier de neuropsychologue ?<\/span><\/h3>\n<p>Le neuropsychologue clinicien intervient dans le domaine du diagnostic neuropsychologique et le domaine de la r\u00e9\u00e9ducation neuropsychologique (AVC, accidents, troubles du d\u00e9veloppement cognitif,\u2026).<\/p>\n<p>Les t\u00e2ches du neuropsychologue peuvent \u00eatre multiples\u00a0:<\/p>\n<ul>\n<li>lier les d\u00e9ficits cognitifs observ\u00e9s et les pathologies ;<\/li>\n<li>proc\u00e9der au diagnostic diff\u00e9rentiel. Le r\u00f4le du neuropsychologue consiste \u00e0 d\u00e9finir un profil cognitif et \u00e0 d\u00e9terminer quelles sont les capacit\u00e9s alt\u00e9r\u00e9es et quelles sont les capacit\u00e9s conserv\u00e9es. Ce tableau cognitif permet d\u2019orienter le clinicien vers un diagnostic diff\u00e9rentiel\u00a0;<\/li>\n<li>d\u00e9velopper des revalidations adapt\u00e9es \u00e0 chaque patient en fonction des forces et faiblesses pr\u00e9alablement mises en \u00e9vidence lors du bilan neuropsychologique.<\/li>\n<\/ul>\n<p>La t\u00e2che de diagnostic consiste \u00e0 r\u00e9aliser un bilan cognitif \u00e0 partir d\u2019une anamn\u00e8se compl\u00e8te du patient et d\u2019une s\u00e9rie de tests. L\u2019objectif est de d\u00e9celer les troubles cognitifs \u00e9ventuels et de contribuer ainsi au diagnostic g\u00e9n\u00e9ral. La prise en charge neuropsychologique consiste en la mise en place d\u2019un programme de revalidation et de r\u00e9habilitation cognitive cons\u00e9cutif au diagnostic.<\/p>\n<p><strong>\u00a0<\/strong><\/p>\n<h3><a id=\"Q3\"><\/a><span style=\"color: #3f7ac1\">Quels sont les publics qui ont recours au service des neuropsychologues ?<\/span><\/h3>\n<p>Les populations concern\u00e9es\u00a0par les investigations neuropsychologiques sont entre autres\u00a0:<\/p>\n<ul>\n<li>les patients pr\u00e9sentant une c\u00e9r\u00e9brol\u00e9sion (AVC, traumatismes cr\u00e2niens, tumeurs, anoxies c\u00e9r\u00e9brales, \u00e9pilepsie, enc\u00e9phalites, substances toxiques,\u2026)\u00a0;<\/li>\n<li>les patients pr\u00e9sentant une d\u00e9g\u00e9n\u00e9rescence neuronale\u00a0;<\/li>\n<li>les patients trait\u00e9s en psychiatrie (schizophr\u00e9nie, autisme,\u2026)\u00a0: courant plus r\u00e9cent car l\u2019intervention psychologique en psychiatrie s\u2019est longtemps appuy\u00e9e sur le courant analytique. Cependant, depuis peu, on note un int\u00e9r\u00eat croissant pour la neuropsychologie dans le cadre de l\u2019\u00e9tude des capacit\u00e9s cognitives des personnes atteintes de pathologies psychiatriques (schizophr\u00e9nie, d\u00e9pression\u2026). Cette approche permet d\u2019obtenir un compl\u00e9ment d\u2019informations aux approches classiques\u00a0;<\/li>\n<li>les patients pr\u00e9sentant des troubles de l\u2019apprentissage (enfants qui pr\u00e9sentent par exemple une dyslexie, une dyscalculie, une dyspraxie, un TDA\/H\u2026).<\/li>\n<\/ul>\n<h3><a id=\"Q4\"><\/a><span style=\"color: #3f7ac1\">Quels sont les lieux de travail potentiels des neuropsychologues ?<\/span><\/h3>\n<ul>\n<li>Centres hospitaliers g\u00e9n\u00e9raux, dans divers services : neurologie, g\u00e9riatrie, clinique de la m\u00e9moire, laboratoire du sommeil, services A (urgences psychiatriques), p\u00e9diatrie, neurop\u00e9diatrie, chirurgie, \u2026<\/li>\n<li>Centre psychiatriques (potentiellement tout type de population psychiatrique)<\/li>\n<li>Centres sp\u00e9cialis\u00e9s dans les troubles neurologiques<\/li>\n<li>Maison de repos (fonction de r\u00e9f\u00e9rent d\u00e9mence)<\/li>\n<li>Institutions pour personnes handicap\u00e9es (de type moteur, sensoriel ou mental)<\/li>\n<li>Centres PMS (enseignement normal et enseignement sp\u00e9cialis\u00e9)<\/li>\n<li>Services d\u2019Aide Pr\u00e9coce, Aide \u00e0 l\u2019int\u00e9gration<\/li>\n<li>Ind\u00e9pendant (cabinet personnel, institutions, \u00e9coles, \u2026)<\/li>\n<li>Centres de consultation pluridisciplinaire (en association avec des logop\u00e8des par exemple)<\/li>\n<li>Recherche clinique ou fondamentale (contrats de recherches pour des Universit\u00e9s, des institutions, \u2026)<\/li>\n<\/ul>\n<p>La liste ci-dessus reprend les principaux lieux o\u00f9 l\u2019on rencontre des<span style=\"font-size: 14px\"> neuropsychologues et n\u2019est, bien entendu, pas exhaustive.<\/span><\/p>\n","protected":false},"excerpt":{"rendered":"<p>Comprendre le m\u00e9tier Qu&rsquo;est-ce que la neuropsychologie ? En quoi consiste le m\u00e9tier de neuropsychologue ? Quels sont les publics qui ont recours au service des neuropsychologues ? Quels sont les lieux de travail potentiels des neuropsychologues ? &nbsp; Qu&rsquo;est-ce que la neuropsychologie ? La neuropsychologie est une branche de la psychologie g\u00e9n\u00e9rale, \u00e0 l\u2019interface [&hellip;]<\/p>\n","protected":false},"author":127,"featured_media":0,"parent":0,"menu_order":0,"comment_status":"closed","ping_status":"closed","template":"","meta":{"footnotes":""},"class_list":["post-247","page","type-page","status-publish","hentry"],"yoast_head":"<!-- This site is optimized with the Yoast SEO plugin v27.2 - https:\/\/yoast.com\/product\/yoast-seo-wordpress\/ -->\n<title>M\u00e9tier de neuropsychologue - Service \/ FPSE - Psychologie cognitive et Neuropsychologie<\/title>\n<meta name=\"robots\" content=\"index, follow, max-snippet:-1, max-image-preview:large, max-video-preview:-1\" \/>\n<link rel=\"canonical\" href=\"https:\/\/web.umons.ac.be\/spcn\/metier-de-neuropsychologue\/\" \/>\n<meta property=\"og:locale\" content=\"fr_FR\" \/>\n<meta property=\"og:type\" content=\"article\" \/>\n<meta property=\"og:title\" content=\"M\u00e9tier de neuropsychologue - Service \/ FPSE - Psychologie cognitive et Neuropsychologie\" \/>\n<meta property=\"og:description\" content=\"Comprendre le m\u00e9tier Qu&rsquo;est-ce que la neuropsychologie ? En quoi consiste le m\u00e9tier de neuropsychologue ? Quels sont les publics qui ont recours au service des neuropsychologues ? Quels sont les lieux de travail potentiels des neuropsychologues ? &nbsp; Qu&rsquo;est-ce que la neuropsychologie ? La neuropsychologie est une branche de la psychologie g\u00e9n\u00e9rale, \u00e0 l\u2019interface [&hellip;]\" \/>\n<meta property=\"og:url\" content=\"https:\/\/web.umons.ac.be\/spcn\/metier-de-neuropsychologue\/\" \/>\n<meta property=\"og:site_name\" content=\"Service \/ FPSE - Psychologie cognitive et Neuropsychologie\" \/>\n<meta property=\"article:publisher\" content=\"https:\/\/www.facebook.com\/pcnumons\" \/>\n<meta name=\"twitter:card\" content=\"summary_large_image\" \/>\n<meta name=\"twitter:label1\" content=\"Dur\u00e9e de lecture estim\u00e9e\" \/>\n\t<meta name=\"twitter:data1\" content=\"4 minutes\" \/>\n<script type=\"application\/ld+json\" class=\"yoast-schema-graph\">{\"@context\":\"https:\/\/schema.org\",\"@graph\":[{\"@type\":\"WebPage\",\"@id\":\"https:\/\/web.umons.ac.be\/spcn\/metier-de-neuropsychologue\/\",\"url\":\"https:\/\/web.umons.ac.be\/spcn\/metier-de-neuropsychologue\/\",\"name\":\"M\u00e9tier de neuropsychologue - Service \/ FPSE - Psychologie cognitive et Neuropsychologie\",\"isPartOf\":{\"@id\":\"https:\/\/web.umons.ac.be\/spcn\/#website\"},\"datePublished\":\"2022-02-17T15:08:12+00:00\",\"breadcrumb\":{\"@id\":\"https:\/\/web.umons.ac.be\/spcn\/metier-de-neuropsychologue\/#breadcrumb\"},\"inLanguage\":\"fr-FR\",\"potentialAction\":[{\"@type\":\"ReadAction\",\"target\":[\"https:\/\/web.umons.ac.be\/spcn\/metier-de-neuropsychologue\/\"]}]},{\"@type\":\"BreadcrumbList\",\"@id\":\"https:\/\/web.umons.ac.be\/spcn\/metier-de-neuropsychologue\/#breadcrumb\",\"itemListElement\":[{\"@type\":\"ListItem\",\"position\":1,\"name\":\"Home\",\"item\":\"https:\/\/web.umons.ac.be\/spcn\/\"},{\"@type\":\"ListItem\",\"position\":2,\"name\":\"M\u00e9tier de neuropsychologue\"}]},{\"@type\":\"WebSite\",\"@id\":\"https:\/\/web.umons.ac.be\/spcn\/#website\",\"url\":\"https:\/\/web.umons.ac.be\/spcn\/\",\"name\":\"Service \/ FPSE - Psychologie cognitive et Neuropsychologie\",\"description\":\"\",\"potentialAction\":[{\"@type\":\"SearchAction\",\"target\":{\"@type\":\"EntryPoint\",\"urlTemplate\":\"https:\/\/web.umons.ac.be\/spcn\/?s={search_term_string}\"},\"query-input\":{\"@type\":\"PropertyValueSpecification\",\"valueRequired\":true,\"valueName\":\"search_term_string\"}}],\"inLanguage\":\"fr-FR\"}]}<\/script>\n<!-- \/ Yoast SEO plugin. -->","yoast_head_json":{"title":"M\u00e9tier de neuropsychologue - Service \/ FPSE - Psychologie cognitive et Neuropsychologie","robots":{"index":"index","follow":"follow","max-snippet":"max-snippet:-1","max-image-preview":"max-image-preview:large","max-video-preview":"max-video-preview:-1"},"canonical":"https:\/\/web.umons.ac.be\/spcn\/metier-de-neuropsychologue\/","og_locale":"fr_FR","og_type":"article","og_title":"M\u00e9tier de neuropsychologue - Service \/ FPSE - Psychologie cognitive et Neuropsychologie","og_description":"Comprendre le m\u00e9tier Qu&rsquo;est-ce que la neuropsychologie ? En quoi consiste le m\u00e9tier de neuropsychologue ? Quels sont les publics qui ont recours au service des neuropsychologues ? Quels sont les lieux de travail potentiels des neuropsychologues ? &nbsp; Qu&rsquo;est-ce que la neuropsychologie ? La neuropsychologie est une branche de la psychologie g\u00e9n\u00e9rale, \u00e0 l\u2019interface [&hellip;]","og_url":"https:\/\/web.umons.ac.be\/spcn\/metier-de-neuropsychologue\/","og_site_name":"Service \/ FPSE - Psychologie cognitive et Neuropsychologie","article_publisher":"https:\/\/www.facebook.com\/pcnumons","twitter_card":"summary_large_image","twitter_misc":{"Dur\u00e9e de lecture estim\u00e9e":"4 minutes"},"schema":{"@context":"https:\/\/schema.org","@graph":[{"@type":"WebPage","@id":"https:\/\/web.umons.ac.be\/spcn\/metier-de-neuropsychologue\/","url":"https:\/\/web.umons.ac.be\/spcn\/metier-de-neuropsychologue\/","name":"M\u00e9tier de neuropsychologue - Service \/ FPSE - Psychologie cognitive et Neuropsychologie","isPartOf":{"@id":"https:\/\/web.umons.ac.be\/spcn\/#website"},"datePublished":"2022-02-17T15:08:12+00:00","breadcrumb":{"@id":"https:\/\/web.umons.ac.be\/spcn\/metier-de-neuropsychologue\/#breadcrumb"},"inLanguage":"fr-FR","potentialAction":[{"@type":"ReadAction","target":["https:\/\/web.umons.ac.be\/spcn\/metier-de-neuropsychologue\/"]}]},{"@type":"BreadcrumbList","@id":"https:\/\/web.umons.ac.be\/spcn\/metier-de-neuropsychologue\/#breadcrumb","itemListElement":[{"@type":"ListItem","position":1,"name":"Home","item":"https:\/\/web.umons.ac.be\/spcn\/"},{"@type":"ListItem","position":2,"name":"M\u00e9tier de neuropsychologue"}]},{"@type":"WebSite","@id":"https:\/\/web.umons.ac.be\/spcn\/#website","url":"https:\/\/web.umons.ac.be\/spcn\/","name":"Service \/ FPSE - Psychologie cognitive et Neuropsychologie","description":"","potentialAction":[{"@type":"SearchAction","target":{"@type":"EntryPoint","urlTemplate":"https:\/\/web.umons.ac.be\/spcn\/?s={search_term_string}"},"query-input":{"@type":"PropertyValueSpecification","valueRequired":true,"valueName":"search_term_string"}}],"inLanguage":"fr-FR"}]}},"lang":"fr","translations":{"fr":247},"pll_sync_post":[],"_links":{"self":[{"href":"https:\/\/web.umons.ac.be\/spcn\/wp-json\/wp\/v2\/pages\/247","targetHints":{"allow":["GET"]}}],"collection":[{"href":"https:\/\/web.umons.ac.be\/spcn\/wp-json\/wp\/v2\/pages"}],"about":[{"href":"https:\/\/web.umons.ac.be\/spcn\/wp-json\/wp\/v2\/types\/page"}],"author":[{"embeddable":true,"href":"https:\/\/web.umons.ac.be\/spcn\/wp-json\/wp\/v2\/users\/127"}],"replies":[{"embeddable":true,"href":"https:\/\/web.umons.ac.be\/spcn\/wp-json\/wp\/v2\/comments?post=247"}],"version-history":[{"count":3,"href":"https:\/\/web.umons.ac.be\/spcn\/wp-json\/wp\/v2\/pages\/247\/revisions"}],"predecessor-version":[{"id":250,"href":"https:\/\/web.umons.ac.be\/spcn\/wp-json\/wp\/v2\/pages\/247\/revisions\/250"}],"wp:attachment":[{"href":"https:\/\/web.umons.ac.be\/spcn\/wp-json\/wp\/v2\/media?parent=247"}],"curies":[{"name":"wp","href":"https:\/\/api.w.org\/{rel}","templated":true}]}}