{"id":140,"date":"2021-12-22T18:15:00","date_gmt":"2021-12-22T17:15:00","guid":{"rendered":"https:\/\/web.umons.ac.be\/spin\/?page_id=140"},"modified":"2026-03-09T16:56:26","modified_gmt":"2026-03-09T15:56:26","slug":"theses","status":"publish","type":"page","link":"https:\/\/web.umons.ac.be\/spin\/theses\/","title":{"rendered":"Th\u00e8ses"},"content":{"rendered":"<h2>Th\u00e8ses d\u00e9fendues<\/h2>\n<h4>2026<\/h4>\n<h4 style=\"font-style: normal; font-variant-ligatures: normal; font-variant-caps: normal;\"><img loading=\"lazy\" decoding=\"async\" class=\"wp-image-847 alignright\" style=\"font-size: 20px;\" src=\"https:\/\/web.umons.ac.be\/app\/uploads\/sites\/129\/2026\/03\/covSD.png\" alt=\"\" width=\"181\" height=\"258\" srcset=\"https:\/\/web.umons.ac.be\/app\/uploads\/sites\/129\/2026\/03\/covSD.png 381w, https:\/\/web.umons.ac.be\/app\/uploads\/sites\/129\/2026\/03\/covSD-211x300.png 211w, https:\/\/web.umons.ac.be\/app\/uploads\/sites\/129\/2026\/03\/covSD-30x43.png 30w, https:\/\/web.umons.ac.be\/app\/uploads\/sites\/129\/2026\/03\/covSD-42x60.png 42w, https:\/\/web.umons.ac.be\/app\/uploads\/sites\/129\/2026\/03\/covSD-360x512.png 360w\" sizes=\"auto, (max-width: 181px) 100vw, 181px\" \/><\/h4>\n<h5><a href=\"https:\/\/web.umons.ac.be\/spin\/equipe\/sarah-descamps\/\">Sarah Descamps<\/a><\/h5>\n<p style=\"text-align: justify;\">La protection de l\u2019environnement, une comp\u00e9tence num\u00e9rique : conception, mise en \u0153uvre et \u00e9valuation d\u2019une \u00e9ducation \u00e0 la sobri\u00e9t\u00e9 num\u00e9rique. Th\u00e8se de doctorat, Facult\u00e9 de psychologie et des sciences de l&rsquo;\u00e9ducation. Soutenance priv\u00e9e le 5 mars 2026 et publique le 6 mars 2026.<\/p>\n<p style=\"text-align: justify;\"><strong>Composition du Jury<\/strong> : Ga\u00ebtan Temperman (Promoteur), Bruno De Li\u00e8vre (Co-promoteur), Dimitri Cauchie (Pr\u00e9sident), Joachim De Stercke (Secr\u00e9taire), Anne-Sophie Collard (Universit\u00e9 de Namur), Genevi\u00e8ve Therriault (Universit\u00e9 du Qu\u00e9bec \u00e0 Rimouski)<\/p>\n<p>\u2192\u00a0<a href=\"https:\/\/doi.org\/10.13140\/RG.2.2.21458.82880\">Consulter la th\u00e8se<\/a><\/p>\n<h4><\/h4>\n<h4>2025<\/h4>\n<h4 style=\"font-style: normal; font-variant-ligatures: normal; font-variant-caps: normal;\"><img loading=\"lazy\" decoding=\"async\" class=\"wp-image-782 alignright\" style=\"font-size: 20px;\" src=\"https:\/\/web.umons.ac.be\/app\/uploads\/sites\/129\/2025\/03\/Couverture-these-Laetitia.png\" alt=\"\" width=\"184\" height=\"256\" srcset=\"https:\/\/web.umons.ac.be\/app\/uploads\/sites\/129\/2025\/03\/Couverture-these-Laetitia.png 604w, https:\/\/web.umons.ac.be\/app\/uploads\/sites\/129\/2025\/03\/Couverture-these-Laetitia-215x300.png 215w, https:\/\/web.umons.ac.be\/app\/uploads\/sites\/129\/2025\/03\/Couverture-these-Laetitia-473x660.png 473w, https:\/\/web.umons.ac.be\/app\/uploads\/sites\/129\/2025\/03\/Couverture-these-Laetitia-30x42.png 30w, https:\/\/web.umons.ac.be\/app\/uploads\/sites\/129\/2025\/03\/Couverture-these-Laetitia-43x60.png 43w, https:\/\/web.umons.ac.be\/app\/uploads\/sites\/129\/2025\/03\/Couverture-these-Laetitia-360x502.png 360w\" sizes=\"auto, (max-width: 184px) 100vw, 184px\" \/><\/h4>\n<h5><a href=\"https:\/\/web.umons.ac.be\/spin\/equipe\/laetitia-dragone\/\">La\u00ebtitia Dragone<\/a><\/h5>\n<p style=\"text-align: justify;\">Renforcer le sentiment d\u2019auto-efficacit\u00e9 des enseignants pour l\u2019enseignement de la proportionnalit\u00e9. Par l\u2019analyse de leurs conceptions et de leurs pratiques d\u00e9clar\u00e9es, du niveau de maitrise des \u00e9l\u00e8ves et des effets de variables didactiques sur l\u2019apprentissage. Th\u00e8se de doctorat, Facult\u00e9 de psychologie et des sciences de l&rsquo;\u00e9ducation. Soutenance priv\u00e9e le 11 mars 2025 et publique le 12 mars 2025.<\/p>\n<p style=\"text-align: justify;\"><strong>Composition du Jury<\/strong> : Ga\u00ebtan Temperman (Promoteur), Bruno De Li\u00e8vre (Co-promoteur), Antoine Derobertmasure (Pr\u00e9sident), Ste\u0301phanie Bridoux (Secr\u00e9taire), Pascal Marquet (Universite\u0301 de Strasbourg), Annick Fagnant (Universite\u0301 de Lie\u0300ge), Sylvie Coppe\u0301 (Universite\u0301 de Gene\u0300ve)<\/p>\n<p>\u2192\u00a0<a href=\"https:\/\/hdl.handle.net\/20.500.12907\/52092\">Consulter la th\u00e8se<\/a><\/p>\n<h4><\/h4>\n<h4>2024<\/h4>\n<h5><a href=\"https:\/\/web.umons.ac.be\/spin\/equipe\/marine-lagasse\/\">Marine Lagasse<\/a><\/h5>\n<p style=\"text-align: justify;\">Explorations de m\u00e9thodes pour la connaissance et la caract\u00e9risation de l\u2019exp\u00e9rience personnelle des visiteurs non guid\u00e9s au mus\u00e9e. Vers le d\u00e9veloppement de nouveaux outils d\u2019analyse. Th\u00e8se de doctorat, Facult\u00e9 de psychologie et des sciences de l&rsquo;\u00e9ducation (en co-tutelle avec l&rsquo;Universit\u00e9 Polytechnique Hauts-de-France). Soutenance priv\u00e9e le 17 juin 2024 et publique le 18 juin mai 2024.<\/p>\n<p style=\"text-align: justify;\"><strong>Composition du Jury<\/strong> : Bruno De Li\u00e8vre (Co-promoteur UMONS), Daniel Schmitt (Co-promoteur UPHF), Thierry Dutoit (Co-encadrant), Willy Lahaye (Pr\u00e9sident), Anne Bationo-Tillon (HEP Vaud), Cohen-Azria (Universit\u00e9 de Lille), Chrystel Jeandot (Ecole du Louvre), Anik Meunier (Universit\u00e9 du Qu\u00e9bec).<\/p>\n<p>\u2192\u00a0<a href=\"https:\/\/theses.hal.science\/tel-04715824\">Consulter la th\u00e8se<\/a><\/p>\n<p>&nbsp;<\/p>\n<h5><a href=\"https:\/\/web.umons.ac.be\/spin\/equipe\/audrey-kumps\/\">Audrey Kumps<\/a><img loading=\"lazy\" decoding=\"async\" class=\"wp-image-712 alignright\" src=\"https:\/\/web.umons.ac.be\/app\/uploads\/sites\/129\/2024\/03\/These-Audrey.jpg\" alt=\"\" width=\"191\" height=\"280\" srcset=\"https:\/\/web.umons.ac.be\/app\/uploads\/sites\/129\/2024\/03\/These-Audrey.jpg 454w, https:\/\/web.umons.ac.be\/app\/uploads\/sites\/129\/2024\/03\/These-Audrey-205x300.jpg 205w, https:\/\/web.umons.ac.be\/app\/uploads\/sites\/129\/2024\/03\/These-Audrey-450x660.jpg 450w, https:\/\/web.umons.ac.be\/app\/uploads\/sites\/129\/2024\/03\/These-Audrey-30x44.jpg 30w, https:\/\/web.umons.ac.be\/app\/uploads\/sites\/129\/2024\/03\/These-Audrey-41x60.jpg 41w, https:\/\/web.umons.ac.be\/app\/uploads\/sites\/129\/2024\/03\/These-Audrey-360x528.jpg 360w\" sizes=\"auto, (max-width: 191px) 100vw, 191px\" \/><\/h5>\n<p style=\"text-align: justify;\"><em>Former les enseignants \u00e0 la didactique de la recherche d\u2019information en ligne \u00e0 partir des pratiques effectives des \u00e9l\u00e8ves,<\/em> Th\u00e8se de doctorat, Facult\u00e9 de psychologie et des sciences de l&rsquo;\u00e9ducation. Soutenance priv\u00e9e le 26 mars 2024 et publique le 27 mars 2024.<\/p>\n<p style=\"text-align: justify;\"><strong>Composition du Jury<\/strong> : Ga\u00ebtan Temperman (Promoteur), Bruno De Li\u00e8vre (Co-promoteur), Isabelle Simoes Loureiro (Pr\u00e9sidente), Willy Lahaye (Secr\u00e9taire), Alain Braun (Universit\u00e9 de Mons), Juliette Renaud (Universit\u00e9 d&rsquo;Orl\u00e9ans), Andr\u00e9 Tricot (Universit\u00e9 Paul Val\u00e9ry Montpellier)<\/p>\n<p>\u2192\u00a0<a href=\"http:\/\/dx.doi.org\/10.13140\/RG.2.2.18559.21924\">Consulter la th\u00e8se<\/a><\/p>\n<p>&nbsp;<\/p>\n<p>&nbsp;<\/p>\n<h4>2021<\/h4>\n<h5>Marie Dumont <img loading=\"lazy\" decoding=\"async\" class=\" wp-image-466 alignright\" src=\"https:\/\/web.umons.ac.be\/app\/uploads\/sites\/129\/2023\/03\/these-marie.png\" alt=\"\" width=\"188\" height=\"286\" srcset=\"https:\/\/web.umons.ac.be\/app\/uploads\/sites\/129\/2023\/03\/these-marie.png 385w, https:\/\/web.umons.ac.be\/app\/uploads\/sites\/129\/2023\/03\/these-marie-197x300.png 197w, https:\/\/web.umons.ac.be\/app\/uploads\/sites\/129\/2023\/03\/these-marie-30x46.png 30w, https:\/\/web.umons.ac.be\/app\/uploads\/sites\/129\/2023\/03\/these-marie-39x60.png 39w, https:\/\/web.umons.ac.be\/app\/uploads\/sites\/129\/2023\/03\/these-marie-360x549.png 360w\" sizes=\"auto, (max-width: 188px) 100vw, 188px\" \/><\/h5>\n<p style=\"text-align: justify;\"><em>Pour un enseignement efficient de l\u2019orthographe en formation initiale des enseignants : Analyse des effets de l\u2019int\u00e9gration de d\u00e9marches m\u00e9tacognitives sur l\u2019apprentissage et les perceptions des \u00e9tudiants<\/em>, Th\u00e8se de doctorat, Facult\u00e9 de psychologie et des sciences de l&rsquo;\u00e9ducation. Soutenance priv\u00e9e le 11 mai 2021 et publique le 12 mai 2021.<\/p>\n<p style=\"text-align: justify;\"><strong>Composition du Jury<\/strong> : Ga\u00ebtan Temperman (Promoteur), Bruno De Li\u00e8vre (Co-promoteur), Bernard Harmegnies (Pr\u00e9sident), Alain Braun (Secr\u00e9taire), S\u00e9verine De Croix (Universit\u00e9 du Qu\u00e9bec \u00e0 Montr\u00e9al) &amp; St\u00e9phane Colognesi (Universit\u00e9 Catholique de Louvain).<\/p>\n<p>\u2192 <a href=\"https:\/\/hal.science\/tel-03227928\">Consulter la th\u00e8se<\/a><\/p>\n<h4><\/h4>\n<h4>2020<\/h4>\n<h5><a href=\"https:\/\/web.umons.ac.be\/spin\/equipe\/karim-boumazguida\/\">Karim Boumazguida<\/a><\/h5>\n<p><img loading=\"lazy\" decoding=\"async\" class=\" wp-image-460 alignright\" style=\"font-style: normal; font-variant-ligatures: normal; font-variant-caps: normal; font-weight: 400; font-family: 'Helvetica Neue', Helvetica, Arial, sans-serif; font-size: 14px;\" src=\"https:\/\/web.umons.ac.be\/app\/uploads\/sites\/129\/2023\/03\/MicrosoftTeams-image-9-212x300.png\" alt=\"\" width=\"199\" height=\"281\" srcset=\"https:\/\/web.umons.ac.be\/app\/uploads\/sites\/129\/2023\/03\/MicrosoftTeams-image-9-212x300.png 212w, https:\/\/web.umons.ac.be\/app\/uploads\/sites\/129\/2023\/03\/MicrosoftTeams-image-9-725x1024.png 725w, https:\/\/web.umons.ac.be\/app\/uploads\/sites\/129\/2023\/03\/MicrosoftTeams-image-9-768x1085.png 768w, https:\/\/web.umons.ac.be\/app\/uploads\/sites\/129\/2023\/03\/MicrosoftTeams-image-9-1088x1536.png 1088w, https:\/\/web.umons.ac.be\/app\/uploads\/sites\/129\/2023\/03\/MicrosoftTeams-image-9-467x660.png 467w, https:\/\/web.umons.ac.be\/app\/uploads\/sites\/129\/2023\/03\/MicrosoftTeams-image-9-30x42.png 30w, https:\/\/web.umons.ac.be\/app\/uploads\/sites\/129\/2023\/03\/MicrosoftTeams-image-9-42x60.png 42w, https:\/\/web.umons.ac.be\/app\/uploads\/sites\/129\/2023\/03\/MicrosoftTeams-image-9-360x508.png 360w, https:\/\/web.umons.ac.be\/app\/uploads\/sites\/129\/2023\/03\/MicrosoftTeams-image-9.png 1354w\" sizes=\"auto, (max-width: 199px) 100vw, 199px\" \/><\/p>\n<p style=\"text-align: justify;\"><em>Effets sur l\u2019apprentissage d\u2019un dispositif d\u2019enseignement et de formation en ligne inte\u0301grant des ressources pe\u0301dagogiques diversifie\u0301es &#8211; Analyses des usages d&rsquo;apprenants enro\u0302le\u0301s ou spontane\u0301s dans le cadre d&rsquo;un MOOC hybride<\/em>, Th\u00e8se de doctorat, Facult\u00e9 de psychologie et des sciences de l&rsquo;\u00e9ducation. Soutenance priv\u00e9e le 1er juillet 2020 et publique le 2 juillet 2020.<\/p>\n<p><strong>Composition du Jury<\/strong> : Bruno De Li\u00e8vre (Promoteur), Antoine Derobertmasure (Co-promoteur), Agn\u00e8s Van Daele (Pr\u00e9sidente), Marielle Bruyninckx (Secr\u00e9taire), Mehdi Kaddouri (Universit\u00e9 Mohammed Premier, Oujda), Najoua Mohib (Universit\u00e9 de Strasbourg).<\/p>\n<p>&nbsp;<\/p>\n<p>&nbsp;<\/p>\n<h4><\/h4>\n<h4>2019<\/h4>\n<h5>Itazienne EUGENE<\/h5>\n<p style=\"text-align: justify;\"><em>Les diff\u00e9rents enjeux de l\u2019enseignement de l\u2019histoire en Ha\u00efti<\/em>, Th\u00e8se de doctorat, Facult\u00e9 de psychologie et des sciences de l&rsquo;\u00e9ducation. Soutenance priv\u00e9e le 15 octobre 2019 et publique le 17 octobre 2019.<\/p>\n<p style=\"text-align: justify;\"><strong>Composition du Jury<\/strong> : Bruno De Li\u00e8vre (Promoteur), Marielle Bruyninckx (Pr\u00e9sidente), Michel Berr\u00e9 (Secr\u00e9taire), Mehdi Kaddouri (Universit\u00e9 Mohammed Premier, Oujda), Roger Paul (Gembloux Agro-Bio Tech, Universit\u00e9 de Li\u00e8ge).<\/p>\n<h4><\/h4>\n<h4>2014<\/h4>\n<h5>Joachim DE STERCKE<\/h5>\n<p style=\"text-align: justify;\"><em>Pers\u00e9v\u00e9rance et abandon des enseignants d\u00e9butants. La rel\u00e8ve issue des Hautes Ecoles<\/em>, Th\u00e8se de doctorat, Facult\u00e9 de psychologie et des sciences de l&rsquo;\u00e9ducation. Soutenance priv\u00e9e le 26 mai 2014 et publique le 27 mai 2014.<\/p>\n<p style=\"text-align: justify;\"><strong>Composition du Jury<\/strong> : Pr. Bruno De Li\u00e8vre (Promoteur), Dr. Karine Dejean (Universite\u0301 de Namur), Pr. Marc Demeuse, Pr. Willy Lahaye, Pr. Jose\u0301phine Mukamurera (Universite\u0301 de Sherbrooke), Dr. De\u0301sire\u0301 Nkizamacumu (Haute Ecole Condorcet).<\/p>\n<p>\u2192 <a href=\"https:\/\/hdl.handle.net\/20.500.12907\/10208\">Consulter la th\u00e8se<\/a><\/p>\n<h4><\/h4>\n<h4>2013<\/h4>\n<h5><a href=\"https:\/\/web.umons.ac.be\/spin\/equipe\/gaetan-temperman\/\">Ga\u00ebtan TEMPERMAN<\/a> <img loading=\"lazy\" decoding=\"async\" class=\" wp-image-457 alignright\" src=\"https:\/\/web.umons.ac.be\/app\/uploads\/sites\/129\/2023\/03\/These-Temperman-1-213x300.png\" alt=\"\" width=\"217\" height=\"306\" srcset=\"https:\/\/web.umons.ac.be\/app\/uploads\/sites\/129\/2023\/03\/These-Temperman-1-213x300.png 213w, https:\/\/web.umons.ac.be\/app\/uploads\/sites\/129\/2023\/03\/These-Temperman-1-470x660.png 470w, https:\/\/web.umons.ac.be\/app\/uploads\/sites\/129\/2023\/03\/These-Temperman-1-30x42.png 30w, https:\/\/web.umons.ac.be\/app\/uploads\/sites\/129\/2023\/03\/These-Temperman-1-43x60.png 43w, https:\/\/web.umons.ac.be\/app\/uploads\/sites\/129\/2023\/03\/These-Temperman-1-360x506.png 360w, https:\/\/web.umons.ac.be\/app\/uploads\/sites\/129\/2023\/03\/These-Temperman-1.png 592w\" sizes=\"auto, (max-width: 217px) 100vw, 217px\" \/><\/h5>\n<p style=\"text-align: justify;\"><em>Visualisation du processus collaboratif et assignation de r\u00f4les de r\u00e9gulation dans un environnement d\u2019apprentissage \u00e0 distance<\/em>, Th\u00e8se de doctorat, Facult\u00e9 de psychologie et des sciences de l&rsquo;\u00e9ducation. Soutenance priv\u00e9e le 05\/10\/2013 et publique le 06\/10\/2013.<\/p>\n<p style=\"text-align: justify;\"><strong>Composition du Jury<\/strong> : Bruno De Li\u00e8vre (Promoteur), Christian Depover (Pr\u00e9sident), Marc Demeuse (Secr\u00e9taire), Bernard Harmegnies, Pascal Marquet (Universit\u00e9 de Strasbourg) &amp; Eric Bruillard.<\/p>\n<p>\u2192 <a href=\"https:\/\/shs.hal.science\/tel-01005304v1\">Consulter la th\u00e8se<\/a><\/p>\n<h2><\/h2>\n<h2><\/h2>\n<p>&nbsp;<\/p>\n<p>&nbsp;<\/p>\n<h2>Th\u00e8ses en cours<\/h2>\n<h5><a href=\"https:\/\/web.umons.ac.be\/spin\/equipe\/sabrin-housni\/\">Sabrin Housni<\/a><\/h5>\n<p>Les communaut\u00e9s virtuelles : une modalit\u00e9 de formation pour la transition num\u00e9rique des enseignants et des formateurs\u00a0?<\/p>\n<h5><a href=\"https:\/\/web.umons.ac.be\/spin\/equipe\/pauline-marchal\/\">Pauline Marchal<\/a><\/h5>\n<p>Th\u00e9matique (\u00e0 venir)<\/p>\n<h5><a href=\"https:\/\/web.umons.ac.be\/spin\/equipe\/anne-cecile-housiau\/\"><b>Anne-C\u00e9cile Housiau<\/b><\/a><\/h5>\n<p>Th\u00e9matique (\u00e0 venir)<\/p>\n<p>&nbsp;<\/p>\n<p>&nbsp;<\/p>\n<p>&nbsp;<\/p>\n","protected":false},"excerpt":{"rendered":"<p>Th\u00e8ses d\u00e9fendues 2026 Sarah Descamps La protection de l\u2019environnement, une comp\u00e9tence num\u00e9rique : conception, mise en \u0153uvre et \u00e9valuation d\u2019une \u00e9ducation \u00e0 la sobri\u00e9t\u00e9 num\u00e9rique. Th\u00e8se de doctorat, Facult\u00e9 de psychologie et des sciences de l&rsquo;\u00e9ducation. Soutenance priv\u00e9e le 5 mars 2026 et publique le 6 mars 2026. Composition du Jury : Ga\u00ebtan Temperman (Promoteur), [&hellip;]<\/p>\n","protected":false},"author":184,"featured_media":0,"parent":0,"menu_order":0,"comment_status":"closed","ping_status":"closed","template":"","meta":{"footnotes":""},"class_list":["post-140","page","type-page","status-publish","hentry"],"yoast_head":"<!-- This site is optimized with the Yoast SEO plugin v27.2 - https:\/\/yoast.com\/product\/yoast-seo-wordpress\/ -->\n<title>Th\u00e8ses - Service \/ FPSE - Ing\u00e9nierie p\u00e9dagogique et num\u00e9rique \u00e9ducatif<\/title>\n<meta name=\"robots\" content=\"index, follow, max-snippet:-1, max-image-preview:large, max-video-preview:-1\" \/>\n<link rel=\"canonical\" href=\"https:\/\/web.umons.ac.be\/spin\/theses\/\" \/>\n<meta property=\"og:locale\" content=\"fr_FR\" \/>\n<meta property=\"og:type\" content=\"article\" \/>\n<meta property=\"og:title\" content=\"Th\u00e8ses - Service \/ FPSE - Ing\u00e9nierie p\u00e9dagogique et num\u00e9rique \u00e9ducatif\" \/>\n<meta property=\"og:description\" content=\"Th\u00e8ses d\u00e9fendues 2026 Sarah Descamps La protection de l\u2019environnement, une comp\u00e9tence num\u00e9rique : conception, mise en \u0153uvre et \u00e9valuation d\u2019une \u00e9ducation \u00e0 la sobri\u00e9t\u00e9 num\u00e9rique. Th\u00e8se de doctorat, Facult\u00e9 de psychologie et des sciences de l&rsquo;\u00e9ducation. Soutenance priv\u00e9e le 5 mars 2026 et publique le 6 mars 2026. Composition du Jury : Ga\u00ebtan Temperman (Promoteur), [&hellip;]\" \/>\n<meta property=\"og:url\" content=\"https:\/\/web.umons.ac.be\/spin\/theses\/\" \/>\n<meta property=\"og:site_name\" content=\"Service \/ FPSE - Ing\u00e9nierie p\u00e9dagogique et num\u00e9rique \u00e9ducatif\" \/>\n<meta property=\"article:modified_time\" content=\"2026-03-09T15:56:26+00:00\" \/>\n<meta property=\"og:image\" content=\"https:\/\/web.umons.ac.be\/app\/uploads\/sites\/129\/2026\/03\/covSD.png\" \/>\n\t<meta property=\"og:image:width\" content=\"381\" \/>\n\t<meta property=\"og:image:height\" content=\"542\" \/>\n\t<meta property=\"og:image:type\" content=\"image\/png\" \/>\n<meta name=\"twitter:card\" content=\"summary_large_image\" \/>\n<meta name=\"twitter:label1\" content=\"Dur\u00e9e de lecture estim\u00e9e\" \/>\n\t<meta name=\"twitter:data1\" content=\"6 minutes\" \/>\n<script type=\"application\/ld+json\" class=\"yoast-schema-graph\">{\"@context\":\"https:\/\/schema.org\",\"@graph\":[{\"@type\":\"WebPage\",\"@id\":\"https:\/\/web.umons.ac.be\/spin\/theses\/\",\"url\":\"https:\/\/web.umons.ac.be\/spin\/theses\/\",\"name\":\"Th\u00e8ses - Service \/ FPSE - Ing\u00e9nierie p\u00e9dagogique et num\u00e9rique \u00e9ducatif\",\"isPartOf\":{\"@id\":\"https:\/\/web.umons.ac.be\/spin\/#website\"},\"primaryImageOfPage\":{\"@id\":\"https:\/\/web.umons.ac.be\/spin\/theses\/#primaryimage\"},\"image\":{\"@id\":\"https:\/\/web.umons.ac.be\/spin\/theses\/#primaryimage\"},\"thumbnailUrl\":\"https:\/\/web.umons.ac.be\/app\/uploads\/sites\/129\/2026\/03\/covSD.png\",\"datePublished\":\"2021-12-22T17:15:00+00:00\",\"dateModified\":\"2026-03-09T15:56:26+00:00\",\"breadcrumb\":{\"@id\":\"https:\/\/web.umons.ac.be\/spin\/theses\/#breadcrumb\"},\"inLanguage\":\"fr-FR\",\"potentialAction\":[{\"@type\":\"ReadAction\",\"target\":[\"https:\/\/web.umons.ac.be\/spin\/theses\/\"]}]},{\"@type\":\"ImageObject\",\"inLanguage\":\"fr-FR\",\"@id\":\"https:\/\/web.umons.ac.be\/spin\/theses\/#primaryimage\",\"url\":\"https:\/\/web.umons.ac.be\/app\/uploads\/sites\/129\/2026\/03\/covSD.png\",\"contentUrl\":\"https:\/\/web.umons.ac.be\/app\/uploads\/sites\/129\/2026\/03\/covSD.png\"},{\"@type\":\"BreadcrumbList\",\"@id\":\"https:\/\/web.umons.ac.be\/spin\/theses\/#breadcrumb\",\"itemListElement\":[{\"@type\":\"ListItem\",\"position\":1,\"name\":\"Home\",\"item\":\"https:\/\/web.umons.ac.be\/spin\/\"},{\"@type\":\"ListItem\",\"position\":2,\"name\":\"Th\u00e8ses\"}]},{\"@type\":\"WebSite\",\"@id\":\"https:\/\/web.umons.ac.be\/spin\/#website\",\"url\":\"https:\/\/web.umons.ac.be\/spin\/\",\"name\":\"Service \/ FPSE - Ing\u00e9nierie p\u00e9dagogique et num\u00e9rique \u00e9ducatif\",\"description\":\"\",\"potentialAction\":[{\"@type\":\"SearchAction\",\"target\":{\"@type\":\"EntryPoint\",\"urlTemplate\":\"https:\/\/web.umons.ac.be\/spin\/?s={search_term_string}\"},\"query-input\":{\"@type\":\"PropertyValueSpecification\",\"valueRequired\":true,\"valueName\":\"search_term_string\"}}],\"inLanguage\":\"fr-FR\"}]}<\/script>\n<!-- \/ Yoast SEO plugin. -->","yoast_head_json":{"title":"Th\u00e8ses - Service \/ FPSE - Ing\u00e9nierie p\u00e9dagogique et num\u00e9rique \u00e9ducatif","robots":{"index":"index","follow":"follow","max-snippet":"max-snippet:-1","max-image-preview":"max-image-preview:large","max-video-preview":"max-video-preview:-1"},"canonical":"https:\/\/web.umons.ac.be\/spin\/theses\/","og_locale":"fr_FR","og_type":"article","og_title":"Th\u00e8ses - Service \/ FPSE - Ing\u00e9nierie p\u00e9dagogique et num\u00e9rique \u00e9ducatif","og_description":"Th\u00e8ses d\u00e9fendues 2026 Sarah Descamps La protection de l\u2019environnement, une comp\u00e9tence num\u00e9rique : conception, mise en \u0153uvre et \u00e9valuation d\u2019une \u00e9ducation \u00e0 la sobri\u00e9t\u00e9 num\u00e9rique. Th\u00e8se de doctorat, Facult\u00e9 de psychologie et des sciences de l&rsquo;\u00e9ducation. Soutenance priv\u00e9e le 5 mars 2026 et publique le 6 mars 2026. Composition du Jury : Ga\u00ebtan Temperman (Promoteur), [&hellip;]","og_url":"https:\/\/web.umons.ac.be\/spin\/theses\/","og_site_name":"Service \/ FPSE - Ing\u00e9nierie p\u00e9dagogique et num\u00e9rique \u00e9ducatif","article_modified_time":"2026-03-09T15:56:26+00:00","og_image":[{"width":381,"height":542,"url":"https:\/\/web.umons.ac.be\/app\/uploads\/sites\/129\/2026\/03\/covSD.png","type":"image\/png"}],"twitter_card":"summary_large_image","twitter_misc":{"Dur\u00e9e de lecture estim\u00e9e":"6 minutes"},"schema":{"@context":"https:\/\/schema.org","@graph":[{"@type":"WebPage","@id":"https:\/\/web.umons.ac.be\/spin\/theses\/","url":"https:\/\/web.umons.ac.be\/spin\/theses\/","name":"Th\u00e8ses - Service \/ FPSE - Ing\u00e9nierie p\u00e9dagogique et num\u00e9rique \u00e9ducatif","isPartOf":{"@id":"https:\/\/web.umons.ac.be\/spin\/#website"},"primaryImageOfPage":{"@id":"https:\/\/web.umons.ac.be\/spin\/theses\/#primaryimage"},"image":{"@id":"https:\/\/web.umons.ac.be\/spin\/theses\/#primaryimage"},"thumbnailUrl":"https:\/\/web.umons.ac.be\/app\/uploads\/sites\/129\/2026\/03\/covSD.png","datePublished":"2021-12-22T17:15:00+00:00","dateModified":"2026-03-09T15:56:26+00:00","breadcrumb":{"@id":"https:\/\/web.umons.ac.be\/spin\/theses\/#breadcrumb"},"inLanguage":"fr-FR","potentialAction":[{"@type":"ReadAction","target":["https:\/\/web.umons.ac.be\/spin\/theses\/"]}]},{"@type":"ImageObject","inLanguage":"fr-FR","@id":"https:\/\/web.umons.ac.be\/spin\/theses\/#primaryimage","url":"https:\/\/web.umons.ac.be\/app\/uploads\/sites\/129\/2026\/03\/covSD.png","contentUrl":"https:\/\/web.umons.ac.be\/app\/uploads\/sites\/129\/2026\/03\/covSD.png"},{"@type":"BreadcrumbList","@id":"https:\/\/web.umons.ac.be\/spin\/theses\/#breadcrumb","itemListElement":[{"@type":"ListItem","position":1,"name":"Home","item":"https:\/\/web.umons.ac.be\/spin\/"},{"@type":"ListItem","position":2,"name":"Th\u00e8ses"}]},{"@type":"WebSite","@id":"https:\/\/web.umons.ac.be\/spin\/#website","url":"https:\/\/web.umons.ac.be\/spin\/","name":"Service \/ FPSE - Ing\u00e9nierie p\u00e9dagogique et num\u00e9rique \u00e9ducatif","description":"","potentialAction":[{"@type":"SearchAction","target":{"@type":"EntryPoint","urlTemplate":"https:\/\/web.umons.ac.be\/spin\/?s={search_term_string}"},"query-input":{"@type":"PropertyValueSpecification","valueRequired":true,"valueName":"search_term_string"}}],"inLanguage":"fr-FR"}]}},"lang":"fr","translations":{"fr":140},"pll_sync_post":[],"_links":{"self":[{"href":"https:\/\/web.umons.ac.be\/spin\/wp-json\/wp\/v2\/pages\/140","targetHints":{"allow":["GET"]}}],"collection":[{"href":"https:\/\/web.umons.ac.be\/spin\/wp-json\/wp\/v2\/pages"}],"about":[{"href":"https:\/\/web.umons.ac.be\/spin\/wp-json\/wp\/v2\/types\/page"}],"author":[{"embeddable":true,"href":"https:\/\/web.umons.ac.be\/spin\/wp-json\/wp\/v2\/users\/184"}],"replies":[{"embeddable":true,"href":"https:\/\/web.umons.ac.be\/spin\/wp-json\/wp\/v2\/comments?post=140"}],"version-history":[{"count":4,"href":"https:\/\/web.umons.ac.be\/spin\/wp-json\/wp\/v2\/pages\/140\/revisions"}],"predecessor-version":[{"id":850,"href":"https:\/\/web.umons.ac.be\/spin\/wp-json\/wp\/v2\/pages\/140\/revisions\/850"}],"wp:attachment":[{"href":"https:\/\/web.umons.ac.be\/spin\/wp-json\/wp\/v2\/media?parent=140"}],"curies":[{"name":"wp","href":"https:\/\/api.w.org\/{rel}","templated":true}]}}