{"id":152,"date":"2021-12-22T19:24:10","date_gmt":"2021-12-22T18:24:10","guid":{"rendered":"https:\/\/web.umons.ac.be\/spin\/?page_id=152"},"modified":"2023-02-15T13:49:18","modified_gmt":"2023-02-15T12:49:18","slug":"exterieur","status":"publish","type":"page","link":"https:\/\/web.umons.ac.be\/spin\/stages\/exterieur\/","title":{"rendered":"Stages organis\u00e9s dans des organismes d&rsquo;accueil ext\u00e9rieurs"},"content":{"rendered":"<h5>Stage r\u00e9alis\u00e9 \u00e0 l&rsquo;eduLAB par Victoria Di Massa<\/h5>\n<start-cask-shortcode-wrapper><iframe ><\/iframe><end-cask-shortcode-wrapper>\n<h5>Stage r\u00e9alis\u00e9 \u00e0 l&rsquo;Ecole du Feu par Camille N\u00e8ve<\/h5>\n<start-cask-shortcode-wrapper><iframe ><\/iframe><end-cask-shortcode-wrapper>\n<h5>Padlet r\u00e9alis\u00e9 par Lucie Hellebuyck autour des le\u00e7ons \u00e0 manipuler dans le cadre de son stage<\/h5>\n<start-cask-shortcode-wrapper><iframe ><\/iframe><end-cask-shortcode-wrapper>\n<h5>Stage r\u00e9alis\u00e9 dans une \u00e9cole artistique par M\u00e9lanie Verdier<\/h5>\n<start-cask-shortcode-wrapper><iframe ><\/iframe><end-cask-shortcode-wrapper>\n<h5>Stage r\u00e9alis\u00e9 \u00e0 Kaleidi par Aicha Benali<\/h5>\n<start-cask-shortcode-wrapper><iframe ><\/iframe><end-cask-shortcode-wrapper>\n<h5>Stage r\u00e9alis\u00e9 \u00e0 la HELHA par Luca Mangione<\/h5>\n<start-cask-shortcode-wrapper><iframe ><\/iframe><end-cask-shortcode-wrapper>\n","protected":false},"excerpt":{"rendered":"<p>Stage r\u00e9alis\u00e9 \u00e0 l&rsquo;eduLAB par Victoria Di Massa Stage r\u00e9alis\u00e9 \u00e0 l&rsquo;Ecole du Feu par Camille N\u00e8ve Padlet r\u00e9alis\u00e9 par Lucie Hellebuyck autour des le\u00e7ons \u00e0 manipuler dans le cadre de son stage Stage r\u00e9alis\u00e9 dans une \u00e9cole artistique par M\u00e9lanie Verdier Stage r\u00e9alis\u00e9 \u00e0 Kaleidi par Aicha Benali Stage r\u00e9alis\u00e9 \u00e0 la HELHA par [&hellip;]<\/p>\n","protected":false},"author":184,"featured_media":0,"parent":149,"menu_order":0,"comment_status":"closed","ping_status":"closed","template":"","meta":{"footnotes":""},"class_list":["post-152","page","type-page","status-publish","hentry"],"yoast_head":"<!-- This site is optimized with the Yoast SEO plugin v27.2 - https:\/\/yoast.com\/product\/yoast-seo-wordpress\/ -->\n<title>Stages organis\u00e9s dans des organismes d&#039;accueil ext\u00e9rieurs - Service \/ FPSE - Ing\u00e9nierie p\u00e9dagogique et num\u00e9rique \u00e9ducatif<\/title>\n<meta name=\"robots\" content=\"index, follow, max-snippet:-1, max-image-preview:large, max-video-preview:-1\" \/>\n<link rel=\"canonical\" href=\"https:\/\/web.umons.ac.be\/spin\/stages\/exterieur\/\" \/>\n<meta property=\"og:locale\" content=\"fr_FR\" \/>\n<meta property=\"og:type\" content=\"article\" \/>\n<meta property=\"og:title\" content=\"Stages organis\u00e9s dans des organismes d&#039;accueil ext\u00e9rieurs - Service \/ FPSE - Ing\u00e9nierie p\u00e9dagogique et num\u00e9rique \u00e9ducatif\" \/>\n<meta property=\"og:description\" content=\"Stage r\u00e9alis\u00e9 \u00e0 l&rsquo;eduLAB par Victoria Di Massa Stage r\u00e9alis\u00e9 \u00e0 l&rsquo;Ecole du Feu par Camille N\u00e8ve Padlet r\u00e9alis\u00e9 par Lucie Hellebuyck autour des le\u00e7ons \u00e0 manipuler dans le cadre de son stage Stage r\u00e9alis\u00e9 dans une \u00e9cole artistique par M\u00e9lanie Verdier Stage r\u00e9alis\u00e9 \u00e0 Kaleidi par Aicha Benali Stage r\u00e9alis\u00e9 \u00e0 la HELHA par [&hellip;]\" \/>\n<meta property=\"og:url\" content=\"https:\/\/web.umons.ac.be\/spin\/stages\/exterieur\/\" \/>\n<meta property=\"og:site_name\" content=\"Service \/ FPSE - Ing\u00e9nierie p\u00e9dagogique et num\u00e9rique \u00e9ducatif\" \/>\n<meta property=\"article:modified_time\" content=\"2023-02-15T12:49:18+00:00\" \/>\n<meta name=\"twitter:card\" content=\"summary_large_image\" \/>\n<meta name=\"twitter:label1\" content=\"Dur\u00e9e de lecture estim\u00e9e\" \/>\n\t<meta name=\"twitter:data1\" content=\"1 minute\" \/>\n<script type=\"application\/ld+json\" class=\"yoast-schema-graph\">{\"@context\":\"https:\/\/schema.org\",\"@graph\":[{\"@type\":\"WebPage\",\"@id\":\"https:\/\/web.umons.ac.be\/spin\/stages\/exterieur\/\",\"url\":\"https:\/\/web.umons.ac.be\/spin\/stages\/exterieur\/\",\"name\":\"Stages organis\u00e9s dans des organismes d'accueil ext\u00e9rieurs - Service \/ FPSE - Ing\u00e9nierie p\u00e9dagogique et num\u00e9rique \u00e9ducatif\",\"isPartOf\":{\"@id\":\"https:\/\/web.umons.ac.be\/spin\/#website\"},\"datePublished\":\"2021-12-22T18:24:10+00:00\",\"dateModified\":\"2023-02-15T12:49:18+00:00\",\"breadcrumb\":{\"@id\":\"https:\/\/web.umons.ac.be\/spin\/stages\/exterieur\/#breadcrumb\"},\"inLanguage\":\"fr-FR\",\"potentialAction\":[{\"@type\":\"ReadAction\",\"target\":[\"https:\/\/web.umons.ac.be\/spin\/stages\/exterieur\/\"]}]},{\"@type\":\"BreadcrumbList\",\"@id\":\"https:\/\/web.umons.ac.be\/spin\/stages\/exterieur\/#breadcrumb\",\"itemListElement\":[{\"@type\":\"ListItem\",\"position\":1,\"name\":\"Home\",\"item\":\"https:\/\/web.umons.ac.be\/spin\/\"},{\"@type\":\"ListItem\",\"position\":2,\"name\":\"Stages\",\"item\":\"https:\/\/web.umons.ac.be\/spin\/stages\/\"},{\"@type\":\"ListItem\",\"position\":3,\"name\":\"Stages organis\u00e9s dans des organismes d&rsquo;accueil ext\u00e9rieurs\"}]},{\"@type\":\"WebSite\",\"@id\":\"https:\/\/web.umons.ac.be\/spin\/#website\",\"url\":\"https:\/\/web.umons.ac.be\/spin\/\",\"name\":\"Service \/ FPSE - Ing\u00e9nierie p\u00e9dagogique et num\u00e9rique \u00e9ducatif\",\"description\":\"\",\"potentialAction\":[{\"@type\":\"SearchAction\",\"target\":{\"@type\":\"EntryPoint\",\"urlTemplate\":\"https:\/\/web.umons.ac.be\/spin\/?s={search_term_string}\"},\"query-input\":{\"@type\":\"PropertyValueSpecification\",\"valueRequired\":true,\"valueName\":\"search_term_string\"}}],\"inLanguage\":\"fr-FR\"}]}<\/script>\n<!-- \/ Yoast SEO plugin. -->","yoast_head_json":{"title":"Stages organis\u00e9s dans des organismes d'accueil ext\u00e9rieurs - Service \/ FPSE - Ing\u00e9nierie p\u00e9dagogique et num\u00e9rique \u00e9ducatif","robots":{"index":"index","follow":"follow","max-snippet":"max-snippet:-1","max-image-preview":"max-image-preview:large","max-video-preview":"max-video-preview:-1"},"canonical":"https:\/\/web.umons.ac.be\/spin\/stages\/exterieur\/","og_locale":"fr_FR","og_type":"article","og_title":"Stages organis\u00e9s dans des organismes d'accueil ext\u00e9rieurs - Service \/ FPSE - Ing\u00e9nierie p\u00e9dagogique et num\u00e9rique \u00e9ducatif","og_description":"Stage r\u00e9alis\u00e9 \u00e0 l&rsquo;eduLAB par Victoria Di Massa Stage r\u00e9alis\u00e9 \u00e0 l&rsquo;Ecole du Feu par Camille N\u00e8ve Padlet r\u00e9alis\u00e9 par Lucie Hellebuyck autour des le\u00e7ons \u00e0 manipuler dans le cadre de son stage Stage r\u00e9alis\u00e9 dans une \u00e9cole artistique par M\u00e9lanie Verdier Stage r\u00e9alis\u00e9 \u00e0 Kaleidi par Aicha Benali Stage r\u00e9alis\u00e9 \u00e0 la HELHA par [&hellip;]","og_url":"https:\/\/web.umons.ac.be\/spin\/stages\/exterieur\/","og_site_name":"Service \/ FPSE - Ing\u00e9nierie p\u00e9dagogique et num\u00e9rique \u00e9ducatif","article_modified_time":"2023-02-15T12:49:18+00:00","twitter_card":"summary_large_image","twitter_misc":{"Dur\u00e9e de lecture estim\u00e9e":"1 minute"},"schema":{"@context":"https:\/\/schema.org","@graph":[{"@type":"WebPage","@id":"https:\/\/web.umons.ac.be\/spin\/stages\/exterieur\/","url":"https:\/\/web.umons.ac.be\/spin\/stages\/exterieur\/","name":"Stages organis\u00e9s dans des organismes d'accueil ext\u00e9rieurs - Service \/ FPSE - Ing\u00e9nierie p\u00e9dagogique et num\u00e9rique \u00e9ducatif","isPartOf":{"@id":"https:\/\/web.umons.ac.be\/spin\/#website"},"datePublished":"2021-12-22T18:24:10+00:00","dateModified":"2023-02-15T12:49:18+00:00","breadcrumb":{"@id":"https:\/\/web.umons.ac.be\/spin\/stages\/exterieur\/#breadcrumb"},"inLanguage":"fr-FR","potentialAction":[{"@type":"ReadAction","target":["https:\/\/web.umons.ac.be\/spin\/stages\/exterieur\/"]}]},{"@type":"BreadcrumbList","@id":"https:\/\/web.umons.ac.be\/spin\/stages\/exterieur\/#breadcrumb","itemListElement":[{"@type":"ListItem","position":1,"name":"Home","item":"https:\/\/web.umons.ac.be\/spin\/"},{"@type":"ListItem","position":2,"name":"Stages","item":"https:\/\/web.umons.ac.be\/spin\/stages\/"},{"@type":"ListItem","position":3,"name":"Stages organis\u00e9s dans des organismes d&rsquo;accueil ext\u00e9rieurs"}]},{"@type":"WebSite","@id":"https:\/\/web.umons.ac.be\/spin\/#website","url":"https:\/\/web.umons.ac.be\/spin\/","name":"Service \/ FPSE - Ing\u00e9nierie p\u00e9dagogique et num\u00e9rique \u00e9ducatif","description":"","potentialAction":[{"@type":"SearchAction","target":{"@type":"EntryPoint","urlTemplate":"https:\/\/web.umons.ac.be\/spin\/?s={search_term_string}"},"query-input":{"@type":"PropertyValueSpecification","valueRequired":true,"valueName":"search_term_string"}}],"inLanguage":"fr-FR"}]}},"lang":"fr","translations":{"fr":152},"pll_sync_post":[],"_links":{"self":[{"href":"https:\/\/web.umons.ac.be\/spin\/wp-json\/wp\/v2\/pages\/152","targetHints":{"allow":["GET"]}}],"collection":[{"href":"https:\/\/web.umons.ac.be\/spin\/wp-json\/wp\/v2\/pages"}],"about":[{"href":"https:\/\/web.umons.ac.be\/spin\/wp-json\/wp\/v2\/types\/page"}],"author":[{"embeddable":true,"href":"https:\/\/web.umons.ac.be\/spin\/wp-json\/wp\/v2\/users\/184"}],"replies":[{"embeddable":true,"href":"https:\/\/web.umons.ac.be\/spin\/wp-json\/wp\/v2\/comments?post=152"}],"version-history":[{"count":3,"href":"https:\/\/web.umons.ac.be\/spin\/wp-json\/wp\/v2\/pages\/152\/revisions"}],"predecessor-version":[{"id":233,"href":"https:\/\/web.umons.ac.be\/spin\/wp-json\/wp\/v2\/pages\/152\/revisions\/233"}],"up":[{"embeddable":true,"href":"https:\/\/web.umons.ac.be\/spin\/wp-json\/wp\/v2\/pages\/149"}],"wp:attachment":[{"href":"https:\/\/web.umons.ac.be\/spin\/wp-json\/wp\/v2\/media?parent=152"}],"curies":[{"name":"wp","href":"https:\/\/api.w.org\/{rel}","templated":true}]}}